{"id":35811,"date":"2025-02-25T15:42:09","date_gmt":"2025-02-25T15:42:09","guid":{"rendered":"https:\/\/bazaar.express\/product\/vlasove-serum\/"},"modified":"2025-02-25T15:42:09","modified_gmt":"2025-02-25T15:42:09","slug":"vlasove-serum","status":"publish","type":"product","link":"https:\/\/bazaar.express\/cs\/produkt\/vlasove-serum\/","title":{"rendered":"Vlasov\u00e9 s\u00e9rum"},"content":{"rendered":"<h2 data-start=\"327\" data-end=\"421\">Vlasov\u00e9 s\u00e9rum pro hladk\u00e9, leskl\u00e9 a odoln\u00e9 vlasy \u2013 Dokonal\u00e1 v\u00fd\u017eiva s jojobou a vitam\u00edny<\/h2>\n<h3 data-start=\"428\" data-end=\"474\">Objevte tajemstv\u00ed hedv\u00e1bn\u00fdch, zdrav\u00fdch vlas\u016f<\/h3>\n<p data-start=\"476\" data-end=\"768\">Pokud jsou va\u0161e vlasy such\u00e9, nudn\u00e9 nebo po\u0161kozen\u00e9 tepeln\u00fdm stylingem, farben\u00edm \u010di vlivem prost\u0159ed\u00ed, je \u010das p\u0159ej\u00edt na chyt\u0159ej\u0161\u00ed \u0159e\u0161en\u00ed. Na\u0161e <strong data-start=\"620\" data-end=\"641\">vlasov\u00e9 s\u00e9rum s jojobou<\/strong> je navr\u017eeno tak, aby hluboce hydratovalo, opravovalo a chr\u00e1nilo va\u0161e vlasy pomoc\u00ed p\u0159\u00edrodn\u00ed, lehk\u00e9 sm\u011bsi, kter\u00e1 v\u00e1s nezat\u00ed\u017e\u00ed.<\/p>\n<p data-start=\"770\" data-end=\"973\">Obohacen\u00e9 o <strong data-start=\"783\" data-end=\"797\">jojobov\u00fd olej<\/strong>, <strong data-start=\"799\" data-end=\"812\">vitam\u00edn A<\/strong>, <strong data-start=\"814\" data-end=\"827\">vitam\u00edn E<\/strong> a <strong data-start=\"833\" data-end=\"856\">omega-6 mastn\u00e9 kyseliny<\/strong>, toto siln\u00e9 s\u00e9rum pronik\u00e1 do ka\u017ed\u00e9ho vl\u00e1kna, aby obnovilo s\u00edlu, m\u011bkkost a lesk \u2013 bez mastn\u00e9ho fini\u0161e, bez zbytku.<\/p>\n<h3 data-start=\"980\" data-end=\"1010\">Pro\u010d si vybrat na\u0161e vlasov\u00e9 s\u00e9rum?<\/h3>\n<p data-start=\"1012\" data-end=\"1109\">\u2714 <strong data-start=\"1014\" data-end=\"1040\">Dlouhotval\u00e1 hydratace<\/strong><br data-start=\"1040\" data-end=\"1043\" \/>Uzamkne vlhkost a zm\u011bk\u010d\u00ed hrub\u00e9, l\u00e1mav\u00e9 vlasy bez nahromad\u011bn\u00ed.<\/p>\n<p data-start=\"1111\" data-end=\"1222\">\u2714 <strong data-start=\"1113\" data-end=\"1141\">Kontrola kade\u0159avosti a l\u00e1mavosti<\/strong><br data-start=\"1141\" data-end=\"1144\" \/>Vyhlad\u00ed vlasov\u00fd stvol a minimalizuje roz\u0161t\u011bpen\u00e9 kone\u010dky a kade\u0159avost pro upraven\u00fd vzhled.<\/p>\n<p data-start=\"1224\" data-end=\"1344\">\u2714 <strong data-start=\"1226\" data-end=\"1258\">Pos\u00edlen\u00ed od ko\u0159\u00ednk\u016f po kone\u010dky<\/strong><br data-start=\"1258\" data-end=\"1261\" \/>Vitam\u00ednov\u00e1 formule zvy\u0161uje odolnost, sni\u017euje vypad\u00e1v\u00e1n\u00ed a opravuje slab\u00e9 vl\u00e1kna.<\/p>\n<p data-start=\"1346\" data-end=\"1455\">\u2714 <strong data-start=\"1348\" data-end=\"1376\">P\u0159irozen\u00e9 zv\u00fd\u0161en\u00ed lesku<\/strong><br data-start=\"1376\" data-end=\"1379\" \/>Nech\u00e1 va\u0161e vlasy leskl\u00e9, \u017eiv\u00e9 a p\u0159\u00edjemn\u011b m\u011bkk\u00e9 p\u0159i ka\u017ed\u00e9 aplikaci.<\/p>\n<p data-start=\"1457\" data-end=\"1564\">\u2714 <strong data-start=\"1459\" data-end=\"1481\">Tepeln\u00e1 ochrana<\/strong><br data-start=\"1481\" data-end=\"1484\" \/>Chr\u00e1n\u00ed vlasy p\u0159ed tepeln\u00fdm po\u0161kozen\u00edm zp\u016fsoben\u00fdm f\u00e9nem, \u017eehli\u010dkami a UV z\u00e1\u0159en\u00edm.<\/p>\n<p data-start=\"1566\" data-end=\"1670\">\u2714 <strong data-start=\"1568\" data-end=\"1604\">Extr\u00e9mn\u011b lehk\u00e1 a nemastn\u00e1 textura<\/strong><br data-start=\"1604\" data-end=\"1607\" \/>Rychle se vst\u0159eb\u00e1v\u00e1 do vlas\u016f a poko\u017eky hlavy, ide\u00e1ln\u00ed pro denn\u00ed pou\u017eit\u00ed.<\/p>\n<p data-start=\"1672\" data-end=\"1781\">\u2714 <strong data-start=\"1674\" data-end=\"1701\">Bezpe\u010dn\u00e9 pro v\u0161echny typy vlas\u016f<\/strong><br data-start=\"1701\" data-end=\"1704\" \/>Ide\u00e1ln\u00ed pro kudrnat\u00e9, vlnit\u00e9, rovn\u00e9, such\u00e9, mastn\u00e9, farben\u00e9 nebo chemicky o\u0161et\u0159en\u00e9 vlasy.<\/p>\n<h3 data-start=\"1788\" data-end=\"1825\">Hlavn\u00ed slo\u017eky a jejich p\u0159\u00ednosy<\/h3>\n<p data-start=\"1827\" data-end=\"1948\"><strong data-start=\"1827\" data-end=\"1841\">Jojobov\u00fd olej<\/strong><br data-start=\"1841\" data-end=\"1844\" \/>Vyrovn\u00e1v\u00e1 produkci oleje na poko\u017ece hlavy, posiluje folikuly a uzamyk\u00e1 hydrataci pro hlad\u0161\u00ed, lesklej\u0161\u00ed vlasy.<\/p>\n<p data-start=\"1950\" data-end=\"2036\"><strong data-start=\"1950\" data-end=\"1963\">Vitam\u00edn A<\/strong><br data-start=\"1963\" data-end=\"1966\" \/>Podporuje zdravou obnovu bun\u011bk a pom\u00e1h\u00e1 vlas\u016fm r\u016fst d\u00e9le a siln\u011bji.<\/p>\n<p data-start=\"2038\" data-end=\"2145\"><strong data-start=\"2038\" data-end=\"2051\">Vitam\u00edn E<\/strong><br data-start=\"2051\" data-end=\"2054\" \/>Bojuje proti oxida\u010dn\u00edmu stresu, chr\u00e1n\u00ed p\u0159ed environment\u00e1ln\u00edm po\u0161kozen\u00edm a zvy\u0161uje m\u011bkkost a lesk.<\/p>\n<p data-start=\"2147\" data-end=\"2266\"><strong data-start=\"2147\" data-end=\"2170\">Omega-6 mastn\u00e9 kyseliny<\/strong><br data-start=\"2170\" data-end=\"2173\" \/>Posiluje strukturu vlas\u016f, zlep\u0161uje ovladatelnost a pom\u00e1h\u00e1 uzamknout vlhkost pro elegantn\u00ed fini\u0161.<\/p>\n<h3 data-start=\"2273\" data-end=\"2304\">Jak pou\u017e\u00edt pro nejlep\u0161\u00ed v\u00fdsledky<\/h3>\n<p data-start=\"2306\" data-end=\"2435\"><strong data-start=\"2306\" data-end=\"2338\">Pro denn\u00ed lesk a hladkost<\/strong><br data-start=\"2338\" data-end=\"2341\" \/>Aplikujte 2\u20133 kapky na \u010dist\u00e9, such\u00e9 vlasy, soust\u0159e\u010fte se na st\u0159edn\u00ed d\u00e9lky a kone\u010dky. Jemn\u011b pro\u010de\u0161te.<\/p>\n<p data-start=\"2437\" data-end=\"2550\"><strong data-start=\"2437\" data-end=\"2461\">Jako ochrana p\u0159ed teplem<\/strong><br data-start=\"2461\" data-end=\"2464\" \/>Aplikujte na vlhk\u00e9 vlasy p\u0159ed stylingem, aby se br\u00e1nily proti hork\u00fdm n\u00e1stroj\u016fm a zabr\u00e1nilo tepeln\u00e9mu po\u0161kozen\u00ed.<\/p>\n<p data-start=\"2552\" data-end=\"2679\"><strong data-start=\"2552\" data-end=\"2576\">Jako l\u00e9\u010dba poko\u017eky hlavy<\/strong><br data-start=\"2576\" data-end=\"2579\" \/>Mas\u00edrujte n\u011bkolik kapek do poko\u017eky hlavy jednou nebo dvakr\u00e1t t\u00fddn\u011b, aby se vy\u017eivily ko\u0159\u00ednky a podpo\u0159il zdrav\u00fd r\u016fst.<\/p>\n<h3 data-start=\"2686\" data-end=\"2721\">Pr\u00e9miov\u00e1 formule \u2013 Vyrobena v Egypt\u011b<\/h3>\n<p data-start=\"2723\" data-end=\"2928\">Vyrobeno z vysoce kvalitn\u00edch studen\u011b lisovan\u00fdch olej\u016f, na\u0161e s\u00e9rum neobsahuje parabeny, sulf\u00e1ty ani um\u011bl\u00e9 vonn\u00e9 l\u00e1tky.<\/p>\n<p data-start=\"2723\" data-end=\"2928\"><strong data-start=\"2839\" data-end=\"2881\">Ka\u017ed\u00e1 lahvi\u010dka 120 ml je vyrobena v Egypt\u011b<\/strong>, co\u017e zaji\u0161\u0165uje kvalitu a sv\u011b\u017eest v ka\u017ed\u00e9 kapce.<\/p>\n<p data-start=\"3137\" data-end=\"3287\">Nechte sv\u00e9 vlasy z\u00e1\u0159it zdrav\u00edm, m\u011bkkost\u00ed a silou.<br data-start=\"3193\" data-end=\"3196\" \/><strong data-start=\"3196\" data-end=\"3287\">Objednejte si dnes lahvi\u010dku vlasov\u00e9ho s\u00e9ra s jojobou a transformujte sv\u016fj denn\u00ed ritu\u00e1l p\u00e9\u010de o vlasy.<\/strong><\/p>\n<p style=\"text-align: center;\">D\u011bkujeme za n\u00e1kup v <em data-start=\"415\" data-end=\"431\"><a href=\"https:\/\/bazaar.express\/\">Bazaar Express<\/a><\/em> \u2013 jsme nad\u0161en\u00ed, \u017ee jste u n\u00e1s!<\/p>\n<p style=\"text-align: center;\">Va\u0161e cesta k lep\u0161\u00ed p\u00e9\u010di o sebe za\u010d\u00edn\u00e1 zde \u2013 s <a href=\"https:\/\/bazaar.express\/product-category\/beauty-care\/\">Beauty &#038; Care<\/a>, kter\u00e9 si m\u016f\u017eete v\u011b\u0159it.<\/p>\n","protected":false},"excerpt":{"rendered":"<h3 data-start=\"493\" data-end=\"680\">Obnovte m\u011bkkost, lesk a s\u00edlu s na\u0161\u00edm lehk\u00fdm <strong data-start=\"552\" data-end=\"573\">vlasov\u00fdm s\u00e9rem s jojobou<\/strong>, vyroben\u00fdm z vitam\u00edny bohat\u00fdch p\u0159\u00edrodn\u00edch olej\u016f pro hlubokou hydrataci a ochranu v\u0161ech typ\u016f vlas\u016f p\u0159ed po\u0161kozen\u00edm a suchost\u00ed.<\/h3>\n","protected":false},"featured_media":35813,"comment_status":"open","ping_status":"closed","template":"","meta":[],"product_brand":[],"product_cat":[787,786],"product_tag":[781,790,783,793],"class_list":{"0":"post-35811","1":"product","2":"type-product","3":"status-publish","4":"has-post-thumbnail","6":"product_cat-terapeuticke-oleje","7":"product_cat-pece-o-krasu","8":"product_tag-olej","9":"product_tag-pece-o-krasu","10":"product_tag-pece-o-plet","11":"product_tag-prirodni-olej","12":"pa_l-xl-120ml","14":"first","15":"instock","16":"sale","17":"shipping-taxable","18":"purchasable","19":"product-type-simple"},"_links":{"self":[{"href":"https:\/\/bazaar.express\/cs\/wp-json\/wp\/v2\/product\/35811","targetHints":{"allow":["GET"]}}],"collection":[{"href":"https:\/\/bazaar.express\/cs\/wp-json\/wp\/v2\/product"}],"about":[{"href":"https:\/\/bazaar.express\/cs\/wp-json\/wp\/v2\/types\/product"}],"replies":[{"embeddable":true,"href":"https:\/\/bazaar.express\/cs\/wp-json\/wp\/v2\/comments?post=35811"}],"wp:featuredmedia":[{"embeddable":true,"href":"https:\/\/bazaar.express\/cs\/wp-json\/wp\/v2\/media\/35813"}],"wp:attachment":[{"href":"https:\/\/bazaar.express\/cs\/wp-json\/wp\/v2\/media?parent=35811"}],"wp:term":[{"taxonomy":"product_brand","embeddable":true,"href":"https:\/\/bazaar.express\/cs\/wp-json\/wp\/v2\/product_brand?post=35811"},{"taxonomy":"product_cat","embeddable":true,"href":"https:\/\/bazaar.express\/cs\/wp-json\/wp\/v2\/product_cat?post=35811"},{"taxonomy":"product_tag","embeddable":true,"href":"https:\/\/bazaar.express\/cs\/wp-json\/wp\/v2\/product_tag?post=35811"}],"curies":[{"name":"wp","href":"https:\/\/api.w.org\/{rel}","templated":true}]}}