{"id":35814,"date":"2025-03-04T02:22:54","date_gmt":"2025-03-04T02:22:54","guid":{"rendered":"https:\/\/bazaar.express\/product\/rozjasnujici-krem\/"},"modified":"2026-02-20T12:47:25","modified_gmt":"2026-02-20T12:47:25","slug":"rozjasnujici-krem","status":"publish","type":"product","link":"https:\/\/bazaar.express\/cs\/produkt\/rozjasnujici-krem\/","title":{"rendered":"Rozjas\u0148uj\u00edc\u00ed kr\u00e9m"},"content":{"rendered":"<h2 data-start=\"354\" data-end=\"438\">Rozjas\u0148uj\u00edc\u00ed kr\u00e9m \u2013 Intimn\u00ed lesk a p\u00e9\u010de pro m\u011bkkou, r\u016f\u017eovou a z\u00e1\u0159ivou poko\u017eku (450 ml)<\/h2>\n<p data-start=\"440\" data-end=\"844\">Odhalte p\u0159irozenou kr\u00e1su sv\u00fdch nejemn\u011bj\u0161\u00edch parti\u00ed s na\u0161\u00edm <strong data-start=\"503\" data-end=\"542\">rozjas\u0148uj\u00edc\u00edm kr\u00e9mem pro intimn\u00ed poko\u017eku<\/strong> \u2013 speci\u00e1ln\u011b vyvinut\u00fdm k rozjasn\u011bn\u00ed tmav\u00fdch skvrn, hlubok\u00e9 hydrataci a zanech\u00e1n\u00ed sv\u016fdn\u00e9 v\u016fn\u011b, kter\u00e1 vydr\u017e\u00ed a\u017e 48 hodin. Ide\u00e1ln\u00ed pro <strong data-start=\"671\" data-end=\"731\">linku bikin, pysky, podpa\u017e\u00ed a dal\u0161\u00ed citliv\u00e1 m\u00edsta<\/strong>, tento kr\u00e9m v\u00e1m dod\u00e1 m\u011bkk\u00fd, r\u016f\u017eov\u00fd a sv\u011b\u017e\u00ed vzhled, zat\u00edmco pos\u00edl\u00ed va\u0161i sebejistotu a \u017eensk\u00fd \u0161arm.<\/p>\n<p data-start=\"846\" data-end=\"1161\">Vyvinut\u00fd s p\u0159\u00edrodn\u00edmi slo\u017ekami jako <strong data-start=\"887\" data-end=\"953\">m\u00e1slo shea, kakaov\u00e9 m\u00e1slo, organick\u00fd kokosov\u00fd olej a oxid zine\u010dnat\u00fd<\/strong>, poskytuje viditeln\u00e9 v\u00fdsledky bezpe\u010dn\u011b a efektivn\u011b. A\u0165 se p\u0159ipravujete na speci\u00e1ln\u00ed ve\u010der nebo jen chcete ka\u017ed\u00fd den z\u00e1\u0159it, tento kr\u00e9m nab\u00edz\u00ed <strong data-start=\"1109\" data-end=\"1160\">kompletn\u00ed intimn\u00ed p\u00e9\u010di v jedn\u00e9 luxusn\u00ed formuli<\/strong>.<\/p>\n<h3 data-start=\"1168\" data-end=\"1221\">Kl\u00ed\u010dov\u00e9 v\u00fdhody na\u0161eho intimn\u00edho rozjas\u0148uj\u00edc\u00edho kr\u00e9mu<\/h3>\n<h4 data-start=\"1223\" data-end=\"1270\">\u2714 Rozjas\u0148uje a obnovuje p\u0159irozen\u00fd r\u016f\u017eov\u00fd t\u00f3n<\/h4>\n<p data-start=\"1271\" data-end=\"1408\">Navr\u017een\u00fd tak, aby viditeln\u011b <strong data-start=\"1291\" data-end=\"1317\">rozjasnil tmav\u00e9 oblasti<\/strong>, pom\u00e1h\u00e1 obnovit <strong data-start=\"1340\" data-end=\"1360\">p\u0159irozen\u00fd r\u016f\u017eov\u00fd odst\u00edn<\/strong> intimn\u00ed poko\u017eky pro mladistv\u00fd a sv\u011b\u017e\u00ed vzhled.<\/p>\n<h4 data-start=\"1410\" data-end=\"1456\">\u2714 Smysln\u00e1 v\u016fn\u011b, kter\u00e1 vydr\u017e\u00ed 48 hodin<\/h4>\n<p data-start=\"1457\" data-end=\"1638\">Sm\u00edchan\u00fd s <strong data-start=\"1470\" data-end=\"1488\">pr\u00e9miov\u00fdmi v\u016fn\u011bmi<\/strong> z v\u00fdchodn\u00ed a z\u00e1padn\u00ed parfumerie, tento kr\u00e9m vylep\u0161uje va\u0161i p\u0159irozenou t\u011blesnou v\u016fni <strong data-start=\"1576\" data-end=\"1602\">dlouhotrvaj\u00edc\u00ed v\u016fn\u00ed<\/strong> a <strong data-start=\"1607\" data-end=\"1637\">p\u0159ita\u017elivost\u00ed zvy\u0161uj\u00edc\u00ed feromony<\/strong>.<\/p>\n<h4 data-start=\"1640\" data-end=\"1678\">\u2714 Hlubok\u00e1 hydratace pro hedv\u00e1bnou poko\u017eku<\/h4>\n<p data-start=\"1679\" data-end=\"1844\">Obohacen\u00fd o <strong data-start=\"1693\" data-end=\"1740\">m\u00e1slo shea, kakaov\u00e9 m\u00e1slo a organick\u00e9 oleje<\/strong>, dod\u00e1v\u00e1 intenzivn\u00ed vlhkost proti suchosti a zanech\u00e1v\u00e1 poko\u017eku <strong data-start=\"1803\" data-end=\"1830\">sametov\u011b m\u011bkkou a hladkou<\/strong> po cel\u00fd den.<\/p>\n<h4 data-start=\"1846\" data-end=\"1890\">\u2714 Posiluje sebejistotu a \u017eenskou energii<\/h4>\n<p data-start=\"1891\" data-end=\"2026\">C\u00edtte se neodolateln\u00e1 s <strong data-start=\"1916\" data-end=\"1956\">dot\u00fdkatelnou texturou a sv\u016fdnou v\u016fn\u00ed<\/strong>, kter\u00e1 v\u00e1s udr\u017euje \u010distou, sexy a silnou po cel\u00fd den.<\/p>\n<h4 data-start=\"2028\" data-end=\"2067\">\u2714 Bezpe\u010dn\u00fd a jemn\u00fd na citlivou poko\u017eku<\/h4>\n<p data-start=\"2068\" data-end=\"2219\">S <strong data-start=\"2073\" data-end=\"2113\">lanolinem (hypoalergenn\u00edm), oxidem zine\u010dnat\u00fdm<\/strong> a p\u0159\u00edrodn\u00edmi emolienty tento kr\u00e9m uklid\u0148uje citlivou poko\u017eku, <strong data-start=\"2174\" data-end=\"2193\">sni\u017euje zarudnut\u00ed<\/strong> a zabra\u0148uje podr\u00e1\u017ed\u011bn\u00ed.<\/p>\n<h4 data-start=\"2221\" data-end=\"2262\">\u2714 Kontrola z\u00e1pachu a 48hodinov\u00e1 sv\u011b\u017eest<\/h4>\n<p data-start=\"2263\" data-end=\"2389\">Neutralizuje ne\u017e\u00e1douc\u00ed z\u00e1pachy a <strong data-start=\"2294\" data-end=\"2326\">udr\u017euje intimn\u00ed sv\u011b\u017eest<\/strong> a\u017e dva cel\u00e9 dny \u2013 ide\u00e1ln\u00ed pro ru\u0161n\u00fd \u017eivotn\u00ed styl nebo cestov\u00e1n\u00ed.<\/p>\n<h3 data-start=\"2396\" data-end=\"2431\">\u00a0Mocn\u00e9 p\u0159\u00edrodn\u00ed slo\u017eky<\/h3>\n<h4 data-start=\"2433\" data-end=\"2452\">\u2714 Oxid zine\u010dnat\u00fd<\/h4>\n<p data-start=\"2453\" data-end=\"2563\">Jemn\u00fd rozjas\u0148uj\u00edc\u00ed prost\u0159edek, kter\u00fd sni\u017euje pigmentaci a <strong data-start=\"2510\" data-end=\"2544\">vylep\u0161uje p\u0159irozen\u00fd r\u016f\u017eov\u00fd lesk<\/strong> citliv\u00e9 poko\u017eky.<\/p>\n<h4 data-start=\"2565\" data-end=\"2600\">\u2714 M\u00e1slo shea a kakaov\u00e9 m\u00e1slo<\/h4>\n<p data-start=\"2601\" data-end=\"2705\">Tyto p\u0159\u00edrodn\u00ed zvlh\u010dova\u010de <strong data-start=\"2628\" data-end=\"2647\">zm\u011bk\u010duj\u00ed poko\u017eku<\/strong>, zabra\u0148uj\u00ed hrubosti a vytv\u00e1\u0159ej\u00ed <strong data-start=\"2681\" data-end=\"2704\">sat\u00e9nov\u011b hladk\u00fd povrch<\/strong>.<\/p>\n<h4 data-start=\"2707\" data-end=\"2748\">\u2714 Organick\u00fd kokosov\u00fd olej a jojobov\u00fd olej<\/h4>\n<p data-start=\"2749\" data-end=\"2852\">Obnovuj\u00ed elasticitu poko\u017eky, sni\u017euj\u00ed tmav\u00e9 skvrny a poskytuj\u00ed <strong data-start=\"2807\" data-end=\"2851\">antibakteri\u00e1ln\u00ed a antioxida\u010dn\u00ed ochranu<\/strong>.<\/p>\n<h4 data-start=\"2854\" data-end=\"2888\">\u2714 Speci\u00e1ln\u00ed sm\u011bs v\u016fn\u00ed<\/h4>\n<p data-start=\"2889\" data-end=\"3021\">Tajn\u00fd mix <strong data-start=\"2905\" data-end=\"2935\">v\u00fdchodn\u00edch a z\u00e1padn\u00edch aroma<\/strong> poskytuje <strong data-start=\"2947\" data-end=\"2977\">luxusn\u00ed v\u016f\u0148ovou zku\u0161enost<\/strong> a vylep\u0161uje va\u0161i jedine\u010dnou t\u011blesnou chemii.<\/p>\n<h4 data-start=\"3023\" data-end=\"3055\">\u2714 Lanolin (proti alergi\u00edm)<\/h4>\n<p data-start=\"3056\" data-end=\"3161\">Ulevuje od podr\u00e1\u017ed\u011bn\u00ed, <strong data-start=\"3077\" data-end=\"3099\">uklid\u0148uje z\u00e1n\u011bt<\/strong> a vytv\u00e1\u0159\u00ed ochrannou bari\u00e9ru proti citlivosti.<\/p>\n<h3 data-start=\"3168\" data-end=\"3201\">\u00a0Jak pou\u017e\u00edvat pro nejlep\u0161\u00ed v\u00fdsledky<\/h3>\n<ul data-start=\"3203\" data-end=\"3443\">\n<li data-start=\"3203\" data-end=\"3259\">\n<p data-start=\"3205\" data-end=\"3259\">Nan\u00e1\u0161ejte na <strong data-start=\"3214\" data-end=\"3233\">\u010distou, suchou poko\u017eku<\/strong> r\u00e1no a ve\u010der.<\/p>\n<\/li>\n<li data-start=\"3260\" data-end=\"3339\">\n<p data-start=\"3262\" data-end=\"3339\">Jemn\u011b <strong data-start=\"3269\" data-end=\"3301\">mas\u00edrujte, dokud se pln\u011b nevst\u0159eb\u00e1<\/strong> pro maxim\u00e1ln\u00ed hydrataci a rozjasn\u011bn\u00ed.<\/p>\n<\/li>\n<li data-start=\"3340\" data-end=\"3443\">\n<p data-start=\"3342\" data-end=\"3443\">Pou\u017e\u00edvejte konzistentn\u011b po <strong data-start=\"3363\" data-end=\"3379\">2 a\u017e 4 t\u00fddny<\/strong> pro viditelnou transformaci v m\u011bkkosti, t\u00f3nu a v\u016fni.<\/p>\n<\/li>\n<\/ul>\n<h3 data-start=\"3450\" data-end=\"3469\">\u00a0Co z\u00edsk\u00e1te<\/h3>\n<ul data-start=\"3471\" data-end=\"3728\">\n<li data-start=\"3471\" data-end=\"3528\">\n<p data-start=\"3473\" data-end=\"3528\"><strong data-start=\"3473\" data-end=\"3482\">Velikost:<\/strong> 450 ml \u2013 \u0160t\u011bdr\u00e9 mno\u017estv\u00ed pro dlouhodob\u00e9 pou\u017eit\u00ed<\/p>\n<\/li>\n<li data-start=\"3529\" data-end=\"3588\">\n<p data-start=\"3531\" data-end=\"3588\"><strong data-start=\"3531\" data-end=\"3540\">Typ:<\/strong> 100 % p\u0159\u00edrodn\u00ed \u2013 Bez alkoholu, bez drsn\u00fdch chemik\u00e1li\u00ed<\/p>\n<\/li>\n<li data-start=\"3589\" data-end=\"3671\">\n<p data-start=\"3591\" data-end=\"3671\"><strong data-start=\"3591\" data-end=\"3602\">P\u016fvod:<\/strong> Hrd\u011b vyrobeno v <strong data-start=\"3619\" data-end=\"3628\">Egypt\u011b<\/strong>, schv\u00e1leno Egyptskou l\u00e9kovou autoritou<\/p>\n<\/li>\n<li data-start=\"3672\" data-end=\"3728\">\n<p data-start=\"3674\" data-end=\"3728\"><strong data-start=\"3674\" data-end=\"3686\">Textura:<\/strong> Lehk\u00fd, nelepiv\u00fd, rychle se vst\u0159eb\u00e1vaj\u00edc\u00ed kr\u00e9m<\/p>\n<\/li>\n<\/ul>\n<p data-start=\"3913\" data-end=\"4037\">\n<h3 data-start=\"4044\" data-end=\"4085\">\u00a0P\u0159ijm\u011bte sv\u016fj p\u0159irozen\u00fd \u017eensk\u00fd lesk<\/h3>\n<p data-start=\"4087\" data-end=\"4327\">Za\u017eijte <strong data-start=\"4102\" data-end=\"4142\">transformaci va\u0161\u00ed intimn\u00ed poko\u017eky<\/strong> \u2013 z\u00e1\u0159iv\u011bj\u0161\u00ed, jemn\u011bj\u0161\u00ed a von\u00edc\u00ed v\u00edce ne\u017e kdy d\u0159\u00edv. Tento kr\u00e9m je va\u0161\u00ed novou <strong data-start=\"4224\" data-end=\"4270\">denn\u00ed esenci\u00ed pro kompletn\u00ed \u017eenskou p\u00e9\u010di<\/strong>, postavenou na d\u016fv\u011b\u0159e, tradici a modern\u00ed v\u011bd\u011b o p\u00e9\u010di o ple\u0165.<\/p>\n<p data-start=\"4334\" data-end=\"4452\"><strong data-start=\"4334\" data-end=\"4452\">C\u00edt\u011bte se sv\u011b\u017e\u00ed, sebejist\u00e1 a kr\u00e1sn\u011b sama sebou \u2013 ka\u017ed\u00fd den. Vyzkou\u0161ejte n\u00e1\u0161 rozjas\u0148uj\u00edc\u00ed kr\u00e9m a objevte znovu sv\u016fj \u017eensk\u00fd lesk.<\/strong><\/p>\n<p style=\"text-align: center;\">D\u011bkujeme za n\u00e1kup v <em data-start=\"415\" data-end=\"431\"><a href=\"https:\/\/bazaar.express\/\">Bazaar Express<\/a><\/em> \u2013 jsme nad\u0161en\u00ed, \u017ee jste u n\u00e1s!<\/p>\n<p style=\"text-align: center;\">Va\u0161e cesta k lep\u0161\u00ed p\u00e9\u010di o sebe za\u010d\u00edn\u00e1 zde \u2013 s <a href=\"https:\/\/bazaar.express\/product-category\/beauty-care\/\">Beauty &#038; Care<\/a>, kter\u00e9 si m\u016f\u017eete d\u016fv\u011b\u0159it.<\/p>\n","protected":false},"excerpt":{"rendered":"<h3 data-start=\"476\" data-end=\"665\">N\u00e1\u0161 450ml rozjas\u0148uj\u00edc\u00ed kr\u00e9m dod\u00e1v\u00e1 m\u011bkk\u00fd, r\u016f\u017eov\u00fd lesk intimn\u00edm oblastem s hlubokou vlhkost\u00ed a smyslnou 48hodinovou v\u016fn\u00ed. Bezpe\u010dn\u00fd, p\u0159\u00edrodn\u00ed a ide\u00e1ln\u00ed pro linku bikin, podpa\u017e\u00ed a dal\u0161\u00ed.<\/h3>\n","protected":false},"featured_media":35820,"comment_status":"open","ping_status":"closed","template":"","meta":[],"product_brand":[],"product_cat":[786,787,788,789],"product_tag":[781,790,783,793],"class_list":{"0":"post-35814","1":"product","2":"type-product","3":"status-publish","4":"has-post-thumbnail","6":"product_cat-pece-o-krasu","7":"product_cat-terapeuticke-oleje","8":"product_cat-to-nejlepsi-z-egypta","9":"product_cat-horke-nabidky","10":"product_tag-olej","11":"product_tag-pece-o-krasu","12":"product_tag-pece-o-plet","13":"product_tag-prirodni-olej","14":"pa_l-xl-450ml","16":"first","17":"instock","18":"sale","19":"shipping-taxable","20":"purchasable","21":"product-type-simple"},"_links":{"self":[{"href":"https:\/\/bazaar.express\/cs\/wp-json\/wp\/v2\/product\/35814","targetHints":{"allow":["GET"]}}],"collection":[{"href":"https:\/\/bazaar.express\/cs\/wp-json\/wp\/v2\/product"}],"about":[{"href":"https:\/\/bazaar.express\/cs\/wp-json\/wp\/v2\/types\/product"}],"replies":[{"embeddable":true,"href":"https:\/\/bazaar.express\/cs\/wp-json\/wp\/v2\/comments?post=35814"}],"wp:featuredmedia":[{"embeddable":true,"href":"https:\/\/bazaar.express\/cs\/wp-json\/wp\/v2\/media\/35820"}],"wp:attachment":[{"href":"https:\/\/bazaar.express\/cs\/wp-json\/wp\/v2\/media?parent=35814"}],"wp:term":[{"taxonomy":"product_brand","embeddable":true,"href":"https:\/\/bazaar.express\/cs\/wp-json\/wp\/v2\/product_brand?post=35814"},{"taxonomy":"product_cat","embeddable":true,"href":"https:\/\/bazaar.express\/cs\/wp-json\/wp\/v2\/product_cat?post=35814"},{"taxonomy":"product_tag","embeddable":true,"href":"https:\/\/bazaar.express\/cs\/wp-json\/wp\/v2\/product_tag?post=35814"}],"curies":[{"name":"wp","href":"https:\/\/api.w.org\/{rel}","templated":true}]}}