{"id":35824,"date":"2025-02-28T16:15:19","date_gmt":"2025-02-28T16:15:19","guid":{"rendered":"https:\/\/bazaar.express\/product\/morsky-kolagenovy-krem\/"},"modified":"2025-02-28T16:15:19","modified_gmt":"2025-02-28T16:15:19","slug":"morsky-kolagenovy-krem","status":"publish","type":"product","link":"https:\/\/bazaar.express\/cs\/produkt\/morsky-kolagenovy-krem\/","title":{"rendered":"Mo\u0159sk\u00fd kolagenov\u00fd kr\u00e9m"},"content":{"rendered":"<h2 class=\"\" data-start=\"374\" data-end=\"458\">Mo\u0159sk\u00fd kolagenov\u00fd kr\u00e9m \u2013 Ultimate \u0159e\u0161en\u00ed pro z\u00e1\u0159ivou, mladistvou ple\u0165<\/h2>\n<h3 class=\"\" data-start=\"460\" data-end=\"501\">Objevte s\u00edlu mo\u0159sk\u00e9ho kolagenu<\/h3>\n<p class=\"\" data-start=\"503\" data-end=\"865\"><strong data-start=\"503\" data-end=\"528\">Mo\u0159sk\u00fd kolagenov\u00fd kr\u00e9m<\/strong> je pr\u00e9miov\u00e9 \u0159e\u0161en\u00ed pro p\u00e9\u010di o ple\u0165, kter\u00e9 hluboce vy\u017eivuje, hydratuje a omlazuje poko\u017eku pomoc\u00ed siln\u00e9ho <strong data-start=\"636\" data-end=\"663\">mo\u0159sk\u00e9ho kolagenu<\/strong>. S lehkou, rychle vst\u0159eb\u00e1vaj\u00edc\u00ed se texturou a v\u011bdecky pokro\u010dil\u00fdmi slo\u017ekami podporuje <strong data-start=\"763\" data-end=\"782\">pru\u017enost pleti<\/strong>, zlep\u0161uje <strong data-start=\"793\" data-end=\"815\">udr\u017eov\u00e1n\u00ed vlhkosti<\/strong> a podporuje <strong data-start=\"832\" data-end=\"864\">p\u0159irozen\u011b z\u00e1\u0159iv\u00fd vzhled<\/strong>.<\/p>\n<p class=\"\" data-start=\"867\" data-end=\"1013\">Tento kr\u00e9m je ide\u00e1ln\u00ed pro ka\u017ed\u00e9ho, kdo chce bojovat proti zn\u00e1mk\u00e1m st\u00e1rnut\u00ed, obnovit pevnost pleti a dos\u00e1hnout mladistv\u011bj\u0161\u00edho lesku \u2013 p\u0159irozen\u011b a efektivn\u011b.<\/p>\n<h3 class=\"\" data-start=\"1020\" data-end=\"1057\">Pro\u010d si vybrat mo\u0159sk\u00fd kolagenov\u00fd kr\u00e9m?<\/h3>\n<p class=\"\" data-start=\"1059\" data-end=\"1362\">Na rozd\u00edl od b\u011b\u017en\u00fdch hydrata\u010dn\u00edch kr\u00e9m\u016f je <strong data-start=\"1089\" data-end=\"1114\">mo\u0159sk\u00fd kolagenov\u00fd kr\u00e9m<\/strong> navr\u017een tak, aby pracoval v souladu s p\u0159irozen\u00fdmi procesy va\u0161\u00ed pleti. Podporuje <strong data-start=\"1192\" data-end=\"1214\">synt\u00e9zu kolagenu<\/strong>, stimuluje <strong data-start=\"1227\" data-end=\"1248\">regeneraci bun\u011bk<\/strong> a posiluje <strong data-start=\"1277\" data-end=\"1299\">ochrannou bari\u00e9ru pleti<\/strong>, co\u017e z n\u011bj \u010din\u00ed komplexn\u00ed \u0159e\u0161en\u00ed pro dlouhodob\u00e9 zdrav\u00ed pleti.<\/p>\n<ul data-start=\"1364\" data-end=\"1627\">\n<li class=\"\" data-start=\"1364\" data-end=\"1415\">\n<p class=\"\" data-start=\"1366\" data-end=\"1415\">Hloubkov\u011b <strong data-start=\"1369\" data-end=\"1390\">pronik\u00e1<\/strong> pro maxim\u00e1ln\u00ed v\u00fd\u017eivu.<\/p>\n<\/li>\n<li class=\"\" data-start=\"1416\" data-end=\"1480\">\n<p class=\"\" data-start=\"1418\" data-end=\"1480\">Zlep\u0161uje <strong data-start=\"1427\" data-end=\"1458\">p\u0159irozenou produkci kolagenu<\/strong> pro viditelnou pevnost.<\/p>\n<\/li>\n<li class=\"\" data-start=\"1481\" data-end=\"1549\">\n<p class=\"\" data-start=\"1483\" data-end=\"1549\">Ide\u00e1ln\u00ed pro <strong data-start=\"1495\" data-end=\"1513\">v\u0161echny typy pleti<\/strong>, v\u010detn\u011b mastn\u00e9 a citliv\u00e9.<\/p>\n<\/li>\n<li class=\"\" data-start=\"1550\" data-end=\"1627\">\n<p class=\"\" data-start=\"1552\" data-end=\"1627\">Zaji\u0161\u0165uje <strong data-start=\"1561\" data-end=\"1582\">trvalou hydrataci<\/strong> a ochranu p\u0159ed environment\u00e1ln\u00edm po\u0161kozen\u00edm.<\/p>\n<\/li>\n<\/ul>\n<h3 class=\"\" data-start=\"1634\" data-end=\"1675\">Kl\u00ed\u010dov\u00e9 v\u00fdhody mo\u0159sk\u00e9ho kolagenov\u00e9ho kr\u00e9mu<\/h3>\n<h4 class=\"\" data-start=\"1677\" data-end=\"1717\">\u2714 Sni\u017euje vr\u00e1sky a jemn\u00e9 linky<\/h4>\n<p class=\"\" data-start=\"1718\" data-end=\"1884\">Mo\u0159sk\u00fd kolagen stimuluje p\u0159irozen\u00fd proces regenerace pleti, sni\u017euje vzhled vr\u00e1sek a jemn\u00fdch linek a obnovuje hladkost a pevnost pleti.<\/p>\n<h4 class=\"\" data-start=\"1886\" data-end=\"1935\">\u2714 Intenzivn\u00ed hydratace a udr\u017eov\u00e1n\u00ed vlhkosti<\/h4>\n<p class=\"\" data-start=\"1936\" data-end=\"2091\">Obohacen\u00fd o humektanty kr\u00e9m uzamyk\u00e1 vlhkost a vytv\u00e1\u0159\u00ed bari\u00e9ru proti dehydrataci \u2013 udr\u017euje ple\u0165 m\u011bkkou, pru\u017enou a bez \u0161upin cel\u00fd den.<\/p>\n<h4 class=\"\" data-start=\"2093\" data-end=\"2139\">\u2714 Zlep\u0161uje pru\u017enost a pevnost pleti<\/h4>\n<p class=\"\" data-start=\"2140\" data-end=\"2298\">Zlep\u0161en\u00edm hustoty kolagenu v dermis tento kr\u00e9m posiluje strukturu pleti a pom\u00e1h\u00e1 sni\u017eovat proh\u00fdb\u00e1n\u00ed, d\u00edky \u010demu\u017e m\u00e1 va\u0161i tv\u00e1\u0159 zvednut\u011bj\u0161\u00ed, t\u00f3novan\u011bj\u0161\u00ed vzhled.<\/p>\n<h4 class=\"\" data-start=\"2300\" data-end=\"2338\">\u2714 Rozjas\u0148uje a vyrovn\u00e1v\u00e1 t\u00f3n pleti<\/h4>\n<p class=\"\" data-start=\"2339\" data-end=\"2478\">P\u0159irozen\u00e9 rozjas\u0148uj\u00edc\u00ed l\u00e1tky vyblednou <strong data-start=\"2371\" data-end=\"2385\">tmav\u00e9 skvrny<\/strong>, <strong data-start=\"2387\" data-end=\"2408\">hyperpigmentaci<\/strong> a <strong data-start=\"2414\" data-end=\"2431\">zbarven\u00ed<\/strong>, co\u017e vede k rovnom\u011brn\u011bj\u0161\u00ed, z\u00e1\u0159iv\u00e9 pleci.<\/p>\n<h4 class=\"\" data-start=\"2480\" data-end=\"2521\">\u2714 Opravuje a uklid\u0148uje po\u0161kozenou ple\u0165<\/h4>\n<p class=\"\" data-start=\"2522\" data-end=\"2667\">S protiz\u00e1n\u011btliv\u00fdmi slo\u017ekami uklid\u0148uje podr\u00e1\u017ed\u011bn\u00ed a zarudnut\u00ed, co\u017e je ide\u00e1ln\u00ed pro <strong data-start=\"2611\" data-end=\"2624\">citlivou<\/strong>, <strong data-start=\"2626\" data-end=\"2638\">reaktivn\u00ed<\/strong> nebo <strong data-start=\"2643\" data-end=\"2661\">post-procedur\u00e1ln\u00ed<\/strong> ple\u0165.<\/p>\n<h4 class=\"\" data-start=\"2669\" data-end=\"2710\">\u2714 Lehk\u00e1 a nelepiv\u00e1 formule<\/h4>\n<p class=\"\" data-start=\"2711\" data-end=\"2826\">Rychle se vst\u0159eb\u00e1v\u00e1 bez ucp\u00e1v\u00e1n\u00ed p\u00f3r\u016f nebo zanech\u00e1v\u00e1n\u00ed zbytku \u2013 ide\u00e1ln\u00ed pro mastnou, akn\u00e9 n\u00e1chylnou a sm\u00ed\u0161enou ple\u0165.<\/p>\n<h4 class=\"\" data-start=\"2828\" data-end=\"2876\">\u2714 Chr\u00e1n\u00ed p\u0159ed environment\u00e1ln\u00edm stresem<\/h4>\n<p class=\"\" data-start=\"2877\" data-end=\"3021\">Obohacen\u00fd o antioxidanty vytv\u00e1\u0159\u00ed ochrannou bari\u00e9ru proti <strong data-start=\"2942\" data-end=\"2953\">UV paprsk\u016fm<\/strong>, <strong data-start=\"2955\" data-end=\"2968\">zne\u010di\u0161t\u011bn\u00ed<\/strong> a jin\u00fdm voln\u00fdm radik\u00e1l\u016fm, kter\u00e9 zp\u016fsobuj\u00ed p\u0159ed\u010dasn\u00e9 st\u00e1rnut\u00ed.<\/p>\n<h4 class=\"\" data-start=\"3023\" data-end=\"3055\">\u2714 Podporuje p\u0159irozenou z\u00e1\u0159ivost<\/h4>\n<p class=\"\" data-start=\"3056\" data-end=\"3183\">Dod\u00e1v\u00e1 esenci\u00e1ln\u00ed \u017eiviny, kter\u00e9 zlep\u0161uj\u00ed <strong data-start=\"3098\" data-end=\"3115\">obnovu bun\u011bk<\/strong> a odhaluj\u00ed zdrav\u011bj\u0161\u00ed, \u010derstv\u011bj\u0161\u00ed a lumin\u00f3zn\u011bj\u0161\u00ed vzhled pleti.<\/p>\n<h4 class=\"\" data-start=\"3185\" data-end=\"3227\">\u2714 Posiluje funkci ko\u017en\u00ed bari\u00e9ry<\/h4>\n<p class=\"\" data-start=\"3228\" data-end=\"3351\">Posiluje <strong data-start=\"3249\" data-end=\"3274\">p\u0159irozenou lipidovou bari\u00e9ru pleti<\/strong>, zvy\u0161uje odolnost v\u016f\u010di dr\u00e1\u017ediv\u00fdm l\u00e1tk\u00e1m, alergen\u016fm a environment\u00e1ln\u00edm zne\u010di\u0161\u0165ovatel\u016fm.<\/p>\n<h4 class=\"\" data-start=\"3353\" data-end=\"3393\">\u2714 O\u017eivuje unavenou a nudnou ple\u0165<\/h4>\n<p class=\"\" data-start=\"3394\" data-end=\"3509\">Obnovuje vitalitu stresovan\u00e9 a unaven\u00e9 pleti, podporuje <strong data-start=\"3455\" data-end=\"3468\">osv\u011b\u017een\u00fd<\/strong>, <strong data-start=\"3470\" data-end=\"3485\">odpo\u010dinuv\u0161\u00ed<\/strong> a <strong data-start=\"3491\" data-end=\"3503\">mladistv\u00fd<\/strong> vzhled.<\/p>\n<h3 class=\"\" data-start=\"3516\" data-end=\"3569\">Jak pou\u017e\u00edvat mo\u0159sk\u00fd kolagenov\u00fd kr\u00e9m pro nejlep\u0161\u00ed v\u00fdsledky<\/h3>\n<ol data-start=\"3571\" data-end=\"3819\">\n<li class=\"\" data-start=\"3571\" data-end=\"3619\">\n<p class=\"\" data-start=\"3574\" data-end=\"3619\"><strong data-start=\"3574\" data-end=\"3585\">Vy\u010dist\u011bte<\/strong> si tv\u00e1\u0159 d\u016fkladn\u011b a osu\u0161te.<\/p>\n<\/li>\n<li class=\"\" data-start=\"3620\" data-end=\"3683\">\n<p class=\"\" data-start=\"3623\" data-end=\"3683\"><strong data-start=\"3623\" data-end=\"3647\">Aplikujte mal\u00e9 mno\u017estv\u00ed<\/strong> kr\u00e9mu na tv\u00e1\u0159 a krk.<\/p>\n<\/li>\n<li class=\"\" data-start=\"3684\" data-end=\"3747\">\n<p class=\"\" data-start=\"3687\" data-end=\"3747\"><strong data-start=\"3687\" data-end=\"3725\">Jemn\u00e9 mas\u00edrujte kruhov\u00fdmi pohyby<\/strong>, dokud se pln\u011b nevst\u0159eb\u00e1.<\/p>\n<\/li>\n<li class=\"\" data-start=\"3748\" data-end=\"3819\">\n<p class=\"\" data-start=\"3751\" data-end=\"3819\">Pou\u017e\u00edvejte <strong data-start=\"3755\" data-end=\"3770\">dvakr\u00e1t denn\u011b<\/strong> \u2013 r\u00e1no a ve\u010der \u2013 pro maxim\u00e1ln\u00ed p\u0159\u00ednosy.<\/p>\n<\/li>\n<\/ol>\n<p class=\"\" data-start=\"3821\" data-end=\"3917\">Pro lep\u0161\u00ed v\u00fdsledky ho kombinujte s mo\u0159sk\u00fdm kolagenov\u00fdm s\u00e9rem nebo esenc\u00ed p\u0159ed aplikac\u00ed kr\u00e9mu.<\/p>\n<h3 class=\"\" data-start=\"3924\" data-end=\"3965\">Kdo by m\u011bl pou\u017e\u00edvat mo\u0159sk\u00fd kolagenov\u00fd kr\u00e9m?<\/h3>\n<p class=\"\" data-start=\"3967\" data-end=\"4039\">Tato univerz\u00e1ln\u00ed formule je navr\u017eena pro \u0161irokou \u0161k\u00e1lu u\u017eivatel\u016f, v\u010detn\u011b:<\/p>\n<ul data-start=\"4041\" data-end=\"4369\">\n<li class=\"\" data-start=\"4041\" data-end=\"4092\">\n<p class=\"\" data-start=\"4043\" data-end=\"4092\">Jedinci za\u017e\u00edvaj\u00edc\u00ed <strong data-start=\"4068\" data-end=\"4092\">po\u010d\u00e1te\u010dn\u00ed zn\u00e1mky st\u00e1rnut\u00ed<\/strong><\/p>\n<\/li>\n<li class=\"\" data-start=\"4093\" data-end=\"4144\">\n<p class=\"\" data-start=\"4095\" data-end=\"4144\">Lid\u00e9 s <strong data-start=\"4107\" data-end=\"4144\">dehydratovanou, nudnou nebo proh\u00fdbaj\u00edc\u00ed se plet\u00ed<\/strong><\/p>\n<\/li>\n<li class=\"\" data-start=\"4145\" data-end=\"4207\">\n<p class=\"\" data-start=\"4147\" data-end=\"4207\">Ti, kte\u0159\u00ed jsou pravideln\u011b vystaveni <strong data-start=\"4174\" data-end=\"4207\">m\u011bstsk\u00e9mu zne\u010di\u0161t\u011bn\u00ed nebo slune\u010dn\u00edmu po\u0161kozen\u00ed<\/strong><\/p>\n<\/li>\n<li class=\"\" data-start=\"4208\" data-end=\"4284\">\n<p class=\"\" data-start=\"4210\" data-end=\"4284\">Kdokoli hledaj\u00edc\u00ed <strong data-start=\"4231\" data-end=\"4256\">p\u0159irozen\u00fd a efektivn\u00ed<\/strong> anti-aging produkt pro p\u00e9\u010di o ple\u0165<\/p>\n<\/li>\n<li class=\"\" data-start=\"4285\" data-end=\"4369\">\n<p class=\"\" data-start=\"4287\" data-end=\"4369\">Lid\u00e9 hledaj\u00edc\u00ed <strong data-start=\"4304\" data-end=\"4320\">bez paraben\u016f<\/strong>, <strong data-start=\"4322\" data-end=\"4335\">netoxick\u00fd<\/strong> a <strong data-start=\"4341\" data-end=\"4357\">ekologicky \u0161etrn\u00fd<\/strong> hydrata\u010dn\u00ed kr\u00e9m<\/p>\n<\/li>\n<\/ul>\n<h3 class=\"\" data-start=\"4376\" data-end=\"4398\">V\u00fdhody produktu<\/h3>\n<ul data-start=\"4400\" data-end=\"4642\">\n<li class=\"\" data-start=\"4400\" data-end=\"4422\">\n<p class=\"\" data-start=\"4402\" data-end=\"4422\"><strong data-start=\"4402\" data-end=\"4414\">Vyrobeno v:<\/strong> Egypt<\/p>\n<\/li>\n<li class=\"\" data-start=\"4423\" data-end=\"4494\">\n<p class=\"\" data-start=\"4425\" data-end=\"4494\"><strong data-start=\"4425\" data-end=\"4441\">Formulace:<\/strong> 100% P\u0159\u00edrodn\u00ed | Na b\u00e1zi mo\u0159e | Testov\u00e1no dermatology<\/p>\n<\/li>\n<li class=\"\" data-start=\"4495\" data-end=\"4541\">\n<p class=\"\" data-start=\"4497\" data-end=\"4541\"><strong data-start=\"4497\" data-end=\"4511\">Typ pleti:<\/strong> Vhodn\u00e9 pro v\u0161echny typy pleti<\/p>\n<\/li>\n<li class=\"\" data-start=\"4542\" data-end=\"4590\">\n<p class=\"\" data-start=\"4544\" data-end=\"4590\"><strong data-start=\"4544\" data-end=\"4556\">Textura:<\/strong> Lehk\u00e1, kr\u00e9mov\u00e1, nelepiv\u00e1<\/p>\n<\/li>\n<li class=\"\" data-start=\"4591\" data-end=\"4642\">\n<p class=\"\" data-start=\"4593\" data-end=\"4642\"><strong data-start=\"4593\" data-end=\"4608\">Trvanlivost:<\/strong> 24 m\u011bs\u00edc\u016f od data v\u00fdroby<\/p>\n<\/li>\n<\/ul>\n<h3 class=\"\" data-start=\"4899\" data-end=\"4936\">Odhalte p\u0159irozenou kr\u00e1su va\u0161\u00ed pleti<\/h3>\n<p class=\"\" data-start=\"4938\" data-end=\"5143\">Nespol\u00e9hejte se na pr\u016fm\u011brnou p\u00e9\u010di o ple\u0165 \u2013 vyberte si formuli podpo\u0159enou p\u0159\u00edrodou a vylep\u0161enou v\u011bdou. <strong data-start=\"5030\" data-end=\"5055\">Mo\u0159sk\u00fd kolagenov\u00fd kr\u00e9m<\/strong> pom\u00e1h\u00e1 odhalit jasn\u011bj\u0161\u00ed, hlad\u0161\u00ed a mladistv\u011bj\u0161\u00ed ple\u0165 s ka\u017edou aplikac\u00ed.<\/p>\n<p class=\"\" data-start=\"5145\" data-end=\"5273\">\u2705 Formule doporu\u010den\u00e1 dermatology<br data-start=\"5180\" data-end=\"5183\" \/>\u2705 Netoxick\u00e1, bez krutosti, bez paraben\u016f<br data-start=\"5226\" data-end=\"5229\" \/>\u2705 Viditeln\u00e9 zlep\u0161en\u00ed b\u011bhem n\u011bkolika t\u00fddn\u016f<\/p>\n<h3 class=\"\" data-start=\"5280\" data-end=\"5325\">Objednejte nyn\u00ed a transformujte svou ple\u0165 p\u0159irozen\u011b<\/h3>\n<p class=\"\" data-start=\"5327\" data-end=\"5509\"> \u0158ekn\u011bte sbohem nudn\u00e9, unaven\u00e9 pleti. Z\u00edskejte zp\u011bt sv\u016fj p\u0159irozen\u00fd lesk s <strong data-start=\"5394\" data-end=\"5419\">mo\u0159sk\u00fdm kolagenov\u00fdm kr\u00e9mem<\/strong> je\u0161t\u011b dnes!<br data-start=\"5426\" data-end=\"5429\" \/> Vychutnejte si <strong data-start=\"5438\" data-end=\"5467\">Doru\u010den\u00ed zdarma v Hurghad\u011b<\/strong> a <strong data-start=\"5472\" data-end=\"5494\">Sv\u011btovou dopravu<\/strong> na v\u0161echny objedn\u00e1vky.<\/p>\n<p>&nbsp;<\/p>\n<p style=\"text-align: center;\">D\u011bkujeme za n\u00e1kup v <em data-start=\"415\" data-end=\"431\"><a href=\"https:\/\/bazaar.express\/\">Bazaar Express<\/a><\/em> \u2013 jsme nad\u0161en\u00ed, \u017ee jste u n\u00e1s!<\/p>\n<p style=\"text-align: center;\">Va\u0161e cesta k lep\u0161\u00ed p\u00e9\u010di o sebe za\u010d\u00edn\u00e1 zde \u2013 s <a href=\"https:\/\/bazaar.express\/product-category\/beauty-care\/\">Beauty &#038; Care<\/a>, kter\u00e9 si m\u016f\u017eete d\u016fv\u011b\u0159it.<\/p>\n","protected":false},"excerpt":{"rendered":"<h3 data-start=\"498\" data-end=\"717\">Mo\u0159sk\u00fd kolagenov\u00fd kr\u00e9m je rychle vst\u0159eb\u00e1vaj\u00edc\u00ed se, nelepiv\u00fd hydrata\u010dn\u00ed kr\u00e9m s mo\u0159sk\u00fdm kolagenem, kter\u00fd pevn\u00ed, hydratuje a rozjas\u0148uje va\u0161i ple\u0165. Ide\u00e1ln\u00ed pro v\u0161echny typy pleti, sni\u017euje vr\u00e1sky a o\u017eivuje nudnou, unavenou ple\u0165 p\u0159irozen\u011b.<\/h3>\n","protected":false},"featured_media":35828,"comment_status":"open","ping_status":"closed","template":"","meta":[],"product_brand":[],"product_cat":[786,787],"product_tag":[],"class_list":{"0":"post-35824","1":"product","2":"type-product","3":"status-publish","4":"has-post-thumbnail","6":"product_cat-pece-o-krasu","7":"product_cat-terapeuticke-oleje","8":"pa_l-xl-120ml","10":"first","11":"instock","12":"sale","13":"shipping-taxable","14":"purchasable","15":"product-type-simple"},"_links":{"self":[{"href":"https:\/\/bazaar.express\/cs\/wp-json\/wp\/v2\/product\/35824","targetHints":{"allow":["GET"]}}],"collection":[{"href":"https:\/\/bazaar.express\/cs\/wp-json\/wp\/v2\/product"}],"about":[{"href":"https:\/\/bazaar.express\/cs\/wp-json\/wp\/v2\/types\/product"}],"replies":[{"embeddable":true,"href":"https:\/\/bazaar.express\/cs\/wp-json\/wp\/v2\/comments?post=35824"}],"wp:featuredmedia":[{"embeddable":true,"href":"https:\/\/bazaar.express\/cs\/wp-json\/wp\/v2\/media\/35828"}],"wp:attachment":[{"href":"https:\/\/bazaar.express\/cs\/wp-json\/wp\/v2\/media?parent=35824"}],"wp:term":[{"taxonomy":"product_brand","embeddable":true,"href":"https:\/\/bazaar.express\/cs\/wp-json\/wp\/v2\/product_brand?post=35824"},{"taxonomy":"product_cat","embeddable":true,"href":"https:\/\/bazaar.express\/cs\/wp-json\/wp\/v2\/product_cat?post=35824"},{"taxonomy":"product_tag","embeddable":true,"href":"https:\/\/bazaar.express\/cs\/wp-json\/wp\/v2\/product_tag?post=35824"}],"curies":[{"name":"wp","href":"https:\/\/api.w.org\/{rel}","templated":true}]}}