{"id":35830,"date":"2025-02-28T14:06:28","date_gmt":"2025-02-28T14:06:28","guid":{"rendered":"https:\/\/bazaar.express\/product\/mentholove-krystaly\/"},"modified":"2025-02-28T14:06:28","modified_gmt":"2025-02-28T14:06:28","slug":"mentholove-krystaly","status":"publish","type":"product","link":"https:\/\/bazaar.express\/cs\/produkt\/mentholove-krystaly\/","title":{"rendered":"Mentholov\u00e9 krystaly"},"content":{"rendered":"<h2 class=\"\" data-start=\"362\" data-end=\"443\">Mentholov\u00e9 krystaly \u2013 100% \u010dist\u00e1 m\u00e1tov\u00e1 s\u00edla pro zdrav\u00ed, aromaterapii a p\u00e9\u010di o ple\u0165<\/h2>\n<h3 class=\"\" data-start=\"445\" data-end=\"475\">Co jsou mentholov\u00e9 krystaly?<\/h3>\n<p class=\"\" data-start=\"477\" data-end=\"869\">Mentholov\u00e9 krystaly jsou vysoce koncentrovan\u00e1 p\u0159irozen\u00e1 slou\u010denina z\u00edskan\u00e1 z esenci\u00e1ln\u00edho oleje <strong data-start=\"563\" data-end=\"582\">Mentha arvensis<\/strong> (kuku\u0159i\u010dn\u00fd m\u00e1tov\u00fd). Zn\u00e1m\u00e9 svou intenzivn\u00ed m\u00e1tovou v\u016fn\u00ed a chladiv\u00fdm \u00fa\u010dinkem, tyto pr\u016fhledn\u00e9 krystaly se snadno rozpou\u0161t\u011bj\u00ed v esenci\u00e1ln\u00edch olej\u00edch, alkoholu a tepl\u00e9 vod\u011b, d\u00edky \u010demu\u017e jsou nesm\u00edrn\u011b univerz\u00e1ln\u00ed v oblastech <strong data-start=\"792\" data-end=\"802\">zdrav\u00ed<\/strong>, <strong data-start=\"804\" data-end=\"814\">kr\u00e1sy<\/strong>, <strong data-start=\"816\" data-end=\"833\">osobn\u00ed p\u00e9\u010de<\/strong> a <strong data-start=\"839\" data-end=\"855\">DIY tvorby<\/strong>.<\/p>\n<p class=\"\" data-start=\"871\" data-end=\"1082\">A\u0165 se sna\u017e\u00edte zlep\u0161it d\u00fdchac\u00ed komfort, uklidnit bolesti sval\u016f, vylep\u0161it p\u00e9\u010di o ple\u0165 nebo naplnit domov \u010distou m\u00e1tovou v\u016fn\u00ed, <strong data-start=\"1020\" data-end=\"1045\">\u010dist\u00e9 mentholov\u00e9 krystaly<\/strong> p\u0159edstavuj\u00ed siln\u00e9 a p\u0159irozen\u00e9 \u0159e\u0161en\u00ed.<\/p>\n<h3 class=\"\" data-start=\"1089\" data-end=\"1125\">Hlavn\u00ed v\u00fdhody mentholov\u00fdch krystal\u016f<\/h3>\n<h4 class=\"\" data-start=\"1127\" data-end=\"1178\">\u2714 P\u0159\u00edrodn\u00ed podpora d\u00fdch\u00e1n\u00ed a \u00faleva od z\u00e1n\u011btu dutin<\/h4>\n<p class=\"\" data-start=\"1179\" data-end=\"1438\">Inhalace mentholov\u00e9 p\u00e1ry pom\u00e1h\u00e1 otev\u0159\u00edt nosn\u00ed dutiny, zm\u00edrnit ucpan\u00fd nos a uklidnit z\u00e1n\u011btliv\u00e9 dutiny. To je ide\u00e1ln\u00ed pro zm\u00edrn\u011bn\u00ed p\u0159\u00edznak\u016f <strong data-start=\"1328\" data-end=\"1336\">nachlazen\u00ed<\/strong>, <strong data-start=\"1338\" data-end=\"1345\">ch\u0159ipky<\/strong>, <strong data-start=\"1347\" data-end=\"1360\">alergi\u00ed<\/strong> a <strong data-start=\"1366\" data-end=\"1380\">bronchitidy<\/strong>. Pou\u017e\u00edvejte s parn\u00edm za\u0159\u00edzen\u00edm na obli\u010dej nebo horkou vodou pro rychl\u00e9 v\u00fdsledky.<\/p>\n<h4 class=\"\" data-start=\"1440\" data-end=\"1481\">\u2714 \u00daleva od bolesti sval\u016f a kloub\u016f<\/h4>\n<p class=\"\" data-start=\"1482\" data-end=\"1697\">Protiz\u00e1n\u011btliv\u00e9 vlastnosti mentholu poskytuj\u00ed \u00falevu od <strong data-start=\"1541\" data-end=\"1554\">artritidy<\/strong>, <strong data-start=\"1556\" data-end=\"1575\">bolestivosti sval\u016f<\/strong>, <strong data-start=\"1577\" data-end=\"1590\">bolest\u00ed zad<\/strong> a <strong data-start=\"1596\" data-end=\"1615\">sportovn\u00edch zran\u011bn\u00ed<\/strong>. Dod\u00e1v\u00e1 hlubok\u00fd chladiv\u00fd pocit, kter\u00fd uklid\u0148uje bolesti a nap\u011bt\u00ed v t\u011ble.<\/p>\n<h4 class=\"\" data-start=\"1699\" data-end=\"1739\">\u2714 Aromaterapie pro sn\u00ed\u017een\u00ed stresu a soust\u0159ed\u011bn\u00ed<\/h4>\n<p class=\"\" data-start=\"1740\" data-end=\"1975\">P\u0159idejte \u0161petku mentholov\u00fdch krystal\u016f do difuz\u00e9ru, do koupele nebo sauny, aby se povznosily smysly, sn\u00ed\u017eila ment\u00e1ln\u00ed \u00fanava a podpo\u0159ilo relaxace. Jej\u00ed sv\u011b\u017e\u00ed v\u016fn\u011b tak\u00e9 ost\u0159\u00ed soust\u0159ed\u011bn\u00ed a ment\u00e1ln\u00ed jasnost, co\u017e je skv\u011bl\u00e9 pro studijn\u00ed a pracovn\u00ed prost\u0159ed\u00ed.<\/p>\n<h4 class=\"\" data-start=\"1977\" data-end=\"2021\">\u2714 Chladic\u00ed prost\u0159edek pro p\u00e9\u010di o ple\u0165 a kr\u00e1su<\/h4>\n<p class=\"\" data-start=\"2022\" data-end=\"2222\">Menthol p\u0159id\u00e1v\u00e1 p\u0159irozen\u00fd chladiv\u00fd dotek do <strong data-start=\"2062\" data-end=\"2073\">losion\u016f<\/strong>, <strong data-start=\"2075\" data-end=\"2088\">rt\u011bnky<\/strong>, <strong data-start=\"2090\" data-end=\"2102\">\u0161ampon\u016f<\/strong>, <strong data-start=\"2104\" data-end=\"2119\">aftershav\u016f<\/strong> a <strong data-start=\"2125\" data-end=\"2140\">spreje na nohy<\/strong>, nab\u00edzej\u00edc\u00ed osv\u011b\u017euj\u00edc\u00ed z\u00e1\u017eitek a pom\u00e1haj\u00edc\u00ed uklidnit podr\u00e1\u017ed\u011bn\u00ed a z\u00e1n\u011bt.<\/p>\n<h4 class=\"\" data-start=\"2224\" data-end=\"2260\">\u2714 \u00dastn\u00ed hygiena a \u010derstv\u00fd dech<\/h4>\n<p class=\"\" data-start=\"2261\" data-end=\"2435\">Kl\u00ed\u010dov\u00e1 slo\u017eka v <strong data-start=\"2281\" data-end=\"2295\">zubn\u00ed past\u011b<\/strong>, <strong data-start=\"2297\" data-end=\"2310\">\u00fastn\u00ed vod\u011b<\/strong> a <strong data-start=\"2316\" data-end=\"2333\">sprejech na krk<\/strong>, menthol zaji\u0161\u0165uje dlouhotrvaj\u00edc\u00ed sv\u011b\u017eest a antibakteri\u00e1ln\u00ed \u00fa\u010dinky pro zlep\u0161en\u00ed celkov\u00e9 <strong data-start=\"2419\" data-end=\"2434\">\u00fastn\u00ed zdrav\u00ed<\/strong>.<\/p>\n<h4 class=\"\" data-start=\"2437\" data-end=\"2481\">\u2714 \u00daleva od sv\u011bd\u011bn\u00ed a komfort pleti<\/h4>\n<p class=\"\" data-start=\"2482\" data-end=\"2649\">Menthol pom\u00e1h\u00e1 zm\u00edrnit nepohodl\u00ed z <strong data-start=\"2519\" data-end=\"2535\">u\u0161tknut\u00ed hmyzem<\/strong>, <strong data-start=\"2537\" data-end=\"2548\">sp\u00e1len\u00ed sluncem<\/strong> a <strong data-start=\"2554\" data-end=\"2580\">men\u0161\u00edch podr\u00e1\u017ed\u011bn\u00ed pleti<\/strong> chlazen\u00edm k\u016f\u017ee a sni\u017eov\u00e1n\u00edm sv\u011bd\u011bn\u00ed, zarudnut\u00ed a z\u00e1n\u011btu.<\/p>\n<h4 class=\"\" data-start=\"2651\" data-end=\"2692\">\u2714 Ide\u00e1ln\u00ed pro DIY a \u0159emesln\u00e9 projekty<\/h4>\n<p class=\"\" data-start=\"2693\" data-end=\"2880\">Skv\u011bl\u00e9 pro dom\u00e1c\u00ed v\u00fdrobu <strong data-start=\"2712\" data-end=\"2723\">sv\u00ed\u010dek<\/strong>, <strong data-start=\"2725\" data-end=\"2744\">p\u00e1rn\u00edch bomb do sprchy<\/strong>, <strong data-start=\"2746\" data-end=\"2755\">m\u00fddla<\/strong>, <strong data-start=\"2757\" data-end=\"2767\">mast\u00ed<\/strong> a <strong data-start=\"2773\" data-end=\"2796\">aromaterapeutick\u00fdch sm\u011bs\u00ed<\/strong>. Mentholov\u00e9 krystaly dod\u00e1vaj\u00ed sv\u011b\u017e\u00ed, \u010distou v\u016fni va\u0161im wellness a dom\u00e1c\u00edm produkt\u016fm.<\/p>\n<h3 class=\"\" data-start=\"2887\" data-end=\"2918\">Jak pou\u017e\u00edvat mentholov\u00e9 krystaly<\/h3>\n<h4 class=\"\" data-start=\"2920\" data-end=\"2970\">\ud83c\udf2c Pro \u00falevu od z\u00e1n\u011btu dutin a nachlazen\u00ed (parn\u00ed inhalace)<\/h4>\n<ol data-start=\"2972\" data-end=\"3216\">\n<li class=\"\" data-start=\"2972\" data-end=\"3027\">\n<p class=\"\" data-start=\"2975\" data-end=\"3027\"><strong data-start=\"2975\" data-end=\"2989\">Oh\u0159ejte vodu<\/strong> do varu a nalijte do m\u00edsy.<\/p>\n<\/li>\n<li class=\"\" data-start=\"3028\" data-end=\"3075\">\n<p class=\"\" data-start=\"3031\" data-end=\"3075\"><strong data-start=\"3031\" data-end=\"3054\">P\u0159idejte \u00bc a\u017e \u00bd l\u017ei\u010dky<\/strong> mentholov\u00fdch krystal\u016f.<\/p>\n<\/li>\n<li class=\"\" data-start=\"3076\" data-end=\"3147\">\n<p class=\"\" data-start=\"3079\" data-end=\"3147\"><strong data-start=\"3079\" data-end=\"3098\">P\u0159ikryjte hlavu<\/strong> ru\u010dn\u00edkem a hluboce inhalujte 5\u201310 minut.<\/p>\n<\/li>\n<li class=\"\" data-start=\"3148\" data-end=\"3216\">\n<p class=\"\" data-start=\"3151\" data-end=\"3216\">Pou\u017e\u00edvejte <strong data-start=\"3155\" data-end=\"3174\">1\u20132kr\u00e1t denn\u011b<\/strong> pro \u00falevu od ucpan\u00e9ho nosu a tlaku v dutin\u00e1ch.<\/p>\n<\/li>\n<\/ol>\n<h4 class=\"\" data-start=\"3218\" data-end=\"3256\"> Pro \u00falevu od bolesti sval\u016f a kloub\u016f<\/h4>\n<ul data-start=\"3258\" data-end=\"3448\">\n<li class=\"\" data-start=\"3258\" data-end=\"3338\">\n<p class=\"\" data-start=\"3260\" data-end=\"3338\">Sm\u00edchejte mentholov\u00e9 krystaly s <strong data-start=\"3288\" data-end=\"3303\">nosi\u010dem oleje<\/strong> (nap\u0159. kokosov\u00fdm, olivov\u00fdm nebo jojobov\u00fdm).<\/p>\n<\/li>\n<li class=\"\" data-start=\"3339\" data-end=\"3399\">\n<p class=\"\" data-start=\"3341\" data-end=\"3399\">Aplikujte na bolav\u00e1 m\u00edsta a jemn\u011b mas\u00edrujte pro chladivou \u00falevu.<\/p>\n<\/li>\n<li class=\"\" data-start=\"3400\" data-end=\"3448\">\n<p class=\"\" data-start=\"3402\" data-end=\"3448\">Ide\u00e1ln\u00ed pro regeneraci po cvi\u010den\u00ed nebo denn\u00ed pou\u017eit\u00ed.<\/p>\n<\/li>\n<\/ul>\n<h4 class=\"\" data-start=\"3450\" data-end=\"3490\"> Pro DIY p\u00e9\u010di o ple\u0165 a koupelov\u00e9 produkty<\/h4>\n<ul data-start=\"3492\" data-end=\"3651\">\n<li class=\"\" data-start=\"3492\" data-end=\"3580\">\n<p class=\"\" data-start=\"3494\" data-end=\"3580\">Sm\u00edchejte mal\u00e9 mno\u017estv\u00ed do <strong data-start=\"3519\" data-end=\"3530\">losion\u016f<\/strong>, <strong data-start=\"3532\" data-end=\"3545\">rt\u011bnek<\/strong>, <strong data-start=\"3547\" data-end=\"3559\">\u0161ampon\u016f<\/strong> nebo <strong data-start=\"3564\" data-end=\"3579\">kr\u00e9m\u016f na nohy<\/strong>.<\/p>\n<\/li>\n<li class=\"\" data-start=\"3581\" data-end=\"3651\">\n<p class=\"\" data-start=\"3583\" data-end=\"3651\">Pou\u017e\u00edvejte v <strong data-start=\"3590\" data-end=\"3604\">koupelov\u00fdch bomb\u00e1ch<\/strong> nebo <strong data-start=\"3608\" data-end=\"3618\">peelingech<\/strong> pro osv\u011b\u017euj\u00edc\u00ed chladiv\u00fd dotek.<\/p>\n<\/li>\n<\/ul>\n<h4 class=\"\" data-start=\"3653\" data-end=\"3691\"> Pro aromaterapii a dom\u00e1c\u00ed v\u016fn\u011b<\/h4>\n<ul data-start=\"3693\" data-end=\"3861\">\n<li class=\"\" data-start=\"3693\" data-end=\"3769\">\n<p class=\"\" data-start=\"3695\" data-end=\"3769\">P\u0159idejte n\u011bkolik krystal\u016f do <strong data-start=\"3719\" data-end=\"3733\">top\u00edtka vosku<\/strong>, <strong data-start=\"3735\" data-end=\"3745\">sv\u00ed\u010dky<\/strong> nebo <strong data-start=\"3750\" data-end=\"3768\">m\u00edsy s potpourri<\/strong>.<\/p>\n<\/li>\n<li class=\"\" data-start=\"3770\" data-end=\"3861\">\n<p class=\"\" data-start=\"3772\" data-end=\"3861\">Pou\u017e\u00edvejte v <strong data-start=\"3779\" data-end=\"3792\">difuz\u00e9rech<\/strong> nebo <strong data-start=\"3796\" data-end=\"3811\">zvlh\u010dova\u010d\u00edch<\/strong> k \u010di\u0161t\u011bn\u00ed a von\u011bn\u00ed vzduchu m\u00e1tovou sv\u011b\u017eest\u00ed.<\/p>\n<\/li>\n<\/ul>\n<h3 class=\"\" data-start=\"3868\" data-end=\"3906\">Pro\u010d vynikaj\u00ed na\u0161e mentholov\u00e9 krystaly<\/h3>\n<ul data-start=\"3908\" data-end=\"4225\">\n<li class=\"\" data-start=\"3908\" data-end=\"3995\">\n<p class=\"\" data-start=\"3910\" data-end=\"3995\">\u2714 <strong data-start=\"3912\" data-end=\"3935\">100% \u010cist\u00e9 a p\u0159\u00edrodn\u00ed<\/strong> \u2013 Z\u00edskan\u00e9 z vysoce kvalitn\u00edho <strong data-start=\"3962\" data-end=\"3995\">esenci\u00e1ln\u00edho oleje Mentha arvensis<\/strong><\/p>\n<\/li>\n<li class=\"\" data-start=\"3996\" data-end=\"4056\">\n<p class=\"\" data-start=\"3998\" data-end=\"4056\">\u2714 <strong data-start=\"4000\" data-end=\"4023\">Vysoce koncentrovan\u00e9<\/strong> \u2013 Mal\u00e9 mno\u017estv\u00ed sta\u010d\u00ed na dlouho<\/p>\n<\/li>\n<li class=\"\" data-start=\"4057\" data-end=\"4144\">\n<p class=\"\" data-start=\"4059\" data-end=\"4144\">\u2714 <strong data-start=\"4061\" data-end=\"4082\">V\u0161estrann\u00e9 pou\u017eit\u00ed<\/strong> \u2013 Ide\u00e1ln\u00ed pro zdravotn\u00ed prost\u0159edky, p\u00e9\u010di o ple\u0165, tvorbu a dom\u00e1c\u00ed pou\u017eit\u00ed<\/p>\n<\/li>\n<li class=\"\" data-start=\"4145\" data-end=\"4225\">\n<p class=\"\" data-start=\"4147\" data-end=\"4225\">\u2714 <strong data-start=\"4149\" data-end=\"4170\">Bezpe\u010dn\u00e9 a potravin\u00e1\u0159sk\u00e9<\/strong> \u2013 Vhodn\u00e9 pro kosmetick\u00e9 a osobn\u00ed p\u00e9\u010di<\/p>\n<\/li>\n<\/ul>\n<h3 class=\"\" data-start=\"4232\" data-end=\"4258\">Specifikace produktu<\/h3>\n<ul data-start=\"4260\" data-end=\"4484\">\n<li class=\"\" data-start=\"4260\" data-end=\"4291\">\n<p class=\"\" data-start=\"4262\" data-end=\"4291\"><strong data-start=\"4262\" data-end=\"4271\">Forma:<\/strong> Krystalick\u00e1 pevn\u00e1 l\u00e1tka<\/p>\n<\/li>\n<li class=\"\" data-start=\"4292\" data-end=\"4335\">\n<p class=\"\" data-start=\"4294\" data-end=\"4335\"><strong data-start=\"4294\" data-end=\"4305\">Objem:<\/strong> 60ml (opakovan\u011b uzav\u00edrateln\u00e1 n\u00e1doba)<\/p>\n<\/li>\n<li class=\"\" data-start=\"4336\" data-end=\"4393\">\n<p class=\"\" data-start=\"4338\" data-end=\"4393\"><strong data-start=\"4338\" data-end=\"4349\">P\u016fvod:<\/strong> Extrahov\u00e1no z Mentha arvensis (kuku\u0159i\u010dn\u00fd m\u00e1tov\u00fd)<\/p>\n<\/li>\n<li class=\"\" data-start=\"4394\" data-end=\"4423\">\n<p class=\"\" data-start=\"4396\" data-end=\"4423\"><strong data-start=\"4396\" data-end=\"4411\">Trvanlivost:<\/strong> 24 m\u011bs\u00edc\u016f<\/p>\n<\/li>\n<li class=\"\" data-start=\"4424\" data-end=\"4484\">\n<p class=\"\" data-start=\"4426\" data-end=\"4484\"><strong data-start=\"4426\" data-end=\"4438\">Skladov\u00e1n\u00ed:<\/strong> Uchov\u00e1vejte na chladn\u00e9m, such\u00e9m m\u00edst\u011b mimo slune\u010dn\u00ed svit<\/p>\n<\/li>\n<\/ul>\n<h3 class=\"\" data-start=\"4685\" data-end=\"4727\">Za\u017eijte chladivou s\u00edlu p\u0159\u00edrody<\/h3>\n<p class=\"\" data-start=\"4729\" data-end=\"5005\">\u010cist\u00e9, siln\u00e9 a v\u0161estrann\u00e9 \u2013 <strong data-start=\"4757\" data-end=\"4777\">Mentholov\u00e9 krystaly<\/strong> jsou nezbytnou sou\u010d\u00e1st\u00ed va\u0161\u00ed p\u0159irozen\u00e9 wellness v\u00fdbavy. A\u0165 uvol\u0148ujete ucpan\u00fd nos, zm\u00edr\u0148ujete bolesti sval\u016f nebo vyr\u00e1b\u00edte m\u00e1tov\u011b von\u00edc\u00ed produkty pro sebepe\u010dnost, tyto krystaly nab\u00edzej\u00ed <strong data-start=\"4960\" data-end=\"4980\">siln\u00e9 v\u00fdsledky<\/strong> s <strong data-start=\"4986\" data-end=\"5004\">minim\u00e1ln\u00edm \u00fasil\u00edm<\/strong>.<\/p>\n<p class=\"\" data-start=\"5012\" data-end=\"5169\">\ud83d\uded2 <strong data-start=\"5015\" data-end=\"5090\">Objednejte nyn\u00ed a u\u017eijte si bezplatnou lok\u00e1ln\u00ed dopravu v Hurghad\u011b + dod\u00e1n\u00ed po cel\u00e9m sv\u011bt\u011b!<\/strong><br data-start=\"5090\" data-end=\"5093\" \/>Nechte p\u0159\u00edrodu se postarat o va\u0161e zdrav\u00ed, komfort a kreativitu \u2013 je\u0161t\u011b dnes.<\/p>\n<p style=\"text-align: center;\">D\u011bkujeme za n\u00e1kup v <em data-start=\"415\" data-end=\"431\"><a href=\"https:\/\/bazaar.express\/\">Bazaar Express<\/a><\/em> \u2013 jsme nad\u0161en\u00ed, \u017ee jste tu!<\/p>\n<p style=\"text-align: center;\">Va\u0161e cesta k lep\u0161\u00ed sebepe\u010dnosti za\u010d\u00edn\u00e1 zde \u2013 s <a href=\"https:\/\/bazaar.express\/product-category\/beauty-care\/\">Beauty &#038; Care<\/a>, kter\u00e9 si m\u016f\u017eete v\u011b\u0159it.<\/p>\n","protected":false},"excerpt":{"rendered":"<h3 data-start=\"556\" data-end=\"798\">Mentholov\u00e9 krystaly (60ml) jsou 100% \u010dist\u00e9 a p\u0159\u00edrodn\u00ed, z\u00edskan\u00e9 z oleje Mentha arvensis. Zn\u00e1m\u00e9 sv\u00fdm intenzivn\u00edm chladiv\u00fdm \u00fa\u010dinkem, jsou ide\u00e1ln\u00ed pro \u00falevu od ucpan\u00e9ho nosu, zm\u00edrn\u011bn\u00ed bolesti, podporu relaxace a vylep\u0161en\u00ed p\u00e9\u010de o ple\u0165 nebo DIY produkt\u016f.<\/h3>\n","protected":false},"featured_media":35838,"comment_status":"open","ping_status":"closed","template":"","meta":[],"product_brand":[],"product_cat":[786,788],"product_tag":[],"class_list":{"0":"post-35830","1":"product","2":"type-product","3":"status-publish","4":"has-post-thumbnail","6":"product_cat-pece-o-krasu","7":"product_cat-to-nejlepsi-z-egypta","8":"pa_l-xl-60ml","10":"first","11":"instock","12":"sale","13":"shipping-taxable","14":"purchasable","15":"product-type-simple"},"_links":{"self":[{"href":"https:\/\/bazaar.express\/cs\/wp-json\/wp\/v2\/product\/35830","targetHints":{"allow":["GET"]}}],"collection":[{"href":"https:\/\/bazaar.express\/cs\/wp-json\/wp\/v2\/product"}],"about":[{"href":"https:\/\/bazaar.express\/cs\/wp-json\/wp\/v2\/types\/product"}],"replies":[{"embeddable":true,"href":"https:\/\/bazaar.express\/cs\/wp-json\/wp\/v2\/comments?post=35830"}],"wp:featuredmedia":[{"embeddable":true,"href":"https:\/\/bazaar.express\/cs\/wp-json\/wp\/v2\/media\/35838"}],"wp:attachment":[{"href":"https:\/\/bazaar.express\/cs\/wp-json\/wp\/v2\/media?parent=35830"}],"wp:term":[{"taxonomy":"product_brand","embeddable":true,"href":"https:\/\/bazaar.express\/cs\/wp-json\/wp\/v2\/product_brand?post=35830"},{"taxonomy":"product_cat","embeddable":true,"href":"https:\/\/bazaar.express\/cs\/wp-json\/wp\/v2\/product_cat?post=35830"},{"taxonomy":"product_tag","embeddable":true,"href":"https:\/\/bazaar.express\/cs\/wp-json\/wp\/v2\/product_tag?post=35830"}],"curies":[{"name":"wp","href":"https:\/\/api.w.org\/{rel}","templated":true}]}}