{"id":35846,"date":"2025-02-25T00:00:38","date_gmt":"2025-02-25T00:00:38","guid":{"rendered":"https:\/\/bazaar.express\/product\/mentholove-krystaly-2\/"},"modified":"2025-11-01T16:18:53","modified_gmt":"2025-11-01T16:18:53","slug":"mentholove-krystaly-2","status":"publish","type":"product","link":"https:\/\/bazaar.express\/cs\/produkt\/mentholove-krystaly-2\/","title":{"rendered":"Mentholov\u00e9 krystaly"},"content":{"rendered":"<h2 data-start=\"292\" data-end=\"369\">Mentholov\u00e9 krystaly \u2013 \u010cist\u00e1 p\u0159\u00edrodn\u00ed \u00faleva pro dutiny, svaly a aromaterapii<\/h2>\n<h3 data-start=\"371\" data-end=\"411\">Za\u017eijte s\u00edlu \u010dist\u00e9ho mentolu<\/h3>\n<p data-start=\"413\" data-end=\"833\">Na\u0161e 100% p\u0159\u00edrodn\u00ed mentholov\u00e9 krystaly nab\u00edzej\u00ed siln\u00e9 \u0159e\u0161en\u00ed pro \u00falevu od ucpan\u00e9ho nosu, uvoln\u011bn\u00ed bolav\u00fdch sval\u016f a vylep\u0161en\u00ed va\u0161\u00ed aromaterapeutick\u00e9 zku\u0161enosti. Extrahovan\u00e9 z pr\u00e9miov\u00e9ho <strong data-start=\"593\" data-end=\"629\">peprmintov\u00e9ho oleje (Mentha arvensis)<\/strong>, tyto krystaly poskytuj\u00ed chladiv\u00fd pocit, kter\u00fd uvoln\u00ed va\u0161e d\u00fdchac\u00ed cesty a podpo\u0159\u00ed relaxaci. Balen\u00e9 v Egypt\u011b spole\u010dnost\u00ed <strong data-start=\"743\" data-end=\"752\">Tnerh<\/strong>, ka\u017ed\u00e1 sklenice zaru\u010duje vysokou \u010distotu, dlouhodobou sv\u011b\u017eest a vynikaj\u00edc\u00ed v\u00fdkon.<\/p>\n<p data-start=\"835\" data-end=\"990\">A\u0165 u\u017e chcete l\u00e9pe d\u00fdchat, uklidnit sv\u00e9 t\u011blo nebo osv\u011b\u017eit sv\u00e9 okol\u00ed, mentholov\u00e9 krystaly Tnerh jsou nezbytnost\u00ed va\u0161\u00ed wellness rutiny.<\/p>\n<h3 data-start=\"997\" data-end=\"1035\">Pro\u010d si vybrat mentholov\u00e9 krystaly Tnerh?<\/h3>\n<p data-start=\"1037\" data-end=\"1621\">\u2714 <strong data-start=\"1039\" data-end=\"1060\">Rychl\u00e1 \u00faleva od z\u00e1n\u011btu dutin<\/strong> \u2013 Okam\u017eit\u011b otev\u0159e ucpan\u00e9 dutiny a zm\u00edrn\u00ed z\u00e1n\u011bt nosu.<br data-start=\"1122\" data-end=\"1125\" \/>\u2714 <strong data-start=\"1127\" data-end=\"1159\">Chladiv\u00fd a uklid\u0148uj\u00edc\u00ed pocit<\/strong> \u2013 Uklidn\u00ed podr\u00e1\u017ed\u011bn\u00ed k\u016f\u017ee, bodnut\u00ed hmyzem a drobn\u00e9 pop\u00e1leniny.<br data-start=\"1215\" data-end=\"1218\" \/>\u2714 <strong data-start=\"1220\" data-end=\"1242\">Pos\u00edlen\u00ed aromaterapie<\/strong> \u2013 Dod\u00e1 \u010distou, sv\u011b\u017e\u00ed v\u016fni, kter\u00e1 podporuje relaxaci a ment\u00e1ln\u00ed jasnost.<br data-start=\"1319\" data-end=\"1322\" \/>\u2714 <strong data-start=\"1324\" data-end=\"1341\">Univerz\u00e1ln\u00ed pou\u017eit\u00ed<\/strong> \u2013 Ide\u00e1ln\u00ed pro inhalaci p\u00e1ry, svalov\u00e9 masti, p\u0159\u00edrodn\u00ed deodoranty a dom\u00e1c\u00ed kosmetiku.<br data-start=\"1425\" data-end=\"1428\" \/>\u2714 <strong data-start=\"1430\" data-end=\"1462\">100% p\u0159\u00edrodn\u00ed a bez p\u0159\u00edsad<\/strong> \u2013 \u017d\u00e1dn\u00e9 syntetick\u00e9 chemik\u00e1lie \u2013 pouze \u010dist\u00fd mentol z peprmintov\u00e9ho oleje.<br data-start=\"1528\" data-end=\"1531\" \/>\u2714 <strong data-start=\"1533\" data-end=\"1552\">Dlouh\u00e1 trvanlivost<\/strong> \u2013 Vysokokvalitn\u00ed krystaly si udr\u017euj\u00ed svou s\u00edlu a v\u016fni v pr\u016fb\u011bhu \u010dasu.<\/p>\n<h3 data-start=\"1628\" data-end=\"1676\">Jak pou\u017e\u00edvat mentholov\u00e9 krystaly pro \u00falevu od z\u00e1n\u011btu dutin<\/h3>\n<ol data-start=\"1678\" data-end=\"2110\">\n<li data-start=\"1678\" data-end=\"1781\">\n<p data-start=\"1681\" data-end=\"1781\"><strong data-start=\"1681\" data-end=\"1702\">Bezpe\u010dn\u011b oh\u0159ejte vodu<\/strong> \u2013 P\u0159ive\u010fte vodu k varu a nechte ji m\u00edrn\u011b vychladnout, pot\u00e9 nalijte do teplem odoln\u00e9 m\u00edsy.<\/p>\n<\/li>\n<li data-start=\"1782\" data-end=\"1850\">\n<p data-start=\"1785\" data-end=\"1850\"><strong data-start=\"1785\" data-end=\"1801\">P\u0159idejte krystaly<\/strong> \u2013 Pou\u017eijte 1\/4 a\u017e 1\/2 l\u017ei\u010dky mentholov\u00fdch krystal\u016f.<\/p>\n<\/li>\n<li data-start=\"1851\" data-end=\"1949\">\n<p data-start=\"1854\" data-end=\"1949\"><strong data-start=\"1854\" data-end=\"1875\">Vdejte p\u00e1ry<\/strong> \u2013 P\u0159ikryjte si hlavu ru\u010dn\u00edkem, naklo\u0148te se nad m\u00edsu a hluboce d\u00fdchejte.<\/p>\n<\/li>\n<li data-start=\"1950\" data-end=\"2040\">\n<p data-start=\"1953\" data-end=\"2040\"><strong data-start=\"1953\" data-end=\"1972\">C\u00edt\u00edte \u00falevu<\/strong> \u2013 Uvoln\u00ed nosn\u00ed dutiny, zm\u00edrn\u00ed tlak a zm\u00edrn\u00ed nepohodl\u00ed.<\/p>\n<\/li>\n<li data-start=\"2041\" data-end=\"2110\">\n<p data-start=\"2044\" data-end=\"2110\"><strong data-start=\"2044\" data-end=\"2064\">Opakujte podle pot\u0159eby<\/strong> \u2013 Pou\u017e\u00edvejte jednou nebo dvakr\u00e1t denn\u011b pro pokra\u010duj\u00edc\u00ed \u00falevu.<\/p>\n<\/li>\n<\/ol>\n<p data-start=\"2112\" data-end=\"2200\">\ud83d\udca1 Profesion\u00e1ln\u00ed tip: Kombinujte s eukalyptov\u00fdm nebo \u010dajovn\u00edkov\u00fdm olejem pro zes\u00edlen\u00e9 dekongestivn\u00ed \u00fa\u010dinky.<\/p>\n<h3 data-start=\"2207\" data-end=\"2247\">Dal\u0161\u00ed pou\u017eit\u00ed mentholov\u00fdch krystal\u016f<\/h3>\n<p data-start=\"2249\" data-end=\"2722\">\u2714 <strong data-start=\"2251\" data-end=\"2277\">Aromaterapeutick\u00e9 difuz\u00e9ry<\/strong> \u2013 P\u0159idejte do difuz\u00e9r\u016f nebo m\u00eds s potpourri pro osv\u011b\u017een\u00ed a \u010di\u0161t\u011bn\u00ed vzduchu.<br data-start=\"2346\" data-end=\"2349\" \/>\u2714 <strong data-start=\"2351\" data-end=\"2374\">Masti na svaly a klouby<\/strong> \u2013 Rozpus\u0165te v nosn\u00fdch olej\u00edch nebo mast\u00edch pro \u00falevu od bolesti a nap\u011bt\u00ed.<br data-start=\"2437\" data-end=\"2440\" \/>\u2714 <strong data-start=\"2442\" data-end=\"2470\">Dom\u00e1c\u00ed produkty pro poko\u017eku a t\u011blo<\/strong> \u2013 Za\u010dle\u0148te do dom\u00e1c\u00edch kr\u00e9m\u016f, balz\u00e1m\u016f na rty a m\u00fddel.<br data-start=\"2528\" data-end=\"2531\" \/>\u2714 <strong data-start=\"2533\" data-end=\"2554\"> p\u00e9\u010de o ka\u0161el a nachlazen\u00ed<\/strong> \u2013 P\u0159idejte do p\u0159\u00edrodn\u00edch hrudn\u00edch masti pro usnadn\u011bn\u00ed d\u00fdch\u00e1n\u00ed a uklidn\u011bn\u00ed ka\u0161le.<br data-start=\"2619\" data-end=\"2622\" \/>\u2714 <strong data-start=\"2624\" data-end=\"2656\">Sprchov\u00e9 parn\u00ed bomby a koupelov\u00e9 bomby<\/strong> \u2013 Vylep\u0161ete svou rutinu p\u00e9\u010de o sebe osv\u011b\u017euj\u00edc\u00ed mentolovou v\u016fn\u00ed.<\/p>\n<h3 data-start=\"2729\" data-end=\"2775\">Pr\u00e9miov\u00e1 kvalita \u2013 Balen\u00e9 v Egypt\u011b spole\u010dnost\u00ed Tnerh<\/h3>\n<p data-start=\"2777\" data-end=\"2994\">Mentholov\u00e9 krystaly Tnerh jsou extrahov\u00e1ny a krystalizov\u00e1ny p\u0159\u00edrodn\u00edm procesem, aby se zachovala pln\u00e1 potence \u010dist\u00e9ho mentolu. Na\u0161e balen\u00ed o 60 g jsou ut\u011bsn\u011bn\u00e1 pro zachov\u00e1n\u00ed sv\u011b\u017eesti a poskytnut\u00ed konzistentn\u00edch v\u00fdsledk\u016f p\u0159i ka\u017ed\u00e9m pou\u017eit\u00ed.<\/p>\n<ul data-start=\"2996\" data-end=\"3134\">\n<li data-start=\"2996\" data-end=\"3057\">\n<p data-start=\"2998\" data-end=\"3057\"><strong data-start=\"2998\" data-end=\"3016\">Bod taven\u00ed:<\/strong> 42\u00b0C (ide\u00e1ln\u00ed pro p\u00e1ru a topick\u00e9 pou\u017eit\u00ed)<\/p>\n<\/li>\n<li data-start=\"3058\" data-end=\"3108\">\n<p data-start=\"3060\" data-end=\"3108\"><strong data-start=\"3060\" data-end=\"3071\">Zdroj:<\/strong> Mentha arvensis (peprmintov\u00e1 rostlina)<\/p>\n<\/li>\n<li data-start=\"3109\" data-end=\"3134\">\n<p data-start=\"3111\" data-end=\"3134\"><strong data-start=\"3111\" data-end=\"3125\">Velikost balen\u00ed:<\/strong> 60 gram\u016f<\/p>\n<\/li>\n<\/ul>\n<p data-start=\"3359\" data-end=\"3522\">P\u0159evezm\u011bte kontrolu nad sv\u00fdm wellness p\u0159irozen\u011b.<br data-start=\"3404\" data-end=\"3407\" \/>Objednejte si dnes <strong data-start=\"3413\" data-end=\"3439\">mentholov\u00e9 krystaly Tnerh<\/strong> a u\u017eijte si osv\u011b\u017euj\u00edc\u00ed, uklid\u0148uj\u00edc\u00ed a terapeutick\u00e9 p\u0159\u00ednosy \u010dist\u00e9ho mentolu.<\/p>\n<p>&nbsp;<\/p>\n<p style=\"text-align: center;\">D\u011bkujeme za n\u00e1kup v <em data-start=\"415\" data-end=\"431\"><a href=\"https:\/\/bazaar.express\/\">Bazaar Express<\/a><\/em> \u2013 jsme nad\u0161en\u00ed, \u017ee jste u n\u00e1s!<\/p>\n<p style=\"text-align: center;\">Va\u0161e cesta k lep\u0161\u00ed p\u00e9\u010di o sebe za\u010d\u00edn\u00e1 zde \u2013 s <a href=\"https:\/\/bazaar.express\/product-category\/beauty-care\/\">Beauty &#038; Care<\/a>, kter\u00e9 si m\u016f\u017eete v\u011b\u0159it.<\/p>\n","protected":false},"excerpt":{"rendered":"<h3 data-start=\"355\" data-end=\"556\">Mentholov\u00e9 krystaly jsou 100% \u010dist\u00fd extrakt z m\u00e1ty peprn\u00e9, poskytuj\u00edc\u00ed p\u0159\u00edrodn\u00ed \u00falevu od z\u00e1n\u011btu dutin, bolesti sval\u016f a vylep\u0161uj\u00edc\u00ed aromaterapii. Jednodu\u0161e p\u0159idejte do p\u00e1ry nebo sm\u00edchejte s oleji pro chladiv\u00fd efekt.<\/h3>\n","protected":false},"featured_media":35851,"comment_status":"open","ping_status":"closed","template":"","meta":[],"product_brand":[],"product_cat":[786,788,789],"product_tag":[],"class_list":{"0":"post-35846","1":"product","2":"type-product","3":"status-publish","4":"has-post-thumbnail","6":"product_cat-pece-o-krasu","7":"product_cat-to-nejlepsi-z-egypta","8":"product_cat-horke-nabidky","9":"pa_l-xl-60g","11":"first","12":"instock","13":"sale","14":"shipping-taxable","15":"purchasable","16":"product-type-simple"},"_links":{"self":[{"href":"https:\/\/bazaar.express\/cs\/wp-json\/wp\/v2\/product\/35846","targetHints":{"allow":["GET"]}}],"collection":[{"href":"https:\/\/bazaar.express\/cs\/wp-json\/wp\/v2\/product"}],"about":[{"href":"https:\/\/bazaar.express\/cs\/wp-json\/wp\/v2\/types\/product"}],"replies":[{"embeddable":true,"href":"https:\/\/bazaar.express\/cs\/wp-json\/wp\/v2\/comments?post=35846"}],"wp:featuredmedia":[{"embeddable":true,"href":"https:\/\/bazaar.express\/cs\/wp-json\/wp\/v2\/media\/35851"}],"wp:attachment":[{"href":"https:\/\/bazaar.express\/cs\/wp-json\/wp\/v2\/media?parent=35846"}],"wp:term":[{"taxonomy":"product_brand","embeddable":true,"href":"https:\/\/bazaar.express\/cs\/wp-json\/wp\/v2\/product_brand?post=35846"},{"taxonomy":"product_cat","embeddable":true,"href":"https:\/\/bazaar.express\/cs\/wp-json\/wp\/v2\/product_cat?post=35846"},{"taxonomy":"product_tag","embeddable":true,"href":"https:\/\/bazaar.express\/cs\/wp-json\/wp\/v2\/product_tag?post=35846"}],"curies":[{"name":"wp","href":"https:\/\/api.w.org\/{rel}","templated":true}]}}