{"id":35852,"date":"2025-02-24T00:41:20","date_gmt":"2025-02-24T00:41:20","guid":{"rendered":"https:\/\/bazaar.express\/product\/kolagenovy-krem-3\/"},"modified":"2025-11-01T16:18:54","modified_gmt":"2025-11-01T16:18:54","slug":"kolagenovy-krem-3","status":"publish","type":"product","link":"https:\/\/bazaar.express\/cs\/produkt\/kolagenovy-krem-3\/","title":{"rendered":"Kolagenov\u00fd kr\u00e9m"},"content":{"rendered":"<h2 data-start=\"212\" data-end=\"281\">Kolagenov\u00fd kr\u00e9m \u2013 Obnovte pevnou, mladistvou ple\u0165 p\u0159irozen\u011b (30g)<\/h2>\n<h3 data-start=\"283\" data-end=\"334\">Obnovte svou ple\u0165 hlubokou podporou kolagenu<\/h3>\n<p data-start=\"336\" data-end=\"709\">Hled\u00e1te \u00fa\u010dinn\u00e9 \u0159e\u0161en\u00ed proti st\u00e1rnut\u00ed, kter\u00e9 hluboce hydratuje, spev\u0148uje a redukuje vr\u00e1sky? <strong data-start=\"432\" data-end=\"456\">Sanso Collagen Cream<\/strong> je va\u0161\u00ed ide\u00e1ln\u00ed volbou pro obnoven\u00ed ztracen\u00e9ho kolagenu, spevn\u011bn\u00ed pleti a zlep\u0161en\u00ed jej\u00edho t\u00f3nu a textury. Navr\u017een\u00fd pro denn\u00ed pou\u017eit\u00ed, tento luxusn\u00ed, ale lehk\u00fd kr\u00e9m pronik\u00e1 hluboko, podporuje regeneraci kolagenu a udr\u017euje va\u0161i ple\u0165 z\u00e1\u0159ivou a mladistvou.<\/p>\n<p data-start=\"711\" data-end=\"944\">Vyroben\u00fd z potentn\u00ed sm\u011bsi p\u0159\u00edrodn\u00edch ingredienc\u00ed jako <strong data-start=\"769\" data-end=\"828\"> rozpustn\u00fd kolagen, atelokolagen, m\u00e1slo shea, vitamin E<\/strong> a <strong data-start=\"834\" data-end=\"863\">extrakt z Boswellia Serrata<\/strong>, tento kr\u00e9m c\u00edl\u00ed na viditeln\u00e9 zn\u00e1mky st\u00e1rnut\u00ed a je \u0161etrn\u00fd ke v\u0161em typ\u016fm pleti.<\/p>\n<h3 data-start=\"951\" data-end=\"987\">Pro\u010d si vybrat Sanso Collagen Cream?<\/h3>\n<p data-start=\"989\" data-end=\"1107\">\u2714 <strong data-start=\"991\" data-end=\"1024\">Redukuje jemn\u00e9 linky a vr\u00e1sky<\/strong><br data-start=\"1024\" data-end=\"1027\" \/>Vyhlazuje zn\u00e1mky st\u00e1rnut\u00ed vypln\u011bn\u00edm linek a podpo\u0159en\u00edm tvorby kolagenu.<\/p>\n<p data-start=\"1109\" data-end=\"1213\">\u2714 <strong data-start=\"1111\" data-end=\"1148\">Zv\u00fd\u0161\u00ed pevnost a elasticitu pleti<\/strong><br data-start=\"1148\" data-end=\"1151\" \/>Obnovuje pru\u017enost a s\u00edlu pro povislou nebo unavenou ple\u0165.<\/p>\n<p data-start=\"1215\" data-end=\"1324\">\u2714 <strong data-start=\"1217\" data-end=\"1255\">Hluboce hydratuje bez mastnoty<\/strong><br data-start=\"1255\" data-end=\"1258\" \/>Vy\u017eivuje ple\u0165 hluboce, ani\u017e by ucp\u00e1vala p\u00f3ry nebo p\u016fsobila t\u011b\u017ece.<\/p>\n<p data-start=\"1326\" data-end=\"1425\">\u2714 <strong data-start=\"1328\" data-end=\"1363\">Zlep\u0161uje t\u00f3n a jas pleti<\/strong><br data-start=\"1363\" data-end=\"1366\" \/>Vyrovn\u00e1v\u00e1 ple\u0165ov\u00fd t\u00f3n a redukuje nudnost pro sv\u011b\u017e\u00ed z\u00e1\u0159i.<\/p>\n<p data-start=\"1427\" data-end=\"1540\">\u2714 <strong data-start=\"1429\" data-end=\"1454\">\u0160etrn\u00e1, \u010dist\u00e1 formule<\/strong><br data-start=\"1454\" data-end=\"1457\" \/>Bez paraben\u016f, um\u011bl\u00fdch barviv a drsn\u00fdch v\u016fn\u00ed \u2013 ide\u00e1ln\u00ed pro citlivou ple\u0165.<\/p>\n<p data-start=\"1542\" data-end=\"1670\">\u2714 <strong data-start=\"1544\" data-end=\"1574\">Vhodn\u00fd pro v\u0161echny typy pleti<\/strong><br data-start=\"1574\" data-end=\"1577\" \/>A\u0165 m\u00e1te suchou, mastnou, sm\u00ed\u0161enou nebo citlivou ple\u0165 \u2013 tento kr\u00e9m se p\u0159izp\u016fsob\u00ed.<\/p>\n<h3 data-start=\"1677\" data-end=\"1714\">Kl\u00ed\u010dov\u00e9 aktivn\u00ed slo\u017eky a jejich p\u0159\u00ednosy<\/h3>\n<p data-start=\"1716\" data-end=\"1840\"><strong data-start=\"1716\" data-end=\"1752\">Rozpustn\u00fd kolagen a atelokolagen<\/strong><br data-start=\"1752\" data-end=\"1755\" \/>Zv\u00fd\u0161\u00ed elasticitu pleti, podporuj\u00ed regeneraci bun\u011bk a obnovuj\u00ed pevnost st\u00e1rnouc\u00ed pleti.<\/p>\n<p data-start=\"1842\" data-end=\"1946\"><strong data-start=\"1842\" data-end=\"1871\">Extrakt z Boswellia Serrata<\/strong><br data-start=\"1871\" data-end=\"1874\" \/>Uklid\u0148uj\u00edc\u00ed rostlinn\u00fd extrakt, kter\u00fd zm\u00edr\u0148uje z\u00e1n\u011bty a podporuje hojen\u00ed pleti.<\/p>\n<p data-start=\"1948\" data-end=\"2057\"><strong data-start=\"1948\" data-end=\"1974\">M\u00e1slo shea a glycerin<\/strong><br data-start=\"1974\" data-end=\"1977\" \/>Intenzivn\u011b hydratuj\u00ed a uzamykaj\u00ed vlhkost, udr\u017euj\u00ed ple\u0165 m\u011bkkou a plnou cel\u00fd den.<\/p>\n<p data-start=\"2059\" data-end=\"2179\"><strong data-start=\"2059\" data-end=\"2085\">Vitamin E (tokoferol)<\/strong><br data-start=\"2085\" data-end=\"2088\" \/>Siln\u00fd antioxidant, kter\u00fd chr\u00e1n\u00ed va\u0161i ple\u0165 p\u0159ed voln\u00fdmi radik\u00e1ly a environment\u00e1ln\u00edm po\u0161kozen\u00edm.<\/p>\n<p data-start=\"2181\" data-end=\"2265\"><strong data-start=\"2181\" data-end=\"2208\">Sodn\u00fd chlorid sulf\u00e1t<\/strong><br data-start=\"2208\" data-end=\"2211\" \/>Podporuje obnovu pleti a zlep\u0161uje hladkost textury.<\/p>\n<h3 data-start=\"2272\" data-end=\"2307\">Jak pou\u017e\u00edvat Sanso Collagen Cream<\/h3>\n<ol data-start=\"2309\" data-end=\"2656\">\n<li data-start=\"2309\" data-end=\"2388\">\n<p data-start=\"2312\" data-end=\"2388\"><strong data-start=\"2312\" data-end=\"2333\">Vy\u010dist\u011bte ple\u0165<\/strong> \u2013 Omyjte obli\u010dej jemn\u00fdm \u010distic\u00edm prost\u0159edkem a osu\u0161te.<\/p>\n<\/li>\n<li data-start=\"2389\" data-end=\"2482\">\n<p data-start=\"2392\" data-end=\"2482\"><strong data-start=\"2392\" data-end=\"2411\">Aplikujte kr\u00e9m<\/strong> \u2013 Vezm\u011bte mal\u00e9 mno\u017estv\u00ed a jemn\u011b vmas\u00edrujte do obli\u010deje a krku.<\/p>\n<\/li>\n<li data-start=\"2483\" data-end=\"2574\">\n<p data-start=\"2486\" data-end=\"2574\"><strong data-start=\"2486\" data-end=\"2504\">Jemn\u011b mas\u00edrujte<\/strong> \u2013 Pou\u017e\u00edvejte kruhov\u00e9 pohyby pro lep\u0161\u00ed vst\u0159eb\u00e1v\u00e1n\u00ed a krevn\u00ed ob\u011bh.<\/p>\n<\/li>\n<li data-start=\"2575\" data-end=\"2656\">\n<p data-start=\"2578\" data-end=\"2656\"><strong data-start=\"2578\" data-end=\"2597\">Pou\u017e\u00edvejte dvakr\u00e1t denn\u011b<\/strong> \u2013 Aplikujte r\u00e1no a p\u0159ed span\u00edm pro maxim\u00e1ln\u00ed v\u00fdsledky.<\/p>\n<\/li>\n<\/ol>\n<p data-start=\"2658\" data-end=\"2766\"><strong data-start=\"2658\" data-end=\"2670\">Tip pro profesion\u00e1ly:<\/strong> Kombinujte s Sanso Collagen Serum nebo aplikujte po obl\u00edben\u00e9m toniku pro vrstvenou p\u00e9\u010di o ple\u0165.<\/p>\n<h3 data-start=\"2773\" data-end=\"2827\">Vyrobeno v Egypt\u011b \u2013 Kvalita inspirovan\u00e1 p\u0159\u00edrodn\u00ed kr\u00e1sou<\/h3>\n<p data-start=\"2829\" data-end=\"3106\">Sanso Collagen Cream je hrd\u011b vyroben v Egypt\u011b z pr\u00e9miov\u00fdch ingredienc\u00ed. Odr\u00e1\u017e\u00ed s\u00edlu m\u00edstn\u00edch tradic p\u00e9\u010de o ple\u0165 spojen\u00fdch s pokro\u010dilou kosmetickou v\u011bdou. A\u0165 bojuje proti \u010dasn\u00fdm zn\u00e1mk\u00e1m st\u00e1rnut\u00ed nebo udr\u017eujete mladistvou ple\u0165, tento kr\u00e9m je va\u0161\u00ed denn\u00ed nezbytnost\u00ed.<\/p>\n<p data-start=\"3224\" data-end=\"3331\">\n<p data-start=\"3338\" data-end=\"3430\"><strong data-start=\"3338\" data-end=\"3430\">Objevte znovu p\u0159irozenou kr\u00e1su a s\u00edlu va\u0161\u00ed pleti s Sanso Collagen Cream \u2013 Nakupte nyn\u00ed!<\/strong><\/p>\n<p style=\"text-align: center;\">D\u011bkujeme za n\u00e1kup v <em data-start=\"415\" data-end=\"431\"><a href=\"https:\/\/bazaar.express\/\">Bazaar Express<\/a><\/em> \u2013 jsme nad\u0161en\u00ed, \u017ee jste tu!<\/p>\n<p style=\"text-align: center;\">Va\u0161e cesta k lep\u0161\u00ed p\u00e9\u010di o sebe za\u010d\u00edn\u00e1 zde \u2013 s <a href=\"https:\/\/bazaar.express\/product-category\/beauty-care\/\">Beauty &#038; Care<\/a>, kter\u00e9 si m\u016f\u017eete v\u011b\u0159it.<\/p>\n","protected":false},"excerpt":{"rendered":"<h3 data-start=\"396\" data-end=\"615\">Sanso Collagen Cream (30g) poskytuje hlubokou hydrataci, spev\u0148uje ple\u0165 a redukuje zn\u00e1mky st\u00e1rnut\u00ed. Pln\u00fd kolagenu, m\u00e1sla shea a vitam\u00ednu E \u2013 ide\u00e1ln\u00ed pro v\u0161echny typy pleti.<\/h3>\n","protected":false},"featured_media":35854,"comment_status":"open","ping_status":"closed","template":"","meta":[],"product_brand":[],"product_cat":[786,788],"product_tag":[781,790,783],"class_list":{"0":"post-35852","1":"product","2":"type-product","3":"status-publish","4":"has-post-thumbnail","6":"product_cat-pece-o-krasu","7":"product_cat-to-nejlepsi-z-egypta","8":"product_tag-olej","9":"product_tag-pece-o-krasu","10":"product_tag-pece-o-plet","12":"first","13":"instock","14":"shipping-taxable","15":"purchasable","16":"product-type-simple"},"_links":{"self":[{"href":"https:\/\/bazaar.express\/cs\/wp-json\/wp\/v2\/product\/35852","targetHints":{"allow":["GET"]}}],"collection":[{"href":"https:\/\/bazaar.express\/cs\/wp-json\/wp\/v2\/product"}],"about":[{"href":"https:\/\/bazaar.express\/cs\/wp-json\/wp\/v2\/types\/product"}],"replies":[{"embeddable":true,"href":"https:\/\/bazaar.express\/cs\/wp-json\/wp\/v2\/comments?post=35852"}],"wp:featuredmedia":[{"embeddable":true,"href":"https:\/\/bazaar.express\/cs\/wp-json\/wp\/v2\/media\/35854"}],"wp:attachment":[{"href":"https:\/\/bazaar.express\/cs\/wp-json\/wp\/v2\/media?parent=35852"}],"wp:term":[{"taxonomy":"product_brand","embeddable":true,"href":"https:\/\/bazaar.express\/cs\/wp-json\/wp\/v2\/product_brand?post=35852"},{"taxonomy":"product_cat","embeddable":true,"href":"https:\/\/bazaar.express\/cs\/wp-json\/wp\/v2\/product_cat?post=35852"},{"taxonomy":"product_tag","embeddable":true,"href":"https:\/\/bazaar.express\/cs\/wp-json\/wp\/v2\/product_tag?post=35852"}],"curies":[{"name":"wp","href":"https:\/\/api.w.org\/{rel}","templated":true}]}}