{"id":35865,"date":"2025-02-25T15:20:15","date_gmt":"2025-02-25T15:20:15","guid":{"rendered":"https:\/\/bazaar.express\/product\/serum-na-vlasy-s-arganem\/"},"modified":"2025-11-01T16:18:57","modified_gmt":"2025-11-01T16:18:57","slug":"serum-na-vlasy-s-arganem","status":"publish","type":"product","link":"https:\/\/bazaar.express\/cs\/produkt\/serum-na-vlasy-s-arganem\/","title":{"rendered":"S\u00e9rum na vlasy s arganem"},"content":{"rendered":"<h2 data-start=\"290\" data-end=\"358\">S\u00e9rum na vlasy s arganem \u2013 Hlubok\u00e1 oprava a p\u0159\u00edrodn\u00ed lesk pro v\u0161echny typy vlas\u016f<\/h2>\n<p data-start=\"360\" data-end=\"798\">Hled\u00e1te dokonal\u00e9 \u0159e\u0161en\u00ed pro obnovu such\u00fdch, kade\u0159av\u00fdch nebo po\u0161kozen\u00fdch vlas\u016f? Na\u0161e <strong data-start=\"438\" data-end=\"468\">Tnerh Arganov\u00e9 olejov\u00e9 s\u00e9rum na vlasy<\/strong> poskytuje pokro\u010dilou p\u00e9\u010di o vlasy s v\u00fdkonnou sm\u011bs\u00ed <strong data-start=\"522\" data-end=\"562\">p\u0159\u00edrodn\u00edch olej\u016f a esenci\u00e1ln\u00edch \u017eivin<\/strong>, v\u010detn\u011b <strong data-start=\"574\" data-end=\"634\">arganov\u00e9ho oleje, jojobov\u00e9ho oleje, omega 6, vitam\u00ednu A a vitam\u00ednu E<\/strong>. A\u0165 u\u017e m\u00e1te kudrnat\u00e9, rovn\u00e9, farben\u00e9 nebo teplem po\u0161kozen\u00e9 vlasy, toto s\u00e9rum nab\u00edz\u00ed dlouhotrvaj\u00edc\u00ed vlhkost, ochranu a hedv\u00e1bn\u00fd lesk bez mastn\u00e9ho pocitu.<\/p>\n<h3 data-start=\"805\" data-end=\"843\">Pro\u010d si vybrat Tnerh Arganov\u00e9 s\u00e9rum na vlasy?<\/h3>\n<p data-start=\"845\" data-end=\"980\">\u2714 <strong data-start=\"847\" data-end=\"885\">Intenzivn\u00ed vlhkost a kontrola kade\u0159avosti<\/strong><br data-start=\"885\" data-end=\"888\" \/>Hloubkov\u011b hydratuje vlasy a uhlazuje neposlu\u0161n\u00e9 prameny, d\u00edky \u010demu\u017e jsou snadno ovladateln\u00e9 a m\u011bkk\u00e9 na dotek.<\/p>\n<p data-start=\"982\" data-end=\"1157\">\u2714 <strong data-start=\"984\" data-end=\"1022\">Posiluje a opravuje po\u0161kozen\u00e9 vlasy<\/strong><br data-start=\"1022\" data-end=\"1025\" \/>Bohat\u00e9 na <strong data-start=\"1033\" data-end=\"1044\">omega 6<\/strong>, <strong data-start=\"1046\" data-end=\"1059\">vitam\u00edn A<\/strong> a <strong data-start=\"1065\" data-end=\"1078\">vitam\u00edn E<\/strong>, pom\u00e1h\u00e1 opravovat roz\u0161t\u011bpen\u00e9 kone\u010dky, sni\u017eovat l\u00e1mavost a obnovovat celkovou s\u00edlu vlas\u016f.<\/p>\n<p data-start=\"1159\" data-end=\"1319\">\u2714 <strong data-start=\"1161\" data-end=\"1200\">Zvy\u0161uje p\u0159\u00edrodn\u00ed lesk a hladkost<\/strong><br data-start=\"1200\" data-end=\"1203\" \/>Vybavuje vlasy od ko\u0159\u00ednk\u016f po kone\u010dky <strong data-start=\"1244\" data-end=\"1270\">studen\u011b lisovan\u00fdm arganov\u00fdm olejem<\/strong>, d\u00edky \u010demu\u017e jsou leskl\u00e9, pru\u017en\u00e9 a zdrav\u011b vypadaj\u00edc\u00ed.<\/p>\n<p data-start=\"1321\" data-end=\"1457\">\u2714 <strong data-start=\"1323\" data-end=\"1357\">Chr\u00e1n\u00ed p\u0159ed teplem a UV po\u0161kozen\u00edm<\/strong><br data-start=\"1357\" data-end=\"1360\" \/>\u0160t\u00edt\u00ed vlasy p\u0159ed po\u0161kozen\u00edm zp\u016fsoben\u00fdm stylingov\u00fdmi n\u00e1stroji a slune\u010dn\u00edm z\u00e1\u0159en\u00edm, ide\u00e1ln\u00ed pro ka\u017edodenn\u00ed pou\u017eit\u00ed.<\/p>\n<p data-start=\"1459\" data-end=\"1585\">\u2714 <strong data-start=\"1461\" data-end=\"1497\">Lehk\u00e1 a netukov\u00e1 formule<\/strong><br data-start=\"1497\" data-end=\"1500\" \/>Rychle se vst\u0159eb\u00e1vaj\u00edc\u00ed textura, kter\u00e1 vlasy nezat\u011b\u017euje, vhodn\u00e1 pro jemn\u00e9 a\u017e siln\u00e9 vlasy.<\/p>\n<p data-start=\"1587\" data-end=\"1718\">\u2714 <strong data-start=\"1589\" data-end=\"1616\">Bezpe\u010dn\u00e9 pro v\u0161echny typy vlas\u016f<\/strong><br data-start=\"1616\" data-end=\"1619\" \/>Ide\u00e1ln\u00ed pro <strong data-start=\"1631\" data-end=\"1671\">rovn\u00e9, vlnit\u00e9, kudrnat\u00e9 nebo sto\u010den\u00e9 vlasy<\/strong> \u2013 tak\u00e9 bezpe\u010dn\u00e9 pro chemicky o\u0161et\u0159en\u00e9 nebo farben\u00e9 vlasy.<\/p>\n<h3 data-start=\"1725\" data-end=\"1761\">Kl\u00ed\u010dov\u00e9 slo\u017eky a jejich p\u0159\u00ednosy<\/h3>\n<p data-start=\"1763\" data-end=\"1866\"><strong data-start=\"1763\" data-end=\"1776\">Arganov\u00fd olej<\/strong> \u2013 Zn\u00e1m\u00fd jako \u201etekut\u00e9 zlato\u201c, obnovuje vlhkost, uhlazuje kade\u0159avost a zabra\u0148uje roz\u0161t\u011bpen\u00fdm kone\u010dk\u016fm.<\/p>\n<p data-start=\"1868\" data-end=\"1960\"><strong data-start=\"1868\" data-end=\"1882\">Jojobov\u00fd olej<\/strong> \u2013 Posiluje vlasy, reguluje produkci oleje na poko\u017ece hlavy a dod\u00e1v\u00e1 p\u0159\u00edrodn\u00ed lesk.<\/p>\n<p data-start=\"1962\" data-end=\"2073\"><strong data-start=\"1962\" data-end=\"1979\">Vitam\u00edny A a E<\/strong> \u2013 Podporuj\u00ed zdrav\u00fd r\u016fst vlas\u016f a poskytuj\u00ed antioxida\u010dn\u00ed ochranu p\u0159ed environment\u00e1ln\u00edm stresem.<\/p>\n<p data-start=\"2075\" data-end=\"2158\"><strong data-start=\"2075\" data-end=\"2086\">Omega 6<\/strong> \u2013 Pom\u00e1h\u00e1 uzamykat vlhkost a zlep\u0161ovat pru\u017enost, usnad\u0148uje styling.<\/p>\n<h3 data-start=\"2165\" data-end=\"2196\">Jak pou\u017e\u00edvat Tnerh s\u00e9rum na vlasy<\/h3>\n<p data-start=\"2198\" data-end=\"2336\"><strong data-start=\"2198\" data-end=\"2215\">Pro such\u00e9 vlasy:<\/strong><br data-start=\"2215\" data-end=\"2218\" \/>Nanesn\u011bte n\u011bkolik kapek na ruce, promn\u011bte a rozet\u0159ete do kone\u010dk\u016f vlas\u016f, aby se sn\u00ed\u017eila suchost a p\u0159idala lesk.<\/p>\n<p data-start=\"2338\" data-end=\"2451\"><strong data-start=\"2338\" data-end=\"2356\">Pro vlhk\u00e9 vlasy:<\/strong><br data-start=\"2356\" data-end=\"2359\" \/>Pou\u017e\u00edvejte p\u0159ed f\u00e9nov\u00e1n\u00edm nebo tepeln\u00fdm stylingem k ochran\u011b p\u0159ed tepeln\u00fdm po\u0161kozen\u00edm a zachov\u00e1n\u00ed vlhkosti.<\/p>\n<p data-start=\"2453\" data-end=\"2573\"><strong data-start=\"2453\" data-end=\"2479\">Pro v\u00fd\u017eivu poko\u017eky hlavy:<\/strong><br data-start=\"2479\" data-end=\"2482\" \/>Jemn\u011b vmas\u00edrujte do poko\u017eky hlavy, aby se stimuloval zdrav\u00fd r\u016fst a sn\u00ed\u017eila suchost nebo podr\u00e1\u017ed\u011bn\u00ed.<\/p>\n<h3 data-start=\"2580\" data-end=\"2624\">Pr\u00e9miov\u00e1 kvalita \u2013 Vyrobeno v Egypt\u011b spole\u010dnost\u00ed Tnerh<\/h3>\n<p data-start=\"2626\" data-end=\"2767\">Ka\u017ed\u00e1 lahvi\u010dka obsahuje <strong data-start=\"2647\" data-end=\"2690\">120 ml vysoce kvalitn\u00edho, studen\u011b lisovan\u00e9ho s\u00e9ra<\/strong>, vyroben\u00e9ho v Egypt\u011b s p\u00e9\u010d\u00ed pro \u010distou a \u00fa\u010dinnou v\u00fd\u017eivu vlas\u016f.<\/p>\n<p data-start=\"2994\" data-end=\"3114\"><strong data-start=\"2994\" data-end=\"3114\">Dejte sv\u00fdm vlas\u016fm p\u00e9\u010di, kterou si zaslou\u017e\u00ed \u2013 Nakupte nyn\u00ed a za\u017eijte s\u00edlu p\u0159\u00edrodn\u00edch olej\u016f s Tnerh Arganov\u00fdm s\u00e9rem na vlasy!<\/strong><\/p>\n<p style=\"text-align: center;\">D\u011bkujeme za n\u00e1kup v <em data-start=\"415\" data-end=\"431\"><a href=\"https:\/\/bazaar.express\/\">Bazaar Express<\/a><\/em> \u2013 jsme nad\u0161en\u00ed, \u017ee jste u n\u00e1s!<\/p>\n<p style=\"text-align: center;\">Va\u0161e cesta k lep\u0161\u00ed p\u00e9\u010di o sebe za\u010d\u00edn\u00e1 zde \u2013 s <a href=\"https:\/\/bazaar.express\/product-category\/beauty-care\/\">Beauty &#038; Care<\/a>, kter\u00e9 si m\u016f\u017eete v\u011b\u0159it.<\/p>\n","protected":false},"excerpt":{"rendered":"<h3>Tnerh Arganov\u00e9 olejov\u00e9 s\u00e9rum na vlasy hloubkov\u011b hydratuje, opravuje po\u0161kozen\u00ed a zvy\u0161uje lesk d\u00edky lehk\u00e9 formuli bohat\u00e9 na p\u0159\u00edrodn\u00ed oleje, omega 6 a vitam\u00edny A a E. Vhodn\u00e9 pro v\u0161echny typy vlas\u016f.<\/h3>\n","protected":false},"featured_media":35867,"comment_status":"open","ping_status":"closed","template":"","meta":[],"product_brand":[],"product_cat":[786,787,788],"product_tag":[],"class_list":{"0":"post-35865","1":"product","2":"type-product","3":"status-publish","4":"has-post-thumbnail","6":"product_cat-pece-o-krasu","7":"product_cat-terapeuticke-oleje","8":"product_cat-to-nejlepsi-z-egypta","9":"pa_l-xl-120ml","11":"first","12":"instock","13":"sale","14":"shipping-taxable","15":"purchasable","16":"product-type-simple"},"_links":{"self":[{"href":"https:\/\/bazaar.express\/cs\/wp-json\/wp\/v2\/product\/35865","targetHints":{"allow":["GET"]}}],"collection":[{"href":"https:\/\/bazaar.express\/cs\/wp-json\/wp\/v2\/product"}],"about":[{"href":"https:\/\/bazaar.express\/cs\/wp-json\/wp\/v2\/types\/product"}],"replies":[{"embeddable":true,"href":"https:\/\/bazaar.express\/cs\/wp-json\/wp\/v2\/comments?post=35865"}],"wp:featuredmedia":[{"embeddable":true,"href":"https:\/\/bazaar.express\/cs\/wp-json\/wp\/v2\/media\/35867"}],"wp:attachment":[{"href":"https:\/\/bazaar.express\/cs\/wp-json\/wp\/v2\/media?parent=35865"}],"wp:term":[{"taxonomy":"product_brand","embeddable":true,"href":"https:\/\/bazaar.express\/cs\/wp-json\/wp\/v2\/product_brand?post=35865"},{"taxonomy":"product_cat","embeddable":true,"href":"https:\/\/bazaar.express\/cs\/wp-json\/wp\/v2\/product_cat?post=35865"},{"taxonomy":"product_tag","embeddable":true,"href":"https:\/\/bazaar.express\/cs\/wp-json\/wp\/v2\/product_tag?post=35865"}],"curies":[{"name":"wp","href":"https:\/\/api.w.org\/{rel}","templated":true}]}}