{"id":35898,"date":"2025-02-16T20:45:59","date_gmt":"2025-02-16T20:45:59","guid":{"rendered":"https:\/\/bazaar.express\/product\/masazni-krem-s-pstrosi-tucnou\/"},"modified":"2025-02-16T20:45:59","modified_gmt":"2025-02-16T20:45:59","slug":"masazni-krem-s-pstrosi-tucnou","status":"publish","type":"product","link":"https:\/\/bazaar.express\/cs\/produkt\/masazni-krem-s-pstrosi-tucnou\/","title":{"rendered":"Mas\u00e1\u017en\u00ed kr\u00e9m s p\u0161tros\u00ed tu\u010dnou"},"content":{"rendered":"<h2 data-start=\"222\" data-end=\"298\">Mas\u00e1\u017en\u00ed kr\u00e9m s p\u0161tros\u00ed tu\u010dnou \u2013 Hlubok\u00e1 \u00faleva pro svaly, klouby a stres<\/h2>\n<p data-start=\"300\" data-end=\"661\">Za\u017eijte hlubok\u00e9 hojen\u00ed a p\u0159irozenou relaxaci s na\u0161\u00edm <strong data-start=\"356\" data-end=\"390\">mas\u00e1\u017en\u00edm kr\u00e9mem s p\u0161tros\u00ed tu\u010dnou<\/strong> \u2013 pr\u00e9miov\u00fdm \u0159e\u0161en\u00edm pro ty, kte\u0159\u00ed trp\u00ed svalov\u00fdm nap\u011bt\u00edm, nepohodl\u00edm v kloubech nebo fyzick\u00fdm stresem. Obohacen\u00fd o \u010distou p\u0161tros\u00ed tu\u010dnou tento kr\u00e9m nab\u00edz\u00ed siln\u00e9 protiz\u00e1n\u011btliv\u00e9 a regenera\u010dn\u00ed \u00fa\u010dinky, ide\u00e1ln\u00ed pro denn\u00ed pou\u017eit\u00ed, sportovn\u00ed regeneraci nebo terapeutick\u00e9 o\u0161et\u0159en\u00ed t\u011bla.<\/p>\n<h3 data-start=\"663\" data-end=\"701\">Pro\u010d pou\u017e\u00edt mas\u00e1\u017en\u00ed kr\u00e9m s p\u0161tros\u00ed tu\u010dnou?<\/h3>\n<ul data-start=\"703\" data-end=\"1402\">\n<li data-start=\"703\" data-end=\"854\">\n<p data-start=\"705\" data-end=\"854\"><strong data-start=\"705\" data-end=\"730\">\u00da\u010dinn\u00e1 \u00faleva od bolesti<\/strong>: Pom\u00e1h\u00e1 sni\u017eovat bolest a z\u00e1n\u011bt v kloubech, svalech a nervech \u2013 skv\u011bl\u00e9 pro artritidu, fibromyalgia, ischias a dal\u0161\u00ed.<\/p>\n<\/li>\n<li data-start=\"855\" data-end=\"1015\">\n<p data-start=\"857\" data-end=\"1015\"><strong data-start=\"857\" data-end=\"888\">P\u0159\u00edrodn\u00ed l\u00e9\u010div\u00e9 slo\u017eky<\/strong>: Obsahuje vysoce kvalitn\u00ed olej z p\u0161tros\u00ed tu\u010dny bohat\u00fd na omega mastn\u00e9 kyseliny, co\u017e z n\u011bj \u010din\u00ed siln\u00fd p\u0159\u00edrodn\u00ed l\u00e9k na chronick\u00e9 nepohodl\u00ed.<\/p>\n<\/li>\n<li data-start=\"1016\" data-end=\"1171\">\n<p data-start=\"1018\" data-end=\"1171\"><strong data-start=\"1018\" data-end=\"1049\">Rychle se vst\u0159eb\u00e1v\u00e1 a bez mastnoty<\/strong>: Vzorec se rychle vst\u0159eb\u00e1v\u00e1 bez lepkav\u00e9ho nebo mastn\u00e9ho zbytku \u2013 perfektn\u00ed pro mas\u00e1\u017en\u00ed terapii nebo denn\u00ed aplikaci.<\/p>\n<\/li>\n<li data-start=\"1172\" data-end=\"1278\">\n<p data-start=\"1174\" data-end=\"1278\"><strong data-start=\"1174\" data-end=\"1195\">Bezpe\u010dn\u00fd pro v\u0161echny v\u011bkov\u00e9 skupiny<\/strong>: Dostate\u010dn\u011b jemn\u00fd pro seniory a dost siln\u00fd pro sportovce nebo aktivn\u00ed jedince.<\/p>\n<\/li>\n<li data-start=\"1279\" data-end=\"1402\">\n<p data-start=\"1281\" data-end=\"1402\"><strong data-start=\"1281\" data-end=\"1305\">Zlep\u0161uje krevn\u00ed ob\u011bh<\/strong>: Podporuje pr\u016ftok krve do posti\u017een\u00fdch oblast\u00ed, co\u017e urychluje regeneraci sval\u016f a flexibilitu kloub\u016f.<\/p>\n<\/li>\n<\/ul>\n<h3 data-start=\"1404\" data-end=\"1444\">Zdravotn\u00ed p\u0159\u00ednosy kr\u00e9mu s p\u0161tros\u00ed tu\u010dnou<\/h3>\n<ul data-start=\"1446\" data-end=\"1763\">\n<li data-start=\"1446\" data-end=\"1494\">\n<p data-start=\"1448\" data-end=\"1494\">\u00daleva od bolesti zad, ramen, krku a kolen<\/p>\n<\/li>\n<li data-start=\"1495\" data-end=\"1539\">\n<p data-start=\"1497\" data-end=\"1539\">Sni\u017euje tuhost a z\u00e1n\u011bt kloub\u016f<\/p>\n<\/li>\n<li data-start=\"1540\" data-end=\"1586\">\n<p data-start=\"1542\" data-end=\"1586\">Uvol\u0148uje unaven\u00e9 a bolav\u00e9 svaly po cvi\u010den\u00ed<\/p>\n<\/li>\n<li data-start=\"1587\" data-end=\"1639\">\n<p data-start=\"1589\" data-end=\"1639\">Pom\u00e1h\u00e1 p\u0159i regeneraci po zran\u011bn\u00ed a tr\u00e9ninku<\/p>\n<\/li>\n<li data-start=\"1640\" data-end=\"1689\">\n<p data-start=\"1642\" data-end=\"1689\">Podporuje celkovou relaxaci a \u00falevu od stresu<\/p>\n<\/li>\n<li data-start=\"1690\" data-end=\"1763\">\n<p data-start=\"1692\" data-end=\"1763\">Zjem\u0148uje poko\u017eku a zlep\u0161uje jej\u00ed texturu d\u00edky zvlh\u010duj\u00edc\u00edm vlastnostem<\/p>\n<\/li>\n<\/ul>\n<h3 data-start=\"1765\" data-end=\"1793\">Jak pou\u017e\u00edvat mas\u00e1\u017en\u00ed kr\u00e9m<\/h3>\n<ol data-start=\"1795\" data-end=\"2030\">\n<li data-start=\"1795\" data-end=\"1853\">\n<p data-start=\"1798\" data-end=\"1853\">Aplikujte mal\u00e9 mno\u017estv\u00ed kr\u00e9mu na posti\u017eenou oblast.<\/p>\n<\/li>\n<li data-start=\"1854\" data-end=\"1930\">\n<p data-start=\"1857\" data-end=\"1930\">Jemn\u011b mas\u00edrujte kruhov\u00fdmi pohyby 5\u201310 minut, dokud se pln\u011b nevst\u0159eb\u00e1.<\/p>\n<\/li>\n<li data-start=\"1931\" data-end=\"1967\">\n<p data-start=\"1934\" data-end=\"1967\">Pou\u017e\u00edvejte dvakr\u00e1t denn\u011b pro nejlep\u0161\u00ed v\u00fdsledky.<\/p>\n<\/li>\n<li data-start=\"1968\" data-end=\"2030\">\n<p data-start=\"1971\" data-end=\"2030\">Pro hlub\u0161\u00ed \u00falevu aplikujte po tepl\u00e9 spr\u0161e nebo p\u0159ed span\u00edm.<\/p>\n<\/li>\n<\/ol>\n<p data-start=\"2032\" data-end=\"2116\">Ide\u00e1ln\u00ed pro pou\u017eit\u00ed v profesion\u00e1ln\u00edch terapeutick\u00fdch seanc\u00edch, sportovn\u00ed regeneraci nebo dom\u00e1c\u00ed mas\u00e1\u017ee.<\/p>\n<h3 data-start=\"2118\" data-end=\"2136\">Pro koho je ur\u010den?<\/h3>\n<ul data-start=\"2138\" data-end=\"2350\">\n<li data-start=\"2138\" data-end=\"2177\">\n<p data-start=\"2140\" data-end=\"2177\">Lid\u00e9 s artritidou nebo bolestmi kloub\u016f<\/p>\n<\/li>\n<li data-start=\"2178\" data-end=\"2222\">\n<p data-start=\"2180\" data-end=\"2222\">Sportovci se svalov\u00fdm nap\u011bt\u00edm nebo tuhost\u00ed<\/p>\n<\/li>\n<li data-start=\"2223\" data-end=\"2280\">\n<p data-start=\"2225\" data-end=\"2280\">Senio\u0159i pot\u0159ebuj\u00edc\u00ed p\u0159\u00edrodn\u00ed \u00falevu od chronick\u00fdch stav\u016f<\/p>\n<\/li>\n<li data-start=\"2281\" data-end=\"2350\">\n<p data-start=\"2283\" data-end=\"2350\">Kdokoli hledaj\u00edc\u00ed p\u0159\u00edrodn\u00ed alternativu k chemick\u00fdm kr\u00e9m\u016fm proti bolesti<\/p>\n<\/li>\n<\/ul>\n<h3 data-start=\"2352\" data-end=\"2372\">Vlastnosti produktu<\/h3>\n<ul data-start=\"2374\" data-end=\"2516\">\n<li data-start=\"2374\" data-end=\"2388\">\n<p data-start=\"2376\" data-end=\"2388\">Velikost: 145 g<\/p>\n<\/li>\n<li data-start=\"2389\" data-end=\"2406\">\n<p data-start=\"2391\" data-end=\"2406\">Vyrobeno v Egypt\u011b<\/p>\n<\/li>\n<li data-start=\"2407\" data-end=\"2443\">\n<p data-start=\"2409\" data-end=\"2443\">Kl\u00ed\u010dov\u00e1 slo\u017eka: \u010cist\u00e1 p\u0161tros\u00ed tu\u010dna<\/p>\n<\/li>\n<li data-start=\"2444\" data-end=\"2465\">\n<p data-start=\"2446\" data-end=\"2465\">Pouze na vn\u011bj\u0161\u00ed pou\u017eit\u00ed<\/p>\n<\/li>\n<li data-start=\"2466\" data-end=\"2516\">\n<p data-start=\"2468\" data-end=\"2516\">Bez syntetick\u00fdch p\u0159\u00edsad nebo drsn\u00fdch chemik\u00e1li\u00ed<\/p>\n<\/li>\n<\/ul>\n<p>&nbsp;<\/p>\n<p data-start=\"2714\" data-end=\"2855\"><strong data-start=\"2714\" data-end=\"2855\">U\u017eijte si rychlej\u0161\u00ed regeneraci, lep\u0161\u00ed pohyblivost a \u00faplnou relaxaci t\u011bla. <\/strong><\/p>\n<p data-start=\"2714\" data-end=\"2855\"><strong data-start=\"2714\" data-end=\"2855\">Objednejte si dnes mas\u00e1\u017en\u00ed kr\u00e9m s p\u0161tros\u00ed tu\u010dnou a poc\u00edt\u00edte rozd\u00edl!<\/strong><\/p>\n<p style=\"text-align: center;\">D\u011bkujeme za n\u00e1kup v <em data-start=\"415\" data-end=\"431\"><a href=\"https:\/\/bazaar.express\/\">Bazaar Express<\/a><\/em> \u2013 jsme nad\u0161en\u00ed, \u017ee jste u n\u00e1s!<\/p>\n<p style=\"text-align: center;\">Va\u0161e cesta k lep\u0161\u00ed p\u00e9\u010di o sebe za\u010d\u00edn\u00e1 zde \u2013 s <a href=\"https:\/\/bazaar.express\/product-category\/beauty-care\/\">Beauty &#038; Care<\/a>, kter\u00e9 si m\u016f\u017eete v\u011b\u0159it.<\/p>\n","protected":false},"excerpt":{"rendered":"<h3 data-start=\"522\" data-end=\"803\">Objevte l\u00e9\u010divou s\u00edlu <strong data-start=\"552\" data-end=\"586\">mas\u00e1\u017en\u00edho kr\u00e9mu s p\u0161tros\u00ed tu\u010dnou<\/strong>, p\u0159\u00edrodn\u00edho \u0159e\u0161en\u00ed pro svalov\u00e9 nap\u011bt\u00ed, bolest kloub\u016f a \u00falevu od stresu. Tento rychle se vst\u0159eb\u00e1vaj\u00edc\u00ed kr\u00e9m poskytuje hlubokou hydrataci a terapeutick\u00e9 p\u0159\u00ednosy, co\u017e ho \u010din\u00ed ide\u00e1ln\u00edm pro denn\u00ed pou\u017eit\u00ed, sportovn\u00ed regeneraci a fyzioterapii.<\/h3>\n","protected":false},"featured_media":35900,"comment_status":"open","ping_status":"closed","template":"","meta":[],"product_brand":[],"product_cat":[786],"product_tag":[792,781,783,793],"class_list":{"0":"post-35898","1":"product","2":"type-product","3":"status-publish","4":"has-post-thumbnail","6":"product_cat-pece-o-krasu","7":"product_tag-masaz","8":"product_tag-olej","9":"product_tag-pece-o-plet","10":"product_tag-prirodni-olej","12":"first","13":"instock","14":"sale","15":"shipping-taxable","16":"purchasable","17":"product-type-simple"},"_links":{"self":[{"href":"https:\/\/bazaar.express\/cs\/wp-json\/wp\/v2\/product\/35898","targetHints":{"allow":["GET"]}}],"collection":[{"href":"https:\/\/bazaar.express\/cs\/wp-json\/wp\/v2\/product"}],"about":[{"href":"https:\/\/bazaar.express\/cs\/wp-json\/wp\/v2\/types\/product"}],"replies":[{"embeddable":true,"href":"https:\/\/bazaar.express\/cs\/wp-json\/wp\/v2\/comments?post=35898"}],"wp:featuredmedia":[{"embeddable":true,"href":"https:\/\/bazaar.express\/cs\/wp-json\/wp\/v2\/media\/35900"}],"wp:attachment":[{"href":"https:\/\/bazaar.express\/cs\/wp-json\/wp\/v2\/media?parent=35898"}],"wp:term":[{"taxonomy":"product_brand","embeddable":true,"href":"https:\/\/bazaar.express\/cs\/wp-json\/wp\/v2\/product_brand?post=35898"},{"taxonomy":"product_cat","embeddable":true,"href":"https:\/\/bazaar.express\/cs\/wp-json\/wp\/v2\/product_cat?post=35898"},{"taxonomy":"product_tag","embeddable":true,"href":"https:\/\/bazaar.express\/cs\/wp-json\/wp\/v2\/product_tag?post=35898"}],"curies":[{"name":"wp","href":"https:\/\/api.w.org\/{rel}","templated":true}]}}