{"id":35904,"date":"2025-02-17T23:54:00","date_gmt":"2025-02-17T23:54:00","guid":{"rendered":"https:\/\/bazaar.express\/product\/salvejovy-caj\/"},"modified":"2025-02-17T23:54:00","modified_gmt":"2025-02-17T23:54:00","slug":"salvejovy-caj","status":"publish","type":"product","link":"https:\/\/bazaar.express\/cs\/produkt\/salvejovy-caj\/","title":{"rendered":"\u0160alv\u011bjov\u00fd \u010daj"},"content":{"rendered":"<h2 data-start=\"213\" data-end=\"278\">\u0160alv\u011bjov\u00fd \u010daj \u2013 Nad\u010dasov\u00e1 bylinn\u00e1 infuze pro wellness mysli a t\u011bla<\/h2>\n<p data-start=\"280\" data-end=\"762\">\u0160alv\u011bjov\u00fd \u010daj je siln\u00fd bylinn\u00fd n\u00e1poj, kter\u00fd obst\u00e1l zkou\u0161kou \u010dasu. Zn\u00e1m\u00fd svou zemit\u00e9 v\u016fn\u00ed a mocn\u00fdmi l\u00e9\u010div\u00fdmi vlastnostmi, tato bezkofeinov\u00e1 infuze se po stalet\u00ed pou\u017e\u00edv\u00e1 v p\u0159\u00edrodn\u00ed medic\u00edn\u011b. Bohat\u00fd na antioxidanty, esenci\u00e1ln\u00ed \u017eiviny a protiz\u00e1n\u011btliv\u00e9 l\u00e1tky podporuje \u0161alv\u011bjov\u00fd \u010daj ment\u00e1ln\u00ed jasnost, hormon\u00e1ln\u00ed rovnov\u00e1hu, tr\u00e1ven\u00ed a imunitu. A\u0165 ho pop\u00edj\u00edte r\u00e1no nebo b\u011bhem dne, je ide\u00e1ln\u00edm spole\u010dn\u00edkem pro ty, kte\u0159\u00ed hledaj\u00ed p\u0159irozen\u00fd posiluj\u00edc\u00ed efekt pro zdrav\u00ed.<\/p>\n<h3 data-start=\"764\" data-end=\"785\">Co je \u0161alv\u011bjov\u00fd \u010daj?<\/h3>\n<p data-start=\"787\" data-end=\"1080\">\u0160alv\u011bjov\u00fd \u010daj se p\u0159ipravuje zal\u00e9v\u00e1n\u00edm su\u0161en\u00fdch nebo \u010derstv\u00fdch list\u016f \u0161alv\u011bje (Salvia officinalis) horkou vodou. M\u00e1 lehce pep\u0159ovou, m\u00e1tovou chu\u0165 s n\u00e1dechem zemit\u00e9ho t\u00f3nu. Tradi\u010dn\u011b se pou\u017e\u00edv\u00e1 v st\u0159edomo\u0159sk\u00fdch a bl\u00edzkov\u00fdchodn\u00edch kultur\u00e1ch, kde je \u0161alv\u011bj dlouho uct\u00edv\u00e1na pro sv\u00e9 l\u00e9\u010div\u00e9 a duchovn\u00ed vlastnosti.<\/p>\n<h3 data-start=\"1082\" data-end=\"1113\">Zdravotn\u00ed p\u0159\u00ednosy \u0161alv\u011bjov\u00e9ho \u010daje<\/h3>\n<h3 data-start=\"1115\" data-end=\"1162\">1. Zlep\u0161uje pam\u011b\u0165 a kognitivn\u00ed funkce<\/h3>\n<p data-start=\"1163\" data-end=\"1410\">\u0160alv\u011bjov\u00fd \u010daj obsahuje slou\u010deniny jako rosmarinovou kyselinu a luteolin, kter\u00e9 byly prok\u00e1z\u00e1ny jako zlep\u0161uj\u00edc\u00ed pam\u011b\u0165, bd\u011blost a koncentraci. M\u016f\u017ee tak\u00e9 pomoci sn\u00ed\u017eit riziko v\u011bkem podm\u00edn\u011bn\u00e9ho kognitivn\u00edho \u00fapadku, v\u010detn\u011b Alzheimerovy choroby a demence.<\/p>\n<h3 data-start=\"1412\" data-end=\"1470\">2. Vyva\u017euje hormony a zm\u00edr\u0148uje menopauz\u00e1ln\u00ed p\u0159\u00edznaky<\/h3>\n<p data-start=\"1471\" data-end=\"1725\">Pro \u017eeny trp\u00edc\u00ed hormon\u00e1ln\u00edmi nerovnov\u00e1hami nebo menopauzou nab\u00edz\u00ed \u0161alv\u011bjov\u00fd \u010daj p\u0159irozenou \u00falevu. Je zn\u00e1m\u00fd sn\u00ed\u017een\u00edm frekvence a intenzity n\u00e1val\u016f horka, no\u010dn\u00edch pocen\u00ed a v\u00fdkyv\u016f n\u00e1lady. N\u011bkter\u00e9 studie nazna\u010duj\u00ed, \u017ee \u0161alv\u011bj m\u016f\u017ee n\u00e1valy horka sn\u00ed\u017eit o v\u00edce ne\u017e 50 %.<\/p>\n<h3 data-start=\"1727\" data-end=\"1769\">3. Podporuje tr\u00e1ven\u00ed a zdrav\u00ed st\u0159ev<\/h3>\n<p data-start=\"1770\" data-end=\"1814\">Pit\u00ed \u0161alv\u011bjov\u00e9ho \u010daje nala\u010dno m\u016f\u017ee:<\/p>\n<ul data-start=\"1815\" data-end=\"2033\">\n<li data-start=\"1815\" data-end=\"1849\">\n<p data-start=\"1817\" data-end=\"1849\">Zm\u00edrnit za\u017e\u00edvac\u00ed pot\u00ed\u017ee a p\u00e1len\u00ed \u017e\u00e1hy<\/p>\n<\/li>\n<li data-start=\"1850\" data-end=\"1894\">\n<p data-start=\"1852\" data-end=\"1894\">Sn\u00ed\u017eit nad\u00fdm\u00e1n\u00ed, plynatost a k\u0159e\u010de v \u017ealudku<\/p>\n<\/li>\n<li data-start=\"1895\" data-end=\"2033\">\n<p data-start=\"1897\" data-end=\"2033\">Stimulovat tvorbu \u017elu\u010di pro hlad\u0161\u00ed tr\u00e1ven\u00ed<br data-start=\"1945\" data-end=\"1948\" \/>Jeho antispasmodick\u00e9 vlastnosti mohou tak\u00e9 pomoci p\u0159i symptomech IBS a za\u017e\u00edvac\u00edch pot\u00ed\u017e\u00edch.<\/p>\n<\/li>\n<\/ul>\n<h3 data-start=\"2035\" data-end=\"2098\">4. Posiluje imunitn\u00ed syst\u00e9m a sni\u017euje z\u00e1n\u011bty<\/h3>\n<p data-start=\"2099\" data-end=\"2323\">\u0160alv\u011bj je bohat\u00e1 na protiz\u00e1n\u011btliv\u00e9 l\u00e1tky a antimikrobi\u00e1ln\u00ed slou\u010deniny, kter\u00e9 pom\u00e1haj\u00ed t\u011blu bojovat proti infekc\u00edm. Pravideln\u00e1 konzumace m\u016f\u017ee uklidnit bolest v krku, sn\u00ed\u017eit z\u00e1n\u011bty v d\u00fdchac\u00edm syst\u00e9mu a pomoci zvl\u00e1dat hore\u010dku.<\/p>\n<h3 data-start=\"2325\" data-end=\"2386\">5. Podporuje zdrav\u00e9 vlasy a br\u00e1n\u00ed p\u0159ed\u010dasn\u00e9mu \u0161ediv\u011bn\u00ed<\/h3>\n<p data-start=\"2387\" data-end=\"2445\">\u0160alv\u011bjov\u00fd \u010daj se tradi\u010dn\u011b pou\u017e\u00edv\u00e1 jako oplach na vlasy k:<\/p>\n<ul data-start=\"2446\" data-end=\"2634\">\n<li data-start=\"2446\" data-end=\"2469\">\n<p data-start=\"2448\" data-end=\"2469\">Podpo\u0159e r\u016fstu vlas\u016f<\/p>\n<\/li>\n<li data-start=\"2470\" data-end=\"2503\">\n<p data-start=\"2472\" data-end=\"2503\">P\u0159irozen\u00e9mu ztmaven\u00ed \u0161ediv\u011bj\u00edc\u00edch vlas\u016f<\/p>\n<\/li>\n<li data-start=\"2504\" data-end=\"2634\">\n<p data-start=\"2506\" data-end=\"2634\">Pos\u00edlen\u00ed vlasov\u00fdch folikul\u016f a zlep\u0161en\u00ed zdrav\u00ed poko\u017eky hlavy<br data-start=\"2556\" data-end=\"2559\" \/>P\u0159i konzumaci antioxidanty a miner\u00e1ly tak\u00e9 vy\u017eivuj\u00ed vlasy zevnit\u0159.<\/p>\n<\/li>\n<\/ul>\n<h3 data-start=\"2636\" data-end=\"2692\">6. Zlep\u0161uje zdrav\u00ed srdce a reguluje hladinu cukru v krvi<\/h3>\n<p data-start=\"2693\" data-end=\"2915\">\u0160alv\u011bj m\u016f\u017ee pomoci sn\u00ed\u017eit LDL (\u0161patn\u00fd) cholesterol a vyv\u00e1\u017eit hladinu cukru v krvi. Pou\u017e\u00edv\u00e1 se jako p\u0159irozen\u00e1 pom\u016fcka pro lidi \u0159\u00edd\u00edc\u00ed typ 2 diabetes a vysok\u00fd cholesterol, \u010d\u00edm\u017e p\u0159isp\u00edv\u00e1 k dlouhodob\u00e9mu zdrav\u00ed srdce a c\u00e9v.<\/p>\n<h3 data-start=\"2917\" data-end=\"2949\">Jak p\u0159ipravit \u0161alv\u011bjov\u00fd \u010daj doma<\/h3>\n<p data-start=\"2951\" data-end=\"2969\"><strong data-start=\"2951\" data-end=\"2967\">Ingredience:<\/strong><\/p>\n<ul data-start=\"2970\" data-end=\"3086\">\n<li data-start=\"2970\" data-end=\"3025\">\n<p data-start=\"2972\" data-end=\"3025\">1 l\u017ei\u010dka su\u0161en\u00fdch list\u016f \u0161alv\u011bje (nebo 3\u20134 \u010derstv\u00e9)<\/p>\n<\/li>\n<li data-start=\"3026\" data-end=\"3048\">\n<p data-start=\"3028\" data-end=\"3048\">1 \u0161\u00e1lek hork\u00e9 vody<\/p>\n<\/li>\n<li data-start=\"3049\" data-end=\"3086\">\n<p data-start=\"3051\" data-end=\"3086\">Voliteln\u00e9: med nebo citron pro chu\u0165<\/p>\n<\/li>\n<\/ul>\n<p data-start=\"3088\" data-end=\"3107\"><strong data-start=\"3088\" data-end=\"3105\">Postup:<\/strong><\/p>\n<ol data-start=\"3108\" data-end=\"3312\">\n<li data-start=\"3108\" data-end=\"3154\">\n<p data-start=\"3111\" data-end=\"3154\">Um\u00edst\u011bte listy \u0161alv\u011bje do \u0161\u00e1lku nebo konvice.<\/p>\n<\/li>\n<li data-start=\"3155\" data-end=\"3205\">\n<p data-start=\"3158\" data-end=\"3205\">Zalijte horkou (ne va\u0159\u00edc\u00ed) vodou listy.<\/p>\n<\/li>\n<li data-start=\"3206\" data-end=\"3244\">\n<p data-start=\"3209\" data-end=\"3244\">P\u0159ikryjte a louhujte 5\u201310 minut.<\/p>\n<\/li>\n<li data-start=\"3245\" data-end=\"3312\">\n<p data-start=\"3248\" data-end=\"3312\">Sced\u011bte listy a vychutnejte tepl\u00e9. P\u0159idejte med nebo citron podle chuti.<\/p>\n<\/li>\n<\/ol>\n<p data-start=\"3314\" data-end=\"3433\">\u0160alv\u011bjov\u00fd \u010daj m\u016f\u017eete vychutnat a\u017e dvakr\u00e1t denn\u011b pro nejlep\u0161\u00ed v\u00fdsledky. Je obzvl\u00e1\u0161t\u011b \u00fa\u010dinn\u00fd r\u00e1no nebo po j\u00eddle.<\/p>\n<h3 data-start=\"3435\" data-end=\"3496\">Pro\u010d je \u0161alv\u011bjov\u00fd \u010daj skv\u011bl\u00fdm dopl\u0148kem va\u0161\u00ed wellness rutiny<\/h3>\n<ul data-start=\"3498\" data-end=\"3739\">\n<li data-start=\"3498\" data-end=\"3539\">\n<p data-start=\"3500\" data-end=\"3539\"><strong data-start=\"3503\" data-end=\"3537\">Bezkofeinov\u00fd a 100% p\u0159\u00edrodn\u00ed<\/strong><\/p>\n<\/li>\n<li data-start=\"3540\" data-end=\"3606\">\n<p data-start=\"3542\" data-end=\"3606\"><strong data-start=\"3545\" data-end=\"3604\">Podporuje tr\u00e1ven\u00ed, ment\u00e1ln\u00ed jasnost a hormon\u00e1ln\u00ed rovnov\u00e1hu<\/strong><\/p>\n<\/li>\n<li data-start=\"3607\" data-end=\"3672\">\n<p data-start=\"3609\" data-end=\"3672\"><strong data-start=\"3612\" data-end=\"3670\">Pln\u00fd antioxidant\u016f a imunostimula\u010dn\u00edch l\u00e1tek<\/strong><\/p>\n<\/li>\n<li data-start=\"3673\" data-end=\"3739\">\n<p data-start=\"3675\" data-end=\"3739\"><strong data-start=\"3678\" data-end=\"3739\">Uklid\u0148uj\u00edc\u00ed, aromatick\u00e1 alternativa k b\u011b\u017en\u00e9mu \u010daje nebo k\u00e1v\u011b<\/strong><\/p>\n<\/li>\n<\/ul>\n<h3 data-start=\"4116\" data-end=\"4134\">Z\u00e1v\u011bre\u010dn\u00e9 my\u0161lenky<\/h3>\n<p data-start=\"4136\" data-end=\"4404\">\u0160alv\u011bjov\u00fd \u010daj je v\u00edce ne\u017e jen tepl\u00fd, chutn\u00fd n\u00e1poj \u2013 je to denn\u00ed d\u00e1vka p\u0159\u00edrodn\u00edho wellness. A\u0165 se sna\u017e\u00edte zm\u00edrnit za\u017e\u00edvac\u00ed nepohodl\u00ed, vyv\u00e1\u017eit hormony, zlep\u0161it mozkovou funkci nebo si jen u\u017e\u00edt uklid\u0148uj\u00edc\u00ed ritu\u00e1l, \u0161alv\u011bjov\u00fd \u010daj p\u0159in\u00e1\u0161\u00ed mocn\u00e9 p\u0159\u00ednosy v ka\u017ed\u00e9m dou\u0161ku.<\/p>\n<p data-start=\"4406\" data-end=\"4541\"><strong data-start=\"4406\" data-end=\"4541\">Zahajte sv\u016fj den \u0161alv\u011bjov\u00fdm \u010dajem a vychutnejte si uklid\u0148uj\u00edc\u00ed, l\u00e9\u010divou s\u00edlu tohoto starov\u011bk\u00e9ho bylinn\u00e9ho prost\u0159edku. Va\u0161e t\u011blo i mysl v\u00e1m pod\u011bkuj\u00ed.<\/strong><\/p>\n<h4 style=\"text-align: center;\"><\/h4>\n<p style=\"text-align: center;\">D\u011bkujeme za n\u00e1kup v <em data-start=\"415\" data-end=\"431\"><a href=\"https:\/\/bazaar.express\/\">Bazaar Express<\/a><\/em> \u2013 jsme nad\u0161en\u00ed, \u017ee jste tu!<\/p>\n<p style=\"text-align: center;\">Ochutnejte tradici s na\u0161\u00ed pe\u010dliv\u011b vybranou nab\u00eddkou <a href=\"https:\/\/bazaar.express\/product-category\/egyptian-flavors\/\">Egyptsk\u00fdch chut\u00ed<\/a> a ko\u0159en\u00ed.<\/p>\n","protected":false},"excerpt":{"rendered":"<h3 data-start=\"397\" data-end=\"622\">\u0160alv\u011bjov\u00fd \u010daj je tradi\u010dn\u00ed bylinn\u00e1 infuze pln\u00e1 antioxidant\u016f a p\u0159\u00edrodn\u00edch l\u00e1tek. Zlep\u0161uje mozkovou funkci, vyva\u017euje hormony, podporuje tr\u00e1ven\u00ed a imunitu \u2013 bezkofeinov\u00fd a ide\u00e1ln\u00ed pro ka\u017edodenn\u00ed wellness.<\/h3>\n","protected":false},"featured_media":35908,"comment_status":"open","ping_status":"closed","template":"","meta":[],"product_brand":[],"product_cat":[878,788],"product_tag":[884],"class_list":{"0":"post-35904","1":"product","2":"type-product","3":"status-publish","4":"has-post-thumbnail","6":"product_cat-egyptske-prichute","7":"product_cat-to-nejlepsi-z-egypta","8":"product_tag-zdrave","9":"pa_l-xl-250gm","11":"first","12":"instock","13":"sale","14":"shipping-taxable","15":"purchasable","16":"product-type-simple"},"_links":{"self":[{"href":"https:\/\/bazaar.express\/cs\/wp-json\/wp\/v2\/product\/35904","targetHints":{"allow":["GET"]}}],"collection":[{"href":"https:\/\/bazaar.express\/cs\/wp-json\/wp\/v2\/product"}],"about":[{"href":"https:\/\/bazaar.express\/cs\/wp-json\/wp\/v2\/types\/product"}],"replies":[{"embeddable":true,"href":"https:\/\/bazaar.express\/cs\/wp-json\/wp\/v2\/comments?post=35904"}],"wp:featuredmedia":[{"embeddable":true,"href":"https:\/\/bazaar.express\/cs\/wp-json\/wp\/v2\/media\/35908"}],"wp:attachment":[{"href":"https:\/\/bazaar.express\/cs\/wp-json\/wp\/v2\/media?parent=35904"}],"wp:term":[{"taxonomy":"product_brand","embeddable":true,"href":"https:\/\/bazaar.express\/cs\/wp-json\/wp\/v2\/product_brand?post=35904"},{"taxonomy":"product_cat","embeddable":true,"href":"https:\/\/bazaar.express\/cs\/wp-json\/wp\/v2\/product_cat?post=35904"},{"taxonomy":"product_tag","embeddable":true,"href":"https:\/\/bazaar.express\/cs\/wp-json\/wp\/v2\/product_tag?post=35904"}],"curies":[{"name":"wp","href":"https:\/\/api.w.org\/{rel}","templated":true}]}}