{"id":35913,"date":"2025-02-11T01:46:40","date_gmt":"2025-02-11T01:46:40","guid":{"rendered":"https:\/\/bazaar.express\/product\/egyptsky-kartus-nahrdelnik-925k\/"},"modified":"2025-02-11T01:46:40","modified_gmt":"2025-02-11T01:46:40","slug":"egyptsky-kartus-nahrdelnik-925k","status":"publish","type":"product","link":"https:\/\/bazaar.express\/cs\/produkt\/egyptsky-kartus-nahrdelnik-925k\/","title":{"rendered":"Egyptsk\u00fd kartu\u0161 n\u00e1hrdeln\u00edk 925k"},"content":{"rendered":"<h2 data-start=\"205\" data-end=\"291\">Egyptsk\u00fd kartu\u0161 n\u00e1hrdeln\u00edk \u2013 Personalizovan\u00fd ru\u010dn\u011b vyroben\u00fd 925 st\u0159\u00edbrn\u00fd hieroglyfick\u00fd p\u0159\u00edv\u011bsek<\/h2>\n<p data-start=\"293\" data-end=\"683\">Noste kousek starov\u011bk\u00e9ho Egypta s sebou d\u00edky tomuto <strong data-start=\"343\" data-end=\"396\">\u010dist\u00e9mu 925 st\u0159\u00edbrn\u00e9mu egyptsk\u00e9mu kartu\u0161 n\u00e1hrdeln\u00edku<\/strong>. Ru\u010dn\u011b vyroben\u00fd zru\u010dn\u00fdmi egyptsk\u00fdmi \u0159emesln\u00edky v K\u00e1hi\u0159e, tento personalizovan\u00fd p\u0159\u00edv\u011bsek s jm\u00e9nem obsahuje va\u0161e vybran\u00e9 jm\u00e9no v <strong data-start=\"503\" data-end=\"540\">hieroglyfech, arab\u0161tin\u011b nebo angli\u010dtin\u011b<\/strong>. Posv\u00e1tn\u00fd symbol ochrany a identity, tento kartu\u0161 v\u00e1s spojuje s v\u011b\u010dn\u00fdmi tradicemi faraon\u016f a kouzlem Nilu.<\/p>\n<p data-start=\"685\" data-end=\"874\">Certifikovan\u00fd <strong data-start=\"702\" data-end=\"746\">Egyptskou \u00fa\u0159adu pro zkou\u0161ky a raz\u00edtka<\/strong>, ka\u017ed\u00fd kousek obsahuje ofici\u00e1ln\u00ed raz\u00edtko s detaily o hmotnosti a \u010distot\u011b st\u0159\u00edbra, co\u017e zaji\u0161\u0165uje autentickost a udr\u017euje d\u016fv\u011bru z\u00e1kazn\u00edk\u016f.<\/p>\n<h3 data-start=\"881\" data-end=\"926\">V\u00fdznam egyptsk\u00e9ho kartu\u0161<\/h3>\n<p data-start=\"928\" data-end=\"1236\">Kartu\u0161 byl v starov\u011bk\u00e9m Egypt\u011b symbolem v\u011b\u010dn\u00e9 ochrany, pou\u017e\u00edvan\u00fdm kr\u00e1lovskou rodinou k obepnut\u00ed jejich jmen smy\u010dkou p\u0159edstavuj\u00edc\u00ed v\u011b\u010dn\u00fd cyklus slune\u010dn\u00edho boha Ra. V\u011b\u0159ilo se, \u017ee jm\u00e9no vepsan\u00e9 do kartu\u0161 bude chr\u00e1n\u011bno na v\u011bky, ud\u011bluj\u00edc\u00ed nesmrtelnost a duchovn\u00ed bezpe\u010d\u00ed nositeli.<\/p>\n<p data-start=\"1238\" data-end=\"1379\">Nosite sv\u00e9 jm\u00e9no v hieroglyfech a nejen uct\u00edte svou identitu, ale tak\u00e9 p\u0159ed\u00e1te hlubok\u00e9 kulturn\u00ed d\u011bdictv\u00ed tis\u00edce let star\u00e9.<\/p>\n<h3 data-start=\"1386\" data-end=\"1442\">Pro\u010d si vybrat n\u00e1\u0161 \u010dist\u00fd st\u0159\u00edbrn\u00fd egyptsk\u00fd kartu\u0161 n\u00e1hrdeln\u00edk?<\/h3>\n<ul data-start=\"1444\" data-end=\"2153\">\n<li data-start=\"1444\" data-end=\"1540\">\n<p data-start=\"1446\" data-end=\"1540\"><strong data-start=\"1446\" data-end=\"1472\">100 % ru\u010dn\u011b vyroben\u00fd v Egypt\u011b<\/strong> \u2013 Vyroben\u00fd v historick\u00e9m trhu Khan El Khalili m\u00edstn\u00edmi \u0159emesln\u00edky.<\/p>\n<\/li>\n<li data-start=\"1541\" data-end=\"1632\">\n<p data-start=\"1543\" data-end=\"1632\"><strong data-start=\"1543\" data-end=\"1572\">Pevn\u00e9 925 st\u0159\u00edbro<\/strong> \u2013 \u017d\u00e1dn\u00e9 galvanizov\u00e1n\u00ed, \u017e\u00e1dn\u00e9 v\u00fdpln\u011b \u2013 jen autentick\u00e9, raz\u00edtkovan\u00e9 st\u0159\u00edbro.<\/p>\n<\/li>\n<li data-start=\"1633\" data-end=\"1737\">\n<p data-start=\"1635\" data-end=\"1737\"><strong data-start=\"1635\" data-end=\"1659\">Personalizovan\u00fd pro v\u00e1s<\/strong> \u2013 Vyryt\u00fd a\u017e 12 znaky v <strong data-start=\"1699\" data-end=\"1736\">hieroglyfech, arab\u0161tin\u011b nebo angli\u010dtin\u011b<\/strong>.<\/p>\n<\/li>\n<li data-start=\"1738\" data-end=\"1849\">\n<p data-start=\"1740\" data-end=\"1849\"><strong data-start=\"1740\" data-end=\"1767\">Zaru\u010den\u00e1 autentickost<\/strong> \u2013 Obsahuje ofici\u00e1ln\u00ed certifik\u00e1t raz\u00edtka s detaily o \u010distot\u011b st\u0159\u00edbra a hmotnosti.<\/p>\n<\/li>\n<li data-start=\"1850\" data-end=\"1955\">\n<p data-start=\"1852\" data-end=\"1955\"><strong data-start=\"1852\" data-end=\"1875\">Mo\u017enost oboustrann\u00e9ho designu<\/strong> \u2013 P\u0159idejte symbolick\u00e9 egyptsk\u00e9 ikony na zadn\u00ed stranu (Oko H\u00f3rusovo, Ankh, Lotus atd.).<\/p>\n<\/li>\n<li data-start=\"1956\" data-end=\"2057\">\n<p data-start=\"1958\" data-end=\"2057\"><strong data-start=\"1958\" data-end=\"1976\">Obsahuje \u0159et\u00edzek<\/strong> \u2013 Dod\u00e1v\u00e1 se s odpov\u00eddaj\u00edc\u00edm 925 st\u0159\u00edbrn\u00fdm \u0159et\u00edzkem pro kompletn\u00ed a p\u0159ipraven\u00fd k nosen\u00ed kousek.<\/p>\n<\/li>\n<li data-start=\"2058\" data-end=\"2153\">\n<p data-start=\"2060\" data-end=\"2153\"><strong data-start=\"2060\" data-end=\"2077\">Kulturn\u00ed d\u00e1rek<\/strong> \u2013 Ide\u00e1ln\u00ed pro milovn\u00edky historie, d\u011bdictv\u00ed nebo personalizovan\u00e9ho \u0159emesln\u00e9ho \u0161perku.<\/p>\n<\/li>\n<\/ul>\n<h3 data-start=\"2160\" data-end=\"2179\">Podrobnosti o produktu<\/h3>\n<ul data-start=\"2181\" data-end=\"2656\">\n<li data-start=\"2181\" data-end=\"2236\">\n<p data-start=\"2183\" data-end=\"2236\"><strong data-start=\"2183\" data-end=\"2196\">Materi\u00e1l:<\/strong> 100 % 925 st\u0159\u00edbro (negalvanizovan\u00e9)<\/p>\n<\/li>\n<li data-start=\"2237\" data-end=\"2321\">\n<p data-start=\"2239\" data-end=\"2321\"><strong data-start=\"2239\" data-end=\"2256\">Velikost p\u0159\u00edv\u011bsku:<\/strong> P\u0159ibli\u017en\u011b 30\u201355 mm (v\u00fd\u0161ka se li\u0161\u00ed podle d\u00e9lky jm\u00e9na), ~10 mm \u0161\u00ed\u0159ka<\/p>\n<\/li>\n<li data-start=\"2322\" data-end=\"2377\">\n<p data-start=\"2324\" data-end=\"2377\"><strong data-start=\"2324\" data-end=\"2335\">Hmotnost:<\/strong> P\u0159ibli\u017en\u011b 14 g (p\u0159\u00edv\u011bsek), 17 g (s \u0159et\u00edzkem)<\/p>\n<\/li>\n<li data-start=\"2378\" data-end=\"2440\">\n<p data-start=\"2380\" data-end=\"2440\"><strong data-start=\"2380\" data-end=\"2404\">Jazyky ryt\u00ed:<\/strong> Hieroglyfy, arab\u0161tina nebo angli\u010dtina<\/p>\n<\/li>\n<li data-start=\"2441\" data-end=\"2514\">\n<p data-start=\"2443\" data-end=\"2514\"><strong data-start=\"2443\" data-end=\"2461\">Mo\u017enosti \u0159et\u00edzku:<\/strong> St\u0159\u00edbrn\u00fd \u0159et\u00edzek v cen\u011b (vyberte 18&#8243; nebo 20&#8243;)<\/p>\n<\/li>\n<li data-start=\"2515\" data-end=\"2585\">\n<p data-start=\"2517\" data-end=\"2585\"><strong data-start=\"2517\" data-end=\"2531\">Balen\u00ed:<\/strong> Elegantn\u00ed d\u0159ev\u011bn\u00e1 d\u00e1rkov\u00e1 krabi\u010dka se st\u0159\u00edbrnou le\u0161t\u00edc\u00ed ut\u011brkou<\/p>\n<\/li>\n<li data-start=\"2586\" data-end=\"2656\">\n<p data-start=\"2588\" data-end=\"2656\"><strong data-start=\"2588\" data-end=\"2606\">Certifikace:<\/strong> Ofici\u00e1ln\u00ed egyptsk\u00e9 raz\u00edtko (vl\u00e1dn\u00ed raz\u00edtko)<\/p>\n<\/li>\n<\/ul>\n<h3 data-start=\"2663\" data-end=\"2696\">Jak personalizovat svou objedn\u00e1vku<\/h3>\n<ol data-start=\"2698\" data-end=\"3044\">\n<li data-start=\"2698\" data-end=\"2774\">\n<p data-start=\"2701\" data-end=\"2774\"><strong data-start=\"2701\" data-end=\"2720\">Vyberte jm\u00e9no<\/strong> \u2013 Ode\u0161lete jm\u00e9no k vyryt\u00ed (max. 12 znak\u016f).<\/p>\n<\/li>\n<li data-start=\"2775\" data-end=\"2838\">\n<p data-start=\"2778\" data-end=\"2838\"><strong data-start=\"2778\" data-end=\"2801\">Vyberte jazyk<\/strong> \u2013 Hieroglyfy, arab\u0161tina nebo angli\u010dtina.<\/p>\n<\/li>\n<li data-start=\"2839\" data-end=\"2980\">\n<p data-start=\"2842\" data-end=\"2901\"><strong data-start=\"2842\" data-end=\"2866\">Voliteln\u00fd zadn\u00ed design<\/strong> \u2013 P\u0159idejte starov\u011bk\u00e9 egyptsk\u00e9 ikony jako:<\/p>\n<ul data-start=\"2905\" data-end=\"2980\">\n<li data-start=\"2905\" data-end=\"2919\">\n<p data-start=\"2907\" data-end=\"2919\">Oko H\u00f3rusovo<\/p>\n<\/li>\n<li data-start=\"2923\" data-end=\"2943\">\n<p data-start=\"2925\" data-end=\"2943\">Ankh (kl\u00ed\u010d \u017eivota)<\/p>\n<\/li>\n<li data-start=\"2947\" data-end=\"2962\">\n<p data-start=\"2949\" data-end=\"2962\">Brouk skarabeus<\/p>\n<\/li>\n<li data-start=\"2966\" data-end=\"2980\">\n<p data-start=\"2968\" data-end=\"2980\">Lotusov\u00fd kv\u011bt<\/p>\n<\/li>\n<\/ul>\n<\/li>\n<li data-start=\"2981\" data-end=\"3044\">\n<p data-start=\"2984\" data-end=\"3044\"><strong data-start=\"2984\" data-end=\"3000\">D\u00e9lka \u0159et\u00edzku<\/strong> \u2013 Vyberte preferovanou velikost \u0159et\u00edzku (18&#8243; nebo 20&#8243;).<\/p>\n<\/li>\n<\/ol>\n<p data-start=\"3046\" data-end=\"3138\">Ka\u017ed\u00fd n\u00e1hrdeln\u00edk je vyroben na m\u00edru. Pros\u00edm, po\u010d\u00edtejte s 3\u20135 pracovn\u00edmi dny na ryt\u00ed p\u0159ed odesl\u00e1n\u00edm.<\/p>\n<h3 data-start=\"3145\" data-end=\"3189\">Historick\u00fd v\u00fdznam kartu\u0161<\/h3>\n<p data-start=\"3191\" data-end=\"3473\">Pou\u017e\u00edvan\u00fd vl\u00e1dci jako <strong data-start=\"3211\" data-end=\"3226\">Tutancham\u00f3n<\/strong>, <strong data-start=\"3228\" data-end=\"3241\">Ramses II<\/strong> a <strong data-start=\"3247\" data-end=\"3260\">Kleopatra<\/strong>, kartu\u0161 symbolizoval jejich kr\u00e1lovskou autoritu a ochranu p\u0159ed \u00fahony. Ov\u00e1ln\u00fd tvar p\u0159edstavoval vesm\u00edr a v\u011b\u010dn\u00fd cyklus slunce, zaji\u0161\u0165uj\u00edc\u00ed, \u017ee jm\u00e9no uvnit\u0159 bude \u017e\u00edt v\u011b\u010dn\u011b v posmrtn\u00e9m \u017eivot\u011b.<\/p>\n<p data-start=\"3475\" data-end=\"3709\">D\u00edky <strong data-start=\"3489\" data-end=\"3506\">Rosettsk\u00e9mu kameni<\/strong>, objeven\u00e9mu v roce 1799, bylo rozlu\u0161t\u011bno tajemstv\u00ed hieroglyf\u016f kartu\u0161, odhaluj\u00edc\u00ed jm\u00e9na, tituly a zpr\u00e1vy ztracen\u00e9 \u010dasu. Tento p\u0159\u00edv\u011bsek nen\u00ed jen \u0161perk \u2013 je to most k tomu starov\u011bk\u00e9mu sv\u011btu.<\/p>\n<h3 data-start=\"4080\" data-end=\"4109\">N\u00e1vod na p\u00e9\u010di o \u0161perky<\/h3>\n<p data-start=\"4111\" data-end=\"4148\">Pro zachov\u00e1n\u00ed va\u0161eho 925 st\u0159\u00edbrn\u00e9ho n\u00e1hrdeln\u00edku:<\/p>\n<ul data-start=\"4150\" data-end=\"4317\">\n<li data-start=\"4150\" data-end=\"4198\">\n<p data-start=\"4152\" data-end=\"4198\">Skladujte v such\u00e9, vzduchot\u011bsn\u00e9 \u0161perkovnici nebo s\u00e1\u010dku.<\/p>\n<\/li>\n<li data-start=\"4199\" data-end=\"4251\">\n<p data-start=\"4201\" data-end=\"4251\">Vyhn\u011bte se kontaktu s vodou, parf\u00e9my a chemik\u00e1liemi.<\/p>\n<\/li>\n<li data-start=\"4252\" data-end=\"4317\">\n<p data-start=\"4254\" data-end=\"4317\">\u010cist\u011bte p\u0159ilo\u017eenou le\u0161t\u00edc\u00ed ut\u011brkou nebo m\u00edrn\u00fdm m\u00fddlem a vodou.<\/p>\n<\/li>\n<\/ul>\n<h3 data-start=\"4324\" data-end=\"4364\">Vlastn\u011bte symbol v\u011b\u010dnosti \u2013 Objednejte nyn\u00ed<\/h3>\n<p data-start=\"4366\" data-end=\"4644\">Tento <strong data-start=\"4371\" data-end=\"4415\">st\u0159\u00edbrn\u00fd egyptsk\u00fd kartu\u0161 n\u00e1hrdeln\u00edk<\/strong> je nad\u010dasov\u00fd symbol identity, ochrany a historick\u00e9 hrdosti. A\u0165 oslavujete d\u011bdictv\u00ed, d\u00e1rkujete bl\u00edzk\u00e9mu nebo jste jednodu\u0161e p\u0159itahov\u00e1ni starov\u011bk\u00fdm egyptsk\u00fdm um\u011bn\u00edm, tento kousek je vytvo\u0159en k uct\u011bn\u00ed minulosti a pos\u00edlen\u00ed p\u0159\u00edtomnosti.<\/p>\n<p data-start=\"4646\" data-end=\"4700\"><strong data-start=\"4646\" data-end=\"4700\">Objednejte si sv\u016fj je\u0161t\u011b dnes a noste sv\u00e9 jm\u00e9no jako kr\u00e1lovsk\u00e9.<\/strong><\/p>\n<p style=\"text-align: center;\">D\u011bkujeme za n\u00e1kup v <em data-start=\"415\" data-end=\"431\"><a href=\"https:\/\/bazaar.express\/\">Bazaar Express<\/a><\/em> \u2013 jsme nad\u0161en\u00ed, \u017ee jste u n\u00e1s!<\/p>\n<p style=\"text-align: center;\">Za\u017eijte kouzlo starov\u011bk\u00e9ho um\u011bn\u00ed s na\u0161\u00ed sb\u00edrkou <a href=\"https:\/\/bazaar.express\/product-category\/egyptian-treasures\/\">Egyptsk\u00fdch poklad\u016f<\/a>.<\/p>\n","protected":false},"excerpt":{"rendered":"<h3 data-start=\"415\" data-end=\"642\">Personalizovan\u00fd ru\u010dn\u011b vyroben\u00fd egyptsk\u00fd kartu\u0161 n\u00e1hrdeln\u00edk z \u010dist\u00e9ho 925 st\u0159\u00edbra. Vyryt\u00fd va\u0161\u00edm jm\u00e9nem v hieroglyfech, arab\u0161tin\u011b nebo angli\u010dtin\u011b. Obsahuje ofici\u00e1ln\u00ed certifik\u00e1t raz\u00edtka a odpov\u00eddaj\u00edc\u00ed st\u0159\u00edbrn\u00fd \u0159et\u00edzek. Vyrobeno v Egypt\u011b.<\/h3>\n","protected":false},"featured_media":35916,"comment_status":"open","ping_status":"closed","template":"","meta":[],"product_brand":[],"product_cat":[822],"product_tag":[893],"class_list":{"0":"post-35913","1":"product","2":"type-product","3":"status-publish","4":"has-post-thumbnail","6":"product_cat-egyptske-poklady","7":"product_tag-suvenyry","9":"first","10":"instock","11":"sale","12":"shipping-taxable","13":"purchasable","14":"product-type-simple"},"_links":{"self":[{"href":"https:\/\/bazaar.express\/cs\/wp-json\/wp\/v2\/product\/35913","targetHints":{"allow":["GET"]}}],"collection":[{"href":"https:\/\/bazaar.express\/cs\/wp-json\/wp\/v2\/product"}],"about":[{"href":"https:\/\/bazaar.express\/cs\/wp-json\/wp\/v2\/types\/product"}],"replies":[{"embeddable":true,"href":"https:\/\/bazaar.express\/cs\/wp-json\/wp\/v2\/comments?post=35913"}],"wp:featuredmedia":[{"embeddable":true,"href":"https:\/\/bazaar.express\/cs\/wp-json\/wp\/v2\/media\/35916"}],"wp:attachment":[{"href":"https:\/\/bazaar.express\/cs\/wp-json\/wp\/v2\/media?parent=35913"}],"wp:term":[{"taxonomy":"product_brand","embeddable":true,"href":"https:\/\/bazaar.express\/cs\/wp-json\/wp\/v2\/product_brand?post=35913"},{"taxonomy":"product_cat","embeddable":true,"href":"https:\/\/bazaar.express\/cs\/wp-json\/wp\/v2\/product_cat?post=35913"},{"taxonomy":"product_tag","embeddable":true,"href":"https:\/\/bazaar.express\/cs\/wp-json\/wp\/v2\/product_tag?post=35913"}],"curies":[{"name":"wp","href":"https:\/\/api.w.org\/{rel}","templated":true}]}}