{"id":35920,"date":"2025-02-11T00:21:02","date_gmt":"2025-02-11T00:21:02","guid":{"rendered":"https:\/\/bazaar.express\/product\/egyptsky-kartus-nahrdelnik\/"},"modified":"2026-02-27T14:28:53","modified_gmt":"2026-02-27T14:28:53","slug":"egyptsky-kartus-nahrdelnik","status":"publish","type":"product","link":"https:\/\/bazaar.express\/cs\/produkt\/egyptsky-kartus-nahrdelnik\/","title":{"rendered":"Egyptsk\u00fd kartu\u0161 n\u00e1hrdeln\u00edk"},"content":{"rendered":"<h2 data-start=\"312\" data-end=\"379\">Egyptsk\u00fd kartu\u0161 n\u00e1hrdeln\u00edk \u2013 Personalizovan\u00fd p\u0159\u00edv\u011bsek z 925 sterling st\u0159\u00edbra<\/h2>\n<p data-start=\"381\" data-end=\"741\">Noste d\u011bdictv\u00ed faraon\u016f s <strong data-start=\"421\" data-end=\"461\">ru\u010dn\u011b vyroben\u00fdm egyptsk\u00fdm kartu\u0161 n\u00e1hrdeln\u00edkem<\/strong>, expertne zpracovan\u00fdm z \u010dist\u00e9ho <strong data-start=\"490\" data-end=\"513\">925 sterling st\u0159\u00edbra<\/strong> a personalizovan\u00fdm s va\u0161\u00edm jm\u00e9nem v <strong data-start=\"549\" data-end=\"586\">hieroglyfech, arab\u0161tin\u011b nebo angli\u010dtin\u011b<\/strong>. Kartu\u0161 \u2013 posv\u00e1tn\u00fd ov\u00e1ln\u00fd r\u00e1m pou\u017e\u00edvan\u00fd ve starov\u011bk\u00e9m Egypt\u011b k ochran\u011b kr\u00e1lovsk\u00fdch jmen \u2013 je mocn\u00fdm symbolem identity, ochrany a v\u011b\u010dn\u00e9ho vzpom\u00edn\u00e1n\u00ed.<\/p>\n<p data-start=\"743\" data-end=\"948\">Ka\u017ed\u00fd k\u00fasok je vyroben v Egypt\u011b zku\u0161en\u00fdmi \u0159emesln\u00edky a dod\u00e1v\u00e1n s ofici\u00e1ln\u00edm <strong data-start=\"819\" data-end=\"901\">certifik\u00e1tem raz\u00edtka od Egyptsk\u00e9 \u00fa\u0159adu pro raz\u00edtkov\u00e1n\u00ed a v\u00e1hy<\/strong>, kter\u00fd ov\u011b\u0159uje \u010distotu st\u0159\u00edbra a autenticitu.<\/p>\n<h3 data-start=\"955\" data-end=\"989\">Co je egyptsk\u00fd kartu\u0161?<\/h3>\n<p data-start=\"991\" data-end=\"1393\"><strong data-start=\"994\" data-end=\"1016\">Egyptsk\u00fd kartu\u0161<\/strong> je ov\u00e1ln\u00e1 cedule s jm\u00e9nem, kter\u00e1 sah\u00e1 a\u017e do doby faraon\u016f. Byl do n\u00ed vyryto jm\u00e9no kr\u00e1lovsk\u00e9 osobnosti, uzav\u0159en\u00e9 v ochrann\u00e9 smy\u010dce symbolizuj\u00edc\u00ed slune\u010dn\u00edho boha Ra. Kartu\u0161 chr\u00e1nil jm\u00e9no nositele p\u0159ed zl\u00fdmi duchy a zajistil, \u017ee jeho vzpom\u00ednka bude \u017e\u00edt v\u011b\u010dn\u011b v posmrtn\u00e9m \u017eivot\u011b. Dnes z\u016fst\u00e1v\u00e1 obl\u00edben\u00fdm symbolem identity, d\u011bdictv\u00ed a ochrany.<\/p>\n<h3 data-start=\"1400\" data-end=\"1459\">Pro\u010d si vybrat tento kartu\u0161 n\u00e1hrdeln\u00edk z 925 sterling st\u0159\u00edbra?<\/h3>\n<ul data-start=\"1461\" data-end=\"2110\">\n<li data-start=\"1461\" data-end=\"1543\">\n<p data-start=\"1463\" data-end=\"1543\"><strong data-start=\"1463\" data-end=\"1499\">Autentick\u00e9 egyptsk\u00e9 \u0159emesln\u00e9 zpracov\u00e1n\u00ed<\/strong> \u2013 100% ru\u010dn\u011b vyroben\u00e9 v K\u00e1hi\u0159e m\u00edstn\u00edmi \u0159emesln\u00edky.<\/p>\n<\/li>\n<li data-start=\"1544\" data-end=\"1634\">\n<p data-start=\"1546\" data-end=\"1634\"><strong data-start=\"1546\" data-end=\"1565\">Pr\u00e9miov\u00e1 kvalita<\/strong> \u2013 Vyrobeno z pevn\u00e9ho, raz\u00edtkovan\u00e9ho 925 sterling st\u0159\u00edbra (bez zlat\u00e9ho pozlacen\u00ed).<\/p>\n<\/li>\n<li data-start=\"1635\" data-end=\"1735\">\n<p data-start=\"1637\" data-end=\"1735\"><strong data-start=\"1637\" data-end=\"1666\">Personalizovan\u00e9 p\u0159\u00edmo pro v\u00e1s<\/strong> \u2013 A\u017e 12 znak\u016f vyryto v hieroglyfech, arab\u0161tin\u011b nebo angli\u010dtin\u011b.<\/p>\n<\/li>\n<li data-start=\"1736\" data-end=\"1828\">\n<p data-start=\"1738\" data-end=\"1828\"><strong data-start=\"1738\" data-end=\"1762\">Symbolick\u00e9 a duchovn\u00ed<\/strong> \u2013 Inspirov\u00e1no starov\u011bk\u00fdmi v\u00edrami a silou jmen a symbol\u016f.<\/p>\n<\/li>\n<li data-start=\"1829\" data-end=\"1927\">\n<p data-start=\"1831\" data-end=\"1927\"><strong data-start=\"1831\" data-end=\"1854\">Mo\u017enost oboustrann\u00e9ho proveden\u00ed<\/strong> \u2013 P\u0159idejte egyptsk\u00fd symbol na zadn\u00ed stranu (Ankh, Oko H\u00f3ra, Skarabeus atd.).<\/p>\n<\/li>\n<li data-start=\"1928\" data-end=\"2032\">\n<p data-start=\"1930\" data-end=\"2032\"><strong data-start=\"1930\" data-end=\"1954\">Ofici\u00e1ln\u011b certifikov\u00e1no<\/strong> \u2013 Dod\u00e1v\u00e1no s raz\u00edtkov\u00fdm pe\u010det\u00edm zaru\u010duj\u00edc\u00edm obsah st\u0159\u00edbra a autenticitu.<\/p>\n<\/li>\n<li data-start=\"2033\" data-end=\"2110\">\n<p data-start=\"2035\" data-end=\"2110\"><strong data-start=\"2035\" data-end=\"2052\">P\u0159ipraven\u00e9 k darov\u00e1n\u00ed<\/strong> \u2013 P\u0159ijde v pr\u00e9miov\u00e9m d\u0159ev\u011bn\u00e9m boxu s le\u0161t\u00edc\u00ed ut\u011brkou.<\/p>\n<\/li>\n<\/ul>\n<h3 data-start=\"2117\" data-end=\"2143\">Specifikace produktu<\/h3>\n<ul data-start=\"2145\" data-end=\"2540\">\n<li data-start=\"2145\" data-end=\"2204\">\n<p data-start=\"2147\" data-end=\"2204\"><strong data-start=\"2147\" data-end=\"2160\">Materi\u00e1l:<\/strong> 925 sterling st\u0159\u00edbro (raz\u00edtkovan\u00e9 a testovan\u00e9)<\/p>\n<\/li>\n<li data-start=\"2205\" data-end=\"2280\">\n<p data-start=\"2207\" data-end=\"2280\"><strong data-start=\"2207\" data-end=\"2229\">Mo\u017enosti ryt\u00ed:<\/strong> Hieroglyfy, arab\u0161tina nebo angli\u010dtina (a\u017e 12 p\u00edsmen)<\/p>\n<\/li>\n<li data-start=\"2281\" data-end=\"2357\">\n<p data-start=\"2283\" data-end=\"2357\"><strong data-start=\"2283\" data-end=\"2306\">Rozm\u011bry p\u0159\u00edv\u011bsku:<\/strong> 10 mm \u0161irok\u00fd, 30\u201355 mm dlouh\u00fd (v z\u00e1vislosti na d\u00e9lce jm\u00e9na)<\/p>\n<\/li>\n<li data-start=\"2358\" data-end=\"2431\">\n<p data-start=\"2360\" data-end=\"2431\"><strong data-start=\"2360\" data-end=\"2378\">Mo\u017enosti \u0159et\u00edzku:<\/strong> Prod\u00e1v\u00e1 se samostatn\u011b \u2013 dostupn\u00fd v d\u00e9lk\u00e1ch 16&#8243;, 18&#8243;, 20&#8243; nebo 24&#8243;<\/p>\n<\/li>\n<li data-start=\"2432\" data-end=\"2497\">\n<p data-start=\"2434\" data-end=\"2497\"><strong data-start=\"2434\" data-end=\"2448\">Balen\u00ed:<\/strong> Elegantn\u00ed d\u0159ev\u011bn\u00fd d\u00e1rkov\u00fd box + le\u0161t\u00edc\u00ed ut\u011brka na st\u0159\u00edbro<\/p>\n<\/li>\n<li data-start=\"2498\" data-end=\"2540\">\n<p data-start=\"2500\" data-end=\"2540\"><strong data-start=\"2500\" data-end=\"2514\">Stav:<\/strong> Zcela nov\u00fd \u2013 Vyrobeno v Egypt\u011b<\/p>\n<\/li>\n<\/ul>\n<h3 data-start=\"2547\" data-end=\"2588\">Instrukce pro personalizaci a objedn\u00e1vku<\/h3>\n<ol data-start=\"2590\" data-end=\"2981\">\n<li data-start=\"2590\" data-end=\"2670\">\n<p data-start=\"2593\" data-end=\"2670\"><strong data-start=\"2593\" data-end=\"2613\">Vyberte si sv\u00e9 jm\u00e9no<\/strong> \u2013 Specifikujte jm\u00e9no a preferovan\u00fd jazyk pro ryt\u00ed.<\/p>\n<\/li>\n<li data-start=\"2671\" data-end=\"2882\">\n<p data-start=\"2674\" data-end=\"2734\"><strong data-start=\"2674\" data-end=\"2704\">Vyberte si symbol (voliteln\u011b)<\/strong> \u2013 P\u0159idejte starov\u011bk\u00fd embl\u00e9m jako:<\/p>\n<ul data-start=\"2738\" data-end=\"2882\">\n<li data-start=\"2738\" data-end=\"2751\">\n<p data-start=\"2740\" data-end=\"2751\">Ankh (\u017divot)<\/p>\n<\/li>\n<li data-start=\"2755\" data-end=\"2782\">\n<p data-start=\"2757\" data-end=\"2782\">Oko H\u00f3ra (Ochrana)<\/p>\n<\/li>\n<li data-start=\"2786\" data-end=\"2804\">\n<p data-start=\"2788\" data-end=\"2804\">Skarabeus (Znovuzrozen\u00ed)<\/p>\n<\/li>\n<li data-start=\"2808\" data-end=\"2831\">\n<p data-start=\"2810\" data-end=\"2831\">Lotusov\u00e1 kv\u011btina (\u010cistota)<\/p>\n<\/li>\n<li data-start=\"2835\" data-end=\"2882\">\n<p data-start=\"2837\" data-end=\"2882\">Nefertiti, Isis, Ramses, Tutancham\u00f3n a dal\u0161\u00ed<\/p>\n<\/li>\n<\/ul>\n<\/li>\n<li data-start=\"2883\" data-end=\"2981\">\n<p data-start=\"2886\" data-end=\"2981\"><strong data-start=\"2886\" data-end=\"2912\">P\u0159idejte \u0159et\u00edzek (voliteln\u011b)<\/strong> \u2013 Spojte sv\u016fj p\u0159\u00edv\u011bsek s jedn\u00edm z na\u0161ich slad\u011bn\u00fdch sterling st\u0159\u00edbrn\u00fdch \u0159et\u00edzk\u016f.<\/p>\n<\/li>\n<\/ol>\n<p data-start=\"2983\" data-end=\"3075\">Pokud nen\u00ed vybr\u00e1n \u017e\u00e1dn\u00fd symbol, bude p\u0159id\u00e1n Ankh jako v\u00fdchoz\u00ed pro \u0161t\u011bst\u00ed a ochranu.<\/p>\n<h3 data-start=\"3446\" data-end=\"3467\">Tipy na p\u00e9\u010di o \u0161perky<\/h3>\n<ul data-start=\"3469\" data-end=\"3629\">\n<li data-start=\"3469\" data-end=\"3531\">\n<p data-start=\"3471\" data-end=\"3531\">Udr\u017eujte v suchu; vyhn\u011bte se vystaven\u00ed vlhkosti, parf\u00e9m\u016fm a lotion\u016fm.<\/p>\n<\/li>\n<li data-start=\"3532\" data-end=\"3576\">\n<p data-start=\"3534\" data-end=\"3576\">Skladujte v uzav\u0159en\u00e9 \u0161perkovnici nebo s\u00e1\u010dku.<\/p>\n<\/li>\n<li data-start=\"3577\" data-end=\"3629\">\n<p data-start=\"3579\" data-end=\"3629\">\u010cist\u011bte jemn\u00fdm m\u00fddlem a vodou s m\u011bkk\u00fdm had\u0159\u00edkem.<\/p>\n<\/li>\n<\/ul>\n<h3 data-start=\"3636\" data-end=\"3670\">P\u0159\u00edb\u011bh za kartu\u0161em<\/h3>\n<p data-start=\"3672\" data-end=\"4014\">Ve starov\u011bk\u00e9m Egypt\u011b byly <strong data-start=\"3690\" data-end=\"3741\">kartu\u0161e vy\u0159ez\u00e1v\u00e1ny do hrobek a pam\u00e1tn\u00edk\u016f<\/strong> k zachov\u00e1n\u00ed jm\u00e9na na v\u011b\u010dnost. Faraoni jako <strong data-start=\"3789\" data-end=\"3815\">Tutancham\u00f3n, Ramses II<\/strong> a <strong data-start=\"3821\" data-end=\"3834\">Kleopatra<\/strong> nosili kartu\u0161e k propojen\u00ed s bo\u017esk\u00fdmi silami a ochran\u011b sv\u00fdch du\u0161\u00ed. <strong data-start=\"3910\" data-end=\"3924\">Ov\u00e1lov\u00fd tvar<\/strong> symbolizoval v\u011b\u010dn\u00e9 putov\u00e1n\u00ed slunce a slou\u017eil jako magick\u00e1 ochrana identity.<\/p>\n<p data-start=\"4016\" data-end=\"4271\">Pou\u017eit\u00ed kartushe nebylo jen dekorativn\u00ed \u2013 bylo duchovn\u00ed. Nosit sv\u00e9 jm\u00e9no v tomto posv\u00e1tn\u00e9m tvaru slad\u00ed va\u0161i identitu s stalet\u00edmi mocn\u00fdch symbol\u016f. Propojuje nositele s <strong data-start=\"4205\" data-end=\"4222\">Ba a Ka<\/strong>, esenci\u00e1ln\u00edmi aspekty starov\u011bk\u00e9 egyptsk\u00e9 du\u0161e.<\/p>\n<h3 data-start=\"4278\" data-end=\"4313\">Vlastn\u011bte nad\u010dasov\u00fd kousek historie<\/h3>\n<p data-start=\"4315\" data-end=\"4515\">A\u0165 jste milovn\u00edk egyptsk\u00e9 mytologie, fanou\u0161ek personalizovan\u00fdch \u0161perk\u016f nebo hled\u00e1te jedine\u010dn\u00fd d\u00e1rek, tento kartu\u0161 z 925 st\u0159\u00edbra je v\u00edce ne\u017e jen n\u00e1hrdeln\u00edk \u2013 je symbolem d\u011bdictv\u00ed a ochrany.<\/p>\n<p data-start=\"4517\" data-end=\"4618\"><strong data-start=\"4517\" data-end=\"4572\">Objednejte si dnes sv\u016fj personalizovan\u00fd egyptsk\u00fd kartu\u0161 n\u00e1hrdeln\u00edk<\/strong> a noste jm\u00e9no, kter\u00e9 nikdy nebude zapomenuto.<\/p>\n<p style=\"text-align: center;\">D\u011bkujeme za n\u00e1kup v <em data-start=\"415\" data-end=\"431\"><a href=\"https:\/\/bazaar.express\/\">Bazaar Express<\/a><\/em> \u2013 jsme nad\u0161en\u00ed, \u017ee jste tu!<\/p>\n<p style=\"text-align: center;\">Za\u017eijte kouzlo starov\u011bk\u00e9ho um\u011bn\u00ed s na\u0161\u00ed sb\u00edrkou <a href=\"https:\/\/bazaar.express\/product-category\/egyptian-treasures\/\">Egyptsk\u00e9 poklady<\/a>.<\/p>\n<p data-start=\"4625\" data-end=\"4760\">\n","protected":false},"excerpt":{"rendered":"<h3 data-start=\"407\" data-end=\"631\">Noste sv\u00e9 jm\u00e9no jako kr\u00e1lovsk\u00e9 s t\u00edmto personalizovan\u00fdm egyptsk\u00fdm kartu\u0161 n\u00e1hrdeln\u00edkem. Ru\u010dn\u011b vyroben\u00fd v Egypt\u011b z 925 sterling st\u0159\u00edbra s ryt\u00edm v hieroglyfech, arab\u0161tin\u011b nebo angli\u010dtin\u011b a certifikov\u00e1n pro autenticitu.<\/h3>\n","protected":false},"featured_media":35924,"comment_status":"open","ping_status":"closed","template":"","meta":[],"product_brand":[],"product_cat":[822],"product_tag":[893],"class_list":{"0":"post-35920","1":"product","2":"type-product","3":"status-publish","4":"has-post-thumbnail","6":"product_cat-egyptske-poklady","7":"product_tag-suvenyry","9":"first","10":"instock","11":"sale","12":"shipping-taxable","13":"purchasable","14":"product-type-simple"},"_links":{"self":[{"href":"https:\/\/bazaar.express\/cs\/wp-json\/wp\/v2\/product\/35920","targetHints":{"allow":["GET"]}}],"collection":[{"href":"https:\/\/bazaar.express\/cs\/wp-json\/wp\/v2\/product"}],"about":[{"href":"https:\/\/bazaar.express\/cs\/wp-json\/wp\/v2\/types\/product"}],"replies":[{"embeddable":true,"href":"https:\/\/bazaar.express\/cs\/wp-json\/wp\/v2\/comments?post=35920"}],"wp:featuredmedia":[{"embeddable":true,"href":"https:\/\/bazaar.express\/cs\/wp-json\/wp\/v2\/media\/35924"}],"wp:attachment":[{"href":"https:\/\/bazaar.express\/cs\/wp-json\/wp\/v2\/media?parent=35920"}],"wp:term":[{"taxonomy":"product_brand","embeddable":true,"href":"https:\/\/bazaar.express\/cs\/wp-json\/wp\/v2\/product_brand?post=35920"},{"taxonomy":"product_cat","embeddable":true,"href":"https:\/\/bazaar.express\/cs\/wp-json\/wp\/v2\/product_cat?post=35920"},{"taxonomy":"product_tag","embeddable":true,"href":"https:\/\/bazaar.express\/cs\/wp-json\/wp\/v2\/product_tag?post=35920"}],"curies":[{"name":"wp","href":"https:\/\/api.w.org\/{rel}","templated":true}]}}