{"id":35948,"date":"2025-02-10T17:16:09","date_gmt":"2025-02-10T17:16:09","guid":{"rendered":"https:\/\/bazaar.express\/product\/privesek-kartus\/"},"modified":"2025-02-10T17:16:09","modified_gmt":"2025-02-10T17:16:09","slug":"privesek-kartus","status":"publish","type":"product","link":"https:\/\/bazaar.express\/cs\/produkt\/privesek-kartus\/","title":{"rendered":"P\u0159\u00edv\u011bsek Kartu\u0161"},"content":{"rendered":"<h2 data-start=\"275\" data-end=\"352\">P\u0159\u00edv\u011bsek Kartu\u0161 \u2013 Personalizovan\u00fd \u0161perk ze st\u0159\u00edbra 925 ru\u010dn\u011b vyroben\u00fd v Egypt\u011b<\/h2>\n<h3 data-start=\"354\" data-end=\"408\">Objevte v\u00fdznam egyptsk\u00e9ho kartu\u0161e<\/h3>\n<p data-start=\"410\" data-end=\"845\">P\u0159\u00edv\u011bsek kartu\u0161 je jedn\u00edm z nejslavn\u011bj\u0161\u00edch symbol\u016f starov\u011bk\u00e9 egyptsk\u00e9 kultury. P\u016fvodn\u011b vyhrazen\u00fd pro kr\u00e1lovskou rodinu, kartu\u0161 p\u0159edstavuje ov\u00e1ln\u00fd r\u00e1mec, kter\u00fd obklopuje jm\u00e9no nebo fr\u00e1zi psanou hieroglyfy. Jeho \u00fa\u010delem bylo zachovat identitu nositele na v\u011b\u010dnost a poskytnout bo\u017eskou ochranu. Dnes se tento mocn\u00fd symbol znovuzrodil jako personalizovan\u00fd kousek \u0161perku \u2013 ru\u010dn\u011b vyroben\u00fd v Egypt\u011b z prav\u00e9ho st\u0159\u00edbra 925.<\/p>\n<p data-start=\"847\" data-end=\"1047\">Ka\u017ed\u00fd p\u0159\u00edv\u011bsek je modern\u00ed interpretac\u00ed tohoto nad\u010dasov\u00e9ho symbolu, kter\u00fd v\u00e1m umo\u017en\u00ed vyryt sv\u00e9 jm\u00e9no do starov\u011bk\u00fdch egyptsk\u00fdch hieroglyf\u016f, arab\u0161tiny nebo angli\u010dtiny a vytvo\u0159it tak hluboce smyslupln\u00fd, no\u0161iteln\u00fd artefakt.<\/p>\n<h3 data-start=\"1054\" data-end=\"1107\">Pro\u010d si vybrat n\u00e1\u0161 p\u0159\u00edv\u011bsek kartu\u0161 ze st\u0159\u00edbra 925?<\/h3>\n<ul data-start=\"1109\" data-end=\"2081\">\n<li data-start=\"1109\" data-end=\"1271\">\n<p data-start=\"1111\" data-end=\"1271\"><strong data-start=\"1111\" data-end=\"1147\">Autentick\u00e9 egyptsk\u00e9 \u0159emesln\u00e9 zpracov\u00e1n\u00ed<\/strong><br data-start=\"1147\" data-end=\"1150\" \/>Ru\u010dn\u011b vyroben\u00fd v K\u00e1hi\u0159e zku\u0161en\u00fdmi egyptsk\u00fdmi \u0159emesln\u00edky pomoc\u00ed tradi\u010dn\u00edch technik \u0161perka\u0159stv\u00ed p\u0159ed\u00e1van\u00fdch z generace na generaci.<\/p>\n<\/li>\n<li data-start=\"1273\" data-end=\"1468\">\n<p data-start=\"1275\" data-end=\"1468\"><strong data-start=\"1275\" data-end=\"1311\">Vysokokvalitn\u00ed st\u0159\u00edbro 925<\/strong><br data-start=\"1311\" data-end=\"1314\" \/>Vyroben\u00fd z \u010dist\u00e9ho st\u0159\u00edbra 925, tento p\u0159\u00edv\u011bsek kombinuje odolnost s klasickou eleganc\u00ed. Vyberte si mezi le\u0161t\u011bn\u00fdm povrchem nebo oxidovan\u00fdm staro\u017eitn\u00fdm vzhledem.<\/p>\n<\/li>\n<li data-start=\"1470\" data-end=\"1701\">\n<p data-start=\"1472\" data-end=\"1701\"><strong data-start=\"1472\" data-end=\"1513\">Personalizovan\u00e9 grav\u00edrov\u00e1n\u00ed ve 3 jazyc\u00edch<\/strong><br data-start=\"1513\" data-end=\"1516\" \/>Va\u0161e jm\u00e9no (a\u017e 10 znak\u016f) lze vyryt do starov\u011bk\u00fdch hieroglyf\u016f, arab\u0161tiny nebo angli\u010dtiny. Na\u0161e hieroglyfy vych\u00e1zej\u00ed z autentick\u00fdch jazykov\u00fdch a designov\u00fdch tradic starov\u011bk\u00e9ho Egypta.<\/p>\n<\/li>\n<li data-start=\"1703\" data-end=\"1931\">\n<p data-start=\"1705\" data-end=\"1931\"><strong data-start=\"1705\" data-end=\"1732\">Voliteln\u00e9 posv\u00e1tn\u00e9 symboly<\/strong><br data-start=\"1732\" data-end=\"1735\" \/>Oboha\u0165te sv\u016fj p\u0159\u00edv\u011bsek symbolick\u00fdmi grav\u00edrov\u00e1n\u00edmi na zadn\u00ed stran\u011b:<br data-start=\"1795\" data-end=\"1798\" \/>Ankh (\u017eivot) \u2013 Skarabeus (znovuzrozen\u00ed) \u2013 Oko H\u00f3ra (ochrana) \u2013 K\u0159\u00eddlat\u00e1 Isis (bo\u017esk\u00e1 \u017eenskost) \u2013 Lotus (\u010distota) \u2013 Nefertiti nebo Srdce.<\/p>\n<\/li>\n<li data-start=\"1933\" data-end=\"2081\">\n<p data-start=\"1935\" data-end=\"2081\"><strong data-start=\"1935\" data-end=\"1966\">Zna\u010dka pro autentickost<\/strong><br data-start=\"1966\" data-end=\"1969\" \/>Ka\u017ed\u00fd p\u0159\u00edv\u011bsek je ozna\u010den ofici\u00e1ln\u00ed egyptskou zna\u010dkou, kter\u00e1 zaru\u010duje prav\u00e9 st\u0159\u00edbro 925 a p\u016fvod.<\/p>\n<\/li>\n<\/ul>\n<h3 data-start=\"2088\" data-end=\"2107\">Podrobnosti o produktu<\/h3>\n<ul data-start=\"2109\" data-end=\"2436\">\n<li data-start=\"2109\" data-end=\"2152\">\n<p data-start=\"2111\" data-end=\"2152\"><strong data-start=\"2111\" data-end=\"2124\">Materi\u00e1l:<\/strong> Masivn\u00ed st\u0159\u00edbro 925<\/p>\n<\/li>\n<li data-start=\"2153\" data-end=\"2201\">\n<p data-start=\"2155\" data-end=\"2201\"><strong data-start=\"2155\" data-end=\"2174\">Mo\u017enosti povrchu:<\/strong> Leskl\u00e9 nebo oxidovan\u00e9 st\u0159\u00edbro<\/p>\n<\/li>\n<li data-start=\"2202\" data-end=\"2261\">\n<p data-start=\"2204\" data-end=\"2261\"><strong data-start=\"2204\" data-end=\"2228\">Jazyky grav\u00edrov\u00e1n\u00ed:<\/strong> Hieroglyfy, arab\u0161tina, angli\u010dtina<\/p>\n<\/li>\n<li data-start=\"2262\" data-end=\"2324\">\n<p data-start=\"2264\" data-end=\"2324\"><strong data-start=\"2264\" data-end=\"2281\">Velikost p\u0159\u00edv\u011bsku:<\/strong> P\u0159ibli\u017en\u011b 2 palce (5,1 cm) v\u010detn\u011b h\u00e1\u010dku<\/p>\n<\/li>\n<li data-start=\"2325\" data-end=\"2388\">\n<p data-start=\"2327\" data-end=\"2388\"><strong data-start=\"2327\" data-end=\"2337\">\u0158et\u00edzek:<\/strong> Nen\u00ed sou\u010d\u00e1st\u00ed \u2013 dostupn\u00fd samostatn\u011b v na\u0161em obchod\u011b<\/p>\n<\/li>\n<li data-start=\"2389\" data-end=\"2436\">\n<p data-start=\"2391\" data-end=\"2436\"><strong data-start=\"2391\" data-end=\"2405\">Stav:<\/strong> Zcela nov\u00fd, ru\u010dn\u011b vyroben\u00fd v Egypt\u011b<\/p>\n<\/li>\n<\/ul>\n<h3 data-start=\"2443\" data-end=\"2491\">Instrukce pro personalizaci a \u00fapravy<\/h3>\n<ul data-start=\"2493\" data-end=\"2807\">\n<li data-start=\"2493\" data-end=\"2599\">\n<p data-start=\"2495\" data-end=\"2599\"><strong data-start=\"2495\" data-end=\"2517\">Zadejte sv\u00e9 jm\u00e9no:<\/strong> Uve\u010fte jm\u00e9no (a\u017e 10 znak\u016f) a preferovan\u00fd jazyk v pozn\u00e1mk\u00e1ch k objedn\u00e1vce.<\/p>\n<\/li>\n<li data-start=\"2600\" data-end=\"2705\">\n<p data-start=\"2602\" data-end=\"2705\"><strong data-start=\"2602\" data-end=\"2624\">Pravidla hieroglyf\u016f:<\/strong> Zvuky jako \u201eSh\u201c, \u201eCh\u201c a \u201eTh\u201c budou p\u0159elo\u017eeny do jedin\u00fdch starov\u011bk\u00fdch symbol\u016f.<\/p>\n<\/li>\n<li data-start=\"2706\" data-end=\"2807\">\n<p data-start=\"2708\" data-end=\"2807\"><strong data-start=\"2708\" data-end=\"2725\">P\u0159idejte symbol:<\/strong> Uve\u010fte, pokud si p\u0159ejete vyryt jeden z na\u0161ich posv\u00e1tn\u00fdch egyptsk\u00fdch symbol\u016f na opa\u010dnou stranu.<\/p>\n<\/li>\n<\/ul>\n<h3 data-start=\"3287\" data-end=\"3318\">Mocn\u00fd d\u00e1rek d\u011bdictv\u00ed<\/h3>\n<p data-start=\"3320\" data-end=\"3670\">Kartu\u0161 nebyl jen ozdobou \u2013 byl to ochrana, identita a spojen\u00ed s bo\u017esk\u00fdm. Starov\u011bc\u00ed faraoni jako Ramses II a Tutanchamon nosili kartu\u0161, aby zajistili, \u017ee jejich jm\u00e9no p\u0159e\u017eije \u010das i posmrtn\u00fd \u017eivot. Ov\u00e1ln\u00fd tvar kartu\u0161e p\u0159edstavuje cestu slunce a symbolizuje v\u011b\u010dnost, odvozen\u00fd ze starov\u011bk\u00e9ho egyptsk\u00e9ho \u201eshen\u201c prstenu.<\/p>\n<p data-start=\"3672\" data-end=\"3850\">Tento kousek je v\u00edce ne\u017e jen \u0161perk \u2013 je to symbol kultury, v\u00edry a historie. S va\u0161\u00edm vyryt\u00fdm jm\u00e9nem se st\u00e1v\u00e1 va\u0161\u00edm osobn\u00edm spojencem s civilizac\u00ed, kter\u00e1 formovala sv\u011bt.<\/p>\n<p data-start=\"3852\" data-end=\"4026\">A\u0165 jste milovn\u00edk historie, hleda\u010d duchovn\u00edho nebo n\u011bkdo, kdo hled\u00e1 jedine\u010dn\u00fd, smyslupln\u00fd d\u00e1rek \u2013 tento p\u0159\u00edv\u011bsek kartu\u0161 p\u0159in\u00e1\u0161\u00ed starov\u011bkou moudrost do modern\u00edho sv\u011bta.<\/p>\n<p data-start=\"4033\" data-end=\"4157\"><strong data-start=\"4033\" data-end=\"4084\">Objednejte si dnes sv\u016fj personalizovan\u00fd p\u0159\u00edv\u011bsek kartu\u0161<\/strong> a noste s sebou d\u011bdictv\u00ed starov\u011bk\u00e9ho Egypta \u2013 nav\u011bky vyryt\u00e9 do st\u0159\u00edbra.<\/p>\n<p style=\"text-align: center;\">D\u011bkujeme za n\u00e1kup v <em data-start=\"415\" data-end=\"431\"><a href=\"https:\/\/bazaar.express\/\">Bazaar Express<\/a><\/em> \u2013 jsme nad\u0161en\u00ed, \u017ee jste u n\u00e1s!<\/p>\n<p style=\"text-align: center;\">Za\u017eijte kouzlo starov\u011bk\u00e9ho um\u011bn\u00ed s na\u0161\u00ed sb\u00edrkou <a href=\"https:\/\/bazaar.express\/product-category\/egyptian-treasures\/\">Egyptsk\u00e9 poklady<\/a>.<\/p>\n","protected":false},"excerpt":{"rendered":"<h3 data-start=\"436\" data-end=\"671\"><strong data-start=\"436\" data-end=\"671\">Tento personalizovan\u00fd p\u0159\u00edv\u011bsek kartu\u0161 ze st\u0159\u00edbra 925 je ru\u010dn\u011b vyroben\u00fd v Egypt\u011b a vyryt\u00fd va\u0161\u00edm jm\u00e9nem v starov\u011bk\u00fdch hieroglyfech, arab\u0161tin\u011b nebo angli\u010dtin\u011b. Symbolick\u00fd kousek historie a ochrany, ide\u00e1ln\u00ed pro ka\u017edodenn\u00ed no\u0161en\u00ed nebo jako d\u00e1rek.<\/strong><\/h3>\n","protected":false},"featured_media":9227,"comment_status":"open","ping_status":"closed","template":"","meta":[],"product_brand":[],"product_cat":[822,789],"product_tag":[893],"class_list":{"0":"post-35948","1":"product","2":"type-product","3":"status-publish","4":"has-post-thumbnail","6":"product_cat-egyptske-poklady","7":"product_cat-horke-nabidky","8":"product_tag-suvenyry","10":"first","11":"instock","12":"sale","13":"shipping-taxable","14":"purchasable","15":"product-type-simple"},"_links":{"self":[{"href":"https:\/\/bazaar.express\/cs\/wp-json\/wp\/v2\/product\/35948","targetHints":{"allow":["GET"]}}],"collection":[{"href":"https:\/\/bazaar.express\/cs\/wp-json\/wp\/v2\/product"}],"about":[{"href":"https:\/\/bazaar.express\/cs\/wp-json\/wp\/v2\/types\/product"}],"replies":[{"embeddable":true,"href":"https:\/\/bazaar.express\/cs\/wp-json\/wp\/v2\/comments?post=35948"}],"wp:featuredmedia":[{"embeddable":true,"href":"https:\/\/bazaar.express\/cs\/wp-json\/wp\/v2\/media\/9227"}],"wp:attachment":[{"href":"https:\/\/bazaar.express\/cs\/wp-json\/wp\/v2\/media?parent=35948"}],"wp:term":[{"taxonomy":"product_brand","embeddable":true,"href":"https:\/\/bazaar.express\/cs\/wp-json\/wp\/v2\/product_brand?post=35948"},{"taxonomy":"product_cat","embeddable":true,"href":"https:\/\/bazaar.express\/cs\/wp-json\/wp\/v2\/product_cat?post=35948"},{"taxonomy":"product_tag","embeddable":true,"href":"https:\/\/bazaar.express\/cs\/wp-json\/wp\/v2\/product_tag?post=35948"}],"curies":[{"name":"wp","href":"https:\/\/api.w.org\/{rel}","templated":true}]}}