{"id":36014,"date":"2025-02-04T16:48:24","date_gmt":"2025-02-04T16:48:24","guid":{"rendered":"https:\/\/bazaar.express\/product\/doruka-kvetin-stejneho-dne-v-hurghade\/"},"modified":"2025-02-04T16:48:24","modified_gmt":"2025-02-04T16:48:24","slug":"doruka-kvetin-stejneho-dne-v-hurghade","status":"publish","type":"product","link":"https:\/\/bazaar.express\/cs\/produkt\/doruka-kvetin-stejneho-dne-v-hurghade\/","title":{"rendered":"Doruka kv\u011btin stejn\u00e9ho dne v Hurghad\u011b"},"content":{"rendered":"<h2 data-start=\"257\" data-end=\"339\">Doruka kv\u011btin stejn\u00e9ho dne v Hurghad\u011b \u2013 Kytice b\u00edl\u00fdch r\u016f\u017e\u00ed pro hotely a resorty<\/h2>\n<p data-start=\"341\" data-end=\"697\">Hled\u00e1te <strong data-start=\"353\" data-end=\"393\">doruku kv\u011btin stejn\u00e9ho dne v Hurghad\u011b<\/strong>? A\u0165 se ubytujete v resortu na Rud\u00e9m mo\u0159i nebo pos\u00edl\u00e1te srde\u010dn\u00fd d\u00e1rek z d\u00e1lky, na\u0161i expertn\u00ed kvetin\u00e1\u0159i zaru\u010duj\u00ed, \u017ee va\u0161e kytice doraz\u00ed \u010derstv\u00e1, kr\u00e1sn\u00e1 a v\u010das. Na\u0161e podpisov\u00e1 kytice b\u00edl\u00fdch r\u016f\u017e\u00ed \u2013 s 13 ru\u010dn\u011b vybran\u00fdmi pr\u00e9miov\u00fdmi r\u016f\u017eemi \u2013 je dokonal\u00fdm vyj\u00e1d\u0159en\u00edm \u010distoty, elegance a l\u00e1sky.<\/p>\n<h3 data-start=\"704\" data-end=\"754\">Pr\u00e9miov\u00e9 kytice b\u00edl\u00fdch r\u016f\u017e\u00ed pro ka\u017edou p\u0159\u00edle\u017eitost<\/h3>\n<p data-start=\"756\" data-end=\"1092\">B\u00edl\u00e9 r\u016f\u017ee dlouho symbolizuj\u00ed up\u0159\u00edmnost, sv\u011btlo a gracii. Zn\u00e1m\u00e9 jako \u201ekv\u011btina nev\u011bsty\u201c, jsou nad\u010dasovou volbou pro svatby, v\u00fdro\u010d\u00ed, romantick\u00e1 p\u0159ekvapen\u00ed nebo dokonce jako promy\u0161len\u00e9 gesto vd\u011b\u010dnosti. Ka\u017ed\u00e1 z na\u0161ich 13 \u010derstv\u00fdch b\u00edl\u00fdch r\u016f\u017e\u00ed je pe\u010dliv\u011b uspo\u0159\u00e1d\u00e1na, aby vytvo\u0159ila kytici, kter\u00e1 je stejn\u011b v\u00fdznamn\u00e1 jako ohromuj\u00edc\u00ed.<\/p>\n<h3 data-start=\"1099\" data-end=\"1143\">Doruka kv\u011btin stejn\u00e9ho dne po cel\u00e9 Hurghad\u011b<\/h3>\n<p data-start=\"1145\" data-end=\"1469\">Nab\u00edz\u00edme <strong data-start=\"1154\" data-end=\"1227\">rychlou, spolehlivou a profesion\u00e1ln\u00ed doruku kv\u011btin stejn\u00e9ho dne v Hurghad\u011b<\/strong>. A\u0165 se ubytujete v hotelu nebo resortu \u2013 nebo chcete n\u011bkoho v\u00fdjime\u010dn\u00e9ho v m\u011bst\u011b p\u0159ekvapit \u2013 zajist\u00edme, aby va\u0161e kv\u011btiny byly doru\u010deny \u010derstv\u00e9 a elegantn\u011b prezentovan\u00e9. Od El Gouny po Makadi Bay pokr\u00fdv\u00e1me v\u0161echny hlavn\u00ed destinace v Hurghad\u011b.<\/p>\n<h3 data-start=\"1476\" data-end=\"1531\">Pro\u010d si vybrat na\u0161i slu\u017ebu doru\u010dky kv\u011btin v Hurghad\u011b?<\/h3>\n<ul data-start=\"1533\" data-end=\"2055\">\n<li data-start=\"1533\" data-end=\"1620\">\n<p data-start=\"1535\" data-end=\"1620\"><strong data-start=\"1535\" data-end=\"1566\">\u2714 \u010cerstv\u00e9 a vo\u0148av\u00e9 kv\u011btiny:<\/strong> Pr\u00e9miov\u00e9 r\u016f\u017ee, dlouhostebeln\u00e9 a \u010derstv\u011b na\u0159\u00edznut\u00e9<\/p>\n<\/li>\n<li data-start=\"1621\" data-end=\"1705\">\n<p data-start=\"1623\" data-end=\"1705\"><strong data-start=\"1623\" data-end=\"1651\">\u2714 P\u0159izp\u016fsobiteln\u00e9 kytice:<\/strong> Vyberte si obal, p\u0159\u00edslu\u0161enstv\u00ed a speci\u00e1ln\u00ed vzkazy<\/p>\n<\/li>\n<li data-start=\"1706\" data-end=\"1787\">\n<p data-start=\"1708\" data-end=\"1787\"><strong data-start=\"1708\" data-end=\"1731\">\u2714 Expresn\u00ed doru\u010den\u00ed:<\/strong> Doru\u010den\u00ed stejn\u00e9ho dne po Hurghad\u011b, od 7 hodin r\u00e1no<\/p>\n<\/li>\n<li data-start=\"1788\" data-end=\"1881\">\n<p data-start=\"1790\" data-end=\"1881\"><strong data-start=\"1790\" data-end=\"1818\">\u2714 V\u0161echny p\u0159\u00edle\u017eitosti pokryty:<\/strong> Svatby, v\u00fdro\u010d\u00ed, narozeniny, romantick\u00e9 d\u00e1rky a dal\u0161\u00ed<\/p>\n<\/li>\n<li data-start=\"1882\" data-end=\"1964\">\n<p data-start=\"1884\" data-end=\"1964\"><strong data-start=\"1884\" data-end=\"1906\">\u2714 M\u00edstn\u00ed expertiza:<\/strong> Uspo\u0159\u00e1d\u00e1no kvetin\u00e1\u0159i z Hurghady, kte\u0159\u00ed znaj\u00ed va\u0161e pot\u0159eby<\/p>\n<\/li>\n<li data-start=\"1965\" data-end=\"2055\">\n<p data-start=\"1967\" data-end=\"2055\"><strong data-start=\"1967\" data-end=\"1994\">\u2714 Snadn\u00e1 online objedn\u00e1vka:<\/strong> Rychl\u00fd, bezpe\u010dn\u00fd checkout s doru\u010den\u00edm do hotelu\/resortu<\/p>\n<\/li>\n<\/ul>\n<h3 data-start=\"2062\" data-end=\"2101\">Jak udr\u017eet va\u0161e r\u016f\u017ee \u010derstv\u00e9 d\u00e9le<\/h3>\n<p data-start=\"2103\" data-end=\"2168\">Abyste si u\u017eili svou kytici a\u017e 7 dn\u00ed, dodr\u017eujte tyto jednoduch\u00e9 tipy:<\/p>\n<ul data-start=\"2169\" data-end=\"2406\">\n<li data-start=\"2169\" data-end=\"2246\">\n<p data-start=\"2171\" data-end=\"2246\"><strong data-start=\"2171\" data-end=\"2192\">Hydratace je kl\u00ed\u010dov\u00e1:<\/strong> Um\u00edst\u011bte r\u016f\u017ee do \u010dist\u00e9 vody a m\u011b\u0148te ji denn\u011b.<\/p>\n<\/li>\n<li data-start=\"2247\" data-end=\"2318\">\n<p data-start=\"2249\" data-end=\"2318\"><strong data-start=\"2249\" data-end=\"2263\">Udr\u017eujte chladno:<\/strong> Vyhn\u011bte se p\u0159\u00edm\u00e9mu slune\u010dn\u00edmu sv\u011btlu nebo teplu pro zachov\u00e1n\u00ed \u010derstvosti.<\/p>\n<\/li>\n<li data-start=\"2319\" data-end=\"2406\">\n<p data-start=\"2321\" data-end=\"2406\"><strong data-start=\"2321\" data-end=\"2340\">\u0158e\u017ete pravideln\u011b:<\/strong> St\u0159\u00edhejte stonek pod \u00fahlem ka\u017ed\u00e9 2\u20133 dny pro lep\u0161\u00ed vst\u0159eb\u00e1v\u00e1n\u00ed vody.<\/p>\n<\/li>\n<\/ul>\n<h3 data-start=\"2413\" data-end=\"2473\">Po\u0161lete kv\u011btiny v Hurghad\u011b dnes \u2013 Je to snadn\u00e9 a dostupn\u00e9!<\/h3>\n<p data-start=\"2475\" data-end=\"2720\">Objedn\u00e1v\u00e1n\u00ed kv\u011btin online v Hurghad\u011b nikdy nebylo jednodu\u0161\u0161\u00ed. A\u0165 hled\u00e1te <strong data-start=\"2563\" data-end=\"2591\">romantickou doruku kv\u011btin<\/strong>, <strong data-start=\"2593\" data-end=\"2613\">kytice k narozenin\u00e1m<\/strong> nebo promy\u0161len\u00fd d\u00e1rek jako pod\u011bkov\u00e1n\u00ed, na\u0161e \u0161irok\u00e1 \u0161k\u00e1la kv\u011btinov\u00fdch produkt\u016f zaji\u0161\u0165uje perfektn\u00ed shodu pro jak\u00fdkoli okam\u017eik.<\/p>\n<p data-start=\"2722\" data-end=\"2756\">Krom\u011b b\u00edl\u00fdch r\u016f\u017e\u00ed nab\u00edz\u00edme tak\u00e9:<\/p>\n<ul data-start=\"2757\" data-end=\"2936\">\n<li data-start=\"2757\" data-end=\"2789\">\n<p data-start=\"2759\" data-end=\"2789\">Elegantn\u00ed <strong data-start=\"2767\" data-end=\"2789\">r\u016f\u017eov\u00e9 a \u010derven\u00e9 r\u016f\u017ee<\/strong><\/p>\n<\/li>\n<li data-start=\"2790\" data-end=\"2821\">\n<p data-start=\"2792\" data-end=\"2821\">Exotick\u00e9 <strong data-start=\"2799\" data-end=\"2821\">lilie a orchideje<\/strong><\/p>\n<\/li>\n<li data-start=\"2822\" data-end=\"2866\">\n<p data-start=\"2824\" data-end=\"2866\">Sez\u00f3nn\u00ed kv\u011btinov\u00e9 boxy a <strong data-start=\"2850\" data-end=\"2866\">d\u00e1rkov\u00e9 ko\u0161e<\/strong><\/p>\n<\/li>\n<li data-start=\"2867\" data-end=\"2936\">\n<p data-start=\"2869\" data-end=\"2936\">P\u0159\u00edslu\u0161enstv\u00ed jako <strong data-start=\"2882\" data-end=\"2900\">Ferrero Rocher<\/strong>, balony nebo personalizovan\u00e9 pozdravov\u00e9 karti\u010dky<\/p>\n<\/li>\n<\/ul>\n<h3 data-start=\"2943\" data-end=\"2980\">Obsluhujeme cel\u00fd region Rud\u00e9ho mo\u0159e<\/h3>\n<p data-start=\"2982\" data-end=\"3082\">I kdy\u017e m\u00e1me s\u00eddlo v Hurghad\u011b, na\u0161e slu\u017eba doru\u010dky kv\u011btin se roz\u0161i\u0159uje po cel\u00e9m Rud\u00e9m mo\u0159i \u2013 v\u010detn\u011b:<\/p>\n<ul data-start=\"3083\" data-end=\"3198\">\n<li data-start=\"3083\" data-end=\"3118\">\n<p data-start=\"3085\" data-end=\"3118\"><strong data-start=\"3085\" data-end=\"3118\">Doruka kv\u011btin do Marsa Alam<\/strong><\/p>\n<\/li>\n<li data-start=\"3119\" data-end=\"3161\">\n<p data-start=\"3121\" data-end=\"3161\"><strong data-start=\"3121\" data-end=\"3161\">Doru\u010den\u00ed stejn\u00e9ho dne do resort\u016f na Rud\u00e9m mo\u0159i<\/strong><\/p>\n<\/li>\n<li data-start=\"3162\" data-end=\"3198\">\n<p data-start=\"3164\" data-end=\"3198\"><strong data-start=\"3164\" data-end=\"3198\">Doru\u010dka kv\u011btin do hotel\u016f v Egypt\u011b<\/strong><\/p>\n<\/li>\n<\/ul>\n<h3 data-start=\"3205\" data-end=\"3256\">V\u011b\u0159te Hurghada Shop \u2013 Va\u0161emu m\u00edstn\u00edmu online kvetin\u00e1\u0159i<\/h3>\n<p data-start=\"3258\" data-end=\"3489\">S lety zku\u0161enost\u00ed v kvetin\u00e1\u0159sk\u00e9m designu a m\u00edstn\u00ed logistice jsme hrd\u00ed na to, \u017ee jsme prvn\u00ed volbou pro <strong data-start=\"3359\" data-end=\"3390\">doruku kv\u011btin v Hurghad\u011b<\/strong>. Na\u0161e mise je doru\u010dit v\u00edce ne\u017e jen kv\u011btiny \u2013 doru\u010dujeme \u00fasm\u011bvy, vzpom\u00ednky a okam\u017eiky radosti.<\/p>\n<blockquote data-start=\"3491\" data-end=\"3667\">\n<p data-start=\"3493\" data-end=\"3667\">\u00a0Objednejte si svou kytici nyn\u00ed a za\u017eijte nejlep\u0161\u00ed doruku kv\u011btin v Hurghad\u011b.<br data-start=\"3573\" data-end=\"3576\" \/>\u00a0Sloty na stejn\u00fd den jsou omezen\u00e9 \u2013 objednejte si p\u0159ed 16:00 pro zaru\u010den\u00e9 doru\u010den\u00ed dnes.<\/p>\n<\/blockquote>\n<p data-start=\"3674\" data-end=\"3785\"><strong data-start=\"3674\" data-end=\"3785\">Objevte dokonalou kytici je\u0161t\u011b dnes. Nechte Bazaar Express prom\u011bnit va\u0161i zpr\u00e1vu v nezapomenuteln\u00fd okam\u017eik.<\/strong><\/p>\n<p data-start=\"3674\" data-end=\"3785\">\n<p style=\"text-align: center;\" align=\"center\"><span style=\"font-size: 11.0pt;\">D\u011bkujeme za n\u00e1kup v <em data-start=\"415\" data-end=\"431\"><a href=\"https:\/\/bazaar.express\/\">Bazaar Express<\/a><\/em> \u2013 jsme nad\u0161en\u00ed, \u017ee jste tu!<\/span><\/p>\n<p style=\"text-align: center;\" align=\"center\"><span style=\"font-size: 11.0pt;\">Od \u017eiv\u00fdch po jemn\u00e9 \u2013 objevte <a href=\"https:\/\/bazaar.express\/product-category\/flowers-red-sea-delivery\/\">Kv\u011btiny<\/a>, kter\u00e9 mluv\u00ed eleganc\u00ed.<\/span><\/p>\n","protected":false},"excerpt":{"rendered":"<h3 data-start=\"439\" data-end=\"652\">P\u0159ekvapte sv\u00e9 bl\u00edzk\u00e9 v Hurghad\u011b \u00fachvatnou kytic\u00ed 13 \u010derstv\u00fdch b\u00edl\u00fdch r\u016f\u017e\u00ed. Ide\u00e1ln\u00ed pro svatby, v\u00fdro\u010d\u00ed nebo romantick\u00e1 gesta. Rychl\u00e1 doruka stejn\u00e9ho dne do hotel\u016f a resort\u016f po cel\u00e9 oblasti Rud\u00e9ho mo\u0159e.<\/h3>\n","protected":false},"featured_media":36017,"comment_status":"open","ping_status":"closed","template":"","meta":[],"product_brand":[],"product_cat":[808,809],"product_tag":[],"class_list":{"0":"post-36014","1":"product","2":"type-product","3":"status-publish","4":"has-post-thumbnail","6":"product_cat-kvetiny-rude-more","7":"product_cat-kvetina-hurghada","9":"first","10":"instock","11":"sale","12":"shipping-taxable","13":"purchasable","14":"product-type-simple"},"_links":{"self":[{"href":"https:\/\/bazaar.express\/cs\/wp-json\/wp\/v2\/product\/36014","targetHints":{"allow":["GET"]}}],"collection":[{"href":"https:\/\/bazaar.express\/cs\/wp-json\/wp\/v2\/product"}],"about":[{"href":"https:\/\/bazaar.express\/cs\/wp-json\/wp\/v2\/types\/product"}],"replies":[{"embeddable":true,"href":"https:\/\/bazaar.express\/cs\/wp-json\/wp\/v2\/comments?post=36014"}],"wp:featuredmedia":[{"embeddable":true,"href":"https:\/\/bazaar.express\/cs\/wp-json\/wp\/v2\/media\/36017"}],"wp:attachment":[{"href":"https:\/\/bazaar.express\/cs\/wp-json\/wp\/v2\/media?parent=36014"}],"wp:term":[{"taxonomy":"product_brand","embeddable":true,"href":"https:\/\/bazaar.express\/cs\/wp-json\/wp\/v2\/product_brand?post=36014"},{"taxonomy":"product_cat","embeddable":true,"href":"https:\/\/bazaar.express\/cs\/wp-json\/wp\/v2\/product_cat?post=36014"},{"taxonomy":"product_tag","embeddable":true,"href":"https:\/\/bazaar.express\/cs\/wp-json\/wp\/v2\/product_tag?post=36014"}],"curies":[{"name":"wp","href":"https:\/\/api.w.org\/{rel}","templated":true}]}}