{"id":36021,"date":"2025-02-02T01:05:57","date_gmt":"2025-02-02T01:05:57","guid":{"rendered":"https:\/\/bazaar.express\/product\/trichup-olej-na-vlasy\/"},"modified":"2025-02-02T01:05:57","modified_gmt":"2025-02-02T01:05:57","slug":"trichup-olej-na-vlasy","status":"publish","type":"product","link":"https:\/\/bazaar.express\/cs\/produkt\/trichup-olej-na-vlasy\/","title":{"rendered":"Trichup Olej na vlasy"},"content":{"rendered":"<h2 data-start=\"277\" data-end=\"338\">Trichup Olej na vlasy \u2013 Dlouh\u00e9, siln\u00e9 a p\u0159irozen\u011b kr\u00e1sn\u00e9 vlasy<\/h2>\n<h3 data-start=\"340\" data-end=\"381\">Vy\u017eivte sv\u00e9 vlasy bylinnou silou<\/h3>\n<p data-start=\"382\" data-end=\"725\">Trichup Long &#038; Strong Olej na vlasy je va\u0161\u00edm ide\u00e1ln\u00edm \u0159e\u0161en\u00edm pro siln\u011bj\u0161\u00ed, del\u0161\u00ed a zdrav\u011bj\u0161\u00ed vlasy. Tato mocn\u00e1 sm\u011bs <strong data-start=\"501\" data-end=\"549\">sezamov\u00e9ho oleje, kokosov\u00e9ho oleje, aloe vera a neem<\/strong> poskytuje hlubokou v\u00fd\u017eivu od ko\u0159\u00ednk\u016f a\u017e po kone\u010dky. A\u0165 u\u017e bojujete s vypad\u00e1v\u00e1n\u00edm vlas\u016f, nudnost\u00ed nebo suchou poko\u017ekou hlavy, Trichup p\u016fsob\u00ed jemn\u011b, ale \u00fa\u010dinn\u011b pro <strong data-start=\"706\" data-end=\"724\">v\u0161echny typy vlas\u016f<\/strong>.<\/p>\n<p data-start=\"727\" data-end=\"910\">Podpo\u0159en\u00fd \u00e1jurv\u00e9dskou tradic\u00ed a obohacen\u00fd esenci\u00e1ln\u00edmi \u017eivinami pom\u00e1h\u00e1 Trichup Olej na vlasy o\u017eivit vlasov\u00e9 folikuly, podporovat r\u016fst vlas\u016f a dod\u00e1vat p\u0159irozen\u00fd lesk, kter\u00fd vydr\u017e\u00ed cel\u00fd den.<\/p>\n<h3 data-start=\"917\" data-end=\"953\">Kl\u00ed\u010dov\u00e9 v\u00fdhody oleje Trichup na vlasy<\/h3>\n<ul data-start=\"955\" data-end=\"1825\">\n<li data-start=\"955\" data-end=\"1099\">\n<p data-start=\"957\" data-end=\"1099\"><strong data-start=\"957\" data-end=\"983\">Stimuluje r\u016fst vlas\u016f<\/strong><br data-start=\"983\" data-end=\"986\" \/>Olej Trichup na vlasy posiluje vlasov\u00e9 folikuly a podporuje p\u0159irozen\u00fd r\u016fst vlas\u016f, \u010d\u00edm\u017e sni\u017euje \u0159\u00eddnut\u00ed a l\u00e1m\u00e1n\u00ed.<\/p>\n<\/li>\n<li data-start=\"1101\" data-end=\"1250\">\n<p data-start=\"1103\" data-end=\"1250\"><strong data-start=\"1103\" data-end=\"1135\">Hlubok\u00e1 v\u00fd\u017eiva a hydratace<\/strong><br data-start=\"1135\" data-end=\"1138\" \/>Bohat\u00e1 kombinace <strong data-start=\"1162\" data-end=\"1192\">kokosov\u00e9ho a sezamov\u00e9ho oleje<\/strong> hydratuje poko\u017eku hlavy a udr\u017euje ji vlhkou a vy\u017eivenou.<\/p>\n<\/li>\n<li data-start=\"1252\" data-end=\"1389\">\n<p data-start=\"1254\" data-end=\"1389\"><strong data-start=\"1254\" data-end=\"1288\">Sni\u017euje vypad\u00e1v\u00e1n\u00ed vlas\u016f a roz\u0161t\u011bpen\u00e9 kone\u010dky<\/strong><br data-start=\"1288\" data-end=\"1291\" \/>Vzorec opravuje po\u0161kozen\u00e9 vl\u00e1kna a uzav\u00edr\u00e1 roz\u0161t\u011bpen\u00e9 kone\u010dky, \u010d\u00edm\u017e pom\u00e1h\u00e1 postupn\u011b sni\u017eovat ztr\u00e1tu vlas\u016f.<\/p>\n<\/li>\n<li data-start=\"1391\" data-end=\"1558\">\n<p data-start=\"1393\" data-end=\"1558\"><strong data-start=\"1393\" data-end=\"1427\">Uklid\u0148uje a chr\u00e1n\u00ed poko\u017eku hlavy<\/strong><br data-start=\"1427\" data-end=\"1430\" \/>Obohacen\u00fd o <strong data-start=\"1445\" data-end=\"1467\">aloe vera a neem<\/strong> bojuje proti lup\u016fm a zabra\u0148uje infekc\u00edm poko\u017eky hlavy, d\u00edky \u010demu\u017e z\u016fstane va\u0161e poko\u017eka hlavy \u010dist\u00e1 a osv\u011b\u017een\u00e1.<\/p>\n<\/li>\n<li data-start=\"1560\" data-end=\"1688\">\n<p data-start=\"1562\" data-end=\"1688\"><strong data-start=\"1562\" data-end=\"1597\">Dod\u00e1v\u00e1 p\u0159irozen\u00fd lesk a hladkost<\/strong><br data-start=\"1597\" data-end=\"1600\" \/>Pravideln\u00e9 pou\u017e\u00edv\u00e1n\u00ed vede k hedv\u00e1bn\u011b m\u011bkk\u00fdm, snadno upraviteln\u00fdm vlas\u016fm s zdrav\u00fdm, leskl\u00fdm fini\u0161em.<\/p>\n<\/li>\n<li data-start=\"1690\" data-end=\"1825\">\n<p data-start=\"1692\" data-end=\"1825\"><strong data-start=\"1692\" data-end=\"1723\">Vhodn\u00fd pro v\u0161echny typy vlas\u016f<\/strong><br data-start=\"1723\" data-end=\"1726\" \/>A\u0165 u\u017e m\u00e1te kudrnat\u00e9, rovn\u00e9, mastn\u00e9 nebo such\u00e9 vlasy, olej Trichup na vlasy se p\u0159izp\u016fsob\u00ed pot\u0159eb\u00e1m va\u0161ich vlas\u016f.<\/p>\n<\/li>\n<\/ul>\n<h3 data-start=\"1832\" data-end=\"1880\">Jak pou\u017e\u00edvat olej Trichup na vlasy pro nejlep\u0161\u00ed v\u00fdsledky<\/h3>\n<ol data-start=\"1882\" data-end=\"2180\">\n<li data-start=\"1882\" data-end=\"1925\">\n<p data-start=\"1885\" data-end=\"1925\">Vezm\u011bte mal\u00e9 mno\u017estv\u00ed oleje do dlan\u011b.<\/p>\n<\/li>\n<li data-start=\"1926\" data-end=\"1994\">\n<p data-start=\"1929\" data-end=\"1994\">Jemn\u011b mas\u00edrujte do poko\u017eky hlavy a ko\u0159\u00ednk\u016f vlas\u016f kruhov\u00fdmi pohyby.<\/p>\n<\/li>\n<li data-start=\"1995\" data-end=\"2072\">\n<p data-start=\"1998\" data-end=\"2072\">Nechte p\u016fsobit nejm\u00e9n\u011b 15\u201330 minut, nebo p\u0159es noc pro hlub\u0161\u00ed l\u00e9\u010dbu.<\/p>\n<\/li>\n<li data-start=\"2073\" data-end=\"2106\">\n<p data-start=\"2076\" data-end=\"2106\">Opl\u00e1chn\u011bte jemn\u00fdm \u0161amponem.<\/p>\n<\/li>\n<li data-start=\"2107\" data-end=\"2180\">\n<p data-start=\"2110\" data-end=\"2180\">Pou\u017e\u00edvejte 2\u20133kr\u00e1t t\u00fddn\u011b pro znateln\u00e9 zlep\u0161en\u00ed textury a objemu.<\/p>\n<\/li>\n<\/ol>\n<h3 data-start=\"2187\" data-end=\"2219\">Pro\u010d si vybrat olej Trichup na vlasy?<\/h3>\n<p data-start=\"2221\" data-end=\"2591\">Trichup kombinuje <strong data-start=\"2238\" data-end=\"2289\">bylinn\u00e9 slo\u017eky a modern\u00ed v\u011bdu p\u00e9\u010de o vlasy<\/strong>, aby v\u00e1m poskytl v\u00fdsledky salonov\u00e9 kvality doma. Bez parabenu, sulf\u00e1t\u016f nebo \u0161kodliv\u00fdch chemik\u00e1li\u00ed nab\u00edz\u00ed bezpe\u010dn\u00fd, p\u0159irozen\u00fd zp\u016fsob p\u00e9\u010de o vlasy. Pravideln\u00e9 pou\u017e\u00edv\u00e1n\u00ed zlep\u0161uje zdrav\u00ed vlas\u016f, sni\u017euje kade\u0159avost a obnovuje vitalitu \u2013 ide\u00e1ln\u00ed pro ty, kte\u0159\u00ed cht\u011bj\u00ed <strong data-start=\"2542\" data-end=\"2590\">del\u0161\u00ed, siln\u011bj\u0161\u00ed a lesklej\u0161\u00ed vlasy p\u0159irozen\u011b<\/strong>.<\/p>\n<h3 data-start=\"2953\" data-end=\"2971\">Z\u00e1v\u011bre\u010dn\u00e9 my\u0161lenky<\/h3>\n<p data-start=\"2973\" data-end=\"3241\">O\u017eivte sv\u00e9 vlasy pomoc\u00ed <strong data-start=\"3007\" data-end=\"3041\">Trichup Long &#038; Strong Oleje na vlasy<\/strong>. A\u0165 u\u017e \u010del\u00edte ka\u017edodenn\u00edm probl\u00e9m\u016fm s vlasy nebo jen chcete pos\u00edlit svou rutinu p\u00e9\u010de, tento olej je nutnost\u00ed. Je \u010das vy\u017eivovat, opravovat a podporovat r\u016fst va\u0161ich vlas\u016f p\u0159irozenou silou Trichupu.<\/p>\n<h4 style=\"text-align: center;\"><\/h4>\n<p style=\"text-align: center;\">D\u011bkujeme za n\u00e1kup v <em data-start=\"415\" data-end=\"431\"><a href=\"https:\/\/bazaar.express\/\">Bazaar Express<\/a><\/em> \u2013 jsme nad\u0161en\u00ed, \u017ee jste u n\u00e1s!<\/p>\n<p style=\"text-align: center;\">Va\u0161e cesta k lep\u0161\u00ed p\u00e9\u010di o sebe za\u010d\u00edn\u00e1 zde \u2013 s <a href=\"https:\/\/bazaar.express\/product-category\/beauty-care\/\">Beauty &#038; Care<\/a>, kter\u00e9 si m\u016f\u017eete v\u011b\u0159it.<\/p>\n","protected":false},"excerpt":{"rendered":"<h3>Trichup Long &#038; Strong Olej na vlasy je mocn\u00e1 bylinn\u00e1 sm\u011bs, kter\u00e1 posiluje ko\u0159\u00ednky, sni\u017euje vypad\u00e1v\u00e1n\u00ed vlas\u016f, podporuje r\u016fst vlas\u016f a dod\u00e1v\u00e1 lesk. Vyroben\u00fd z p\u0159\u00edrodn\u00edch slo\u017eek jako kokosov\u00fd olej, sezamov\u00fd olej, aloe vera a neem, je ide\u00e1ln\u00ed pro ka\u017edodenn\u00ed p\u00e9\u010di o vlasy a zdrav\u00ed poko\u017eky hlavy.<\/h3>\n","protected":false},"featured_media":36024,"comment_status":"open","ping_status":"closed","template":"","meta":[],"product_brand":[],"product_cat":[786,788],"product_tag":[781,790,783],"class_list":{"0":"post-36021","1":"product","2":"type-product","3":"status-publish","4":"has-post-thumbnail","6":"product_cat-pece-o-krasu","7":"product_cat-to-nejlepsi-z-egypta","8":"product_tag-olej","9":"product_tag-pece-o-krasu","10":"product_tag-pece-o-plet","11":"pa_l-xl-200ml","13":"first","14":"instock","15":"shipping-taxable","16":"purchasable","17":"product-type-simple"},"_links":{"self":[{"href":"https:\/\/bazaar.express\/cs\/wp-json\/wp\/v2\/product\/36021","targetHints":{"allow":["GET"]}}],"collection":[{"href":"https:\/\/bazaar.express\/cs\/wp-json\/wp\/v2\/product"}],"about":[{"href":"https:\/\/bazaar.express\/cs\/wp-json\/wp\/v2\/types\/product"}],"replies":[{"embeddable":true,"href":"https:\/\/bazaar.express\/cs\/wp-json\/wp\/v2\/comments?post=36021"}],"wp:featuredmedia":[{"embeddable":true,"href":"https:\/\/bazaar.express\/cs\/wp-json\/wp\/v2\/media\/36024"}],"wp:attachment":[{"href":"https:\/\/bazaar.express\/cs\/wp-json\/wp\/v2\/media?parent=36021"}],"wp:term":[{"taxonomy":"product_brand","embeddable":true,"href":"https:\/\/bazaar.express\/cs\/wp-json\/wp\/v2\/product_brand?post=36021"},{"taxonomy":"product_cat","embeddable":true,"href":"https:\/\/bazaar.express\/cs\/wp-json\/wp\/v2\/product_cat?post=36021"},{"taxonomy":"product_tag","embeddable":true,"href":"https:\/\/bazaar.express\/cs\/wp-json\/wp\/v2\/product_tag?post=36021"}],"curies":[{"name":"wp","href":"https:\/\/api.w.org\/{rel}","templated":true}]}}