{"id":36029,"date":"2025-02-04T14:02:06","date_gmt":"2025-02-04T14:02:06","guid":{"rendered":"https:\/\/bazaar.express\/product\/doruceni-kvetin-v-hurghade\/"},"modified":"2026-02-27T14:28:45","modified_gmt":"2026-02-27T14:28:45","slug":"doruceni-kvetin-v-hurghade","status":"publish","type":"product","link":"https:\/\/bazaar.express\/cs\/produkt\/doruceni-kvetin-v-hurghade\/","title":{"rendered":"Doru\u010den\u00ed kv\u011btin v Hurghad\u011b"},"content":{"rendered":"<h2 data-start=\"227\" data-end=\"295\">Doru\u010den\u00ed kv\u011btin v Hurghad\u011b \u2013 Pr\u00e9miov\u00e9 kytice pro ka\u017edou p\u0159\u00edle\u017eitost<\/h2>\n<h3 data-start=\"297\" data-end=\"348\">Hled\u00e1te kv\u011btin\u00e1\u0159st v okol\u00ed v Hurghad\u011b?<\/h3>\n<p data-start=\"350\" data-end=\"859\">Hled\u00e1te <strong data-start=\"364\" data-end=\"383\">kv\u011btiny pobl\u00ed\u017e<\/strong> nebo <strong data-start=\"389\" data-end=\"424\">kv\u011btin\u00e1\u0159st pobl\u00ed\u017e v Hurghad\u011b<\/strong>? Pot\u011b\u0161te sv\u00e9 bl\u00edzk\u00e9 \u00fachvatnou kytic\u00ed hluboce \u010derven\u00fdch r\u016f\u017e\u00ed a b\u00edl\u00fdch orient\u00e1ln\u00edch lekn\u00edn\u016f z <strong data-start=\"523\" data-end=\"540\">Hurghada Shop<\/strong>, va\u0161eho d\u016fv\u011bryhodn\u00e9ho online kv\u011btin\u00e1\u0159e v Egypt\u011b. Nach\u00e1z\u00edme se v srdci Rivi\u00e9ry Rud\u00e9ho mo\u0159e a specializujeme se na jedine\u010dn\u00e9 kv\u011btinov\u00e9 aran\u017em\u00e1 pro narozeniny, v\u00fdro\u010d\u00ed, svatby nebo spont\u00e1nn\u00ed romantick\u00e9 gesty. Na\u0161e expertem navr\u017een\u00e9 kytice zachycuj\u00ed p\u0159irozenou kr\u00e1su Hurghady a jsou ide\u00e1ln\u00ed pro m\u00edstn\u00ed obyvatele i turisty.<\/p>\n<h3 data-start=\"861\" data-end=\"905\">Vynikaj\u00edc\u00ed kvalita kv\u011btin u ka\u017ed\u00e9 objedn\u00e1vky<\/h3>\n<p data-start=\"907\" data-end=\"1133\">Ka\u017ed\u00e1 kytice je aran\u017eov\u00e1na zku\u0161en\u00fdmi kv\u011btin\u00e1\u0159i a dod\u00e1v\u00e1na s vodou nas\u00e1klou houbou pro prodlou\u017een\u00ed \u010derstvosti. Chcete sv\u016fj d\u00e1rek pov\u00fd\u0161it? P\u0159idejte elegantn\u00ed sklen\u011bnou v\u00e1zu za pouh\u00fdch $5\u2013$10. Na\u0161e aran\u017em\u00e1 nejen vypadaj\u00ed skv\u011ble \u2013 vydr\u017e\u00ed.<\/p>\n<h3 data-start=\"1135\" data-end=\"1165\">P\u0159izp\u016fsobte si sv\u016fj kv\u011btinov\u00fd d\u00e1rek<\/h3>\n<p data-start=\"1167\" data-end=\"1212\">Hled\u00e1te n\u011bco osobn\u011bj\u0161\u00edho? M\u016f\u017eete:<\/p>\n<ul data-start=\"1213\" data-end=\"1335\">\n<li data-start=\"1213\" data-end=\"1249\">\n<p data-start=\"1215\" data-end=\"1249\">P\u0159idat extra kv\u011btiny nebo exotick\u00e9 kv\u011bty<\/p>\n<\/li>\n<li data-start=\"1250\" data-end=\"1283\">\n<p data-start=\"1252\" data-end=\"1283\">Vybrat specifick\u00e9 barvy balen\u00ed<\/p>\n<\/li>\n<li data-start=\"1284\" data-end=\"1335\">\n<p data-start=\"1286\" data-end=\"1335\">Kombinovat lekn\u00edny, gerbery, orchideje nebo r\u016f\u017ee<\/p>\n<\/li>\n<\/ul>\n<p data-start=\"1337\" data-end=\"1469\">Od tropick\u00fdch kv\u011btinov\u00fdch box\u016f po klasick\u00e9 kytice r\u016f\u017e\u00ed nab\u00edz\u00edme <strong data-start=\"1399\" data-end=\"1429\">p\u0159izp\u016fsoben\u00e9 kv\u011btinov\u00e9 aran\u017em\u00e1<\/strong>, kter\u00e1 vyhovuj\u00ed ka\u017ed\u00e9 osobnosti a p\u0159\u00edle\u017eitosti.<\/p>\n<h3 data-start=\"1471\" data-end=\"1544\">Doru\u010den\u00ed kv\u011btin v Hurghad\u011b stejn\u00fd den \u2013 P\u0159\u00edmo do va\u0161eho hotelu nebo resortu<\/h3>\n<p data-start=\"1546\" data-end=\"1858\">Nab\u00edz\u00edme <strong data-start=\"1555\" data-end=\"1615\">rychl\u00e9 a spolehliv\u00e9 doru\u010den\u00ed kv\u011btin v Hurghad\u011b stejn\u00fd den<\/strong>, po\u010d\u00ednaje 7:00 r\u00e1no. A\u0165 u\u017e z\u016fst\u00e1v\u00e1te v luxusn\u00edm pl\u00e1\u017eov\u00e9m resortu nebo \u00fatuln\u00e9m hotelu u Rud\u00e9ho mo\u0159e, va\u0161e kv\u011btiny doraz\u00ed \u010derstv\u00e9 a v\u010das. Doru\u010den\u00ed zahrnuje hotely, vily, apartm\u00e1ny a nemovitosti na pob\u0159e\u017e\u00ed v cel\u00e9 guvernanici Rud\u00e9ho mo\u0159e.<\/p>\n<h3 data-start=\"1860\" data-end=\"1909\">Pro\u010d si vybrat Hurghada Shop pro doru\u010den\u00ed kv\u011btin?<\/h3>\n<h4 data-start=\"1911\" data-end=\"1945\">\u2714 Symbol l\u00e1sky a elegance<\/h4>\n<p data-start=\"1946\" data-end=\"2067\">\u010cerven\u00e9 r\u016f\u017ee p\u0159edstavuj\u00ed v\u00e1\u0161e\u0148, zat\u00edmco b\u00edl\u00e9 lekn\u00edny symbolizuj\u00ed \u010distotu. Na\u0161e kytice vyjad\u0159uj\u00ed hlubok\u00e9 emoce s rafinovan\u00fdm n\u00e1dechem.<\/p>\n<h4 data-start=\"2069\" data-end=\"2103\">\u2714 Ide\u00e1ln\u00ed pro v\u0161echny p\u0159\u00edle\u017eitosti<\/h4>\n<p data-start=\"2104\" data-end=\"2281\">Oslavte narozeniny, svatby, Valent\u00fdna nebo \u0159ekn\u011bte \u201ed\u011bkuji\u201c s na\u0161\u00ed rozmanitou \u0161k\u00e1lou kv\u011btin. Nab\u00edz\u00edme tak\u00e9 <strong data-start=\"2216\" data-end=\"2236\">kv\u011btiny k \u00fav\u011bse<\/strong> a <strong data-start=\"2241\" data-end=\"2268\">svatebn\u00ed kv\u011btinov\u00e9 bal\u00ed\u010dky<\/strong> v Hurghad\u011b.<\/p>\n<h4 data-start=\"2283\" data-end=\"2314\">\u2714 Dlouhotrvaj\u00edc\u00ed \u010derstvost<\/h4>\n<p data-start=\"2315\" data-end=\"2402\">Na\u0161e kv\u011btiny z\u016fst\u00e1vaj\u00ed \u010derstv\u00e9 a\u017e t\u00fdden p\u0159i spr\u00e1vn\u00e9 p\u00e9\u010di, tak\u017ee v\u00e1\u0161 d\u00e1rek vydr\u017e\u00ed d\u00e9le.<\/p>\n<h4 data-start=\"2404\" data-end=\"2440\">\u2714 Pln\u011b p\u0159izp\u016fsobiteln\u00e9 kytice<\/h4>\n<p data-start=\"2441\" data-end=\"2550\">Vyberte si vlastn\u00ed barvy, kv\u011btiny a styly balen\u00ed, abyste vytvo\u0159ili kytici, kter\u00e1 odr\u00e1\u017e\u00ed v\u00e1\u0161 vkus nebo poselstv\u00ed.<\/p>\n<h4 data-start=\"2552\" data-end=\"2587\">\u2714 Spolehliv\u00e9 doru\u010den\u00ed stejn\u00fd den<\/h4>\n<p data-start=\"2588\" data-end=\"2682\">Doru\u010dujeme po cel\u00e9 Hurghad\u011b stejn\u00fd den \u2013 i do hotel\u016f, resort\u016f nebo na akce \u2013 bez starost\u00ed.<\/p>\n<h3 data-start=\"2684\" data-end=\"2729\">Jak udr\u017eet kv\u011btiny \u010derstv\u00e9 d\u00e9le<\/h3>\n<p data-start=\"2731\" data-end=\"2777\">Pomozte sv\u00e9 kytici vydr\u017eet s t\u011bmito jednoduch\u00fdmi tipy:<\/p>\n<ul data-start=\"2779\" data-end=\"2978\">\n<li data-start=\"2779\" data-end=\"2851\">\n<p data-start=\"2781\" data-end=\"2851\"><strong data-start=\"2781\" data-end=\"2796\">D\u00e1vkovat vodu denn\u011b<\/strong>: Udr\u017eujte houbu vlhkou nebo pravideln\u011b m\u011b\u0148te vodu ve v\u00e1ze.<\/p>\n<\/li>\n<li data-start=\"2852\" data-end=\"2917\">\n<p data-start=\"2854\" data-end=\"2917\"><strong data-start=\"2854\" data-end=\"2868\">Vyhn\u011bte se teplu<\/strong>: Skladujte na chladn\u00e9m m\u00edst\u011b mimo p\u0159\u00edm\u00e9 slune\u010dn\u00ed svitlo.<\/p>\n<\/li>\n<li data-start=\"2918\" data-end=\"2978\">\n<p data-start=\"2920\" data-end=\"2978\"><strong data-start=\"2920\" data-end=\"2934\">\u0158e\u017ete stonek<\/strong>: \u0158e\u017ete pod \u00fahlem pro lep\u0161\u00ed vst\u0159eb\u00e1v\u00e1n\u00ed vody.<\/p>\n<\/li>\n<\/ul>\n<h3 data-start=\"2980\" data-end=\"3039\">Objednejte nyn\u00ed \u2013 Pr\u00e9miov\u00e9 kv\u011btiny doru\u010den\u00e9 v Hurghad\u011b dnes<\/h3>\n<p data-start=\"3041\" data-end=\"3144\">Oslavte sv\u016fj speci\u00e1ln\u00ed okam\u017eik s na\u0161\u00edm v\u00fdjime\u010dn\u00fdm servisem doru\u010den\u00ed kv\u011btin v Hurghad\u011b. A\u0165 u\u017e:<\/p>\n<ul data-start=\"3145\" data-end=\"3286\">\n<li data-start=\"3145\" data-end=\"3199\">\n<p data-start=\"3147\" data-end=\"3199\">Pos\u00edl\u00e1te kv\u011btiny ze zahrani\u010d\u00ed bl\u00edzk\u00fdm v Egypt\u011b<\/p>\n<\/li>\n<li data-start=\"3200\" data-end=\"3243\">\n<p data-start=\"3202\" data-end=\"3243\">Pl\u00e1nujete romantick\u00e9 p\u0159ekvapen\u00ed v hotelov\u00e9m pokoji<\/p>\n<\/li>\n<li data-start=\"3244\" data-end=\"3286\">\n<p data-start=\"3246\" data-end=\"3286\">Hled\u00e1te luxusn\u00ed kv\u011btinov\u00e9 aran\u017em\u00e1<\/p>\n<\/li>\n<\/ul>\n<p data-start=\"3288\" data-end=\"3329\">M\u00e1me pro v\u00e1s n\u011bco dokonal\u00e9ho.<\/p>\n<h3 data-start=\"3331\" data-end=\"3370\">Vyberte si z na\u0161ich top kv\u011btinov\u00fdch variant:<\/h3>\n<ul data-start=\"3371\" data-end=\"3531\">\n<li data-start=\"3371\" data-end=\"3395\">\n<p data-start=\"3373\" data-end=\"3395\"> Klasick\u00e9 \u010derven\u00e9 r\u016f\u017ee<\/p>\n<\/li>\n<li data-start=\"3396\" data-end=\"3422\">\n<p data-start=\"3398\" data-end=\"3422\"> Elegantn\u00ed b\u00edl\u00e9 r\u016f\u017ee<\/p>\n<\/li>\n<li data-start=\"3423\" data-end=\"3445\">\n<p data-start=\"3425\" data-end=\"3445\"> Jemn\u00e9 r\u016f\u017eov\u00e9 r\u016f\u017ee<\/p>\n<\/li>\n<li data-start=\"3446\" data-end=\"3483\">\n<p data-start=\"3448\" data-end=\"3483\"> Tropick\u00e9 kytice s orchidejemi<\/p>\n<\/li>\n<li data-start=\"3484\" data-end=\"3531\">\n<p data-start=\"3486\" data-end=\"3531\"> Sez\u00f3nn\u00ed kv\u011bty s gerberami a slune\u010dnicemi<\/p>\n<\/li>\n<\/ul>\n<h3 data-start=\"3533\" data-end=\"3576\">Nejlep\u0161\u00ed online doru\u010den\u00ed kv\u011btin v Hurghad\u011b<\/h3>\n<p data-start=\"3578\" data-end=\"3804\">Jako nejl\u00e9pe hodnocen\u00fd online kv\u011btin\u00e1\u0159 v Hurghad\u011b v\u00e1s spojujeme s nejlep\u0161\u00edmi design\u00e9ry kv\u011btin v Egypt\u011b. S f\u00e9r cenami, rychl\u00fdm servisem a pr\u00e9miov\u00fdmi kv\u011btinami je <strong data-start=\"3730\" data-end=\"3747\">Hurghada Shop<\/strong> va\u0161\u00ed volbou pro doru\u010den\u00ed kv\u011btin v oblasti Rud\u00e9ho mo\u0159e.<\/p>\n<h3 data-start=\"3806\" data-end=\"3861\">Po\u0161lete kv\u011btiny do Egypta \u2013 Rychle, \u010derstv\u011b a dostupn\u011b<\/h3>\n<p data-start=\"3863\" data-end=\"3997\">A\u0165 jste m\u00edstn\u00ed nebo na n\u00e1v\u0161t\u011bv\u011b, u\u017e\u00edvejte si klid mysli v\u011bdom\u00edm, \u017ee v\u00e1\u0161 kv\u011btinov\u00fd d\u00e1rek doraz\u00ed p\u0159esn\u011b kdy a kam m\u00e1. Nab\u00edz\u00edme:<\/p>\n<ul data-start=\"3998\" data-end=\"4151\">\n<li data-start=\"3998\" data-end=\"4043\">\n<p data-start=\"4000\" data-end=\"4043\"> Mezin\u00e1rodn\u00ed doru\u010den\u00ed kv\u011btin do Egypta<\/p>\n<\/li>\n<li data-start=\"4044\" data-end=\"4081\">\n<p data-start=\"4046\" data-end=\"4081\"> Doru\u010den\u00ed kv\u011btin do hotelu stejn\u00fd den<\/p>\n<\/li>\n<li data-start=\"4082\" data-end=\"4151\">\n<p data-start=\"4084\" data-end=\"4151\"> P\u0159\u00edplatky jako \u010dokol\u00e1da (Ferrero Rocher), ovocn\u00e9 ko\u0161e nebo pohlednice<\/p>\n<\/li>\n<\/ul>\n<h3 data-start=\"4153\" data-end=\"4191\">D\u016fv\u011b\u0159uj\u00ed n\u00e1m m\u00edstn\u00ed i turist\u00e9<\/h3>\n<p data-start=\"4193\" data-end=\"4430\">S konzistentn\u00edm 5hv\u011bzdi\u010dkov\u00fdm servisem, v\u010dasn\u00fdm doru\u010den\u00edm a kr\u00e1sn\u00fdmi kv\u011bty nen\u00ed divu, \u017ee <strong data-start=\"4279\" data-end=\"4296\">Hurghada Shop<\/strong> je \u010d. 1 kv\u011btin\u00e1\u0159st v Hurghad\u011b. Od romantick\u00fdch p\u0159ekvapen\u00ed po srde\u010dn\u00e9 kondolence v\u00e1m pom\u00e1h\u00e1me vyj\u00e1d\u0159it ka\u017edou emoci s eleganc\u00ed.<\/p>\n<p data-start=\"4437\" data-end=\"4611\"><strong data-start=\"4437\" data-end=\"4611\">Za\u017eijte kouzelnou kv\u011btinovou magii Bazaar Express je\u0161t\u011b dnes \u2013 va\u0161eho d\u016fv\u011bryhodn\u00e9ho partnera pro doru\u010den\u00ed kv\u011btin na pob\u0159e\u017e\u00ed Rud\u00e9ho mo\u0159e v Egypt\u011b. Objednejte nyn\u00ed a p\u0159ineste radost s ka\u017edou kytic\u00ed!<\/strong><\/p>\n<p data-start=\"4437\" data-end=\"4611\">\n<p style=\"text-align: center;\" align=\"center\"><span style=\"font-size: 11.0pt;\">D\u011bkujeme za n\u00e1kup v <em data-start=\"415\" data-end=\"431\"><a href=\"https:\/\/bazaar.express\/\">Bazaar Express<\/a><\/em> \u2013 jsme nad\u0161en\u00ed, \u017ee jste u n\u00e1s!<\/span><\/p>\n<p style=\"text-align: center;\" align=\"center\"><span style=\"font-size: 11.0pt;\">Od \u017eiv\u00fdch po jemn\u00e9 \u2013 objevte <a href=\"https:\/\/bazaar.express\/product-category\/flowers-red-sea-delivery\/\">Kv\u011btiny<\/a>, kter\u00e9 mluv\u00ed eleganc\u00ed.<\/span><\/p>\n","protected":false},"excerpt":{"rendered":"<h3 data-start=\"384\" data-end=\"607\">U\u017eijte si rychl\u00e9 doru\u010den\u00ed kv\u011btin v Hurghad\u011b stejn\u00fd den. Vyberte si z elegantn\u00edch \u010derven\u00fdch r\u016f\u017e\u00ed, b\u00edl\u00fdch lekn\u00edn\u016f a p\u0159izp\u016fsoben\u00fdch aran\u017em\u00e1 doru\u010den\u00fdch p\u0159\u00edmo do hotel\u016f a resort\u016f. Ide\u00e1ln\u00ed pro jakoukoli p\u0159\u00edle\u017eitost \u2013 narozeniny, svatby nebo jen tak.<\/h3>\n","protected":false},"featured_media":36032,"comment_status":"open","ping_status":"closed","template":"","meta":[],"product_brand":[],"product_cat":[808,809],"product_tag":[],"class_list":{"0":"post-36029","1":"product","2":"type-product","3":"status-publish","4":"has-post-thumbnail","6":"product_cat-kvetiny-rude-more","7":"product_cat-kvetina-hurghada","9":"first","10":"instock","11":"sale","12":"shipping-taxable","13":"purchasable","14":"product-type-simple"},"_links":{"self":[{"href":"https:\/\/bazaar.express\/cs\/wp-json\/wp\/v2\/product\/36029","targetHints":{"allow":["GET"]}}],"collection":[{"href":"https:\/\/bazaar.express\/cs\/wp-json\/wp\/v2\/product"}],"about":[{"href":"https:\/\/bazaar.express\/cs\/wp-json\/wp\/v2\/types\/product"}],"replies":[{"embeddable":true,"href":"https:\/\/bazaar.express\/cs\/wp-json\/wp\/v2\/comments?post=36029"}],"wp:featuredmedia":[{"embeddable":true,"href":"https:\/\/bazaar.express\/cs\/wp-json\/wp\/v2\/media\/36032"}],"wp:attachment":[{"href":"https:\/\/bazaar.express\/cs\/wp-json\/wp\/v2\/media?parent=36029"}],"wp:term":[{"taxonomy":"product_brand","embeddable":true,"href":"https:\/\/bazaar.express\/cs\/wp-json\/wp\/v2\/product_brand?post=36029"},{"taxonomy":"product_cat","embeddable":true,"href":"https:\/\/bazaar.express\/cs\/wp-json\/wp\/v2\/product_cat?post=36029"},{"taxonomy":"product_tag","embeddable":true,"href":"https:\/\/bazaar.express\/cs\/wp-json\/wp\/v2\/product_tag?post=36029"}],"curies":[{"name":"wp","href":"https:\/\/api.w.org\/{rel}","templated":true}]}}