{"id":36041,"date":"2025-01-27T01:14:28","date_gmt":"2025-01-27T01:14:28","guid":{"rendered":"https:\/\/bazaar.express\/product\/candle-lux-set\/"},"modified":"2025-11-01T18:40:26","modified_gmt":"2025-11-01T18:40:26","slug":"candle-lux-set","status":"publish","type":"product","link":"https:\/\/bazaar.express\/cs\/produkt\/candle-lux-set\/","title":{"rendered":"Candle Lux Set"},"content":{"rendered":"<h2 data-start=\"306\" data-end=\"392\"><strong data-start=\"309\" data-end=\"392\">Sada Candle Lux \u2013 Ru\u010dn\u011b vyroben\u00e9 alabastrov\u00e9 dr\u017e\u00e1ky na sv\u00ed\u010dky a difuz\u00e9ry z Egypta<\/strong><\/h2>\n<h3 data-start=\"394\" data-end=\"458\"><strong data-start=\"398\" data-end=\"458\">Zv\u00fd\u0161te atraktivitu sv\u00e9ho prostoru p\u0159\u00edrodn\u00ed kr\u00e1sou a teplou atmosf\u00e9rou<\/strong><\/h3>\n<p data-start=\"460\" data-end=\"867\">P\u0159edstavujeme <strong data-start=\"476\" data-end=\"494\">sadu Candle Lux<\/strong>, sofistikovanou f\u00fazi um\u011bn\u00ed, sv\u011btla a v\u016fn\u011b \u2013 ru\u010dn\u011b vyrobenou z autentick\u00e9ho egyptsk\u00e9ho alabastru. Tato pr\u00e9miov\u00e1 \u010dty\u0159di\u00e1ln\u00ed sada <strong data-start=\"630\" data-end=\"680\">v\u00e1le\u010dkov\u00fdch dr\u017e\u00e1k\u016f na sv\u00ed\u010dky a difuz\u00e9r\u016f v\u016fn\u00ed<\/strong> dod\u00e1v\u00e1 nad\u010dasov\u00fd \u0161arm a klid jak\u00e9mukoli interi\u00e9ru. A\u0165 u\u017e vylep\u0161ujete ob\u00fdvac\u00ed pokoj, l\u00e1ze\u0148, hotelovou halu nebo pracovn\u00ed prostor, tato luxusn\u00ed sada je navr\u017eena tak, aby ohromila.<\/p>\n<p data-start=\"869\" data-end=\"1145\">Pe\u010dliv\u011b tvarovan\u00ed zru\u010dn\u00fdmi \u0159emesln\u00edky v Egypt\u011b, ka\u017ed\u00fd kousek je jedine\u010dn\u00fd \u2013 vytvarovan\u00fd ru\u010dn\u011b z <strong data-start=\"962\" data-end=\"983\">p\u0159\u00edrodn\u00edho alabastru<\/strong>, kter\u00fd vyza\u0159uje m\u011bkk\u00fd, uklid\u0148uj\u00edc\u00ed lesk, kdy\u017e je zap\u00e1len\u00fd. <strong data-start=\"1030\" data-end=\"1048\">Sada Candle Lux<\/strong> je v\u00edce ne\u017e jen dekorace; je to smyslov\u00fd z\u00e1\u017eitek, kter\u00fd transformuje n\u00e1ladu va\u0161eho prost\u0159ed\u00ed.<\/p>\n<h3 data-start=\"1152\" data-end=\"1190\"><strong data-start=\"1156\" data-end=\"1190\">Pro\u010d si vybrat sadu Candle Lux?<\/strong><\/h3>\n<ul data-start=\"1192\" data-end=\"2175\">\n<li data-start=\"1192\" data-end=\"1419\">\n<p data-start=\"1194\" data-end=\"1419\">\u2705 <strong data-start=\"1196\" data-end=\"1237\">Autentick\u00fd ru\u010dn\u011b vy\u0159ez\u00e1van\u00fd alabaster<\/strong><br data-start=\"1237\" data-end=\"1240\" \/>Ka\u017ed\u00fd dr\u017e\u00e1k na sv\u00ed\u010dky je ru\u010dn\u011b vyroben z p\u0159\u00edrodn\u00edho egyptsk\u00e9ho alabastru, proslul\u00e9ho svou pr\u016fsvitnost\u00ed a tepl\u00fdm sv\u011btlem. \u017d\u00e1dn\u00fd dva kousky nejsou stejn\u00e9, co\u017e d\u011bl\u00e1 ka\u017edou sadu jedine\u010dnou.<\/p>\n<\/li>\n<li data-start=\"1421\" data-end=\"1625\">\n<p data-start=\"1423\" data-end=\"1625\">\u2705 <strong data-start=\"1425\" data-end=\"1448\">Univerz\u00e1ln\u00ed a stylov\u00e9<\/strong><br data-start=\"1448\" data-end=\"1451\" \/>Pou\u017e\u00edvejte jako elegantn\u00ed <strong data-start=\"1468\" data-end=\"1486\">dr\u017e\u00e1ky na sv\u00ed\u010dky<\/strong>, <strong data-start=\"1488\" data-end=\"1501\">difuz\u00e9ry<\/strong> nebo <strong data-start=\"1506\" data-end=\"1526\">dekorativn\u00ed v\u00e1zy<\/strong>. Ide\u00e1ln\u00ed pro vylep\u0161en\u00ed stoln\u00edch prost\u00edr\u00e1n\u00ed, podlahov\u00fdch expozic nebo polic v dom\u00e1cnostech i hotelov\u00fdch prostorech.<\/p>\n<\/li>\n<li data-start=\"1627\" data-end=\"1833\">\n<p data-start=\"1629\" data-end=\"1833\">\u2705 <strong data-start=\"1631\" data-end=\"1654\">Zlep\u0161uje atmosf\u00e9ru<\/strong><br data-start=\"1654\" data-end=\"1657\" \/>V kombinaci se sv\u00ed\u010dkami nebo esenci\u00e1ln\u00edmi oleji sada vytv\u00e1\u0159\u00ed relaxa\u010dn\u00ed, l\u00e1ze\u0148skou atmosf\u00e9ru s p\u0159\u00edrodn\u00edm estetick\u00fdm n\u00e1dechem. M\u011bkk\u00e9, rozpt\u00fdlen\u00e9 sv\u011btlo nastavuje romantick\u00fd a uklid\u0148uj\u00edc\u00ed t\u00f3n.<\/p>\n<\/li>\n<li data-start=\"1835\" data-end=\"2016\">\n<p data-start=\"1837\" data-end=\"2016\">\u2705 <strong data-start=\"1839\" data-end=\"1868\">Ide\u00e1ln\u00ed pro profesion\u00e1ly<\/strong><br data-start=\"1868\" data-end=\"1871\" \/>Obl\u00edben\u00e9 mezi <strong data-start=\"1890\" data-end=\"1912\">interi\u00e9rov\u00fdmi design\u00e9ry<\/strong>, <strong data-start=\"1914\" data-end=\"1928\">architekty<\/strong> a <strong data-start=\"1934\" data-end=\"1944\">hotely<\/strong>. Dod\u00e1v\u00e1 luxusn\u00ed dokon\u010duj\u00edc\u00ed dotek k klasick\u00fdm i sou\u010dasn\u00fdm designov\u00fdm sch\u00e9mat\u016fm.<\/p>\n<\/li>\n<li data-start=\"2018\" data-end=\"2175\">\n<p data-start=\"2020\" data-end=\"2175\">\u2705 <strong data-start=\"2022\" data-end=\"2054\">Udr\u017eiteln\u011b vyrobeno v Egypt\u011b<\/strong><br data-start=\"2054\" data-end=\"2057\" \/>Tato sada podporuje tradi\u010dn\u00ed egyptsk\u00e9 \u0159emeslnictv\u00ed a z\u00e1rove\u0148 propaguje udr\u017eiteln\u00e9 a ekologicky uv\u011bdom\u011bl\u00e9 interi\u00e9rov\u00e9 stylov\u00e1n\u00ed.<\/p>\n<\/li>\n<\/ul>\n<h3 data-start=\"2182\" data-end=\"2210\"><strong data-start=\"2186\" data-end=\"2210\">Aplikace produktu<\/strong><\/h3>\n<h4 data-start=\"2212\" data-end=\"2233\"><strong data-start=\"2217\" data-end=\"2233\">Pro dom\u00e1c\u00ed pou\u017eit\u00ed<\/strong><\/h4>\n<p data-start=\"2234\" data-end=\"2349\">Um\u00edst\u011bte je do ob\u00fdvac\u00edch pokoj\u016f, lo\u017enic nebo koupelen, aby jste vytvo\u0159ili uklid\u0148uj\u00edc\u00ed atmosf\u00e9ru a pov\u00fd\u0161ili sv\u016fj interi\u00e9rov\u00fd design.<\/p>\n<h4 data-start=\"2351\" data-end=\"2389\"><strong data-start=\"2356\" data-end=\"2389\">Pro l\u00e1zn\u011b a wellness centra<\/strong><\/h4>\n<p data-start=\"2390\" data-end=\"2517\">P\u0159\u00edrodn\u00ed sv\u011btlo a textur kamene podporuj\u00ed medita\u010dn\u00ed, klidnou atmosf\u00e9ru, ide\u00e1ln\u00ed pro mas\u00e1\u017en\u00ed m\u00edstnosti a aromaterapeutick\u00e9 seance.<\/p>\n<h4 data-start=\"2519\" data-end=\"2559\"><strong data-start=\"2524\" data-end=\"2559\">Pro luxusn\u00ed hotely a butiky<\/strong><\/h4>\n<p data-start=\"2560\" data-end=\"2674\">Perfektn\u00ed pro recep\u010dn\u00ed pulty, lounge a apartm\u00e1ny host\u016f, aby ohromily n\u00e1v\u0161t\u011bvn\u00edky s rafinovan\u00fdm vkusem a \u0159emesln\u00fdm \u0161armem.<\/p>\n<h4 data-start=\"2676\" data-end=\"2694\"><strong data-start=\"2681\" data-end=\"2694\">Jako d\u00e1rek<\/strong><\/h4>\n<p data-start=\"2695\" data-end=\"2796\">Tato luxusn\u00ed sada je promy\u0161len\u00fdm a elegantn\u00edm d\u00e1rkem pro st\u011bhov\u00e1n\u00ed, svatby nebo v\u00fdro\u010d\u00ed.<\/p>\n<h3 data-start=\"2803\" data-end=\"2840\"><strong data-start=\"2807\" data-end=\"2840\">Specifikace sady (4 kusy)<\/strong><\/h3>\n<ul data-start=\"2842\" data-end=\"3071\">\n<li data-start=\"2842\" data-end=\"2897\">\n<p data-start=\"2844\" data-end=\"2897\"><strong data-start=\"2844\" data-end=\"2860\">Velk\u00fd dr\u017e\u00e1k<\/strong>: 965g \u2013 12cm pr\u016fm\u011br x 7cm v\u00fd\u0161ka<\/p>\n<\/li>\n<li data-start=\"2898\" data-end=\"2960\">\n<p data-start=\"2900\" data-end=\"2960\"><strong data-start=\"2900\" data-end=\"2923\">St\u0159edn\u011b velk\u00fd dr\u017e\u00e1k<\/strong>: 670g \u2013 10cm pr\u016fm\u011br x 7cm v\u00fd\u0161ka<\/p>\n<\/li>\n<li data-start=\"2961\" data-end=\"3016\">\n<p data-start=\"2963\" data-end=\"3016\"><strong data-start=\"2963\" data-end=\"2980\">St\u0159edn\u00ed dr\u017e\u00e1k<\/strong>: 520g \u2013 8cm pr\u016fm\u011br x 7cm v\u00fd\u0161ka<\/p>\n<\/li>\n<li data-start=\"3017\" data-end=\"3071\">\n<p data-start=\"3019\" data-end=\"3071\"><strong data-start=\"3019\" data-end=\"3035\">Mal\u00fd dr\u017e\u00e1k<\/strong>: 345g \u2013 6cm pr\u016fm\u011br x 7cm v\u00fd\u0161ka<\/p>\n<\/li>\n<\/ul>\n<p data-start=\"3073\" data-end=\"3157\"><em data-start=\"3073\" data-end=\"3157\">Pozn\u00e1mka: Proto\u017ee jsou ru\u010dn\u011b vyrobeny z p\u0159\u00edrodn\u00edho kamene, velikost a barva se mohou m\u00edrn\u011b li\u0161it.<\/em><\/p>\n<h3 data-start=\"3445\" data-end=\"3502\"><strong data-start=\"3449\" data-end=\"3502\">Ru\u010dn\u011b vyrobeno s tradic\u00ed, navr\u017eeno pro eleganci<\/strong><\/h3>\n<p data-start=\"3504\" data-end=\"3741\">Oslavte p\u0159\u00edrodn\u00ed kr\u00e1su se <strong data-start=\"3538\" data-end=\"3556\">sadou Candle Lux<\/strong> \u2013 kde funk\u010dnost setk\u00e1v\u00e1 luxus. Vyrobeno z surov\u00e9ho alabastrov\u00e9ho kamene a napln\u011bno d\u011bdictv\u00edm, tato sada nab\u00edz\u00ed teplo, sofistikovanost a subtiln\u00ed zp\u016fsob, jak se propojit s p\u0159\u00edrodou uvnit\u0159.<\/p>\n<p data-start=\"3743\" data-end=\"3843\">Perfektn\u00ed pro modern\u00ed i rustik\u00e1ln\u00ed prostory \u2013 objednejte si svou dnes a osv\u011btlete sv\u016fj prostor eleganc\u00ed.<\/p>\n<p style=\"text-align: center;\">D\u011bkujeme za n\u00e1kup v <em data-start=\"415\" data-end=\"431\"><a href=\"https:\/\/bazaar.express\/\">Bazaar Express<\/a><\/em> \u2013 jsme nad\u0161en\u00ed, \u017ee jste u n\u00e1s!<\/p>\n<p style=\"text-align: center;\">Za\u017eijte kouzlo starov\u011bk\u00e9ho um\u011bn\u00ed s na\u0161\u00ed kolekc\u00ed <a href=\"https:\/\/bazaar.express\/product-category\/egyptian-treasures\/\">Egyptsk\u00e9 poklady<\/a>.<\/p>\n","protected":false},"excerpt":{"rendered":"<h3 data-start=\"412\" data-end=\"658\">Objevte sadu Candle Lux \u2013 ru\u010dn\u011b vyrobenou kolekci alabastrov\u00fdch dr\u017e\u00e1k\u016f na sv\u00ed\u010dky a difuz\u00e9r\u016f z Egypta. Ide\u00e1ln\u00ed pro p\u0159id\u00e1n\u00ed tepl\u00e9ho, elegantn\u00edho sv\u011btla do domov\u016f, l\u00e1zn\u00ed a hotel\u016f. Unik\u00e1tn\u00ed dekorativn\u00ed kousek, kter\u00fd kombinuje styl, funkci a tradici.<\/h3>\n","protected":false},"featured_media":36045,"comment_status":"open","ping_status":"closed","template":"","meta":[],"product_brand":[],"product_cat":[822],"product_tag":[896,893],"class_list":{"0":"post-36041","1":"product","2":"type-product","3":"status-publish","4":"has-post-thumbnail","6":"product_cat-egyptske-poklady","7":"product_tag-darky","8":"product_tag-suvenyry","10":"first","11":"instock","12":"shipping-taxable","13":"purchasable","14":"product-type-simple"},"_links":{"self":[{"href":"https:\/\/bazaar.express\/cs\/wp-json\/wp\/v2\/product\/36041","targetHints":{"allow":["GET"]}}],"collection":[{"href":"https:\/\/bazaar.express\/cs\/wp-json\/wp\/v2\/product"}],"about":[{"href":"https:\/\/bazaar.express\/cs\/wp-json\/wp\/v2\/types\/product"}],"replies":[{"embeddable":true,"href":"https:\/\/bazaar.express\/cs\/wp-json\/wp\/v2\/comments?post=36041"}],"wp:featuredmedia":[{"embeddable":true,"href":"https:\/\/bazaar.express\/cs\/wp-json\/wp\/v2\/media\/36045"}],"wp:attachment":[{"href":"https:\/\/bazaar.express\/cs\/wp-json\/wp\/v2\/media?parent=36041"}],"wp:term":[{"taxonomy":"product_brand","embeddable":true,"href":"https:\/\/bazaar.express\/cs\/wp-json\/wp\/v2\/product_brand?post=36041"},{"taxonomy":"product_cat","embeddable":true,"href":"https:\/\/bazaar.express\/cs\/wp-json\/wp\/v2\/product_cat?post=36041"},{"taxonomy":"product_tag","embeddable":true,"href":"https:\/\/bazaar.express\/cs\/wp-json\/wp\/v2\/product_tag?post=36041"}],"curies":[{"name":"wp","href":"https:\/\/api.w.org\/{rel}","templated":true}]}}