{"id":36047,"date":"2025-01-27T00:02:38","date_gmt":"2025-01-27T00:02:38","guid":{"rendered":"https:\/\/bazaar.express\/product\/alabastrova-pyramidova-svicka\/"},"modified":"2025-11-23T09:41:28","modified_gmt":"2025-11-23T09:41:28","slug":"alabastrova-pyramidova-svicka","status":"publish","type":"product","link":"https:\/\/bazaar.express\/cs\/produkt\/alabastrova-pyramidova-svicka\/","title":{"rendered":"Alabastrov\u00e1 pyramidov\u00e1 sv\u00ed\u010dka"},"content":{"rendered":"<h2 data-start=\"194\" data-end=\"278\">Alabastrov\u00fd dr\u017e\u00e1k na sv\u00ed\u010dky Pyramidy \u2013 Ru\u010dn\u011b vyroben\u00fd hold v\u016f\u010di v\u011b\u010dn\u00e9mu d\u011bdictv\u00ed Egypta<\/h2>\n<h3 data-start=\"280\" data-end=\"325\">Inspirov\u00e1no majest\u00e1tn\u00edmi pyramidami v G\u00edze<\/h3>\n<p data-start=\"327\" data-end=\"676\">P\u0159ive\u010fte s\u00edlu a kr\u00e1su starov\u011bk\u00e9ho Egypta do sv\u00e9ho domova s na\u0161\u00edm <strong data-start=\"395\" data-end=\"431\">alabastrov\u00fdm dr\u017e\u00e1kem na sv\u00ed\u010dky Pyramidy<\/strong> \u2013 jedine\u010dn\u00fdm ru\u010dn\u011b vyroben\u00fdm dekorativn\u00edm kouskem, kter\u00fd vzd\u00e1v\u00e1 hold legend\u00e1rn\u00edm pyramid\u00e1m Chufua, Chafra a Menkaura. Vy\u0159ez\u00e1van\u00fd egyptsk\u00fdmi \u0159emesln\u00edky z p\u0159\u00edrodn\u00edho alabastrov\u00e9ho kamene odr\u00e1\u017e\u00ed velkolepost civilizace, kter\u00e1 formovala historii.<\/p>\n<p data-start=\"678\" data-end=\"910\">Jeho design je symbolick\u00fd, \u0159emesln\u00e9 zpracov\u00e1n\u00ed bezkonkuren\u010dn\u00ed a jeho z\u00e1\u0159e naprosto kouzeln\u00e1. Ide\u00e1ln\u00ed jako funk\u010dn\u00ed dr\u017e\u00e1k na sv\u00ed\u010dky i jako smyslupln\u00fd dekorativn\u00ed prvek, kter\u00fd prom\u011bn\u00ed jak\u00fdkoli prostor v m\u00edsto pln\u00e9 tepla, historie a elegance.<\/p>\n<h3 data-start=\"917\" data-end=\"966\">Ru\u010dn\u011b vyrobeno z autentick\u00e9ho egyptsk\u00e9ho alabastru<\/h3>\n<p data-start=\"968\" data-end=\"1273\">Ka\u017ed\u00fd dr\u017e\u00e1k na sv\u00ed\u010dky v pyramid\u011b je ru\u010dn\u011b vy\u0159ez\u00e1v\u00e1n z <strong data-start=\"1018\" data-end=\"1045\">pr\u00e9miov\u00e9ho alabastrov\u00e9ho kamene<\/strong>, polodrahokamu p\u0159\u00edrodn\u00edho materi\u00e1lu, kter\u00fd se pou\u017e\u00edv\u00e1 od dob faraon\u016f. \u017d\u00e1dn\u00fd kus nen\u00ed stejn\u00fd \u2013 ka\u017ed\u00fd vykazuje unik\u00e1tn\u00ed barevn\u00e9 vzory a p\u0159irozen\u00e9 \u017eilnat\u00ed kame\u0148a, co\u017e zaru\u010duje jedine\u010dn\u00fd produkt.<\/p>\n<h3 data-start=\"1280\" data-end=\"1314\">Dostupn\u00e9 v 3 \u00fa\u017easn\u00fdch barv\u00e1ch<\/h3>\n<p data-start=\"1316\" data-end=\"1409\">Vyberte si odst\u00edn, kter\u00fd lad\u00ed s va\u0161\u00edm dekorem, nebo sb\u00edrejte v\u0161echny t\u0159i pro odv\u00e1\u017enou a kr\u00e1snou expozici:<\/p>\n<ul data-start=\"1411\" data-end=\"1657\">\n<li data-start=\"1411\" data-end=\"1492\">\n<p data-start=\"1413\" data-end=\"1492\"><strong data-start=\"1413\" data-end=\"1431\">Modr\u00fd alabastr<\/strong> \u2013 Hmotnost: p\u0159ibli\u017e. 580g | V\u00fd\u0161ka: 11cm | \u0160\u00ed\u0159ka: 12cm x 12cm<\/p>\n<\/li>\n<li data-start=\"1493\" data-end=\"1576\">\n<p data-start=\"1495\" data-end=\"1576\"><strong data-start=\"1495\" data-end=\"1515\">\u017dlut\u00fd alabastr<\/strong> \u2013 Hmotnost: p\u0159ibli\u017e. 538g | V\u00fd\u0161ka: 11cm | \u0160\u00ed\u0159ka: 12cm x 12cm<\/p>\n<\/li>\n<li data-start=\"1577\" data-end=\"1657\">\n<p data-start=\"1579\" data-end=\"1657\"><strong data-start=\"1579\" data-end=\"1596\">\u010cerven\u00fd alabastr<\/strong> \u2013 Hmotnost: p\u0159ibli\u017e. 573g | V\u00fd\u0161ka: 11cm | \u0160\u00ed\u0159ka: 12cm x 12cm<\/p>\n<\/li>\n<\/ul>\n<p data-start=\"1659\" data-end=\"1746\">Ka\u017ed\u00e1 barva vytv\u00e1\u0159\u00ed jinou atmosf\u00e9ru, kdy\u017e sv\u011btlo sv\u00ed\u010dky proch\u00e1z\u00ed kamenem.<\/p>\n<h3 data-start=\"1753\" data-end=\"1786\">Smyslupln\u00fd a elegantn\u00ed d\u00e1rek<\/h3>\n<p data-start=\"1788\" data-end=\"2078\">Hled\u00e1te speci\u00e1ln\u00ed d\u00e1rek pro milovn\u00edka historie, cestovatele nebo nad\u0161ence do interi\u00e9rov\u00e9ho designu? Tento dr\u017e\u00e1k na sv\u00ed\u010dky v pyramid\u011b je v\u00edce ne\u017e jen kr\u00e1sn\u00fd p\u0159edm\u011bt \u2013 je symbolem starov\u011bk\u00e9 moudrosti, kulturn\u00edho d\u011bdictv\u00ed a ru\u010dn\u00edho mistrovstv\u00ed. Ide\u00e1ln\u00ed na narozeniny, k\u0159es\u0165ansk\u00fd st\u016fl nebo sv\u00e1tky.<\/p>\n<h3 data-start=\"2085\" data-end=\"2110\">Ide\u00e1ln\u00ed do jak\u00e9hokoli prost\u0159ed\u00ed<\/h3>\n<p data-start=\"2112\" data-end=\"2362\">A\u0165 dekorujete modern\u00ed ob\u00fdvac\u00ed pokoj, \u00fatuln\u00fd \u010dten\u00e1\u0159sk\u00fd koutek, l\u00e1zn\u011b nebo luxusn\u00ed hotelovou halu, tento alabastrov\u00fd dr\u017e\u00e1k na sv\u00ed\u010dky p\u0159id\u00e1 m\u011bkkou ambientn\u00ed z\u00e1\u0159i a n\u00e1dech historick\u00e9 elegance. Je stejn\u011b \u00fachvatn\u00fd s\u00e1m o sob\u011b nebo ve skupin\u011b.<\/p>\n<h3 data-start=\"2369\" data-end=\"2391\">V\u00fdhody produktu<\/h3>\n<ul data-start=\"2393\" data-end=\"2825\">\n<li data-start=\"2393\" data-end=\"2475\">\n<p data-start=\"2395\" data-end=\"2475\"><strong data-start=\"2398\" data-end=\"2438\">Vyrobeno z prav\u00e9ho alabastrov\u00e9ho kamene<\/strong> \u2013 Ru\u010dn\u00ed pr\u00e1ce zku\u0161en\u00fdch egyptsk\u00fdch \u0159emesln\u00edk\u016f.<\/p>\n<\/li>\n<li data-start=\"2476\" data-end=\"2568\">\n<p data-start=\"2478\" data-end=\"2568\"><strong data-start=\"2481\" data-end=\"2503\">M\u011bkk\u00e1 ambientn\u00ed z\u00e1\u0159e<\/strong> \u2013 Sv\u011btlo sv\u00ed\u010dky proch\u00e1z\u00ed kamenem a vytv\u00e1\u0159\u00ed uklid\u0148uj\u00edc\u00ed n\u00e1ladu.<\/p>\n<\/li>\n<li data-start=\"2569\" data-end=\"2661\">\n<p data-start=\"2571\" data-end=\"2661\"><strong data-start=\"2574\" data-end=\"2611\">Dostupn\u00e9 v \u010derven\u00e9, modr\u00e9 nebo \u017elut\u00e9<\/strong> \u2013 Vyberte si svou obl\u00edbenou barvu nebo sb\u00edrejte v\u0161echny.<\/p>\n<\/li>\n<li data-start=\"2662\" data-end=\"2755\">\n<p data-start=\"2664\" data-end=\"2755\"><strong data-start=\"2667\" data-end=\"2690\">Ide\u00e1ln\u00ed na d\u00e1rkov\u00e1n\u00ed<\/strong> \u2013 Smyslupln\u00fd kousek pro milovn\u00edky kultury, cestov\u00e1n\u00ed a historie.<\/p>\n<\/li>\n<li data-start=\"2756\" data-end=\"2825\">\n<p data-start=\"2758\" data-end=\"2825\"><strong data-start=\"2762\" data-end=\"2779\">Vyrobeno v Egypt\u011b<\/strong> \u2013 Podpo\u0159te tradi\u010dn\u00ed egyptsk\u00e9 \u0159emesln\u00e9 zpracov\u00e1n\u00ed.<\/p>\n<\/li>\n<\/ul>\n<p data-start=\"3103\" data-end=\"3277\">P\u0159idejte kousek slavn\u00e9 egyptsk\u00e9 minulosti do sv\u00e9ho domova. S <strong data-start=\"3163\" data-end=\"3199\">alabastrov\u00fdm dr\u017e\u00e1kem na sv\u00ed\u010dky Pyramidy<\/strong> nejen zap\u00e1l\u00edte sv\u00ed\u010dku \u2013 osv\u011btl\u00edte tis\u00edce let d\u011bdictv\u00ed.<\/p>\n<p style=\"text-align: center;\">D\u011bkujeme za n\u00e1kup v <em data-start=\"415\" data-end=\"431\"><a href=\"https:\/\/bazaar.express\/cs\/\">Bazaar Express<\/a><\/em> \u2013 jsme nad\u0161en\u00ed, \u017ee jste u n\u00e1s!<\/p>\n<p style=\"text-align: center;\">Za\u017eijte kouzlo starov\u011bk\u00e9ho um\u011bn\u00ed s na\u0161\u00ed sb\u00edrkou <a href=\"https:\/\/bazaar.express\/product-category\/egyptian-treasures\/\">Egyptsk\u00e9 poklady<\/a>.<\/p>\n","protected":false},"excerpt":{"rendered":"<h3>Osla\u0148te v\u011b\u010dn\u00e9 d\u011bdictv\u00ed Egypta s t\u00edmto ru\u010dn\u011b vyroben\u00fdm alabastrov\u00fdm dr\u017e\u00e1kem na pyramidovou sv\u00ed\u010dku. Vyrobeno v Egypt\u011b zku\u0161en\u00fdmi \u0159emesln\u00edky, p\u0159id\u00e1v\u00e1 m\u011bkk\u00e9 ambientn\u00ed sv\u011btlo a kulturn\u00ed eleganci do jak\u00e9hokoli prostoru. Dostupn\u00e9 ve t\u0159ech \u00fa\u017easn\u00fdch barv\u00e1ch: modr\u00e9, \u010derven\u00e9 a \u017elut\u00e9.<\/h3>\n","protected":false},"featured_media":36048,"comment_status":"open","ping_status":"closed","template":"","meta":[],"product_brand":[],"product_cat":[822],"product_tag":[896,893],"class_list":{"0":"post-36047","1":"product","2":"type-product","3":"status-publish","4":"has-post-thumbnail","6":"product_cat-egyptske-poklady","7":"product_tag-darky","8":"product_tag-suvenyry","10":"first","11":"instock","12":"shipping-taxable","13":"purchasable","14":"product-type-variable"},"_links":{"self":[{"href":"https:\/\/bazaar.express\/cs\/wp-json\/wp\/v2\/product\/36047","targetHints":{"allow":["GET"]}}],"collection":[{"href":"https:\/\/bazaar.express\/cs\/wp-json\/wp\/v2\/product"}],"about":[{"href":"https:\/\/bazaar.express\/cs\/wp-json\/wp\/v2\/types\/product"}],"replies":[{"embeddable":true,"href":"https:\/\/bazaar.express\/cs\/wp-json\/wp\/v2\/comments?post=36047"}],"wp:featuredmedia":[{"embeddable":true,"href":"https:\/\/bazaar.express\/cs\/wp-json\/wp\/v2\/media\/36048"}],"wp:attachment":[{"href":"https:\/\/bazaar.express\/cs\/wp-json\/wp\/v2\/media?parent=36047"}],"wp:term":[{"taxonomy":"product_brand","embeddable":true,"href":"https:\/\/bazaar.express\/cs\/wp-json\/wp\/v2\/product_brand?post=36047"},{"taxonomy":"product_cat","embeddable":true,"href":"https:\/\/bazaar.express\/cs\/wp-json\/wp\/v2\/product_cat?post=36047"},{"taxonomy":"product_tag","embeddable":true,"href":"https:\/\/bazaar.express\/cs\/wp-json\/wp\/v2\/product_tag?post=36047"}],"curies":[{"name":"wp","href":"https:\/\/api.w.org\/{rel}","templated":true}]}}