{"id":36052,"date":"2025-01-26T18:19:50","date_gmt":"2025-01-26T18:19:50","guid":{"rendered":"https:\/\/bazaar.express\/product\/sada-svicek\/"},"modified":"2025-01-26T18:19:50","modified_gmt":"2025-01-26T18:19:50","slug":"sada-svicek","status":"publish","type":"product","link":"https:\/\/bazaar.express\/cs\/produkt\/sada-svicek\/","title":{"rendered":"Sada sv\u00ed\u010dek"},"content":{"rendered":"<h2 data-start=\"225\" data-end=\"311\">Sada sv\u00ed\u010dek \u2013 \u010cerven\u00e9 alabastrov\u00e9 pyramidov\u00e9 lampy a dr\u017e\u00e1ky na sv\u00ed\u010dky | Ru\u010dn\u011b vyroben\u00fd egyptsk\u00fd dekor<\/h2>\n<h3 data-start=\"313\" data-end=\"366\">Osv\u011btlete sv\u016fj prostor histori\u00ed a eleganc\u00ed<\/h3>\n<p data-start=\"367\" data-end=\"712\">P\u0159ineste do sv\u00e9ho domova v\u011b\u010dnou majest\u00e1tnost starov\u011bk\u00e9ho Egypta s <strong data-start=\"435\" data-end=\"479\">sadou \u010derven\u00fdch pyramidov\u00fdch alabastrov\u00fdch sv\u00ed\u010dek a lamp<\/strong>. Ru\u010dn\u011b vyroben\u00e1 v Egypt\u011b zku\u0161en\u00fdmi \u0159emesln\u00edky, tato \u00fachvatn\u00e1 t\u0159\u00edd\u00edln\u00e1 sada vzd\u00e1v\u00e1 hold legend\u00e1rn\u00edm pyramid\u00e1m v G\u00edze \u2013 Chufu, Chafre a Menkaure \u2013 a z\u00e1rove\u0148 nab\u00edz\u00ed m\u011bkkou, z\u00e1\u0159ivou atmosf\u00e9ru, kter\u00e1 dod\u00e1 jak\u00e9mukoli prostoru teplo a sofistikovanost.<\/p>\n<p data-start=\"714\" data-end=\"991\">Ka\u017ed\u00e1 lampa je vyrobena z pr\u00e9miov\u00e9ho \u010derven\u00e9ho alabastru, cen\u011bn\u00e9ho pro svou jemnou pr\u016fsvitnost a p\u0159irozen\u00e9 \u017eilkov\u00e1n\u00ed. A\u0165 u\u017e je pou\u017eijete jako ambientn\u00ed osv\u011btlen\u00ed, dr\u017e\u00e1ky na sv\u00ed\u010dky nebo poutav\u00e9 konverza\u010dn\u00ed kusy, tyto pyramidov\u00e9 lampy bez n\u00e1mahy spojuj\u00ed historii, \u0159emeslnou zru\u010dnost a styl.<\/p>\n<h3 data-start=\"998\" data-end=\"1051\">Pro\u010d si vybrat sadu \u010derven\u00fdch alabastrov\u00fdch pyramidov\u00fdch sv\u00ed\u010dek?<\/h3>\n<h4 data-start=\"1053\" data-end=\"1096\">Inspirace starov\u011bkou egyptskou majest\u00e1tnost\u00ed<\/h4>\n<p data-start=\"1097\" data-end=\"1305\">Tato sada je p\u0159\u00edmo ovlivn\u011bna ikonickou architekturou Velk\u00fdch pyramid. Je to symbolick\u00e1 a um\u011bleck\u00e1 pocta jedn\u00e9 z nejv\u011bt\u0161\u00edch civilizac\u00ed sv\u011bta, kter\u00e1 zachycuje jak formu, tak kulturn\u00ed d\u011bdictv\u00ed.<\/p>\n<h4 data-start=\"1307\" data-end=\"1337\">M\u011bkk\u00fd, p\u0159\u00edjemn\u00fd \u010derven\u00fd lesk<\/h4>\n<p data-start=\"1338\" data-end=\"1507\">\u010cerven\u00fd alabastr vytv\u00e1\u0159\u00ed tepl\u00e9, atmosf\u00e9rick\u00e9 sv\u011btlo, kdy\u017e je osv\u011btlen \u2013 ide\u00e1ln\u00ed pro \u00fatuln\u00e9 ve\u010dery, romantick\u00e9 ve\u010de\u0159e, duchovn\u00ed prostory nebo prost\u011b pro vylep\u0161en\u00ed dekoru va\u0161eho domova.<\/p>\n<h4 data-start=\"1509\" data-end=\"1548\">Ru\u010dn\u011b vyrobeno egyptsk\u00fdmi \u0159emesln\u00edky<\/h4>\n<p data-start=\"1549\" data-end=\"1736\">Ka\u017ed\u00fd kousek je pe\u010dliv\u011b vy\u0159ez\u00e1v\u00e1n ru\u010dn\u011b v Egypt\u011b, d\u00edky \u010demu\u017e je ka\u017ed\u00e1 lampa jedine\u010dn\u00fdm v\u00fdtvorem. \u0158emesln\u00e1 zru\u010dnost odr\u00e1\u017e\u00ed stalet\u00ed tradi\u010dn\u00edho kamenick\u00e9 pr\u00e1ce, p\u0159ed\u00e1van\u00e9 z generace na generaci.<\/p>\n<h4 data-start=\"1738\" data-end=\"1758\">Univerz\u00e1ln\u00ed pou\u017eit\u00ed<\/h4>\n<p data-start=\"1759\" data-end=\"1979\">Pou\u017e\u00edvejte tyto kousky jako ambientn\u00ed lampy, dekorativn\u00ed sochy nebo dr\u017e\u00e1ky na sv\u00ed\u010dky. Vhodn\u00e9 pro domy, l\u00e1zn\u011b, hotely nebo interi\u00e9ry s tematikou d\u011bdictv\u00ed. Jejich tepl\u00e9 sv\u011btlo a historick\u00e9 kouzlo je \u010din\u00ed jak funk\u010dn\u00edmi, tak ozdobn\u00fdmi.<\/p>\n<h4 data-start=\"1981\" data-end=\"2005\">Ide\u00e1ln\u00ed d\u00e1rek<\/h4>\n<p data-start=\"2006\" data-end=\"2148\">Hled\u00e1te nezapomenuteln\u00fd d\u00e1rek? Tato sada je ide\u00e1ln\u00edm d\u00e1rkem pro milovn\u00edky historie, sv\u011btov\u00fdch cest, starov\u011bk\u00e9ho um\u011bn\u00ed nebo jedine\u010dn\u00e9ho ru\u010dn\u011b vyroben\u00e9ho dom\u00e1c\u00edho dekoru.<\/p>\n<h3 data-start=\"2155\" data-end=\"2181\">Specifikace produktu<\/h3>\n<h4 data-start=\"2183\" data-end=\"2209\">\ud83d\udd3a Velk\u00e1 pyramidov\u00e1 lampa<\/h4>\n<ul data-start=\"2210\" data-end=\"2299\">\n<li data-start=\"2210\" data-end=\"2240\">\n<p data-start=\"2212\" data-end=\"2240\"><strong data-start=\"2212\" data-end=\"2223\">Hmotnost:<\/strong> P\u0159ibli\u017en\u011b 1018 g<\/p>\n<\/li>\n<li data-start=\"2241\" data-end=\"2262\">\n<p data-start=\"2243\" data-end=\"2262\"><strong data-start=\"2243\" data-end=\"2254\">V\u00fd\u0161ka:<\/strong> 14 cm<\/p>\n<\/li>\n<li data-start=\"2263\" data-end=\"2299\">\n<p data-start=\"2265\" data-end=\"2299\"><strong data-start=\"2265\" data-end=\"2285\">Rozm\u011bry z\u00e1kladny:<\/strong> 13 cm x 13 cm<\/p>\n<\/li>\n<\/ul>\n<h4 data-start=\"2301\" data-end=\"2328\">\ud83d\udd3a St\u0159edn\u00ed pyramidov\u00e1 lampa<\/h4>\n<ul data-start=\"2329\" data-end=\"2417\">\n<li data-start=\"2329\" data-end=\"2358\">\n<p data-start=\"2331\" data-end=\"2358\"><strong data-start=\"2331\" data-end=\"2342\">Hmotnost:<\/strong> P\u0159ibli\u017en\u011b 584 g<\/p>\n<\/li>\n<li data-start=\"2359\" data-end=\"2380\">\n<p data-start=\"2361\" data-end=\"2380\"><strong data-start=\"2361\" data-end=\"2372\">V\u00fd\u0161ka:<\/strong> 12 cm<\/p>\n<\/li>\n<li data-start=\"2381\" data-end=\"2417\">\n<p data-start=\"2383\" data-end=\"2417\"><strong data-start=\"2383\" data-end=\"2403\">Rozm\u011bry z\u00e1kladny:<\/strong> 10 cm x 10 cm<\/p>\n<\/li>\n<\/ul>\n<h4 data-start=\"2419\" data-end=\"2445\">\ud83d\udd3a Mal\u00e1 pyramidov\u00e1 lampa<\/h4>\n<ul data-start=\"2446\" data-end=\"2605\">\n<li data-start=\"2446\" data-end=\"2475\">\n<p data-start=\"2448\" data-end=\"2475\"><strong data-start=\"2448\" data-end=\"2459\">Hmotnost:<\/strong> P\u0159ibli\u017en\u011b 395 g<\/p>\n<\/li>\n<li data-start=\"2476\" data-end=\"2497\">\n<p data-start=\"2478\" data-end=\"2497\"><strong data-start=\"2478\" data-end=\"2489\">V\u00fd\u0161ka:<\/strong> 10 cm<\/p>\n<\/li>\n<li data-start=\"2498\" data-end=\"2532\">\n<p data-start=\"2500\" data-end=\"2532\"><strong data-start=\"2500\" data-end=\"2520\">Rozm\u011bry z\u00e1kladny:<\/strong> 9 cm x 9 cm<\/p>\n<\/li>\n<li data-start=\"2534\" data-end=\"2575\">\n<p data-start=\"2536\" data-end=\"2575\"><strong data-start=\"2536\" data-end=\"2549\">Materi\u00e1l:<\/strong> P\u0159\u00edrodn\u00ed alabastrov\u00fd k\u00e1men<\/p>\n<\/li>\n<li data-start=\"2576\" data-end=\"2605\">\n<p data-start=\"2578\" data-end=\"2605\"><strong data-start=\"2578\" data-end=\"2594\">Ru\u010dn\u011b vyrobeno v:<\/strong> Egypt \ud83c\uddea\ud83c\uddec<\/p>\n<\/li>\n<\/ul>\n<h3 data-start=\"2872\" data-end=\"2912\">P\u0159ineste starov\u011bk\u00fd Egypt do sv\u00e9ho domova<\/h3>\n<p data-start=\"2913\" data-end=\"3237\"><strong data-start=\"2917\" data-end=\"2961\">Sada \u010derven\u00fdch alabastrov\u00fdch pyramidov\u00fdch sv\u00ed\u010dek a lamp<\/strong> je v\u00edce ne\u017e jen dom\u00e1c\u00ed dekor \u2013 je to kus historie, kter\u00fd m\u016f\u017eete dr\u017eet v rukou. P\u0159idejte ji do sv\u00e9ho domova, abyste si u\u017eili jemn\u00fd lesk a kulturn\u00ed kouzlo ru\u010dn\u011b vyroben\u00e9ho egyptsk\u00e9ho um\u011bn\u00ed. A\u0165 u\u017e pro sebe nebo jako promy\u0161len\u00fd d\u00e1rek, tato sada dod\u00e1 jak\u00e9mukoli prostoru eleganci, teplo a starov\u011bkou kr\u00e1su.<\/p>\n<p data-start=\"3239\" data-end=\"3305\"><strong data-start=\"3239\" data-end=\"3305\">Objednejte nyn\u00ed a osv\u011btlete sv\u016fj domov d\u011bdictv\u00edm faraon\u016f.<\/strong><\/p>\n<p style=\"text-align: center;\">D\u011bkujeme za n\u00e1kup v <em data-start=\"415\" data-end=\"431\"><a href=\"https:\/\/bazaar.express\/\">Bazaar Express<\/a><\/em> \u2013 jsme nad\u0161en\u00ed, \u017ee jste u n\u00e1s!<\/p>\n<p style=\"text-align: center;\">Za\u017eijte kouzlo starov\u011bk\u00e9ho um\u011bn\u00ed s na\u0161\u00ed kolekc\u00ed <a href=\"https:\/\/bazaar.express\/product-category\/egyptian-treasures\/\">Egyptsk\u00fdch poklad\u016f<\/a>.<\/p>\n","protected":false},"excerpt":{"rendered":"<h3 data-start=\"477\" data-end=\"712\"><strong data-start=\"477\" data-end=\"502\">Milovn\u00edci sv\u00ed\u010dek se budou radovat<\/strong> \u2013 tato sada \u010derven\u00fdch alabastrov\u00fdch pyramidov\u00fdch sv\u00ed\u010dek je v\u00edce ne\u017e osv\u011btlen\u00ed; je to pocta egyptsk\u00e9mu d\u011bdictv\u00ed. Ru\u010dn\u011b vyroben\u00e1 z z\u00e1\u0159iv\u00e9ho \u010derven\u00e9ho alabastru, ka\u017ed\u00fd kousek osv\u011btl\u00ed v\u00e1\u0161 prostor teplem, kouzlem a historickou kr\u00e1sou.<\/h3>\n","protected":false},"featured_media":9284,"comment_status":"open","ping_status":"closed","template":"","meta":[],"product_brand":[],"product_cat":[822],"product_tag":[896,893],"class_list":{"0":"post-36052","1":"product","2":"type-product","3":"status-publish","4":"has-post-thumbnail","6":"product_cat-egyptske-poklady","7":"product_tag-darky","8":"product_tag-suvenyry","10":"first","11":"instock","12":"shipping-taxable","13":"purchasable","14":"product-type-simple"},"_links":{"self":[{"href":"https:\/\/bazaar.express\/cs\/wp-json\/wp\/v2\/product\/36052","targetHints":{"allow":["GET"]}}],"collection":[{"href":"https:\/\/bazaar.express\/cs\/wp-json\/wp\/v2\/product"}],"about":[{"href":"https:\/\/bazaar.express\/cs\/wp-json\/wp\/v2\/types\/product"}],"replies":[{"embeddable":true,"href":"https:\/\/bazaar.express\/cs\/wp-json\/wp\/v2\/comments?post=36052"}],"wp:featuredmedia":[{"embeddable":true,"href":"https:\/\/bazaar.express\/cs\/wp-json\/wp\/v2\/media\/9284"}],"wp:attachment":[{"href":"https:\/\/bazaar.express\/cs\/wp-json\/wp\/v2\/media?parent=36052"}],"wp:term":[{"taxonomy":"product_brand","embeddable":true,"href":"https:\/\/bazaar.express\/cs\/wp-json\/wp\/v2\/product_brand?post=36052"},{"taxonomy":"product_cat","embeddable":true,"href":"https:\/\/bazaar.express\/cs\/wp-json\/wp\/v2\/product_cat?post=36052"},{"taxonomy":"product_tag","embeddable":true,"href":"https:\/\/bazaar.express\/cs\/wp-json\/wp\/v2\/product_tag?post=36052"}],"curies":[{"name":"wp","href":"https:\/\/api.w.org\/{rel}","templated":true}]}}