{"id":36064,"date":"2025-01-27T00:51:18","date_gmt":"2025-01-27T00:51:18","guid":{"rendered":"https:\/\/bazaar.express\/product\/drzic-svicky-z-alabastru\/"},"modified":"2025-01-27T00:51:18","modified_gmt":"2025-01-27T00:51:18","slug":"drzic-svicky-z-alabastru","status":"publish","type":"product","link":"https:\/\/bazaar.express\/cs\/produkt\/drzic-svicky-z-alabastru\/","title":{"rendered":"Dr\u017ei\u010d sv\u00ed\u010dky z alabastru"},"content":{"rendered":"<h2 data-start=\"270\" data-end=\"356\">Cylindrick\u00fd dr\u017ei\u010d sv\u00ed\u010dky z alabastru s mosazn\u00fdm podstavcem \u2013 ru\u010dn\u011b vyroben\u00e1 egyptsk\u00e1 eleganci<\/h2>\n<h3 data-start=\"358\" data-end=\"407\">P\u016fsobiv\u00fd kousek, kter\u00fd povzn\u00e1\u0161\u00ed ka\u017ed\u00fd prostor<\/h3>\n<p data-start=\"408\" data-end=\"744\">P\u0159ineste do sv\u00e9ho domova atmosf\u00e9ru klidu a luxusu s <strong data-start=\"471\" data-end=\"510\">cylindrick\u00fdm dr\u017ei\u010dem sv\u00ed\u010dky z alabastru<\/strong>, expertne ru\u010dn\u011b vyroben\u00fdm z 100% p\u0159\u00edrodn\u00edho egyptsk\u00e9ho alabastru a osazen\u00fdm na rafinovan\u00e9m mosazn\u00e9m podstavci. Ka\u017ed\u00fd kousek je jedine\u010dnou sm\u011bs\u00ed tradi\u010dn\u00ed egyptsk\u00e9 um\u011bleck\u00e9 zru\u010dnosti a modern\u00ed sofistikovanosti \u2013 ide\u00e1ln\u00ed pro ty, kte\u0159\u00ed oce\u0148uj\u00ed nad\u010dasov\u00fd design.<\/p>\n<p data-start=\"746\" data-end=\"952\">Kdy\u017e je zap\u00e1len\u00e1, polo-pr\u016fsvitn\u00fd povrch alabastru jemn\u011b z\u00e1\u0159\u00ed a vytv\u00e1\u0159\u00ed klidnou a p\u0159\u00edjemnou atmosf\u00e9ru ide\u00e1ln\u00ed pro jak\u00fdkoli interi\u00e9r, a\u0165 u\u017e zdob\u00edte domov, l\u00e1zn\u011b, restauraci nebo butikov\u00fd hotel.<\/p>\n<h3 data-start=\"954\" data-end=\"996\">Co d\u011bl\u00e1 tento dr\u017ei\u010d sv\u00ed\u010dky v\u00fdjime\u010dn\u00fdm?<\/h3>\n<ul data-start=\"998\" data-end=\"1595\">\n<li data-start=\"998\" data-end=\"1152\">\n<p data-start=\"1000\" data-end=\"1152\"><strong data-start=\"1000\" data-end=\"1030\">P\u0159\u00edrodn\u00ed egyptsk\u00fd alabastr<\/strong> \u2013 Ka\u017ed\u00fd dr\u017ei\u010d je vyroben z eticky z\u00edskan\u00e9ho alabastrov\u00e9ho kamene s elegantn\u00edm mramorov\u00e1n\u00edm a organick\u00fdmi variacemi barev.<\/p>\n<\/li>\n<li data-start=\"1153\" data-end=\"1274\">\n<p data-start=\"1155\" data-end=\"1274\"><strong data-start=\"1155\" data-end=\"1184\">Ru\u010dn\u011b \u0159ezan\u00e1 zru\u010dnost<\/strong> \u2013 Vyrobeno zku\u0161en\u00fdmi \u0159emesln\u00edky v Egypt\u011b pomoc\u00ed starov\u011bk\u00fdch technik p\u0159ed\u00e1van\u00fdch z generace na generaci.<\/p>\n<\/li>\n<li data-start=\"1275\" data-end=\"1399\">\n<p data-start=\"1277\" data-end=\"1399\"><strong data-start=\"1277\" data-end=\"1298\">Jemn\u00fd ambientn\u00ed svit<\/strong> \u2013 Kdy\u017e je uvnit\u0159 um\u00edst\u011bna sv\u00ed\u010dka, dr\u017ei\u010d vyza\u0159uje tepl\u00fd zlatav\u00fd odst\u00edn, kter\u00fd zlep\u0161uje n\u00e1ladu v jak\u00e9koli m\u00edstnosti.<\/p>\n<\/li>\n<li data-start=\"1400\" data-end=\"1493\">\n<p data-start=\"1402\" data-end=\"1493\"><strong data-start=\"1402\" data-end=\"1425\">Le\u0161t\u011bn\u00fd mosazn\u00fd podstavec<\/strong> \u2013 P\u0159id\u00e1v\u00e1 elegantn\u00ed modern\u00ed kontrast a zaji\u0161\u0165uje rovnov\u00e1hu a odolnost.<\/p>\n<\/li>\n<li data-start=\"1494\" data-end=\"1595\">\n<p data-start=\"1496\" data-end=\"1595\"><strong data-start=\"1496\" data-end=\"1517\">V\u00edce\u00fa\u010delov\u00e9 pou\u017eit\u00ed<\/strong> \u2013 Pou\u017e\u00edvejte ho jako dr\u017ei\u010d sv\u00ed\u010dky, zdroj ambientn\u00edho sv\u011btla nebo um\u011bleck\u00fd dekorativn\u00ed prvek.<\/p>\n<\/li>\n<\/ul>\n<h3 data-start=\"1597\" data-end=\"1656\">Mo\u017enosti velikost\u00ed (kupte jednotliv\u011b nebo jako kompletn\u00ed sadu):<\/h3>\n<ul data-start=\"1657\" data-end=\"1901\">\n<li data-start=\"1657\" data-end=\"1707\">\n<p data-start=\"1659\" data-end=\"1707\"><strong data-start=\"1659\" data-end=\"1675\">\u0160irok\u00fd &#038; Velk\u00fd<\/strong> \u2013 P\u0159ibli\u017en\u011b 710g | 12 cm d\u00e9lka<\/p>\n<\/li>\n<li data-start=\"1708\" data-end=\"1758\">\n<p data-start=\"1710\" data-end=\"1758\"><strong data-start=\"1710\" data-end=\"1726\">\u0160t\u00edhl\u00fd &#038; Velk\u00fd<\/strong> \u2013 P\u0159ibli\u017en\u011b 548g | 12 cm d\u00e9lka<\/p>\n<\/li>\n<li data-start=\"1759\" data-end=\"1808\">\n<p data-start=\"1761\" data-end=\"1808\"><strong data-start=\"1761\" data-end=\"1776\">St\u0159edn\u00ed Vysok\u00fd<\/strong> \u2013 P\u0159ibli\u017en\u011b 379g | 12 cm v\u00fd\u0161ka<\/p>\n<\/li>\n<li data-start=\"1809\" data-end=\"1851\">\n<p data-start=\"1811\" data-end=\"1851\"><strong data-start=\"1811\" data-end=\"1820\">Mal\u00fd<\/strong> \u2013 P\u0159ibli\u017en\u011b 205g | 7 cm d\u00e9lka<\/p>\n<\/li>\n<li data-start=\"1852\" data-end=\"1901\">\n<p data-start=\"1854\" data-end=\"1901\"><strong data-start=\"1854\" data-end=\"1870\">Mal\u00fd &#038; Tenk\u00fd<\/strong> \u2013 P\u0159ibli\u017en\u011b 120g | 7 cm d\u00e9lka<\/p>\n<\/li>\n<\/ul>\n<p data-start=\"1903\" data-end=\"2006\">A\u0165 u\u017e je stylizov\u00e1n samostatn\u011b nebo seskupen v sad\u011b, tyto dr\u017ei\u010de p\u0159id\u00e1vaj\u00ed eleganci, klid a texturu do jak\u00e9koli m\u00edstnosti.<\/p>\n<h3 data-start=\"2008\" data-end=\"2022\">Ide\u00e1ln\u00ed pro:<\/h3>\n<ul data-start=\"2023\" data-end=\"2320\">\n<li data-start=\"2023\" data-end=\"2100\">\n<p data-start=\"2025\" data-end=\"2100\">Interi\u00e9rov\u00e9 design\u00e9ry, kte\u0159\u00ed cht\u011bj\u00ed zd\u016fraznit klasick\u00e9 i modern\u00ed styly dekorac\u00ed<\/p>\n<\/li>\n<li data-start=\"2101\" data-end=\"2160\">\n<p data-start=\"2103\" data-end=\"2160\">Luxusn\u00ed l\u00e1zn\u011b, kter\u00e9 cht\u011bj\u00ed vylep\u0161it relaxa\u010dn\u00ed z\u00e1\u017eitek<\/p>\n<\/li>\n<li data-start=\"2161\" data-end=\"2245\">\n<p data-start=\"2163\" data-end=\"2245\">Hotely, restaurace a lounge, kter\u00e9 cht\u011bj\u00ed nab\u00eddnout teplou, nezapomenutelnou atmosf\u00e9ru<\/p>\n<\/li>\n<li data-start=\"2246\" data-end=\"2320\">\n<p data-start=\"2248\" data-end=\"2320\">Dom\u00e1c\u00ed majitele, kte\u0159\u00ed oce\u0148uj\u00ed kvalitu, tradici a v\u00fdraznou p\u0159\u00edrodn\u00ed dekoraci<\/p>\n<\/li>\n<\/ul>\n<h3 data-start=\"2322\" data-end=\"2398\">\u00a0Ru\u010dn\u011b vyrobeno v Egypt\u011b \u2013 Ka\u017ed\u00fd kousek vypr\u00e1v\u00ed p\u0159\u00edb\u011bh d\u011bdictv\u00ed a um\u011bn\u00ed.<\/h3>\n<h3 data-start=\"124\" data-end=\"186\">Oboha\u0165te sv\u016fj prostor autentickou egyptskou \u0159emeslnou zru\u010dnost\u00ed<\/h3>\n<p data-start=\"187\" data-end=\"539\"><strong data-start=\"191\" data-end=\"246\">Cylindrick\u00fd dr\u017ei\u010d sv\u00ed\u010dky z alabastru s mosazn\u00fdm podstavcem<\/strong> je v\u00edce ne\u017e jen dekorativn\u00ed prvek \u2013 je oslavou p\u0159\u00edrodn\u00ed kr\u00e1sy a nad\u010dasov\u00e9ho um\u011bn\u00ed. A\u0165 u\u017e vytv\u00e1\u0159\u00edte uklid\u0148uj\u00edc\u00ed atmosf\u00e9ru doma, navrhujete \u00fatuln\u00fd prostor pro hosty nebo hled\u00e1te smyslupln\u00fd ru\u010dn\u011b vyroben\u00fd d\u00e1rek, tento dr\u017ei\u010d sv\u00ed\u010dky p\u0159in\u00e1\u0161\u00ed eleganci a d\u011bdictv\u00ed do jak\u00e9hokoli prost\u0159ed\u00ed.<\/p>\n<p data-start=\"541\" data-end=\"652\"><strong data-start=\"541\" data-end=\"652\">Objednejte si sv\u016fj je\u0161t\u011b dnes a za\u017eijte kouzlo ru\u010dn\u011b vyroben\u00e9 egyptsk\u00e9 dekorace \u2013 doru\u010deno p\u0159\u00edmo k va\u0161im dve\u0159\u00edm.<\/strong><\/p>\n<p style=\"text-align: center;\">D\u011bkujeme za n\u00e1kup v <em data-start=\"415\" data-end=\"431\"><a href=\"https:\/\/bazaar.express\/\">Bazaar Express<\/a><\/em> \u2013 jsme nad\u0161en\u00ed, \u017ee jste tu!<\/p>\n<p style=\"text-align: center;\">Za\u017eijte kouzlo starov\u011bk\u00e9ho um\u011bn\u00ed s na\u0161\u00ed kolekc\u00ed <a href=\"https:\/\/bazaar.express\/product-category\/egyptian-treasures\/\">Egyptsk\u00e9 poklady<\/a>.<\/p>\n","protected":false},"excerpt":{"rendered":"<h3 data-start=\"394\" data-end=\"604\">Povznesete sv\u016fj domov t\u00edmto ru\u010dn\u011b vyroben\u00fdm cylindrick\u00fdm dr\u017ei\u010dem sv\u00ed\u010dky z p\u0159\u00edrodn\u00edho egyptsk\u00e9ho alabastru s luxusn\u00edm mosazn\u00fdm podstavcem. Ide\u00e1ln\u00ed pro \u00fatulnou atmosf\u00e9ru, nad\u010dasovou dekoraci nebo promy\u0161len\u00fd d\u00e1rek.<\/h3>\n","protected":false},"featured_media":36071,"comment_status":"open","ping_status":"closed","template":"","meta":[],"product_brand":[],"product_cat":[822,788],"product_tag":[896,893],"class_list":{"0":"post-36064","1":"product","2":"type-product","3":"status-publish","4":"has-post-thumbnail","6":"product_cat-egyptske-poklady","7":"product_cat-to-nejlepsi-z-egypta","8":"product_tag-darky","9":"product_tag-suvenyry","11":"first","12":"instock","13":"shipping-taxable","14":"purchasable","15":"product-type-variable"},"_links":{"self":[{"href":"https:\/\/bazaar.express\/cs\/wp-json\/wp\/v2\/product\/36064","targetHints":{"allow":["GET"]}}],"collection":[{"href":"https:\/\/bazaar.express\/cs\/wp-json\/wp\/v2\/product"}],"about":[{"href":"https:\/\/bazaar.express\/cs\/wp-json\/wp\/v2\/types\/product"}],"replies":[{"embeddable":true,"href":"https:\/\/bazaar.express\/cs\/wp-json\/wp\/v2\/comments?post=36064"}],"wp:featuredmedia":[{"embeddable":true,"href":"https:\/\/bazaar.express\/cs\/wp-json\/wp\/v2\/media\/36071"}],"wp:attachment":[{"href":"https:\/\/bazaar.express\/cs\/wp-json\/wp\/v2\/media?parent=36064"}],"wp:term":[{"taxonomy":"product_brand","embeddable":true,"href":"https:\/\/bazaar.express\/cs\/wp-json\/wp\/v2\/product_brand?post=36064"},{"taxonomy":"product_cat","embeddable":true,"href":"https:\/\/bazaar.express\/cs\/wp-json\/wp\/v2\/product_cat?post=36064"},{"taxonomy":"product_tag","embeddable":true,"href":"https:\/\/bazaar.express\/cs\/wp-json\/wp\/v2\/product_tag?post=36064"}],"curies":[{"name":"wp","href":"https:\/\/api.w.org\/{rel}","templated":true}]}}