{"id":36078,"date":"2025-01-26T16:05:55","date_gmt":"2025-01-26T16:05:55","guid":{"rendered":"https:\/\/bazaar.express\/product\/rucne-vyrobena-onyxova-lampa-umelecke-svetlo\/"},"modified":"2026-02-27T14:29:07","modified_gmt":"2026-02-27T14:29:07","slug":"rucne-vyrobena-onyxova-lampa-umelecke-svetlo","status":"publish","type":"product","link":"https:\/\/bazaar.express\/cs\/produkt\/rucne-vyrobena-onyxova-lampa-umelecke-svetlo\/","title":{"rendered":"Ru\u010dn\u011b vyroben\u00e1 onyxov\u00e1 lampa \u2013 um\u011bleck\u00e9 sv\u011btlo"},"content":{"rendered":"<h2 data-start=\"237\" data-end=\"314\"><strong data-start=\"240\" data-end=\"314\">Lampa: Ru\u010dn\u011b vyroben\u00e9 um\u011bleck\u00e9 sv\u011btlo z onyxu \u2013 V\u00fdrazn\u00fd kousek p\u0159\u00edrodn\u00edho luxusu<\/strong><\/h2>\n<h3 data-start=\"316\" data-end=\"372\"><strong data-start=\"320\" data-end=\"372\">Pozvedn\u011bte sv\u016fj prostor kr\u00e1sou onyxov\u00e9ho kamene<\/strong><\/h3>\n<p data-start=\"374\" data-end=\"702\">Objevte neoby\u010dejn\u00e9 kouzlo <strong data-start=\"414\" data-end=\"440\">ru\u010dn\u011b vyroben\u00e9 um\u011bleck\u00e9 onyxov\u00e9 lampy<\/strong>, luxusn\u00ed f\u00faze nejlep\u0161\u00edho p\u0159\u00edrodn\u00edho materi\u00e1lu a pe\u010dliv\u00e9ho egyptsk\u00e9ho \u0159emesla. Tato lampa nen\u00ed jen osv\u011btlen\u00edm \u2013 je to socha\u0159sk\u00e9 mistrovsk\u00e9 d\u00edlo vy\u0159ezan\u00e9 z jednoho kusu polodrahokamu onyxu, oce\u0148ovan\u00e9ho pro sv\u016fj pr\u016fsvitn\u00fd lesk a jedine\u010dn\u00e9 \u017e\u00edly.<\/p>\n<p data-start=\"704\" data-end=\"927\">A\u0165 u\u017e za\u0159izujete modern\u00ed byt, \u00fatuln\u00fd domov nebo eklektick\u00fd pracovn\u00ed prostor, tato onyxov\u00e1 lampa p\u0159in\u00e1\u0161\u00ed funkci i vizu\u00e1ln\u00ed dopad. Poskytuje m\u011bkk\u00e9 ambientn\u00ed osv\u011btlen\u00ed a slou\u017e\u00ed jako nad\u010dasov\u00e9 st\u0159edobit\u00ed dekorace.<\/p>\n<h3 data-start=\"934\" data-end=\"968\"><strong data-start=\"938\" data-end=\"968\">Pro\u010d si vybrat tuto onyxovou lampu?<\/strong><\/h3>\n<h4 data-start=\"970\" data-end=\"1015\"><strong data-start=\"975\" data-end=\"1015\"> P\u0159\u00edrodn\u00ed onyxov\u00fd k\u00e1men \u2013 \u017d\u00e1dn\u00e1 dv\u011b stejn\u00e1<\/strong><\/h4>\n<p data-start=\"1016\" data-end=\"1191\">Ka\u017ed\u00e1 lampa je vyrobena z masivn\u00edho bloku prav\u00e9ho onyxu, zn\u00e1m\u00e9ho sv\u00fdmi jedine\u010dn\u00fdmi vzory a organick\u00fdm charakterem. To zaji\u0161\u0165uje, \u017ee ka\u017ed\u00fd kus, kter\u00fd obdr\u017e\u00edte, je naprosto unik\u00e1tn\u00ed.<\/p>\n<h4 data-start=\"1193\" data-end=\"1228\"><strong data-start=\"1198\" data-end=\"1228\"> Jemn\u00fd pr\u016fsvitn\u00fd lesk<\/strong><\/h4>\n<p data-start=\"1229\" data-end=\"1415\">Kdy\u017e je zap\u00e1len\u00e1, onyxov\u00fd k\u00e1men vyza\u0159uje tepl\u00fd, uklid\u0148uj\u00edc\u00ed lesk, kter\u00fd prom\u011bn\u00ed energii jak\u00e9koli m\u00edstnosti. Jeho p\u0159\u00edrodn\u00ed pr\u016fsvitnost kr\u00e1sn\u011b rozptyluje sv\u011btlo a vytv\u00e1\u0159\u00ed klidnou a p\u0159\u00edjemnou atmosf\u00e9ru.<\/p>\n<h4 data-start=\"1417\" data-end=\"1456\"><strong data-start=\"1422\" data-end=\"1456\"> Modern\u00ed setk\u00e1n\u00ed s klasick\u00fdm designem<\/strong><\/h4>\n<p data-start=\"1457\" data-end=\"1670\">\u010cist\u00e9 linie a hladk\u00fd le\u0161t\u011bn\u00fd povrch \u010din\u00ed tuto lampu vhodnou pro sou\u010dasn\u00e9 i tradi\u010dn\u00ed interi\u00e9ry. Bezprobl\u00e9mov\u011b se vejde na no\u010dn\u00ed stolky, pracovn\u00ed stoly, no\u010dn\u00ed stolky nebo jako akcent v minimalistick\u00fdch prostorech.<\/p>\n<h4 data-start=\"1672\" data-end=\"1706\"><strong data-start=\"1677\" data-end=\"1706\"> Elegance polodrahokamu<\/strong><\/h4>\n<p data-start=\"1707\" data-end=\"1887\">Exkluzivn\u011bj\u0161\u00ed ne\u017e mramor, onyx je polodrahokam, kter\u00fd evokuje luxus. Jeho v\u00fdrazn\u00e9 krystalick\u00e9 p\u00e1sy a bohat\u00e9 zbarven\u00ed ho \u010din\u00ed um\u011bleck\u00fdm dopl\u0148kem do sofistikovan\u00fdch interi\u00e9r\u016f.<\/p>\n<h4 data-start=\"1889\" data-end=\"1931\"><strong data-start=\"1894\" data-end=\"1931\"> Univerz\u00e1ln\u00ed d\u00e1rkov\u00fd a dom\u00e1c\u00ed dekor<\/strong><\/h4>\n<p data-start=\"1932\" data-end=\"2136\">A\u0165 u\u017e jako designov\u00fd statement nebo praktick\u00e1 lampa, tento kousek je promy\u0161len\u00fdm d\u00e1rkem pro milovn\u00edky um\u011bn\u00ed, p\u0159\u00edrody a jemn\u00e9ho dekoru. Ide\u00e1ln\u00ed na st\u011bhov\u00e1n\u00ed, v\u00fdro\u010d\u00ed nebo jako pr\u00e9miov\u00fd firemn\u00ed d\u00e1rek.<\/p>\n<h3 data-start=\"2143\" data-end=\"2165\"><strong data-start=\"2147\" data-end=\"2165\">Specifikace<\/strong><\/h3>\n<ul data-start=\"2167\" data-end=\"2351\">\n<li data-start=\"2167\" data-end=\"2204\">\n<p data-start=\"2169\" data-end=\"2204\"><strong data-start=\"2169\" data-end=\"2190\">Dostupn\u00e9 barvy:<\/strong> Red, Yellow<\/p>\n<\/li>\n<li data-start=\"2205\" data-end=\"2226\">\n<p data-start=\"2207\" data-end=\"2226\"><strong data-start=\"2207\" data-end=\"2218\">V\u00fd\u0161ka:<\/strong> 18 cm<\/p>\n<\/li>\n<li data-start=\"2227\" data-end=\"2247\">\n<p data-start=\"2229\" data-end=\"2247\"><strong data-start=\"2229\" data-end=\"2239\">\u0160\u00ed\u0159ka:<\/strong> 10 cm<\/p>\n<\/li>\n<li data-start=\"2248\" data-end=\"2282\">\n<p data-start=\"2250\" data-end=\"2282\"><strong data-start=\"2250\" data-end=\"2273\">P\u0159ibli\u017en\u00e1 hmotnost:<\/strong> 875 gm<\/p>\n<\/li>\n<li data-start=\"2283\" data-end=\"2317\">\n<p data-start=\"2285\" data-end=\"2317\"><strong data-start=\"2285\" data-end=\"2298\">Materi\u00e1l:<\/strong> Masivn\u00ed onyxov\u00fd k\u00e1men<\/p>\n<\/li>\n<li data-start=\"2318\" data-end=\"2351\">\n<p data-start=\"2320\" data-end=\"2351\"><strong data-start=\"2320\" data-end=\"2331\">P\u016fvod:<\/strong> Ru\u010dn\u011b vyrobeno v Egypt\u011b<\/p>\n<\/li>\n<\/ul>\n<p data-start=\"2353\" data-end=\"2517\">Ka\u017ed\u00e1 lampa je ru\u010dn\u011b vyrobena zku\u0161en\u00fdmi egyptsk\u00fdmi \u0159emesln\u00edky, kte\u0159\u00ed p\u0159in\u00e1\u0161ej\u00ed generace tradice kamenick\u00e9 pr\u00e1ce do ka\u017ed\u00e9ho detailu, zaji\u0161\u0165uj\u00edc\u00ed pr\u00e9miovou kvalitu a autentickost.<\/p>\n<h3 data-start=\"2876\" data-end=\"2919\"><strong data-start=\"2880\" data-end=\"2919\">Z\u00e1v\u011bre\u010dn\u00fd n\u00e1dech luxusu pro v\u00e1\u0161 domov<\/strong><\/h3>\n<p data-start=\"2921\" data-end=\"3144\"><strong data-start=\"2925\" data-end=\"2951\">Ru\u010dn\u011b vyroben\u00e1 um\u011bleck\u00e1 onyxov\u00e1 lampa<\/strong> je v\u00edce ne\u017e osv\u011btlen\u00ed \u2013 je to atmosf\u00e9ra, kultura a elegance spojen\u00e9 do jedn\u00e9 brilantn\u00ed formy. Od starov\u011bk\u00e9 egyptsk\u00e9 inspirace po sou\u010dasn\u00fd appeal, tato lampa je navr\u017eena tak, aby vydr\u017eela a ohromila.<\/p>\n<p data-start=\"3146\" data-end=\"3300\"><strong data-start=\"3148\" data-end=\"3300\">Rozjasn\u011bte sv\u016fj sv\u011bt touto nad\u010dasovou sochou osv\u011btlen\u00ed. P\u0159idejte ji do ko\u0161\u00edku je\u0161t\u011b dnes a nechte sv\u016fj prostor z\u00e1\u0159it p\u0159\u00edrodn\u00ed kr\u00e1sou a \u0159emeslnou eleganc\u00ed.<\/strong><\/p>\n<p style=\"text-align: center;\">D\u011bkujeme za n\u00e1kup v <em data-start=\"415\" data-end=\"431\"><a href=\"https:\/\/bazaar.express\/\">Bazaar Express<\/a><\/em> \u2013 jsme nad\u0161en\u00ed, \u017ee jste tu!<\/p>\n<p style=\"text-align: center;\">Za\u017eijte kouzlo starov\u011bk\u00e9ho um\u011bn\u00ed s na\u0161\u00ed sb\u00edrkou <a href=\"https:\/\/bazaar.express\/product-category\/egyptian-treasures\/\">Egyptsk\u00fdch poklad\u016f<\/a>.<\/p>\n","protected":false},"excerpt":{"rendered":"<h3>Osv\u011btlete sv\u016fj prostor um\u011bn\u00edm a p\u0159\u00edrodou. Ru\u010dn\u011b vyroben\u00e1 onyxov\u00e1 lampa je vy\u0159ez\u00e1na z masivn\u00edho onyxov\u00e9ho kamene v Egypt\u011b. S jej\u00edm m\u011bkk\u00fdm sv\u011btlem a p\u0159\u00edrodn\u00edmi \u017eilami je luxusn\u00edm dopl\u0148kem do jak\u00e9hokoli modern\u00edho nebo klasick\u00e9ho dom\u00e1c\u00edho interi\u00e9ru.<\/h3>\n","protected":false},"featured_media":36082,"comment_status":"open","ping_status":"closed","template":"","meta":[],"product_brand":[],"product_cat":[822],"product_tag":[896,893],"class_list":{"0":"post-36078","1":"product","2":"type-product","3":"status-publish","4":"has-post-thumbnail","6":"product_cat-egyptske-poklady","7":"product_tag-darky","8":"product_tag-suvenyry","10":"first","11":"instock","12":"sale","13":"shipping-taxable","14":"purchasable","15":"product-type-variable"},"_links":{"self":[{"href":"https:\/\/bazaar.express\/cs\/wp-json\/wp\/v2\/product\/36078","targetHints":{"allow":["GET"]}}],"collection":[{"href":"https:\/\/bazaar.express\/cs\/wp-json\/wp\/v2\/product"}],"about":[{"href":"https:\/\/bazaar.express\/cs\/wp-json\/wp\/v2\/types\/product"}],"replies":[{"embeddable":true,"href":"https:\/\/bazaar.express\/cs\/wp-json\/wp\/v2\/comments?post=36078"}],"wp:featuredmedia":[{"embeddable":true,"href":"https:\/\/bazaar.express\/cs\/wp-json\/wp\/v2\/media\/36082"}],"wp:attachment":[{"href":"https:\/\/bazaar.express\/cs\/wp-json\/wp\/v2\/media?parent=36078"}],"wp:term":[{"taxonomy":"product_brand","embeddable":true,"href":"https:\/\/bazaar.express\/cs\/wp-json\/wp\/v2\/product_brand?post=36078"},{"taxonomy":"product_cat","embeddable":true,"href":"https:\/\/bazaar.express\/cs\/wp-json\/wp\/v2\/product_cat?post=36078"},{"taxonomy":"product_tag","embeddable":true,"href":"https:\/\/bazaar.express\/cs\/wp-json\/wp\/v2\/product_tag?post=36078"}],"curies":[{"name":"wp","href":"https:\/\/api.w.org\/{rel}","templated":true}]}}