{"id":36223,"date":"2025-01-22T23:53:27","date_gmt":"2025-01-22T23:53:27","guid":{"rendered":"https:\/\/bazaar.express\/product\/sada-rucniku-5\/"},"modified":"2025-11-05T03:18:32","modified_gmt":"2025-11-05T03:18:32","slug":"sada-rucniku-5","status":"publish","type":"product","link":"https:\/\/bazaar.express\/cs\/produkt\/sada-rucniku-5\/","title":{"rendered":"Sada ru\u010dn\u00edk\u016f"},"content":{"rendered":"<h2 data-start=\"183\" data-end=\"242\">Sada ru\u010dn\u00edk\u016f &#8211; 4 kusy Sigma | Ru\u010dn\u00edky ze 100% egyptsk\u00e9 bavlny<\/h2>\n<h3 data-start=\"244\" data-end=\"300\">Zlep\u0161ete sv\u016fj z\u00e1\u017eitek z koup\u00e1n\u00ed d\u00edky pr\u00e9miov\u00e9mu pohodl\u00ed<\/h3>\n<p data-start=\"302\" data-end=\"735\">Prom\u011b\u0148te svou ka\u017edodenn\u00ed rutinu v l\u00e1ze\u0148sk\u00e9 \u00fato\u010di\u0161t\u011b d\u00edky <strong data-start=\"364\" data-end=\"391\">\u010dty\u0159d\u00edln\u00e9 sad\u011b ru\u010dn\u00edk\u016f Sigma<\/strong>, kter\u00e1 je vyrobena ze 100% \u010dist\u00e9 egyptsk\u00e9 bavlny. Tato sada ru\u010dn\u00edk\u016f je zn\u00e1m\u00e1 svou luxusn\u00ed m\u011bkkost\u00ed, dlouhotrvaj\u00edc\u00ed pevnost\u00ed a vynikaj\u00edc\u00ed savost\u00ed a p\u0159edstavuje dokonalou kombinaci stylu a funk\u010dnosti. A\u0165 u\u017e se jedn\u00e1 o modernizaci va\u0161\u00ed osobn\u00ed koupelny, vybaven\u00ed apartm\u00e1 pro hosty nebo v\u00fdb\u011br pozorn\u00e9ho d\u00e1rku, tato sada p\u0159in\u00e1\u0161\u00ed v\u00fdjime\u010dnou hodnotu a eleganci.<\/p>\n<h3 data-start=\"742\" data-end=\"768\">Co je uvnit\u0159 sady?<\/h3>\n<p data-start=\"770\" data-end=\"1046\">Ka\u017ed\u00e1 sada ru\u010dn\u00edk\u016f Sigma obsahuje <strong data-start=\"800\" data-end=\"823\">4 ru\u010dn\u00edky pln\u00e9 velikosti,<\/strong> ka\u017ed\u00fd <strong data-start=\"800\" data-end=\"823\">o<\/strong> <strong data-start=\"840\" data-end=\"855\">rozm\u011brech 55 x 110 cm,<\/strong> kter\u00e9 poskytuj\u00ed velkorys\u00e9 pokryt\u00ed pro su\u0161en\u00ed t\u011bla, l\u00e1ze\u0148sk\u00e9 procedury nebo ka\u017edodenn\u00ed p\u00e9\u010di o t\u011blo. Je to ide\u00e1ln\u00ed bal\u00ed\u010dek pro p\u00e1ry, mal\u00e9 rodiny, hotely nebo dokonce t\u011blocvi\u010dny, kter\u00e9 ocen\u00ed kvalitn\u00ed pr\u00e1dlo.<\/p>\n<h3 data-start=\"1053\" data-end=\"1092\">Kl\u00ed\u010dov\u00e9 funkce, kter\u00e9 maj\u00ed v\u00fdznam<\/h3>\n<h4 data-start=\"1094\" data-end=\"1132\">100% egyptsk\u00e1 bavlna Excellence<\/h4>\n<p data-start=\"1133\" data-end=\"1390\">Tyto ru\u010dn\u00edky jsou vyrobeny z nejjemn\u011bj\u0161\u00edch vl\u00e1ken egyptsk\u00e9 bavlny a nab\u00edzej\u00ed nep\u0159ekonatelnou m\u011bkkost a prody\u0161nost. Egyptsk\u00e1 bavlna je celosv\u011btov\u011b proslul\u00e1 sv\u00fdmi extra dlouh\u00fdmi st\u0159i\u017eov\u00fdmi vl\u00e1kny, d\u00edky nim\u017e jsou tkaniny ve srovn\u00e1n\u00ed s b\u011b\u017enou bavlnou pevn\u011bj\u0161\u00ed, m\u011bk\u010d\u00ed a odoln\u011bj\u0161\u00ed. <\/p>\n<h4 data-start=\"1392\" data-end=\"1424\">Vynikaj\u00edc\u00ed absorpce vody<\/h4>\n<p data-start=\"1425\" data-end=\"1637\">Ka\u017ed\u00fd ru\u010dn\u00edk je navr\u017een tak, aby <strong data-start=\"1453\" data-end=\"1480\">rychle absorboval vlhkost<\/strong> a umo\u017enil v\u00e1m pohodln\u011b se osu\u0161it hned po spr\u0161e nebo plav\u00e1n\u00ed. Pokro\u010dil\u00e1 technika tkan\u00ed zaji\u0161\u0165uje maxim\u00e1ln\u00ed plochu pro rychl\u00e9 a \u00fa\u010dinn\u00e9 su\u0161en\u00ed.<\/p>\n<h4 data-start=\"1639\" data-end=\"1671\">\u017div\u00e1 a dlouhotrvaj\u00edc\u00ed barva<\/h4>\n<p data-start=\"1672\" data-end=\"1879\">Zapome\u0148te na matn\u00e9 ru\u010dn\u00edky, kter\u00e9 \u010dasem vyblednou. Sada ru\u010dn\u00edk\u016f Sigma vyu\u017e\u00edv\u00e1 <g id=\"gid_0\">pokro\u010dilou technologii dye-lock,<\/g> kter\u00e1 zachov\u00e1v\u00e1 \u017eiv\u00e9 a syt\u00e9 barvy pran\u00ed po pran\u00ed. Va\u0161e koupelna bude v\u017edy vypadat z\u00e1\u0159iv\u011b, \u010dist\u011b a p\u0159\u00edjemn\u011b.  <\/p>\n<h4 data-start=\"1881\" data-end=\"1917\">Velkorys\u00e1 velikost a praktick\u00e9 pou\u017eit\u00ed<\/h4>\n<p data-start=\"1918\" data-end=\"2114\">Ka\u017ed\u00fd ru\u010dn\u00edk o rozm\u011brech 55 x 110 cm nab\u00edz\u00ed dokonalou rovnov\u00e1hu mezi pln\u00fdm pokryt\u00edm a snadn\u00fdm pou\u017e\u00edv\u00e1n\u00edm. Jsou lehk\u00e9, ale dostate\u010dn\u011b siln\u00e9 pro luxusn\u00ed pocit, a proto jsou ide\u00e1ln\u00ed pro dom\u00e1cnost, l\u00e1zn\u011b, posilovnu nebo cestov\u00e1n\u00ed. <\/p>\n<h4 data-start=\"2116\" data-end=\"2143\">Kompletn\u00ed \u010dty\u0159d\u00edln\u00e1 sada<\/h4>\n<p data-start=\"2144\" data-end=\"2305\">V jedn\u00e9 kompaktn\u00ed sad\u011b dostanete v\u0161e, co pot\u0159ebujete &#8211; \u017e\u00e1dn\u00e9 nesourod\u00e9 kusy nebo hrub\u00e9 l\u00e1tky. Je to soudr\u017en\u00e1, vysoce kvalitn\u00ed sada, kter\u00e1 vypov\u00edd\u00e1 o eleganci a prakti\u010dnosti. <\/p>\n<h3 data-start=\"2312\" data-end=\"2355\">Pro\u010d si vybrat \u010dty\u0159d\u00edlnou sadu ru\u010dn\u00edk\u016f Sigma?<\/h3>\n<h4 data-start=\"2357\" data-end=\"2393\">Luxusn\u00ed m\u011bkkost, kter\u00e1 vydr\u017e\u00ed<\/h4>\n<p data-start=\"2394\" data-end=\"2564\">Egyptsk\u00e1 bavlna se \u010dasem st\u00e1v\u00e1 m\u011bk\u010d\u00ed, tak\u017ee ka\u017ed\u00e9 pou\u017eit\u00ed je lep\u0161\u00ed ne\u017e to p\u0159edchoz\u00ed. Tyto ru\u010dn\u00edky jsou ply\u0161ov\u00e9 a jemn\u00e9 k poko\u017ece &#8211; ide\u00e1ln\u00ed pro citlivou poko\u017eku a ka\u017edodenn\u00ed pou\u017e\u00edv\u00e1n\u00ed. <\/p>\n<h4 data-start=\"2566\" data-end=\"2603\">Rychl\u00e9 schnut\u00ed a snadn\u00e1 \u00fadr\u017eba<\/h4>\n<p data-start=\"2604\" data-end=\"2771\">Ru\u010dn\u00edky jsou navr\u017eeny pro ka\u017edodenn\u00ed pou\u017eit\u00ed, rychle schnou a odol\u00e1vaj\u00ed pl\u00edsn\u00edm. Lze je pr\u00e1t v pra\u010dce a snadno se udr\u017euj\u00ed, tak\u017ee jsou ide\u00e1ln\u00ed volbou pro modern\u00ed ru\u0161n\u00fd \u017eivotn\u00ed styl. <\/p>\n<h4 data-start=\"2773\" data-end=\"2811\">Trvanliv\u00e1 kvalita odoln\u00e1 proti vyblednut\u00ed<\/h4>\n<p data-start=\"2812\" data-end=\"2995\">D\u00edky prvot\u0159\u00eddn\u00edmu \u0159emesln\u00e9mu zpracov\u00e1n\u00ed a pevn\u00fdm vl\u00e1kn\u016fm <strong data-start=\"2880\" data-end=\"2909\">vydr\u017e\u00ed<\/strong> tyto ru\u010dn\u00edky <strong data-start=\"2880\" data-end=\"2909\">opakovan\u00e9 pran\u00ed<\/strong>, ani\u017e by ztratily sv\u016fj tvar, strukturu nebo barvu. Jsou konstruov\u00e1ny tak, aby fungovaly &#8211; a zap\u016fsobily.<\/p>\n<h3 data-start=\"3002\" data-end=\"3025\">Dokonal\u00fd n\u00e1pad na d\u00e1rek<\/h3>\n<p data-start=\"3026\" data-end=\"3253\">Hled\u00e1te d\u00e1rek, kter\u00fd je u\u017eite\u010dn\u00fd a elegantn\u00ed z\u00e1rove\u0148? Sada ru\u010dn\u00edk\u016f Sigma je vynikaj\u00edc\u00edm d\u00e1rkem ke svatb\u011b, v\u00fdro\u010d\u00ed, kolaudaci nebo narozenin\u00e1m. Je to promy\u0161len\u00fd a praktick\u00fd d\u00e1rek, kter\u00fd odr\u00e1\u017e\u00ed dobr\u00fd vkus a p\u00e9\u010di.  <\/p>\n<h3 data-start=\"3683\" data-end=\"3730\">Dodejte sv\u00e9mu domovu n\u00e1dech egyptsk\u00e9ho luxusu<\/h3>\n<p data-start=\"3732\" data-end=\"4019\"><strong data-start=\"3811\" data-end=\"3838\">\u010cty\u0159d\u00edln\u00e1 sada ru\u010dn\u00edk\u016f Sigma s<\/strong> mimo\u0159\u00e1dn\u011b m\u011bkkou strukturou, vysokou savost\u00ed a z\u00e1\u0159iv\u00fdmi barvami p\u0159in\u00e1\u0161\u00ed do va\u0161\u00ed koupelny maxim\u00e1ln\u00ed pohodl\u00ed a eleganci. A\u0165 u\u017e je to pro v\u00e1s nebo pro n\u011bkoho v\u00fdjime\u010dn\u00e9ho, tato sada je v\u00edc ne\u017e jen ru\u010dn\u00edky &#8211; je to ka\u017edodenn\u00ed luxus, kter\u00fd si budete u\u017e\u00edvat po mnoho let.<\/p>\n<p style=\"text-align: center;\">D\u011bkujeme za n\u00e1kupy na <em data-start=\"415\" data-end=\"431\"><a href=\"https:\/\/bazaar.express\/\">Bazaar Express<\/a><\/em> &#8211; Jsme r\u00e1di, \u017ee jste u n\u00e1s!<\/p>\n<p style=\"text-align: center;\">Od m\u011bkkosti a\u017e po pevnost &#8211; nic se nevyrovn\u00e1 <a href=\"\/?product_cat=cotton\">bavln\u011b Premium<\/a>.<\/p>\n","protected":false},"excerpt":{"rendered":"<h3 data-start=\"507\" data-end=\"794\">Zlep\u0161ete sv\u016fj z\u00e1\u017eitek z koupele d\u00edky \u010dty\u0159d\u00edln\u00e9 sad\u011b ru\u010dn\u00edk\u016f SIGMA ze 100% egyptsk\u00e9 bavlny. Tyto ru\u010dn\u00edky jsou navr\u017eeny s ohledem na m\u011bkkost, savost a odolnost a jsou ide\u00e1ln\u00ed pro dom\u00e1c\u00ed pou\u017eit\u00ed, l\u00e1ze\u0148sk\u00e9 dny nebo jako pozorn\u00fd d\u00e1rek. Ka\u017ed\u00fd ru\u010dn\u00edk m\u00e1 rozm\u011bry 55 x 110 cm pro pln\u00e9 pokryt\u00ed a ka\u017edodenn\u00ed pohodl\u00ed.  <\/h3>\n","protected":false},"featured_media":36224,"comment_status":"open","ping_status":"closed","template":"","meta":[],"product_brand":[],"product_cat":[831],"product_tag":[920],"class_list":{"0":"post-36223","1":"product","2":"type-product","3":"status-publish","4":"has-post-thumbnail","6":"product_cat-bavlna-premium","7":"product_tag-bavlna","9":"first","10":"instock","11":"shipping-taxable","12":"purchasable","13":"product-type-simple"},"_links":{"self":[{"href":"https:\/\/bazaar.express\/cs\/wp-json\/wp\/v2\/product\/36223","targetHints":{"allow":["GET"]}}],"collection":[{"href":"https:\/\/bazaar.express\/cs\/wp-json\/wp\/v2\/product"}],"about":[{"href":"https:\/\/bazaar.express\/cs\/wp-json\/wp\/v2\/types\/product"}],"replies":[{"embeddable":true,"href":"https:\/\/bazaar.express\/cs\/wp-json\/wp\/v2\/comments?post=36223"}],"wp:featuredmedia":[{"embeddable":true,"href":"https:\/\/bazaar.express\/cs\/wp-json\/wp\/v2\/media\/36224"}],"wp:attachment":[{"href":"https:\/\/bazaar.express\/cs\/wp-json\/wp\/v2\/media?parent=36223"}],"wp:term":[{"taxonomy":"product_brand","embeddable":true,"href":"https:\/\/bazaar.express\/cs\/wp-json\/wp\/v2\/product_brand?post=36223"},{"taxonomy":"product_cat","embeddable":true,"href":"https:\/\/bazaar.express\/cs\/wp-json\/wp\/v2\/product_cat?post=36223"},{"taxonomy":"product_tag","embeddable":true,"href":"https:\/\/bazaar.express\/cs\/wp-json\/wp\/v2\/product_tag?post=36223"}],"curies":[{"name":"wp","href":"https:\/\/api.w.org\/{rel}","templated":true}]}}