{"id":36228,"date":"2025-04-25T20:10:34","date_gmt":"2025-04-25T20:10:34","guid":{"rendered":"https:\/\/bazaar.express\/product\/egyptska-vlasova-magie\/"},"modified":"2025-04-25T20:10:34","modified_gmt":"2025-04-25T20:10:34","slug":"egyptska-vlasova-magie","status":"publish","type":"product","link":"https:\/\/bazaar.express\/cs\/produkt\/egyptska-vlasova-magie\/","title":{"rendered":"Egyptsk\u00e1 vlasov\u00e1 magie"},"content":{"rendered":"<h2 data-start=\"289\" data-end=\"379\">Egyptsk\u00e1 vlasov\u00e1 magie \u2013 Dokonal\u00e9 p\u0159\u00edrodn\u00ed \u0159e\u0161en\u00ed pro r\u016fst vlas\u016f a proti vypad\u00e1v\u00e1n\u00ed<\/h2>\n<p>125 | <\/p>\n<h3 data-start=\"381\" data-end=\"443\">Odhalte tajemstv\u00ed starov\u011bk\u00e9ho Egypta pro rychlej\u0161\u00ed r\u016fst vlas\u016f<\/h3>\n<p>126 | <\/p>\n<p data-start=\"445\" data-end=\"730\">Stalet\u00edmi se Egyp\u0165an\u00e9 spol\u00e9hali na nejlep\u0161\u00ed p\u0159\u00edrodn\u00ed oleje, aby dos\u00e1hli z\u00e1vid\u011bn\u00edhodn\u011b siln\u00fdch, dlouh\u00fdch a z\u00e1\u0159iv\u00fdch vlas\u016f. <strong data-start=\"558\" data-end=\"589\">Egyptsk\u00e1 vlasov\u00e1 magie<\/strong> o\u017eivuje tuto starov\u011bkou moudrost v modern\u00ed formuli navr\u017een\u00e9 tak, aby zastavila vypad\u00e1v\u00e1n\u00ed vlas\u016f, podpo\u0159ila <strong data-start=\"672\" data-end=\"687\">r\u016fst vlas\u016f<\/strong> a obnovila zdrav\u00ed poko\u017eky hlavy \u2013 v\u0161echno p\u0159irozen\u011b.<\/p>\n<p>127 | <\/p>\n<p data-start=\"732\" data-end=\"960\">Tato \u00fa\u010dinn\u00e1 dvoufunk\u010dn\u00ed l\u00e9\u010dba vlas\u016f kombinuje revitaliza\u010dn\u00ed s\u00edlu <strong data-start=\"805\" data-end=\"823\">Tnerh Hair Oil<\/strong> a follicle-stimuluj\u00edc\u00ed s\u00edlu <strong data-start=\"865\" data-end=\"889\">NAKAA Hair Oil Blend<\/strong>, \u010d\u00edm\u017e vytv\u00e1\u0159\u00ed synergick\u00e9 \u0159e\u0161en\u00ed, kter\u00e9 d\u011bl\u00e1 z\u00e1zraky na v\u0161ech typech vlas\u016f.<\/p>\n<p>128 |<br \/>\n129 | <\/p>\n<h3 data-start=\"967\" data-end=\"1020\">Pro\u010d je Egyptsk\u00e1 vlasov\u00e1 magie revolu\u010dn\u00ed<\/h3>\n<p>130 | <\/p>\n<p data-start=\"1022\" data-end=\"1382\">\u2714 <strong data-start=\"1024\" data-end=\"1063\">Starov\u011bk\u00e1 formule, modern\u00ed v\u00fdsledky<\/strong> \u2013 Inspirov\u00e1no tradi\u010dn\u00edmi egyptsk\u00fdmi ritu\u00e1ly p\u00e9\u010de o vlasy pou\u017e\u00edvan\u00fdmi kr\u00e1lovskou rodinou<br data-start=\"1127\" data-end=\"1130\" \/>\u2714 <strong data-start=\"1132\" data-end=\"1153\">Dvoufunk\u010dn\u00ed s\u00edla<\/strong> \u2013 Bojuje proti \u0159\u00eddnut\u00ed vlas\u016f, roz\u0161t\u011bpen\u00fdm kone\u010dk\u016fm, lup\u016fm a suchosti<br data-start=\"1212\" data-end=\"1215\" \/>\u2714 <strong data-start=\"1217\" data-end=\"1250\">V\u00fdhradn\u011b p\u0159\u00edrodn\u00ed chladn\u011b lisovan\u00e9 oleje<\/strong> \u2013 Bez chemik\u00e1li\u00ed, paraben\u016f nebo s\u00edran\u016f<br data-start=\"1288\" data-end=\"1291\" \/>\u2714 <strong data-start=\"1293\" data-end=\"1320\">Viditeln\u00e9 v\u00fdsledky b\u011bhem dn\u00ed<\/strong> \u2013 Sni\u017euje vypad\u00e1v\u00e1n\u00ed vlas\u016f a stimuluje r\u016fst ji\u017e od prvn\u00edho t\u00fddne<\/p>\n<p>131 |<br \/>\n132 | <\/p>\n<h3 data-start=\"1389\" data-end=\"1438\">Hlubok\u00e9 v\u00fd\u017eivov\u00e1n\u00ed s Tnerh Hair Oil \u2013 120 ml<\/h3>\n<p>133 | <\/p>\n<p data-start=\"1440\" data-end=\"1510\">Tato sm\u011bs olej\u016f se zam\u011b\u0159uje na <strong data-start=\"1466\" data-end=\"1502\">s\u00edlu vlas\u016f a hlubokou hydrataci<\/strong> pomoc\u00ed:<\/p>\n<p>134 |<br \/>\n135 | <\/p>\n<ul data-start=\"1512\" data-end=\"1801\">\n136 |  \t<\/p>\n<li data-start=\"1512\" data-end=\"1571\">\n137 | <\/p>\n<p data-start=\"1514\" data-end=\"1571\"><strong data-start=\"1514\" data-end=\"1528\">Jojobov\u00fd olej<\/strong>: Reguluje mazivost poko\u017eky hlavy a dod\u00e1v\u00e1 vlhkost<\/p>\n<p>138 | <\/li>\n<p>139 |  \t<\/p>\n<li data-start=\"1572\" data-end=\"1617\">\n140 | <\/p>\n<p data-start=\"1574\" data-end=\"1617\"><strong data-start=\"1574\" data-end=\"1589\">Kokosov\u00fd olej<\/strong>: Oprav\u00ed po\u0161kozen\u00e9 kutikuly<\/p>\n<p>141 | <\/li>\n<p>142 |  \t<\/p>\n<li data-start=\"1618\" data-end=\"1688\">\n143 | <\/p>\n<p data-start=\"1620\" data-end=\"1688\"><strong data-start=\"1620\" data-end=\"1634\">Ric\u00ednov\u00fd olej<\/strong>: Bohat\u00fd na kyselinu ricinoleovou, posiluje odolnost vlas\u016f<\/p>\n<p>144 | <\/li>\n<p>145 |  \t<\/p>\n<li data-start=\"1689\" data-end=\"1748\">\n146 | <\/p>\n<p data-start=\"1691\" data-end=\"1748\"><strong data-start=\"1691\" data-end=\"1705\">Sezamov\u00fd olej<\/strong>: P\u0159\u00edrodn\u00ed SPF pro vlasy proti po\u0161kozen\u00ed sluncem<\/p>\n<p>147 | <\/li>\n<p>148 |  \t<\/p>\n<li data-start=\"1749\" data-end=\"1801\">\n149 | <\/p>\n<p data-start=\"1751\" data-end=\"1801\"><strong data-start=\"1751\" data-end=\"1766\">Ho\u0159\u010di\u010dn\u00fd olej<\/strong>: Zlep\u0161uje krevn\u00ed ob\u011bh u ko\u0159en\u016f vlas\u016f<\/p>\n<p>150 | <\/li>\n<p>151 | <\/ul>\n<p>152 | <\/p>\n<p data-start=\"1803\" data-end=\"1910\">Tato jedine\u010dn\u00e1 kombinace posiluje ka\u017ed\u00fd vlas, sni\u017euje roz\u0161t\u011bpen\u00e9 kone\u010dky a zanech\u00e1v\u00e1 vlasy leskl\u00e9, m\u011bkk\u00e9 a hladk\u00e9.<\/p>\n<p>153 |<br \/>\n154 | <\/p>\n<h3 data-start=\"1917\" data-end=\"1972\">Intenzivn\u00ed podpora r\u016fstu s NAKAA Hair Oil \u2013 100 ml<\/h3>\n<p>155 | <\/p>\n<p data-start=\"1974\" data-end=\"2041\">Aktiv\u00e1tor r\u016fstu v t\u00e9to formuli je v\u00fdkonn\u00e1 sm\u011bs NAKAA:<\/p>\n<p>156 |<br \/>\n157 | <\/p>\n<ul data-start=\"2043\" data-end=\"2292\">\n158 |  \t<\/p>\n<li data-start=\"2043\" data-end=\"2099\">\n159 | <\/p>\n<p data-start=\"2045\" data-end=\"2099\"><strong data-start=\"2045\" data-end=\"2059\">Mandleov\u00fd olej<\/strong>: Vy\u017eivuje a zjem\u0148uje vlasovou osu<\/p>\n<p>160 | <\/li>\n<p>161 |  \t<\/p>\n<li data-start=\"2100\" data-end=\"2154\">\n162 | <\/p>\n<p data-start=\"2102\" data-end=\"2154\"><strong data-start=\"2102\" data-end=\"2116\">Ric\u00ednov\u00fd olej<\/strong>: Podporuje <strong data-start=\"2125\" data-end=\"2140\">r\u016fst vlas\u016f<\/strong> a hustotu<\/p>\n<p>163 | <\/li>\n<p>164 |  \t<\/p>\n<li data-start=\"2155\" data-end=\"2221\">\n165 | <\/p>\n<p data-start=\"2157\" data-end=\"2221\"><strong data-start=\"2157\" data-end=\"2171\">Jojobov\u00fd olej<\/strong>: Napodobuje p\u0159irozen\u00fd olej poko\u017eky hlavy pro hlub\u0161\u00ed vst\u0159eb\u00e1v\u00e1n\u00ed<\/p>\n<p>166 | <\/li>\n<p>167 |  \t<\/p>\n<li data-start=\"2222\" data-end=\"2292\">\n168 | <\/p>\n<p data-start=\"2224\" data-end=\"2292\"><strong data-start=\"2224\" data-end=\"2248\">Rukolov\u00fd olej (Ruqola)<\/strong>: Stimuluje slab\u00e9 nebo neaktivn\u00ed vlasov\u00e9 folikuly<\/p>\n<p>169 | <\/li>\n<p>170 | <\/ul>\n<p>171 | <\/p>\n<p data-start=\"2294\" data-end=\"2409\">Tento olej c\u00edl\u00ed na \u0159\u00eddnut\u00ed vlas\u016f u ko\u0159ene a pom\u00e1h\u00e1 <strong data-start=\"2349\" data-end=\"2382\">sn\u00ed\u017eit vypad\u00e1v\u00e1n\u00ed vlas\u016f a\u017e o 78 %<\/strong>, podle u\u017eivatel\u016f v testech.<\/p>\n<p>172 |<br \/>\n173 | <\/p>\n<h3 data-start=\"2416\" data-end=\"2453\">Vid\u00edte skute\u010dn\u00e9 v\u00fdsledky ji\u017e za t\u00fdden<\/h3>\n<p>174 | <\/p>\n<ul data-start=\"2455\" data-end=\"2631\">\n175 |  \t<\/p>\n<li data-start=\"2455\" data-end=\"2518\">\n176 | <\/p>\n<p data-start=\"2457\" data-end=\"2518\"><strong data-start=\"2457\" data-end=\"2468\">3.\u20137. den<\/strong>: M\u00e9n\u011b vypad\u00e1vaj\u00edc\u00edch vlas\u016f v kart\u00e1\u010di a na pol\u0161t\u00e1\u0159i<\/p>\n<p>177 | <\/li>\n<p>178 |  \t<\/p>\n<li data-start=\"2519\" data-end=\"2565\">\n179 | <\/p>\n<p data-start=\"2521\" data-end=\"2565\"><strong data-start=\"2521\" data-end=\"2531\">2. t\u00fdden<\/strong>: Nov\u00e9 jemn\u00e1 vlasy za\u010d\u00ednaj\u00ed ra\u0159it<\/p>\n<p>180 | <\/li>\n<p>181 |  \t<\/p>\n<li data-start=\"2566\" data-end=\"2631\">\n182 | <\/p>\n<p data-start=\"2568\" data-end=\"2631\"><strong data-start=\"2568\" data-end=\"2578\">4. t\u00fdden<\/strong>: Viditeln\u011b siln\u011bj\u0161\u00ed, del\u0161\u00ed a zdrav\u011bj\u0161\u00ed vlasy<\/p>\n<p>183 | <\/li>\n<p>184 | <\/ul>\n<p>185 | <\/p>\n<p data-start=\"2633\" data-end=\"2760\">Pravideln\u00e9 pou\u017e\u00edv\u00e1n\u00ed nejen <strong data-start=\"2662\" data-end=\"2688\">urychl\u00ed r\u016fst vlas\u016f<\/strong>, ale tak\u00e9 obnov\u00ed ztracen\u00fd objem, oprav\u00ed l\u00e1mavost a pos\u00edl\u00ed zdrav\u00ed poko\u017eky hlavy.<\/p>\n<p>186 |<br \/>\n187 | <\/p>\n<h3 data-start=\"2767\" data-end=\"2810\">Jak pou\u017e\u00edvat toto p\u0159\u00edrodn\u00ed duo pro r\u016fst vlas\u016f<\/h3>\n<p>188 | <\/p>\n<h4 data-start=\"2812\" data-end=\"2836\">Pro maxim\u00e1ln\u00ed r\u016fst:<\/h4>\n<p>189 | <\/p>\n<ul data-start=\"2837\" data-end=\"2991\">\n190 |  \t<\/p>\n<li data-start=\"2837\" data-end=\"2864\">\n191 | <\/p>\n<p data-start=\"2839\" data-end=\"2864\">Sm\u00edchejte 3 kapky ka\u017ed\u00e9ho oleje<\/p>\n<p>192 | <\/li>\n<p>193 |  \t<\/p>\n<li data-start=\"2865\" data-end=\"2882\">\n194 | <\/p>\n<p data-start=\"2867\" data-end=\"2882\">Lehce oh\u0159ejte<\/p>\n<p>195 | <\/li>\n<p>196 |  \t<\/p>\n<li data-start=\"2883\" data-end=\"2932\">\n197 | <\/p>\n<p data-start=\"2885\" data-end=\"2932\">Hloubkov\u011b mas\u00edrujte do poko\u017eky hlavy 5\u20137 minut<\/p>\n<p>198 | <\/li>\n<p>199 |  \t<\/p>\n<li data-start=\"2933\" data-end=\"2991\">\n200 | <\/p>\n<p data-start=\"2935\" data-end=\"2991\">Nechte p\u016fsobit p\u0159es noc a r\u00e1no umyjte (3x t\u00fddn\u011b)<\/p>\n<p>201 | <\/li>\n<p>202 | <\/ul>\n<p>203 | <\/p>\n<h4 data-start=\"2993\" data-end=\"3017\">Pro denn\u00ed s\u00edlu:<\/h4>\n<p>204 | <\/p>\n<ul data-start=\"3018\" data-end=\"3115\">\n205 |  \t<\/p>\n<li data-start=\"3018\" data-end=\"3054\">\n206 | <\/p>\n<p data-start=\"3020\" data-end=\"3054\">R\u00e1no pou\u017eijte <strong data-start=\"3024\" data-end=\"3037\">NAKAA Oil<\/strong><\/p>\n<p>207 | <\/li>\n<p>208 |  \t<\/p>\n<li data-start=\"3055\" data-end=\"3115\">\n209 | <\/p>\n<p data-start=\"3057\" data-end=\"3115\">Ve\u010der aplikujte <strong data-start=\"3063\" data-end=\"3076\">Tnerh Oil<\/strong> jako leave-in l\u00e9\u010dbu poko\u017eky hlavy<\/p>\n<p>210 | <\/li>\n<p>211 | <\/ul>\n<p>212 | <\/p>\n<h3 data-start=\"3122\" data-end=\"3157\">Co d\u011bl\u00e1 tento produkt jedine\u010dn\u00fdm?<\/h3>\n<p>213 | <\/p>\n<ul data-start=\"3159\" data-end=\"3489\">\n214 |  \t<\/p>\n<li data-start=\"3159\" data-end=\"3234\">\n215 | <\/p>\n<p data-start=\"3161\" data-end=\"3234\"><strong data-start=\"3164\" data-end=\"3181\">Vyrobeno v Egypt\u011b<\/strong> \u2013 S hrdost\u00ed zpracov\u00e1no odborn\u00fdmi egyptsk\u00fdmi bylink\u00e1\u0159i<\/p>\n<p>216 | <\/li>\n<p>217 |  \t<\/p>\n<li data-start=\"3235\" data-end=\"3307\">\n218 | <\/p>\n<p data-start=\"3237\" data-end=\"3307\"><strong data-start=\"3240\" data-end=\"3254\">N\u00e1zev zna\u010dky<\/strong>: <strong data-start=\"3256\" data-end=\"3265\">Lotus<\/strong>, symbol p\u0159\u00edrodn\u00ed \u010distoty a znovuzrozen\u00ed<\/p>\n<p>219 | <\/li>\n<p>220 |  \t<\/p>\n<li data-start=\"3308\" data-end=\"3348\">\n221 | <\/p>\n<p data-start=\"3310\" data-end=\"3348\"><strong data-start=\"3313\" data-end=\"3346\">100% organick\u00e9 a chladn\u011b lisovan\u00e9<\/strong><\/p>\n<p>222 | <\/li>\n<p>223 |  \t<\/p>\n<li data-start=\"3349\" data-end=\"3396\">\n224 | <\/p>\n<p data-start=\"3351\" data-end=\"3396\"><strong data-start=\"3354\" data-end=\"3394\">Inspirov\u00e1no klinicky, ov\u011b\u0159eno tradic\u00ed<\/strong><\/p>\n<p>225 | <\/li>\n<p>226 |  \t<\/p>\n<li data-start=\"3397\" data-end=\"3489\">\n227 | <\/p>\n<p data-start=\"3399\" data-end=\"3489\"><strong data-start=\"3402\" data-end=\"3426\">Z\u00e1ruka vr\u00e1cen\u00ed pen\u011bz<\/strong> \u2013 Pokud nebudete ohromeni do 30 dn\u016f, m\u00e1me v\u00e1s kryt\u00e9<\/p>\n<p>228 | <\/li>\n<p>229 | <\/ul>\n<p>230 | <\/p>\n<h3 data-start=\"3496\" data-end=\"3528\">Va\u0161e sada pro p\u00e9\u010di o vlasy obsahuje:<\/h3>\n<p>231 | <\/p>\n<ul data-start=\"3530\" data-end=\"3599\">\n232 |  \t<\/p>\n<li data-start=\"3530\" data-end=\"3565\">\n233 | <\/p>\n<p data-start=\"3532\" data-end=\"3565\">1 \u00d7 <strong data-start=\"3536\" data-end=\"3554\">Tnerh Hair Oil<\/strong> (120 ml)<\/p>\n<p>234 | <\/li>\n<p>235 |  \t<\/p>\n<li data-start=\"3566\" data-end=\"3599\">\n236 | <\/p>\n<p data-start=\"3568\" data-end=\"3599\">1 \u00d7 <strong data-start=\"3572\" data-end=\"3590\">NAKAA Hair Oil<\/strong> (100 ml)<\/p>\n<p>237 | <\/li>\n<p>238 | <\/ul>\n<p>239 | <\/p>\n<p data-start=\"3601\" data-end=\"3737\">Ka\u017ed\u00e1 l\u00e1hev je napln\u011bna nej\u010dist\u0161\u00edmi oleji, sm\u00edchan\u00fdmi tak, aby spole\u010dn\u011b p\u0159inesly dramatick\u00e9 zlep\u0161en\u00ed <strong data-start=\"3700\" data-end=\"3715\">r\u016fstu vlas\u016f<\/strong>, lesku a s\u00edly.<\/p>\n<p>240 |<br \/>\n241 | <\/p>\n<h3 data-start=\"4053\" data-end=\"4098\">Z\u00e1v\u011bre\u010dn\u00e9 my\u0161lenky: Nechte p\u0159\u00edrodu p\u016fsobit svou magii<\/h3>\n<p>242 | <\/p>\n<p data-start=\"4100\" data-end=\"4370\"><strong data-start=\"4104\" data-end=\"4135\">Egyptsk\u00e1 vlasov\u00e1 magie<\/strong> je v\u00edce ne\u017e jen produkt na vlasy \u2013 je to n\u00e1vrat k nad\u010dasov\u00e9mu p\u0159\u00edrodn\u00edmu l\u00e9ku. Navr\u017eeno tak, aby vy\u017eivovalo poko\u017eku hlavy, stimulovalo aktivitu folikul\u016f a podporovalo viditeln\u00fd <strong data-start=\"4289\" data-end=\"4304\">r\u016fst vlas\u016f<\/strong>, je va\u0161\u00edm nejlep\u0161\u00edm spojencem v boji proti \u0159\u00eddnut\u00ed a l\u00e1mavosti.<\/p>\n<p>243 | <\/p>\n<p data-start=\"4372\" data-end=\"4466\">Vyzkou\u0161ejte to 7 dn\u00ed a za\u017eijte, co mohou p\u0159\u00edrodn\u00ed oleje a starov\u011bk\u00e1 tradice ud\u011blat pro va\u0161e vlasy.<\/p>\n<p>244 | <\/p>\n<p data-start=\"4468\" data-end=\"4553\"><strong data-start=\"4468\" data-end=\"4553\">Nyn\u00ed dostupn\u00e9 v BAZAAR EXPRESS \u2013 Proto\u017ee va\u0161e vlasy si zaslou\u017e\u00ed kr\u00e1lovskou p\u00e9\u010di.<\/strong><\/p>\n<p>245 | <\/p>\n<p style=\"text-align: center;\">D\u011bkujeme za n\u00e1kup v <em data-start=\"415\" data-end=\"431\"><a href=\"https:\/\/bazaar.express\/\">Bazaar Express<\/a><\/em> \u2013 jsme nad\u0161en\u00ed, \u017ee jste s n\u00e1mi!<\/p>\n<p>246 | <\/p>\n<p style=\"text-align: center;\">Va\u0161e cesta k lep\u0161\u00ed p\u00e9\u010di o sebe za\u010d\u00edn\u00e1 zde \u2013 s <a href=\"https:\/\/bazaar.express\/product-category\/beauty-care\/\">Beauty &#038; Care<\/a>, kter\u00e9 si m\u016f\u017eete v\u011b\u0159it.<\/p>\n","protected":false},"excerpt":{"rendered":"<h3>Za\u017eijte s\u00edlu starov\u011bk\u00fdch egyptsk\u00fdch kr\u00e1\u0161lovsk\u00fdch tajemstv\u00ed s Egyptskou vlasovou magi\u00ed. Tento pr\u00e9miov\u00fd dvouolejov\u00fd syst\u00e9m (Tnerh &#038; NAKAA) je navr\u017een tak, aby zastavil vypad\u00e1v\u00e1n\u00ed vlas\u016f, podpo\u0159il rychlej\u0161\u00ed r\u016fst a hluboce vy\u017eivil poko\u017eku hlavy. Vyrobeno z chladn\u011b lisovan\u00fdch olej\u016f v Egypt\u011b zna\u010dkou Lotus, je ide\u00e1ln\u00ed pro v\u0161echny typy vlas\u016f a p\u0159in\u00e1\u0161\u00ed viditeln\u00e9 v\u00fdsledky ji\u017e za 7 dn\u00ed.<\/h3>\n","protected":false},"featured_media":36234,"comment_status":"open","ping_status":"closed","template":"","meta":[],"product_brand":[],"product_cat":[786,927,787,788,789],"product_tag":[781,790,783,793],"class_list":{"0":"post-36228","1":"product","2":"type-product","3":"status-publish","4":"has-post-thumbnail","6":"product_cat-pece-o-krasu","7":"product_cat-nakaa-prirodni-oleje","8":"product_cat-terapeuticke-oleje","9":"product_cat-to-nejlepsi-z-egypta","10":"product_cat-horke-nabidky","11":"product_tag-olej","12":"product_tag-pece-o-krasu","13":"product_tag-pece-o-plet","14":"product_tag-prirodni-olej","16":"first","17":"instock","18":"sale","19":"shipping-taxable","20":"purchasable","21":"product-type-simple"},"_links":{"self":[{"href":"https:\/\/bazaar.express\/cs\/wp-json\/wp\/v2\/product\/36228","targetHints":{"allow":["GET"]}}],"collection":[{"href":"https:\/\/bazaar.express\/cs\/wp-json\/wp\/v2\/product"}],"about":[{"href":"https:\/\/bazaar.express\/cs\/wp-json\/wp\/v2\/types\/product"}],"replies":[{"embeddable":true,"href":"https:\/\/bazaar.express\/cs\/wp-json\/wp\/v2\/comments?post=36228"}],"wp:featuredmedia":[{"embeddable":true,"href":"https:\/\/bazaar.express\/cs\/wp-json\/wp\/v2\/media\/36234"}],"wp:attachment":[{"href":"https:\/\/bazaar.express\/cs\/wp-json\/wp\/v2\/media?parent=36228"}],"wp:term":[{"taxonomy":"product_brand","embeddable":true,"href":"https:\/\/bazaar.express\/cs\/wp-json\/wp\/v2\/product_brand?post=36228"},{"taxonomy":"product_cat","embeddable":true,"href":"https:\/\/bazaar.express\/cs\/wp-json\/wp\/v2\/product_cat?post=36228"},{"taxonomy":"product_tag","embeddable":true,"href":"https:\/\/bazaar.express\/cs\/wp-json\/wp\/v2\/product_tag?post=36228"}],"curies":[{"name":"wp","href":"https:\/\/api.w.org\/{rel}","templated":true}]}}