{"id":36246,"date":"2025-01-20T18:21:26","date_gmt":"2025-01-20T18:21:26","guid":{"rendered":"https:\/\/bazaar.express\/product\/bio-olej-z-liskovych-orechu\/"},"modified":"2025-01-20T18:21:26","modified_gmt":"2025-01-20T18:21:26","slug":"bio-olej-z-liskovych-orechu","status":"publish","type":"product","link":"https:\/\/bazaar.express\/cs\/produkt\/bio-olej-z-liskovych-orechu\/","title":{"rendered":"Bio olej z l\u00edskov\u00fdch o\u0159ech\u016f"},"content":{"rendered":"<h2 data-pm-slice=\"1 1 []\">Bio olej z l\u00edskov\u00fdch o\u0159ech\u016f \u2013 El-Baraka: P\u0159\u00edrodn\u00ed \u0159e\u0161en\u00ed pro va\u0161i ple\u0165, vlasy a zdrav\u00ed<\/h2>\n<h3>Objevte, jak bio olej z l\u00edskov\u00fdch o\u0159ech\u016f posiluje wellness a kr\u00e1su<\/h3>\n<p>Bio olej z l\u00edskov\u00fdch o\u0159ech\u016f od El-Baraka nab\u00edz\u00ed \u0161pi\u010dkov\u00fd \u010dist\u00fd olej z\u00edskan\u00fd lisov\u00e1n\u00edm za studena, d\u00edky \u010demu\u017e si zachov\u00e1v\u00e1 v\u0161echny sv\u00e9 \u017eiviny. Tento pr\u00e9miov\u00fd olej obsahuje kl\u00ed\u010dov\u00e9 aminokyseliny, vitam\u00edny a miner\u00e1ly, kter\u00e9 ho \u010din\u00ed siln\u00fdm spojencem v ka\u017edodenn\u00ed p\u00e9\u010di o wellness a sebepe\u010dlivost.<\/p>\n<h3>Co odli\u0161uje bio olej z l\u00edskov\u00fdch o\u0159ech\u016f od El-Baraka?<\/h3>\n<p>\u010cist\u00fd, vysoce kvalitn\u00ed a univerz\u00e1ln\u00ed \u2013 olej z l\u00edskov\u00fdch o\u0159ech\u016f od El-Baraka poch\u00e1z\u00ed z organick\u00fdch zdroj\u016f a neobsahuje \u017e\u00e1dn\u00e9 p\u0159\u00edsady, konzervanty ani \u0161kodliv\u00e9 chemik\u00e1lie. Tento olej poskytuje bezpe\u010dn\u00fd, p\u0159\u00edrodn\u00ed a efektivn\u00ed zp\u016fsob p\u00e9\u010de o ple\u0165, v\u00fd\u017eivy vlas\u016f a zlep\u0161en\u00ed celkov\u00e9ho zdrav\u00ed.<\/p>\n<h3>Ud\u011bl\u00e1 ple\u0165 mladistv\u011bj\u0161\u00ed a zdrav\u011bj\u0161\u00ed<\/h3>\n<p>Olej z l\u00edskov\u00fdch o\u0159ech\u016f je bohat\u00fd na vitam\u00edn E a antioxidanty, kter\u00e9 pom\u00e1haj\u00ed udr\u017eet ple\u0165 pevnou, z\u00e1\u0159ivou a mladistvou. Sni\u017euje vzhled jemn\u00fdch vr\u00e1sek, vr\u00e1sek a tmav\u00fdch skvrn, podporuje tvorbu kolagenu a zvy\u0161uje elasticitu pleti. Tento jemn\u00fd zvlh\u010duj\u00edc\u00ed olej zanech\u00e1v\u00e1 ple\u0165 sv\u011b\u017e\u00ed z\u00e1\u0159\u00ed a hebk\u00fd pocit.<\/p>\n<h3>Posiluje vlasy a dod\u00e1v\u00e1 jim lesk<\/h3>\n<p>Chcete lesklej\u0161\u00ed a zdrav\u011bj\u0161\u00ed vlasy? Olej z l\u00edskov\u00fdch o\u0159ech\u016f vy\u017eivuje poko\u017eku hlavy, posiluje ko\u0159eny vlas\u016f a sni\u017euje vypad\u00e1v\u00e1n\u00ed vlas\u016f. Jeho mastn\u00e9 kyseliny a vitam\u00edny o\u017eivuj\u00ed unaven\u00e9 vlasy, uklid\u0148uj\u00ed sv\u011bdivou poko\u017eku hlavy a vracej\u00ed vlas\u016fm p\u0159irozen\u00fd lesk. Pro nejlep\u0161\u00ed v\u00fdsledky ho pou\u017eijte k kondicionov\u00e1n\u00ed vlas\u016f nebo vmas\u00edrujte do poko\u017eky hlavy.<\/p>\n<h3>Posiluje obranyschopnost t\u011bla<\/h3>\n<p>Konuzmpce bio oleje z l\u00edskov\u00fdch o\u0159ech\u016f od El-Baraka posiluje imunitn\u00ed syst\u00e9m kl\u00ed\u010dov\u00fdmi vitam\u00edny a antioxidanty. Pom\u00e1h\u00e1 t\u011blu bojovat proti \u0161kodliv\u00fdm l\u00e1tk\u00e1m a z\u00e1n\u011bt\u016fm, chr\u00e1n\u00ed p\u0159ed dlouhodob\u00fdmi onemocn\u011bn\u00edmi a udr\u017euje celkov\u00e9 zdrav\u00ed.<\/p>\n<h3>Bohat\u00fd na d\u016fle\u017eit\u00e9 \u017eiviny<\/h3>\n<p>Pln\u00fd ho\u0159\u010d\u00edku, v\u00e1pn\u00edku, \u017eeleza, zinku, fosforu a kobaltu, tento olej ovliv\u0148uje pevn\u00e9 kosti, spr\u00e1vnou funkci nerv\u016f, lep\u0161\u00ed krevn\u00ed ob\u011bh a zdrav\u011bj\u0161\u00ed t\u011blo. Spolu s dobr\u00fdmi tuky a antioxidanty je olej z l\u00edskov\u00fdch o\u0159ech\u016f moudrou volbou pro ka\u017edodenn\u00ed zdrav\u00ed.<\/p>\n<h3>Univerz\u00e1ln\u00ed \u2013 Od p\u00e9\u010de o ple\u0165 po pou\u017eit\u00ed v kuchyni<\/h3>\n<p>Bio olej z l\u00edskov\u00fdch o\u0159ech\u016f od El-Baraka slou\u017e\u00ed nejen k p\u00e9\u010di o ple\u0165. M\u00e1 skv\u011blou chu\u0165 a vy\u017eivuje, kdy\u017e ho p\u0159id\u00e1te do j\u00eddel. Pokapejte ho na sal\u00e1ty, va\u0159en\u00e9 zeleninu nebo do smoothie, abyste si u\u017eili o\u0159\u00ed\u0161kovou chu\u0165 a zdravotn\u00ed v\u00fdhody. Podporuje tr\u00e1ven\u00ed, zdrav\u00ed srdce a mozkovou funkci.<\/p>\n<h3>Lisov\u00e1n za studena pro zachov\u00e1n\u00ed \u010distoty<\/h3>\n<p>N\u00e1\u0161 olej lisujeme za studena bez tepla nebo chemik\u00e1li\u00ed. T\u00edm se zachovaj\u00ed v\u0161echny p\u0159\u00edrodn\u00ed \u017eiviny a v\u00fdhody. Z\u00edsk\u00e1te \u0161pi\u010dkov\u00fd olej pln\u00fd p\u0159\u00edrodn\u00ed dobroty pro v\u00fd\u017eivu pleti, vlas\u016f a t\u011bla.<\/p>\n<h3>Slo\u017een\u00ed:<\/h3>\n<ul>\n<li>100% Lisovan\u00fd za studena bio olej z l\u00edskov\u00fdch o\u0159ech\u016f<\/li>\n<\/ul>\n<h3>Jak pou\u017e\u00edt:<\/h3>\n<ul>\n<li><strong>Pro ple\u0165:<\/strong> Naneste n\u011bkolik kapek na \u010distou ple\u0165. Vmas\u00edrujte pro zvlh\u010den\u00ed, uklidn\u011bn\u00ed a boj proti zn\u00e1mk\u00e1m st\u00e1rnut\u00ed.<\/li>\n<li><strong>Pro vlasy:<\/strong> Vmas\u00edrujte do poko\u017eky hlavy nebo naneste na kone\u010dky. Nechte p\u016fsobit 30 minut a opl\u00e1chn\u011bte pro m\u011bkk\u00e9, leskl\u00e9 a o\u017eiven\u00e9 vlasy.<\/li>\n<li><strong>Jako potravinov\u00fd dopln\u011bk:<\/strong> Sm\u00edchejte l\u017ei\u010dku do sal\u00e1t\u016f, smoothie nebo va\u0159en\u00fdch j\u00eddel, abyste si vychutnali o\u0159\u00ed\u0161kovou chu\u0165 a z\u00edskali zdravotn\u00ed v\u00fdhody.<\/li>\n<\/ul>\n<h3>Pro\u010d za\u0159adit bio olej z l\u00edskov\u00fdch o\u0159ech\u016f od El-Baraka do ka\u017edodenn\u00ed rutiny?<\/h3>\n<ul>\n<li>100% Bio a bez chemik\u00e1li\u00ed<\/li>\n<li>Ide\u00e1ln\u00ed pro ple\u0165, vlasy a vnit\u0159n\u00ed konzumaci<\/li>\n<li>Pln\u00fd vitam\u00edn\u016f, aminokyselin a miner\u00e1l\u016f<\/li>\n<li>Lisov\u00e1n za studena pro zaji\u0161t\u011bn\u00ed \u0161pi\u010dkov\u00e9 kvality<\/li>\n<\/ul>\n<h3>Za\u0159a\u010fte bio olej z l\u00edskov\u00fdch o\u0159ech\u016f od El-Baraka do sv\u00e9 ka\u017edodenn\u00ed rutiny<\/h3>\n<p>Bio olej z l\u00edskov\u00fdch o\u0159ech\u016f od El-Baraka nab\u00edz\u00ed komplexn\u00ed p\u0159\u00edrodn\u00ed \u0159e\u0161en\u00ed pro lep\u0161\u00ed ple\u0165, siln\u011bj\u0161\u00ed vlasy a zdrav\u011bj\u0161\u00ed t\u011blo. P\u0159idejte ho do sv\u00e9 p\u00e9\u010de o sebe a stravy a uvid\u00edte, jak v\u00e1m p\u0159\u00edroda prosp\u00edv\u00e1 s ka\u017edou kapkou.<\/p>\n<p><strong>Vyzkou\u0161ejte ho je\u0161t\u011b dnes a v\u0161imn\u011bte si zm\u011bn zevnit\u0159 i zven\u010d\u00ed!<\/strong><\/p>\n<p>&nbsp;<\/p>\n<p style=\"text-align: center;\">D\u011bkujeme za n\u00e1kup v <em data-start=\"415\" data-end=\"431\"><a href=\"https:\/\/bazaar.express\/\">Bazaar Express<\/a><\/em> \u2013 jsme nad\u0161en\u00ed, \u017ee jste u n\u00e1s!<\/p>\n<p style=\"text-align: center;\">C\u00edt\u00edte s\u00edlu p\u0159\u00edrody \u2013 \u010dist\u00e9 <a href=\"\/?p=34484\">Terapeutick\u00e9 oleje<\/a> pro ka\u017edodenn\u00ed wellness.<\/p>\n","protected":false},"excerpt":{"rendered":"<h3 data-start=\"394\" data-end=\"646\">Bio olej z l\u00edskov\u00fdch o\u0159ech\u016f od El-Baraka je \u010dist\u00fd olej lisovan\u00fd za studena, pln\u00fd esenci\u00e1ln\u00edch \u017eivin, aminokyselin a antioxidant\u016f. Ide\u00e1ln\u00ed pro p\u00e9\u010di o ple\u0165, vlasy a jako potravinov\u00fd dopln\u011bk. Zvlh\u010duje, omlazuje, posiluje a podporuje celkov\u00e9 wellness.<\/h3>\n","protected":false},"featured_media":36248,"comment_status":"open","ping_status":"closed","template":"","meta":[],"product_brand":[],"product_cat":[925,786,787],"product_tag":[781,790,783,793,884],"class_list":{"0":"post-36246","1":"product","2":"type-product","3":"status-publish","4":"has-post-thumbnail","6":"product_cat-prirodni-oleje-el-baraka","7":"product_cat-pece-o-krasu","8":"product_cat-terapeuticke-oleje","9":"product_tag-olej","10":"product_tag-pece-o-krasu","11":"product_tag-pece-o-plet","12":"product_tag-prirodni-olej","13":"product_tag-zdrave","14":"pa_l-xl-250ml","16":"first","17":"instock","18":"shipping-taxable","19":"purchasable","20":"product-type-simple"},"_links":{"self":[{"href":"https:\/\/bazaar.express\/cs\/wp-json\/wp\/v2\/product\/36246","targetHints":{"allow":["GET"]}}],"collection":[{"href":"https:\/\/bazaar.express\/cs\/wp-json\/wp\/v2\/product"}],"about":[{"href":"https:\/\/bazaar.express\/cs\/wp-json\/wp\/v2\/types\/product"}],"replies":[{"embeddable":true,"href":"https:\/\/bazaar.express\/cs\/wp-json\/wp\/v2\/comments?post=36246"}],"wp:featuredmedia":[{"embeddable":true,"href":"https:\/\/bazaar.express\/cs\/wp-json\/wp\/v2\/media\/36248"}],"wp:attachment":[{"href":"https:\/\/bazaar.express\/cs\/wp-json\/wp\/v2\/media?parent=36246"}],"wp:term":[{"taxonomy":"product_brand","embeddable":true,"href":"https:\/\/bazaar.express\/cs\/wp-json\/wp\/v2\/product_brand?post=36246"},{"taxonomy":"product_cat","embeddable":true,"href":"https:\/\/bazaar.express\/cs\/wp-json\/wp\/v2\/product_cat?post=36246"},{"taxonomy":"product_tag","embeddable":true,"href":"https:\/\/bazaar.express\/cs\/wp-json\/wp\/v2\/product_tag?post=36246"}],"curies":[{"name":"wp","href":"https:\/\/api.w.org\/{rel}","templated":true}]}}