{"id":36290,"date":"2025-11-01T17:51:33","date_gmt":"2025-11-01T17:51:33","guid":{"rendered":"https:\/\/bazaar.express\/product\/egyptsky-cisty-hydratacni-krem-s-camelim-mlekem\/"},"modified":"2025-11-01T17:51:33","modified_gmt":"2025-11-01T17:51:33","slug":"egyptsky-cisty-hydratacni-krem-s-camelim-mlekem","status":"publish","type":"product","link":"https:\/\/bazaar.express\/cs\/produkt\/egyptsky-cisty-hydratacni-krem-s-camelim-mlekem\/","title":{"rendered":"Egyptsk\u00fd \u010dist\u00fd hydrata\u010dn\u00ed kr\u00e9m s camel\u00edm ml\u00e9kem"},"content":{"rendered":"<h2 class=\"mb-2 mt-4 font-display font-semimedium text-base first:mt-0\">Objevte nevon\u00ed egyptsk\u00fd \u010dist\u00fd hydrata\u010dn\u00ed kr\u00e9m s camel\u00edm ml\u00e9kem 250 ml \u2013 p\u0159\u00edrodn\u00ed kr\u00e1sa pro citlivou poko\u017eku<\/h2>\n<p class=\"my-2 [&#038;+p]:mt-4 [&#038;_strong:has(+br)]:inline-block [&#038;_strong:has(+br)]:pb-2\">Za\u017eijte \u010distou jednoduchost <strong>\u010cist\u00e9ho hydrata\u010dn\u00edho kr\u00e9mu s camel\u00edm ml\u00e9kem 250 ml<\/strong>, nevon\u00ed egyptsk\u00e9 kr\u00e1sn\u00e9 formule, kter\u00e1 kombinuje pr\u00e9miov\u00e9 \u010dist\u00e9 camel\u00ed ml\u00e9ko s autentickou \u00fa\u010dinnost\u00ed p\u00e9\u010de o poko\u017eku. Tato rafinovan\u00e1 formulace nab\u00edz\u00ed intenzivn\u00ed hydrataci, siln\u00e9 anti-aging p\u0159\u00ednosy a viditelnou transformaci poko\u017eky bez um\u011bl\u00fdch v\u016fn\u00ed nebo dr\u00e1\u017ediv\u00fdch parf\u00e9m\u016f. Hrd\u011b vyrobeno v Egypt\u011b s pe\u010dliv\u00fdmi standardy kvality p\u0159in\u00e1\u0161\u00ed toto \u010dist\u00e9 \u0159e\u0161en\u00ed p\u00e9\u010de o poko\u017eku autentickou pou\u0161tn\u00ed kr\u00e1su pro ty, kte\u0159\u00ed hledaj\u00ed nevon\u00ed luxus po cel\u00e9m sv\u011bt\u011b.<\/p>\n<h3 class=\"mb-2 mt-4 font-display font-semimedium text-base first:mt-0\">\u010cist\u00e1 s\u00edla camel\u00edho ml\u00e9ka \u2013 dokonalost p\u0159\u00edrodn\u00ed kr\u00e1sy<\/h3>\n<p class=\"my-2 [&#038;+p]:mt-4 [&#038;_strong:has(+br)]:inline-block [&#038;_strong:has(+br)]:pb-2\">Po tis\u00edce let je \u010dist\u00e9 camel\u00ed ml\u00e9ko pova\u017eov\u00e1no za vrchol p\u0159\u00edrodn\u00edch ingredienc\u00ed pro p\u00e9\u010di o poko\u017eku. Starov\u011bk\u00e9 egyptsk\u00e9 kr\u00e1lovny pravideln\u011b dop\u0159\u00e1valy luxusn\u00edm ritu\u00e1l\u016fm kr\u00e1sy s \u010dist\u00fdm camel\u00edm ml\u00e9kem, aby zachovaly sv\u00e9 legend\u00e1rn\u00ed pleti a nad\u010dasovou z\u00e1\u0159i. Modern\u00ed dermatologick\u00fd v\u00fdzkum tyto praktiky potvrzuje a ukazuje, \u017ee \u010dist\u00e9 camel\u00ed ml\u00e9ko obsahuje v\u00fdjime\u010dn\u00e9 koncentrace vitam\u00edn\u016f A, B, C a D, plus esenci\u00e1ln\u00ed mastn\u00e9 kyseliny, proteiny a miner\u00e1ly, kter\u00e9 pronikaj\u00ed hluboko.<\/p>\n<p class=\"my-2 [&#038;+p]:mt-4 [&#038;_strong:has(+br)]:inline-block [&#038;_strong:has(+br)]:pb-2\"><strong>\u010cist\u00fd hydrata\u010dn\u00ed kr\u00e9m s camel\u00edm ml\u00e9kem 250 ml<\/strong> vyu\u017e\u00edv\u00e1 tuto legend\u00e1rn\u00ed ingredienci bez p\u0159idan\u00fdch parf\u00e9m\u016f nebo vonn\u00fdch l\u00e1tek, \u010d\u00edm\u017e vytv\u00e1\u0159\u00ed \u010dist\u00fd, autentick\u00fd z\u00e1\u017eitek z p\u00e9\u010de o poko\u017eku. P\u0159\u00edrodn\u00ed \u010dist\u00e9 camel\u00ed ml\u00e9ko zaji\u0161\u0165uje dlouhotrvaj\u00edc\u00ed udr\u017een\u00ed vlhkosti a skute\u010dn\u00e9 v\u00fd\u017eivu bun\u011bk, co\u017e vede k viditeln\u011b zdrav\u011bj\u0161\u00ed, z\u00e1\u0159iv\u011bj\u0161\u00ed a sv\u011btl\u00e9 pleti pro v\u0161echny typy pleti, zejm\u00e9na citlivou.<\/p>\n<h3 class=\"mb-2 mt-4 font-display font-semimedium text-base first:mt-0\">Komplexn\u00ed transformace p\u00e9\u010de o poko\u017eku<\/h3>\n<p class=\"my-2 [&#038;+p]:mt-4 [&#038;_strong:has(+br)]:inline-block [&#038;_strong:has(+br)]:pb-2\"><strong>Hlubok\u00e1, intenzivn\u00ed hydratace:<\/strong> Bohat\u00e1 formulace vytv\u00e1\u0159\u00ed pokro\u010dilou bari\u00e9ru vlhkosti, kter\u00e1 uzamyk\u00e1 hydrataci v poko\u017ece na del\u0161\u00ed dobu. Va\u0161e ple\u0165 se stane znateln\u011b m\u011bk\u010d\u00ed, pln\u011bj\u0161\u00ed, mladistv\u011bj\u0161\u00ed a pohodln\u011bj\u0161\u00ed b\u011bhem dne i noci bez ru\u0161en\u00ed v\u016fn\u00ed.<\/p>\n<p class=\"my-2 [&#038;+p]:mt-4 [&#038;_strong:has(+br)]:inline-block [&#038;_strong:has(+br)]:pb-2\"><strong>P\u0159\u00edrodn\u00ed z\u00e1\u0159e a lesk:<\/strong> \u010cist\u00e9 camel\u00ed ml\u00e9ko vy\u017eivuje hluboko, obnovuje p\u0159\u00edrodn\u00ed z\u00e1\u0159i a zvy\u0161uje sv\u011btlo. Tmav\u00e9 skvrny blednou, t\u00f3n pleti se vyrovn\u00e1v\u00e1 a va\u0161e ple\u0165 dos\u00e1hne z\u00e1\u0159iv\u00e9, zdrav\u00e9 \u017e\u00e1ru zevnit\u0159.<\/p>\n<p class=\"my-2 [&#038;+p]:mt-4 [&#038;_strong:has(+br)]:inline-block [&#038;_strong:has(+br)]:pb-2\"><strong>Siln\u00e1 anti-aging dokonalost:<\/strong> Nabit\u00fd siln\u00fdmi antioxidanty a p\u0159irozen\u011b se vyskytuj\u00edc\u00edmi retinoidy tento nevon\u00ed lotion aktivn\u011b bojuje proti viditeln\u00fdm zn\u00e1mk\u00e1m st\u00e1rnut\u00ed. Jemn\u00e9 linky se zm\u00edr\u0148uj\u00ed, vr\u00e1sky se zmen\u0161uj\u00ed, skvrny st\u00e1rnut\u00ed blednou a produkce kolagenu se zvy\u0161uje.<\/p>\n<p class=\"my-2 [&#038;+p]:mt-4 [&#038;_strong:has(+br)]:inline-block [&#038;_strong:has(+br)]:pb-2\"><strong>Uklid\u0148uj\u00edc\u00ed a hojiv\u00e9 vlastnosti:<\/strong> Bez dr\u00e1\u017ediv\u00fdch v\u016fn\u00ed tato formule dokonale uklid\u0148uje reaktivn\u00ed poko\u017eku. Protiz\u00e1n\u011btliv\u00e9 a antibakteri\u00e1ln\u00ed vlastnosti zm\u00edr\u0148uj\u00ed zarudnut\u00ed, sni\u017euj\u00ed podr\u00e1\u017ed\u011bn\u00ed a urychluj\u00ed hojen\u00ed bez drsn\u00fdch chemik\u00e1li\u00ed nebo parf\u00e9mov\u00fdch slou\u010denin.<\/p>\n<h3 class=\"mb-2 mt-4 font-display font-semimedium text-base first:mt-0\">Ide\u00e1ln\u00ed pro poko\u017eku citlivou na v\u016fn\u011b<\/h3>\n<p class=\"my-2 [&#038;+p]:mt-4 [&#038;_strong:has(+br)]:inline-block [&#038;_strong:has(+br)]:pb-2\">Tento vlh\u010didlo je ide\u00e1ln\u00ed pro ka\u017ed\u00e9ho s citlivost\u00ed na v\u016fn\u011b, dermatitidou, astmatem nebo alergiemi spou\u0161t\u011bn\u00fdmi parf\u00e9my. Nevon\u00ed formule zaji\u0161\u0165uje \u010dist\u00e9 p\u0159\u00ednosy p\u00e9\u010de o poko\u017eku bez vyvol\u00e1n\u00ed reakc\u00ed nebo nepohodl\u00ed.<\/p>\n<h3 class=\"mb-2 mt-4 font-display font-semimedium text-base first:mt-0\">Ide\u00e1ln\u00ed pro ka\u017ed\u00fd typ pleti<\/h3>\n<p class=\"my-2 [&#038;+p]:mt-4 [&#038;_strong:has(+br)]:inline-block [&#038;_strong:has(+br)]:pb-2\"><strong>Such\u00e1 ple\u0165:<\/strong> Intenzivn\u00ed hydratace obnovuje pohodl\u00ed vysu\u0161en\u00e9 pleti s trvalou m\u011bkkost\u00ed.<\/p>\n<p class=\"my-2 [&#038;+p]:mt-4 [&#038;_strong:has(+br)]:inline-block [&#038;_strong:has(+br)]:pb-2\"><strong>Citliv\u00e1 ple\u0165:<\/strong> Jemn\u00e1, nevon\u00ed formule uklid\u0148uje z\u00e1n\u011bt a p\u0159irozen\u011b sni\u017euje zarudnut\u00ed.<\/p>\n<p class=\"my-2 [&#038;+p]:mt-4 [&#038;_strong:has(+br)]:inline-block [&#038;_strong:has(+br)]:pb-2\"><strong>Mastn\u00e1 ple\u0165:<\/strong> Lehk\u00e1, rychle se vst\u0159eb\u00e1vaj\u00edc\u00ed textura poskytuje hydrataci bez mastn\u00e9ho zbytku.<\/p>\n<p class=\"my-2 [&#038;+p]:mt-4 [&#038;_strong:has(+br)]:inline-block [&#038;_strong:has(+br)]:pb-2\"><strong>Kombinovan\u00e1 ple\u0165:<\/strong> Perfektn\u011b vyva\u017euje hydrataci nap\u0159\u00ed\u010d obli\u010dejov\u00fdmi z\u00f3nami harmonicky.<\/p>\n<p class=\"my-2 [&#038;+p]:mt-4 [&#038;_strong:has(+br)]:inline-block [&#038;_strong:has(+br)]:pb-2\"><strong>Zral\u00e1 ple\u0165:<\/strong> C\u00edl\u00ed na probl\u00e9my st\u00e1rnut\u00ed \u2013 jemn\u00e9 linky, ztr\u00e1ta elasticity, nudnost \u2013 s siln\u00fdmi ingrediencemi.<\/p>\n<h3 class=\"mb-2 mt-4 font-display font-semimedium text-base first:mt-0\">Jak pou\u017e\u00edvat<\/h3>\n<p class=\"my-2 [&#038;+p]:mt-4 [&#038;_strong:has(+br)]:inline-block [&#038;_strong:has(+br)]:pb-2\">Aplikujte vhodn\u00e9 mno\u017estv\u00ed na \u010distou, m\u00edrn\u011b vlhkou poko\u017eku a jemn\u011b mas\u00edrujte vzestupn\u00fdmi pohyby. Pou\u017e\u00edvejte r\u00e1no a ve\u010der pro optim\u00e1ln\u00ed hydrataci a anti-aging p\u0159\u00ednosy. Pro intenzivn\u00ed no\u010dn\u00ed l\u00e9\u010dbu aplikujte \u0161t\u011bd\u0159e a nechte hluboce vst\u0159ebat. Skladujte p\u0159i pokojov\u00e9 teplot\u011b nep\u0159ekra\u010duj\u00edc\u00ed 30 \u00b0C pro zachov\u00e1n\u00ed maxim\u00e1ln\u00ed \u00fa\u010dinnosti.<\/p>\n<h3 class=\"mb-2 mt-4 font-display font-semimedium text-base first:mt-0\">Specifikace produktu<\/h3>\n<ul class=\"marker:text-quiet list-disc\">\n<li class=\"py-0 my-0 prose-p:pt-0 prose-p:mb-2 prose-p:my-0 [&#038;>p]:pt-0 [&#038;>p]:mb-2 [&#038;>p]:my-0&#8243;>\n<p class=\"my-2 [&#038;+p]:mt-4 [&#038;_strong:has(+br)]:inline-block [&#038;_strong:has(+br)]:pb-2\"><strong>Form\u00e1t:<\/strong> Pr\u00e9miov\u00fd vlh\u010d\u00edc\u00ed lotion<\/p>\n<\/li>\n<li class=\"py-0 my-0 prose-p:pt-0 prose-p:mb-2 prose-p:my-0 [&#038;>p]:pt-0 [&#038;>p]:mb-2 [&#038;>p]:my-0&#8243;>\n<p class=\"my-2 [&#038;+p]:mt-4 [&#038;_strong:has(+br)]:inline-block [&#038;_strong:has(+br)]:pb-2\"><strong>Objem:<\/strong>\u00a0250 ml<\/p>\n<\/li>\n<li class=\"py-0 my-0 prose-p:pt-0 prose-p:mb-2 prose-p:my-0 [&#038;>p]:pt-0 [&#038;>p]:mb-2 [&#038;>p]:my-0&#8243;>\n<p class=\"my-2 [&#038;+p]:mt-4 [&#038;_strong:has(+br)]:inline-block [&#038;_strong:has(+br)]:pb-2\"><strong>V\u016fn\u011b:<\/strong> Bez v\u016fn\u011b<\/p>\n<\/li>\n<li class=\"py-0 my-0 prose-p:pt-0 prose-p:mb-2 prose-p:my-0 [&#038;>p]:pt-0 [&#038;>p]:mb-2 [&#038;>p]:my-0&#8243;>\n<p class=\"my-2 [&#038;+p]:mt-4 [&#038;_strong:has(+br)]:inline-block [&#038;_strong:has(+br)]:pb-2\"><strong>P\u016fvod:<\/strong> Vyrobeno v Egypt\u011b<\/p>\n<\/li>\n<li class=\"py-0 my-0 prose-p:pt-0 prose-p:mb-2 prose-p:my-0 [&#038;>p]:pt-0 [&#038;>p]:mb-2 [&#038;>p]:my-0&#8243;>\n<p class=\"my-2 [&#038;+p]:mt-4 [&#038;_strong:has(+br)]:inline-block [&#038;_strong:has(+br)]:pb-2\"><strong>Kl\u00ed\u010dov\u00e9 ingredience:<\/strong> \u010cist\u00fd extrakt z camel\u00edho ml\u00e9ka, p\u0159\u00edrodn\u00ed byliny<\/p>\n<\/li>\n<\/ul>\n<h3 class=\"mb-2 mt-4 font-display font-semimedium text-base first:mt-0\">Egyptsk\u00e1 dokonalost \u2013 zaru\u010den\u00e1 pr\u00e9miov\u00e1 kvalita<\/h3>\n<p class=\"my-2 [&#038;+p]:mt-4 [&#038;_strong:has(+br)]:inline-block [&#038;_strong:has(+br)]:pb-2\">Tento nevon\u00ed \u010dist\u00fd hydrata\u010dn\u00ed kr\u00e9m s camel\u00edm ml\u00e9kem je hrd\u011b vyr\u00e1b\u011bn v Egypt\u011b s pou\u017eit\u00edm extraktu z \u010dist\u00e9ho camel\u00edho ml\u00e9ka a nejlep\u0161\u00edch p\u0159\u00edrodn\u00edch botanick\u00fdch ingredienc\u00ed bez p\u0159idan\u00e9 v\u016fn\u011b. Ka\u017ed\u00e1 l\u00e1hev p\u0159edstavuje autentickou egyptskou expertizu kr\u00e1sy, p\u0159\u00edsn\u011b testovanou na \u010distotu a bezpe\u010dnost podle mezin\u00e1rodn\u00edch kosmetick\u00fdch standard\u016f.<\/p>\n<p class=\"my-2 [&#038;+p]:mt-4 [&#038;_strong:has(+br)]:inline-block [&#038;_strong:has(+br)]:pb-2\"><strong>Obja\u0161te \u010distou p\u00e9\u010di o poko\u017eku s \u010dist\u00fdm hydrata\u010dn\u00edm kr\u00e9mem s camel\u00edm ml\u00e9kem je\u0161t\u011b dnes. Objednejte si svou lahvi\u010dku 250 ml nyn\u00ed a objevte \u010dist\u00fd, nevon\u00ed egyptsk\u00fd luxus z camel\u00edho ml\u00e9ka.<\/strong><\/p>\n<p>&nbsp;<\/p>\n<h5 style=\"text-align: center;\">D\u011bkujeme za n\u00e1kup v <a href=\"https:\/\/bazaar.express\/\">Bazaar Express<\/a> \u2013 jsme nad\u0161en\u00ed, \u017ee jste u n\u00e1s!<\/h5>\n<h5 style=\"text-align: center;\">Va\u0161e cesta k lep\u0161\u00ed p\u00e9\u010di o sebe za\u010d\u00edn\u00e1 zde \u2013 s <a href=\"\/?product_cat=beauty-care\">Beauty Care<\/a>, kter\u00e9 si m\u016f\u017eete d\u016fv\u011b\u0159it.<\/h5>\n","protected":false},"excerpt":{"rendered":"<h3>\u010cist\u00fd hydrata\u010dn\u00ed kr\u00e9m s camel\u00edm ml\u00e9kem 250 ml \u2013 nevon\u00ed egyptsk\u00fd lotion z \u010dist\u00e9ho camel\u00edho ml\u00e9ka pro citlivou poko\u017eku. \u010cist\u00fd, p\u0159\u00edrodn\u00ed vlh\u010didlo vyroben\u00e9 v Egypt\u011b.<\/h3>\n","protected":false},"featured_media":36291,"comment_status":"open","ping_status":"closed","template":"","meta":[],"product_brand":[],"product_cat":[786,789],"product_tag":[781,790,783,791],"class_list":{"0":"post-36290","1":"product","2":"type-product","3":"status-publish","4":"has-post-thumbnail","6":"product_cat-pece-o-krasu","7":"product_cat-horke-nabidky","8":"product_tag-olej","9":"product_tag-pece-o-krasu","10":"product_tag-pece-o-plet","11":"product_tag-velbloudi-mleko","13":"first","14":"instock","15":"sale","16":"shipping-taxable","17":"purchasable","18":"product-type-simple"},"_links":{"self":[{"href":"https:\/\/bazaar.express\/cs\/wp-json\/wp\/v2\/product\/36290","targetHints":{"allow":["GET"]}}],"collection":[{"href":"https:\/\/bazaar.express\/cs\/wp-json\/wp\/v2\/product"}],"about":[{"href":"https:\/\/bazaar.express\/cs\/wp-json\/wp\/v2\/types\/product"}],"replies":[{"embeddable":true,"href":"https:\/\/bazaar.express\/cs\/wp-json\/wp\/v2\/comments?post=36290"}],"wp:featuredmedia":[{"embeddable":true,"href":"https:\/\/bazaar.express\/cs\/wp-json\/wp\/v2\/media\/36291"}],"wp:attachment":[{"href":"https:\/\/bazaar.express\/cs\/wp-json\/wp\/v2\/media?parent=36290"}],"wp:term":[{"taxonomy":"product_brand","embeddable":true,"href":"https:\/\/bazaar.express\/cs\/wp-json\/wp\/v2\/product_brand?post=36290"},{"taxonomy":"product_cat","embeddable":true,"href":"https:\/\/bazaar.express\/cs\/wp-json\/wp\/v2\/product_cat?post=36290"},{"taxonomy":"product_tag","embeddable":true,"href":"https:\/\/bazaar.express\/cs\/wp-json\/wp\/v2\/product_tag?post=36290"}],"curies":[{"name":"wp","href":"https:\/\/api.w.org\/{rel}","templated":true}]}}