{"id":36306,"date":"2025-01-20T17:22:09","date_gmt":"2025-01-20T17:22:09","guid":{"rendered":"https:\/\/bazaar.express\/product\/organicky-lneny-olej\/"},"modified":"2025-01-20T17:22:09","modified_gmt":"2025-01-20T17:22:09","slug":"organicky-lneny-olej","status":"publish","type":"product","link":"https:\/\/bazaar.express\/cs\/produkt\/organicky-lneny-olej\/","title":{"rendered":"Organick\u00fd ln\u011bn\u00fd olej"},"content":{"rendered":"<h2 data-pm-slice=\"1 1 []\">Organick\u00fd ln\u011bn\u00fd olej \u2013 El Baraka: Nejlep\u0161\u00ed rostlinn\u00fd posilova\u010d zdrav\u00ed<\/h2>\n<h3>C\u00edt\u00edte s\u00edlu chladov\u011b lisovan\u00e9ho organick\u00e9ho blahobytu<\/h3>\n<p>Organick\u00fd <strong>ln\u011bn\u00fd olej El Baraka<\/strong> je \u0161pi\u010dkov\u00fd chladov\u011b lisovan\u00fd olej z nejlep\u0161\u00edch ln\u011bn\u00fdch semen, kter\u00fd byl vytvo\u0159en pro zlep\u0161en\u00ed va\u0161eho zdrav\u00ed zevnit\u0159 i zven\u010d\u00ed. Tento olej je pln\u00fd esenci\u00e1ln\u00edch mastn\u00fdch kyselin omega-3 a omega-6, d\u00edky \u010demu\u017e pat\u0159\u00ed mezi nejsiln\u011bj\u0161\u00ed p\u0159\u00edrodn\u00ed posilova\u010de zdrav\u00ed. Ln\u011bn\u00fd olej se odli\u0161uje od jin\u00fdch olej\u016f t\u00edm, \u017ee nab\u00edz\u00ed t\u00e9m\u011b\u0159 dvojn\u00e1sobek nenasycen\u00fdch mastn\u00fdch kyselin ve srovn\u00e1n\u00ed s ryb\u00edm olejem. To z n\u011bj \u010din\u00ed ide\u00e1ln\u00ed volbu pro zdrav\u011b sm\u00fd\u0161lej\u00edc\u00ed lidi hledaj\u00edc\u00ed \u010distou rostlinnou alternativu.<\/p>\n<p>V\u00fdzkum ukazuje, \u017ee denn\u00ed konzumace ln\u011bn\u00e9ho oleje m\u016f\u017ee sn\u00ed\u017eit riziko mrtvice a\u017e o 40 %. To podtrhuje jeho hodnotu jako ka\u017edodenn\u00ed sou\u010d\u00e1sti stravy pro zdrav\u00e9 srdce a mozek. A\u0165 u\u017e chcete podpo\u0159it tr\u00e1ven\u00ed, pos\u00edlit sv\u00e9 srdce nebo zlep\u0161it vzhled poko\u017eky, <strong>organick\u00fd ln\u011bn\u00fd olej El Baraka<\/strong> nab\u00edz\u00ed dlouhodob\u00e9 p\u0159\u00ednosy.<\/p>\n<h3>Nabit\u00fd \u017eivinami a kl\u00ed\u010dov\u00fdmi mastn\u00fdmi kyselinami<\/h3>\n<p>Ka\u017ed\u00e1 kapka ln\u011bn\u00e9ho oleje El Baraka obsahuje d\u016fle\u017eit\u00e9 \u017eiviny, kter\u00e9 si t\u011blo samo nedok\u00e1\u017ee vytvo\u0159it. Olej obsahuje:<\/p>\n<ul>\n<li><strong>Omega-3 (kyselina alfa-linolenov\u00e1)<\/strong><\/li>\n<li><strong>Omega-6 (kyselina linolov\u00e1)<\/strong><\/li>\n<li><strong>Vitamin E \u2013 \u201eVitamin ml\u00e1d\u00ed\u201c<\/strong><\/li>\n<li><strong>Vitamin F \u2013 Pro vyrovn\u00e1n\u00ed cholesterolu a metabolismus tuk\u016f<\/strong><\/li>\n<li><strong>Vitamin A \u2013 Pro z\u00e1\u0159ivou poko\u017eku a r\u016fst vlas\u016f<\/strong><\/li>\n<li><strong>Komplex vitam\u00edn\u016f B \u2013 Pro podporu nervov\u00e9ho syst\u00e9mu a zdrav\u00e9 nehty<\/strong><\/li>\n<\/ul>\n<p>Tyto \u017eiviny spole\u010dn\u011b pom\u00e1haj\u00ed t\u011blu vst\u0159eb\u00e1vat \u017eiviny, posiluj\u00ed imunitn\u00ed syst\u00e9m a p\u0159irozen\u011b zlep\u0161uj\u00ed zdrav\u00ed poko\u017eky a vlas\u016f.<\/p>\n<h3>Jak organick\u00fd ln\u011bn\u00fd olej podporuje va\u0161e zdrav\u00ed<\/h3>\n<h4>Podpora srdce a krevn\u00edho syst\u00e9mu<\/h4>\n<p>Tento olej sni\u017euje \u0161patn\u00fd cholesterol, br\u00e1n\u00ed tvorb\u011b krevn\u00edch sra\u017eenin a sni\u017euje riziko srde\u010dn\u00edch onemocn\u011bn\u00ed a ztvrdnut\u00ed tepen. Pom\u00e1h\u00e1 udr\u017eovat dobr\u00fd pr\u016ftok krve a regulovat krevn\u00ed tlak.<\/p>\n<h4>Zdrav\u00ed tr\u00e1ven\u00ed a jater<\/h4>\n<p>Organick\u00fd ln\u011bn\u00fd olej El Baraka je \u0161etrn\u00fd k \u017ealudku. P\u016fsob\u00ed jako m\u00edrn\u00fd p\u0159\u00edrodn\u00ed proj\u00edmadlo a pom\u00e1h\u00e1 p\u0159i probl\u00e9mech jako gastritida, v\u0159edy a z\u00e1cpa. Tak\u00e9 podporuje zdrav\u00ed jater a pom\u00e1h\u00e1 p\u0159edch\u00e1zet tu\u010dn\u00fdm j\u00e1tr\u016fm, hepatitid\u011b a \u017elu\u010dn\u00edkov\u00fdm kamen\u016fm.<\/p>\n<h4>Spr\u00e1va hmotnosti a metabolismus tuk\u016f<\/h4>\n<p>Tento olej pom\u00e1h\u00e1 regulovat metabolismus tuk\u016f, co\u017e z n\u011bj \u010din\u00ed skv\u011bl\u00fd dopln\u011bk jak\u00e9hokoli stravovac\u00edho pl\u00e1nu. Dod\u00e1v\u00e1 pocit sytosti, vyrovn\u00e1v\u00e1 hormony a pom\u00e1h\u00e1 t\u011blu spalovat nasycen\u00e9 tuky.<\/p>\n<h4>Omlazen\u00ed poko\u017eky a vlas\u016f<\/h4>\n<p>Vysok\u00fd obsah vitam\u00edn\u016f E a F m\u00e1 revitaliza\u010dn\u00ed \u00fa\u010dinek na nudnou poko\u017eku, uklid\u0148uje podr\u00e1\u017ed\u011bn\u00ed a vyhlazuje vr\u00e1sky. Ln\u011bn\u00fd olej podporuje zdrav\u00fd r\u016fst vlas\u016f, sni\u017euje suchost a dod\u00e1v\u00e1 poko\u017ece mladistv\u00fd lesk, a\u0165 u\u017e se aplikuje na k\u016f\u017ei nebo u\u017e\u00edv\u00e1 \u00fastn\u011b.<\/p>\n<h4>Vyrovn\u00e1n\u00ed hormon\u00e1ln\u00edho syst\u00e9mu a imunity<\/h4>\n<p>Pom\u00e1h\u00e1 regulovat funkci \u0161t\u00edtn\u00e9 \u017el\u00e1zy, ovliv\u0148uje hormon\u00e1ln\u00ed rovnov\u00e1hu a posiluje schopnost imunitn\u00edho syst\u00e9mu bojovat proti infekc\u00edm a chronick\u00e9 \u00fanav\u011b.<\/p>\n<h4>Protiz\u00e1n\u011btliv\u00e9 \u00fa\u010dinky a podpora po operaci<\/h4>\n<p>Jeho protiz\u00e1n\u011btliv\u00e9 a hojiv\u00e9 vlastnosti ho \u010din\u00ed ide\u00e1ln\u00ed volbou pro l\u00e9\u010dbu hemoroid\u016f, z\u00e1n\u011bt\u016f kone\u010dn\u00edku a podporu hojen\u00ed po operaci.<\/p>\n<h3>Jak pou\u017e\u00edvat organick\u00fd ln\u011bn\u00fd olej El Baraka<\/h3>\n<p><strong>Intern\u00ed u\u017e\u00edv\u00e1n\u00ed:<\/strong> Konzumujte 1 l\u017ei\u010dku 2\u20133kr\u00e1t 20 minut p\u0159ed j\u00eddlem. Pro \u00falevu od z\u00e1cpy vezm\u011bte 1\u20132 l\u017ei\u010dky na la\u010dno. Pro podporu funkce jater a \u017elu\u010dn\u00edku u\u017e\u00edvejte s j\u00eddlem.<\/p>\n<p><strong>Extern\u00ed u\u017e\u00edv\u00e1n\u00ed:<\/strong> Nan\u00e1\u0161ejte na suchou nebo podr\u00e1\u017ed\u011bnou poko\u017eku, nebo sm\u00edchejte 1:1 s v\u00e1pnovou vodou pro l\u00e9\u010dbu pop\u00e1lenin. Pou\u017e\u00edvejte jako p\u0159\u00edrodn\u00ed klyzmu (1\u20132 l\u017ei\u010dky) pro p\u00e9\u010di o kone\u010dn\u00edk, nebo aplikujte na vatov\u00fd tamp\u00f3n jako vagin\u00e1ln\u00ed tampon pro gynekologick\u00e9 p\u0159\u00ednosy.<\/p>\n<h3>Pro\u010d si vybrat chladov\u011b lisovan\u00fd organick\u00fd ln\u011bn\u00fd olej El Baraka?<\/h3>\n<ul>\n<li><strong>Chladov\u011b lisovan\u00fd pro zachov\u00e1n\u00ed \u010distoty:<\/strong> Proces udr\u017euje v\u0161echny \u017eiviny nedot\u010den\u00e9 bez tepla nebo chemik\u00e1li\u00ed.<\/li>\n<li><strong>100% organick\u00fd a bez p\u0159\u00edsad:<\/strong> Nenajdete v n\u011bm \u017e\u00e1dn\u00e9 um\u011bl\u00e9 konzervanty nebo plniva.<\/li>\n<li><strong>V\u00edce\u00fa\u010delov\u00e9 pou\u017eit\u00ed:<\/strong> Skv\u011ble posiluje blahod\u00e1rn\u00fd stav, pe\u010duje o poko\u017eku a vlasy a \u010dist\u00ed t\u011blo.<\/li>\n<\/ul>\n<h3>Z\u00e1v\u011br: Skute\u010dn\u00e9 superpotravina pro pos\u00edlen\u00ed celkov\u00e9ho zdrav\u00ed<\/h3>\n<p><strong>Organick\u00fd ln\u011bn\u00fd olej El Baraka<\/strong> je v\u00edce ne\u017e jen olej \u2013 je to v\u00e1\u0161 ka\u017edodenn\u00ed spole\u010dn\u00edk pro zdrav\u00ed. A\u0165 u\u017e chcete pos\u00edlit funkci srdce, \u0159e\u0161it tr\u00e1vic\u00ed probl\u00e9my, vyrovnat hormony nebo zlep\u0161it poko\u017eku a vlasy, tento olej m\u00e1 p\u0159irozenou schopnost zm\u011bnit va\u0161e zdrav\u00ed k lep\u0161\u00edmu.<\/p>\n<p><strong>P\u0159idejte organick\u00fd ln\u011bn\u00fd olej El Baraka do sv\u00e9ho ka\u017edodenn\u00edho re\u017eimu \u2013 a v\u0161imn\u011bte si zm\u011bny ji\u017e od prvn\u00ed kapky.<\/strong><\/p>\n<p>&nbsp;<\/p>\n<p style=\"text-align: center;\">D\u011bkujeme za n\u00e1kup v <em data-start=\"415\" data-end=\"431\"><a href=\"https:\/\/bazaar.express\/\">Bazaar Express<\/a><\/em> \u2013 jsme r\u00e1di, \u017ee jste u n\u00e1s!<\/p>\n<p style=\"text-align: center;\">C\u00edt\u00edte s\u00edlu p\u0159\u00edrody \u2014 \u010dist\u00e9 <a href=\"\/?p=34484\">Terapeutick\u00e9 oleje<\/a> pro ka\u017edodenn\u00ed blahod\u00e1rn\u00fd stav.<\/p>\n","protected":false},"excerpt":{"rendered":"<h3>Organick\u00fd ln\u011bn\u00fd olej El Baraka je chladov\u011b lisovan\u00fd, \u017eivinami nabit\u00fd olej pln\u00fd omega-3, omega-6 a esenci\u00e1ln\u00edch vitam\u00edn\u016f. Skv\u011bl\u00fd pro pos\u00edlen\u00ed zdrav\u00ed srdce, podporu tr\u00e1ven\u00ed, zlep\u0161en\u00ed poko\u017eky a vlas\u016f a celkov\u00fd blahod\u00e1rn\u00fd stav. 100% \u010dist\u00fd bez p\u0159\u00edsad.<\/h3>\n","protected":false},"featured_media":36309,"comment_status":"open","ping_status":"closed","template":"","meta":[],"product_brand":[],"product_cat":[925,786,787],"product_tag":[781,783,793,884],"class_list":{"0":"post-36306","1":"product","2":"type-product","3":"status-publish","4":"has-post-thumbnail","6":"product_cat-prirodni-oleje-el-baraka","7":"product_cat-pece-o-krasu","8":"product_cat-terapeuticke-oleje","9":"product_tag-olej","10":"product_tag-pece-o-plet","11":"product_tag-prirodni-olej","12":"product_tag-zdrave","13":"pa_l-xl-250ml","15":"first","16":"instock","17":"shipping-taxable","18":"purchasable","19":"product-type-simple"},"_links":{"self":[{"href":"https:\/\/bazaar.express\/cs\/wp-json\/wp\/v2\/product\/36306","targetHints":{"allow":["GET"]}}],"collection":[{"href":"https:\/\/bazaar.express\/cs\/wp-json\/wp\/v2\/product"}],"about":[{"href":"https:\/\/bazaar.express\/cs\/wp-json\/wp\/v2\/types\/product"}],"replies":[{"embeddable":true,"href":"https:\/\/bazaar.express\/cs\/wp-json\/wp\/v2\/comments?post=36306"}],"wp:featuredmedia":[{"embeddable":true,"href":"https:\/\/bazaar.express\/cs\/wp-json\/wp\/v2\/media\/36309"}],"wp:attachment":[{"href":"https:\/\/bazaar.express\/cs\/wp-json\/wp\/v2\/media?parent=36306"}],"wp:term":[{"taxonomy":"product_brand","embeddable":true,"href":"https:\/\/bazaar.express\/cs\/wp-json\/wp\/v2\/product_brand?post=36306"},{"taxonomy":"product_cat","embeddable":true,"href":"https:\/\/bazaar.express\/cs\/wp-json\/wp\/v2\/product_cat?post=36306"},{"taxonomy":"product_tag","embeddable":true,"href":"https:\/\/bazaar.express\/cs\/wp-json\/wp\/v2\/product_tag?post=36306"}],"curies":[{"name":"wp","href":"https:\/\/api.w.org\/{rel}","templated":true}]}}