{"id":36320,"date":"2025-01-19T00:44:22","date_gmt":"2025-01-19T00:44:22","guid":{"rendered":"https:\/\/bazaar.express\/product\/olej-na-ulevu-od-bolesti-kloubu\/"},"modified":"2025-01-19T00:44:22","modified_gmt":"2025-01-19T00:44:22","slug":"olej-na-ulevu-od-bolesti-kloubu","status":"publish","type":"product","link":"https:\/\/bazaar.express\/cs\/produkt\/olej-na-ulevu-od-bolesti-kloubu\/","title":{"rendered":"Olej na \u00falevu od bolesti kloub\u016f"},"content":{"rendered":"<h2 data-pm-slice=\"1 1 []\">Organick\u00fd olej na bolest kloub\u016f \u2013 El Baraka: Rychl\u00e1, p\u0159\u00edrodn\u00ed \u00faleva od bolesti z\u00e1n\u011btliv\u00fdch kloub\u016f<\/h2>\n<h3>\u00dalevu od bolesti najd\u011bte s nejlep\u0161\u00edmi p\u0159\u00edrodn\u00edmi ingrediencemi<\/h3>\n<p>Zm\u00edrn\u011bte nepohodl\u00ed kloub\u016f s <strong>El Baraka Organick\u00fd olej na bolest kloub\u016f<\/strong>, \u0161pi\u010dkovou sm\u011bs\u00ed lisovanou za studena, navr\u017eenou k boji se otoky a zlep\u0161en\u00ed pohyblivosti. Tato speci\u00e1ln\u00ed sm\u011bs kombinuje <strong>100% p\u0159\u00edrodn\u00ed oleje<\/strong> zn\u00e1m\u00e9 sv\u00fdmi l\u00e9\u010div\u00fdmi vlastnostmi \u2013 v\u010detn\u011b \u010dern\u00e9ho km\u00ednu, major\u00e1nku, eukalyptu, m\u00e1ty a legend\u00e1rn\u00edho oleje Hendel (jedovat\u00e9 jablko) \u2013 do jednoho vst\u0159ebateln\u00e9ho nedrogov\u00e9ho \u0159e\u0161en\u00ed.<\/p>\n<h3>Co odli\u0161uje Organick\u00fd olej na bolest kloub\u016f El Baraka?<\/h3>\n<h4>100% p\u0159\u00edrodn\u00ed, lisovan\u00e1 za studena formule<\/h4>\n<p>Na\u0161i olej lisujeme za studena, aby se zachovaly jeho l\u00e9\u010div\u00e9 vlastnosti. Ka\u017ed\u00e1 kapka dod\u00e1v\u00e1 siln\u00e9 protiz\u00e1n\u011btliv\u00e9 a protibolestiv\u00e9 l\u00e1tky p\u0159\u00edmo do kloub\u016f \u2013 bez p\u0159\u00edsad, chemik\u00e1li\u00ed nebo um\u011bl\u00fdch konzervant\u016f.<\/p>\n<h4>Denn\u00ed podpora pohybu kloub\u016f a flexibility<\/h4>\n<p>Pokud se zotavujete po tr\u00e9ninku, \u0159\u00edd\u00edte artritidu nebo bojujete s chronick\u00fdm z\u00e1n\u011btem, tento olej sni\u017euje tuhost, otoky a bolest, abyste se mohli znovu voln\u011b pohybovat.<\/p>\n<h4>Pro mu\u017ee, \u017eeny a v\u0161echny v\u011bkov\u00e9 skupiny<\/h4>\n<p>Organick\u00fd olej na bolest kloub\u016f El Baraka je bezpe\u010dn\u00fd pro v\u0161echny. Sportovci, star\u0161\u00ed lid\u00e9 nebo ti, kte\u0159\u00ed trp\u00ed ka\u017edodenn\u00ed \u00fanavou kloub\u016f, mohou t\u011b\u017eit z jeho jemn\u00e9ho, ale siln\u00e9ho p\u016fsoben\u00ed.<\/p>\n<h3>Kl\u00ed\u010dov\u00e9 p\u0159\u00edrodn\u00ed ingredience a jejich p\u0159\u00ednosy<\/h3>\n<h4><strong>Olej z \u010dern\u00e9ho km\u00ednu<\/strong><\/h4>\n<p>Zn\u00e1m\u00fd svou schopnost\u00ed sni\u017eovat z\u00e1n\u011bt a ulevovat od bolesti, tento olej lid\u00e9 pou\u017e\u00edvaj\u00ed stovky let k podpo\u0159e zdrav\u00fdch kloub\u016f a zm\u00edrn\u011bn\u00ed nepohodl\u00ed.<\/p>\n<h4><strong>Esenci\u00e1ln\u00ed olej z major\u00e1nku<\/strong><\/h4>\n<p>P\u0159in\u00e1\u0161\u00ed teplo a \u00falevu bolav\u00fdm sval\u016fm a ztuhl\u00fdm kloub\u016fm, pom\u00e1h\u00e1 sni\u017eovat otoky a urychlovat zotaven\u00ed.<\/p>\n<h4><strong>Eukalyptov\u00fd olej<\/strong><\/h4>\n<p>Zlep\u0161uje krevn\u00ed ob\u011bh a vytv\u00e1\u0159\u00ed chladiv\u00fd znecitlivuj\u00edc\u00ed pocit, ide\u00e1ln\u00ed pro bolav\u00e9 nebo otekl\u00e9 klouby.<\/p>\n<h4><strong>M\u00e1tov\u00fd olej<\/strong><\/h4>\n<p>Ulevuje od bolesti svou sv\u011b\u017e\u00ed v\u016fn\u00ed a pom\u00e1h\u00e1 sni\u017eovat z\u00e1n\u011bt, co\u017e omezuje otoky a usnad\u0148uje pohyb.<\/p>\n<h4>Olej Hendel (jedovat\u00e9 jablko)<\/h4>\n<p>Pou\u017e\u00edvan\u00fd v tradi\u010dn\u00edch l\u00e9\u010debn\u00fdch metod\u00e1ch, tento osv\u011bd\u010den\u00fd olej c\u00edl\u00ed na dlouhodob\u00fd z\u00e1n\u011bt a p\u016fsob\u00ed jako p\u0159\u00edrodn\u00ed analgetikum.<\/p>\n<h3>Jak pou\u017e\u00edvat<\/h3>\n<p>Aplikujte mal\u00e9 mno\u017estv\u00ed oleje na bolav\u00e9 m\u00edsto. Jemn\u011b ho vmas\u00edrujte kruhov\u00fdmi pohyby, dokud se nevst\u0159eb\u00e1 do k\u016f\u017ee. Pou\u017e\u00edvejte jednou nebo dvakr\u00e1t denn\u011b pro nejlep\u0161\u00ed v\u00fdsledky. Ned\u00e1vejte do o\u010d\u00ed nebo na r\u00e1ny.<\/p>\n<h3>Pro\u010d si vybrat Organick\u00fd olej na bolest kloub\u016f El Baraka?<\/h3>\n<ul>\n<li>\u2705 <strong>\u017d\u00e1dn\u00e9 chemik\u00e1lie, pouze p\u0159\u00edrodn\u00ed<\/strong><\/li>\n<li>\u2705 <strong>Rychl\u00e1 \u00faleva, kter\u00e1 trv\u00e1<\/strong><\/li>\n<li>\u2705 <strong>Bezpe\u010dn\u00e9 pro denn\u00ed pou\u017eit\u00ed bez probl\u00e9m\u016f<\/strong><\/li>\n<li>\u2705 <strong>Pom\u00e1h\u00e1 v\u0161em, mlad\u00fdm i star\u00fdm<\/strong><\/li>\n<li>\u2705 <strong>Vyrobeno v Egypt\u011b s vyu\u017eit\u00edm starov\u011bk\u00fdch znalost\u00ed o bylin\u00e1ch<\/strong><\/li>\n<\/ul>\n<h3>Chcete se rozlou\u010dit s bolest\u00ed?<\/h3>\n<p>Ud\u011blejte si z <strong>El Baraka Organick\u00fd olej na bolest kloub\u016f<\/strong> sv\u00e9ho ka\u017edodenn\u00edho spojence v boji proti bolesti kloub\u016f p\u0159\u00edrodn\u00edmi metodami. Pokud trp\u00edte sportovn\u00edmi zran\u011bn\u00edmi, artritidou nebo ka\u017edodenn\u00ed \u00fanavou sval\u016f, n\u00e1\u0161 olej <strong>zlep\u0161uje va\u0161i pohyblivost a zm\u00edr\u0148uje nepohodl\u00ed<\/strong> \u2013 p\u0159\u00edrodn\u00edm a \u00fa\u010dinn\u00fdm zp\u016fsobem.<\/p>\n<p><strong>Koupit nyn\u00ed<\/strong> a poc\u00edt\u00edte rozd\u00edl, kter\u00fd p\u0159\u00edrodn\u00ed \u00faleva p\u0159in\u00e1\u0161\u00ed. Va\u0161e klouby v\u00e1m pod\u011bkuj\u00ed!<\/p>\n<p style=\"text-align: center;\">D\u011bkujeme za n\u00e1kup v <em data-start=\"415\" data-end=\"431\"><a href=\"https:\/\/bazaar.express\/\">Bazaar Express<\/a><\/em> \u2013 jsme r\u00e1di, \u017ee jste u n\u00e1s!<\/p>\n<p style=\"text-align: center;\">Poc\u00edt\u011bte s\u00edlu p\u0159\u00edrody \u2013 \u010dist\u00e9 <a href=\"\/?p=34484\">Terapeutick\u00e9 oleje<\/a> pro ka\u017edodenn\u00ed wellness.<\/p>\n","protected":false},"excerpt":{"rendered":"<h3>El Baraka Organick\u00fd olej na bolest kloub\u016f kombinuje oleje z \u010dern\u00e9ho km\u00ednu, major\u00e1nku, eukalyptu, m\u00e1ty a Hendelu pro p\u0159irozenou \u00falevu od bolesti kloub\u016f, sn\u00ed\u017een\u00ed z\u00e1n\u011btu a zlep\u0161en\u00ed pohyblivosti. Lisovan\u00fd za studena, rychle vst\u0159ebateln\u00fd a ide\u00e1ln\u00ed pro denn\u00ed pou\u017eit\u00ed.<\/h3>\n","protected":false},"featured_media":36323,"comment_status":"open","ping_status":"closed","template":"","meta":[],"product_brand":[],"product_cat":[925,787],"product_tag":[781,793],"class_list":{"0":"post-36320","1":"product","2":"type-product","3":"status-publish","4":"has-post-thumbnail","6":"product_cat-prirodni-oleje-el-baraka","7":"product_cat-terapeuticke-oleje","8":"product_tag-olej","9":"product_tag-prirodni-olej","10":"pa_l-xl-1000ml","11":"pa_l-xl-250ml","12":"pa_l-xl-500ml","14":"first","15":"instock","16":"sale","17":"shipping-taxable","18":"purchasable","19":"product-type-variable"},"_links":{"self":[{"href":"https:\/\/bazaar.express\/cs\/wp-json\/wp\/v2\/product\/36320","targetHints":{"allow":["GET"]}}],"collection":[{"href":"https:\/\/bazaar.express\/cs\/wp-json\/wp\/v2\/product"}],"about":[{"href":"https:\/\/bazaar.express\/cs\/wp-json\/wp\/v2\/types\/product"}],"replies":[{"embeddable":true,"href":"https:\/\/bazaar.express\/cs\/wp-json\/wp\/v2\/comments?post=36320"}],"wp:featuredmedia":[{"embeddable":true,"href":"https:\/\/bazaar.express\/cs\/wp-json\/wp\/v2\/media\/36323"}],"wp:attachment":[{"href":"https:\/\/bazaar.express\/cs\/wp-json\/wp\/v2\/media?parent=36320"}],"wp:term":[{"taxonomy":"product_brand","embeddable":true,"href":"https:\/\/bazaar.express\/cs\/wp-json\/wp\/v2\/product_brand?post=36320"},{"taxonomy":"product_cat","embeddable":true,"href":"https:\/\/bazaar.express\/cs\/wp-json\/wp\/v2\/product_cat?post=36320"},{"taxonomy":"product_tag","embeddable":true,"href":"https:\/\/bazaar.express\/cs\/wp-json\/wp\/v2\/product_tag?post=36320"}],"curies":[{"name":"wp","href":"https:\/\/api.w.org\/{rel}","templated":true}]}}