{"id":36328,"date":"2025-01-18T22:56:39","date_gmt":"2025-01-18T22:56:39","guid":{"rendered":"https:\/\/bazaar.express\/product\/palestinsky-satek\/"},"modified":"2025-01-18T22:56:39","modified_gmt":"2025-01-18T22:56:39","slug":"palestinsky-satek","status":"publish","type":"product","link":"https:\/\/bazaar.express\/cs\/produkt\/palestinsky-satek\/","title":{"rendered":"Palestinsk\u00fd \u0161\u00e1tek"},"content":{"rendered":"<hr data-start=\"205\" data-end=\"208\" \/>\n<h2 data-start=\"210\" data-end=\"275\">Speci\u00e1ln\u00ed palestinsk\u00fd \u0161\u00e1tek: Zna\u010dka kultury a ko\u0159en\u016f<\/h2>\n<p data-start=\"277\" data-end=\"691\"><strong data-start=\"281\" data-end=\"302\">Palestinsk\u00fd \u0161\u00e1tek<\/strong> nen\u00ed jen dopl\u0148kem \u2014 je to \u017eiv\u00fd symbol kulturn\u00ed hrdosti, odporu a historick\u00e9ho d\u011bdictv\u00ed. Zn\u00e1m\u00fd po cel\u00e9m sv\u011bt\u011b sv\u00fdm odv\u00e1\u017en\u00fdm \u010dernob\u00edl\u00fdm kostkovan\u00fdm vzorem, je tento \u0161\u00e1tek nad\u010dasov\u00fdm kouskem, kter\u00fd mluv\u00ed o jednot\u011b, odolnosti a identit\u011b. Nos\u00ed ho generace Palestinc\u016f a je obdivov\u00e1n po cel\u00e9m sv\u011bt\u011b, tento \u0161\u00e1tek z\u016fst\u00e1v\u00e1 siln\u00fdm vyj\u00e1d\u0159en\u00edm ko\u0159en\u016f a spojen\u00ed.<\/p>\n<h3 data-start=\"693\" data-end=\"729\">Autentick\u00e1 kulturn\u00ed symbolika<\/h3>\n<p data-start=\"731\" data-end=\"1072\">Design tohoto \u0161\u00e1tku sah\u00e1 zp\u011bt do stalet\u00ed a je hluboce propleten\u00fd s palestinskou histori\u00ed. Kostkovan\u00fd vzor \u2014 okam\u017eit\u011b rozpoznateln\u00fd \u2014 je \u010dasto spojov\u00e1n se silou, n\u00e1rodn\u00ed hrdost\u00ed a solidaritou. Nos\u00ed se b\u011bhem oslav i protest\u016f a z\u016fst\u00e1v\u00e1 glob\u00e1ln\u00edm symbolem podpory Palestiny a jej\u00edho lidu.<\/p>\n<h3 data-start=\"1074\" data-end=\"1111\">Univerz\u00e1ln\u00ed a stylov\u00fd dopln\u011bk<\/h3>\n<p data-start=\"1113\" data-end=\"1412\">\u010casto ozna\u010dovan\u00fd jako <strong data-start=\"1138\" data-end=\"1150\">keffiyeh<\/strong>, <strong data-start=\"1152\" data-end=\"1161\">hatta<\/strong> nebo <strong data-start=\"1166\" data-end=\"1178\">yashmagh<\/strong>, je \u0161\u00e1tek tradi\u010dn\u011b no\u0161en arabsk\u00fdmi mu\u017ei, ale dnes je to unisex kousek oce\u0148ovan\u00fd pro svou funk\u010dnost i m\u00f3du. A\u0165 ho p\u0159ehod\u00edte p\u0159es ramena nebo omot\u00e1te kolem hlavy \u010di krku, slou\u017e\u00ed k r\u016fzn\u00fdm \u00fa\u010del\u016fm:<\/p>\n<ul data-start=\"1413\" data-end=\"1546\">\n<li data-start=\"1413\" data-end=\"1452\">\n<p data-start=\"1415\" data-end=\"1452\">Chr\u00e1n\u00ed p\u0159ed sluncem, v\u011btrem a prachem<\/p>\n<\/li>\n<li data-start=\"1453\" data-end=\"1498\">\n<p data-start=\"1455\" data-end=\"1498\">P\u0159id\u00e1v\u00e1 odv\u00e1\u017en\u00e9 vyj\u00e1d\u0159en\u00ed k b\u011b\u017en\u00e9mu oble\u010den\u00ed<\/p>\n<\/li>\n<li data-start=\"1499\" data-end=\"1546\">\n<p data-start=\"1501\" data-end=\"1546\">Vytv\u00e1\u0159\u00ed respektuj\u00edc\u00ed kulturn\u00ed m\u00f3dn\u00ed prohl\u00e1\u0161en\u00ed<\/p>\n<\/li>\n<\/ul>\n<h3 data-start=\"1548\" data-end=\"1586\">Vyroben\u00fd z 100% egyptsk\u00e9 bavlny<\/h3>\n<p data-start=\"1588\" data-end=\"1670\">Tento \u0161\u00e1tek je vyroben z vysoce kvalitn\u00ed, prody\u0161n\u00e9 <strong data-start=\"1640\" data-end=\"1659\">egyptsk\u00e9 bavlny<\/strong> a nab\u00edz\u00ed:<\/p>\n<ul data-start=\"1671\" data-end=\"1806\">\n<li data-start=\"1671\" data-end=\"1705\">\n<p data-start=\"1673\" data-end=\"1705\">Lehk\u00fd, ultra-m\u011bkk\u00fd pocit<\/p>\n<\/li>\n<li data-start=\"1706\" data-end=\"1751\">\n<p data-start=\"1708\" data-end=\"1751\">Vynikaj\u00edc\u00ed odolnost pro dlouhodob\u00e9 no\u0161en\u00ed<\/p>\n<\/li>\n<li data-start=\"1752\" data-end=\"1806\">\n<p data-start=\"1754\" data-end=\"1806\">Pohodl\u00ed v tepl\u00e9m i chladn\u00e9m po\u010das\u00ed<\/p>\n<\/li>\n<\/ul>\n<h3 data-start=\"1808\" data-end=\"1848\"><strong>Tradi\u010dn\u00ed rozm\u011bry a detaily<\/strong><\/h3>\n<ul data-start=\"1850\" data-end=\"2105\">\n<li data-start=\"1850\" data-end=\"1935\">\n<p data-start=\"1852\" data-end=\"1935\"><strong data-start=\"1852\" data-end=\"1861\">Velikost:<\/strong> 130 cm x 130 cm \u2013 \u0161t\u011bdr\u00fd st\u0159ih pro pln\u00e9 pokryt\u00ed a flexibiln\u00ed stylizaci<\/p>\n<\/li>\n<li data-start=\"1936\" data-end=\"2029\">\n<p data-start=\"1938\" data-end=\"2029\"><strong data-start=\"1938\" data-end=\"1949\">Design:<\/strong> Klasick\u00fd \u010dernob\u00edl\u00fd kostkovan\u00fd vzor s m\u011bkk\u00fdmi lemovan\u00fdmi nebo t\u0159\u00e1sen\u00fdmi okraji<\/p>\n<\/li>\n<li data-start=\"2030\" data-end=\"2105\">\n<p data-start=\"2032\" data-end=\"2105\"><strong data-start=\"2032\" data-end=\"2044\">Textura:<\/strong> Hladk\u00e1 a prody\u0161n\u00e1, navr\u017een\u00e1 pro jemn\u00fd pocit na k\u016f\u017ei<\/p>\n<\/li>\n<\/ul>\n<h3 data-start=\"2107\" data-end=\"2135\">Glob\u00e1ln\u00ed kulturn\u00ed ikona<\/h3>\n<p data-start=\"2137\" data-end=\"2408\">Palestinsk\u00fd \u0161\u00e1tek se stal mezin\u00e1rodn\u011b uzn\u00e1van\u00fdm d\u00edky politick\u00fdm v\u016fdc\u016fm jako <strong data-start=\"2226\" data-end=\"2243\">Yasser Arafat<\/strong>, kter\u00fd ho nosil po cel\u00fd sv\u016fj \u017eivot. Dnes pokra\u010duje v symbolizaci spravedlnosti, svobody a kulturn\u00ed hrdosti \u2014 co\u017e z n\u011bj \u010din\u00ed smyslupln\u00fd d\u00e1rek nebo osobn\u00ed suven\u00fdr.<\/p>\n<h3 data-start=\"2410\" data-end=\"2432\">Pro koho je ur\u010den?<\/h3>\n<ul data-start=\"2434\" data-end=\"2740\">\n<li data-start=\"2434\" data-end=\"2532\">\n<p data-start=\"2436\" data-end=\"2532\"><strong data-start=\"2436\" data-end=\"2461\">Milovn\u00edci kultury:<\/strong> Ide\u00e1ln\u00ed pro ty, kte\u0159\u00ed oce\u0148uj\u00ed bl\u00edzkov\u00fdchodn\u00ed historii a d\u011bdictv\u00ed<\/p>\n<\/li>\n<li data-start=\"2533\" data-end=\"2639\">\n<p data-start=\"2535\" data-end=\"2639\"><strong data-start=\"2535\" data-end=\"2563\">Cestovatel\u00e9 a dobrodruzi:<\/strong> Pou\u017e\u00edvejte ho k ochran\u011b v pou\u0161tn\u00edm klimatu, na pl\u00e1\u017ei, t\u00far\u00e1ch nebo festivalech<\/p>\n<\/li>\n<li data-start=\"2640\" data-end=\"2740\">\n<p data-start=\"2642\" data-end=\"2740\"><strong data-start=\"2642\" data-end=\"2661\">Milovn\u00edci m\u00f3dy:<\/strong> Kombinujte ho s modern\u00edm oble\u010den\u00edm pro v\u00fdrazn\u00fd vzhled pln\u00fd smyslu a tradice<\/p>\n<\/li>\n<\/ul>\n<h3 data-start=\"2747\" data-end=\"2788\">Pro\u010d si vybrat n\u00e1\u0161 palestinsk\u00fd \u0161\u00e1tek?<\/h3>\n<p data-start=\"2790\" data-end=\"3080\">\u2705 <strong data-start=\"2792\" data-end=\"2816\">Autentick\u00e1 symbolika:<\/strong> Nos\u00edte ho na po\u010dest generac\u00ed palestinsk\u00e9ho d\u011bdictv\u00ed<br data-start=\"2869\" data-end=\"2872\" \/>\u2705 <strong data-start=\"2874\" data-end=\"2896\">Pohodl\u00ed a kvalita:<\/strong> Lehk\u00e1, prody\u0161n\u00e1 egyptsk\u00e1 bavlna \u2014 vyroben\u00e1 na dlouho<br data-start=\"2951\" data-end=\"2954\" \/>\u2705 <strong data-start=\"2956\" data-end=\"2973\">Unisex styl:<\/strong> Ide\u00e1ln\u00ed pro mu\u017ee i \u017eeny<br data-start=\"3004\" data-end=\"3007\" \/>\u2705 <strong data-start=\"3009\" data-end=\"3030\">Sv\u011btov\u00fd ohlas:<\/strong> M\u00f3dn\u00ed kousek s hlubok\u00fdmi kulturn\u00edmi ko\u0159eny<\/p>\n<p data-start=\"3396\" data-end=\"3642\"><strong data-start=\"3396\" data-end=\"3443\">Z\u00edskejte si kus historie a identity.<\/strong><br data-start=\"3443\" data-end=\"3446\" \/>A\u0165 u\u017e vyjad\u0159ujete podporu, obj\u00edm\u00e1te d\u011bdictv\u00ed nebo zvy\u0161ujete sv\u016fj styl \u2014 <strong data-start=\"3528\" data-end=\"3549\">palestinsk\u00fd \u0161\u00e1tek<\/strong> je v\u00edce ne\u017e jen od\u011bv. Je to prohl\u00e1\u0161en\u00ed.<\/p>\n<p data-start=\"3396\" data-end=\"3642\"><strong data-start=\"3594\" data-end=\"3640\">Objednejte si nyn\u00ed a noste kulturu s hrdost\u00ed.<\/strong><\/p>\n<p style=\"text-align: center;\">D\u011bkujeme za n\u00e1kup v <em data-start=\"415\" data-end=\"431\"><a href=\"https:\/\/bazaar.express\/\">Bazaar Express<\/a><\/em> \u2013 jsme nad\u0161en\u00ed, \u017ee jste u n\u00e1s!<\/p>\n<p style=\"text-align: center;\">Od m\u011bkkosti k s\u00edle \u2014 nic se nevyrovn\u00e1 <a href=\"https:\/\/bazaar.express\/product-category\/cotton\/\">pr\u00e9miov\u00e9 bavln\u011b<\/a>.<\/p>\n","protected":false},"excerpt":{"rendered":"<h3>Tento ikonick\u00fd palestinsk\u00fd \u0161\u00e1tek s tradi\u010dn\u00edm \u010dernob\u00edl\u00fdm kostkovan\u00fdm designem a m\u011bkk\u00fdm lemov\u00e1n\u00edm je vyroben z 100% prody\u0161n\u00e9 egyptsk\u00e9 bavlny. Odv\u00e1\u017en\u00e9 vyj\u00e1d\u0159en\u00ed kultury, historie a solidarity \u2014 noste ho s hrdost\u00ed a smyslem.<\/h3>\n","protected":false},"featured_media":36332,"comment_status":"open","ping_status":"closed","template":"","meta":[],"product_brand":[],"product_cat":[831],"product_tag":[920,893],"class_list":{"0":"post-36328","1":"product","2":"type-product","3":"status-publish","4":"has-post-thumbnail","6":"product_cat-bavlna-premium","7":"product_tag-bavlna","8":"product_tag-suvenyry","10":"first","11":"instock","12":"shipping-taxable","13":"purchasable","14":"product-type-simple"},"_links":{"self":[{"href":"https:\/\/bazaar.express\/cs\/wp-json\/wp\/v2\/product\/36328","targetHints":{"allow":["GET"]}}],"collection":[{"href":"https:\/\/bazaar.express\/cs\/wp-json\/wp\/v2\/product"}],"about":[{"href":"https:\/\/bazaar.express\/cs\/wp-json\/wp\/v2\/types\/product"}],"replies":[{"embeddable":true,"href":"https:\/\/bazaar.express\/cs\/wp-json\/wp\/v2\/comments?post=36328"}],"wp:featuredmedia":[{"embeddable":true,"href":"https:\/\/bazaar.express\/cs\/wp-json\/wp\/v2\/media\/36332"}],"wp:attachment":[{"href":"https:\/\/bazaar.express\/cs\/wp-json\/wp\/v2\/media?parent=36328"}],"wp:term":[{"taxonomy":"product_brand","embeddable":true,"href":"https:\/\/bazaar.express\/cs\/wp-json\/wp\/v2\/product_brand?post=36328"},{"taxonomy":"product_cat","embeddable":true,"href":"https:\/\/bazaar.express\/cs\/wp-json\/wp\/v2\/product_cat?post=36328"},{"taxonomy":"product_tag","embeddable":true,"href":"https:\/\/bazaar.express\/cs\/wp-json\/wp\/v2\/product_tag?post=36328"}],"curies":[{"name":"wp","href":"https:\/\/api.w.org\/{rel}","templated":true}]}}