{"id":36333,"date":"2025-01-18T22:34:17","date_gmt":"2025-01-18T22:34:17","guid":{"rendered":"https:\/\/bazaar.express\/product\/arafatka-arabsky-satek\/"},"modified":"2025-01-18T22:34:17","modified_gmt":"2025-01-18T22:34:17","slug":"arafatka-arabsky-satek","status":"publish","type":"product","link":"https:\/\/bazaar.express\/cs\/produkt\/arafatka-arabsky-satek\/","title":{"rendered":"Arafatka &#8211; Arabsk\u00fd \u0161\u00e1tek"},"content":{"rendered":"<h2 data-start=\"226\" data-end=\"316\"><strong data-start=\"229\" data-end=\"316\">Arafatka &#8211; Arabsk\u00fd \u0161\u00e1tek: Nejlep\u0161\u00ed multifunk\u010dn\u00ed dopl\u0148ek pro ka\u017ed\u00e9 dobrodru\u017estv\u00ed<\/strong><\/h2>\n<h3 data-start=\"318\" data-end=\"366\"><strong data-start=\"322\" data-end=\"366\">Stylov\u00fd symbol u\u017eitkovosti a d\u011bdictv\u00ed<\/strong><\/h3>\n<p data-start=\"368\" data-end=\"838\"><strong data-start=\"372\" data-end=\"399\">Arafatka &#8211; Arabsk\u00fd \u0161\u00e1tek<\/strong> je v\u00edce ne\u017e jen kus l\u00e1tky \u2013 je to odv\u00e1\u017en\u00e1 f\u00faze kulturn\u00ed identity, funk\u010dnosti a nad\u010dasov\u00e9 m\u00f3dy. Tento ikonick\u00fd \u0161\u00e1tek, inspirovan\u00fd tradi\u010dn\u00edmi arabsk\u00fdmi a palestinsk\u00fdmi keffiyeh, je ide\u00e1ln\u00ed pro dobrodruhy, pr\u016fzkumn\u00edky m\u011bst a lidi s m\u00f3dn\u00edm smyslem. A\u0165 se chr\u00e1n\u00edte p\u0159ed sluncem a p\u00edskem nebo stylizujete sv\u016fj outfit s eleganc\u00ed, Arafatka nab\u00edz\u00ed pohodl\u00ed, ochranu a v\u0161estrannost v jednom mocn\u00e9m dopl\u0148ku.<\/p>\n<p data-start=\"840\" data-end=\"1161\">Vyroben\u00fd z m\u011bkk\u00e9, prody\u0161n\u00e9 <strong data-start=\"872\" data-end=\"890\">p\u0159\u00edrodn\u00ed tkaniny<\/strong>, tento \u0161\u00e1tek je navr\u017een tak, aby odolal m\u011bn\u00edc\u00edm se klimatick\u00fdm podm\u00ednk\u00e1m, od intenzivn\u00edho tepla po chladn\u00e9 v\u011btry. S rozm\u011bry <strong data-start=\"992\" data-end=\"1008\">120 x 100 cm<\/strong> umo\u017e\u0148uje jeho velkorys\u00e1 velikost no\u0161en\u00ed mnoha zp\u016fsoby: kolem hlavy, krku nebo obli\u010deje \u2013 co\u017e z n\u011bj \u010din\u00ed perfektn\u00edho spole\u010dn\u00edka na cesty pro mu\u017ee i \u017eeny.<\/p>\n<h3 data-start=\"1168\" data-end=\"1188\"><strong data-start=\"1172\" data-end=\"1188\">Kl\u00ed\u010dov\u00e9 vlastnosti<\/strong><\/h3>\n<h4 data-start=\"1190\" data-end=\"1222\"><strong data-start=\"1195\" data-end=\"1222\">\u00a0V\u0161estrann\u00e9 no\u0161en\u00ed<\/strong><\/h4>\n<p data-start=\"1223\" data-end=\"1354\">Pou\u017e\u00edvejte ho jako <strong data-start=\"1235\" data-end=\"1292\">\u010delenku, \u0161\u00e1tku na hlavu, pokr\u00fdvku obli\u010deje, shemagh nebo obvaz na krk<\/strong> \u2013 Arafatka se p\u0159izp\u016fsob\u00ed va\u0161emu prost\u0159ed\u00ed, aktivit\u011b a stylu.<\/p>\n<h4 data-start=\"1356\" data-end=\"1393\"><strong data-start=\"1361\" data-end=\"1393\">\u00a0Ochrana p\u0159ipraven\u00e1 na po\u010das\u00ed<\/strong><\/h4>\n<p data-start=\"1394\" data-end=\"1500\">Od drsn\u00e9ho pou\u0161tn\u00edho tepla a prachu po horsk\u00e9 v\u011btry a chlad \u2013 tento \u0161\u00e1tek v\u00e1s chr\u00e1n\u00ed p\u0159ed extr\u00e9my p\u0159\u00edrody.<\/p>\n<h4 data-start=\"1502\" data-end=\"1540\"><strong data-start=\"1507\" data-end=\"1540\">\u00a0M\u011bkk\u00fd, prody\u0161n\u00fd a odoln\u00fd<\/strong><\/h4>\n<p data-start=\"1541\" data-end=\"1671\">Utk\u00e1n\u00fd z vysoce kvalitn\u00ed <strong data-start=\"1565\" data-end=\"1583\">p\u0159\u00edrodn\u00ed tkaniny<\/strong>, Arafatka v\u00e1s udr\u017e\u00ed v chladu v l\u00e9t\u011b, v teple v zim\u011b a v pohodl\u00ed po cel\u00fd rok.<\/p>\n<h4 data-start=\"1673\" data-end=\"1713\"><strong data-start=\"1678\" data-end=\"1713\">\u00a0Ide\u00e1ln\u00ed pro venkovn\u00ed aktivity<\/strong><\/h4>\n<p data-start=\"1714\" data-end=\"1843\">A\u0165 se <strong data-start=\"1729\" data-end=\"1784\">turistika, kempov\u00e1n\u00ed, ryba\u0159en\u00ed, j\u00edzda na ATV nebo cestov\u00e1n\u00ed<\/strong>, tento \u0161\u00e1tek je nezbytnost\u00ed pro ka\u017ed\u00e9ho, kdo miluje dobrodru\u017estv\u00ed.<\/p>\n<h4 data-start=\"1845\" data-end=\"1879\"><strong data-start=\"1850\" data-end=\"1879\">\u00a0Unisex a stylov\u00fd<\/strong><\/h4>\n<p data-start=\"1880\" data-end=\"2002\">Jeho <strong data-start=\"1884\" data-end=\"1921\">nad\u010dasov\u00fd design a neutr\u00e1ln\u00ed t\u00f3ny<\/strong> ho \u010din\u00ed vhodn\u00fdm pro v\u0161echna pohlav\u00ed a \u0161atn\u00edky \u2013 od taktick\u00e9ho vybaven\u00ed po streetwear.<\/p>\n<h3 data-start=\"2009\" data-end=\"2031\"><strong data-start=\"2013\" data-end=\"2031\">Dostupn\u00e1 velikost<\/strong><\/h3>\n<p data-start=\"2033\" data-end=\"2138\"><strong data-start=\"2036\" data-end=\"2055\">120 cm x 100 cm<\/strong><br data-start=\"2055\" data-end=\"2058\" \/>Velk\u00fd, snadno omotateln\u00fd form\u00e1t pro maxim\u00e1ln\u00ed pokryt\u00ed a v\u0161estrann\u00e9 stylov\u00e9 mo\u017enosti.<\/p>\n<h3 data-start=\"2145\" data-end=\"2173\"><strong data-start=\"2149\" data-end=\"2173\">Pro koho je ide\u00e1ln\u00ed<\/strong><\/h3>\n<ul data-start=\"2175\" data-end=\"2477\">\n<li data-start=\"2175\" data-end=\"2249\">\n<p data-start=\"2177\" data-end=\"2249\"><strong data-start=\"2181\" data-end=\"2199\">Milovn\u00edci p\u0159\u00edrody<\/strong>: Turist\u00e9, kempi, lovci a pr\u016fzkumn\u00edci p\u0159\u00edrody<\/p>\n<\/li>\n<li data-start=\"2250\" data-end=\"2327\">\n<p data-start=\"2252\" data-end=\"2327\"><strong data-start=\"2255\" data-end=\"2279\">Cestovatel\u00e9 a cyklist\u00e9<\/strong>: Ochrana p\u0159ed prachem na silnici, v\u011btrem a teplem<\/p>\n<\/li>\n<li data-start=\"2328\" data-end=\"2403\">\n<p data-start=\"2330\" data-end=\"2403\"><strong data-start=\"2333\" data-end=\"2356\">M\u00f3dn\u00ed nad\u0161enci<\/strong>: P\u0159idejte kulturn\u00ed a drsn\u00fd n\u00e1dech k jak\u00e9mukoli outfitu<\/p>\n<\/li>\n<li data-start=\"2404\" data-end=\"2477\">\n<p data-start=\"2406\" data-end=\"2477\"><strong data-start=\"2409\" data-end=\"2424\">Mu\u017ei a \u017eeny<\/strong>: Unisex dopl\u0148ek, kter\u00fd spojuje u\u017eitkovost a eleganci<\/p>\n<\/li>\n<\/ul>\n<h3 data-start=\"2484\" data-end=\"2531\"><strong data-start=\"2488\" data-end=\"2531\">Pro\u010d si vybrat Arafatku &#8211; Arabsk\u00fd \u0161\u00e1tek?<\/strong><\/h3>\n<ul data-start=\"2533\" data-end=\"2757\">\n<li data-start=\"2533\" data-end=\"2584\">\n<p data-start=\"2535\" data-end=\"2584\">\u2705 <strong data-start=\"2537\" data-end=\"2548\">Odoln\u00fd<\/strong>: Vyroben\u00fd tak, aby vydr\u017eel drsnou z\u00e1t\u011b\u017e<\/p>\n<\/li>\n<li data-start=\"2585\" data-end=\"2638\">\n<p data-start=\"2587\" data-end=\"2638\">\u2705 <strong data-start=\"2589\" data-end=\"2603\">Prody\u0161n\u00fd<\/strong>: P\u0159\u00edrodn\u00ed pohodl\u00ed v ka\u017ed\u00e9m ro\u010dn\u00edm obdob\u00ed<\/p>\n<\/li>\n<li data-start=\"2639\" data-end=\"2704\">\n<p data-start=\"2641\" data-end=\"2704\">\u2705 <strong data-start=\"2643\" data-end=\"2655\">Symbolick\u00fd<\/strong>: Nos\u00edte ho jako odznak d\u011bdictv\u00ed a odolnosti<\/p>\n<\/li>\n<li data-start=\"2705\" data-end=\"2757\">\n<p data-start=\"2707\" data-end=\"2757\">\u2705 <strong data-start=\"2709\" data-end=\"2720\">Stylov\u00fd<\/strong>: V\u017edy v trendu, v\u017edy vhodn\u00fd<\/p>\n<\/li>\n<\/ul>\n<h2 data-start=\"3133\" data-end=\"3174\"><strong data-start=\"3136\" data-end=\"3174\">Vlastn\u011bte kousek kultury a u\u017eitkovosti<\/strong><\/h2>\n<p data-start=\"3176\" data-end=\"3400\">A\u0165 se vyd\u00e1v\u00e1te do p\u0159\u00edrody nebo se obl\u00e9k\u00e1te do m\u011bsta, <strong data-start=\"3244\" data-end=\"3271\">Arafatka &#8211; Arabsk\u00fd \u0161\u00e1tek<\/strong> nab\u00edz\u00ed nep\u0159ekonatelnou prakti\u010dnost s v\u00fdznamn\u00fdm kulturn\u00edm n\u00e1dechem. To nen\u00ed jen \u0161\u00e1tek \u2013 je to p\u0159\u00edb\u011bh, \u0161t\u00edt a prohl\u00e1\u0161en\u00ed.<\/p>\n<p data-start=\"3402\" data-end=\"3474\">\ud83d\uded2 <strong data-start=\"3405\" data-end=\"3474\">Kupte nyn\u00ed a p\u0159ineste do sv\u00e9ho \u017eivota d\u011bdictv\u00ed, styl a ochranu.<\/strong><\/p>\n<p style=\"text-align: center;\">D\u011bkujeme za n\u00e1kup v <em data-start=\"415\" data-end=\"431\"><a href=\"https:\/\/bazaar.express\/\">Bazaar Express<\/a><\/em> \u2013 jsme nad\u0161en\u00ed, \u017ee jste u n\u00e1s!<\/p>\n<p style=\"text-align: center;\">Od m\u011bkkosti po pevnost \u2013 nic se nevyrovn\u00e1 <a href=\"https:\/\/bazaar.express\/product-category\/cotton\/\">Prvot\u0159\u00eddn\u00ed bavln\u011b<\/a>.<\/p>\n","protected":false},"excerpt":{"rendered":"<h3>Arafatka, arabsk\u00fd \u0161\u00e1tek, je odoln\u00fd, prody\u0161n\u00fd a multifunk\u010dn\u00ed \u0161\u00e1tek ide\u00e1ln\u00ed pro venkovn\u00ed dobrodru\u017estv\u00ed a ka\u017edodenn\u00ed m\u00f3du. Vyroben\u00fd z p\u0159\u00edrodn\u00ed tkaniny nab\u00edz\u00ed ochranu p\u0159ed prvky a stylov\u00fd n\u00e1dech k jak\u00e9mukoli outfitu.<\/h3>\n","protected":false},"featured_media":36336,"comment_status":"open","ping_status":"closed","template":"","meta":[],"product_brand":[],"product_cat":[831,788],"product_tag":[920,893],"class_list":{"0":"post-36333","1":"product","2":"type-product","3":"status-publish","4":"has-post-thumbnail","6":"product_cat-bavlna-premium","7":"product_cat-to-nejlepsi-z-egypta","8":"product_tag-bavlna","9":"product_tag-suvenyry","11":"first","12":"instock","13":"shipping-taxable","14":"purchasable","15":"product-type-simple"},"_links":{"self":[{"href":"https:\/\/bazaar.express\/cs\/wp-json\/wp\/v2\/product\/36333","targetHints":{"allow":["GET"]}}],"collection":[{"href":"https:\/\/bazaar.express\/cs\/wp-json\/wp\/v2\/product"}],"about":[{"href":"https:\/\/bazaar.express\/cs\/wp-json\/wp\/v2\/types\/product"}],"replies":[{"embeddable":true,"href":"https:\/\/bazaar.express\/cs\/wp-json\/wp\/v2\/comments?post=36333"}],"wp:featuredmedia":[{"embeddable":true,"href":"https:\/\/bazaar.express\/cs\/wp-json\/wp\/v2\/media\/36336"}],"wp:attachment":[{"href":"https:\/\/bazaar.express\/cs\/wp-json\/wp\/v2\/media?parent=36333"}],"wp:term":[{"taxonomy":"product_brand","embeddable":true,"href":"https:\/\/bazaar.express\/cs\/wp-json\/wp\/v2\/product_brand?post=36333"},{"taxonomy":"product_cat","embeddable":true,"href":"https:\/\/bazaar.express\/cs\/wp-json\/wp\/v2\/product_cat?post=36333"},{"taxonomy":"product_tag","embeddable":true,"href":"https:\/\/bazaar.express\/cs\/wp-json\/wp\/v2\/product_tag?post=36333"}],"curies":[{"name":"wp","href":"https:\/\/api.w.org\/{rel}","templated":true}]}}