{"id":36337,"date":"2025-01-18T22:09:45","date_gmt":"2025-01-18T22:09:45","guid":{"rendered":"https:\/\/bazaar.express\/product\/poustni-satek-arabsky-zavoj-a-sal\/"},"modified":"2025-01-18T22:09:45","modified_gmt":"2025-01-18T22:09:45","slug":"poustni-satek-arabsky-zavoj-a-sal","status":"publish","type":"product","link":"https:\/\/bazaar.express\/cs\/produkt\/poustni-satek-arabsky-zavoj-a-sal\/","title":{"rendered":"Pou\u0161tn\u00ed \u0161\u00e1tek &#8211; Arabsk\u00fd z\u00e1voj a \u0161\u00e1l"},"content":{"rendered":"<h2 data-start=\"210\" data-end=\"295\"><strong data-start=\"213\" data-end=\"295\">Pou\u0161tn\u00ed \u0161\u00e1tek: Nejlep\u0161\u00ed arabsk\u00fd z\u00e1voj a \u0161\u00e1l pro ochranu p\u0159ed sluncem, p\u00edskem a v\u011btrem<\/strong><\/h2>\n<h3 data-start=\"297\" data-end=\"366\"><strong data-start=\"301\" data-end=\"366\">Klasick\u00fd bl\u00edzkov\u00fdchodn\u00ed dopln\u011bk pro pohodl\u00ed a ochranu<\/strong><\/h3>\n<p data-start=\"368\" data-end=\"753\">Pou\u0161tn\u00ed \u0161\u00e1tek, zn\u00e1m\u00fd tak\u00e9 jako <strong data-start=\"408\" data-end=\"421\">arabsk\u00fd z\u00e1voj<\/strong> nebo <strong data-start=\"425\" data-end=\"439\">arabsk\u00fd \u0161\u00e1l<\/strong>, je v\u00edce ne\u017e jen m\u00f3dn\u00ed dopln\u011bk \u2013 jedn\u00e1 se o <strong data-start=\"486\" data-end=\"517\">funk\u010dn\u00ed a ikonick\u00fd kousek<\/strong> zako\u0159en\u011bn\u00fd v arabsk\u00e9m d\u011bdictv\u00ed a navr\u017een\u00fd pro odolnost. A\u0165 u\u017e proch\u00e1z\u00edte pou\u0161tn\u00edmi krajinami, objevujete starov\u011bk\u00e9 ruiny nebo si u\u017e\u00edv\u00e1te proch\u00e1zku ve v\u011btrn\u00e9m dni, tento \u0161\u00e1tek je va\u0161\u00edm <strong data-start=\"703\" data-end=\"752\">nejlep\u0161\u00edm spole\u010dn\u00edkem pro ochranu a pohodl\u00ed<\/strong>.<\/p>\n<p data-start=\"755\" data-end=\"1166\">Vyroben\u00fd z <strong data-start=\"768\" data-end=\"794\">prody\u0161n\u00e9 100% bavlny<\/strong> je pou\u0161tn\u00ed \u0161\u00e1tek <strong data-start=\"821\" data-end=\"848\">lehk\u00fd a odoln\u00fd<\/strong>, co\u017e zaji\u0161\u0165uje pohodl\u00ed jak v horku, tak v chladn\u011bj\u0161\u00edm po\u010das\u00ed. Jeho <strong data-start=\"910\" data-end=\"932\">rychle schnouc\u00ed tkanina<\/strong> je ide\u00e1ln\u00ed pro cestov\u00e1n\u00ed a venkovn\u00ed dobrodru\u017estv\u00ed. Snadno se omot\u00e1v\u00e1 kolem hlavy, krku nebo ramen, aby v\u00e1s chr\u00e1nil p\u0159ed <strong data-start=\"1051\" data-end=\"1098\">p\u00e1l\u00edc\u00edm sluncem, v\u00ed\u0159\u00edc\u00edm p\u00edskem a drsn\u00fdmi v\u011btry<\/strong>, p\u0159i\u010dem\u017e dod\u00e1v\u00e1 va\u0161emu outfitu n\u00e1dech <strong data-start=\"1129\" data-end=\"1150\">kulturn\u00ed elegance<\/strong>.<\/p>\n<h3 data-start=\"1173\" data-end=\"1193\"><strong data-start=\"1177\" data-end=\"1193\">Kl\u00ed\u010dov\u00e9 vlastnosti<\/strong><\/h3>\n<h4 data-start=\"1195\" data-end=\"1227\"><strong data-start=\"1200\" data-end=\"1227\">V\u00edce\u00fa\u010delov\u00e1 u\u017eite\u010dnost<\/strong><\/h4>\n<p data-start=\"1228\" data-end=\"1408\">Pou\u017e\u00edvejte ho jako \u0161\u00e1tek na hlavu, obvaz na krk, \u0161t\u00edt na obli\u010dej nebo dokonce ru\u010dn\u00edk v nouzi. Pou\u0161tn\u00ed \u0161\u00e1tek se p\u0159izp\u016fsob\u00ed va\u0161im pot\u0159eb\u00e1m, a\u0165 u\u017e trekujete, jezd\u00edte na kole, kempujete nebo prohl\u00ed\u017e\u00edte pam\u00e1tky.<\/p>\n<h4 data-start=\"1410\" data-end=\"1442\"><strong data-start=\"1415\" data-end=\"1442\">Autentick\u00fd lem z t\u0159\u00e1sn\u00ed<\/strong><\/h4>\n<p data-start=\"1443\" data-end=\"1568\">Stylov\u00e9 t\u0159\u00e1sn\u011b na konc\u00edch dod\u00e1vaj\u00ed tomuto \u0161\u00e1tku <strong data-start=\"1489\" data-end=\"1514\">prav\u00fd bedu\u00ednsk\u00fd n\u00e1dech<\/strong> a p\u0159id\u00e1vaj\u00ed autentick\u00fd kulturn\u00ed \u0161arm va\u0161emu vzhledu.<\/p>\n<h4 data-start=\"1570\" data-end=\"1608\"><strong data-start=\"1575\" data-end=\"1608\">Odoln\u00fd v\u016f\u010di po\u010das\u00ed a trvanliv\u00fd<\/strong><\/h4>\n<p data-start=\"1609\" data-end=\"1734\">Navr\u017een\u00fd tak, aby odolal pou\u0161tn\u00edm v\u011btr\u016fm a slune\u010dn\u00edmu z\u00e1\u0159en\u00ed, je tento \u0161\u00e1tek ide\u00e1ln\u00ed pro extr\u00e9mn\u00ed prost\u0159ed\u00ed a <strong data-start=\"1708\" data-end=\"1733\">dlouhodob\u00e9 venkovn\u00ed pou\u017eit\u00ed<\/strong>.<\/p>\n<h4 data-start=\"1736\" data-end=\"1761\"><strong data-start=\"1741\" data-end=\"1761\">Rychle schnouc\u00ed bavlna<\/strong><\/h4>\n<p data-start=\"1762\" data-end=\"1879\">Vyroben\u00fd z <strong data-start=\"1772\" data-end=\"1795\">100% p\u0159\u00edrodn\u00ed bavlny<\/strong> absorbuje pot a rychle schne \u2013 udr\u017euje v\u00e1s v chladu a sv\u011b\u017e\u00edm b\u011bhem jak\u00e9koli aktivity.<\/p>\n<h4 data-start=\"1881\" data-end=\"1907\"><strong data-start=\"1886\" data-end=\"1907\">Uniseks a nad\u010dasov\u00fd<\/strong><\/h4>\n<p data-start=\"1908\" data-end=\"2057\">Navr\u017een\u00fd pro <strong data-start=\"1921\" data-end=\"1943\">mu\u017ee i \u017eeny<\/strong>, pou\u0161tn\u00ed \u0161\u00e1tek je k dispozici v klasick\u00fdch barv\u00e1ch jako b\u00edl\u00e1, \u010dern\u00e1 a n\u00e1mo\u0159nick\u00e1 modr\u00e1, co\u017e usnad\u0148uje slad\u011bn\u00ed s jakoukoli garder\u00f3bou.<\/p>\n<h4 data-start=\"2059\" data-end=\"2083\"><strong data-start=\"2064\" data-end=\"2083\">Glob\u00e1ln\u00ed obl\u00edbenec<\/strong><\/h4>\n<p data-start=\"2084\" data-end=\"2220\">I kdy\u017e je zako\u0159en\u011bn\u00fd v bl\u00edzkov\u00fdchodn\u00ed tradici, tento \u0161\u00e1tek miluj\u00ed dobrodru\u017ei, milovn\u00edci m\u00f3dy a prakti\u010dt\u00ed cestovatel\u00e9 po cel\u00e9m sv\u011bt\u011b.<\/p>\n<h3 data-start=\"2227\" data-end=\"2249\"><strong data-start=\"2231\" data-end=\"2249\">Dostupn\u00e1 velikost<\/strong><\/h3>\n<ul data-start=\"2250\" data-end=\"2336\">\n<li data-start=\"2250\" data-end=\"2336\">\n<p data-start=\"2252\" data-end=\"2336\"><strong data-start=\"2252\" data-end=\"2271\">100 cm \u00d7 100 cm<\/strong> \u2013 Dokonal\u00e1 \u010dtvercov\u00e1 velikost pro v\u00edce styl\u016f a snadn\u00e9 omot\u00e1v\u00e1n\u00ed.<\/p>\n<\/li>\n<\/ul>\n<h3 data-start=\"2343\" data-end=\"2386\"><strong data-start=\"2347\" data-end=\"2386\">Kdo by m\u011bl vybrat pou\u0161tn\u00ed \u0161\u00e1tek?<\/strong><\/h3>\n<ul data-start=\"2388\" data-end=\"2733\">\n<li data-start=\"2388\" data-end=\"2470\">\n<p data-start=\"2390\" data-end=\"2470\"><strong data-start=\"2393\" data-end=\"2424\">Cestovatel\u00e9 a kempi v pou\u0161ti:<\/strong> Z\u016fsta\u0148te chr\u00e1n\u011bni b\u011bhem sv\u00fdch divok\u00fdch dobrodru\u017estv\u00ed.<\/p>\n<\/li>\n<li data-start=\"2471\" data-end=\"2548\">\n<p data-start=\"2473\" data-end=\"2548\"><strong data-start=\"2477\" data-end=\"2501\">Milovn\u00edci venkova:<\/strong> Chodte, jezd\u011bte na kole nebo objevujte v pohodl\u00ed a stylu.<\/p>\n<\/li>\n<li data-start=\"2549\" data-end=\"2639\">\n<p data-start=\"2551\" data-end=\"2639\"><strong data-start=\"2554\" data-end=\"2584\">Osoby citliv\u00e9 na slunce:<\/strong> Vyhn\u011bte se slune\u010dn\u00edmu pop\u00e1len\u00ed s lehk\u00fdm, prody\u0161n\u00fdm kryt\u00edm.<\/p>\n<\/li>\n<li data-start=\"2640\" data-end=\"2733\">\n<p data-start=\"2642\" data-end=\"2733\"><strong data-start=\"2645\" data-end=\"2674\">Stylov\u011b uv\u011bdom\u011bl\u00ed nakupuj\u00edc\u00ed:<\/strong> P\u0159idejte v\u0161estrann\u00fd dopln\u011bk, kter\u00fd je trendy i nad\u010dasov\u00fd.<\/p>\n<\/li>\n<\/ul>\n<h2 data-start=\"2740\" data-end=\"2775\"><strong data-start=\"2743\" data-end=\"2775\">Pro\u010d vybrat pou\u0161tn\u00ed \u0161\u00e1tek?<\/strong><\/h2>\n<h3 data-start=\"2777\" data-end=\"2811\"><strong data-start=\"2781\" data-end=\"2811\">Ochrana p\u0159ed po\u010das\u00edm na cel\u00fd den<\/strong><\/h3>\n<p data-start=\"2812\" data-end=\"2957\">A\u0165 v\u00e1s chr\u00e1n\u00ed p\u0159ed pou\u0161tn\u00edm sluncem nebo udr\u017euje v\u00edtr pry\u010d z krku v chladu, tento \u0161\u00e1tek nab\u00edz\u00ed <strong data-start=\"2927\" data-end=\"2956\">p\u0159\u00edrodn\u00ed a spolehlivou obranu<\/strong>.<\/p>\n<h3 data-start=\"2959\" data-end=\"2988\"><strong data-start=\"2963\" data-end=\"2988\">Pohodl\u00ed setk\u00e1v\u00e1 se kulturou<\/strong><\/h3>\n<p data-start=\"2989\" data-end=\"3125\">S autentick\u00fdmi arabsk\u00fdmi ko\u0159eny a modern\u00edm p\u0159ita\u017elivost\u00ed bezprobl\u00e9mov\u011b spojuje <strong data-start=\"3063\" data-end=\"3092\">tradi\u010dn\u00ed \u0159emeslnou zru\u010dnost<\/strong> s <strong data-start=\"3098\" data-end=\"3124\">m\u00f3dn\u00edm designem<\/strong>.<\/p>\n<h3 data-start=\"3127\" data-end=\"3151\"><strong data-start=\"3131\" data-end=\"3151\">Snadn\u00e1 \u00fadr\u017eba<\/strong><\/h3>\n<p data-start=\"3152\" data-end=\"3259\">Bavln\u011bn\u00e1 tkanina znamen\u00e1, \u017ee je snadno \u010distiteln\u00e1, rychle schnouc\u00ed a z\u016fst\u00e1v\u00e1 vynikaj\u00edc\u00edm tvaru i po opakovan\u00e9m pou\u017eit\u00ed.<\/p>\n<p data-start=\"3266\" data-end=\"3535\">Ru\u010dn\u011b vyroben\u00fd s p\u00e9\u010d\u00ed v <strong data-start=\"3291\" data-end=\"3300\">Egypt\u011b<\/strong> p\u0159edstavuje tento pou\u0161tn\u00ed \u0161\u00e1tek <strong data-start=\"3333\" data-end=\"3383\">sm\u011bs historie, funk\u010dnosti a glob\u00e1ln\u00ed m\u00f3dy<\/strong>. Nen\u00ed to jen z\u00e1voj \u2013 je to <strong data-start=\"3413\" data-end=\"3436\">\u017eivotn\u00ed nutnost<\/strong>, kter\u00e1 funguje v\u0161ude, kam v\u00e1s va\u0161e cesta zavede, od pou\u0161tn\u00edch p\u00edsk\u016f po ru\u0161n\u00e9 m\u011bstsk\u00e9 ulice.<\/p>\n<p data-start=\"3862\" data-end=\"4037\"><strong data-start=\"3862\" data-end=\"3964\">Z\u00edskejte si dnes sv\u016fj pou\u0161tn\u00ed \u0161\u00e1tek a objevte dokonalou rovnov\u00e1hu tradice, pohodl\u00ed a dobrodru\u017estv\u00ed.<\/strong><br data-start=\"3964\" data-end=\"3967\" \/><strong data-start=\"3967\" data-end=\"4037\">Ovl\u00e1dn\u011bte v\u00edtr, slunce a p\u00edsek \u2013 obalte se kulturou a silou.<\/strong><\/p>\n<p style=\"text-align: center;\">D\u011bkujeme za n\u00e1kup v <em data-start=\"415\" data-end=\"431\"><a href=\"https:\/\/bazaar.express\/\">Bazaar Express<\/a><\/em> \u2013 jsme nad\u0161en\u00ed, \u017ee jste u n\u00e1s!<\/p>\n<p style=\"text-align: center;\">Od m\u011bkkosti k s\u00edle \u2013 nic se nevyrovn\u00e1 <a href=\"https:\/\/bazaar.express\/product-category\/cotton\/\">pr\u00e9miov\u00e9 bavln\u011b<\/a>.<\/p>\n","protected":false},"excerpt":{"rendered":"<h3>Pou\u0161tn\u00ed \u0161\u00e1tek je tradi\u010dn\u00ed arabsk\u00fd \u0161\u00e1l vyroben\u00fd z 100% prody\u0161n\u00e9 bavlny, navr\u017een\u00fd pro ochranu p\u0159ed sluncem, p\u00edskem a v\u011btrem. Stylov\u00fd, v\u0161estrann\u00fd a ide\u00e1ln\u00ed pro venkovn\u00ed dobrodru\u017estv\u00ed.<\/h3>\n","protected":false},"featured_media":36342,"comment_status":"open","ping_status":"closed","template":"","meta":[],"product_brand":[],"product_cat":[831,822,788],"product_tag":[920,893],"class_list":{"0":"post-36337","1":"product","2":"type-product","3":"status-publish","4":"has-post-thumbnail","6":"product_cat-bavlna-premium","7":"product_cat-egyptske-poklady","8":"product_cat-to-nejlepsi-z-egypta","9":"product_tag-bavlna","10":"product_tag-suvenyry","12":"first","13":"instock","14":"shipping-taxable","15":"purchasable","16":"product-type-simple"},"_links":{"self":[{"href":"https:\/\/bazaar.express\/cs\/wp-json\/wp\/v2\/product\/36337","targetHints":{"allow":["GET"]}}],"collection":[{"href":"https:\/\/bazaar.express\/cs\/wp-json\/wp\/v2\/product"}],"about":[{"href":"https:\/\/bazaar.express\/cs\/wp-json\/wp\/v2\/types\/product"}],"replies":[{"embeddable":true,"href":"https:\/\/bazaar.express\/cs\/wp-json\/wp\/v2\/comments?post=36337"}],"wp:featuredmedia":[{"embeddable":true,"href":"https:\/\/bazaar.express\/cs\/wp-json\/wp\/v2\/media\/36342"}],"wp:attachment":[{"href":"https:\/\/bazaar.express\/cs\/wp-json\/wp\/v2\/media?parent=36337"}],"wp:term":[{"taxonomy":"product_brand","embeddable":true,"href":"https:\/\/bazaar.express\/cs\/wp-json\/wp\/v2\/product_brand?post=36337"},{"taxonomy":"product_cat","embeddable":true,"href":"https:\/\/bazaar.express\/cs\/wp-json\/wp\/v2\/product_cat?post=36337"},{"taxonomy":"product_tag","embeddable":true,"href":"https:\/\/bazaar.express\/cs\/wp-json\/wp\/v2\/product_tag?post=36337"}],"curies":[{"name":"wp","href":"https:\/\/api.w.org\/{rel}","templated":true}]}}