{"id":36343,"date":"2025-01-18T15:13:08","date_gmt":"2025-01-18T15:13:08","guid":{"rendered":"https:\/\/bazaar.express\/product\/egyptska-pyramida\/"},"modified":"2025-11-23T09:42:11","modified_gmt":"2025-11-23T09:42:11","slug":"egyptska-pyramida","status":"publish","type":"product","link":"https:\/\/bazaar.express\/cs\/produkt\/egyptska-pyramida\/","title":{"rendered":"Egyptsk\u00e1 pyramida"},"content":{"rendered":"<h2 data-start=\"91\" data-end=\"173\">Jedine\u010dn\u00e1 sada egyptsk\u00fdch pyramid z mramoru \u2013 Ru\u010dn\u011b vy\u0159ez\u00e1van\u00e1 dekorace s fr\u00fdzov\u00fdmi motivy<\/h2>\n<h3 data-start=\"175\" data-end=\"224\">Vstupte do mystick\u00e9ho sv\u011bta starov\u011bk\u00e9ho Egypta<\/h3>\n<p data-start=\"226\" data-end=\"604\">P\u0159ineste si dom\u016f kousek egyptsk\u00e9ho duchovn\u00edho d\u011bdictv\u00ed s <strong data-start=\"282\" data-end=\"320\">jedine\u010dnou sadou egyptsk\u00fdch pyramid z mramoru<\/strong>, vyrobenou z autentick\u00e9ho mramorov\u00e9ho kamene a vyrytou posv\u00e1tn\u00fdmi fr\u00fdzov\u00fdmi motivy. Tyto ru\u010dn\u011b tvarovan\u00e9 pyramidy jsou v\u00edce ne\u017e jen vizu\u00e1ln\u011b p\u016fsobiv\u00e9 \u2013 jsou to duchovn\u00ed n\u00e1stroje, aktivovan\u00e9 v G\u00edze, navr\u017een\u00e9 tak, aby povzn\u00e1\u0161ely v\u00e1\u0161 prostor, energetizovaly okol\u00ed a obohacovaly va\u0161e osobn\u00ed ritu\u00e1ly.<\/p>\n<p data-start=\"606\" data-end=\"785\">A\u0165 u\u017e je um\u00edst\u00edte na olt\u00e1\u0159, st\u016fl nebo medita\u010dn\u00ed m\u00edsto, tyto pyramidy p\u0159en\u00e1\u0161ej\u00ed ochrannou moudrost starov\u011bk\u00fdch a napl\u0148uj\u00ed va\u0161e prost\u0159ed\u00ed klidem a posv\u00e1tnou energi\u00ed.<\/p>\n<h3 data-start=\"792\" data-end=\"812\">Kl\u00ed\u010dov\u00e9 vlastnosti:<\/h3>\n<h4 data-start=\"814\" data-end=\"852\">Ru\u010dn\u011b vyrobeno z \u010dist\u00e9ho mramorov\u00e9ho kamene<\/h4>\n<p data-start=\"853\" data-end=\"1053\">Ka\u017ed\u00e1 pyramida je ru\u010dn\u011b vy\u0159ez\u00e1na v Egypt\u011b z vysoce kvalitn\u00edho mramorov\u00e9ho kamene. Zn\u00e1m\u00fd sv\u00fdmi uzem\u0148uj\u00edc\u00edmi a energeticky posiluj\u00edc\u00edmi vlastnostmi, mramorov\u00fd k\u00e1men p\u0159in\u00e1\u0161\u00ed p\u0159irozenou s\u00edlu a \u010distotu do va\u0161\u00ed duchovn\u00ed praxe.<\/p>\n<h4 data-start=\"1055\" data-end=\"1095\">Autentick\u00e9 fr\u00fdzov\u00e9 hieroglyfy<\/h4>\n<p data-start=\"1096\" data-end=\"1331\">Vyryty tradi\u010dn\u00edmi symboly inspirovan\u00fdmi starov\u011bk\u00fdmi egyptsk\u00fdmi chr\u00e1my, pyramidy nesou v\u00fdznamy bo\u017esk\u00e9 ochrany, osv\u00edcen\u00ed a l\u00e9\u010den\u00ed. Tyto posv\u00e1tn\u00e9 zna\u010dky p\u0159in\u00e1\u0161ej\u00ed n\u00e1dech mystiky a historick\u00e9 \u00facty do ka\u017ed\u00e9ho kusu.<\/p>\n<h4 data-start=\"1333\" data-end=\"1378\">Aktivov\u00e1no v G\u00edze \u2013 Posv\u00e1tn\u00e9 m\u00edsto energie<\/h4>\n<p data-start=\"1379\" data-end=\"1589\">Ne\u017e se dostanou do va\u0161ich rukou, je ka\u017ed\u00e1 pyramida energeticky aktivov\u00e1na pobl\u00ed\u017e Velk\u00fdch pyramid v G\u00edze \u2013 napln\u011bna silnou, vysoce vibruj\u00edc\u00ed energi\u00ed z jednoho z nejp\u016fsobiv\u011bj\u0161\u00edch duchovn\u00edch m\u00edst na Zemi.<\/p>\n<h4 data-start=\"1591\" data-end=\"1641\">Ide\u00e1ln\u00ed pro ritu\u00e1ly, pr\u00e1ci s energi\u00ed a meditaci<\/h4>\n<p data-start=\"1642\" data-end=\"1861\">Tyto pyramidy jsou nezbytn\u00fdmi n\u00e1stroji pro hleda\u010de duchovn\u00edho, praktikuj\u00edc\u00ed Reiki, l\u00e9\u010ditele energie a milovn\u00edky astrologie. Pou\u017e\u00edvejte je k nastavov\u00e1n\u00ed z\u00e1m\u011br\u016f, vyva\u017eov\u00e1n\u00ed \u010daker, p\u0159itahov\u00e1n\u00ed bo\u017esk\u00e9 energie nebo jako ohniska pro meditaci.<\/p>\n<h4 data-start=\"1863\" data-end=\"1900\">Kr\u00e1sn\u00e1 dekorace do domova nebo kancel\u00e1\u0159e<\/h4>\n<p data-start=\"1901\" data-end=\"2105\">Sada slou\u017e\u00ed z\u00e1rove\u0148 jako okouzluj\u00edc\u00ed dekorativn\u00ed prvek. Elegantn\u00ed \u0159ezby a \u010dist\u00fd design d\u011blaj\u00ed z t\u011bchto pyramid v\u00fdrazn\u00e9 kusy na polic\u00edch, stolech, olt\u00e1\u0159\u00edch nebo v medita\u010dn\u00edch koutech \u2013 spojuj\u00ed estetiku s hlubok\u00fdm v\u00fdznamem.<\/p>\n<h4 data-start=\"2107\" data-end=\"2134\">Pomy\u0161len\u00fd d\u00e1rek<\/h4>\n<p data-start=\"2135\" data-end=\"2301\">A\u0165 u\u017e pro duchovn\u00edho p\u0159\u00edtele nebo n\u011bkoho, kdo oce\u0148uje ru\u010dn\u011b vyroben\u00e9 kulturn\u00ed um\u011bn\u00ed, tato sada pyramid je siln\u00fd a osobn\u00ed d\u00e1rek bohat\u00fd na symboliku a z\u00e1m\u011br.<\/p>\n<h3 data-start=\"2308\" data-end=\"2335\">Rozm\u011bry a v\u00e1ha:<\/h3>\n<ul data-start=\"2337\" data-end=\"2515\">\n<li data-start=\"2337\" data-end=\"2397\">\n<p data-start=\"2339\" data-end=\"2397\"><strong data-start=\"2339\" data-end=\"2356\">Velk\u00e1 pyramida<\/strong>: ~853 gm | 11 cm (V) \u00d7 9.5 cm \u00d7 9.5 cm<\/p>\n<\/li>\n<li data-start=\"2398\" data-end=\"2459\">\n<p data-start=\"2400\" data-end=\"2459\"><strong data-start=\"2400\" data-end=\"2418\">St\u0159edn\u00ed pyramida<\/strong>: ~611 gm | 10 cm (V) \u00d7 8.5 cm \u00d7 8.5 cm<\/p>\n<\/li>\n<li data-start=\"2460\" data-end=\"2515\">\n<p data-start=\"2462\" data-end=\"2515\"><strong data-start=\"2462\" data-end=\"2479\">Mal\u00e1 pyramida<\/strong>: ~390 gm | 9 cm (V) \u00d7 8 cm \u00d7 8 cm<\/p>\n<\/li>\n<\/ul>\n<h3 data-start=\"2522\" data-end=\"2572\">Pro\u010d si vybrat sadu egyptsk\u00fdch pyramid z mramoru?<\/h3>\n<h4 data-start=\"2574\" data-end=\"2608\">\u2705 Autentick\u00e9 duchovn\u00ed \u0159emeslo<\/h4>\n<p data-start=\"2609\" data-end=\"2743\">P\u0159\u00edmo od egyptsk\u00fdch \u0159emesln\u00edk\u016f, ka\u017ed\u00e1 pyramida je napln\u011bna tradic\u00ed, dovednost\u00ed a posv\u00e1tnou energi\u00ed \u2013 ide\u00e1ln\u00ed pro autentick\u00e9 duchovn\u00ed pou\u017eit\u00ed.<\/p>\n<h4 data-start=\"2745\" data-end=\"2785\">\u2705 Zvy\u0161uje l\u00e9\u010den\u00ed a tok energie<\/h4>\n<p data-start=\"2786\" data-end=\"2906\">Pou\u017e\u00edvejte je k \u010di\u0161t\u011bn\u00ed prostoru, vyva\u017eov\u00e1n\u00ed \u010daker a zvy\u0161ov\u00e1n\u00ed energetick\u00fdch frekvenc\u00ed b\u011bhem meditace, modlitby nebo ritu\u00e1l\u016f o\u010disty.<\/p>\n<h4 data-start=\"2908\" data-end=\"2941\">\u2705 Spojen\u00ed s bo\u017eskou moudrost\u00ed<\/h4>\n<p data-start=\"2942\" data-end=\"3111\">Vytvo\u0159en\u00e9 a po\u017eehnan\u00e9 v G\u00edze, tato sada udr\u017euje siln\u00e9 duchovn\u00ed spojen\u00ed s bohy a bohyn\u011bmi Egypta \u2013 ide\u00e1ln\u00ed pro ty, kte\u0159\u00ed hledaj\u00ed jasnost, s\u00edlu nebo duchovn\u00ed probuzen\u00ed.<\/p>\n<h4 data-start=\"3113\" data-end=\"3142\">\u2705 Univerz\u00e1ln\u00ed a nad\u010dasov\u00e9<\/h4>\n<p data-start=\"3143\" data-end=\"3260\">Symbolick\u00e9 \u0159ezby a le\u0161t\u011bn\u00fd povrch z n\u011bj d\u011blaj\u00ed funk\u010dn\u00ed duchovn\u00ed p\u0159edm\u011bt i \u00fachvatn\u00fd kus pro konverzaci.<\/p>\n<p data-start=\"3575\" data-end=\"3792\"><strong data-start=\"3575\" data-end=\"3663\">Obohatte svou duchovn\u00ed cestu nebo obytn\u00fd prostor nad\u010dasovou silou starov\u011bk\u00e9ho Egypta.<\/strong><br data-start=\"3663\" data-end=\"3666\" \/>Jedine\u010dn\u00e1 sada pyramid z mramoru nen\u00ed jen dekorac\u00ed \u2013 je to duchovn\u00ed spole\u010dn\u00edk, vytvo\u0159en\u00fd k ochran\u011b, energetizaci a inspiraci.<\/p>\n<p data-start=\"3794\" data-end=\"3836\" data-is-last-node=\"\" data-is-only-node=\"\"><strong data-start=\"3796\" data-end=\"3836\" data-is-last-node=\"\">Vlastn\u011bte si dnes posv\u00e1tn\u00fd kousek historie.<\/strong><\/p>\n<p style=\"text-align: center;\">D\u011bkujeme, \u017ee nakupujete v <em data-start=\"415\" data-end=\"431\"><a href=\"https:\/\/bazaar.express\/cs\/\">Bazaar Express<\/a><\/em> \u2013 jsme nad\u0161en\u00ed, \u017ee jste u n\u00e1s!<\/p>\n<p style=\"text-align: center;\">Za\u017eijte kouzlo starov\u011bk\u00e9ho um\u011bn\u00ed s na\u0161\u00ed sb\u00edrkou <a href=\"https:\/\/bazaar.express\/product-category\/egyptian-treasures\/\">Egyptsk\u00fdch poklad\u016f<\/a>.<\/p>\n","protected":false},"excerpt":{"rendered":"<h3>Za\u017eijte energii starov\u011bk\u00e9ho Egypta s touto ru\u010dn\u011b vyrobenou sadou egyptsk\u00fdch pyramid z mramoru. Vyroben\u00e1 z \u010dist\u00e9ho mramorov\u00e9ho kamene a vy\u0159ezan\u00e1 posv\u00e1tn\u00fdmi hieroglyfy, ka\u017ed\u00e1 pyramida je aktivov\u00e1na v G\u00edze pro pos\u00edlen\u00ed meditace, l\u00e9\u010den\u00ed a duchovn\u00edho spojen\u00ed. Ide\u00e1ln\u00ed jako dekorace nebo smyslupln\u00fd d\u00e1rek.<\/h3>\n","protected":false},"featured_media":36346,"comment_status":"open","ping_status":"closed","template":"","meta":[],"product_brand":[],"product_cat":[822,788],"product_tag":[893],"class_list":{"0":"post-36343","1":"product","2":"type-product","3":"status-publish","4":"has-post-thumbnail","6":"product_cat-egyptske-poklady","7":"product_cat-to-nejlepsi-z-egypta","8":"product_tag-suvenyry","10":"first","11":"instock","12":"shipping-taxable","13":"purchasable","14":"product-type-simple"},"_links":{"self":[{"href":"https:\/\/bazaar.express\/cs\/wp-json\/wp\/v2\/product\/36343","targetHints":{"allow":["GET"]}}],"collection":[{"href":"https:\/\/bazaar.express\/cs\/wp-json\/wp\/v2\/product"}],"about":[{"href":"https:\/\/bazaar.express\/cs\/wp-json\/wp\/v2\/types\/product"}],"replies":[{"embeddable":true,"href":"https:\/\/bazaar.express\/cs\/wp-json\/wp\/v2\/comments?post=36343"}],"wp:featuredmedia":[{"embeddable":true,"href":"https:\/\/bazaar.express\/cs\/wp-json\/wp\/v2\/media\/36346"}],"wp:attachment":[{"href":"https:\/\/bazaar.express\/cs\/wp-json\/wp\/v2\/media?parent=36343"}],"wp:term":[{"taxonomy":"product_brand","embeddable":true,"href":"https:\/\/bazaar.express\/cs\/wp-json\/wp\/v2\/product_brand?post=36343"},{"taxonomy":"product_cat","embeddable":true,"href":"https:\/\/bazaar.express\/cs\/wp-json\/wp\/v2\/product_cat?post=36343"},{"taxonomy":"product_tag","embeddable":true,"href":"https:\/\/bazaar.express\/cs\/wp-json\/wp\/v2\/product_tag?post=36343"}],"curies":[{"name":"wp","href":"https:\/\/api.w.org\/{rel}","templated":true}]}}