{"id":36355,"date":"2025-01-18T13:35:11","date_gmt":"2025-01-18T13:35:11","guid":{"rendered":"https:\/\/bazaar.express\/product\/egyptske-pyramidy\/"},"modified":"2025-11-23T09:42:50","modified_gmt":"2025-11-23T09:42:50","slug":"egyptske-pyramidy","status":"publish","type":"product","link":"https:\/\/bazaar.express\/cs\/produkt\/egyptske-pyramidy\/","title":{"rendered":"Egyptsk\u00e9 pyramidy"},"content":{"rendered":"<h2 data-start=\"159\" data-end=\"252\"><strong data-start=\"162\" data-end=\"252\">3D Socha egyptsk\u00fdch pyramid \u2013 Starov\u011bk\u00e1 ru\u010dn\u011b vy\u0159ez\u00e1van\u00e1 socha s vynikaj\u00edc\u00edm zpracov\u00e1n\u00edm<\/strong><\/h2>\n<h3 data-start=\"254\" data-end=\"309\"><strong data-start=\"258\" data-end=\"309\">Ru\u010dn\u011b vyroben\u00fd hold Egyptsk\u00e9 v\u011b\u010dn\u00e9mu odkazu<\/strong><\/h3>\n<p data-start=\"311\" data-end=\"726\">Vstupte do okouzluj\u00edc\u00edho sv\u011bta starov\u011bk\u00e9ho Egypta s <strong data-start=\"369\" data-end=\"400\">3D sochou egyptsk\u00fdch pyramid<\/strong>, ru\u010dn\u011b vyroben\u00fdm mistrovsk\u00fdm d\u00edlem, kter\u00e9 oslavuje architektonick\u00fd genius a duchovn\u00ed symboliku jedn\u00e9 z nejv\u011bt\u0161\u00edch civilizac\u00ed d\u011bjin. Tato pr\u00e9miov\u00e1 socha je v\u00edce ne\u017e jen dekorac\u00ed \u2013 je to p\u0159\u00edb\u011bh vytesan\u00fd do kamene, spojuj\u00edc\u00ed bohatou kulturn\u00ed historii s n\u00e1dhern\u00fdm \u0159emesln\u00fdm zpracov\u00e1n\u00edm, kter\u00e9 p\u0159in\u00e1\u0161\u00ed nad\u010dasovou eleganci do va\u0161eho domova.<\/p>\n<h3 data-start=\"728\" data-end=\"767\"><strong data-start=\"732\" data-end=\"767\">Autenticky ru\u010dn\u011b vyrobeno v Egypt\u011b<\/strong><\/h3>\n<p data-start=\"769\" data-end=\"1117\">Tato socha je ru\u010dn\u011b vyrobena zku\u0161en\u00fdmi egyptsk\u00fdmi \u0159emesln\u00edky pomoc\u00ed osv\u011bd\u010den\u00fdch technik p\u0159ed\u00e1van\u00fdch z generace na generaci. Ka\u017ed\u00fd detail \u2013 od struktury pyramid po \u017eiv\u00e9 vyobrazen\u00ed ikonick\u00fdch boh\u016f \u2013 je vytes\u00e1n s p\u0159esnost\u00ed a v\u00e1\u0161n\u00ed. V\u00fdsledek je unik\u00e1tn\u00ed, vysoce kvalitn\u00ed socha, kter\u00e1 nese duchovn\u00ed esenci egyptsk\u00e9ho zlat\u00e9ho v\u011bku.<\/p>\n<h3 data-start=\"1119\" data-end=\"1157\"><strong data-start=\"1123\" data-end=\"1157\">Zdoben\u00e1 egyptsk\u00fdmi motivy<\/strong><\/h3>\n<p data-start=\"1159\" data-end=\"1436\">Obdivujte slo\u017eit\u00e9 3D rytiny legend\u00e1rn\u00edch postav jako <strong data-start=\"1216\" data-end=\"1250\">Tutancham\u00f3n, Nefertiti, Anubis<\/strong> a <strong data-start=\"1260\" data-end=\"1270\">Sfinga<\/strong>, z nich\u017e ka\u017ed\u00e1 symbolizuje bo\u017eskou moudrost, ochranu a kr\u00e1lovskost. Tyto rytiny nejen kr\u00e1\u0161l\u00ed \u2013 p\u0159ibli\u017euj\u00ed v\u00e1s m\u00fdt\u016fm a mystice starov\u011bk\u00e9ho sv\u011bta.<\/p>\n<h3 data-start=\"1438\" data-end=\"1484\"><strong data-start=\"1442\" data-end=\"1484\">Inspirov\u00e1no Velk\u00fdmi pyramidami v G\u00edze<\/strong><\/h3>\n<p data-start=\"1486\" data-end=\"1763\">Socha je modelov\u00e1na podle <strong data-start=\"1521\" data-end=\"1541\">Pyramid v G\u00edze<\/strong> a zachycuje majest\u00e1tn\u00ed energii a pam\u00e1tkov\u00fd duch t\u011bchto sv\u011btov\u00fdch div\u016f. A\u0165 jste nad\u0161enec historie, sb\u011bratel nebo prost\u011b milovn\u00edk um\u011bn\u00ed s hlub\u0161\u00edm v\u00fdznamem, tato socha je v\u00fdrazn\u00fdm kouskem do jak\u00e9koli m\u00edstnosti.<\/p>\n<h3 data-start=\"1765\" data-end=\"1809\"><strong data-start=\"1769\" data-end=\"1809\">Vyrobena z ekologicky \u0161etrn\u00fdch materi\u00e1l\u016f<\/strong><\/h3>\n<p data-start=\"1811\" data-end=\"2041\">Pou\u017eit\u00ed <strong data-start=\"1822\" data-end=\"1852\">ekologicky \u0161etrn\u00fdch surovin<\/strong> napodobuje dojem starov\u011bk\u00fdch relikvi\u00ed, p\u0159i\u010dem\u017e zaji\u0161\u0165uje odolnost a odpov\u011bdnost v\u016f\u010di \u017eivotn\u00edmu prost\u0159ed\u00ed. Jej\u00ed pevn\u00e1, t\u011b\u017ek\u00e1 p\u0159\u00edtomnost (cca 750 g) dod\u00e1v\u00e1 pocit autenticity a stability.<\/p>\n<h3 data-start=\"2043\" data-end=\"2091\"><strong data-start=\"2047\" data-end=\"2091\">Ide\u00e1ln\u00ed pro domov, kancel\u00e1\u0159 nebo jako d\u00e1rek<\/strong><\/h3>\n<p data-start=\"2093\" data-end=\"2337\">S kompaktn\u00edmi, ale p\u016fsobiv\u00fdmi rozm\u011bry (<strong data-start=\"2131\" data-end=\"2158\">14 cm dlouh\u00e1 \u00d7 13 cm \u0161irok\u00e1<\/strong>) se tato socha skv\u011ble vejde na police, stoly, krbov\u00e9 \u0159\u00edmsy a olt\u00e1\u0159e. Je to promy\u0161len\u00fd d\u00e1rek pro ka\u017ed\u00e9ho, kdo m\u00e1 r\u00e1d starov\u011bk\u00e9 kultury, duchovn\u00ed symboliku nebo \u00fa\u017easn\u00e9 \u0159emesln\u00e9 d\u00edlo.<\/p>\n<h3 data-start=\"2344\" data-end=\"2395\"><strong data-start=\"2348\" data-end=\"2395\">Pro\u010d si vybrat 3D sochu egyptsk\u00fdch pyramid?<\/strong><\/h3>\n<ul data-start=\"2397\" data-end=\"2775\">\n<li data-start=\"2397\" data-end=\"2498\">\n<p data-start=\"2399\" data-end=\"2498\">\u2705 <strong data-start=\"2401\" data-end=\"2429\">Symbol starov\u011bk\u00e9 moudrosti<\/strong> \u2013 Kan\u00e1lizuje s\u00edlu, tajemstv\u00ed a posv\u00e1tnou geometrii pyramid<\/p>\n<\/li>\n<li data-start=\"2499\" data-end=\"2594\">\n<p data-start=\"2501\" data-end=\"2594\">\u2705 <strong data-start=\"2503\" data-end=\"2528\">Kulturn\u00ed v\u00fdznam<\/strong> \u2013 Zdoben\u00e1 autentick\u00fdmi faraonsk\u00fdmi ikonami pro hlub\u0161\u00ed smysl<\/p>\n<\/li>\n<li data-start=\"2595\" data-end=\"2689\">\n<p data-start=\"2597\" data-end=\"2689\">\u2705 <strong data-start=\"2599\" data-end=\"2620\">Ru\u010dn\u011b vyrobeno v Egypt\u011b<\/strong> \u2013 Ka\u017ed\u00fd kousek je jedine\u010dn\u00fd a zako\u0159en\u011bn\u00fd v re\u00e1ln\u00e9m egyptsk\u00e9m d\u011bdictv\u00ed<\/p>\n<\/li>\n<li data-start=\"2690\" data-end=\"2775\">\n<p data-start=\"2692\" data-end=\"2775\">\u2705 <strong data-start=\"2694\" data-end=\"2715\">Skv\u011bl\u00e1 volba d\u00e1rku<\/strong> \u2013 Pro sb\u011bratele, hleda\u010de duchovna nebo milovn\u00edky dom\u00e1c\u00ed v\u00fdzdoby<\/p>\n<\/li>\n<\/ul>\n<h3 data-start=\"2782\" data-end=\"2817\"><strong data-start=\"2786\" data-end=\"2817\">Rozm\u011bry a v\u00e1ha produktu<\/strong><\/h3>\n<ul data-start=\"2818\" data-end=\"2905\">\n<li data-start=\"2818\" data-end=\"2839\">\n<p data-start=\"2820\" data-end=\"2839\"><strong data-start=\"2820\" data-end=\"2831\">D\u00e9lka:<\/strong> 14 cm<\/p>\n<\/li>\n<li data-start=\"2840\" data-end=\"2868\">\n<p data-start=\"2842\" data-end=\"2868\"><strong data-start=\"2842\" data-end=\"2852\">\u0160\u00ed\u0159ka:<\/strong> 13 cm \u00d7 13 cm<\/p>\n<\/li>\n<li data-start=\"2869\" data-end=\"2905\">\n<p data-start=\"2871\" data-end=\"2905\"><strong data-start=\"2871\" data-end=\"2882\">V\u00e1ha:<\/strong> P\u0159ibli\u017en\u011b 750 g<\/p>\n<\/li>\n<\/ul>\n<p data-start=\"3233\" data-end=\"3391\"><strong data-start=\"3233\" data-end=\"3391\">O\u017eivte velkolepost a tajemstv\u00ed starov\u011bk\u00e9ho Egypta ve va\u0161em domov\u011b nebo posv\u00e1tn\u00e9m prostoru. Tato ru\u010dn\u011b vyroben\u00e1 3D socha pyramid nen\u00ed jen dekorac\u00ed \u2013 je to d\u011bdictv\u00ed.<\/strong><\/p>\n<p style=\"text-align: center;\">D\u011bkujeme za n\u00e1kup v <em data-start=\"415\" data-end=\"431\"><a href=\"https:\/\/bazaar.express\/cs\/\">Bazaar Express<\/a><\/em> \u2013 jsme nad\u0161en\u00ed, \u017ee jste u n\u00e1s!<\/p>\n<p style=\"text-align: center;\">Za\u017eijte kouzlo starov\u011bk\u00e9ho um\u011bn\u00ed s na\u0161\u00ed sb\u00edrkou <a href=\"https:\/\/bazaar.express\/product-category\/egyptian-treasures\/\">Egyptsk\u00e9 poklady<\/a>.<\/p>\n","protected":false},"excerpt":{"rendered":"<h3>Ru\u010dn\u011b vyroben\u00e1 v Egypt\u011b, tato 3D socha pyramidy obsahuje vy\u0159ez\u00e1van\u00e9 ikony jako Sfinga a Anubis. Unik\u00e1tn\u00ed dekorativn\u00ed p\u0159edm\u011bt inspirovan\u00fd pyramidami v G\u00edze.<\/h3>\n","protected":false},"featured_media":36359,"comment_status":"open","ping_status":"closed","template":"","meta":[],"product_brand":[],"product_cat":[822,788],"product_tag":[893],"class_list":{"0":"post-36355","1":"product","2":"type-product","3":"status-publish","4":"has-post-thumbnail","6":"product_cat-egyptske-poklady","7":"product_cat-to-nejlepsi-z-egypta","8":"product_tag-suvenyry","10":"first","11":"instock","12":"shipping-taxable","13":"purchasable","14":"product-type-simple"},"_links":{"self":[{"href":"https:\/\/bazaar.express\/cs\/wp-json\/wp\/v2\/product\/36355","targetHints":{"allow":["GET"]}}],"collection":[{"href":"https:\/\/bazaar.express\/cs\/wp-json\/wp\/v2\/product"}],"about":[{"href":"https:\/\/bazaar.express\/cs\/wp-json\/wp\/v2\/types\/product"}],"replies":[{"embeddable":true,"href":"https:\/\/bazaar.express\/cs\/wp-json\/wp\/v2\/comments?post=36355"}],"wp:featuredmedia":[{"embeddable":true,"href":"https:\/\/bazaar.express\/cs\/wp-json\/wp\/v2\/media\/36359"}],"wp:attachment":[{"href":"https:\/\/bazaar.express\/cs\/wp-json\/wp\/v2\/media?parent=36355"}],"wp:term":[{"taxonomy":"product_brand","embeddable":true,"href":"https:\/\/bazaar.express\/cs\/wp-json\/wp\/v2\/product_brand?post=36355"},{"taxonomy":"product_cat","embeddable":true,"href":"https:\/\/bazaar.express\/cs\/wp-json\/wp\/v2\/product_cat?post=36355"},{"taxonomy":"product_tag","embeddable":true,"href":"https:\/\/bazaar.express\/cs\/wp-json\/wp\/v2\/product_tag?post=36355"}],"curies":[{"name":"wp","href":"https:\/\/api.w.org\/{rel}","templated":true}]}}