{"id":36403,"date":"2025-01-18T00:15:10","date_gmt":"2025-01-18T00:15:10","guid":{"rendered":"https:\/\/bazaar.express\/product\/prirodni-lufove-pantofle-do-koupele\/"},"modified":"2025-11-02T20:02:32","modified_gmt":"2025-11-02T20:02:32","slug":"prirodni-lufove-pantofle-do-koupele","status":"publish","type":"product","link":"https:\/\/bazaar.express\/cs\/produkt\/prirodni-lufove-pantofle-do-koupele\/","title":{"rendered":"P\u0159\u00edrodn\u00ed lufov\u00e9 pantofle do koupele"},"content":{"rendered":"<h2 data-start=\"241\" data-end=\"326\">Bucha P\u0159\u00edrodn\u00ed lufov\u00e9 pantofle do koupele \u2013 P\u0159\u00edrodn\u00ed exfoliace a revitalizace va\u0161\u00ed poko\u017eky<\/h2>\n<h3 data-start=\"328\" data-end=\"403\">Pono\u0159te se do hebkosti \u2013 P\u0159\u00edrodn\u00ed z\u00e1\u017eitek p\u00e9\u010de o ple\u0165 pro ka\u017edou sprchu<\/h3>\n<p data-start=\"405\" data-end=\"782\">P\u0159ineste luxus spa-level exfoliace do va\u0161\u00ed ka\u017edodenn\u00ed koupele s <strong data-start=\"477\" data-end=\"514\">Bucha P\u0159\u00edrodn\u00edmi lufov\u00fdmi pantoflemi do koupele<\/strong> \u2013 jedine\u010dn\u00fdm, ekologick\u00fdm produktem p\u00e9\u010de o ple\u0165 vyroben\u00fdm z 100% p\u0159\u00edrodn\u00ed lufy. Tato sada obsahuje <strong data-start=\"606\" data-end=\"635\">dva lufov\u00e9 pantofle<\/strong> navr\u017een\u00e9 tak, aby se pohodln\u011b nasunuly na nohy a jemn\u011b odstra\u0148ovaly odum\u0159el\u00e9 bu\u0148ky poko\u017eky, d\u00edky \u010demu\u017e z\u016fstane va\u0161e ple\u0165 hedv\u00e1bn\u011b hladk\u00e1, sv\u011b\u017e\u00ed a pln\u00e1 \u017eivota.<\/p>\n<p data-start=\"784\" data-end=\"1104\">V\u00edce ne\u017e jen exfoliace, tyto p\u0159\u00edrodn\u00ed lufy pom\u00e1haj\u00ed <strong data-start=\"839\" data-end=\"870\">stimulovat krevn\u00ed ob\u011bh<\/strong> a podporuj\u00ed zdrav\u011bj\u0161\u00ed, jasn\u011bj\u0161\u00ed a energizovan\u011bj\u0161\u00ed poko\u017eku. A\u0165 u\u017e chcete o\u017eivit such\u00e9 a nudn\u00e9 oblasti nebo rozmazlovat unaven\u00e9 nohy, tato sada luf nab\u00edz\u00ed perfektn\u00ed kombinaci p\u0159\u00edrody a funk\u010dnosti v jedin\u00e9m jednoduch\u00e9m, opakovan\u011b pou\u017eiteln\u00e9m \u0159e\u0161en\u00ed.<\/p>\n<h3 data-start=\"1111\" data-end=\"1168\">Kl\u00ed\u010dov\u00e9 v\u00fdhody Bucha p\u0159\u00edrodn\u00edch lufov\u00fdch pantofl\u00ed do koupele<\/h3>\n<ul data-start=\"1170\" data-end=\"1979\">\n<li data-start=\"1170\" data-end=\"1308\">\n<p data-start=\"1172\" data-end=\"1308\"><strong data-start=\"1175\" data-end=\"1203\">Hlubok\u00e1 p\u0159\u00edrodn\u00ed exfoliace<\/strong> \u2013 Jemn\u011b odstra\u0148uje odum\u0159el\u00e9 bu\u0148ky poko\u017eky, uvol\u0148uje p\u00f3ry a pom\u00e1h\u00e1 zlep\u0161it texturu pleti bez drsn\u00fdch chemik\u00e1li\u00ed.<\/p>\n<\/li>\n<li data-start=\"1309\" data-end=\"1447\">\n<p data-start=\"1311\" data-end=\"1447\"><strong data-start=\"1314\" data-end=\"1336\">Podporuje ob\u011bh<\/strong> \u2013 Design pantofl\u00ed na no\u0161en\u00ed zvy\u0161uje pr\u016ftok krve do nohou a t\u011bla a podporuje z\u00e1\u0159ivou, sv\u00edtivou poko\u017eku.<\/p>\n<\/li>\n<li data-start=\"1448\" data-end=\"1590\">\n<p data-start=\"1450\" data-end=\"1590\"><strong data-start=\"1453\" data-end=\"1482\">Pohodln\u00e9 a snadn\u00e9 pou\u017eit\u00ed<\/strong> \u2013 Jednodu\u0161e si je nasu\u0148te a u\u017eijte si bez nepo\u0159\u00e1dku a rukama volnou exfoliaci b\u011bhem koupele nebo sprchy.<\/p>\n<\/li>\n<li data-start=\"1591\" data-end=\"1727\">\n<p data-start=\"1593\" data-end=\"1727\"><strong data-start=\"1596\" data-end=\"1629\">Bez chemik\u00e1li\u00ed a ekologick\u00e9<\/strong> \u2013 Vyrobeno z 100% p\u0159\u00edrodn\u00edch lufov\u00fdch vl\u00e1ken, tato lufa je biologicky odbourateln\u00e1 a bezpe\u010dn\u00e1 pro citlivou ple\u0165.<\/p>\n<\/li>\n<li data-start=\"1728\" data-end=\"1844\">\n<p data-start=\"1730\" data-end=\"1844\"><strong data-start=\"1733\" data-end=\"1762\">Vyu\u017eit\u00ed pro nohy i t\u011blo<\/strong> \u2013 Ide\u00e1ln\u00ed pro exfoliaci hrub\u00fdch pat, lokt\u016f a such\u00fdch m\u00edst na cel\u00e9m t\u011ble.<\/p>\n<\/li>\n<li data-start=\"1845\" data-end=\"1979\">\n<p data-start=\"1847\" data-end=\"1979\"><strong data-start=\"1850\" data-end=\"1881\">Sni\u017euje suchost a loup\u00e1n\u00ed<\/strong> \u2013 Pravideln\u00e9 pou\u017e\u00edv\u00e1n\u00ed zanech\u00e1v\u00e1 poko\u017eku m\u011bkkou, hydratovanou a viditeln\u011b hlad\u0161\u00ed t\u00edm, \u017ee odloupne nudnou, loupaj\u00edc\u00ed se poko\u017eku.<\/p>\n<\/li>\n<\/ul>\n<h3 data-start=\"1986\" data-end=\"2004\">Jak pou\u017e\u00edvat<\/h3>\n<ol data-start=\"2006\" data-end=\"2326\">\n<li data-start=\"2006\" data-end=\"2077\">\n<p data-start=\"2009\" data-end=\"2077\">Namo\u010dte pantofle do tepl\u00e9 vody, aby se zm\u011bk\u010dila p\u0159\u00edrodn\u00ed lufov\u00e1 vl\u00e1kna.<\/p>\n<\/li>\n<li data-start=\"2078\" data-end=\"2147\">\n<p data-start=\"2081\" data-end=\"2147\">Nasa\u010fte si je na nohy nebo je pou\u017eijte rukama na hrub\u00e9 oblasti t\u011bla.<\/p>\n<\/li>\n<li data-start=\"2148\" data-end=\"2202\">\n<p data-start=\"2151\" data-end=\"2202\">Jemn\u011b mas\u00edrujte kruhov\u00fdmi pohyby 2\u20133 minuty.<\/p>\n<\/li>\n<li data-start=\"2203\" data-end=\"2258\">\n<p data-start=\"2206\" data-end=\"2258\">Po pou\u017eit\u00ed d\u016fkladn\u011b opl\u00e1chn\u011bte poko\u017eku i lufu.<\/p>\n<\/li>\n<li data-start=\"2259\" data-end=\"2326\">\n<p data-start=\"2262\" data-end=\"2326\">V\u011b\u0161te lufu v provzdu\u0161n\u011bn\u00e9m prostoru, aby se prodlou\u017eila jej\u00ed \u017eivotnost.<\/p>\n<\/li>\n<\/ol>\n<p data-start=\"2328\" data-end=\"2409\">\ud83d\udca1 <em data-start=\"2331\" data-end=\"2409\">Pro nejlep\u0161\u00ed v\u00fdsledky pou\u017e\u00edvejte 2\u20133kr\u00e1t t\u00fddn\u011b jako sou\u010d\u00e1st va\u0161\u00ed pravideln\u00e9 koupelov\u00e9 rutiny.<\/em><\/p>\n<h3 data-start=\"2416\" data-end=\"2469\">Pro\u010d si vybrat Bucha p\u0159\u00edrodn\u00ed lufov\u00e9 pantofle do koupele?<\/h3>\n<p data-start=\"2471\" data-end=\"2869\"><strong data-start=\"2475\" data-end=\"2508\">Bucha p\u0159\u00edrodn\u00ed lufov\u00e9 pantofle<\/strong> jsou v\u00edce ne\u017e jen koupelov\u00e9 dopl\u0148ky \u2013 jsou to p\u0159\u00edrodn\u00ed n\u00e1stroje p\u00e9\u010de o ple\u0165, kter\u00e9 va\u0161i poko\u017eku omlad\u00ed a usnadn\u00ed p\u00e9\u010di o sebe ekologicky. Jejich design pantofl\u00ed v\u00e1m poskytne volnost pohybu p\u0159i exfoliaci a prom\u011bn\u00ed va\u0161i ka\u017edodenn\u00ed sprchu v rozmazluj\u00edc\u00ed spa ritu\u00e1l. Pokud si v\u00e1\u017e\u00edte p\u00e9\u010de o ple\u0165, kter\u00e1 je efektivn\u00ed a \u0161etrn\u00e1 k planet\u011b, tato sada je pr\u00e1v\u011b pro v\u00e1s.<\/p>\n<h3 data-start=\"2876\" data-end=\"2906\">Specifikace produktu<\/h3>\n<ul data-start=\"2908\" data-end=\"3249\">\n<li data-start=\"2908\" data-end=\"2928\">\n<p data-start=\"2910\" data-end=\"2928\"><strong data-start=\"2910\" data-end=\"2919\">Zna\u010dka<\/strong>: Bucha<\/p>\n<\/li>\n<li data-start=\"2929\" data-end=\"2974\">\n<p data-start=\"2931\" data-end=\"2974\"><strong data-start=\"2931\" data-end=\"2947\">Typ produktu<\/strong>: P\u0159\u00edrodn\u00ed lufov\u00e9 pantofle<\/p>\n<\/li>\n<li data-start=\"2975\" data-end=\"3011\">\n<p data-start=\"2977\" data-end=\"3011\"><strong data-start=\"2977\" data-end=\"2986\">Barva<\/strong>: P\u0159\u00edrodn\u00ed b\u00e9\u017eov\u00e1 a b\u00edl\u00e1<\/p>\n<\/li>\n<li data-start=\"3012\" data-end=\"3046\">\n<p data-start=\"3014\" data-end=\"3046\"><strong data-start=\"3014\" data-end=\"3026\">Mno\u017estv\u00ed<\/strong>: 2 kusy na sadu<\/p>\n<\/li>\n<li data-start=\"3047\" data-end=\"3084\">\n<p data-start=\"3049\" data-end=\"3084\"><strong data-start=\"3049\" data-end=\"3061\">Materi\u00e1l<\/strong>: 100% p\u0159\u00edrodn\u00ed lufa<\/p>\n<\/li>\n<li data-start=\"3085\" data-end=\"3121\">\n<p data-start=\"3087\" data-end=\"3121\"><strong data-start=\"3087\" data-end=\"3103\">Vhodn\u00e9 pro<\/strong>: V\u0161echny typy pleti<\/p>\n<\/li>\n<li data-start=\"3122\" data-end=\"3167\">\n<p data-start=\"3124\" data-end=\"3167\"><strong data-start=\"3124\" data-end=\"3135\">Pou\u017eit\u00ed pro<\/strong>: Exfoliaci nohou a cel\u00e9ho t\u011bla<\/p>\n<\/li>\n<li data-start=\"3168\" data-end=\"3197\">\n<p data-start=\"3170\" data-end=\"3197\"><strong data-start=\"3170\" data-end=\"3180\">P\u016fvod<\/strong>: Vyrobeno v Egypt\u011b<\/p>\n<\/li>\n<li data-start=\"3198\" data-end=\"3249\">\n<p data-start=\"3200\" data-end=\"3249\"><strong data-start=\"3200\" data-end=\"3213\">Balenie<\/strong>: Ekologick\u00e9, opakovan\u011b pou\u017eiteln\u00e9 \u00falo\u017en\u00e9 pouzdro<\/p>\n<\/li>\n<\/ul>\n<h5>Objevte v\u00edce ekologick\u00fdch produkt\u016f pro koupel a p\u00e9\u010di o ple\u0165 navr\u017een\u00fdch pro zlep\u0161en\u00ed va\u0161\u00ed wellness rutiny p\u0159i ochran\u011b planety.<\/h5>\n<h4 style=\"text-align: center;\"><\/h4>\n<p style=\"text-align: center;\">D\u011bkujeme za n\u00e1kup v <em data-start=\"415\" data-end=\"431\"><a href=\"https:\/\/bazaar.express\/\">Bazaar Express<\/a><\/em> \u2013 jsme nad\u0161en\u00ed, \u017ee jste u n\u00e1s!<\/p>\n<p style=\"text-align: center;\">Va\u0161e cesta k lep\u0161\u00ed p\u00e9\u010di o sebe za\u010d\u00edn\u00e1 zde \u2013 s <a href=\"https:\/\/bazaar.express\/product-category\/beauty-care\/\">Beauty &#038; Care<\/a>, kter\u00e9 si m\u016f\u017eete b\u00fdt jisti.<\/p>\n","protected":false},"excerpt":{"rendered":"<h3 data-start=\"3902\" data-end=\"4064\">Bucha p\u0159\u00edrodn\u00ed lufov\u00e9 pantofle jemn\u011b exfoluj\u00ed a podporuj\u00ed ob\u011bh. Tato 2kusov\u00e1 sada je skv\u011bl\u00e1 pro nohy i celot\u011blov\u00e9 pou\u017eit\u00ed. Bez chemik\u00e1li\u00ed a ekologick\u00e1.<\/h3>\n<h3><\/h3>\n","protected":false},"featured_media":36405,"comment_status":"open","ping_status":"closed","template":"","meta":[],"product_brand":[],"product_cat":[786,788],"product_tag":[836],"class_list":{"0":"post-36403","1":"product","2":"type-product","3":"status-publish","4":"has-post-thumbnail","6":"product_cat-pece-o-krasu","7":"product_cat-to-nejlepsi-z-egypta","8":"product_tag-kuze","10":"first","11":"instock","12":"shipping-taxable","13":"purchasable","14":"product-type-simple"},"_links":{"self":[{"href":"https:\/\/bazaar.express\/cs\/wp-json\/wp\/v2\/product\/36403","targetHints":{"allow":["GET"]}}],"collection":[{"href":"https:\/\/bazaar.express\/cs\/wp-json\/wp\/v2\/product"}],"about":[{"href":"https:\/\/bazaar.express\/cs\/wp-json\/wp\/v2\/types\/product"}],"replies":[{"embeddable":true,"href":"https:\/\/bazaar.express\/cs\/wp-json\/wp\/v2\/comments?post=36403"}],"wp:featuredmedia":[{"embeddable":true,"href":"https:\/\/bazaar.express\/cs\/wp-json\/wp\/v2\/media\/36405"}],"wp:attachment":[{"href":"https:\/\/bazaar.express\/cs\/wp-json\/wp\/v2\/media?parent=36403"}],"wp:term":[{"taxonomy":"product_brand","embeddable":true,"href":"https:\/\/bazaar.express\/cs\/wp-json\/wp\/v2\/product_brand?post=36403"},{"taxonomy":"product_cat","embeddable":true,"href":"https:\/\/bazaar.express\/cs\/wp-json\/wp\/v2\/product_cat?post=36403"},{"taxonomy":"product_tag","embeddable":true,"href":"https:\/\/bazaar.express\/cs\/wp-json\/wp\/v2\/product_tag?post=36403"}],"curies":[{"name":"wp","href":"https:\/\/api.w.org\/{rel}","templated":true}]}}