{"id":36409,"date":"2025-01-15T03:11:25","date_gmt":"2025-01-15T03:11:25","guid":{"rendered":"https:\/\/bazaar.express\/product\/mango-krem-na-tvar-a-telo\/"},"modified":"2026-02-27T14:28:28","modified_gmt":"2026-02-27T14:28:28","slug":"mango-krem-na-tvar-a-telo","status":"publish","type":"product","link":"https:\/\/bazaar.express\/cs\/produkt\/mango-krem-na-tvar-a-telo\/","title":{"rendered":"Mango Kr\u00e9m na Tv\u00e1\u0159 a T\u011blo"},"content":{"rendered":"<h2 data-start=\"177\" data-end=\"263\">Kr\u00e9m Horus Mango na Tv\u00e1\u0159 a T\u011blo \u2013 Hlubok\u00e1 Hydratace s Mangem, M\u00e1slem Shea a Kokosov\u00fdm Olejem<\/h2>\n<p data-start=\"265\" data-end=\"742\">Vy\u017eivujte svou poko\u017eku denn\u011b luxusn\u00ed hydratac\u00ed <strong data-start=\"316\" data-end=\"349\">kr\u00e9mu Horus Mango na tv\u00e1\u0159 a t\u011blo<\/strong> \u2014 bohat\u00e9, kr\u00e9mov\u00e9 slo\u017een\u00ed pln\u00e9 p\u0159\u00edrodn\u00edho extraktu z manga, m\u00e1sla shea, kokosov\u00e9ho oleje a vitam\u00ednu E. Navr\u017eeno pro intenzivn\u00ed vlhkost a m\u011bkkost, tento kr\u00e9m revitalizuje unavenou, suchou a nudnou poko\u017eku, obnovuje jej\u00ed z\u00e1\u0159i a pru\u017enost. A\u0165 u\u017e chcete zm\u011bk\u010dit hrub\u00e9 oblasti, zv\u00fd\u0161it jas nebo dop\u0159\u00e1t poko\u017ece tropickou p\u00e9\u010di, tento kr\u00e9m je ide\u00e1ln\u00edm \u0159e\u0161en\u00edm pro p\u00e9\u010di o tv\u00e1\u0159 i t\u011blo.<\/p>\n<h3 data-start=\"749\" data-end=\"791\"> S\u00edla Extraktu z Manga pro Poko\u017eku<\/h3>\n<p data-start=\"793\" data-end=\"916\">Extrakt z manga je p\u0159\u00edrodn\u00ed superpotravina pro poko\u017eku. Bohat\u00fd na vitam\u00edny A, C a E spolu s antioxidanty a mastn\u00fdmi kyselinami pom\u00e1h\u00e1:<\/p>\n<ul data-start=\"918\" data-end=\"1114\">\n<li data-start=\"918\" data-end=\"971\">\n<p data-start=\"920\" data-end=\"971\"><strong data-start=\"920\" data-end=\"938\">Hloubkov\u011b hydratovat<\/strong> poko\u017eku a uzamknout vlhkost.<\/p>\n<\/li>\n<li data-start=\"972\" data-end=\"1045\">\n<p data-start=\"974\" data-end=\"1045\"><strong data-start=\"974\" data-end=\"1000\">Osve\u017eit nudnou, suchou poko\u017eku<\/strong>, d\u00edky \u010demu\u017e vypad\u00e1 jasn\u011bji a \u017eiv\u011bji.<\/p>\n<\/li>\n<li data-start=\"1046\" data-end=\"1114\">\n<p data-start=\"1048\" data-end=\"1114\"><strong data-start=\"1048\" data-end=\"1069\">Uklidnit podr\u00e1\u017ed\u011bn\u00ed<\/strong> a p\u0159in\u00e9st m\u011bkkou z\u00e1\u0159i na tv\u00e1\u0159 i t\u011blo.<\/p>\n<\/li>\n<\/ul>\n<h3 data-start=\"1121\" data-end=\"1165\"> M\u00e1slo Shea: Nejlep\u0161\u00ed Hydrata\u010dn\u00ed Prost\u0159edek<\/h3>\n<p data-start=\"1167\" data-end=\"1207\">M\u00e1slo shea je zn\u00e1m\u00e9 svou schopnost\u00ed:<\/p>\n<ul data-start=\"1209\" data-end=\"1388\">\n<li data-start=\"1209\" data-end=\"1264\">\n<p data-start=\"1211\" data-end=\"1264\"><strong data-start=\"1211\" data-end=\"1233\">Opravit a chr\u00e1nit<\/strong> suchou, popraskanou nebo loupaj\u00edc\u00ed se poko\u017eku.<\/p>\n<\/li>\n<li data-start=\"1265\" data-end=\"1318\">\n<p data-start=\"1267\" data-end=\"1318\"><strong data-start=\"1267\" data-end=\"1294\">Obnovit pru\u017enost poko\u017eky<\/strong> a sn\u00ed\u017eit hrubost.<\/p>\n<\/li>\n<li data-start=\"1319\" data-end=\"1388\">\n<p data-start=\"1321\" data-end=\"1388\"><strong data-start=\"1321\" data-end=\"1350\">Vytvo\u0159it vlhkostn\u00ed bari\u00e9ru<\/strong>, d\u00edky kter\u00e9 z\u016fstane poko\u017eka m\u011bkk\u00e1 a pru\u017en\u00e1 cel\u00fd den.<\/p>\n<\/li>\n<\/ul>\n<h3 data-start=\"1395\" data-end=\"1437\"> Vitam\u00edn E: Denn\u00ed \u0161t\u00edt Va\u0161\u00ed Poko\u017eky<\/h3>\n<p data-start=\"1439\" data-end=\"1474\">Vitam\u00edn E hraje mocnou roli v:<\/p>\n<ul data-start=\"1476\" data-end=\"1696\">\n<li data-start=\"1476\" data-end=\"1549\">\n<p data-start=\"1478\" data-end=\"1549\"><strong data-start=\"1478\" data-end=\"1523\">Chr\u00e1n\u011bn\u00ed poko\u017eky p\u0159ed environment\u00e1ln\u00edm po\u0161kozen\u00edm<\/strong>, jako je slunce a zne\u010di\u0161t\u011bn\u00ed.<\/p>\n<\/li>\n<li data-start=\"1550\" data-end=\"1612\">\n<p data-start=\"1552\" data-end=\"1612\"><strong data-start=\"1552\" data-end=\"1586\">Zesv\u011btlov\u00e1n\u00ed jizev a stri\u00ed<\/strong>, vyrovn\u00e1v\u00e1n\u00ed t\u00f3nu poko\u017eky.<\/p>\n<\/li>\n<li data-start=\"1613\" data-end=\"1696\">\n<p data-start=\"1615\" data-end=\"1696\"><strong data-start=\"1615\" data-end=\"1642\">Vy\u017eivov\u00e1n\u00ed a obnovov\u00e1n\u00ed<\/strong> p\u0159irozen\u00e9 bari\u00e9ry poko\u017eky pro mladistv\u00fd vzhled.<\/p>\n<\/li>\n<\/ul>\n<h3 data-start=\"1703\" data-end=\"1752\"> Kokosov\u00fd Olej: Hedv\u00e1bn\u011b Hladk\u00e1 Poko\u017eka Poka\u017ed\u00e9<\/h3>\n<p data-start=\"1754\" data-end=\"1800\">Kokosov\u00fd olej p\u0159id\u00e1v\u00e1 uklid\u0148uj\u00edc\u00ed dotek a pom\u00e1h\u00e1:<\/p>\n<ul data-start=\"1802\" data-end=\"1990\">\n<li data-start=\"1802\" data-end=\"1838\">\n<p data-start=\"1804\" data-end=\"1838\"><strong data-start=\"1804\" data-end=\"1835\">Zm\u011bk\u010dit tvrd\u00e9 nebo such\u00e9 skvrny<\/strong>.<\/p>\n<\/li>\n<li data-start=\"1839\" data-end=\"1916\">\n<p data-start=\"1841\" data-end=\"1916\"><strong data-start=\"1841\" data-end=\"1864\">Uklidnit podr\u00e1\u017ed\u011bnou poko\u017eku<\/strong>, zejm\u00e9na po holen\u00ed nebo expozici slunci.<\/p>\n<\/li>\n<li data-start=\"1917\" data-end=\"1990\">\n<p data-start=\"1919\" data-end=\"1990\"><strong data-start=\"1919\" data-end=\"1960\">Zanechat hedv\u00e1bn\u00fd, netukov\u00fd pocit<\/strong> s p\u0159irozen\u011b sladkou v\u016fn\u00ed.<\/p>\n<\/li>\n<\/ul>\n<h3 data-start=\"1997\" data-end=\"2044\"> Jak Pou\u017e\u00edvat Kr\u00e9m Horus Mango na Tv\u00e1\u0159 a T\u011blo<\/h3>\n<p data-start=\"2046\" data-end=\"2194\"><strong data-start=\"2046\" data-end=\"2059\">Pro Tv\u00e1\u0159:<\/strong><br data-start=\"2059\" data-end=\"2062\" \/>Aplikujte mal\u00e9 mno\u017estv\u00ed na \u010distou poko\u017eku. Jemn\u011b mas\u00edrujte kruhov\u00fdmi pohyby, dokud se pln\u011b nevst\u0159eb\u00e1. Pou\u017e\u00edvejte r\u00e1no a ve\u010der pro nejlep\u0161\u00ed v\u00fdsledky.<\/p>\n<p data-start=\"2196\" data-end=\"2346\"><strong data-start=\"2196\" data-end=\"2209\">Pro T\u011blo:<\/strong><br data-start=\"2209\" data-end=\"2212\" \/>Gener\u00f3zn\u011b mas\u00edrujte do t\u011bla, zejm\u00e9na na such\u00e9 oblasti jako lokty, kolena a paty. U\u017e\u00edvejte m\u011bkkou, z\u00e1\u0159ivou poko\u017eku po cel\u00fd den.<\/p>\n<h3 data-start=\"2353\" data-end=\"2389\"> Pro\u010d Vybrat Kr\u00e9m Horus Mango?<\/h3>\n<ul data-start=\"2391\" data-end=\"2688\">\n<li data-start=\"2391\" data-end=\"2487\">\n<p data-start=\"2393\" data-end=\"2487\">\u2705 <strong data-start=\"2395\" data-end=\"2418\">P\u0159\u00edrodn\u00ed Ingredience<\/strong> \u2013 Obsahuje extrakt z manga, m\u00e1slo shea, vitam\u00edn E a kokosov\u00fd olej.<\/p>\n<\/li>\n<li data-start=\"2488\" data-end=\"2553\">\n<p data-start=\"2490\" data-end=\"2553\">\u2705 <strong data-start=\"2492\" data-end=\"2521\">V\u0161estrann\u00fd Hydrata\u010dn\u00ed Prost\u0159edek<\/strong> \u2013 Vhodn\u00fd pro tv\u00e1\u0159 i t\u011blo.<\/p>\n<\/li>\n<li data-start=\"2554\" data-end=\"2615\">\n<p data-start=\"2556\" data-end=\"2615\">\u2705 <strong data-start=\"2558\" data-end=\"2578\">Rychl\u00e9 Vst\u0159eb\u00e1v\u00e1n\u00ed<\/strong> \u2013 Bohat\u00e1 textura, netukov\u00fd fini\u0161.<\/p>\n<\/li>\n<li data-start=\"2616\" data-end=\"2688\">\n<p data-start=\"2618\" data-end=\"2688\">\u2705 <strong data-start=\"2620\" data-end=\"2637\">Vyrobeno v Egypt\u011b<\/strong> \u2013 Vysokokvalitn\u00ed egyptsk\u00e1 formulace, kter\u00e9 m\u016f\u017eete v\u011b\u0159it.<\/p>\n<\/li>\n<\/ul>\n<h3 data-start=\"3003\" data-end=\"3026\"> Podrobnosti o Produktu:<\/h3>\n<ul data-start=\"3028\" data-end=\"3103\">\n<li data-start=\"3028\" data-end=\"3052\">\n<p data-start=\"3030\" data-end=\"3052\"><strong data-start=\"3030\" data-end=\"3043\">Kapacita:<\/strong> 330 ml<\/p>\n<\/li>\n<li data-start=\"3053\" data-end=\"3080\">\n<p data-start=\"3055\" data-end=\"3080\"><strong data-start=\"3055\" data-end=\"3072\">V\u00fdrobce:<\/strong> Horus<\/p>\n<\/li>\n<li data-start=\"3081\" data-end=\"3103\">\n<p data-start=\"3083\" data-end=\"3103\"><strong data-start=\"3083\" data-end=\"3095\">Vyrobeno v:<\/strong> Egypt<\/p>\n<\/li>\n<\/ul>\n<h2 data-start=\"3110\" data-end=\"3137\">Z\u00e1\u0159te P\u0159\u00edrodn\u011b Ka\u017ed\u00fd Den<\/h2>\n<p data-start=\"3139\" data-end=\"3459\">Nechte tropickou dobrotu manga a bohatost m\u00e1sla shea spolupracovat v dokonal\u00e9 harmonii, aby va\u0161\u00ed poko\u017ece poskytly v\u0161e, co pot\u0159ebuje k jasu. <strong data-start=\"3287\" data-end=\"3320\">Kr\u00e9m Horus Mango na tv\u00e1\u0159 a t\u011blo<\/strong> je v\u00e1\u0161 spolehliv\u00fd produkt pro vy\u017eivenou, hydratovanou a z\u00e1\u0159ivou poko\u017eku. Za\u010dle\u0148te ho do sv\u00e9 denn\u00ed rutiny p\u00e9\u010de o ple\u0165 \u2013 va\u0161e poko\u017eka v\u00e1m pod\u011bkuje.<\/p>\n<p style=\"text-align: center;\">D\u011bkujeme za n\u00e1kup v <em data-start=\"415\" data-end=\"431\"><a href=\"https:\/\/bazaar.express\/\">Bazaar Express<\/a><\/em> \u2013 jsme nad\u0161en\u00ed, \u017ee jste u n\u00e1s!<\/p>\n<p style=\"text-align: center;\">Va\u0161e cesta k lep\u0161\u00ed p\u00e9\u010di o sebe za\u010d\u00edn\u00e1 zde \u2013 s <a href=\"https:\/\/bazaar.express\/product-category\/beauty-care\/\">Beauty &#038; Care<\/a>, kter\u00e9 m\u016f\u017eete v\u011b\u0159it.<\/p>\n","protected":false},"excerpt":{"rendered":"<h3>Kr\u00e9m Horus Mango na tv\u00e1\u0159 a t\u011blo je bohat\u00fd, vy\u017eivuj\u00edc\u00ed hydrata\u010dn\u00ed prost\u0159edek vyroben\u00fd z extraktu z manga, m\u00e1sla shea, kokosov\u00e9ho oleje a vitam\u00ednu E. Ide\u00e1ln\u00ed pro denn\u00ed pou\u017eit\u00ed, hydratuje suchou poko\u017eku, obnovuje z\u00e1\u0159i a zanech\u00e1v\u00e1 tv\u00e1\u0159 i t\u011blo hladk\u00e9 a osv\u011b\u017een\u00e9.<\/h3>\n","protected":false},"featured_media":36411,"comment_status":"open","ping_status":"closed","template":"","meta":[],"product_brand":[],"product_cat":[786,788],"product_tag":[781,790,783],"class_list":{"0":"post-36409","1":"product","2":"type-product","3":"status-publish","4":"has-post-thumbnail","6":"product_cat-pece-o-krasu","7":"product_cat-to-nejlepsi-z-egypta","8":"product_tag-olej","9":"product_tag-pece-o-krasu","10":"product_tag-pece-o-plet","11":"pa_l-xl-330ml","13":"first","14":"instock","15":"sale","16":"shipping-taxable","17":"purchasable","18":"product-type-simple"},"_links":{"self":[{"href":"https:\/\/bazaar.express\/cs\/wp-json\/wp\/v2\/product\/36409","targetHints":{"allow":["GET"]}}],"collection":[{"href":"https:\/\/bazaar.express\/cs\/wp-json\/wp\/v2\/product"}],"about":[{"href":"https:\/\/bazaar.express\/cs\/wp-json\/wp\/v2\/types\/product"}],"replies":[{"embeddable":true,"href":"https:\/\/bazaar.express\/cs\/wp-json\/wp\/v2\/comments?post=36409"}],"wp:featuredmedia":[{"embeddable":true,"href":"https:\/\/bazaar.express\/cs\/wp-json\/wp\/v2\/media\/36411"}],"wp:attachment":[{"href":"https:\/\/bazaar.express\/cs\/wp-json\/wp\/v2\/media?parent=36409"}],"wp:term":[{"taxonomy":"product_brand","embeddable":true,"href":"https:\/\/bazaar.express\/cs\/wp-json\/wp\/v2\/product_brand?post=36409"},{"taxonomy":"product_cat","embeddable":true,"href":"https:\/\/bazaar.express\/cs\/wp-json\/wp\/v2\/product_cat?post=36409"},{"taxonomy":"product_tag","embeddable":true,"href":"https:\/\/bazaar.express\/cs\/wp-json\/wp\/v2\/product_tag?post=36409"}],"curies":[{"name":"wp","href":"https:\/\/api.w.org\/{rel}","templated":true}]}}