{"id":36418,"date":"2025-01-16T16:08:28","date_gmt":"2025-01-16T16:08:28","guid":{"rendered":"https:\/\/bazaar.express\/product\/gel-s-aloe-vera-horus\/"},"modified":"2026-02-27T14:28:26","modified_gmt":"2026-02-27T14:28:26","slug":"gel-s-aloe-vera-horus","status":"publish","type":"product","link":"https:\/\/bazaar.express\/cs\/produkt\/gel-s-aloe-vera-horus\/","title":{"rendered":"Gel s aloe vera \u2013 Horus"},"content":{"rendered":"<h2 data-start=\"378\" data-end=\"443\">Gel s aloe vera Horus \u2013 P\u0159\u00edrodn\u00ed p\u00e9\u010de o ple\u0165 pro obli\u010dej a t\u011blo<\/h2>\n<h3 data-start=\"445\" data-end=\"517\">V\u00fd\u017eiva, hydratace a hojen\u00ed \u2013 P\u0159\u00edrodn\u00ed \u0159e\u0161en\u00ed v jednom jednoduch\u00e9m gelu<\/h3>\n<p data-start=\"519\" data-end=\"851\">Objevte uklid\u0148uj\u00edc\u00ed s\u00edlu p\u0159\u00edrody s <strong data-start=\"562\" data-end=\"585\">gelem s aloe vera Horus<\/strong>, va\u0161\u00ed univerz\u00e1ln\u00ed p\u00e9\u010d\u00ed o ple\u0165 pro obli\u010dej i t\u011blo. Napu\u0161t\u011bn\u00fd <strong data-start=\"658\" data-end=\"676\">\u010distou aloe vera<\/strong>, <strong data-start=\"678\" data-end=\"687\">medem<\/strong>, <strong data-start=\"689\" data-end=\"701\">sladk\u00fdm drnem<\/strong> a <strong data-start=\"707\" data-end=\"723\">\u010dajovn\u00edkov\u00fdm olejem<\/strong>, tento osv\u011b\u017euj\u00edc\u00ed gel poskytuje intenzivn\u00ed hydrataci, uklidn\u011bn\u00ed a regeneraci poko\u017eky ji\u017e p\u0159i prvn\u00edm pou\u017eit\u00ed.<\/p>\n<p data-start=\"853\" data-end=\"1139\">A\u0165 hled\u00e1te <strong data-start=\"879\" data-end=\"902\">hydrataci such\u00e9 poko\u017eky<\/strong>, <strong data-start=\"904\" data-end=\"919\">redukci akn\u00e9<\/strong>, <strong data-start=\"921\" data-end=\"938\">hojen\u00ed pop\u00e1lenin od slunce<\/strong> nebo prost\u011b udr\u017een\u00ed mladistv\u00e9ho lesku, gel s aloe vera Horus je ide\u00e1ln\u00edm dopl\u0148kem va\u0161\u00ed rutiny p\u00e9\u010de o ple\u0165. Jeho netu\u010dn\u00e1, rychle vst\u0159ebateln\u00e1 formule je vhodn\u00e1 pro <strong data-start=\"1107\" data-end=\"1138\">denn\u00ed pou\u017eit\u00ed na v\u0161echny typy pleti<\/strong>.<\/p>\n<h3 data-start=\"1146\" data-end=\"1196\">P\u0159\u00ednosy pro ple\u0165 \u2013 Obli\u010dej a t\u011blo v jedn\u00e9 formuli<\/h3>\n<h4 data-start=\"1198\" data-end=\"1247\"><strong data-start=\"1206\" data-end=\"1247\">Pro va\u0161i tv\u00e1\u0159: \u010cerstv\u00e1, \u010dist\u00e1 a z\u00e1\u0159iv\u00e1<\/strong><\/h4>\n<ul data-start=\"1249\" data-end=\"1686\">\n<li data-start=\"1249\" data-end=\"1362\">\n<p data-start=\"1251\" data-end=\"1362\"><strong data-start=\"1251\" data-end=\"1270\">Hlubok\u00e1 hydratace<\/strong>: Dod\u00e1v\u00e1 smiluj\u00edc\u00ed poko\u017ece vlhkost bohatou na aloe vera pro m\u011bkk\u00fd, pln\u00fd vzhled.<\/p>\n<\/li>\n<li data-start=\"1363\" data-end=\"1474\">\n<p data-start=\"1365\" data-end=\"1474\"><strong data-start=\"1365\" data-end=\"1390\">Bojuje proti akn\u00e9 p\u0159irozen\u011b<\/strong>: S \u010dajovn\u00edkov\u00fdm olejem a aloe vera tento gel uklid\u0148uje v\u00fdr\u016fstky a sni\u017euje zarudnut\u00ed.<\/p>\n<\/li>\n<li data-start=\"1475\" data-end=\"1576\">\n<p data-start=\"1477\" data-end=\"1576\"><strong data-start=\"1477\" data-end=\"1504\">Podporuje obnovu pleti<\/strong>: Stimuluje obm\u011bnu bun\u011bk, d\u00edky \u010demu\u017e ple\u0165 vypad\u00e1 mladistv\u011bji a rovnom\u011brn\u011bji.<\/p>\n<\/li>\n<li data-start=\"1577\" data-end=\"1686\">\n<p data-start=\"1579\" data-end=\"1686\"><strong data-start=\"1579\" data-end=\"1601\">Uklid\u0148uje podr\u00e1\u017ed\u011bn\u00ed<\/strong>: Jemn\u011b uklid\u0148uje citlivou nebo podr\u00e1\u017ed\u011bnou poko\u017eku, zejm\u00e9na po expozici slunci nebo holen\u00ed.<\/p>\n<\/li>\n<\/ul>\n<h4 data-start=\"1688\" data-end=\"1736\"><strong data-start=\"1696\" data-end=\"1736\"> Pro va\u0161e t\u011blo: Uklidn\u011bn\u00ed, vyhlazen\u00ed a spevnen\u00ed<\/strong><\/h4>\n<ul data-start=\"1738\" data-end=\"2199\">\n<li data-start=\"1738\" data-end=\"1842\">\n<p data-start=\"1740\" data-end=\"1842\"><strong data-start=\"1740\" data-end=\"1768\">Zlep\u0161uje elasticitu pleti<\/strong>: Aloe vera spev\u0148uje a tonizuje poko\u017eku, sni\u017euje zn\u00e1mky st\u00e1rnut\u00ed a ochabnut\u00ed.<\/p>\n<\/li>\n<li data-start=\"1843\" data-end=\"1951\">\n<p data-start=\"1845\" data-end=\"1951\"><strong data-start=\"1845\" data-end=\"1870\">\u00daleva od pop\u00e1lenin sluncem a pop\u00e1lenin<\/strong>: P\u016fsob\u00ed jako p\u0159irozen\u00e1 bari\u00e9ra, pom\u00e1h\u00e1 uklidnit a hojit pop\u00e1leniny sluncem a drobn\u00e9 pop\u00e1leniny.<\/p>\n<\/li>\n<li data-start=\"1952\" data-end=\"2079\">\n<p data-start=\"1954\" data-end=\"2079\"><strong data-start=\"1954\" data-end=\"1991\">Sni\u017euje infekce a z\u00e1n\u011bty<\/strong>: P\u0159\u00edrodn\u00ed protiz\u00e1n\u011btliv\u00e9 vlastnosti pom\u00e1haj\u00ed uklidnit sv\u011bdivou, z\u00e1n\u011btlivou nebo alergickou poko\u017eku.<\/p>\n<\/li>\n<li data-start=\"2080\" data-end=\"2199\">\n<p data-start=\"2082\" data-end=\"2199\"><strong data-start=\"2082\" data-end=\"2114\">Zm\u011bk\u010duje a vyhlazuje hrubou poko\u017eku<\/strong>: Sm\u011bs bohat\u00e1 na \u017eiviny obnovuje m\u011bkkost such\u00fdm m\u00edst\u016fm, lokt\u016fm, kolen\u016fm a pat\u00e1m.<\/p>\n<\/li>\n<\/ul>\n<h3 data-start=\"2206\" data-end=\"2245\">Pro\u010d si vybrat gel s aloe vera Horus?<\/h3>\n<ul data-start=\"2247\" data-end=\"2767\">\n<li data-start=\"2247\" data-end=\"2358\">\n<p data-start=\"2249\" data-end=\"2358\"><strong data-start=\"2252\" data-end=\"2280\">100 % p\u0159\u00edrodn\u00ed slo\u017eky<\/strong> \u2013 \u010cist\u00e1 aloe vera obohacen\u00e1 o <strong data-start=\"2312\" data-end=\"2357\">med, extrakt ze sladk\u00e9ho drnu a \u010dajovn\u00edkov\u00fd olej<\/strong>.<\/p>\n<\/li>\n<li data-start=\"2359\" data-end=\"2462\">\n<p data-start=\"2361\" data-end=\"2462\"><strong data-start=\"2364\" data-end=\"2380\">Multifunk\u010dn\u00ed<\/strong> \u2013 Ide\u00e1ln\u00ed pro hydrataci, p\u00e9\u010di o akn\u00e9, \u00falevu od pop\u00e1lenin sluncem, p\u00e9\u010di po holen\u00ed a dal\u0161\u00ed.<\/p>\n<\/li>\n<li data-start=\"2463\" data-end=\"2550\">\n<p data-start=\"2465\" data-end=\"2550\"><strong data-start=\"2468\" data-end=\"2490\">Netu\u010dn\u00e1 textura<\/strong> \u2013 Lehk\u00e1 formule, kter\u00e1 se rychle vst\u0159eb\u00e1v\u00e1 bez zbytku.<\/p>\n<\/li>\n<li data-start=\"2551\" data-end=\"2662\">\n<p data-start=\"2553\" data-end=\"2662\"><strong data-start=\"2559\" data-end=\"2586\">Bezpe\u010dn\u00fd pro v\u0161echny typy pleti<\/strong> \u2013 \u0160etrn\u00fd k citliv\u00e9 poko\u017ece a vhodn\u00fd pro ka\u017edodenn\u00ed pou\u017eit\u00ed na obli\u010dej i t\u011blo.<\/p>\n<\/li>\n<li data-start=\"2663\" data-end=\"2767\">\n<p data-start=\"2665\" data-end=\"2767\"><strong data-start=\"2670\" data-end=\"2695\">Hrd\u011b vyrobeno v Egypt\u011b<\/strong> \u2013 Pe\u010dliv\u011b vyrobeno spole\u010dnost\u00ed <strong data-start=\"2719\" data-end=\"2736\">Horus Company<\/strong>, d\u016fv\u011bryhodnou pro p\u0159\u00edrodn\u00ed p\u00e9\u010di o ple\u0165.<\/p>\n<\/li>\n<\/ul>\n<h3 data-start=\"2774\" data-end=\"2812\">Jak pou\u017e\u00edvat gel s aloe vera Horus<\/h3>\n<ol data-start=\"2814\" data-end=\"3000\">\n<li data-start=\"2814\" data-end=\"2846\">\n<p data-start=\"2817\" data-end=\"2846\">D\u016fkladn\u011b vy\u010dist\u011bte poko\u017eku.<\/p>\n<\/li>\n<li data-start=\"2847\" data-end=\"2901\">\n<p data-start=\"2850\" data-end=\"2901\">Naneste \u0161t\u011bdr\u00e9 mno\u017estv\u00ed gelu na po\u017eadovan\u00e9 m\u00edsto.<\/p>\n<\/li>\n<li data-start=\"2902\" data-end=\"2954\">\n<p data-start=\"2905\" data-end=\"2954\">Mas\u00edrujte kruhov\u00fdmi pohyby, dokud se pln\u011b nevst\u0159eb\u00e1.<\/p>\n<\/li>\n<li data-start=\"2955\" data-end=\"3000\">\n<p data-start=\"2958\" data-end=\"3000\">Pou\u017e\u00edvejte r\u00e1no a ve\u010der pro optim\u00e1ln\u00ed v\u00fdsledky.<\/p>\n<\/li>\n<\/ol>\n<h3 data-start=\"3007\" data-end=\"3030\">Podrobnosti o produktu<\/h3>\n<ul data-start=\"3032\" data-end=\"3375\">\n<li data-start=\"3032\" data-end=\"3073\">\n<p data-start=\"3034\" data-end=\"3073\"><strong data-start=\"3034\" data-end=\"3050\">N\u00e1zev produktu<\/strong>: Gel s aloe vera Horus<\/p>\n<\/li>\n<li data-start=\"3074\" data-end=\"3103\">\n<p data-start=\"3076\" data-end=\"3103\"><strong data-start=\"3076\" data-end=\"3084\">Typ<\/strong>: Gel pro obli\u010dej a t\u011blo<\/p>\n<\/li>\n<li data-start=\"3104\" data-end=\"3128\">\n<p data-start=\"3106\" data-end=\"3128\"><strong data-start=\"3106\" data-end=\"3118\">Objem<\/strong>: 330 ml<\/p>\n<\/li>\n<li data-start=\"3129\" data-end=\"3202\">\n<p data-start=\"3131\" data-end=\"3202\"><strong data-start=\"3131\" data-end=\"3150\">Kl\u00ed\u010dov\u00e9 slo\u017eky<\/strong>: Aloe Vera, Med, Extrakt ze sladk\u00e9ho drnu, \u010cajovn\u00edkov\u00fd olej<\/p>\n<\/li>\n<li data-start=\"3203\" data-end=\"3238\">\n<p data-start=\"3205\" data-end=\"3238\"><strong data-start=\"3205\" data-end=\"3221\">V\u00fdrobce<\/strong>: Horus Company<\/p>\n<\/li>\n<li data-start=\"3239\" data-end=\"3261\">\n<p data-start=\"3241\" data-end=\"3261\"><strong data-start=\"3241\" data-end=\"3252\">Vyrobeno v<\/strong>: Egypt<\/p>\n<\/li>\n<li data-start=\"3262\" data-end=\"3295\">\n<p data-start=\"3264\" data-end=\"3295\"><strong data-start=\"3264\" data-end=\"3277\">Typ pleti<\/strong>: V\u0161echny typy pleti<\/p>\n<\/li>\n<li data-start=\"3296\" data-end=\"3375\">\n<p data-start=\"3298\" data-end=\"3375\"><strong data-start=\"3298\" data-end=\"3310\">Nejlep\u0161\u00ed pou\u017eit\u00ed<\/strong>: Denn\u00ed hydratace, p\u00e9\u010de o pop\u00e1leniny sluncem, l\u00e9\u010dba akn\u00e9, uklidn\u011bn\u00ed pleti<\/p>\n<\/li>\n<\/ul>\n<h2 data-start=\"5169\" data-end=\"5205\">Poc\u00ed\u0165te l\u00e9\u010div\u00fd dotek p\u0159\u00edrody<\/h2>\n<p data-start=\"5207\" data-end=\"5461\">S <strong data-start=\"5212\" data-end=\"5235\">gelem s aloe vera Horus<\/strong> va\u0161\u00ed poko\u017eka z\u00edsk\u00e1 v\u00edce ne\u017e jen hydrataci \u2013 obdr\u017e\u00ed l\u00e1skyplnou p\u00e9\u010di od nejmocn\u011bj\u0161\u00ed l\u00e9\u010div\u00e9 rostliny p\u0159\u00edrody. Od boje proti akn\u00e9 p\u0159es \u00falevu od pop\u00e1lenin sluncem a\u017e po sn\u00ed\u017een\u00ed zarudnut\u00ed je tento univerz\u00e1ln\u00ed gel va\u0161\u00edm <strong data-start=\"5435\" data-end=\"5460\">p\u0159\u00edrodn\u00edm hrdinou p\u00e9\u010de o ple\u0165<\/strong>.<\/p>\n<p data-start=\"5463\" data-end=\"5574\">Dejte sv\u00e9 poko\u017ece to, co si zaslou\u017e\u00ed.<\/p>\n<p data-start=\"5463\" data-end=\"5574\"><strong data-start=\"5496\" data-end=\"5574\">Kupte nyn\u00ed a u\u017eijte si hladkou, vy\u017eivenou a osv\u011b\u017eenou poko\u017eku \u2013 p\u0159irozenou cestou.<\/strong><\/p>\n<h4 style=\"text-align: center;\"><strong> <\/strong><\/h4>\n<p style=\"text-align: center;\">D\u011bkujeme za n\u00e1kup v <em data-start=\"415\" data-end=\"431\"><a href=\"https:\/\/bazaar.express\/\">Bazaar Express<\/a><\/em> \u2013 jsme nad\u0161en\u00ed, \u017ee jste u n\u00e1s!<\/p>\n<p style=\"text-align: center;\">Va\u0161e cesta k lep\u0161\u00ed p\u00e9\u010di o sebe za\u010d\u00edn\u00e1 zde \u2013 s <a href=\"https:\/\/bazaar.express\/product-category\/beauty-care\/\">Beauty &#038; Care<\/a>, kter\u00e9 si m\u016f\u017eete d\u016fv\u011b\u0159it.<\/p>\n","protected":false},"excerpt":{"rendered":"<h3>Gel s aloe vera Horus je p\u0159\u00edrodn\u00ed l\u00e9\u010dba pro obli\u010dej a t\u011blo napu\u0161t\u011bn\u00e1 aloe vera, medem a sladk\u00fdm drnem. Hydratuje, uklid\u0148uje a revitalizuje va\u0161i poko\u017eku.<\/h3>\n<p>&nbsp;<\/p>\n","protected":false},"featured_media":36420,"comment_status":"open","ping_status":"closed","template":"","meta":[],"product_brand":[],"product_cat":[786,788],"product_tag":[781,790,783],"class_list":{"0":"post-36418","1":"product","2":"type-product","3":"status-publish","4":"has-post-thumbnail","6":"product_cat-pece-o-krasu","7":"product_cat-to-nejlepsi-z-egypta","8":"product_tag-olej","9":"product_tag-pece-o-krasu","10":"product_tag-pece-o-plet","11":"pa_l-xl-330ml","13":"first","14":"instock","15":"sale","16":"shipping-taxable","17":"purchasable","18":"product-type-simple"},"_links":{"self":[{"href":"https:\/\/bazaar.express\/cs\/wp-json\/wp\/v2\/product\/36418","targetHints":{"allow":["GET"]}}],"collection":[{"href":"https:\/\/bazaar.express\/cs\/wp-json\/wp\/v2\/product"}],"about":[{"href":"https:\/\/bazaar.express\/cs\/wp-json\/wp\/v2\/types\/product"}],"replies":[{"embeddable":true,"href":"https:\/\/bazaar.express\/cs\/wp-json\/wp\/v2\/comments?post=36418"}],"wp:featuredmedia":[{"embeddable":true,"href":"https:\/\/bazaar.express\/cs\/wp-json\/wp\/v2\/media\/36420"}],"wp:attachment":[{"href":"https:\/\/bazaar.express\/cs\/wp-json\/wp\/v2\/media?parent=36418"}],"wp:term":[{"taxonomy":"product_brand","embeddable":true,"href":"https:\/\/bazaar.express\/cs\/wp-json\/wp\/v2\/product_brand?post=36418"},{"taxonomy":"product_cat","embeddable":true,"href":"https:\/\/bazaar.express\/cs\/wp-json\/wp\/v2\/product_cat?post=36418"},{"taxonomy":"product_tag","embeddable":true,"href":"https:\/\/bazaar.express\/cs\/wp-json\/wp\/v2\/product_tag?post=36418"}],"curies":[{"name":"wp","href":"https:\/\/api.w.org\/{rel}","templated":true}]}}