{"id":36428,"date":"2025-01-14T16:01:03","date_gmt":"2025-01-14T16:01:03","guid":{"rendered":"https:\/\/bazaar.express\/product\/faraonske-magnety-2\/"},"modified":"2025-01-14T16:01:03","modified_gmt":"2025-01-14T16:01:03","slug":"faraonske-magnety-2","status":"publish","type":"product","link":"https:\/\/bazaar.express\/cs\/produkt\/faraonske-magnety-2\/","title":{"rendered":"Faraonsk\u00e9 magnety"},"content":{"rendered":"<h2 data-start=\"270\" data-end=\"352\">Faraonsk\u00e9 zlat\u00e9 kovov\u00e9 magnety na ledni\u010dku \u2013 Sada 12 | Unik\u00e1tn\u00ed egyptsk\u00fd suven\u00fdr<\/h2>\n<h3 data-start=\"354\" data-end=\"430\">P\u0159idejte sv\u00e9mu domovu kr\u00e1lovsk\u00fd egyptsk\u00fd n\u00e1dech s touto ru\u010dn\u011b vyrobenou sadou magnet\u016f<\/h3>\n<p data-start=\"432\" data-end=\"707\">Objevte kouzlo starov\u011bk\u00e9ho Egypta s touto \u00fachvatnou <strong data-start=\"487\" data-end=\"536\">sadou 12 faraonsk\u00fdch zlat\u00fdch kovov\u00fdch magnet\u016f na ledni\u010dku<\/strong>, kr\u00e1sn\u011b zpracovanou egyptsk\u00fdmi \u0159emesln\u00edky. Ka\u017ed\u00fd magnet je v\u00edce ne\u017e jen funk\u010dn\u00ed p\u0159edm\u011bt \u2013 je to miniaturn\u00ed um\u011bleck\u00e9 d\u00edlo, kter\u00e9 p\u0159in\u00e1\u0161\u00ed historii a eleganci do va\u0161eho ka\u017edodenn\u00edho \u017eivota.<\/p>\n<p data-start=\"709\" data-end=\"966\">Tyto magnety jsou vyrobeny z vysoce kvalitn\u00ed <strong data-start=\"750\" data-end=\"787\">hlin\u00edkov\u00e9 slitiny, m\u011bdi a kovu<\/strong>, d\u00edky \u010demu\u017e jsou odoln\u00e9 a dlouhotrvaj\u00edc\u00ed. Ka\u017ed\u00fd kousek je ozdoben <strong data-start=\"854\" data-end=\"878\">barevn\u00fdmi sklen\u011bn\u00fdmi kor\u00e1lky<\/strong> a dokon\u010den luxusn\u00edm zlat\u00fdm t\u00f3nem, kter\u00fd odr\u00e1\u017e\u00ed velkolepost ikonick\u00fdch egyptsk\u00fdch symbol\u016f.<\/p>\n<h3 data-start=\"973\" data-end=\"1010\">Co d\u011bl\u00e1 tyto magnety v\u00fdjime\u010dn\u00fdmi?<\/h3>\n<h4 data-start=\"1012\" data-end=\"1039\">\ud83d\udd39 Pr\u00e9miov\u00e9 materi\u00e1ly<\/h4>\n<p data-start=\"1040\" data-end=\"1158\">Vyroben\u00e9 z \u0161pi\u010dkov\u00e9 hlin\u00edkov\u00e9 slitiny, m\u011bdi a kovu, nab\u00edzej\u00ed tyto magnety odolnost i elegantn\u00ed estetiku.<\/p>\n<h4 data-start=\"1160\" data-end=\"1194\">\ud83d\udd39 Autentick\u00e9 egyptsk\u00e9 ikony<\/h4>\n<p data-start=\"1195\" data-end=\"1302\">Sada obsahuje detailn\u00ed vyobrazen\u00ed nejslavn\u011bj\u0161\u00edch postav a symbol\u016f starov\u011bk\u00e9ho Egypta, v\u010detn\u011b:<\/p>\n<ul data-start=\"1303\" data-end=\"1429\">\n<li data-start=\"1303\" data-end=\"1323\">\n<p data-start=\"1305\" data-end=\"1323\">Kr\u00e1l Tutanchamon<\/p>\n<\/li>\n<li data-start=\"1324\" data-end=\"1349\">\n<p data-start=\"1326\" data-end=\"1349\">Kleopatra &#038; Nefertiti<\/p>\n<\/li>\n<li data-start=\"1350\" data-end=\"1381\">\n<p data-start=\"1352\" data-end=\"1381\">Sfinga a pyramidy<\/p>\n<\/li>\n<li data-start=\"1382\" data-end=\"1402\">\n<p data-start=\"1384\" data-end=\"1402\">Egyptsk\u00e1 ko\u010dka<\/p>\n<\/li>\n<li data-start=\"1403\" data-end=\"1429\">\n<p data-start=\"1405\" data-end=\"1429\">Bedu\u00edni a sc\u00e9ny s velbloudy<\/p>\n<\/li>\n<\/ul>\n<p data-start=\"1431\" data-end=\"1500\">Ka\u017ed\u00fd kousek zachycuje mystiku a s\u00edlu legend\u00e1rn\u00ed egyptsk\u00e9 minulosti.<\/p>\n<h4 data-start=\"1502\" data-end=\"1531\">\ud83d\udd39 Elegantn\u00ed zlat\u00fd povrch<\/h4>\n<p data-start=\"1532\" data-end=\"1638\">Tyto magnety se py\u0161n\u00ed z\u00e1\u0159iv\u00fdm zlat\u00fdm povrchem, kter\u00fd jim dod\u00e1v\u00e1 kr\u00e1lovsk\u00fd vzhled, kter\u00fd vynikne na jak\u00e9mkoli povrchu.<\/p>\n<h4 data-start=\"1640\" data-end=\"1671\">\ud83d\udd39 Ide\u00e1ln\u00ed velikost a v\u00e1ha<\/h4>\n<p data-start=\"1672\" data-end=\"1808\">Ka\u017ed\u00fd magnet v\u00e1\u017e\u00ed p\u0159ibli\u017en\u011b <strong data-start=\"1697\" data-end=\"1709\">30 gram\u016f<\/strong>, cel\u00e1 sada dohromady asi <strong data-start=\"1745\" data-end=\"1758\">260 gram\u016f<\/strong> \u2013 ide\u00e1ln\u00ed pro snadn\u00e9 vystaven\u00ed bez zbyte\u010dn\u00e9 objemnosti.<\/p>\n<h4 data-start=\"1810\" data-end=\"1837\">\ud83d\udd39 Ru\u010dn\u011b vyrobeno v Egypt\u011b<\/h4>\n<p data-start=\"1838\" data-end=\"1959\">Ka\u017ed\u00fd kousek je <strong data-start=\"1853\" data-end=\"1886\">ru\u010dn\u011b zpracov\u00e1n m\u00edstn\u00edmi \u0159emesln\u00edky<\/strong>, co\u017e z n\u011bj \u010din\u00ed smyslupln\u00fd suven\u00fdr, kter\u00fd podporuje egyptsk\u00e9 \u0159emeslnictv\u00ed.<\/p>\n<h3 data-start=\"1966\" data-end=\"2010\">Promy\u0161len\u00fd d\u00e1rek a autentick\u00fd suven\u00fdr<\/h3>\n<p data-start=\"2012\" data-end=\"2125\">Hled\u00e1te unik\u00e1tn\u00ed, cenov\u011b dostupn\u00fd a smyslupln\u00fd d\u00e1rek? Tato sada faraonsk\u00fdch zlat\u00fdch magnet\u016f je ide\u00e1ln\u00ed pro:<\/p>\n<ul data-start=\"2126\" data-end=\"2490\">\n<li data-start=\"2126\" data-end=\"2218\">\n<p data-start=\"2128\" data-end=\"2218\"><strong data-start=\"2128\" data-end=\"2154\">Milovn\u00edky dom\u00e1c\u00edho dekoru<\/strong> \u2013 P\u0159idejte kr\u00e1lovsk\u00fd n\u00e1dech do va\u0161\u00ed kuchyn\u011b, na ledni\u010dku nebo do kancel\u00e1\u0159e.<\/p>\n<\/li>\n<li data-start=\"2219\" data-end=\"2314\">\n<p data-start=\"2221\" data-end=\"2314\"><strong data-start=\"2221\" data-end=\"2242\">D\u011bti a studenty<\/strong> \u2013 Z\u00e1bavn\u00fd a vzd\u011bl\u00e1vac\u00ed zp\u016fsob, jak p\u0159edstavit d\u011btem starov\u011bkou historii.<\/p>\n<\/li>\n<li data-start=\"2315\" data-end=\"2397\">\n<p data-start=\"2317\" data-end=\"2397\"><strong data-start=\"2317\" data-end=\"2343\">Cestovatele a turisty<\/strong> \u2013 Nad\u010dasov\u00fd a lehk\u00fd suven\u00fdr, kter\u00fd si odvezete dom\u016f.<\/p>\n<\/li>\n<li data-start=\"2398\" data-end=\"2490\">\n<p data-start=\"2400\" data-end=\"2490\"><strong data-start=\"2400\" data-end=\"2433\">Sb\u011bratele a milovn\u00edky kultury<\/strong> \u2013 Elegantn\u00ed dopln\u011bk do jak\u00e9koli sb\u00edrky s egyptskou tematikou.<\/p>\n<\/li>\n<\/ul>\n<h3 data-start=\"2807\" data-end=\"2856\">P\u0159ineste si dom\u016f kousek v\u011b\u010dn\u00e9 egyptsk\u00e9 majest\u00e1tnosti<\/h3>\n<p data-start=\"2858\" data-end=\"3148\">A\u0165 se v\u011bnujete dekoraci sv\u00e9ho prostoru, hled\u00e1te unik\u00e1tn\u00ed d\u00e1rek nebo oslavujete svou l\u00e1sku k starov\u011bk\u00e9 kultu\u0159e, tyto <strong data-start=\"2976\" data-end=\"3015\">faraonsk\u00e9 zlat\u00e9 kovov\u00e9 magnety na ledni\u010dku<\/strong> jsou perfektn\u00ed volbou. Kr\u00e1sn\u00e9, smyslupln\u00e9 a vyroben\u00e9 s p\u00e9\u010d\u00ed v Egypt\u011b \u2013 je to mal\u00fd kousek historie, kter\u00fd m\u016f\u017eete dr\u017eet v ruce.<\/p>\n<p data-start=\"3150\" data-end=\"3232\">\ud83d\uded2 <strong data-start=\"3153\" data-end=\"3232\">Objednejte si je je\u0161t\u011b dnes a nechte nad\u010dasovou magii Egypta z\u00e1\u0159it z va\u0161\u00ed ledni\u010dky!<\/strong><\/p>\n<p style=\"text-align: center;\">D\u011bkujeme za n\u00e1kup v <em data-start=\"415\" data-end=\"431\"><a href=\"https:\/\/bazaar.express\/\">Bazaar Express<\/a><\/em> \u2013 jsme nad\u0161en\u00ed, \u017ee jste u n\u00e1s!<\/p>\n<p style=\"text-align: center;\">Za\u017eijte kouzlo starov\u011bk\u00e9ho um\u011bn\u00ed s na\u0161\u00ed sb\u00edrkou <a href=\"https:\/\/bazaar.express\/product-category\/egyptian-treasures\/\">Egyptsk\u00fdch poklad\u016f<\/a>.<\/p>\n","protected":false},"excerpt":{"rendered":"<h3 data-start=\"439\" data-end=\"732\">Tato ru\u010dn\u011b vyroben\u00e1 sada 12 faraonsk\u00fdch zlat\u00fdch kovov\u00fdch magnet\u016f na ledni\u010dku obsahuje ikonick\u00e9 egyptsk\u00e9 symboly jako Tutanchamon, Kleopatra a Sfinga. Vyroben\u00e9 z hlin\u00edkov\u00e9 slitiny a ozdoben\u00e9 barevn\u00fdmi sklen\u011bn\u00fdmi kor\u00e1lky nab\u00edzej\u00ed dekorativn\u00ed a kulturn\u00ed n\u00e1dech va\u0161emu domovu, ledni\u010dce nebo d\u00e1rkov\u00e9 krabici.<\/h3>\n","protected":false},"featured_media":36434,"comment_status":"open","ping_status":"closed","template":"","meta":[],"product_brand":[],"product_cat":[822,788,789],"product_tag":[],"class_list":{"0":"post-36428","1":"product","2":"type-product","3":"status-publish","4":"has-post-thumbnail","6":"product_cat-egyptske-poklady","7":"product_cat-to-nejlepsi-z-egypta","8":"product_cat-horke-nabidky","10":"first","11":"instock","12":"sale","13":"shipping-taxable","14":"purchasable","15":"product-type-simple"},"_links":{"self":[{"href":"https:\/\/bazaar.express\/cs\/wp-json\/wp\/v2\/product\/36428","targetHints":{"allow":["GET"]}}],"collection":[{"href":"https:\/\/bazaar.express\/cs\/wp-json\/wp\/v2\/product"}],"about":[{"href":"https:\/\/bazaar.express\/cs\/wp-json\/wp\/v2\/types\/product"}],"replies":[{"embeddable":true,"href":"https:\/\/bazaar.express\/cs\/wp-json\/wp\/v2\/comments?post=36428"}],"wp:featuredmedia":[{"embeddable":true,"href":"https:\/\/bazaar.express\/cs\/wp-json\/wp\/v2\/media\/36434"}],"wp:attachment":[{"href":"https:\/\/bazaar.express\/cs\/wp-json\/wp\/v2\/media?parent=36428"}],"wp:term":[{"taxonomy":"product_brand","embeddable":true,"href":"https:\/\/bazaar.express\/cs\/wp-json\/wp\/v2\/product_brand?post=36428"},{"taxonomy":"product_cat","embeddable":true,"href":"https:\/\/bazaar.express\/cs\/wp-json\/wp\/v2\/product_cat?post=36428"},{"taxonomy":"product_tag","embeddable":true,"href":"https:\/\/bazaar.express\/cs\/wp-json\/wp\/v2\/product_tag?post=36428"}],"curies":[{"name":"wp","href":"https:\/\/api.w.org\/{rel}","templated":true}]}}