{"id":36435,"date":"2025-01-14T15:11:46","date_gmt":"2025-01-14T15:11:46","guid":{"rendered":"https:\/\/bazaar.express\/product\/prirodni-med-s-cernymi-semeny-100-cisty\/"},"modified":"2025-01-14T15:11:46","modified_gmt":"2025-01-14T15:11:46","slug":"prirodni-med-s-cernymi-semeny-100-cisty","status":"publish","type":"product","link":"https:\/\/bazaar.express\/cs\/produkt\/prirodni-med-s-cernymi-semeny-100-cisty\/","title":{"rendered":"P\u0159\u00edrodn\u00ed med s \u010dern\u00fdmi semeny | 100% \u010dist\u00fd"},"content":{"rendered":"<h2 data-start=\"231\" data-end=\"323\">P\u0159\u00edrodn\u00ed med s \u010dern\u00fdmi semeny \u2013 El-Baraka: 100% \u010dist\u00fd, syrov\u00fd a p\u0159\u00edrodn\u00ed med pro pos\u00edlen\u00ed va\u0161eho zdrav\u00ed<\/h2>\n<h3 data-start=\"325\" data-end=\"383\">Zlat\u00fd dar p\u0159\u00edrody \u2013 Med s \u010dern\u00fdmi semeny od El-Baraka<\/h3>\n<p data-start=\"385\" data-end=\"842\">Objevte nep\u0159ekonateln\u00e9 zdravotn\u00ed p\u0159\u00ednosy <strong data-start=\"427\" data-end=\"470\">p\u0159\u00edrodn\u00edho medu s \u010dern\u00fdmi semeny od El-Baraka<\/strong>, skute\u010dn\u00e9ho syrov\u00e9ho a neupraven\u00e9ho pokladu p\u0159\u00edmo z p\u0159\u00edrody. Vytvo\u0159en\u00e9ho v\u010delami, kter\u00e9 sb\u00edraj\u00ed nektar z kv\u011bt\u016f \u010dern\u00e9ho semenn\u00e9ho rostliny, tento med zachov\u00e1v\u00e1 ka\u017edou kapku v\u00fd\u017eivov\u00e9 s\u00edly \u2013 bez filtrov\u00e1n\u00ed, bez pasterizace, jen ten prav\u00fd. S ka\u017edou l\u017e\u00edc\u00ed nejen ochutn\u00e1v\u00e1te med \u2013 vy\u017eivujete sv\u00e9 t\u011blo, posilujete imunitu a krm\u00edte svou du\u0161i.<\/p>\n<h3 data-start=\"844\" data-end=\"894\">Pro\u010d si vybrat p\u0159\u00edrodn\u00ed med s \u010dern\u00fdmi semeny od El-Baraka?<\/h3>\n<h4 data-start=\"896\" data-end=\"957\">\u00a0100% syrov\u00fd a \u010dist\u00fd \u2013 Nic nep\u0159id\u00e1no, nic odebr\u00e1no<\/h4>\n<p data-start=\"958\" data-end=\"1225\">Na rozd\u00edl od zpracovan\u00e9ho medu med s \u010dern\u00fdmi semeny od El-Baraka zachov\u00e1v\u00e1 <strong data-start=\"1017\" data-end=\"1068\">ka\u017ed\u00fd p\u0159\u00edrodn\u00ed enzym, antioxidant a \u017eivinu<\/strong>. Chladov\u011b extrahovan\u00fd a nedot\u010den\u00fd teplem nebo chemik\u00e1liemi, p\u0159in\u00e1\u0161\u00ed bohatou, hustou konzistenci s hlubokou kv\u011btinovou-zemskou chut\u00ed jedine\u010dnou pro \u010dernou semennou rostlinu.<\/p>\n<h4 data-start=\"1227\" data-end=\"1284\">\u00a0Bohat\u00fd na antioxidanty \u2013 S\u00edla pro va\u0161e bu\u0148ky<\/h4>\n<p data-start=\"1285\" data-end=\"1493\">Tento med je <strong data-start=\"1299\" data-end=\"1331\">s\u00edla antioxidant\u016f<\/strong>, pom\u00e1h\u00e1 bojovat proti voln\u00fdm radik\u00e1l\u016fm, zpomalovat st\u00e1rnut\u00ed a chr\u00e1nit bu\u0148ky va\u0161eho t\u011bla. P\u0159irozen\u011b podporuje v\u00e1\u0161 imunitn\u00ed syst\u00e9m a zvy\u0161uje celkovou energii a vitalitu.<\/p>\n<h4 data-start=\"1495\" data-end=\"1550\">\u00a0P\u0159\u00edrodn\u00ed antibakteri\u00e1ln\u00ed a antifung\u00e1ln\u00ed ochrana<\/h4>\n<p data-start=\"1551\" data-end=\"1763\">Med s \u010dern\u00fdmi semeny od El-Baraka je <strong data-start=\"1583\" data-end=\"1615\">p\u0159\u00edrodn\u00edm \u0161t\u00edtem proti z\u00e1rok\u016fm<\/strong>. D\u00edky sv\u00fdm antifung\u00e1ln\u00edm a antibakteri\u00e1ln\u00edm vlastnostem pom\u00e1h\u00e1 br\u00e1nit t\u011blu proti b\u011b\u017en\u00fdm infekc\u00edm \u2013 st\u00e1v\u00e1 se va\u0161\u00edm ka\u017edodenn\u00edm p\u0159\u00edrodn\u00edm l\u00e9kem.<\/p>\n<h4 data-start=\"1765\" data-end=\"1816\">\u00a0Podporuje hojen\u00ed k\u016f\u017ee a sni\u017euje podr\u00e1\u017ed\u011bn\u00ed<\/h4>\n<p data-start=\"1817\" data-end=\"1991\">Aplikujte ho lok\u00e1ln\u011b na <strong data-start=\"1839\" data-end=\"1887\">hojen\u00ed ran, pop\u00e1lenin a such\u00e9 nebo z\u00e1n\u011btliv\u00e9 k\u016f\u017ee<\/strong>. Jeho antibakteri\u00e1ln\u00ed povaha pom\u00e1h\u00e1 p\u0159edch\u00e1zet infekc\u00edm, zat\u00edmco jeho zvlh\u010duj\u00edc\u00ed kvality vy\u017eivuj\u00ed a uklid\u0148uj\u00ed.<\/p>\n<h4 data-start=\"1993\" data-end=\"2037\">\u00a0Zlep\u0161uje tr\u00e1ven\u00ed a zdrav\u00ed st\u0159ev<\/h4>\n<p data-start=\"2038\" data-end=\"2189\">\u0158ekn\u011bte sbohem nad\u00fdm\u00e1n\u00ed a za\u017e\u00edvac\u00edm pot\u00ed\u017e\u00edm. Med s \u010dern\u00fdmi semeny je zn\u00e1m\u00fd t\u00edm, \u017ee <strong data-start=\"2108\" data-end=\"2137\">podporuje zdrav\u00e9 tr\u00e1ven\u00ed<\/strong>, uklid\u0148uje \u017ealudek a zlep\u0161uje vst\u0159eb\u00e1v\u00e1n\u00ed \u017eivin.<\/p>\n<h4 data-start=\"2191\" data-end=\"2240\">\u00a0\u00dalevu od bolesti v krku a ka\u0161le p\u0159irozen\u011b<\/h4>\n<p data-start=\"2241\" data-end=\"2446\">A\u0165 u\u017e ho berete l\u017e\u00edc\u00ed nebo m\u00edchejte do tepl\u00e9ho \u010daje, tento med <strong data-start=\"2306\" data-end=\"2342\">\u00falevu od bolesti v krku a ka\u0161le<\/strong>.<\/p>\n<p data-start=\"2241\" data-end=\"2446\">Jeho protiz\u00e1n\u011btliv\u00e9 a uklid\u0148uj\u00edc\u00ed kvality ho \u010din\u00ed p\u0159\u00edrodn\u00ed alternativou k l\u00e9k\u00e1rensk\u00fdm sirup\u016fm.<\/p>\n<h3 data-start=\"2453\" data-end=\"2497\">Zp\u016fsoby, jak si u\u017e\u00edt med s \u010dern\u00fdmi semeny od El-Baraka<\/h3>\n<ul data-start=\"2499\" data-end=\"2923\">\n<li data-start=\"2499\" data-end=\"2588\">\n<p data-start=\"2501\" data-end=\"2588\"><strong data-start=\"2501\" data-end=\"2526\">Denn\u00ed ritu\u00e1l pro blaho<\/strong>: Vezm\u011bte l\u017e\u00edci na la\u010dno, aby se probudila va\u0161e imunita.<\/p>\n<\/li>\n<li data-start=\"2589\" data-end=\"2680\">\n<p data-start=\"2591\" data-end=\"2680\"><strong data-start=\"2591\" data-end=\"2609\">V tepl\u00fdch n\u00e1poj\u00edch<\/strong>: P\u0159idejte do \u010daje, bylinn\u00fdch n\u00e1lev\u016f nebo citronov\u00e9 vody pro uklid\u0148uj\u00edc\u00ed pohodl\u00ed.<\/p>\n<\/li>\n<li data-start=\"2681\" data-end=\"2753\">\n<p data-start=\"2683\" data-end=\"2753\"><strong data-start=\"2683\" data-end=\"2703\">Pro bolest v krku<\/strong>: Sm\u00edchejte s teplou vodou nebo citronem pro p\u0159\u00edrodn\u00ed \u00falevu.<\/p>\n<\/li>\n<li data-start=\"2754\" data-end=\"2834\">\n<p data-start=\"2756\" data-end=\"2834\"><strong data-start=\"2756\" data-end=\"2791\">V smoothie a zdrav\u00fdch dezert\u00edch<\/strong>: P\u0159idejte sladk\u00fd, v\u00fd\u017eivn\u00fd impuls do recept\u016f.<\/p>\n<\/li>\n<li data-start=\"2835\" data-end=\"2923\">\n<p data-start=\"2837\" data-end=\"2923\"><strong data-start=\"2837\" data-end=\"2860\">Lok\u00e1ln\u00ed aplikace<\/strong>: Nan\u00e1\u0161ejte na \u0159ezy, drobn\u00e9 pop\u00e1leniny nebo suchou k\u016f\u017ei pro l\u00e9\u010div\u00e9 p\u0159\u00ednosy.<\/p>\n<\/li>\n<\/ul>\n<h3 data-start=\"2930\" data-end=\"2971\">Co d\u011bl\u00e1 med El-Baraka v\u00fdjime\u010dn\u00fdm?<\/h3>\n<p data-start=\"2973\" data-end=\"3266\">U El-Baraka je <strong data-start=\"2987\" data-end=\"3012\">\u010distota na\u0161\u00edm slibem<\/strong>. N\u00e1\u0161 med s \u010dern\u00fdmi semeny je sklizen s p\u00e9\u010d\u00ed, nikdy nezm\u011bn\u011bn a v\u017edy balen s integritou. Kombinuje <strong data-start=\"3120\" data-end=\"3147\">staletou tradici<\/strong> s modern\u00edmi zdravotn\u00edmi pot\u0159ebami \u2013 ide\u00e1ln\u00ed pro ty, kte\u0159\u00ed cht\u011bj\u00ed p\u0159\u00edrodn\u00ed a efektivn\u00ed zp\u016fsob, jak pos\u00edlit sv\u00e9 t\u011blo a blaho.<\/p>\n<p data-start=\"3268\" data-end=\"3444\">A\u0165 u\u017e chcete <strong data-start=\"3294\" data-end=\"3373\">pos\u00edlit imunitn\u00ed syst\u00e9m, hojit p\u0159irozen\u011b nebo si u\u017e\u00edt jedine\u010dnou chutnou pochoutku<\/strong>, p\u0159\u00edrodn\u00ed med s \u010dern\u00fdmi semeny od El-Baraka je v\u00e1\u0161 ultim\u00e1tn\u00ed spole\u010dn\u00edk pro zdrav\u00ed.<\/p>\n<h3 data-start=\"3838\" data-end=\"3891\">U\u010dinite p\u0159\u00edrodu sv\u00fdm ka\u017edodenn\u00edm spojencem \u2013 Vyzkou\u0161ejte El-Baraka je\u0161t\u011b dnes<\/h3>\n<p data-start=\"3893\" data-end=\"4132\"><strong data-start=\"3893\" data-end=\"3931\">P\u0159\u00edrodn\u00ed med s \u010dern\u00fdmi semeny od El-Baraka<\/strong> nen\u00ed jen dal\u0161\u00ed sladidlo \u2013 je to esenci\u00e1ln\u00ed pro blaho. Od pomoci p\u0159i tr\u00e1ven\u00ed a imunit\u011b po hojen\u00ed k\u016f\u017ee a \u00falevu od bolesti v krku, tato n\u00e1doba zlat\u00e9 dobroty je ultim\u00e1tn\u00edm darem p\u0159\u00edrody.<\/p>\n<p data-start=\"4134\" data-end=\"4245\"><strong data-start=\"4134\" data-end=\"4147\">Objednejte nyn\u00ed<\/strong> a nechte ka\u017edou l\u017e\u00edci p\u0159in\u00e9st zdrav\u00ed, tradici a chu\u0165 \u2013 p\u0159\u00edmo z \u00falu do va\u0161eho domova.<\/p>\n<p style=\"text-align: center;\">D\u011bkujeme za n\u00e1kup v <em data-start=\"415\" data-end=\"431\"><a href=\"https:\/\/bazaar.express\/\">Bazaar Express<\/a><\/em> \u2013 jsme nad\u0161en\u00ed, \u017ee jste tu!<\/p>\n<p style=\"text-align: center;\">Ochutnejte tradici s na\u0161\u00ed ru\u010dn\u011b vybranou selekc\u00ed <a href=\"https:\/\/bazaar.express\/product-category\/egyptian-flavors\/\">Egyptsk\u00fdch chut\u00ed<\/a> a ko\u0159en\u00ed.<\/p>\n","protected":false},"excerpt":{"rendered":"<h3 data-start=\"414\" data-end=\"642\">P\u0159\u00edrodn\u00ed med s \u010dern\u00fdmi semeny od El-Baraka je 100% syrov\u00fd a nefiltrovan\u00fd, sklizen\u00fd z v\u010del sb\u00edraj\u00edc\u00edch nektar z kv\u011bt\u016f \u010dern\u00fdch semen. Bohat\u00fd na antioxidanty a enzymy, podporuje tr\u00e1ven\u00ed, imunitu a zdrav\u00ed k\u016f\u017ee. Skute\u010dn\u00e9 superpotravina z p\u0159\u00edrody.<\/h3>\n","protected":false},"featured_media":36438,"comment_status":"open","ping_status":"closed","template":"","meta":[],"product_brand":[],"product_cat":[878,925,788],"product_tag":[929,884],"class_list":{"0":"post-36435","1":"product","2":"type-product","3":"status-publish","4":"has-post-thumbnail","6":"product_cat-egyptske-prichute","7":"product_cat-prirodni-oleje-el-baraka","8":"product_cat-to-nejlepsi-z-egypta","9":"product_tag-prirodni-prichute","10":"product_tag-zdrave","11":"pa_l-xl-1000ml","12":"pa_l-xl-500ml","14":"first","15":"instock","16":"sale","17":"shipping-taxable","18":"purchasable","19":"product-type-variable"},"_links":{"self":[{"href":"https:\/\/bazaar.express\/cs\/wp-json\/wp\/v2\/product\/36435","targetHints":{"allow":["GET"]}}],"collection":[{"href":"https:\/\/bazaar.express\/cs\/wp-json\/wp\/v2\/product"}],"about":[{"href":"https:\/\/bazaar.express\/cs\/wp-json\/wp\/v2\/types\/product"}],"replies":[{"embeddable":true,"href":"https:\/\/bazaar.express\/cs\/wp-json\/wp\/v2\/comments?post=36435"}],"wp:featuredmedia":[{"embeddable":true,"href":"https:\/\/bazaar.express\/cs\/wp-json\/wp\/v2\/media\/36438"}],"wp:attachment":[{"href":"https:\/\/bazaar.express\/cs\/wp-json\/wp\/v2\/media?parent=36435"}],"wp:term":[{"taxonomy":"product_brand","embeddable":true,"href":"https:\/\/bazaar.express\/cs\/wp-json\/wp\/v2\/product_brand?post=36435"},{"taxonomy":"product_cat","embeddable":true,"href":"https:\/\/bazaar.express\/cs\/wp-json\/wp\/v2\/product_cat?post=36435"},{"taxonomy":"product_tag","embeddable":true,"href":"https:\/\/bazaar.express\/cs\/wp-json\/wp\/v2\/product_tag?post=36435"}],"curies":[{"name":"wp","href":"https:\/\/api.w.org\/{rel}","templated":true}]}}