{"id":36442,"date":"2025-01-14T14:16:51","date_gmt":"2025-01-14T14:16:51","guid":{"rendered":"https:\/\/bazaar.express\/product\/nature-olivovy-olej-el-baraka\/"},"modified":"2025-01-14T14:16:51","modified_gmt":"2025-01-14T14:16:51","slug":"nature-olivovy-olej-el-baraka","status":"publish","type":"product","link":"https:\/\/bazaar.express\/cs\/produkt\/nature-olivovy-olej-el-baraka\/","title":{"rendered":"Nature Olivov\u00fd olej \u2013 El Baraka"},"content":{"rendered":"<h2 data-start=\"262\" data-end=\"354\"><strong data-start=\"265\" data-end=\"354\">El Baraka Nature Olivov\u00fd olej \u2013 Chladn\u011b lisovan\u00e1 dokonalost pro zdrav\u00ed, kr\u00e1su a pohodu<\/strong><\/h2>\n<h3 data-start=\"356\" data-end=\"403\"><strong data-start=\"360\" data-end=\"403\">\u010cist\u00e1, chladn\u011b lisovan\u00e1 s\u00edla p\u0159\u00edrody<\/strong><\/h3>\n<p data-start=\"404\" data-end=\"713\">Objevte s\u00edlu p\u0159\u00edrody s <strong data-start=\"440\" data-end=\"470\">El Baraka Nature Olivov\u00fdm olejem<\/strong> \u2013 pr\u00e9miov\u00fdm, chladn\u011b lisovan\u00fdm olejem zn\u00e1m\u00fdm svou \u010distotou, bohatstv\u00edm a nespo\u010detn\u00fdmi zdravotn\u00edmi v\u00fdhodami. A\u0165 u\u017e chcete vylep\u0161it sv\u00e9 va\u0159en\u00ed, vy\u017eivovat ple\u0165 nebo pos\u00edlit t\u011blo zevnit\u0159, tento p\u0159\u00edrodn\u00ed olej p\u0159in\u00e1\u0161\u00ed skute\u010dn\u00e9 v\u00fdsledky.<\/p>\n<h3 data-start=\"715\" data-end=\"754\"><strong data-start=\"719\" data-end=\"754\">Pro\u010d si vybrat olivov\u00fd olej El Baraka?<\/strong><\/h3>\n<h4 data-start=\"756\" data-end=\"797\"><strong data-start=\"761\" data-end=\"797\">Chladn\u00e9 lisov\u00e1n\u00ed pro maxim\u00e1ln\u00ed \u00fa\u010dinnost<\/strong><\/h4>\n<p data-start=\"798\" data-end=\"994\">N\u00e1\u0161 olej je z\u00edsk\u00e1n z vysoce kvalitn\u00edch oliv pomoc\u00ed technik chladn\u00e9ho lisov\u00e1n\u00ed, kter\u00e9 zachov\u00e1vaj\u00ed v\u0161echny \u017eiviny, antioxidanty a chu\u0165. \u017d\u00e1dn\u00e9 chemik\u00e1lie. \u017d\u00e1dn\u00e9 teplo. Pouze \u010dist\u00e1 p\u0159\u00edrodn\u00ed dobrota v ka\u017ed\u00e9 kapce.<\/p>\n<h4 data-start=\"996\" data-end=\"1033\"><strong data-start=\"1001\" data-end=\"1033\">Siln\u00fd tajn\u00fd recept proti st\u00e1rnut\u00ed<\/strong><\/h4>\n<p data-start=\"1034\" data-end=\"1260\">Bohat\u00fd na <strong data-start=\"1042\" data-end=\"1055\">vitam\u00edn E<\/strong> a <strong data-start=\"1060\" data-end=\"1084\">p\u0159\u00edrodn\u00ed antioxidanty<\/strong>, olivov\u00fd olej El Baraka chr\u00e1n\u00ed va\u0161i ple\u0165 p\u0159ed zn\u00e1mkami st\u00e1rnut\u00ed. Bojuje proti vr\u00e1vk\u00e1m, obnovuje pru\u017enost a zanech\u00e1v\u00e1 ple\u0165 z\u00e1\u0159ivou, hydratovanou a mladistv\u011bj\u0161\u00ed.<\/p>\n<h4 data-start=\"1262\" data-end=\"1309\"><strong data-start=\"1267\" data-end=\"1309\">Hlubok\u00e1 hydratace pro citlivou ple\u0165<\/strong><\/h4>\n<p data-start=\"1310\" data-end=\"1498\">Ide\u00e1ln\u00ed pro ty s suchou, citlivou nebo snadno dr\u00e1\u017edivou plet\u00ed. Tento olej jemn\u011b hydratuje a uklid\u0148uje ple\u0165, zlep\u0161uje hydrataci a funkci ko\u017en\u00ed bari\u00e9ry, zejm\u00e9na v drsn\u00e9m po\u010das\u00ed.<\/p>\n<h4 data-start=\"1500\" data-end=\"1532\"><strong data-start=\"1505\" data-end=\"1532\">\u017diviny pro zdrav\u00e9 srdce<\/strong><\/h4>\n<p data-start=\"1533\" data-end=\"1755\">Nabit\u00e9 <strong data-start=\"1545\" data-end=\"1559\">kyselina olejov\u00e1<\/strong>, jednodu \u043d\u0435\u043dnasycen\u00fd tuk zn\u00e1m\u00fd podporou kardiovaskul\u00e1rn\u00edho zdrav\u00ed, olivov\u00fd olej El Baraka pom\u00e1h\u00e1 sni\u017eovat \u0161patn\u00fd cholesterol (LDL) a zvy\u0161ovat dobr\u00fd cholesterol (HDL), \u010d\u00edm\u017e sni\u017euje riziko srde\u010dn\u00edch onemocn\u011bn\u00ed.<\/p>\n<h4 data-start=\"1757\" data-end=\"1800\"><strong data-start=\"1762\" data-end=\"1800\">Zlep\u0161uje tr\u00e1ven\u00ed a zdrav\u00ed kost\u00ed<\/strong><\/h4>\n<p data-start=\"1801\" data-end=\"1976\">Tento olej podporuje zdrav\u00ed tr\u00e1vic\u00edho syst\u00e9mu, pom\u00e1h\u00e1 p\u0159i vst\u0159eb\u00e1v\u00e1n\u00ed tuk\u016f a poskytuje miner\u00e1ly nezbytn\u00e9 pro siln\u00e9 kosti a klouby \u2013 zejm\u00e9na prosp\u011b\u0161n\u00e9 pro seniory a rostouc\u00ed d\u011bti.<\/p>\n<h4 data-start=\"1978\" data-end=\"2007\"><strong data-start=\"1983\" data-end=\"2007\">Ide\u00e1ln\u00ed pro v\u0161echny v\u011bkov\u00e9 skupiny<\/strong><\/h4>\n<p data-start=\"2008\" data-end=\"2170\">Od d\u011bt\u00ed po seniory podporuje El Baraka Nature Olivov\u00fd olej pohodu v ka\u017ed\u00e9 f\u00e1zi \u017eivota. Je to p\u0159\u00edrodn\u00ed zp\u016fsob, jak pos\u00edlit vitalitu, imunitu a dlouhodob\u00e9 zdrav\u00ed.<\/p>\n<h3 data-start=\"2172\" data-end=\"2212\"><strong data-start=\"2176\" data-end=\"2212\">Neodolateln\u00e9 v\u00fdhody v ka\u017ed\u00e9 kapce<\/strong><\/h3>\n<ul data-start=\"2213\" data-end=\"2429\">\n<li data-start=\"2213\" data-end=\"2249\">\n<p data-start=\"2215\" data-end=\"2249\"><strong data-start=\"2218\" data-end=\"2249\">Vy\u017eivuje a chr\u00e1n\u00ed ple\u0165<\/strong><\/p>\n<\/li>\n<li data-start=\"2250\" data-end=\"2280\">\n<p data-start=\"2252\" data-end=\"2280\"><strong data-start=\"2255\" data-end=\"2280\">Podporuje zdrav\u00ed srdce<\/strong><\/p>\n<\/li>\n<li data-start=\"2281\" data-end=\"2318\">\n<p data-start=\"2283\" data-end=\"2318\"><strong data-start=\"2286\" data-end=\"2318\">Posiluje kosti a klouby<\/strong><\/p>\n<\/li>\n<li data-start=\"2319\" data-end=\"2371\">\n<p data-start=\"2321\" data-end=\"2371\"><strong data-start=\"2325\" data-end=\"2371\">Podporuje tr\u00e1ven\u00ed a vst\u0159eb\u00e1v\u00e1n\u00ed \u017eivin<\/strong><\/p>\n<\/li>\n<li data-start=\"2372\" data-end=\"2429\">\n<p data-start=\"2374\" data-end=\"2429\"><strong data-start=\"2377\" data-end=\"2429\">Bohat\u00fd na vitam\u00edny, antioxidanty a zdrav\u00e9 tuky<\/strong><\/p>\n<\/li>\n<\/ul>\n<h3 data-start=\"2431\" data-end=\"2488\"><strong data-start=\"2435\" data-end=\"2488\">St\u0159edomo\u0159sk\u00e9 tajemstv\u00ed zdrav\u011bj\u0161\u00edho \u017eivotn\u00edho stylu<\/strong><\/h3>\n<p data-start=\"2489\" data-end=\"2714\">Olivov\u00fd olej je po stalet\u00ed pil\u00ed\u0159em st\u0159edomo\u0159sk\u00e9ho \u017eivota. S El Baraka p\u0159in\u00e1\u0161\u00edte dom\u016f stejn\u00e9 osv\u011bd\u010den\u00e9 zdravotn\u00ed tradice \u2013 a\u0165 u\u017e ho pou\u017e\u00edv\u00e1te k va\u0159en\u00ed, p\u00e9\u010di o ple\u0165 nebo jako sou\u010d\u00e1st ka\u017edodenn\u00ed rutiny pro zdrav\u00ed.<\/p>\n<h3 data-start=\"2721\" data-end=\"2774\"><strong data-start=\"2725\" data-end=\"2774\">Pro\u010d je El Baraka Nature Olivov\u00fd olej nezbytnost\u00ed<\/strong><\/h3>\n<h4 data-start=\"2776\" data-end=\"2809\">\u2705 100 % \u010dist\u00fd a chladn\u011b lisovan\u00fd<\/h4>\n<p data-start=\"2810\" data-end=\"2882\">\u017d\u00e1dn\u00e9 p\u0159\u00edsady, \u017e\u00e1dn\u00e9 teplo \u2013 pouze \u010dist\u00fd, zdrav\u00fd olivov\u00fd olej z pr\u00e9miov\u00fdch oliv.<\/p>\n<h4 data-start=\"2884\" data-end=\"2910\">\u2705 Bohat\u00e1, v\u00fdrazn\u00e1 chu\u0165<\/h4>\n<p data-start=\"2911\" data-end=\"2986\">P\u0159id\u00e1v\u00e1 hloubku a bohatstv\u00ed do sal\u00e1t\u016f, pe\u010den\u00e9 zeleniny, marin\u00e1d a dal\u0161\u00edho.<\/p>\n<h4 data-start=\"2988\" data-end=\"3021\">\u2705 V\u00edcen\u00e1sobn\u00e9 zdravotn\u00ed v\u00fdhody<\/h4>\n<p data-start=\"3022\" data-end=\"3095\">Od podpory srdce po z\u00e1\u0159ivou ple\u0165, toto je holistick\u00e9 \u0159e\u0161en\u00ed pro pohodu.<\/p>\n<h4 data-start=\"3097\" data-end=\"3132\">\u2705 Udr\u017eiteln\u00e9 a ekologick\u00e9<\/h4>\n<p data-start=\"3133\" data-end=\"3197\">Z\u00edsk\u00e1no zodpov\u011bdn\u011b pro ochranu Zem\u011b a budouc\u00edch generac\u00ed.<\/p>\n<h2 data-start=\"3539\" data-end=\"3592\"><strong data-start=\"3542\" data-end=\"3592\">Z\u00e1v\u011bre\u010dn\u00e9 my\u0161lenky: P\u0159\u00edrodn\u00ed dar pro va\u0161e zdrav\u00ed<\/strong><\/h2>\n<p data-start=\"3594\" data-end=\"3664\">Vyberte si pohodu. Vyberte si \u010distotu. Vyberte si <strong data-start=\"3633\" data-end=\"3663\">El Baraka Nature Olivov\u00fd olej<\/strong>.<\/p>\n<p data-start=\"3666\" data-end=\"3904\">Tento v\u00fdjime\u010dn\u00fd olej je v\u00edce ne\u017e jen kuchy\u0148skou nezbytnost\u00ed \u2013 je va\u0161\u00edm p\u0159\u00edrodn\u00edm partnerem pro zdrav\u00ed a kr\u00e1su. S nep\u0159ekonatelnou kvalitou, bohatou chut\u00ed a siln\u00fdmi \u017eivinami je to chytr\u00e1 volba pro ka\u017ed\u00e9ho, kdo usiluje o zdrav\u00fd, \u017eiv\u00fd \u017eivotn\u00ed styl.<\/p>\n<p data-start=\"3906\" data-end=\"4006\">\ud83d\udc49 <strong data-start=\"3909\" data-end=\"3922\">Objednejte nyn\u00ed<\/strong> a nechte p\u0159\u00edrodn\u00ed kouzlo El Baraka prom\u011bnit v\u00e1\u0161 ka\u017edodenn\u00ed \u017eivot \u2013 zevnit\u0159 i zven\u010d\u00ed.<\/p>\n<p style=\"text-align: center;\">D\u011bkujeme za n\u00e1kup v <em data-start=\"415\" data-end=\"431\"><a href=\"https:\/\/bazaar.express\/\">Bazaar Express<\/a><\/em> \u2013 jsme nad\u0161en\u00ed, \u017ee jste tu!<\/p>\n<p style=\"text-align: center;\">C\u00edt\u00edte s\u00edlu p\u0159\u00edrody \u2013 \u010dist\u00e9 <a href=\"\/?p=34484\">Terapeutick\u00e9 oleje<\/a> pro ka\u017edodenn\u00ed pohodu.<\/p>\n","protected":false},"excerpt":{"rendered":"<h3>Objevte p\u0159\u00edrodn\u00ed s\u00edlu <strong data-start=\"439\" data-end=\"469\">El Baraka Nature Olivov\u00e9ho oleje<\/strong> \u2013 chladn\u011b lisovan\u00e9ho, \u017eivinami nabit\u00e9ho oleje ide\u00e1ln\u00edho pro va\u0159en\u00ed, p\u00e9\u010di o ple\u0165, zdrav\u00ed srdce a dal\u0161\u00ed. Pln\u00fd antioxidant\u016f, je to va\u0161e univerz\u00e1ln\u00ed p\u0159\u00edrodn\u00ed \u0159e\u0161en\u00ed pro pohodu a kr\u00e1su.<\/h3>\n","protected":false},"featured_media":36444,"comment_status":"open","ping_status":"closed","template":"","meta":[],"product_brand":[],"product_cat":[787,878,925,788],"product_tag":[781,793,929,884],"class_list":{"0":"post-36442","1":"product","2":"type-product","3":"status-publish","4":"has-post-thumbnail","6":"product_cat-terapeuticke-oleje","7":"product_cat-egyptske-prichute","8":"product_cat-prirodni-oleje-el-baraka","9":"product_cat-to-nejlepsi-z-egypta","10":"product_tag-olej","11":"product_tag-prirodni-olej","12":"product_tag-prirodni-prichute","13":"product_tag-zdrave","14":"pa_l-xl-1000ml","15":"pa_l-xl-250ml","16":"pa_l-xl-500ml","18":"first","19":"instock","20":"sale","21":"shipping-taxable","22":"purchasable","23":"product-type-variable"},"_links":{"self":[{"href":"https:\/\/bazaar.express\/cs\/wp-json\/wp\/v2\/product\/36442","targetHints":{"allow":["GET"]}}],"collection":[{"href":"https:\/\/bazaar.express\/cs\/wp-json\/wp\/v2\/product"}],"about":[{"href":"https:\/\/bazaar.express\/cs\/wp-json\/wp\/v2\/types\/product"}],"replies":[{"embeddable":true,"href":"https:\/\/bazaar.express\/cs\/wp-json\/wp\/v2\/comments?post=36442"}],"wp:featuredmedia":[{"embeddable":true,"href":"https:\/\/bazaar.express\/cs\/wp-json\/wp\/v2\/media\/36444"}],"wp:attachment":[{"href":"https:\/\/bazaar.express\/cs\/wp-json\/wp\/v2\/media?parent=36442"}],"wp:term":[{"taxonomy":"product_brand","embeddable":true,"href":"https:\/\/bazaar.express\/cs\/wp-json\/wp\/v2\/product_brand?post=36442"},{"taxonomy":"product_cat","embeddable":true,"href":"https:\/\/bazaar.express\/cs\/wp-json\/wp\/v2\/product_cat?post=36442"},{"taxonomy":"product_tag","embeddable":true,"href":"https:\/\/bazaar.express\/cs\/wp-json\/wp\/v2\/product_tag?post=36442"}],"curies":[{"name":"wp","href":"https:\/\/api.w.org\/{rel}","templated":true}]}}