{"id":36448,"date":"2025-01-14T01:34:25","date_gmt":"2025-01-14T01:34:25","guid":{"rendered":"https:\/\/bazaar.express\/product\/byliny-a-koreni\/"},"modified":"2025-01-14T01:34:25","modified_gmt":"2025-01-14T01:34:25","slug":"byliny-a-koreni","status":"publish","type":"product","link":"https:\/\/bazaar.express\/cs\/produkt\/byliny-a-koreni\/","title":{"rendered":"Byliny a ko\u0159en\u00ed"},"content":{"rendered":"<h2 data-start=\"145\" data-end=\"229\">Desert Eagle Byliny a ko\u0159en\u00ed \u2013 \u010cist\u00e9 egyptsk\u00e9 chut\u011b a wellness v ka\u017ed\u00e9m balen\u00ed<\/h2>\n<h3 data-start=\"231\" data-end=\"285\">Objevte s\u00edlu egyptsk\u00fdch p\u0159\u00edrodn\u00edch poklad\u016f<\/h3>\n<p data-start=\"287\" data-end=\"652\">Vstupte do bohat\u00e9ho sv\u011bta egyptsk\u00e9 bylinn\u00e9 tradice s <strong data-start=\"346\" data-end=\"377\">Desert Eagle Byliny a ko\u0159en\u00ed<\/strong> \u2013 pe\u010dliv\u011b vybranou sb\u00edrkou nejlep\u0161\u00edch l\u00e9\u010div\u00fdch bylin a ko\u0159en\u00ed, p\u011bstovan\u00fdch na \u00farodn\u00fdch egyptsk\u00fdch p\u016fd\u00e1ch. A\u0165 jste dom\u00e1c\u00ed kucha\u0159, milovn\u00edk \u010daje nebo n\u011bkdo, kdo oce\u0148uje p\u0159\u00edrodn\u00ed wellness, tato pr\u00e9miov\u00e1 sestava p\u0159in\u00e1\u0161\u00ed chu\u0165 i l\u00e9\u010den\u00ed do va\u0161\u00ed kuchyn\u011b a ka\u017edodenn\u00edho \u017eivota.<\/p>\n<h3 data-start=\"654\" data-end=\"700\">\u00a0Pro\u010d si vybrat Desert Eagle Byliny a ko\u0159en\u00ed?<\/h3>\n<h4 data-start=\"702\" data-end=\"737\">\u2705 Autentick\u00e1 egyptsk\u00e1 kvalita<\/h4>\n<p data-start=\"738\" data-end=\"1010\">Ka\u017ed\u00e1 bylina v t\u00e9to sb\u00edrce \u2013 v\u010detn\u011b he\u0159m\u00e1nku, fenyklu, bazalky, m\u00e1ty, petr\u017eele, rozmar\u00fdnu, an\u00fdzu a oreg\u00e1na \u2013 je p\u011bstov\u00e1na v \u017eivinami bohat\u00e9 egyptsk\u00e9 p\u016fd\u011b a sklizen\u00e1 v vrcholu sv\u00e9 \u010derstvosti. V\u00fdsledek? V\u00fdjime\u010dn\u00e1 chu\u0165, aroma a p\u0159\u00edrodn\u00ed s\u00edla, kterou c\u00edt\u00edte a ochutn\u00e1te.<\/p>\n<h4 data-start=\"1012\" data-end=\"1043\">\u2705 V\u00edce\u00fa\u010delov\u00e1 dobrota<\/h4>\n<p data-start=\"1044\" data-end=\"1269\">Uva\u0159te uklid\u0148uj\u00edc\u00ed bylinn\u00fd \u010daj, vylep\u0161ete chu\u0165 sv\u00fdch j\u00eddel nebo vytvo\u0159te tradi\u010dn\u00ed dom\u00e1c\u00ed l\u00e9ky. S Desert Eagle nekupujete jen byliny \u2013 odemyk\u00e1te stalet\u00ed moudrosti v oblasti wellness p\u0159ed\u00e1van\u00e9 z generace na generaci.<\/p>\n<h4 data-start=\"1271\" data-end=\"1302\">\u2705 100% p\u0159\u00edrodn\u00ed a l\u00e9\u010div\u00e9<\/h4>\n<p data-start=\"1303\" data-end=\"1538\">Bez aditiv nebo um\u011bl\u00fdch p\u0159\u00edchut\u00ed, na\u0161e byliny jsou pln\u00e9 antioxidant\u016f, vitam\u00edn\u016f a p\u0159\u00edrodn\u00edch olej\u016f. Egyp\u0165an\u00e9 t\u011bmto rostlin\u00e1m d\u016fv\u011b\u0159ovali po stalet\u00ed pro zlep\u0161en\u00ed tr\u00e1ven\u00ed, pos\u00edlen\u00ed imunity a podporu klidu a pohody.<\/p>\n<h3 data-start=\"1545\" data-end=\"1567\">\u00a0Podrobnosti o produktu<\/h3>\n<ul data-start=\"1569\" data-end=\"1801\">\n<li data-start=\"1569\" data-end=\"1598\">\n<p data-start=\"1571\" data-end=\"1598\"><strong data-start=\"1571\" data-end=\"1586\">\u010cist\u00e1 hmotnost:<\/strong> 160 gram\u016f<\/p>\n<\/li>\n<li data-start=\"1599\" data-end=\"1650\">\n<p data-start=\"1601\" data-end=\"1650\"><strong data-start=\"1601\" data-end=\"1612\">P\u016fvod:<\/strong> Hrd\u011b p\u011bstovan\u00e9 a balen\u00e9 v Egypt\u011b<\/p>\n<\/li>\n<li data-start=\"1651\" data-end=\"1710\">\n<p data-start=\"1653\" data-end=\"1710\"><strong data-start=\"1653\" data-end=\"1661\">Pou\u017eit\u00ed:<\/strong> Kuchynsk\u00e9, Bylinn\u00e9 n\u00e1levy, L\u00e9\u010div\u00e9 prost\u0159edky<\/p>\n<\/li>\n<li data-start=\"1711\" data-end=\"1801\">\n<p data-start=\"1713\" data-end=\"1801\"><strong data-start=\"1713\" data-end=\"1729\">Ide\u00e1ln\u00ed pro:<\/strong> Milovn\u00edky bylinn\u00e9ho \u010daje, hleda\u010de p\u0159\u00edrodn\u00edho wellness, gurm\u00e1ny a d\u00e1rce d\u00e1rk\u016f<\/p>\n<\/li>\n<\/ul>\n<h3 data-start=\"2198\" data-end=\"2236\">\u00a0Pov\u00fd\u0161te sv\u016fj \u017eivotn\u00ed styl p\u0159irozen\u011b<\/h3>\n<p data-start=\"2238\" data-end=\"2544\">S Desert Eagle Byliny a ko\u0159en\u00ed nejen okot\u00edte j\u00eddlo \u2013 zlep\u0161ujete sv\u00e9 zdrav\u00ed. P\u0159ineste du\u0161i Egypta do sv\u00e9ho domova s ka\u017ed\u00fdm posyp\u00e1n\u00edm, louhov\u00e1n\u00edm nebo l\u017e\u00edc\u00ed. A\u0165 p\u0159ipravujete tepl\u00fd hrnek bylinn\u00e9ho \u010daje nebo okot\u00favate obl\u00edben\u00fd recept, vol\u00edte \u010distotu, tradici a zdrav\u00ed.<\/p>\n<h3 data-start=\"2551\" data-end=\"2601\">\u00a0P\u0159idejte do ko\u0161\u00edku nyn\u00ed a ochutnejte ducha Egypta<\/h3>\n<p data-start=\"2603\" data-end=\"2772\">Nechte Desert Eagle Byliny a ko\u0159en\u00ed b\u00fdt va\u0161\u00ed novou obl\u00edbenou kuchynskou nezbytnost\u00ed. Kupte nyn\u00ed a prom\u011b\u0148te ka\u017ed\u00e9 j\u00eddlo nebo n\u00e1poj v zdravou, aromatickou cestu egyptskou tradic\u00ed.<\/p>\n<p style=\"text-align: center;\">D\u011bkujeme za n\u00e1kup v <em data-start=\"415\" data-end=\"431\"><a href=\"https:\/\/bazaar.express\/\">Bazaar Express<\/a><\/em> \u2013 jsme nad\u0161en\u00ed, \u017ee jste tu!<\/p>\n<p style=\"text-align: center;\">Ochutnejte tradici s na\u0161\u00ed ru\u010dn\u011b vybranou selekc\u00ed <a href=\"https:\/\/bazaar.express\/product-category\/egyptian-flavors\/\">Egyptsk\u00fdch chut\u00ed<\/a> a ko\u0159en\u00ed.<\/p>\n","protected":false},"excerpt":{"rendered":"<h3 data-start=\"422\" data-end=\"681\">Desert Eagle Byliny a ko\u0159en\u00ed nab\u00edz\u00ed pr\u00e9miovou 160g sm\u011bs nejlep\u0161\u00edch egyptsk\u00fdch bylin v\u010detn\u011b he\u0159m\u00e1nku, m\u00e1ty, bazalky, rozmar\u00fdnu a dal\u0161\u00edch. Ide\u00e1ln\u00ed pro va\u0159en\u00ed, \u010daj a p\u0159\u00edrodn\u00ed wellness. Z\u00edskan\u00e9 lok\u00e1ln\u011b, bez aditiv, bohat\u00e9 na tradi\u010dn\u00ed l\u00e9\u010div\u00e9 vlastnosti.<\/h3>\n","protected":false},"featured_media":36452,"comment_status":"open","ping_status":"closed","template":"","meta":[],"product_brand":[],"product_cat":[878,788],"product_tag":[929],"class_list":{"0":"post-36448","1":"product","2":"type-product","3":"status-publish","4":"has-post-thumbnail","6":"product_cat-egyptske-prichute","7":"product_cat-to-nejlepsi-z-egypta","8":"product_tag-prirodni-prichute","10":"first","11":"instock","12":"sale","13":"shipping-taxable","14":"purchasable","15":"product-type-simple"},"_links":{"self":[{"href":"https:\/\/bazaar.express\/cs\/wp-json\/wp\/v2\/product\/36448","targetHints":{"allow":["GET"]}}],"collection":[{"href":"https:\/\/bazaar.express\/cs\/wp-json\/wp\/v2\/product"}],"about":[{"href":"https:\/\/bazaar.express\/cs\/wp-json\/wp\/v2\/types\/product"}],"replies":[{"embeddable":true,"href":"https:\/\/bazaar.express\/cs\/wp-json\/wp\/v2\/comments?post=36448"}],"wp:featuredmedia":[{"embeddable":true,"href":"https:\/\/bazaar.express\/cs\/wp-json\/wp\/v2\/media\/36452"}],"wp:attachment":[{"href":"https:\/\/bazaar.express\/cs\/wp-json\/wp\/v2\/media?parent=36448"}],"wp:term":[{"taxonomy":"product_brand","embeddable":true,"href":"https:\/\/bazaar.express\/cs\/wp-json\/wp\/v2\/product_brand?post=36448"},{"taxonomy":"product_cat","embeddable":true,"href":"https:\/\/bazaar.express\/cs\/wp-json\/wp\/v2\/product_cat?post=36448"},{"taxonomy":"product_tag","embeddable":true,"href":"https:\/\/bazaar.express\/cs\/wp-json\/wp\/v2\/product_tag?post=36448"}],"curies":[{"name":"wp","href":"https:\/\/api.w.org\/{rel}","templated":true}]}}