{"id":36454,"date":"2025-01-14T01:12:09","date_gmt":"2025-01-14T01:12:09","guid":{"rendered":"https:\/\/bazaar.express\/product\/egyptsky-caj\/"},"modified":"2025-01-14T01:12:09","modified_gmt":"2025-01-14T01:12:09","slug":"egyptsky-caj","status":"publish","type":"product","link":"https:\/\/bazaar.express\/cs\/produkt\/egyptsky-caj\/","title":{"rendered":"Egyptsk\u00fd \u010daj"},"content":{"rendered":"<h2 data-start=\"270\" data-end=\"338\">Objevte p\u0159\u00edrodn\u00ed s\u00edlu Desert Eagle l\u00e9\u010div\u00e9ho egyptsk\u00e9ho \u010daje<\/h2>\n<h3 data-start=\"340\" data-end=\"383\"> Starov\u011bk\u00e1 egyptsk\u00e1 moudrost v ka\u017ed\u00e9m dou\u0161ku<\/h3>\n<p data-start=\"385\" data-end=\"723\">Odemkn\u011bte zdravotn\u00ed tajemstv\u00ed starov\u011bk\u00e9ho Egypta s <strong data-start=\"433\" data-end=\"474\">l\u00e9\u010div\u00fdm egyptsk\u00fdm \u010dajem Desert Eagle<\/strong> \u2013 pe\u010dliv\u011b vybran\u00fdm bylinn\u00fdm l\u00e9kem vyroben\u00fdm z nejlep\u0161\u00edch p\u0159\u00edrodn\u00edch ingredienc\u00ed. Ide\u00e1ln\u00ed pro ka\u017ed\u00e9ho, kdo hled\u00e1 holistick\u00e9 wellness, zlep\u0161enou imunitu nebo p\u0159irozenou \u00falevu od stresu, tento \u010daj kombinuje autentick\u00e9 egyptsk\u00e9 byliny s v\u011bkov\u00fdmi l\u00e9\u010ditelsk\u00fdmi tradicemi.<\/p>\n<p data-start=\"725\" data-end=\"889\">A\u0165 u\u017e chcete uvolnit po hektick\u00e9m dni, podpo\u0159it metabolismus nebo pos\u00edlit imunitn\u00ed syst\u00e9m, tento \u010daj v\u00e1m p\u0159in\u00e1\u0161\u00ed uklid\u0148uj\u00edc\u00ed \u0161\u00e1lek klidu a vitality.<\/p>\n<h3 data-start=\"896\" data-end=\"952\"> Pro\u010d si vybrat Desert Eagle l\u00e9\u010div\u00fd egyptsk\u00fd \u010daj?<\/h3>\n<p data-start=\"954\" data-end=\"1223\">V <strong data-start=\"957\" data-end=\"973\">Desert Eagle<\/strong> jsme hrd\u00ed na v\u00fdrobu pr\u00e9miov\u00fdch wellness \u010daj\u016f z nejbohat\u0161\u00edch egyptsk\u00fdch bylinn\u00fdch zdroj\u016f. Na\u0161e \u010daje nejsou jen chutn\u00e9 \u2013 jsou funk\u010dn\u00ed. Ka\u017ed\u00e1 sm\u011bs je navr\u017eena tak, aby nab\u00edzela <strong data-start=\"1148\" data-end=\"1172\">skute\u010dn\u00e9 zdravotn\u00ed p\u0159\u00ednosy<\/strong>, zako\u0159en\u011bn\u00e9 v moudrosti egyptsk\u00e9 bylinn\u00e9 medic\u00edny.<\/p>\n<ul data-start=\"1225\" data-end=\"1488\">\n<li data-start=\"1225\" data-end=\"1319\">\n<p data-start=\"1227\" data-end=\"1319\"><strong data-start=\"1227\" data-end=\"1265\">Zdroj z \u00farodn\u00e9 egyptsk\u00e9 p\u016fdy:<\/strong> P\u011bstov\u00e1no na \u017eivinami bohat\u00fdch zem\u00edch a sklizen\u00e9 s p\u00e9\u010d\u00ed.<\/p>\n<\/li>\n<li data-start=\"1320\" data-end=\"1426\">\n<p data-start=\"1322\" data-end=\"1426\"><strong data-start=\"1322\" data-end=\"1347\">Vyrobeno s \u00famyslem:<\/strong> Ka\u017ed\u00e9 balen\u00ed \u010daje 160 g je promy\u0161len\u011b nam\u00edch\u00e1no pro podporu va\u0161ich ka\u017edodenn\u00edch zdravotn\u00edch pot\u0159eb.<\/p>\n<\/li>\n<li data-start=\"1427\" data-end=\"1488\">\n<p data-start=\"1429\" data-end=\"1488\"><strong data-start=\"1429\" data-end=\"1459\">Bez chemik\u00e1li\u00ed nebo p\u0159\u00edsad:<\/strong> Pouze \u010dist\u00e1 p\u0159\u00edrodn\u00ed dobrota.<\/p>\n<\/li>\n<\/ul>\n<h3 data-start=\"1495\" data-end=\"1544\"> Kl\u00ed\u010dov\u00e9 zdravotn\u00ed p\u0159\u00ednosy bylinn\u00e9ho egyptsk\u00e9ho \u010daje<\/h3>\n<h4 data-start=\"1546\" data-end=\"1578\"> Posilte sv\u016fj imunitn\u00ed syst\u00e9m<\/h4>\n<p data-start=\"1579\" data-end=\"1701\">Bohat\u00e9 na antioxidanty a \u017eiviny, na\u0161e l\u00e9\u010div\u00e9 \u010daje pom\u00e1haj\u00ed va\u0161emu t\u011blu bojovat proti nemocem a z\u016fstat odoln\u00e9 po cel\u00fd rok.<\/p>\n<h4 data-start=\"1703\" data-end=\"1742\"> \u00daleva od stresu a lep\u0161\u00ed sp\u00e1nek<\/h4>\n<p data-start=\"1743\" data-end=\"1849\">U\u017eijte si uklid\u0148uj\u00edc\u00ed byliny, kter\u00e9 podporuj\u00ed relaxaci a sni\u017euj\u00ed \u00fazkost, pom\u00e1haj\u00ed v\u00e1m uvolnit se a sp\u00e1t sladce.<\/p>\n<h4 data-start=\"1851\" data-end=\"1881\"> Zvy\u0161te energii a soust\u0159ed\u011bn\u00ed<\/h4>\n<p data-start=\"1882\" data-end=\"1991\">N\u011bkter\u00e9 sm\u011bsi jsou speci\u00e1ln\u011b navr\u017eeny pro zv\u00fd\u0161en\u00ed bd\u011blosti a ment\u00e1ln\u00ed jasnosti \u2013 bez p\u00e1du kofeinu.<\/p>\n<h4 data-start=\"1993\" data-end=\"2031\"> Podpo\u0159te tr\u00e1ven\u00ed a zdrav\u00ed st\u0159ev<\/h4>\n<p data-start=\"2032\" data-end=\"2147\">Bylinn\u00e9 infuze jako an\u00fdz, fenykl a m\u00e1ta d\u011blaj\u00ed divy p\u0159i uvol\u0148ov\u00e1n\u00ed nad\u00fdm\u00e1n\u00ed, uklid\u0148ov\u00e1n\u00ed \u017ealudku a podpo\u0159e tr\u00e1ven\u00ed.<\/p>\n<h4 data-start=\"2149\" data-end=\"2182\"> P\u0159irozen\u00e9 \u0159\u00edzen\u00ed hmotnosti<\/h4>\n<p data-start=\"2183\" data-end=\"2297\">Vybran\u00e9 bylinn\u00e9 kombinace pom\u00e1haj\u00ed stimulovat metabolismus a podporovat spalov\u00e1n\u00ed tuk\u016f \u2013 ide\u00e1ln\u00ed pro va\u0161e c\u00edle hubnut\u00ed.<\/p>\n<h3 data-start=\"2304\" data-end=\"2329\"> Co n\u00e1s odli\u0161uje<\/h3>\n<p data-start=\"2331\" data-end=\"2546\">L\u00e9\u010div\u00fd egyptsk\u00fd \u010daj Desert Eagle nen\u00ed jen produkt \u2013 je to <strong data-start=\"2397\" data-end=\"2419\">ritu\u00e1l wellness<\/strong>. A\u0165 jste nov\u00e1\u010dek v bylinn\u00fdch \u010daj\u00edch nebo dlouholet\u00fd nad\u0161enec, na\u0161e sm\u011bsi nab\u00edzej\u00ed bohatou, aromatickou a zdrav\u00ed zam\u011b\u0159enou zku\u0161enost.<\/p>\n<ul data-start=\"2548\" data-end=\"2680\">\n<li data-start=\"2548\" data-end=\"2566\">\n<p data-start=\"2550\" data-end=\"2566\"><strong data-start=\"2550\" data-end=\"2561\">Hmotnost:<\/strong> 160g<\/p>\n<\/li>\n<li data-start=\"2567\" data-end=\"2594\">\n<p data-start=\"2569\" data-end=\"2594\"><strong data-start=\"2569\" data-end=\"2580\">P\u016fvod:<\/strong> Vyrobeno v Egypt\u011b<\/p>\n<\/li>\n<li data-start=\"2595\" data-end=\"2680\">\n<p data-start=\"2597\" data-end=\"2680\"><strong data-start=\"2597\" data-end=\"2611\">Ide\u00e1ln\u00ed pro:<\/strong> Milovn\u00edky wellness, nad\u0161ence do \u010daje a ty, kdo hledaj\u00ed p\u0159irozen\u00e9 l\u00e9ky<\/p>\n<\/li>\n<\/ul>\n<h3 data-start=\"3070\" data-end=\"3110\"> Obj\u011bmte wellness egyptsk\u00fdm zp\u016fsobem<\/h3>\n<p data-start=\"3112\" data-end=\"3354\">S <strong data-start=\"3117\" data-end=\"3158\">l\u00e9\u010div\u00fdm egyptsk\u00fdm \u010dajem Desert Eagle<\/strong> nepijete jen \u010daj \u2013 spojujete se s v\u011bky bylinn\u00e9 moudrosti. Objevte p\u0159irozen\u00fd, bezkofeinov\u00fd zp\u016fsob, jak se c\u00edtit l\u00e9pe, \u017e\u00edt \u010dist\u011bji a podporovat pot\u0159eby sv\u00e9ho t\u011bla \u0161\u00e1lkem po \u0161\u00e1lku.<\/p>\n<p data-start=\"3356\" data-end=\"3425\"><strong data-start=\"3356\" data-end=\"3425\">Kupte nyn\u00ed a za\u017eijte l\u00e9\u010divou esenci Egypta v ka\u017ed\u00e9m dou\u0161ku.<\/strong><\/p>\n<p style=\"text-align: center;\">D\u011bkujeme za n\u00e1kup v <em data-start=\"415\" data-end=\"431\"><a href=\"https:\/\/bazaar.express\/\">Bazaar Express<\/a><\/em> \u2013 jsme nad\u0161en\u00ed, \u017ee jste u n\u00e1s!<\/p>\n<p style=\"text-align: center;\">Ochutnejte tradici s na\u0161\u00ed ru\u010dn\u011b vybranou selekc\u00ed <a href=\"https:\/\/bazaar.express\/product-category\/egyptian-flavors\/\">Egyptsk\u00fdch chut\u00ed<\/a> a ko\u0159en\u00ed.<\/p>\n","protected":false},"excerpt":{"rendered":"<h3 data-start=\"518\" data-end=\"775\">Desert Eagle l\u00e9\u010div\u00fd egyptsk\u00fd \u010daj nab\u00edz\u00ed pr\u00e9miovou selekci 100% p\u0159\u00edrodn\u00edch bylinn\u00fdch sm\u011bs\u00ed zako\u0159en\u011bn\u00fdch ve starov\u011bk\u00e9 egyptsk\u00e9 tradici. Bohat\u00fd na antioxidanty a \u017eiviny podporuje imunitu, tr\u00e1ven\u00ed, \u00falevu od stresu a celkov\u00e9 wellness. Vyrobeno v Egypt\u011b, 160g.<\/h3>\n<h3><\/h3>\n","protected":false},"featured_media":36458,"comment_status":"open","ping_status":"closed","template":"","meta":[],"product_brand":[],"product_cat":[878,788],"product_tag":[],"class_list":{"0":"post-36454","1":"product","2":"type-product","3":"status-publish","4":"has-post-thumbnail","6":"product_cat-egyptske-prichute","7":"product_cat-to-nejlepsi-z-egypta","9":"first","10":"instock","11":"sale","12":"shipping-taxable","13":"purchasable","14":"product-type-simple"},"_links":{"self":[{"href":"https:\/\/bazaar.express\/cs\/wp-json\/wp\/v2\/product\/36454","targetHints":{"allow":["GET"]}}],"collection":[{"href":"https:\/\/bazaar.express\/cs\/wp-json\/wp\/v2\/product"}],"about":[{"href":"https:\/\/bazaar.express\/cs\/wp-json\/wp\/v2\/types\/product"}],"replies":[{"embeddable":true,"href":"https:\/\/bazaar.express\/cs\/wp-json\/wp\/v2\/comments?post=36454"}],"wp:featuredmedia":[{"embeddable":true,"href":"https:\/\/bazaar.express\/cs\/wp-json\/wp\/v2\/media\/36458"}],"wp:attachment":[{"href":"https:\/\/bazaar.express\/cs\/wp-json\/wp\/v2\/media?parent=36454"}],"wp:term":[{"taxonomy":"product_brand","embeddable":true,"href":"https:\/\/bazaar.express\/cs\/wp-json\/wp\/v2\/product_brand?post=36454"},{"taxonomy":"product_cat","embeddable":true,"href":"https:\/\/bazaar.express\/cs\/wp-json\/wp\/v2\/product_cat?post=36454"},{"taxonomy":"product_tag","embeddable":true,"href":"https:\/\/bazaar.express\/cs\/wp-json\/wp\/v2\/product_tag?post=36454"}],"curies":[{"name":"wp","href":"https:\/\/api.w.org\/{rel}","templated":true}]}}