{"id":36460,"date":"2025-01-14T00:45:19","date_gmt":"2025-01-14T00:45:19","guid":{"rendered":"https:\/\/bazaar.express\/product\/premiove-egyptske-dakyly\/"},"modified":"2025-01-14T00:45:19","modified_gmt":"2025-01-14T00:45:19","slug":"premiove-egyptske-dakyly","status":"publish","type":"product","link":"https:\/\/bazaar.express\/cs\/produkt\/premiove-egyptske-dakyly\/","title":{"rendered":"Pr\u00e9miov\u00e9 egyptsk\u00e9 d\u00e1kyly"},"content":{"rendered":"<h2 data-start=\"245\" data-end=\"313\">Egyptsk\u00e9 d\u00e1kyly \u2013 Pr\u00e9miov\u00e1 egyptsk\u00e1 sladkost se zdrav\u00fdm n\u00e1dechem<\/h2>\n<h3 data-start=\"315\" data-end=\"366\">P\u0159\u00edrodn\u00ed poklad z egyptsk\u00e9ho srdce<\/h3>\n<p data-start=\"368\" data-end=\"795\">Objevte zdravou chu\u0165 a zdravotn\u00ed p\u0159\u00ednosy <strong data-start=\"422\" data-end=\"437\">d\u00e1kyly Ajwan<\/strong>, jednoho z nejlep\u0161\u00edch p\u0159\u00edrodn\u00edch dar\u016f Egypta. P\u011bstovan\u00e9 pod tepl\u00fdm sluncem a \u00farodnou p\u016fdou Egypta, tyto d\u00e1kyly jsou k dispozici v <strong data-start=\"554\" data-end=\"579\">such\u00e9 i vlhk\u00e9 variant\u011b<\/strong>, ka\u017ed\u00e1 s unik\u00e1tn\u00ed texturou, dlouhou trvanlivost\u00ed a neodolatelnou chut\u00ed. S charakteristick\u00fdm ov\u00e1ln\u00fdm tvarem a \u0161pi\u010dat\u00fdmi konci vyzr\u00e1vaj\u00ed d\u00e1kyly Ajwan z \u017elut\u00e9 do \u010dervenav\u011b \u017elut\u00e9 barvy, co\u017e ozna\u010duje jejich vrcholnou sladkost a zralost.<\/p>\n<p data-start=\"797\" data-end=\"978\">A\u0165 u\u017e pot\u0159ebujete v\u00fd\u017eivnou sva\u010dinu, p\u0159\u00edrodn\u00ed sladidlo nebo promy\u0161len\u00fd d\u00e1rek, <strong data-start=\"877\" data-end=\"930\">d\u00e1kyly Ajwan nab\u00edzej\u00ed kvalitu, hodnotu a zdrav\u00ed<\/strong> \u2013 p\u0159\u00edmo z egyptsk\u00fdch farem na v\u00e1\u0161 st\u016fl.<\/p>\n<h3 data-start=\"985\" data-end=\"1016\">Pro\u010d si vybrat d\u00e1kyly Ajwan?<\/h3>\n<h4 data-start=\"1018\" data-end=\"1049\">\u2705 <strong data-start=\"1025\" data-end=\"1049\">P\u0159irozen\u011b v\u00fd\u017eivn\u00e9<\/strong><\/h4>\n<p data-start=\"1050\" data-end=\"1281\">D\u00e1kyly Ajwan jsou pln\u00e9 nezbytn\u00fdch \u017eivin, d\u00edky \u010demu\u017e jsou skv\u011blou sva\u010dinou pro d\u011bti i dosp\u011bl\u00e9. Bohat\u00e9 na <strong data-start=\"1159\" data-end=\"1199\">vitam\u00edny, miner\u00e1ly a antioxidanty<\/strong>, podporuj\u00ed tr\u00e1ven\u00ed, zlep\u0161uj\u00ed zdrav\u00ed k\u016f\u017ee a p\u0159isp\u00edvaj\u00ed k celkov\u00e9mu blahu.<\/p>\n<h4 data-start=\"1283\" data-end=\"1321\">\u2705 <strong data-start=\"1290\" data-end=\"1321\">Sladkost p\u0159\u00e1telsk\u00e1 k diabetik\u016fm<\/strong><\/h4>\n<p data-start=\"1322\" data-end=\"1504\">Hled\u00e1te chytrou alternativu k cukru? D\u00e1kyly Ajwan nab\u00edzej\u00ed p\u0159\u00edrodn\u00ed sladkost bez prudk\u00e9ho n\u00e1r\u016fstu hladiny cukru v krvi \u2013 co\u017e je lep\u0161\u00ed volba pro ty, kte\u0159\u00ed \u0159\u00edd\u00ed diabetes.<\/p>\n<h4 data-start=\"1506\" data-end=\"1548\">\u2705 <strong data-start=\"1513\" data-end=\"1548\">Vysok\u00fd obsah vl\u00e1kniny pro zdrav\u00e9 tr\u00e1ven\u00ed<\/strong><\/h4>\n<p data-start=\"1549\" data-end=\"1681\">D\u00edky vysok\u00e9mu obsahu vl\u00e1kniny pom\u00e1haj\u00ed d\u00e1kyly Ajwan podporovat zdrav\u00ed st\u0159ev, regulovat st\u0159evn\u00ed pohyby a udr\u017eovat pocit sytosti d\u00e9le.<\/p>\n<h4 data-start=\"1683\" data-end=\"1716\">\u2705 <strong data-start=\"1690\" data-end=\"1716\">Milovan\u00e9 po cel\u00e9m sv\u011bt\u011b<\/strong><\/h4>\n<p data-start=\"1717\" data-end=\"1926\">Od USA a Sa\u00fadsk\u00e9 Ar\u00e1bie p\u0159es Indii a d\u00e1l jsou d\u00e1kyly Ajwan obl\u00edbenou volbou pro rodiny a zdrav\u011b sm\u00fd\u0161lej\u00edc\u00ed jedince. Jejich vyv\u00e1\u017eenost <strong data-start=\"1856\" data-end=\"1893\">pr\u00e9miov\u00e9 kvality a dostupnosti<\/strong> z nich \u010din\u00ed sv\u011btov\u00fd favorit.<\/p>\n<h4 data-start=\"1928\" data-end=\"1972\">\u2705 <strong data-start=\"1935\" data-end=\"1972\">Dlouh\u00e1 trvanlivost a vynikaj\u00edc\u00ed chu\u0165<\/strong><\/h4>\n<p data-start=\"1973\" data-end=\"2148\">D\u00e1kyly Ajwan obsahuj\u00ed m\u00e9n\u011b vlhkosti ne\u017e jin\u00e9 typy, co\u017e nejen zvy\u0161uje jejich chu\u0165, ale tak\u00e9 znamen\u00e1, \u017ee z\u016fst\u00e1vaj\u00ed \u010derstv\u00e9 d\u00e9le \u2013 ide\u00e1ln\u00ed pro dlouhodob\u00e9 skladov\u00e1n\u00ed nebo cestov\u00e1n\u00ed.<\/p>\n<h3 data-start=\"2155\" data-end=\"2178\">Podrobnosti o produktu<\/h3>\n<ul data-start=\"2179\" data-end=\"2356\">\n<li data-start=\"2179\" data-end=\"2212\">\n<p data-start=\"2181\" data-end=\"2212\"><strong data-start=\"2181\" data-end=\"2196\">\u010cist\u00e1 hmotnost:<\/strong> 700g na balen\u00ed<\/p>\n<\/li>\n<li data-start=\"2213\" data-end=\"2303\">\n<p data-start=\"2215\" data-end=\"2303\"><strong data-start=\"2215\" data-end=\"2229\">Balenie:<\/strong> Pe\u010dliv\u011b balen\u00e9 v Egypt\u011b pro zachov\u00e1n\u00ed \u010derstvosti, textury a \u017eivin<\/p>\n<\/li>\n<li data-start=\"2304\" data-end=\"2356\">\n<p data-start=\"2306\" data-end=\"2356\"><strong data-start=\"2306\" data-end=\"2318\">Varianta:<\/strong> Dostupn\u00e9 v such\u00e9 i vlhk\u00e9 form\u011b<\/p>\n<\/li>\n<\/ul>\n<h2 data-start=\"2688\" data-end=\"2740\">Z\u00e1v\u011bre\u010dn\u00e9 my\u0161lenky \u2013 Ochutnejte sladkost Egypta<\/h2>\n<p data-start=\"2742\" data-end=\"3133\">D\u00e1kyly Ajwan nejsou jen sva\u010dina \u2013 jsou to <strong data-start=\"2784\" data-end=\"2814\">kousky egyptsk\u00e9 tradice<\/strong>, p\u0159ed\u00e1van\u00e9 z generace na generaci. Kombinuj\u00ed <strong data-start=\"2862\" data-end=\"2886\">pachu\u0165 pou\u0161t\u011b<\/strong> s <strong data-start=\"2892\" data-end=\"2915\">modern\u00edm blahobytem<\/strong> a nab\u00edzej\u00ed lahodn\u00fd, zdrav\u00fd a kulturn\u011b bohat\u00fd z\u00e1\u017eitek. A\u0165 u\u017e d\u00e1rkujete p\u0159\u00edteli, krm\u00edte rodinu nebo nab\u00edj\u00edte sv\u016fj den, <strong data-start=\"3059\" data-end=\"3096\">d\u00e1kyly Ajwan jsou va\u0161\u00ed ide\u00e1ln\u00ed volbou<\/strong> pro p\u0159\u00edrodn\u00ed sladkost a v\u00fd\u017eivu.<\/p>\n<p data-start=\"3135\" data-end=\"3203\">\ud83d\udc49 <strong data-start=\"3138\" data-end=\"3203\">Kupte nyn\u00ed a u\u017eijte si autentickou chu\u0165 Egypta v ka\u017ed\u00e9m kousku!<\/strong><\/p>\n<p style=\"text-align: center;\">D\u011bkujeme za n\u00e1kup v <em data-start=\"415\" data-end=\"431\"><a href=\"https:\/\/bazaar.express\/\">Bazaar Express<\/a><\/em> \u2013 t\u011b\u0161\u00edme se na v\u00e1s!<\/p>\n<p style=\"text-align: center;\">Ochutnejte tradici s na\u0161\u00ed ru\u010dn\u011b vybranou selekc\u00ed <a href=\"https:\/\/bazaar.express\/product-category\/egyptian-flavors\/\">Egyptsk\u00fdch chut\u00ed<\/a> a ko\u0159en\u00ed.<\/p>\n","protected":false},"excerpt":{"rendered":"<h3 data-start=\"475\" data-end=\"738\">D\u00e1kyly Ajwan jsou pr\u00e9miov\u00e9 egyptsk\u00e9 d\u00e1kyly zn\u00e1m\u00e9 svou p\u0159\u00edrodn\u00ed sladkost\u00ed, n\u00edzk\u00fdm obsahem vlhkosti a dlouhou trvanlivost\u00ed. Dostupn\u00e9 v such\u00e9 i vlhk\u00e9 form\u011b, jsou pln\u00e9 vl\u00e1kniny, vitam\u00edn\u016f a antioxidant\u016f. Ide\u00e1ln\u00ed pro zdrav\u00e9 sva\u010diny, p\u0159\u00edrodn\u00ed slazen\u00ed nebo d\u00e1rkov\u00e1n\u00ed.<\/h3>\n<h3><\/h3>\n","protected":false},"featured_media":36463,"comment_status":"open","ping_status":"closed","template":"","meta":[],"product_brand":[],"product_cat":[878,788],"product_tag":[929,884],"class_list":{"0":"post-36460","1":"product","2":"type-product","3":"status-publish","4":"has-post-thumbnail","6":"product_cat-egyptske-prichute","7":"product_cat-to-nejlepsi-z-egypta","8":"product_tag-prirodni-prichute","9":"product_tag-zdrave","11":"first","12":"instock","13":"sale","14":"shipping-taxable","15":"purchasable","16":"product-type-simple"},"_links":{"self":[{"href":"https:\/\/bazaar.express\/cs\/wp-json\/wp\/v2\/product\/36460","targetHints":{"allow":["GET"]}}],"collection":[{"href":"https:\/\/bazaar.express\/cs\/wp-json\/wp\/v2\/product"}],"about":[{"href":"https:\/\/bazaar.express\/cs\/wp-json\/wp\/v2\/types\/product"}],"replies":[{"embeddable":true,"href":"https:\/\/bazaar.express\/cs\/wp-json\/wp\/v2\/comments?post=36460"}],"wp:featuredmedia":[{"embeddable":true,"href":"https:\/\/bazaar.express\/cs\/wp-json\/wp\/v2\/media\/36463"}],"wp:attachment":[{"href":"https:\/\/bazaar.express\/cs\/wp-json\/wp\/v2\/media?parent=36460"}],"wp:term":[{"taxonomy":"product_brand","embeddable":true,"href":"https:\/\/bazaar.express\/cs\/wp-json\/wp\/v2\/product_brand?post=36460"},{"taxonomy":"product_cat","embeddable":true,"href":"https:\/\/bazaar.express\/cs\/wp-json\/wp\/v2\/product_cat?post=36460"},{"taxonomy":"product_tag","embeddable":true,"href":"https:\/\/bazaar.express\/cs\/wp-json\/wp\/v2\/product_tag?post=36460"}],"curies":[{"name":"wp","href":"https:\/\/api.w.org\/{rel}","templated":true}]}}