{"id":36465,"date":"2025-01-14T00:14:23","date_gmt":"2025-01-14T00:14:23","guid":{"rendered":"https:\/\/bazaar.express\/product\/egyptske-data-s-mandlemi\/"},"modified":"2025-01-14T00:14:23","modified_gmt":"2025-01-14T00:14:23","slug":"egyptske-data-s-mandlemi","status":"publish","type":"product","link":"https:\/\/bazaar.express\/cs\/produkt\/egyptske-data-s-mandlemi\/","title":{"rendered":"Egyptsk\u00e9 d\u00e1ta s mandlemi"},"content":{"rendered":"<h2 data-start=\"288\" data-end=\"356\">Egyptsk\u00e9 d\u00e1ta s mandlemi \u2013 P\u0159\u00edrodn\u00ed, energizuj\u00edc\u00ed lah\u016fdka<\/h2>\n<h3 data-start=\"358\" data-end=\"415\">Autentick\u00e1 egyptsk\u00e1 sva\u010dina pln\u00e1 v\u00fd\u017eivy<\/h3>\n<p data-start=\"417\" data-end=\"831\">Objevte bohatou chu\u0165 a siln\u00e9 zdravotn\u00ed p\u0159\u00ednosy <strong data-start=\"474\" data-end=\"507\">egyptsk\u00fdch dat s mandlemi<\/strong>, pr\u00e9miov\u00e9 organick\u00e9 sva\u010diny, kter\u00e1 spojuje to nejlep\u0161\u00ed z p\u0159\u00edrody. Tato uspokojiv\u00e1 kombinace m\u011bkk\u00fdch, p\u0159irozen\u011b sladk\u00fdch dat a k\u0159upav\u00fdch mandl\u00ed dod\u00e1v\u00e1 energii, v\u00fd\u017eivu a rozko\u0161 \u2013 v\u0161e v jednom kousku. Z\u00edskan\u00e9 z \u00farodn\u00fdch egyptsk\u00fdch p\u016fd, tato sva\u010dina je nejen lahodn\u00e1, ale tak\u00e9 hluboce zako\u0159en\u011bn\u00e1 v tradici a wellness.<\/p>\n<h3 data-start=\"838\" data-end=\"887\">Pro\u010d si vybrat egyptsk\u00e1 d\u00e1ta s mandlemi?<\/h3>\n<h4 data-start=\"889\" data-end=\"927\">\u2705 <strong data-start=\"896\" data-end=\"927\">V\u00fd\u017eivn\u00e1 s\u00edla p\u0159\u00edrody<\/strong><\/h4>\n<p data-start=\"928\" data-end=\"1195\">Na\u0161e egyptsk\u00e1 d\u00e1ta jsou nabit\u00e1 <strong data-start=\"963\" data-end=\"992\">vitam\u00edny, miner\u00e1ly, vl\u00e1kninou<\/strong> a <strong data-start=\"998\" data-end=\"1014\">antioxidanty<\/strong>, zat\u00edmco mandle poskytuj\u00ed <strong data-start=\"1038\" data-end=\"1078\">zdrav\u00e9 tuky a rostlinn\u00fd protein<\/strong>. Spole\u010dn\u011b vytv\u00e1\u0159ej\u00ed vyv\u00e1\u017eenou sva\u010dinu, kter\u00e1 podporuje va\u0161e zdrav\u00ed, dod\u00e1v\u00e1 energii t\u011blu a uspokojuje chu\u0165ov\u00e9 bu\u0148ky.<\/p>\n<h4 data-start=\"1197\" data-end=\"1236\">\u2705 <strong data-start=\"1204\" data-end=\"1236\">Posiluje imunitu a vitalitu<\/strong><\/h4>\n<p data-start=\"1237\" data-end=\"1479\">Bohat\u00e1 na <strong data-start=\"1245\" data-end=\"1269\">vitam\u00edny A, B a C<\/strong>, tato v\u00fd\u017eivn\u00e1 sva\u010dina m\u016f\u017ee pomoci pos\u00edlit imunitn\u00ed syst\u00e9m, zlep\u0161it zdrav\u00ed k\u016f\u017ee a podporovat tr\u00e1ven\u00ed. Pravideln\u00e1 konzumace m\u016f\u017ee p\u0159isp\u011bt k lep\u0161\u00ed odolnosti v\u016f\u010di b\u011b\u017en\u00fdm nemocem a celkov\u00e9mu prosp\u011bchu.<\/p>\n<h4 data-start=\"1481\" data-end=\"1525\">\u2705 <strong data-start=\"1488\" data-end=\"1525\">Ide\u00e1ln\u00ed p\u0159\u00edrodn\u00ed zdroj energie<\/strong><\/h4>\n<p data-start=\"1526\" data-end=\"1748\">D\u00edky p\u0159\u00edrodn\u00edm cukr\u016fm v datech a udr\u017eiteln\u00fdm tuk\u016fm v mandl\u00edch nab\u00edz\u00ed tato sva\u010dina jak <strong data-start=\"1618\" data-end=\"1653\">okam\u017eitou, tak dlouhotrvaj\u00edc\u00ed energii<\/strong>. Je ide\u00e1ln\u00ed pro rychlou sn\u00eddani, poludn\u00ed boost nebo palivo p\u0159ed nebo po tr\u00e9ninku.<\/p>\n<h4 data-start=\"1750\" data-end=\"1788\">\u2705 <strong data-start=\"1757\" data-end=\"1788\">Pomy\u0161len\u00fd a zdrav\u00fd d\u00e1rek<\/strong><\/h4>\n<p data-start=\"1789\" data-end=\"1996\">Hled\u00e1te zdrav\u00fd, elegantn\u00ed d\u00e1rek? D\u00e1ta s mandlemi nejsou jen vizu\u00e1ln\u011b atraktivn\u00ed, ale tak\u00e9 nesou zpr\u00e1vu <strong data-start=\"1909\" data-end=\"1945\">p\u00e9\u010de, zdrav\u00ed a sofistikovanosti<\/strong> \u2013 perfektn\u00ed pro sv\u00e1tky, Ramadan nebo jakoukoli oslavu.<\/p>\n<h3 data-start=\"2003\" data-end=\"2038\">Zdravotn\u00ed p\u0159\u00ednosy na prvn\u00ed pohled<\/h3>\n<ul data-start=\"2040\" data-end=\"2442\">\n<li data-start=\"2040\" data-end=\"2170\">\n<p data-start=\"2042\" data-end=\"2170\"><strong data-start=\"2045\" data-end=\"2071\">Podporuje zdrav\u00ed srdce:<\/strong> Mandlen pom\u00e1haj\u00ed regulovat cholesterol, zat\u00edmco d\u00e1ta obsahuj\u00ed drasl\u00edk, kter\u00fd podporuje srde\u010dn\u00ed funkci.<\/p>\n<\/li>\n<li data-start=\"2171\" data-end=\"2284\">\n<p data-start=\"2173\" data-end=\"2284\"><strong data-start=\"2176\" data-end=\"2199\">Podporuje tr\u00e1ven\u00ed:<\/strong> Vysok\u00fd obsah vl\u00e1kniny pom\u00e1h\u00e1 pravideln\u00e9mu pohybu st\u0159ev a podporuje zdrav\u00e9 tr\u00e1ven\u00ed.<\/p>\n<\/li>\n<li data-start=\"2285\" data-end=\"2442\">\n<p data-start=\"2287\" data-end=\"2442\"><strong data-start=\"2291\" data-end=\"2316\">Bohat\u00e1 na antioxidanty:<\/strong> Oba ingredience jsou p\u0159irozen\u011b pln\u00e9 antioxidant\u016f, kter\u00e9 chr\u00e1n\u00ed t\u011blo p\u0159ed oxida\u010dn\u00edm stresem a z\u00e1n\u011bty.<\/p>\n<\/li>\n<\/ul>\n<h3 data-start=\"2449\" data-end=\"2472\">Podrobnosti o produktu<\/h3>\n<ul data-start=\"2473\" data-end=\"2648\">\n<li data-start=\"2473\" data-end=\"2529\">\n<p data-start=\"2475\" data-end=\"2529\"><strong data-start=\"2475\" data-end=\"2492\">Typ produktu:<\/strong> Organick\u00e1 d\u00e1ta pln\u011bn\u00e1 mandlemi<\/p>\n<\/li>\n<li data-start=\"2530\" data-end=\"2554\">\n<p data-start=\"2532\" data-end=\"2554\"><strong data-start=\"2532\" data-end=\"2547\">\u010cist\u00e1 hmotnost:<\/strong> 700g<\/p>\n<\/li>\n<li data-start=\"2555\" data-end=\"2576\">\n<p data-start=\"2557\" data-end=\"2576\"><strong data-start=\"2557\" data-end=\"2568\">P\u016fvod:<\/strong> Egypt<\/p>\n<\/li>\n<li data-start=\"2577\" data-end=\"2648\">\n<p data-start=\"2579\" data-end=\"2648\"><strong data-start=\"2579\" data-end=\"2593\">Balen\u00ed:<\/strong> Hygienicky baleno pro zachov\u00e1n\u00ed sv\u011b\u017eesti a chuti<\/p>\n<\/li>\n<\/ul>\n<h2 data-start=\"3002\" data-end=\"3056\">Z\u00e1v\u011bre\u010dn\u00e9 my\u0161lenky \u2013 Ochutnejte wellness v ka\u017ed\u00e9m kousku<\/h2>\n<p data-start=\"3058\" data-end=\"3377\">Nechte to nejlep\u0161\u00ed z p\u0159\u00edrody se postarat o va\u0161e chut\u011b a zdrav\u00ed. S <strong data-start=\"3125\" data-end=\"3157\">d\u00e1ty a mandlemi z Egypta<\/strong> si nevyb\u00edr\u00e1te jen sva\u010dinu \u2013 p\u0159ij\u00edm\u00e1te \u017eivotn\u00ed styl <strong data-start=\"3224\" data-end=\"3252\">\u010dist\u00e9, p\u0159\u00edrodn\u00ed v\u00fd\u017eivy<\/strong> zabalen\u00e9 v neuv\u011b\u0159iteln\u00e9 chuti. A\u0165 u\u017e pro osobn\u00ed pot\u011b\u0161en\u00ed nebo smyslupln\u00fd d\u00e1rek, tato zdrav\u00e1 pochoutka se hod\u00ed do ka\u017ed\u00e9 chv\u00edle.<\/p>\n<p data-start=\"3379\" data-end=\"3471\">\ud83d\udc49 <strong data-start=\"3382\" data-end=\"3471\">Objednejte nyn\u00ed a za\u017eijte pravou chu\u0165 Egypta \u2013 \u010distou, v\u00fd\u017eivnou a nezapomenutelnou.<\/strong><\/p>\n<p style=\"text-align: center;\">D\u011bkujeme za n\u00e1kup v <em data-start=\"415\" data-end=\"431\"><a href=\"https:\/\/bazaar.express\/\">Bazaar Express<\/a><\/em> \u2013 jsme nad\u0161en\u00ed, \u017ee jste tu!<\/p>\n<p style=\"text-align: center;\">Ochutnejte tradici s na\u0161\u00ed ru\u010dn\u011b vybranou selekc\u00ed <a href=\"https:\/\/bazaar.express\/product-category\/egyptian-flavors\/\">Egyptsk\u00fdch chut\u00ed<\/a> a ko\u0159en\u00ed.<\/p>\n","protected":false},"excerpt":{"rendered":"<h3 data-start=\"409\" data-end=\"593\">Vychutnejte si dokonalou sm\u011bs sladk\u00fdch egyptsk\u00fdch dat a k\u0159upav\u00fdch mandl\u00ed. Tato zdrav\u00e1, organick\u00e1 sva\u010dina je bohat\u00e1 na vitam\u00edny, vl\u00e1kninu a antioxidanty \u2013 ide\u00e1ln\u00ed pro energii, vitalitu a d\u00e1rkov\u00e1n\u00ed.<\/h3>\n","protected":false},"featured_media":36469,"comment_status":"open","ping_status":"closed","template":"","meta":[],"product_brand":[],"product_cat":[878,788],"product_tag":[929,884],"class_list":{"0":"post-36465","1":"product","2":"type-product","3":"status-publish","4":"has-post-thumbnail","6":"product_cat-egyptske-prichute","7":"product_cat-to-nejlepsi-z-egypta","8":"product_tag-prirodni-prichute","9":"product_tag-zdrave","11":"first","12":"instock","13":"sale","14":"shipping-taxable","15":"purchasable","16":"product-type-simple"},"_links":{"self":[{"href":"https:\/\/bazaar.express\/cs\/wp-json\/wp\/v2\/product\/36465","targetHints":{"allow":["GET"]}}],"collection":[{"href":"https:\/\/bazaar.express\/cs\/wp-json\/wp\/v2\/product"}],"about":[{"href":"https:\/\/bazaar.express\/cs\/wp-json\/wp\/v2\/types\/product"}],"replies":[{"embeddable":true,"href":"https:\/\/bazaar.express\/cs\/wp-json\/wp\/v2\/comments?post=36465"}],"wp:featuredmedia":[{"embeddable":true,"href":"https:\/\/bazaar.express\/cs\/wp-json\/wp\/v2\/media\/36469"}],"wp:attachment":[{"href":"https:\/\/bazaar.express\/cs\/wp-json\/wp\/v2\/media?parent=36465"}],"wp:term":[{"taxonomy":"product_brand","embeddable":true,"href":"https:\/\/bazaar.express\/cs\/wp-json\/wp\/v2\/product_brand?post=36465"},{"taxonomy":"product_cat","embeddable":true,"href":"https:\/\/bazaar.express\/cs\/wp-json\/wp\/v2\/product_cat?post=36465"},{"taxonomy":"product_tag","embeddable":true,"href":"https:\/\/bazaar.express\/cs\/wp-json\/wp\/v2\/product_tag?post=36465"}],"curies":[{"name":"wp","href":"https:\/\/api.w.org\/{rel}","templated":true}]}}