{"id":36472,"date":"2025-01-10T16:50:31","date_gmt":"2025-01-10T16:50:31","guid":{"rendered":"https:\/\/bazaar.express\/product\/27-bilych-kvetin-ve-sklenene-vaze\/"},"modified":"2025-01-10T16:50:31","modified_gmt":"2025-01-10T16:50:31","slug":"27-bilych-kvetin-ve-sklenene-vaze","status":"publish","type":"product","link":"https:\/\/bazaar.express\/cs\/produkt\/27-bilych-kvetin-ve-sklenene-vaze\/","title":{"rendered":"27 b\u00edl\u00fdch kv\u011btin ve sklen\u011bn\u00e9 v\u00e1ze"},"content":{"rendered":"<h2 data-start=\"234\" data-end=\"299\">27 b\u00edl\u00fdch kv\u011btin ve sklen\u011bn\u00e9 v\u00e1ze \u2013 \u010cist\u00fd v\u00fdraz elegance<\/h2>\n<h3 data-start=\"301\" data-end=\"341\">\u010casov\u011b neomezen\u00fd d\u00e1rek pro ka\u017edou p\u0159\u00edle\u017eitost<\/h3>\n<p data-start=\"342\" data-end=\"685\">P\u0159ineste eleganci a ladnost do jak\u00e9hokoli prostoru s touto kr\u00e1snou sklen\u011bnou v\u00e1zou plnou <strong data-start=\"425\" data-end=\"445\">27 b\u00edl\u00fdch kv\u011btin<\/strong>. Ide\u00e1ln\u00ed pro narozeniny, v\u00fdro\u010d\u00ed, romantick\u00e9 gesty nebo prost\u011b na rozveselen\u00ed n\u011b\u010d\u00edho dne, b\u00edl\u00e9 kv\u011btiny jsou univerz\u00e1ln\u00edm symbolem \u010distoty, l\u00e1sky a m\u00edru. Tato klasick\u00e1 kv\u011btinov\u00e1 aran\u017em\u00e1 p\u0159id\u00e1v\u00e1 jemnost a sofistikovanost do ka\u017ed\u00e9ho okam\u017eiku.<\/p>\n<h3 data-start=\"687\" data-end=\"734\">Doru\u010den\u00ed kv\u011btin stejn\u00fd den, na kter\u00e9 se m\u016f\u017eete spolehnout<\/h3>\n<p data-start=\"735\" data-end=\"1042\">U\u017eijte si <strong data-start=\"741\" data-end=\"762\">doru\u010den\u00ed stejn\u00fd den<\/strong> skute\u010dn\u00fdch, \u010derstv\u00fdch <strong data-start=\"778\" data-end=\"795\">b\u00edl\u00fdch kv\u011btin<\/strong> pe\u010dliv\u011b uspo\u0159\u00e1dan\u00fdch v elegantn\u00ed sklen\u011bn\u00e9 v\u00e1ze. Vyber\u00e1me pouze ty nejlep\u0161\u00ed, ru\u010dn\u011b sklizen\u00e9 kv\u011btiny, abychom zajistili, \u017ee va\u0161e kv\u011btiny doraz\u00ed z\u00e1\u0159iv\u011b kr\u00e1sn\u00e9 a vo\u0148av\u00e9. Ka\u017ed\u00e1 kv\u011btina je pe\u010dliv\u011b o\u0161et\u0159ena, aby si zachovala svou kr\u00e1su a sv\u011b\u017eest od farmy a\u017e do v\u00e1zy.<\/p>\n<h3 data-start=\"1044\" data-end=\"1085\">Ekologick\u00e9 kv\u011btiny s \u00fa\u010delem<\/h3>\n<p data-start=\"1086\" data-end=\"1345\">Na\u0161e kv\u011btiny jsou eticky z\u00edsk\u00e1ny z farem, kter\u00e9 up\u0159ednost\u0148uj\u00ed p\u0159\u00e1telsk\u00e9 praktiky v\u016f\u010di \u017eivotn\u00edmu prost\u0159ed\u00ed. Volbou t\u00e9to aran\u017em\u00e1 nejen obdr\u017e\u00edte kr\u00e1sn\u00e9 <strong data-start=\"1249\" data-end=\"1266\">b\u00edl\u00e9 kv\u011btiny<\/strong>, ale tak\u00e9 podpo\u0159\u00edte udr\u017eitelnou kv\u011btin\u00e1\u0159stv\u00ed, kter\u00e9 respektuje planetu.<\/p>\n<h3 data-start=\"1347\" data-end=\"1390\">Tipy na p\u00e9\u010di o kv\u011btiny \u2013 Nechte je kv\u00e9st<\/h3>\n<p data-start=\"1391\" data-end=\"1470\">Pro prodlou\u017een\u00ed \u017eivotnosti va\u0161ich <strong data-start=\"1418\" data-end=\"1438\">27 b\u00edl\u00fdch kv\u011btin<\/strong> dodr\u017eujte tyto jednoduch\u00e9 tipy na p\u00e9\u010di:<\/p>\n<ul data-start=\"1472\" data-end=\"1751\">\n<li data-start=\"1472\" data-end=\"1578\">\n<p data-start=\"1474\" data-end=\"1578\"><strong data-start=\"1474\" data-end=\"1496\">\u010cerstv\u00e1 voda denn\u011b:<\/strong> Vym\u011b\u0148ujte vodu ve v\u00e1ze ka\u017ed\u00fd den, aby va\u0161e kv\u011btiny z\u016fstaly hydratovan\u00e9 a sv\u011b\u017e\u00ed.<\/p>\n<\/li>\n<li data-start=\"1579\" data-end=\"1668\">\n<p data-start=\"1581\" data-end=\"1668\"><strong data-start=\"1581\" data-end=\"1600\">\u0158e\u017ete stonky:<\/strong> Ka\u017ed\u00e9 2\u20133 dny od\u0159\u00edzn\u011bte 1 cm od spodku ka\u017ed\u00e9ho stonek pod \u00fahlem.<\/p>\n<\/li>\n<li data-start=\"1669\" data-end=\"1751\">\n<p data-start=\"1671\" data-end=\"1751\"><strong data-start=\"1671\" data-end=\"1690\">Dr\u017ete je v chladu:<\/strong> Vyhn\u011bte se p\u0159\u00edm\u00e9mu slune\u010dn\u00edmu sv\u011btlu a teplu, aby nedo\u0161lo k p\u0159ed\u010dasn\u00e9mu vadnut\u00ed.<\/p>\n<\/li>\n<\/ul>\n<p data-start=\"1753\" data-end=\"1849\">T\u011bmito jednoduch\u00fdmi kroky va\u0161e b\u00edl\u00e9 kv\u011btiny budou rozsv\u011btlovat v\u00e1\u0161 prostor a\u017e 7 dn\u00ed.<\/p>\n<h3 data-start=\"1851\" data-end=\"1888\">Elegantn\u00ed a v\u0161estrann\u00fd n\u00e1pad na d\u00e1rek<\/h3>\n<p data-start=\"1889\" data-end=\"2127\">A\u0165 \u0159\u00edk\u00e1te \u201ed\u011bkuji\u201c, \u201emiluji t\u011b\u201c nebo \u201emysl\u00edm na tebe\u201c, tato kytice <strong data-start=\"1980\" data-end=\"2000\">27 b\u00edl\u00fdch kv\u011btin<\/strong> je perfektn\u00ed volbou. \u010cist\u00fd b\u00edl\u00fd t\u00f3n p\u0159in\u00e1\u0161\u00ed klid, kouzlo a t\u0159\u00eddu do jak\u00e9hokoli prost\u0159ed\u00ed \u2013 ide\u00e1ln\u00ed pro d\u00e1rkov\u00e1n\u00ed i dekoraci.<\/p>\n<h2 data-start=\"2134\" data-end=\"2161\">\ud83d\ude9a Doprava a doru\u010den\u00ed<\/h2>\n<ul data-start=\"2163\" data-end=\"2580\">\n<li data-start=\"2163\" data-end=\"2245\">\n<p data-start=\"2165\" data-end=\"2245\"><strong data-start=\"2165\" data-end=\"2194\">Zdarma doru\u010den\u00ed v Hurghad\u011b<\/strong> \u2013 Rychl\u00e1 a pohodln\u00e1 slu\u017eba p\u0159\u00edmo k va\u0161im dve\u0159\u00edm.<\/p>\n<\/li>\n<li data-start=\"2246\" data-end=\"2382\">\n<p data-start=\"2248\" data-end=\"2382\"><strong data-start=\"2248\" data-end=\"2271\">Doru\u010dujeme tak\u00e9 do:<\/strong> Sahl Hasheesh, Makadi Bay, Safaga, El Gouna a Marsa Alam \u2013 \u010cerstv\u00e9 kv\u011btiny doru\u010den\u00e9 p\u0159\u00edmo do va\u0161\u00ed oblasti.<\/p>\n<\/li>\n<li data-start=\"2482\" data-end=\"2580\">\n<p data-start=\"2484\" data-end=\"2580\"><strong data-start=\"2484\" data-end=\"2518\">\ud83d\udcac Odpov\u011bdn\u00e1 podpora z\u00e1kazn\u00edk\u016f<\/strong> \u2013 Jsme tu, abychom v\u00e1m pomohli p\u0159ed, b\u011bhem i po va\u0161em n\u00e1kupu.<\/p>\n<\/li>\n<\/ul>\n<h3 data-start=\"2587\" data-end=\"2652\">Objednejte nyn\u00ed \u2013 Ud\u011blejte ka\u017ed\u00fd okam\u017eik speci\u00e1ln\u00edm s 27 b\u00edl\u00fdmi kv\u011btinami<\/h3>\n<p data-start=\"2653\" data-end=\"2850\">A\u0165 slav\u00edte speci\u00e1ln\u00ed p\u0159\u00edle\u017eitost nebo p\u0159id\u00e1v\u00e1te dotek elegance do sv\u00e9ho domova, tato <strong data-start=\"2748\" data-end=\"2776\">aran\u017em\u00e1 b\u00edl\u00fdch kv\u011btin<\/strong> ur\u010dit\u011b ohrom\u00ed.<br data-start=\"2796\" data-end=\"2799\" \/><strong data-start=\"2799\" data-end=\"2850\">Objednejte nyn\u00ed pro rychl\u00e9 doru\u010den\u00ed a trvalou kr\u00e1su!<\/strong><\/p>\n<p data-start=\"2857\" data-end=\"2948\" data-is-last-node=\"\" data-is-only-node=\"\">\n<p style=\"text-align: center;\" align=\"center\">D\u011bkujeme za n\u00e1kup v <em data-start=\"415\" data-end=\"431\"><a href=\"https:\/\/bazaar.express\/\">Bazaar Express<\/a><\/em> \u2013 jsme nad\u0161en\u00ed, \u017ee jste u n\u00e1s!<\/p>\n<p style=\"text-align: center;\" align=\"center\">Od \u017eiv\u00fdch po jemn\u00e9 \u2013 objevte <a href=\"https:\/\/bazaar.express\/product-category\/flowers-red-sea-delivery\/\">Kv\u011btiny<\/a>, kter\u00e9 vyjad\u0159uj\u00ed eleganci.<\/p>\n","protected":false},"excerpt":{"rendered":"<h3 data-start=\"389\" data-end=\"549\">P\u0159ineste eleganci do jak\u00e9koli p\u0159\u00edle\u017eitosti s 27 \u010derstv\u00fdmi b\u00edl\u00fdmi kv\u011btinami kr\u00e1sn\u011b uspo\u0159\u00e1dan\u00fdmi ve sklen\u011bn\u00e9 v\u00e1ze. Ide\u00e1ln\u00ed pro d\u00e1rkov\u00e1n\u00ed nebo dekoraci. Dostupn\u00e9 doru\u010den\u00ed stejn\u00fd den.<\/h3>\n","protected":false},"featured_media":36475,"comment_status":"open","ping_status":"closed","template":"","meta":[],"product_brand":[],"product_cat":[808,809],"product_tag":[810],"class_list":{"0":"post-36472","1":"product","2":"type-product","3":"status-publish","4":"has-post-thumbnail","6":"product_cat-kvetiny-rude-more","7":"product_cat-kvetina-hurghada","8":"product_tag-kvetiny","10":"first","11":"instock","12":"shipping-taxable","13":"purchasable","14":"product-type-simple"},"_links":{"self":[{"href":"https:\/\/bazaar.express\/cs\/wp-json\/wp\/v2\/product\/36472","targetHints":{"allow":["GET"]}}],"collection":[{"href":"https:\/\/bazaar.express\/cs\/wp-json\/wp\/v2\/product"}],"about":[{"href":"https:\/\/bazaar.express\/cs\/wp-json\/wp\/v2\/types\/product"}],"replies":[{"embeddable":true,"href":"https:\/\/bazaar.express\/cs\/wp-json\/wp\/v2\/comments?post=36472"}],"wp:featuredmedia":[{"embeddable":true,"href":"https:\/\/bazaar.express\/cs\/wp-json\/wp\/v2\/media\/36475"}],"wp:attachment":[{"href":"https:\/\/bazaar.express\/cs\/wp-json\/wp\/v2\/media?parent=36472"}],"wp:term":[{"taxonomy":"product_brand","embeddable":true,"href":"https:\/\/bazaar.express\/cs\/wp-json\/wp\/v2\/product_brand?post=36472"},{"taxonomy":"product_cat","embeddable":true,"href":"https:\/\/bazaar.express\/cs\/wp-json\/wp\/v2\/product_cat?post=36472"},{"taxonomy":"product_tag","embeddable":true,"href":"https:\/\/bazaar.express\/cs\/wp-json\/wp\/v2\/product_tag?post=36472"}],"curies":[{"name":"wp","href":"https:\/\/api.w.org\/{rel}","templated":true}]}}