{"id":36476,"date":"2025-01-10T00:48:01","date_gmt":"2025-01-10T00:48:01","guid":{"rendered":"https:\/\/bazaar.express\/product\/organicky-arganovy-olej\/"},"modified":"2025-01-10T00:48:01","modified_gmt":"2025-01-10T00:48:01","slug":"organicky-arganovy-olej","status":"publish","type":"product","link":"https:\/\/bazaar.express\/cs\/produkt\/organicky-arganovy-olej\/","title":{"rendered":"Organick\u00fd arganov\u00fd olej"},"content":{"rendered":"<h2 data-start=\"266\" data-end=\"353\">Organick\u00fd arganov\u00fd olej \u2013 NAKAA: 100% \u010dist\u00fd a chladn\u011b lisovan\u00fd pro p\u00e9\u010di o va\u0161i ple\u0165 a vlasy<\/h2>\n<h3 data-start=\"355\" data-end=\"418\">Objevte starod\u00e1vn\u00e9 marock\u00e9 tajemstv\u00ed kr\u00e1sy a wellness<\/h3>\n<p data-start=\"420\" data-end=\"755\">Hled\u00e1te jedin\u00fd produkt, kter\u00fd ud\u011bl\u00e1 z\u00e1zraky s va\u0161\u00ed plet\u00ed, vlasy a celkov\u00fdm zdrav\u00edm? Pozn\u00e1vejte <strong data-start=\"513\" data-end=\"542\">organick\u00fd arganov\u00fd olej NAKAA<\/strong> \u2013 va\u0161i univerz\u00e1ln\u00ed p\u0159irozenou \u0159e\u0161en\u00ed. Surovina z srdce Maroka a chladn\u011b lisovan\u00e1 v Egypt\u011b pro zachov\u00e1n\u00ed \u017eivin, tento \u010dist\u00fd, organick\u00fd olej je pln\u00fd vitam\u00ednu E, antioxidant\u016f a esenci\u00e1ln\u00edch mastn\u00fdch kyselin.<\/p>\n<p data-start=\"757\" data-end=\"1000\">Hydratuje, regeneruje, posiluje a chr\u00e1n\u00ed \u2013 dod\u00e1 v\u00e1m z\u00e1\u0159ivou ple\u0165, hedv\u00e1bn\u00e9 vlasy a potenci\u00e1ln\u00ed zdravotn\u00ed v\u00fdhody. A\u0165 chcete zjednodu\u0161it svou rutinu kr\u00e1sy nebo p\u0159irozen\u011b pos\u00edlit t\u011blo, toto je ten olej, na kter\u00fd jste \u010dekali.<\/p>\n<h3 data-start=\"1007\" data-end=\"1050\">Kl\u00ed\u010dov\u00e9 v\u00fdhody organick\u00e9ho arganov\u00e9ho oleje NAKAA<\/h3>\n<h4 data-start=\"1052\" data-end=\"1068\">\tPro ple\u0165<\/h4>\n<ul data-start=\"1069\" data-end=\"1489\">\n<li data-start=\"1069\" data-end=\"1168\">\n<p data-start=\"1071\" data-end=\"1168\"><strong data-start=\"1071\" data-end=\"1090\">Hlubok\u00e1 hydratace:<\/strong> Dopln\u00ed suchou, loupaj\u00edc\u00ed se ple\u0165 a uzamkne vlhkost pro m\u011bkkou, hladkou texturu.<\/p>\n<\/li>\n<li data-start=\"1169\" data-end=\"1268\">\n<p data-start=\"1171\" data-end=\"1268\"><strong data-start=\"1171\" data-end=\"1192\">Protist\u00e1rnouc\u00ed s\u00edla:<\/strong> Zv\u00fd\u0161\u00ed elasticitu pleti a zm\u00edrn\u00ed vzhled vr\u00e1sek a jemn\u00fdch \u010dar.<\/p>\n<\/li>\n<li data-start=\"1269\" data-end=\"1379\">\n<p data-start=\"1271\" data-end=\"1379\"><strong data-start=\"1271\" data-end=\"1297\">\u00daleva od akn\u00e9 a zarudnut\u00ed:<\/strong> Uklidn\u00ed z\u00e1n\u011bt pleti a pom\u016f\u017ee zm\u00edrnit akn\u00e9 d\u00edky protiz\u00e1n\u011btliv\u00fdm vlastnostem.<\/p>\n<\/li>\n<li data-start=\"1380\" data-end=\"1489\">\n<p data-start=\"1382\" data-end=\"1489\"><strong data-start=\"1382\" data-end=\"1412\">Oprava a v\u00fd\u017eiva pleti:<\/strong> Bohat\u00fd na \u017eiviny, kter\u00e9 podporuj\u00ed regeneraci bun\u011bk a vr\u00e1t\u00ed zdravou z\u00e1\u0159i.<\/p>\n<\/li>\n<\/ul>\n<h4 data-start=\"1491\" data-end=\"1507\">\tPro vlasy<\/h4>\n<ul data-start=\"1508\" data-end=\"1781\">\n<li data-start=\"1508\" data-end=\"1595\">\n<p data-start=\"1510\" data-end=\"1595\"><strong data-start=\"1510\" data-end=\"1537\">Siln\u011bj\u0161\u00ed, lesklej\u0161\u00ed vlasy:<\/strong> O\u017eiv\u00ed nudn\u00e9, po\u0161kozen\u00e9 prameny a dod\u00e1 m\u011bkkost a lesk.<\/p>\n<\/li>\n<li data-start=\"1596\" data-end=\"1674\">\n<p data-start=\"1598\" data-end=\"1674\"><strong data-start=\"1598\" data-end=\"1620\">Stimuluje r\u016fst:<\/strong> Vy\u017eiv\u00ed vlasov\u00e9 folikuly a podporuje zdrav\u00fd r\u016fst vlas\u016f.<\/p>\n<\/li>\n<li data-start=\"1675\" data-end=\"1781\">\n<p data-start=\"1677\" data-end=\"1781\"><strong data-start=\"1677\" data-end=\"1703\">Zlep\u0161uje zdrav\u00ed poko\u017eky hlavy:<\/strong> Pom\u016f\u017ee sn\u00ed\u017eit lup\u00e9nku, sv\u011bd\u011bn\u00ed a podr\u00e1\u017ed\u011bn\u00ed pro \u010distou, vyv\u00e1\u017eenou poko\u017eku hlavy.<\/p>\n<\/li>\n<\/ul>\n<h4 data-start=\"1783\" data-end=\"1803\">\tPro wellness<\/h4>\n<ul data-start=\"1804\" data-end=\"2072\">\n<li data-start=\"1804\" data-end=\"1904\">\n<p data-start=\"1806\" data-end=\"1904\"><strong data-start=\"1806\" data-end=\"1836\">Protiz\u00e1n\u011btliv\u00e9 \u00fa\u010dinky:<\/strong> M\u016f\u017ee zm\u00edrnit bolest kloub\u016f a z\u00e1n\u011bt, podporovat celkov\u00e9 pohodl\u00ed.<\/p>\n<\/li>\n<li data-start=\"1905\" data-end=\"1985\">\n<p data-start=\"1907\" data-end=\"1985\"><strong data-start=\"1907\" data-end=\"1933\">Podporuje zdrav\u00ed srdce:<\/strong> Bohat\u00fd na mastn\u00e9 kyseliny a antioxidanty prosp\u011b\u0161n\u00e9 pro srdce.<\/p>\n<\/li>\n<li data-start=\"1986\" data-end=\"2072\">\n<p data-start=\"1988\" data-end=\"2072\"><strong data-start=\"1988\" data-end=\"2007\">Podpora imunity:<\/strong> Po\u010d\u00e1te\u010dn\u00ed v\u00fdzkum nazna\u010duje potenci\u00e1ln\u00ed pos\u00edlen\u00ed imunity.<\/p>\n<\/li>\n<\/ul>\n<h3 data-start=\"2079\" data-end=\"2118\">Pro\u010d si vybrat organick\u00fd arganov\u00fd olej NAKAA?<\/h3>\n<h4 data-start=\"2120\" data-end=\"2148\">\u2705 100% \u010dist\u00fd a organick\u00fd<\/h4>\n<p data-start=\"2149\" data-end=\"2223\">\u017d\u00e1dn\u00e9 plniva, \u017e\u00e1dn\u00e9 konzervanty \u2013 jen nej\u010dist\u0161\u00ed arganov\u00fd oleje pro skute\u010dn\u00e9 v\u00fdsledky.<\/p>\n<h4 data-start=\"2225\" data-end=\"2257\">\u2705 Chladn\u011b lisov\u00e1n\u00ed<\/h4>\n<p data-start=\"2258\" data-end=\"2355\">Na\u0161e technika chladn\u00e9ho lisov\u00e1n\u00ed zachov\u00e1v\u00e1 maxim\u00e1ln\u00ed mno\u017estv\u00ed \u017eivin, tak\u017ee z\u00edsk\u00e1te produkt nejvy\u0161\u0161\u00ed kvality.<\/p>\n<h4 data-start=\"2357\" data-end=\"2379\">\u2705 Vyrobeno v Egypt\u011b<\/h4>\n<p data-start=\"2380\" data-end=\"2465\">Lok\u00e1ln\u011b pln\u011bn\u00e9 s p\u00e9\u010d\u00ed pod p\u0159\u00edsn\u00fdmi standardy kvality a ekologick\u00fdmi praktikami.<\/p>\n<h4 data-start=\"2467\" data-end=\"2493\">\u2705 V\u00edce\u00fa\u010delov\u00e9 pou\u017eit\u00ed<\/h4>\n<p data-start=\"2494\" data-end=\"2597\">Pou\u017e\u00edvejte na ple\u0165, do vlas\u016f nebo jako sou\u010d\u00e1st wellness rutiny. Jedna l\u00e1hev, nespo\u010det v\u00fdhod.<\/p>\n<h3 data-start=\"2604\" data-end=\"2618\">Jak pou\u017e\u00edvat<\/h3>\n<ul data-start=\"2620\" data-end=\"2947\">\n<li data-start=\"2620\" data-end=\"2720\">\n<p data-start=\"2622\" data-end=\"2720\"><strong data-start=\"2622\" data-end=\"2635\">Pro ple\u0165:<\/strong> Naneste n\u011bkolik kapek na \u010distou ple\u0165 a jemn\u011b vmas\u00edrujte. Nejlep\u0161\u00ed denn\u011b po \u010di\u0161t\u011bn\u00ed.<\/p>\n<\/li>\n<li data-start=\"2721\" data-end=\"2853\">\n<p data-start=\"2723\" data-end=\"2853\"><strong data-start=\"2723\" data-end=\"2736\">Pro vlasy:<\/strong> Vmas\u00edrujte do poko\u017eky hlavy a vlas\u016f; nechte p\u016fsobit nejm\u00e9n\u011b 30 minut p\u0159ed opl\u00e1chnut\u00edm nebo p\u0159es noc pro hlubok\u00e9 kondicionov\u00e1n\u00ed.<\/p>\n<\/li>\n<li data-start=\"2854\" data-end=\"2947\">\n<p data-start=\"2856\" data-end=\"2947\"><strong data-start=\"2856\" data-end=\"2871\">Pro zdrav\u00ed:<\/strong> Konzultujte s l\u00e9ka\u0159em pro vnit\u0159n\u00ed pou\u017eit\u00ed nebo dopl\u0148ky.<\/p>\n<\/li>\n<\/ul>\n<h3 data-start=\"3399\" data-end=\"3455\">Za\u017eijte s\u00edlu organick\u00e9ho arganov\u00e9ho oleje od NAKAA<\/h3>\n<p data-start=\"3457\" data-end=\"3763\">Organick\u00fd arganov\u00fd olej NAKAA spojuje tradi\u010dn\u00ed marockou moudrost s modern\u00edmi standardy kvality, aby v\u00e1m p\u0159inesl produkt, kter\u00fd transformuje va\u0161i rutinu p\u00e9\u010de o ple\u0165, vlasy a wellness. Od hydratace po hojen\u00ed, od lesku po s\u00edlu \u2013 tento v\u0161estrann\u00fd oleje je va\u0161\u00ed p\u0159irozenou cestou k zdrav\u011bj\u0161\u00edmu, kr\u00e1sn\u011bj\u0161\u00edmu v\u00e1m.<\/p>\n<p data-start=\"3765\" data-end=\"3879\"><strong data-start=\"3765\" data-end=\"3879\">Dop\u0159ejte si luxus p\u0159\u00edrody. Vyzkou\u0161ejte dnes organick\u00fd arganov\u00fd oleje NAKAA a nechte svou p\u0159irozenou kr\u00e1su z\u00e1\u0159it!<\/strong><\/p>\n<p style=\"text-align: center;\">D\u011bkujeme za n\u00e1kup v <em data-start=\"415\" data-end=\"431\"><a href=\"https:\/\/bazaar.express\/\">Bazaar Express<\/a><\/em> \u2013 jsme nad\u0161en\u00ed, \u017ee jste tu!<\/p>\n<p style=\"text-align: center;\">C\u00edt\u00edte s\u00edlu p\u0159\u00edrody \u2013 \u010dist\u00e9 <a href=\"\/?p=34484\">terapeutick\u00e9 oleje<\/a> pro ka\u017edodenn\u00ed wellness.<\/p>\n","protected":false},"excerpt":{"rendered":"<h3 data-start=\"474\" data-end=\"735\">Organick\u00fd arganov\u00fd oleje NAKAA je pr\u00e9miov\u00fd chladn\u011b lisovan\u00fd oleje z marock\u00fdch arganov\u00fdch jader. Bohat\u00fd na vitam\u00edn E a antioxidanty, hluboce hydratuje ple\u0165, posiluje vlasy a podporuje celkov\u00e9 wellness. Vhodn\u00fd pro denn\u00ed p\u00e9\u010di o ple\u0165, vlasy a zdrav\u00ed.<\/h3>\n<h3><\/h3>\n","protected":false},"featured_media":36478,"comment_status":"open","ping_status":"closed","template":"","meta":[],"product_brand":[],"product_cat":[787,927,786,788],"product_tag":[781,790,783,793],"class_list":{"0":"post-36476","1":"product","2":"type-product","3":"status-publish","4":"has-post-thumbnail","6":"product_cat-terapeuticke-oleje","7":"product_cat-nakaa-prirodni-oleje","8":"product_cat-pece-o-krasu","9":"product_cat-to-nejlepsi-z-egypta","10":"product_tag-olej","11":"product_tag-pece-o-krasu","12":"product_tag-pece-o-plet","13":"product_tag-prirodni-olej","14":"pa_l-xl-135ml","15":"pa_l-xl-250ml","16":"pa_l-xl-60ml","18":"first","19":"instock","20":"sale","21":"shipping-taxable","22":"purchasable","23":"product-type-variable"},"_links":{"self":[{"href":"https:\/\/bazaar.express\/cs\/wp-json\/wp\/v2\/product\/36476","targetHints":{"allow":["GET"]}}],"collection":[{"href":"https:\/\/bazaar.express\/cs\/wp-json\/wp\/v2\/product"}],"about":[{"href":"https:\/\/bazaar.express\/cs\/wp-json\/wp\/v2\/types\/product"}],"replies":[{"embeddable":true,"href":"https:\/\/bazaar.express\/cs\/wp-json\/wp\/v2\/comments?post=36476"}],"wp:featuredmedia":[{"embeddable":true,"href":"https:\/\/bazaar.express\/cs\/wp-json\/wp\/v2\/media\/36478"}],"wp:attachment":[{"href":"https:\/\/bazaar.express\/cs\/wp-json\/wp\/v2\/media?parent=36476"}],"wp:term":[{"taxonomy":"product_brand","embeddable":true,"href":"https:\/\/bazaar.express\/cs\/wp-json\/wp\/v2\/product_brand?post=36476"},{"taxonomy":"product_cat","embeddable":true,"href":"https:\/\/bazaar.express\/cs\/wp-json\/wp\/v2\/product_cat?post=36476"},{"taxonomy":"product_tag","embeddable":true,"href":"https:\/\/bazaar.express\/cs\/wp-json\/wp\/v2\/product_tag?post=36476"}],"curies":[{"name":"wp","href":"https:\/\/api.w.org\/{rel}","templated":true}]}}