{"id":36482,"date":"2025-01-10T15:35:13","date_gmt":"2025-01-10T15:35:13","guid":{"rendered":"https:\/\/bazaar.express\/product\/prirodni-olej-na-pihy\/"},"modified":"2025-01-10T15:35:13","modified_gmt":"2025-01-10T15:35:13","slug":"prirodni-olej-na-pihy","status":"publish","type":"product","link":"https:\/\/bazaar.express\/cs\/produkt\/prirodni-olej-na-pihy\/","title":{"rendered":"P\u0159\u00edrodn\u00ed olej na pihy"},"content":{"rendered":"<h2 data-start=\"216\" data-end=\"295\">NAKAA P\u0159\u00edrodn\u00ed olej na pihy \u2013 P\u0159irozen\u011b vybledn\u011bte pihy a odhalte rovnom\u011brnou ple\u0165<\/h2>\n<p data-start=\"297\" data-end=\"732\">Objevte siln\u00e9 p\u0159\u00edrodn\u00ed \u0159e\u0161en\u00ed pro pihy a nerovnom\u011brnou pigmentaci pleti s <strong data-start=\"377\" data-end=\"407\">NAKAA P\u0159\u00edrodn\u00edm olejem na pihy<\/strong>. Tato expertem nam\u00edchan\u00e1 formule kombinuje n\u011bkter\u00e9 z neju\u010dinn\u011bj\u0161\u00edch p\u0159\u00edrodn\u00edch olej\u016f, kter\u00e9 v\u00e1m pomohou sn\u00ed\u017eit tmav\u00e9 skvrny, vyrovnat nerovnom\u011brnou barvu pleti a hluboce vy\u017eivovat va\u0161i ple\u0165. A\u0165 u\u017e bojujete s slune\u010dn\u00edmi skvrnami, pihami nebo pigmentac\u00ed, toto 100% p\u0159\u00edrodn\u00ed prost\u0159edek v\u00e1m pom\u016f\u017ee odhalit va\u0161i p\u0159irozenou z\u00e1\u0159i \u2013 bezpe\u010dn\u011b a \u00fa\u010dinn\u011b.<\/p>\n<h3 data-start=\"734\" data-end=\"799\"> Co je uvnit\u0159? Siln\u00e9 p\u0159\u00edrodn\u00ed slo\u017eky pro \u010dist\u0161\u00ed ple\u0165<\/h3>\n<p data-start=\"801\" data-end=\"960\">Ka\u017ed\u00e1 kapka NAKAA P\u0159\u00edrodn\u00edho oleje na pihy je bohat\u00e1 na antioxidanty, esenci\u00e1ln\u00ed mastn\u00e9 kyseliny a vitam\u00edny, kter\u00e9 podporuj\u00ed zdrav\u011bj\u0161\u00ed, hlad\u0161\u00ed a z\u00e1\u0159iv\u011bj\u0161\u00ed ple\u0165:<\/p>\n<ul data-start=\"962\" data-end=\"1937\">\n<li data-start=\"962\" data-end=\"1118\">\n<p data-start=\"964\" data-end=\"1118\"><strong data-start=\"964\" data-end=\"984\">Sladk\u00fd mandlov\u00fd olej<\/strong> \u2013 Bohat\u00fd na vitam\u00edny A a E, rozjas\u0148uje ple\u0165 a pom\u00e1h\u00e1 sni\u017eovat pihy a pigmentaci, zat\u00edmco zm\u011bk\u010duje a uklid\u0148uje citlivou ple\u0165.<\/p>\n<\/li>\n<li data-start=\"1119\" data-end=\"1283\">\n<p data-start=\"1121\" data-end=\"1283\"><strong data-start=\"1121\" data-end=\"1134\">Arganov\u00fd olej<\/strong> \u2013 Zlat\u00fd elix\u00edr pln\u00fd vitam\u00ednu E a mastn\u00fdch kyselin, kter\u00fd sni\u017euje vzhled pih, hluboce hydratuje a chr\u00e1n\u00ed ple\u0165 p\u0159ed slune\u010dn\u00edm po\u0161kozen\u00edm.<\/p>\n<\/li>\n<li data-start=\"1284\" data-end=\"1390\">\n<p data-start=\"1286\" data-end=\"1390\"><strong data-start=\"1286\" data-end=\"1300\">Ric\u00ednov\u00fd olej<\/strong> \u2013 Zn\u00e1m\u00fd svou hlubokou absorpc\u00ed, ric\u00ednov\u00fd olej pom\u00e1h\u00e1 vyblednout tmav\u00e9 skvrny a vyrovnat t\u00f3n pleti.<\/p>\n<\/li>\n<li data-start=\"1391\" data-end=\"1495\">\n<p data-start=\"1393\" data-end=\"1495\"><strong data-start=\"1393\" data-end=\"1406\">Olivov\u00fd olej<\/strong> \u2013 Bojuje proti voln\u00fdm radik\u00e1l\u016fm siln\u00fdmi antioxidanty a podporuje z\u00e1\u0159ivou, rovnom\u011brnou ple\u0165.<\/p>\n<\/li>\n<li data-start=\"1496\" data-end=\"1612\">\n<p data-start=\"1498\" data-end=\"1612\"><strong data-start=\"1498\" data-end=\"1512\">Jojobov\u00fd olej<\/strong> \u2013 Vyrovn\u00e1v\u00e1 produkci oleje a zlep\u0161uje texturu pleti, zat\u00edmco minimalizuje diskoloraci a such\u00e9 skvrny.<\/p>\n<\/li>\n<li data-start=\"1613\" data-end=\"1721\">\n<p data-start=\"1615\" data-end=\"1721\"><strong data-start=\"1615\" data-end=\"1633\">\u010cern\u00fd \u0159e\u0159ichov\u00fd olej<\/strong> \u2013 Pom\u00e1h\u00e1 regulovat produkci melaninu, postupn\u011b vybled\u0148uje hyperpigmentaci a tmav\u00e9 skvrny.<\/p>\n<\/li>\n<li data-start=\"1722\" data-end=\"1822\">\n<p data-start=\"1724\" data-end=\"1822\"><strong data-start=\"1724\" data-end=\"1738\">Lupinov\u00fd olej<\/strong> \u2013 Rozjas\u0148uje ple\u0165 a jemn\u011b detoxikuje, aby va\u0161e ple\u0165 z\u016fstala sv\u011b\u017e\u00ed a z\u00e1\u0159iv\u00e1.<\/p>\n<\/li>\n<li data-start=\"1823\" data-end=\"1937\">\n<p data-start=\"1825\" data-end=\"1937\"><strong data-start=\"1825\" data-end=\"1838\">Vitam\u00edn E<\/strong> \u2013 Antioxidans opravuj\u00edc\u00ed ple\u0165, kter\u00fd sni\u017euje tmav\u00e9 skvrny a zlep\u0161uje elasticitu a \u010dirost pleti.<\/p>\n<\/li>\n<\/ul>\n<h3 data-start=\"1939\" data-end=\"1973\"> Jak pou\u017e\u00edvat pro nejlep\u0161\u00ed v\u00fdsledky<\/h3>\n<p data-start=\"1975\" data-end=\"2183\">Aplikujte n\u011bkolik kapek na \u010distou ple\u0165 ve\u010der, vyhn\u011bte se oblasti o\u010d\u00ed. Jemn\u011b mas\u00edrujte, dokud se pln\u011b nevst\u0159eb\u00e1. Nechte p\u016fsobit p\u0159es noc a r\u00e1no opl\u00e1chn\u011bte. Pravideln\u011b pou\u017e\u00edvejte pro odhalen\u00ed jasn\u011bj\u0161\u00ed, vyrovnan\u011bj\u0161\u00ed plet\u011b.<\/p>\n<h3 data-start=\"2185\" data-end=\"2208\"> Pro\u010d si vybrat NAKAA?<\/h3>\n<ul data-start=\"2210\" data-end=\"2548\">\n<li data-start=\"2210\" data-end=\"2287\">\n<p data-start=\"2212\" data-end=\"2287\"><strong data-start=\"2212\" data-end=\"2238\">100% Organick\u00fd &#038; P\u0159\u00edrodn\u00ed<\/strong> \u2013 \u017d\u00e1dn\u00e9 syntetick\u00e9 slo\u017eky, parabeny nebo toxiny.<\/p>\n<\/li>\n<li data-start=\"2288\" data-end=\"2377\">\n<p data-start=\"2290\" data-end=\"2377\"><strong data-start=\"2290\" data-end=\"2321\">Vhodn\u00fd pro v\u0161echny typy pleti<\/strong> \u2013 Jemn\u00fd, ale \u00fa\u010dinn\u00fd na citlivou, suchou nebo mastnou ple\u0165.<\/p>\n<\/li>\n<li data-start=\"2378\" data-end=\"2467\">\n<p data-start=\"2380\" data-end=\"2467\"><strong data-start=\"2380\" data-end=\"2420\">C\u00edl\u00ed na pihy &#038; hyperpigmentaci<\/strong> \u2013 P\u0159irozen\u011b vybled\u0148uje diskoloraci a slune\u010dn\u00ed skvrny.<\/p>\n<\/li>\n<li data-start=\"2468\" data-end=\"2548\">\n<p data-start=\"2470\" data-end=\"2548\"><strong data-start=\"2470\" data-end=\"2499\">Hydratuj\u00edc\u00ed &#038; Uklid\u0148uj\u00edc\u00ed ple\u0165<\/strong> \u2013 Obnovuje vlhkost a podporuje z\u00e1\u0159iv\u00fd lesk.<\/p>\n<\/li>\n<\/ul>\n<h3 data-start=\"2995\" data-end=\"3033\"> Odhalte svou z\u00e1\u0159i \u2013 P\u0159irozen\u011b<\/h3>\n<p data-start=\"3035\" data-end=\"3265\">NAKAA P\u0159\u00edrodn\u00ed olej na pihy je v\u00edce ne\u017e p\u00e9\u010de o ple\u0165 \u2013 je to p\u00e9\u010de o sebe poh\u00e1n\u011bn\u00e1 nejlep\u0161\u00edm z p\u0159\u00edrody. A\u0165 u\u017e chcete sn\u00ed\u017eit pihy, uklidnit podr\u00e1\u017ed\u011bn\u00ed nebo zv\u00fd\u0161it svou z\u00e1\u0159i, tato formule poskytne va\u0161\u00ed pleti p\u00e9\u010di, kterou si zaslou\u017e\u00ed.<\/p>\n<p data-start=\"3267\" data-end=\"3353\"><strong data-start=\"3267\" data-end=\"3280\">Objednejte nyn\u00ed<\/strong> a za\u010dn\u011bte svou cestu k n\u00e1dhern\u011b rovnom\u011brn\u00e9, z\u00e1\u0159iv\u00e9 pleti s NAKAA.<\/p>\n<p style=\"text-align: center;\">D\u011bkujeme za n\u00e1kup v <em data-start=\"415\" data-end=\"431\"><a href=\"https:\/\/bazaar.express\/\">Bazaar Express<\/a><\/em> \u2013 jsme nad\u0161en\u00ed, \u017ee jste u n\u00e1s!<\/p>\n<p style=\"text-align: center;\">C\u00edt\u00edte s\u00edlu p\u0159\u00edrody \u2014 \u010dist\u00e9 <a href=\"\/?p=34484\">Terapeutick\u00e9 oleje<\/a> pro ka\u017edodenn\u00ed wellness.<\/p>\n","protected":false},"excerpt":{"rendered":"<h3 data-start=\"393\" data-end=\"670\">NAKAA P\u0159\u00edrodn\u00ed olej na pihy je 100% p\u0159\u00edrodn\u00ed sm\u011bs v\u00fdkonn\u00fdch olej\u016f v\u010detn\u011b sladk\u00e9ho mandlov\u00e9ho, arganov\u00e9ho, ric\u00ednov\u00e9ho, olivov\u00e9ho a vitam\u00ednu E. Navr\u017een\u00fd k sn\u00ed\u017een\u00ed pih, tmav\u00fdch skvrn a nerovnom\u011brn\u00e9 pigmentace pleti, tato lehk\u00e1 formule hluboce vy\u017eivuje a vyrovn\u00e1v\u00e1 t\u00f3n pleti \u2013 p\u0159irozen\u011b a bezpe\u010dn\u011b.<\/h3>\n","protected":false},"featured_media":36485,"comment_status":"open","ping_status":"closed","template":"","meta":[],"product_brand":[],"product_cat":[787,927,786],"product_tag":[781,790,783,793,884],"class_list":{"0":"post-36482","1":"product","2":"type-product","3":"status-publish","4":"has-post-thumbnail","6":"product_cat-terapeuticke-oleje","7":"product_cat-nakaa-prirodni-oleje","8":"product_cat-pece-o-krasu","9":"product_tag-olej","10":"product_tag-pece-o-krasu","11":"product_tag-pece-o-plet","12":"product_tag-prirodni-olej","13":"product_tag-zdrave","14":"pa_l-xl-135ml","15":"pa_l-xl-60ml","17":"first","18":"instock","19":"sale","20":"shipping-taxable","21":"purchasable","22":"product-type-variable"},"_links":{"self":[{"href":"https:\/\/bazaar.express\/cs\/wp-json\/wp\/v2\/product\/36482","targetHints":{"allow":["GET"]}}],"collection":[{"href":"https:\/\/bazaar.express\/cs\/wp-json\/wp\/v2\/product"}],"about":[{"href":"https:\/\/bazaar.express\/cs\/wp-json\/wp\/v2\/types\/product"}],"replies":[{"embeddable":true,"href":"https:\/\/bazaar.express\/cs\/wp-json\/wp\/v2\/comments?post=36482"}],"wp:featuredmedia":[{"embeddable":true,"href":"https:\/\/bazaar.express\/cs\/wp-json\/wp\/v2\/media\/36485"}],"wp:attachment":[{"href":"https:\/\/bazaar.express\/cs\/wp-json\/wp\/v2\/media?parent=36482"}],"wp:term":[{"taxonomy":"product_brand","embeddable":true,"href":"https:\/\/bazaar.express\/cs\/wp-json\/wp\/v2\/product_brand?post=36482"},{"taxonomy":"product_cat","embeddable":true,"href":"https:\/\/bazaar.express\/cs\/wp-json\/wp\/v2\/product_cat?post=36482"},{"taxonomy":"product_tag","embeddable":true,"href":"https:\/\/bazaar.express\/cs\/wp-json\/wp\/v2\/product_tag?post=36482"}],"curies":[{"name":"wp","href":"https:\/\/api.w.org\/{rel}","templated":true}]}}