{"id":36490,"date":"2025-01-10T13:24:17","date_gmt":"2025-01-10T13:24:17","guid":{"rendered":"https:\/\/bazaar.express\/product\/prirodni-mandleovy-olej\/"},"modified":"2025-01-10T13:24:17","modified_gmt":"2025-01-10T13:24:17","slug":"prirodni-mandleovy-olej","status":"publish","type":"product","link":"https:\/\/bazaar.express\/cs\/produkt\/prirodni-mandleovy-olej\/","title":{"rendered":"P\u0159\u00edrodn\u00ed mandleov\u00fd olej"},"content":{"rendered":"<h2 data-start=\"176\" data-end=\"256\"><strong data-start=\"179\" data-end=\"256\">NAKAA P\u0159\u00edrodn\u00ed mandleov\u00fd olej \u2013 P\u0159\u00edrodn\u00ed tajemstv\u00ed pro z\u00e1\u0159ivou ple\u0165 a siln\u00e9 vlasy<\/strong><\/h2>\n<h3 data-start=\"258\" data-end=\"322\"><strong data-start=\"262\" data-end=\"322\">Univerz\u00e1ln\u00ed kosmetick\u00fd z\u00e1klad pro v\u0161echny v\u011bky a typy pleti<\/strong><\/h3>\n<p data-start=\"324\" data-end=\"735\">Objevte p\u0159\u00edrodn\u00ed luxus <strong data-start=\"357\" data-end=\"385\">NAKAA P\u0159\u00edrodn\u00ed mandleov\u00e9ho oleje<\/strong>, jemn\u00e9ho, multifunk\u010dn\u00edho oleje, kter\u00fd d\u011bl\u00e1 z\u00e1zraky s plet\u00ed, vlasy a \u0159asami. Lisovan\u00fd za studena a 100% \u010dist\u00fd, tento pr\u00e9miov\u00fd mandleov\u00fd olej je nabit\u00fd vitam\u00edny, miner\u00e1ly a mastn\u00fdmi kyselinami, kter\u00e9 hluboce vy\u017eivuj\u00ed, hydratuj\u00ed a regeneruj\u00ed. A\u0165 hled\u00e1te m\u011bkkou ple\u0165, zdrav\u00e9 vlasy nebo del\u0161\u00ed \u0159asy \u2013 tento univerz\u00e1ln\u00ed kr\u00e1\u0161lov\u00fd boost\u00e9r je va\u0161e ide\u00e1ln\u00ed volba.<\/p>\n<h3 data-start=\"742\" data-end=\"786\"><strong data-start=\"746\" data-end=\"786\">Pro\u010d si vybrat NAKAA P\u0159\u00edrodn\u00ed mandleov\u00fd olej?<\/strong><\/h3>\n<h4 data-start=\"788\" data-end=\"832\"><strong data-start=\"793\" data-end=\"832\">1. Bezpe\u010dn\u00fd pro v\u0161echny typy pleti a v\u011bky<\/strong><\/h4>\n<p data-start=\"833\" data-end=\"1066\">NAKAA Mandleov\u00fd olej je jemn\u00fd a dostate\u010dn\u011b \u0161etrn\u00fd pro d\u011bti, ale z\u00e1rove\u0148 dost siln\u00fd, aby o\u017eivil dosp\u011blou ple\u0165. Pom\u00e1h\u00e1 uklidnit b\u011b\u017en\u00e9 probl\u00e9my jako suchost, vyr\u00e1\u017eky nebo dokonce stavy jako seboroick\u00e1 dermatitida. Ide\u00e1ln\u00ed pro citlivou ple\u0165!<\/p>\n<h4 data-start=\"1068\" data-end=\"1108\"><strong data-start=\"1073\" data-end=\"1108\">2. Podlo\u017een\u00fd stalet\u00ed d\u016fv\u011bry<\/strong><\/h4>\n<p data-start=\"1109\" data-end=\"1350\">Pou\u017e\u00edvan\u00fd v\u00edce ne\u017e 8 000 let v p\u0159\u00edrodn\u00edch kr\u00e1\u0161lov\u00fdch ritu\u00e1lech, mandleov\u00fd olej z\u016fst\u00e1v\u00e1 jedn\u00edm z nejobl\u00edben\u011bj\u0161\u00edch \u0159e\u0161en\u00ed pro p\u00e9\u010di o ple\u0165 na sv\u011bt\u011b. Nyn\u00ed dostupn\u00fd v modern\u00ed, \u010dist\u00e9 formuli \u2013 NAKAA p\u0159in\u00e1\u0161\u00ed toto starov\u011bk\u00e9 tajemstv\u00ed do va\u0161\u00ed denn\u00ed rutiny s bezkonkuren\u010dn\u00ed \u010distotou.<\/p>\n<h4 data-start=\"1352\" data-end=\"1398\"><strong data-start=\"1357\" data-end=\"1398\">3. Posiluje vlasy a podporuje r\u016fst<\/strong><\/h4>\n<p data-start=\"1399\" data-end=\"1593\">Bohat\u00fd na esenci\u00e1ln\u00ed \u017eiviny, tento olej pronik\u00e1 hluboko, aby pos\u00edlil poko\u017eku hlavy, opravil po\u0161kozen\u00e9 vlasy a podpo\u0159il p\u0159irozen\u00fd r\u016fst vlas\u016f. V\u00fdsledek? Lesklej\u0161\u00ed, siln\u011bj\u0161\u00ed a snadn\u011bji ovladateln\u00e9 vlasy.<\/p>\n<h4 data-start=\"1595\" data-end=\"1641\"><strong data-start=\"1600\" data-end=\"1641\">4. Ide\u00e1ln\u00ed pro aromaterapii a mas\u00e1\u017ee<\/strong><\/h4>\n<p data-start=\"1642\" data-end=\"1842\">D\u00edky lehk\u00e9 textu\u0159e a jemn\u011b neutr\u00e1ln\u00ed v\u016fni je NAKAA Mandleov\u00fd olej perfektn\u00edm z\u00e1kladem pro m\u00edch\u00e1n\u00ed s esenci\u00e1ln\u00edmi oleji. Pou\u017e\u00edvejte ho na mas\u00e1\u017ee nebo v aromaterapii pro uklid\u0148uj\u00edc\u00ed, \u0161etrn\u00fd z\u00e1\u017eitek pro ple\u0165.<\/p>\n<h3 data-start=\"1849\" data-end=\"1878\"><strong data-start=\"1853\" data-end=\"1878\">P\u0159\u00ednosy na prvn\u00ed pohled:<\/strong><\/h3>\n<ul data-start=\"1880\" data-end=\"2280\">\n<li data-start=\"1880\" data-end=\"1976\">\n<p data-start=\"1882\" data-end=\"1976\"><strong data-start=\"1882\" data-end=\"1914\">Intenzivn\u011b hydratuje suchou ple\u0165:<\/strong> Rychle se vst\u0159eb\u00e1v\u00e1, zm\u011bk\u010duje a hydratuje bez mastn\u00e9ho pocitu.<\/p>\n<\/li>\n<li data-start=\"1977\" data-end=\"2076\">\n<p data-start=\"1979\" data-end=\"2076\"><strong data-start=\"1979\" data-end=\"2005\">Bojuje proti zn\u00e1mk\u00e1m st\u00e1rnut\u00ed:<\/strong> Nabit\u00fd vitam\u00ednem E a karoteny, sni\u017euje jemn\u00e9 linky a vr\u00e1sky.<\/p>\n<\/li>\n<li data-start=\"2077\" data-end=\"2189\">\n<p data-start=\"2079\" data-end=\"2189\"><strong data-start=\"2079\" data-end=\"2112\">Opravuje a posiluje vlasy:<\/strong> O\u017eivuje nudn\u00e9, tenk\u00e9 nebo l\u00e1mav\u00e9 vlasy esenci\u00e1ln\u00edmi mastn\u00fdmi kyselinami a miner\u00e1ly.<\/p>\n<\/li>\n<li data-start=\"2190\" data-end=\"2280\">\n<p data-start=\"2192\" data-end=\"2280\"><strong data-start=\"2192\" data-end=\"2220\">Podporuje r\u016fst \u0159as:<\/strong> Nan\u00e1\u0161ejte ve\u010der pro viditeln\u011b siln\u011bj\u0161\u00ed a pln\u011bj\u0161\u00ed \u0159asy v pr\u016fb\u011bhu \u010dasu.<\/p>\n<\/li>\n<\/ul>\n<h3 data-start=\"2287\" data-end=\"2306\"><strong data-start=\"2291\" data-end=\"2306\">Jak pou\u017e\u00edvat:<\/strong><\/h3>\n<ul data-start=\"2308\" data-end=\"2666\">\n<li data-start=\"2308\" data-end=\"2432\">\n<p data-start=\"2310\" data-end=\"2432\"><strong data-start=\"2310\" data-end=\"2323\">Na ple\u0165:<\/strong> Naneste n\u011bkolik kapek p\u0159\u00edmo na \u010distou ple\u0165. Jemn\u011b vmas\u00edrujte. Lze pou\u017e\u00edvat denn\u011b jako hydrata\u010dn\u00ed kr\u00e9m na obli\u010dej nebo t\u011blo.<\/p>\n<\/li>\n<li data-start=\"2433\" data-end=\"2562\">\n<p data-start=\"2435\" data-end=\"2562\"><strong data-start=\"2435\" data-end=\"2448\">Na vlasy:<\/strong> Vmas\u00edrujte do poko\u017eky hlavy a vlasov\u00fdch vl\u00e1ken. Nechte p\u016fsobit p\u0159es noc nebo naneste po umyt\u00ed pro extra lesk a m\u011bkkost.<\/p>\n<\/li>\n<li data-start=\"2563\" data-end=\"2666\">\n<p data-start=\"2565\" data-end=\"2666\"><strong data-start=\"2565\" data-end=\"2583\">Na \u0159asy:<\/strong> Namo\u010dte \u010distou kart\u00e1\u010dku od \u0159asenky do mandleov\u00e9ho oleje a jemn\u011b naneste na \u0159asy p\u0159ed span\u00edm.<\/p>\n<\/li>\n<\/ul>\n<h3 data-start=\"2673\" data-end=\"2697\"><strong data-start=\"2677\" data-end=\"2697\">Kl\u00ed\u010dov\u00e9 slo\u017eky:<\/strong><\/h3>\n<ul data-start=\"2699\" data-end=\"3009\">\n<li data-start=\"2699\" data-end=\"2760\">\n<p data-start=\"2701\" data-end=\"2760\"><strong data-start=\"2701\" data-end=\"2727\">78% Lehk\u00e9 mastn\u00e9 kyseliny:<\/strong> Pro hlubok\u00e9 vy\u017eiven\u00ed pleti a vlas\u016f.<\/p>\n<\/li>\n<li data-start=\"2761\" data-end=\"2840\">\n<p data-start=\"2763\" data-end=\"2840\"><strong data-start=\"2763\" data-end=\"2804\">Aminokyseliny a dus\u00edkat\u00e9 l\u00e1tky:<\/strong> Pom\u00e1haj\u00ed stimulovat zdrav\u00fd r\u016fst vlas\u016f.<\/p>\n<\/li>\n<li data-start=\"2841\" data-end=\"2921\">\n<p data-start=\"2843\" data-end=\"2921\"><strong data-start=\"2843\" data-end=\"2875\">Vitam\u00edny (E, B2, Karoteny):<\/strong> Podporuj\u00ed hladkou ple\u0165 a siln\u00e9, \u017eiv\u00e9 vlasy.<\/p>\n<\/li>\n<li data-start=\"2922\" data-end=\"3009\">\n<p data-start=\"2924\" data-end=\"3009\"><strong data-start=\"2924\" data-end=\"2947\">Esenci\u00e1ln\u00ed miner\u00e1ly:<\/strong> Posiluj\u00ed ple\u0165 a vracej\u00ed vitalitu unaven\u00fdm vlas\u016fm a poko\u017ece hlavy.<\/p>\n<\/li>\n<\/ul>\n<h3 data-start=\"3433\" data-end=\"3492\"><strong data-start=\"3437\" data-end=\"3492\">Z\u00e1v\u011bre\u010dn\u00e1 pozn\u00e1mka: Objevte p\u0159\u00edrodn\u00ed z\u00e1\u0159i, kterou si zaslou\u017e\u00edte<\/strong><\/h3>\n<p data-start=\"3494\" data-end=\"3777\">Vra\u0165te sv\u00e9 kr\u00e1\u0161lov\u00e9 rutin\u011b rovnov\u00e1hu a lesk s <strong data-start=\"3556\" data-end=\"3584\">NAKAA P\u0159\u00edrodn\u00edm mandleov\u00fdm olejem<\/strong>.<\/p>\n<p data-start=\"3494\" data-end=\"3777\">A\u0165 hled\u00e1te m\u011bk\u010d\u00ed ple\u0165, siln\u011bj\u0161\u00ed vlasy nebo del\u0161\u00ed \u0159asy \u2013 tento lisovan\u00fd za studena z\u00e1zrak je va\u0161e p\u0159\u00edrodn\u00ed \u0159e\u0161en\u00ed. Vyrobeno s p\u00e9\u010d\u00ed, bez chemik\u00e1li\u00ed a nabit\u00e9 starov\u011bkou moudrost\u00ed.<\/p>\n<p data-start=\"3779\" data-end=\"3865\"><strong data-start=\"3781\" data-end=\"3819\">Kupte si dnes NAKAA P\u0159\u00edrodn\u00ed mandleov\u00fd olej<\/strong> a obj\u00edmte p\u0159\u00edrodn\u00ed kr\u00e1su egyptsk\u00fdm zp\u016fsobem!<\/p>\n<p style=\"text-align: center;\">D\u011bkujeme za n\u00e1kup v <em data-start=\"415\" data-end=\"431\"><a href=\"https:\/\/bazaar.express\/\">Bazaar Express<\/a><\/em> \u2013 jsme nad\u0161en\u00ed, \u017ee jste tu!<\/p>\n<p style=\"text-align: center;\">C\u00edt\u00edte s\u00edlu p\u0159\u00edrody \u2013 \u010dist\u00e9 <a href=\"\/?p=34484\">Terapeutick\u00e9 oleje<\/a> pro ka\u017edodenn\u00ed wellness.<\/p>\n","protected":false},"excerpt":{"rendered":"<h3>NAKAA P\u0159\u00edrodn\u00ed mandleov\u00fd olej je lisovan\u00fd za studena, multifunk\u010dn\u00ed kosmetick\u00fd olej ide\u00e1ln\u00ed pro ple\u0165, vlasy a \u0159asy. Nabit\u00fd esenci\u00e1ln\u00edmi vitam\u00edny a mastn\u00fdmi kyselinami, hluboce vy\u017eivuje, zlep\u0161uje texturu a podporuje p\u0159\u00edrodn\u00ed z\u00e1\u0159iv\u00fd, zdrav\u00fd lesk.<\/h3>\n","protected":false},"featured_media":36492,"comment_status":"open","ping_status":"closed","template":"","meta":[],"product_brand":[],"product_cat":[787,927,786],"product_tag":[781,790,783,793,884],"class_list":{"0":"post-36490","1":"product","2":"type-product","3":"status-publish","4":"has-post-thumbnail","6":"product_cat-terapeuticke-oleje","7":"product_cat-nakaa-prirodni-oleje","8":"product_cat-pece-o-krasu","9":"product_tag-olej","10":"product_tag-pece-o-krasu","11":"product_tag-pece-o-plet","12":"product_tag-prirodni-olej","13":"product_tag-zdrave","14":"pa_l-xl-135ml","15":"pa_l-xl-250ml","16":"pa_l-xl-60ml","18":"first","19":"instock","20":"sale","21":"shipping-taxable","22":"purchasable","23":"product-type-variable"},"_links":{"self":[{"href":"https:\/\/bazaar.express\/cs\/wp-json\/wp\/v2\/product\/36490","targetHints":{"allow":["GET"]}}],"collection":[{"href":"https:\/\/bazaar.express\/cs\/wp-json\/wp\/v2\/product"}],"about":[{"href":"https:\/\/bazaar.express\/cs\/wp-json\/wp\/v2\/types\/product"}],"replies":[{"embeddable":true,"href":"https:\/\/bazaar.express\/cs\/wp-json\/wp\/v2\/comments?post=36490"}],"wp:featuredmedia":[{"embeddable":true,"href":"https:\/\/bazaar.express\/cs\/wp-json\/wp\/v2\/media\/36492"}],"wp:attachment":[{"href":"https:\/\/bazaar.express\/cs\/wp-json\/wp\/v2\/media?parent=36490"}],"wp:term":[{"taxonomy":"product_brand","embeddable":true,"href":"https:\/\/bazaar.express\/cs\/wp-json\/wp\/v2\/product_brand?post=36490"},{"taxonomy":"product_cat","embeddable":true,"href":"https:\/\/bazaar.express\/cs\/wp-json\/wp\/v2\/product_cat?post=36490"},{"taxonomy":"product_tag","embeddable":true,"href":"https:\/\/bazaar.express\/cs\/wp-json\/wp\/v2\/product_tag?post=36490"}],"curies":[{"name":"wp","href":"https:\/\/api.w.org\/{rel}","templated":true}]}}