{"id":36510,"date":"2025-01-09T02:32:33","date_gmt":"2025-01-09T02:32:33","guid":{"rendered":"https:\/\/bazaar.express\/product\/organicky-ricinovy-olej\/"},"modified":"2025-01-09T02:32:33","modified_gmt":"2025-01-09T02:32:33","slug":"organicky-ricinovy-olej","status":"publish","type":"product","link":"https:\/\/bazaar.express\/cs\/produkt\/organicky-ricinovy-olej\/","title":{"rendered":"Organick\u00fd ric\u00ednov\u00fd olej"},"content":{"rendered":"<h2 data-start=\"284\" data-end=\"384\">NAKAA Organick\u00fd ric\u00ednov\u00fd olej \u2013 P\u0159\u00edrodn\u00ed tajemstv\u00ed pro siln\u00e9 vlasy, z\u00e1\u0159ivou poko\u017eku a lep\u0161\u00ed pohodu<\/h2>\n<h3 data-start=\"386\" data-end=\"442\">Co d\u011bl\u00e1 NAKAA organick\u00fd ric\u00ednov\u00fd olej nezbytn\u00fdm?<\/h3>\n<p data-start=\"444\" data-end=\"931\">NAKAA organick\u00fd ric\u00ednov\u00fd olej je pr\u00e9miov\u00fd chladn\u011b lisovan\u00fd olej z\u00edskan\u00fd ze semen ric\u00ednovn\u00edku (<em data-start=\"545\" data-end=\"563\">Ricinus communis<\/em>), oce\u0148ovan\u00fd po stalet\u00ed pro sv\u00e9 siln\u00e9 terapeutick\u00e9 a kosmetick\u00e9 \u00fa\u010dinky. Zn\u00e1m\u00fd jako elix\u00edr kr\u00e1sy od dob starov\u011bk\u00e9ho Egypta, tento p\u0159\u00edrodn\u00ed olej je v\u0161estrann\u00fd prost\u0159edek pro va\u0161i poko\u017eku, vlasy, nehty a dokonce i za\u017e\u00edv\u00e1n\u00ed. A\u0165 u\u017e chcete vyp\u011bstovat siln\u00e9, leskl\u00e9 vlasy, zahojit suchou poko\u017eku nebo zv\u00fd\u0161it sv\u016fj p\u0159irozen\u00fd lesk, tento olej m\u00e1 pro ka\u017ed\u00e9ho n\u011bco.<\/p>\n<h3 data-start=\"938\" data-end=\"991\">100% Chladn\u011b lisovan\u00fd a organick\u00fd \u2013 Siln\u00fd a \u010dist\u00fd<\/h3>\n<p data-start=\"993\" data-end=\"1327\">Pou\u017e\u00edv\u00e1me pouze nejlep\u0161\u00ed organick\u00e1 semena ric\u00ednu a extrahujeme olej chladn\u00fdm lisov\u00e1n\u00edm. T\u00edm zachov\u00e1me v\u0161echny p\u0159irozen\u00e9 \u017eiviny oleje, v\u010detn\u011b esenci\u00e1ln\u00edch mastn\u00fdch kyselin, kyseliny ricinoleov\u00e9, antioxidant\u016f a vitam\u00edn\u016f. Bez \u0161kodliv\u00fdch chemik\u00e1li\u00ed NAKAA organick\u00fd ric\u00ednov\u00fd olej p\u0159in\u00e1\u0161\u00ed soust\u0159ed\u011bn\u00e9 p\u0159\u00edrodn\u00ed dobro p\u0159\u00edmo z p\u0159\u00edrody.<\/p>\n<h3 data-start=\"1334\" data-end=\"1368\">O\u017eivte sv\u00e9 vlasy a poko\u017eku hlavy<\/h3>\n<p data-start=\"1370\" data-end=\"1664\">Ric\u00ednov\u00fd olej je proslul\u00fd svou \u00fa\u010dinnost\u00ed p\u0159i podpo\u0159e r\u016fstu vlas\u016f a zlep\u0161en\u00ed zdrav\u00ed poko\u017eky hlavy. Vy\u017eivuje vlasov\u00e9 folikuly, posiluje ko\u0159eny a zvy\u0161uje objem. A\u0165 u\u017e bojujete s \u0159\u00eddnut\u00edm vlas\u016f, roz\u0161t\u011bpen\u00fdmi kone\u010dky nebo suchou poko\u017ekou hlavy, tento olej obnov\u00ed lesk, vlhkost a plnost va\u0161ich vlas\u016f.<\/p>\n<p data-start=\"1666\" data-end=\"1692\"><strong data-start=\"1666\" data-end=\"1692\">Kl\u00ed\u010dov\u00e9 v\u00fdhody pro vlasy:<\/strong><\/p>\n<ul data-start=\"1693\" data-end=\"1836\">\n<li data-start=\"1693\" data-end=\"1741\">\n<p data-start=\"1695\" data-end=\"1741\">Stimuluje r\u016fst vlas\u016f a sni\u017euje vypad\u00e1v\u00e1n\u00ed vlas\u016f<\/p>\n<\/li>\n<li data-start=\"1742\" data-end=\"1790\">\n<p data-start=\"1744\" data-end=\"1790\">Posiluje a hydratuje po\u0161kozen\u00e9 nebo such\u00e9 vlasy<\/p>\n<\/li>\n<li data-start=\"1791\" data-end=\"1836\">\n<p data-start=\"1793\" data-end=\"1836\">P\u0159irozen\u011b zahu\u0161\u0165uje obo\u010d\u00ed a \u0159asy<\/p>\n<\/li>\n<\/ul>\n<h3 data-start=\"1843\" data-end=\"1889\">P\u00e9\u010de o poko\u017eku, kter\u00e1 zaji\u0161\u0165uje hlubokou hydrataci<\/h3>\n<p data-start=\"1891\" data-end=\"2133\">Such\u00e1, loupaj\u00edc\u00ed se poko\u017eka? NAKAA organick\u00fd ric\u00ednov\u00fd olej hluboce zvlh\u010duje a omlazuje nudnou poko\u017eku. Pom\u00e1h\u00e1 sni\u017eovat vzhled jemn\u00fdch vr\u00e1sek, hoj\u00ed popraskan\u00e9 paty, zm\u011bk\u010duje tvrd\u00e9 m\u00edsta jako lokty a kolena a dokonce uklid\u0148uje podr\u00e1\u017ed\u011bnou nebo z\u00e1n\u011btovou poko\u017eku.<\/p>\n<p data-start=\"2135\" data-end=\"2161\"><strong data-start=\"2135\" data-end=\"2161\">Kl\u00ed\u010dov\u00e9 v\u00fdhody pro poko\u017eku:<\/strong><\/p>\n<ul data-start=\"2162\" data-end=\"2309\">\n<li data-start=\"2162\" data-end=\"2208\">\n<p data-start=\"2164\" data-end=\"2208\">Minimalizuje vr\u00e1sky a obnovuje pru\u017enost<\/p>\n<\/li>\n<li data-start=\"2209\" data-end=\"2255\">\n<p data-start=\"2211\" data-end=\"2255\">Hoj\u00ed popraskanou poko\u017eku a zm\u011bk\u010duje hrub\u00e9 oblasti<\/p>\n<\/li>\n<li data-start=\"2256\" data-end=\"2309\">\n<p data-start=\"2258\" data-end=\"2309\">Bezpe\u010dn\u00fd pro rty, nehty a dokonce akn\u00f3zn\u00ed poko\u017eku<\/p>\n<\/li>\n<\/ul>\n<h3 data-start=\"2316\" data-end=\"2354\">Podporuje i vnit\u0159n\u00ed pohodu<\/h3>\n<p data-start=\"2356\" data-end=\"2591\">NAKAA organick\u00fd ric\u00ednov\u00fd olej tak\u00e9 p\u016fsob\u00ed jako jemn\u00fd p\u0159\u00edrodn\u00ed proj\u00edmadlo. P\u0159i konzumaci v mal\u00fdch, kontrolovan\u00fdch mno\u017estv\u00edch pom\u00e1h\u00e1 uvolnit z\u00e1cpu a zlep\u0161it zdrav\u00ed za\u017e\u00edv\u00e1n\u00ed. Je to starobyl\u00fd l\u00e9k podporovan\u00fd modern\u00edmi zast\u00e1nci p\u0159\u00edrodn\u00edho zdrav\u00ed.<\/p>\n<p data-start=\"2593\" data-end=\"2660\"><strong data-start=\"2593\" data-end=\"2602\">Pozn\u00e1mka:<\/strong> P\u0159ed vnit\u0159n\u00edm pou\u017eit\u00edm v\u017edy konzultujte s l\u00e9ka\u0159em.<\/p>\n<h3 data-start=\"2667\" data-end=\"2710\">Jak pou\u017e\u00edvat NAKAA organick\u00fd ric\u00ednov\u00fd olej<\/h3>\n<ul data-start=\"2712\" data-end=\"3242\">\n<li data-start=\"2712\" data-end=\"2861\">\n<p data-start=\"2714\" data-end=\"2861\"><strong data-start=\"2714\" data-end=\"2734\">Pro r\u016fst vlas\u016f:<\/strong> Sm\u00edchejte ric\u00ednov\u00fd olej s trochou vodky (2:1), vmas\u00edrujte do poko\u017eky hlavy a nechte p\u016fsobit 30\u201360 minut p\u0159ed umyt\u00edm. Pou\u017e\u00edvejte 1\u20132x t\u00fddn\u011b.<\/p>\n<\/li>\n<li data-start=\"2862\" data-end=\"2970\">\n<p data-start=\"2864\" data-end=\"2970\"><strong data-start=\"2864\" data-end=\"2893\">Pro \u0159asy a obo\u010d\u00ed:<\/strong> Pou\u017eijte \u010dist\u00fd kart\u00e1\u010dek nebo vatovou ty\u010dinku k nanesen\u00ed oleje p\u0159\u00edmo na ko\u0159eny \u0159as\/obo\u010d\u00ed.<\/p>\n<\/li>\n<li data-start=\"2971\" data-end=\"3062\">\n<p data-start=\"2973\" data-end=\"3062\"><strong data-start=\"2973\" data-end=\"2998\">Pro suchou poko\u017eku a paty:<\/strong> Vmas\u00edrujte do poko\u017eky nebo sm\u00edchejte s kokosov\u00fdm olejem pro lep\u0161\u00ed hydrataci.<\/p>\n<\/li>\n<li data-start=\"3063\" data-end=\"3137\">\n<p data-start=\"3065\" data-end=\"3137\"><strong data-start=\"3065\" data-end=\"3078\">Pro rty:<\/strong> Sm\u00edchejte s vazel\u00ednou (3:1) pro p\u0159\u00edrodn\u00ed balz\u00e1m na rty.<\/p>\n<\/li>\n<li data-start=\"3138\" data-end=\"3242\">\n<p data-start=\"3140\" data-end=\"3242\"><strong data-start=\"3140\" data-end=\"3161\">Pro z\u00e1cpu:<\/strong> Sm\u00edchejte 1 l\u017ei\u010dku ric\u00ednov\u00e9ho oleje se \u010derstvou citronovou \u0161\u0165\u00e1vou pro chu\u0165, konzumujte jednou podle pot\u0159eby.<\/p>\n<\/li>\n<\/ul>\n<h3 data-start=\"3249\" data-end=\"3297\"><strong data-start=\"3253\" data-end=\"3297\">Pro\u010d miluj\u00ed NAKAA organick\u00fd ric\u00ednov\u00fd olej<\/strong><\/h3>\n<ul data-start=\"3299\" data-end=\"3492\">\n<li data-start=\"3299\" data-end=\"3332\">\n<p data-start=\"3301\" data-end=\"3332\">\u2705 100% Organick\u00fd a chladn\u011b lisovan\u00fd<\/p>\n<\/li>\n<li data-start=\"3333\" data-end=\"3375\">\n<p data-start=\"3335\" data-end=\"3375\">\u2705 Bez p\u0159\u00edsad, hexanu nebo GMO<\/p>\n<\/li>\n<li data-start=\"3376\" data-end=\"3418\">\n<p data-start=\"3378\" data-end=\"3418\">\u2705 Vhodn\u00fd pro v\u0161echny typy poko\u017eky a vlas\u016f<\/p>\n<\/li>\n<li data-start=\"3419\" data-end=\"3458\">\n<p data-start=\"3421\" data-end=\"3458\">\u2705 V\u0161estrann\u00e9 pou\u017eit\u00ed pro kr\u00e1su a pohodu<\/p>\n<\/li>\n<li data-start=\"3459\" data-end=\"3492\">\n<p data-start=\"3461\" data-end=\"3492\">\u2705 Bez krutosti a ekologick\u00fd<\/p>\n<\/li>\n<\/ul>\n<h3 data-start=\"3812\" data-end=\"3860\">Z\u00e1v\u011br \u2013 Nechte p\u0159\u00edrodu se o v\u00e1s postarat<\/h3>\n<p data-start=\"3862\" data-end=\"4137\">Od vy\u017eivov\u00e1n\u00ed poko\u017eky hlavy a poko\u017eky po podporu za\u017e\u00edv\u00e1n\u00ed je <strong data-start=\"3930\" data-end=\"3958\">NAKAA organick\u00fd ric\u00ednov\u00fd olej<\/strong> v\u0161estrann\u00fd p\u0159\u00edrodn\u00ed prost\u0159edek, za kter\u00fd v\u00e1m va\u0161e t\u011blo pod\u011bkuje. Za\u010dle\u0148te ho dnes do sv\u00e9 rutiny pohody a obj\u011bmte kr\u00e1su, kter\u00e1 pramen\u00ed zevnit\u0159 \u2013 p\u0159irozen\u011b a snadno.<\/p>\n<p data-start=\"4139\" data-end=\"4234\"><strong data-start=\"4139\" data-end=\"4234\">Vyzkou\u0161ejte dnes NAKAA organick\u00fd ric\u00ednov\u00fd olej \u2013 pro zdrav\u011bj\u0161\u00ed vlasy, m\u011bk\u010d\u00ed poko\u017eku a trvalou pohodu.<\/strong><\/p>\n<p style=\"text-align: center;\">D\u011bkujeme za n\u00e1kup v <em data-start=\"415\" data-end=\"431\"><a href=\"https:\/\/bazaar.express\/\">Bazaar Express<\/a><\/em> \u2013 jsme nad\u0161en\u00ed, \u017ee jste tu!<\/p>\n<p style=\"text-align: center;\">C\u00edt\u00edte s\u00edlu p\u0159\u00edrody \u2014 \u010dist\u00e9 <a href=\"\/?p=34484\">terapeutick\u00e9 oleje<\/a> pro ka\u017edodenn\u00ed pohodu.<\/p>\n","protected":false},"excerpt":{"rendered":"<h3 data-start=\"442\" data-end=\"640\">NAKAA organick\u00fd ric\u00ednov\u00fd olej je 100% chladn\u011b lisovan\u00fd, bez chemik\u00e1li\u00ed olej, kter\u00fd vy\u017eivuje vlasy, zvlh\u010duje suchou poko\u017eku, posiluje \u0159asy a podporuje pohodu. Ide\u00e1ln\u00ed pro p\u0159\u00edrodn\u00ed rutiny kr\u00e1sy a zdrav\u00ed.<\/h3>\n<h3><\/h3>\n","protected":false},"featured_media":36512,"comment_status":"open","ping_status":"closed","template":"","meta":[],"product_brand":[],"product_cat":[787,927,786],"product_tag":[781,790,783,793],"class_list":{"0":"post-36510","1":"product","2":"type-product","3":"status-publish","4":"has-post-thumbnail","6":"product_cat-terapeuticke-oleje","7":"product_cat-nakaa-prirodni-oleje","8":"product_cat-pece-o-krasu","9":"product_tag-olej","10":"product_tag-pece-o-krasu","11":"product_tag-pece-o-plet","12":"product_tag-prirodni-olej","13":"pa_l-xl-135ml","14":"pa_l-xl-250ml","15":"pa_l-xl-60ml","17":"first","18":"instock","19":"sale","20":"shipping-taxable","21":"purchasable","22":"product-type-variable"},"_links":{"self":[{"href":"https:\/\/bazaar.express\/cs\/wp-json\/wp\/v2\/product\/36510","targetHints":{"allow":["GET"]}}],"collection":[{"href":"https:\/\/bazaar.express\/cs\/wp-json\/wp\/v2\/product"}],"about":[{"href":"https:\/\/bazaar.express\/cs\/wp-json\/wp\/v2\/types\/product"}],"replies":[{"embeddable":true,"href":"https:\/\/bazaar.express\/cs\/wp-json\/wp\/v2\/comments?post=36510"}],"wp:featuredmedia":[{"embeddable":true,"href":"https:\/\/bazaar.express\/cs\/wp-json\/wp\/v2\/media\/36512"}],"wp:attachment":[{"href":"https:\/\/bazaar.express\/cs\/wp-json\/wp\/v2\/media?parent=36510"}],"wp:term":[{"taxonomy":"product_brand","embeddable":true,"href":"https:\/\/bazaar.express\/cs\/wp-json\/wp\/v2\/product_brand?post=36510"},{"taxonomy":"product_cat","embeddable":true,"href":"https:\/\/bazaar.express\/cs\/wp-json\/wp\/v2\/product_cat?post=36510"},{"taxonomy":"product_tag","embeddable":true,"href":"https:\/\/bazaar.express\/cs\/wp-json\/wp\/v2\/product_tag?post=36510"}],"curies":[{"name":"wp","href":"https:\/\/api.w.org\/{rel}","templated":true}]}}