{"id":36516,"date":"2025-01-09T01:54:51","date_gmt":"2025-01-09T01:54:51","guid":{"rendered":"https:\/\/bazaar.express\/product\/organicky-kokosovy-olej-2\/"},"modified":"2025-01-09T01:54:51","modified_gmt":"2025-01-09T01:54:51","slug":"organicky-kokosovy-olej-2","status":"publish","type":"product","link":"https:\/\/bazaar.express\/cs\/produkt\/organicky-kokosovy-olej-2\/","title":{"rendered":"Organick\u00fd kokosov\u00fd olej"},"content":{"rendered":"<h2 data-start=\"277\" data-end=\"363\">NAKAA Organick\u00fd kokosov\u00fd olej \u2013 Nejlep\u0161\u00ed p\u0159\u00edrodn\u00ed volba pro vlasy, poko\u017eku a wellness<\/h2>\n<p data-start=\"365\" data-end=\"680\">NAKAA Organick\u00fd kokosov\u00fd olej je va\u0161e univerz\u00e1ln\u00ed \u0159e\u0161en\u00ed pro kr\u00e1su a wellness \u2013 lisovan\u00fd za studena, 100% \u010dist\u00fd a bohat\u00fd na vitam\u00edny, antioxidanty a esenci\u00e1ln\u00ed mastn\u00e9 kyseliny. A\u0165 u\u017e tou\u017e\u00edte po z\u00e1\u0159iv\u00e9 poko\u017ece, siln\u00fdch leskl\u00fdch vlasech nebo p\u0159\u00edrodn\u00edm zvednut\u00ed energie, tento v\u0161estrann\u00fd olej to zvl\u00e1dne s neporovnatelnou \u010distotou a \u00fa\u010dinnost\u00ed.<\/p>\n<h3 data-start=\"687\" data-end=\"739\"> Transformujte sv\u00e9 vlasy s NAKAA kokosov\u00fdm olejem<\/h3>\n<p data-start=\"741\" data-end=\"1029\">\u0158ekn\u011bte sbohem slab\u00fdm, \u0159\u00eddnouc\u00edm vlas\u016fm a v\u00edttejte zp\u011bt siln\u00e9, \u017eiv\u00e9 prameny. N\u00e1\u0161 organick\u00fd kokosov\u00fd olej hluboce pronik\u00e1 do vlasov\u00e9ho stvolu a vy\u017eivuje ka\u017ed\u00fd pramen od ko\u0159ene po kone\u010dky. Zabra\u0148uje l\u00e1m\u00e1n\u00ed, opravuje po\u0161kozen\u00ed a vrac\u00ed p\u0159irozen\u00fd lesk \u2013 p\u0159i\u010dem\u017e hydratuje a chr\u00e1n\u00ed poko\u017eku hlavy.<\/p>\n<ul data-start=\"1031\" data-end=\"1288\">\n<li data-start=\"1031\" data-end=\"1134\">\n<p data-start=\"1033\" data-end=\"1134\"><strong data-start=\"1033\" data-end=\"1063\">Zastavuje vypad\u00e1v\u00e1n\u00ed vlas\u016f a ple\u0161at\u011bn\u00ed:<\/strong> Posiluje ko\u0159eny, stimuluje folikuly a pom\u00e1h\u00e1 zabr\u00e1nit vypad\u00e1v\u00e1n\u00ed.<\/p>\n<\/li>\n<li data-start=\"1135\" data-end=\"1207\">\n<p data-start=\"1137\" data-end=\"1207\"><strong data-start=\"1137\" data-end=\"1162\">Oddaluje p\u0159ed\u010dasn\u00e9 \u0161ediv\u011bn\u00ed:<\/strong> P\u0159\u00edrodn\u011b udr\u017euje vlasy mladistv\u00e9 a \u017eiv\u00e9.<\/p>\n<\/li>\n<li data-start=\"1208\" data-end=\"1288\">\n<p data-start=\"1210\" data-end=\"1288\"><strong data-start=\"1210\" data-end=\"1236\">P\u0159id\u00e1v\u00e1 lesk a hebkost:<\/strong> Hydratuje such\u00e9, nudn\u00e9 vlasy a zlep\u0161uje ovladatelnost.<\/p>\n<\/li>\n<\/ul>\n<h3 data-start=\"1295\" data-end=\"1329\"> Z\u00e1\u0159iv\u00e1 poko\u017eka za\u010d\u00edn\u00e1 zde<\/h3>\n<p data-start=\"1331\" data-end=\"1549\">NAKAA Organick\u00fd kokosov\u00fd olej d\u011bl\u00e1 z\u00e1zraky se suchou, loupaj\u00edc\u00ed se nebo citlivou poko\u017ekou. Jeho bohat\u00e9 hydrata\u010dn\u00ed vlastnosti vytv\u00e1\u0159ej\u00ed ochrannou bari\u00e9ru proti ztr\u00e1t\u011b vlhkosti, d\u00edky \u010demu\u017e je poko\u017eka hlad\u0161\u00ed, pru\u017en\u011bj\u0161\u00ed a viditeln\u011b osv\u011b\u017een\u00e1.<\/p>\n<ul data-start=\"1551\" data-end=\"1796\">\n<li data-start=\"1551\" data-end=\"1631\">\n<p data-start=\"1553\" data-end=\"1631\"><strong data-start=\"1553\" data-end=\"1581\">Hlubok\u00e1 hydrata\u010dn\u00ed s\u00edla:<\/strong> Dopln\u00ed suchou poko\u017eku a udr\u017e\u00ed ji hedv\u00e1bn\u011b hladkou.<\/p>\n<\/li>\n<li data-start=\"1632\" data-end=\"1717\">\n<p data-start=\"1634\" data-end=\"1717\"><strong data-start=\"1634\" data-end=\"1658\">Protist\u00e1rnouc\u00ed v\u00fdhody:<\/strong> Bohat\u00fd na antioxidanty, kter\u00e9 bojuj\u00ed proti vr\u00e1vk\u00e1m a jemn\u00fdm link\u00e1m.<\/p>\n<\/li>\n<li data-start=\"1718\" data-end=\"1796\">\n<p data-start=\"1720\" data-end=\"1796\"><strong data-start=\"1720\" data-end=\"1743\">\u010cist\u0161\u00ed ple\u0165:<\/strong> Odstra\u0148uje ne\u010distoty a odum\u0159el\u00e9 bu\u0148ky pro zdrav\u00fd lesk.<\/p>\n<\/li>\n<\/ul>\n<h3 data-start=\"1803\" data-end=\"1832\"> Obracejte st\u00e1rnut\u00ed p\u0159\u00edrodn\u011b<\/h3>\n<p data-start=\"1834\" data-end=\"2033\">Bojujte proti zn\u00e1mk\u00e1m st\u00e1rnut\u00ed jedn\u00edm z nejsiln\u011bj\u0161\u00edch p\u0159\u00edrodn\u00edch olej\u016f. NAKAA Kokosov\u00fd olej pom\u00e1h\u00e1 redukovat jemn\u00e9 linky, nap\u00ednat ochablou poko\u017eku a o\u017eivovat nudnost \u2013 bez syntetick\u00fdch p\u0159\u00edsad nebo drsn\u00fdch chemik\u00e1li\u00ed.<\/p>\n<ul data-start=\"2035\" data-end=\"2240\">\n<li data-start=\"2035\" data-end=\"2095\">\n<p data-start=\"2037\" data-end=\"2095\"><strong data-start=\"2037\" data-end=\"2057\">Bojuje proti vr\u00e1vk\u00e1m:<\/strong> Vyhla\u010fuje poko\u017eku a zvy\u0161uje pevnost.<\/p>\n<\/li>\n<li data-start=\"2096\" data-end=\"2165\">\n<p data-start=\"2098\" data-end=\"2165\"><strong data-start=\"2098\" data-end=\"2117\">Rozjas\u0148uje t\u00f3n:<\/strong> Vyrovn\u00e1v\u00e1 poko\u017eku a vrac\u00ed mladistv\u00fd z\u00e1\u0159iv\u00fd vzhled.<\/p>\n<\/li>\n<li data-start=\"2166\" data-end=\"2240\">\n<p data-start=\"2168\" data-end=\"2240\"><strong data-start=\"2168\" data-end=\"2192\">Obnovuje pru\u017enost:<\/strong> Zlep\u0161uje funkci kolagenu a odolnost poko\u017eky.<\/p>\n<\/li>\n<\/ul>\n<h3 data-start=\"2247\" data-end=\"2288\"> Zvy\u0161te energii a wellness zevnit\u0159<\/h3>\n<p data-start=\"2290\" data-end=\"2519\">Za\u010dlen\u011bn\u00ed NAKAA Organick\u00e9ho kokosov\u00e9ho oleje do ka\u017edodenn\u00ed stravy m\u016f\u017ee zv\u00fd\u0161it va\u0161i energii, podpo\u0159it metabolismus a usnadnit tr\u00e1ven\u00ed. Tento zdrav\u00fd tuk poskytuje palivo pro t\u011blo a mozek, p\u0159i\u010dem\u017e pom\u00e1h\u00e1 s \u0159\u00edzen\u00edm hmotnosti a detoxikac\u00ed.<\/p>\n<ul data-start=\"2521\" data-end=\"2743\">\n<li data-start=\"2521\" data-end=\"2586\">\n<p data-start=\"2523\" data-end=\"2586\"><strong data-start=\"2523\" data-end=\"2550\">P\u0159\u00edrodn\u00ed podpora energie:<\/strong> Trval\u00e9 palivo pro t\u011blo a mysl.<\/p>\n<\/li>\n<li data-start=\"2587\" data-end=\"2665\">\n<p data-start=\"2589\" data-end=\"2665\"><strong data-start=\"2589\" data-end=\"2620\">Zlep\u0161uje tr\u00e1ven\u00ed a detox:<\/strong> Podporuje \u010dist\u00e9 st\u0159evo a obnovu bun\u011bk.<\/p>\n<\/li>\n<li data-start=\"2666\" data-end=\"2743\">\n<p data-start=\"2668\" data-end=\"2743\"><strong data-start=\"2668\" data-end=\"2695\">Rovnov\u00e1ha hmotnosti a cukru:<\/strong> Podporuje zdrav\u00fd metabolismus a hladiny gluk\u00f3zy.<\/p>\n<\/li>\n<\/ul>\n<h3 data-start=\"2750\" data-end=\"2794\"> Pro\u010d si vybrat NAKAA Organick\u00fd kokosov\u00fd olej?<\/h3>\n<ul data-start=\"2796\" data-end=\"3096\">\n<li data-start=\"2796\" data-end=\"2867\">\n<p data-start=\"2798\" data-end=\"2867\"><strong data-start=\"2800\" data-end=\"2831\">100% lisovan\u00fd za studena a organick\u00fd<\/strong> \u2013 Bez p\u0159\u00edsad a chemik\u00e1li\u00ed<\/p>\n<\/li>\n<li data-start=\"2868\" data-end=\"2938\">\n<p data-start=\"2870\" data-end=\"2938\"><strong data-start=\"2872\" data-end=\"2889\">V\u0161estrann\u00e9 pou\u017eit\u00ed<\/strong> \u2013 Ide\u00e1ln\u00ed pro vlasy, poko\u017eku, va\u0159en\u00ed nebo wellness<\/p>\n<\/li>\n<li data-start=\"2939\" data-end=\"3017\">\n<p data-start=\"2941\" data-end=\"3017\"><strong data-start=\"2943\" data-end=\"2975\">Rychle vst\u0159ebateln\u00fd, dlouhotrvaj\u00edc\u00ed<\/strong> \u2013 Hlubok\u00e9 vy\u017eiven\u00ed s viditeln\u00fdmi v\u00fdsledky<\/p>\n<\/li>\n<li data-start=\"3018\" data-end=\"3096\">\n<p data-start=\"3020\" data-end=\"3096\"><strong data-start=\"3022\" data-end=\"3047\">Ekologick\u00e9 zdroje<\/strong> \u2013 Udr\u017eiteln\u011b sklizen\u00e9 pro kvalitu a \u010distotu<\/p>\n<\/li>\n<\/ul>\n<h3 data-start=\"3415\" data-end=\"3457\"> Omlazujte p\u0159\u00edrodn\u011b \u2013 Na zp\u016fsob NAKAA<\/h3>\n<p data-start=\"3459\" data-end=\"3719\">Vyberte si NAKAA Organick\u00fd kokosov\u00fd olej pro svou ka\u017edodenn\u00ed rutinu kr\u00e1sy a wellness. A\u0165 u\u017e chcete revitalizovat vlasy, hydratovat poko\u017eku nebo p\u0159irozen\u011b zv\u00fd\u0161it energii, tento siln\u00fd olej to zvl\u00e1dne v\u0161e. P\u0159ijm\u011bte v\u00fdhody nejd\u016fv\u011bryhodn\u011bj\u0161\u00edho p\u0159\u00edrodn\u00edho prost\u0159edku.<\/p>\n<p data-start=\"3721\" data-end=\"3838\">\ud83d\udc49 <strong data-start=\"3724\" data-end=\"3768\">Objednejte si nyn\u00ed sv\u016fj NAKAA Organick\u00fd kokosov\u00fd olej<\/strong> a odemkn\u011bte zdravou poko\u017eku, siln\u00e9 vlasy a \u017eivou energii \u2013 p\u0159irozen\u011b!<\/p>\n<p style=\"text-align: center;\">D\u011bkujeme za n\u00e1kup v <em data-start=\"415\" data-end=\"431\"><a href=\"https:\/\/bazaar.express\/\">Bazaar Express<\/a><\/em> \u2013 jsme nad\u0161en\u00ed, \u017ee jste u n\u00e1s!<\/p>\n<p style=\"text-align: center;\">C\u00edt\u00edte s\u00edlu p\u0159\u00edrody \u2013 \u010dist\u00e9 <a href=\"\/?p=34484\">Terapeutick\u00e9 oleje<\/a> pro ka\u017edodenn\u00ed wellness.<\/p>\n","protected":false},"excerpt":{"rendered":"<h3 data-start=\"529\" data-end=\"761\">NAKAA Organick\u00fd kokosov\u00fd olej je \u010dist\u00fd, za studena lisovan\u00fd, v\u00edce\u00fa\u010delov\u00fd olej, kter\u00fd podporuje zdravou poko\u017eku, stimuluje r\u016fst vlas\u016f a p\u0159isp\u00edv\u00e1 k celkov\u00e9mu wellness. Bohat\u00fd na antioxidanty, mastn\u00e9 kyseliny a vitam\u00edny \u2013 ide\u00e1ln\u00ed pro p\u0159\u00edrodn\u00ed kr\u00e1su a energii.<\/h3>\n","protected":false},"featured_media":36518,"comment_status":"open","ping_status":"closed","template":"","meta":[],"product_brand":[],"product_cat":[787,927,786,788],"product_tag":[781,790,783,793,884],"class_list":{"0":"post-36516","1":"product","2":"type-product","3":"status-publish","4":"has-post-thumbnail","6":"product_cat-terapeuticke-oleje","7":"product_cat-nakaa-prirodni-oleje","8":"product_cat-pece-o-krasu","9":"product_cat-to-nejlepsi-z-egypta","10":"product_tag-olej","11":"product_tag-pece-o-krasu","12":"product_tag-pece-o-plet","13":"product_tag-prirodni-olej","14":"product_tag-zdrave","15":"pa_l-xl-1000ml","16":"pa_l-xl-500ml","18":"first","19":"instock","20":"sale","21":"shipping-taxable","22":"purchasable","23":"product-type-variable"},"_links":{"self":[{"href":"https:\/\/bazaar.express\/cs\/wp-json\/wp\/v2\/product\/36516","targetHints":{"allow":["GET"]}}],"collection":[{"href":"https:\/\/bazaar.express\/cs\/wp-json\/wp\/v2\/product"}],"about":[{"href":"https:\/\/bazaar.express\/cs\/wp-json\/wp\/v2\/types\/product"}],"replies":[{"embeddable":true,"href":"https:\/\/bazaar.express\/cs\/wp-json\/wp\/v2\/comments?post=36516"}],"wp:featuredmedia":[{"embeddable":true,"href":"https:\/\/bazaar.express\/cs\/wp-json\/wp\/v2\/media\/36518"}],"wp:attachment":[{"href":"https:\/\/bazaar.express\/cs\/wp-json\/wp\/v2\/media?parent=36516"}],"wp:term":[{"taxonomy":"product_brand","embeddable":true,"href":"https:\/\/bazaar.express\/cs\/wp-json\/wp\/v2\/product_brand?post=36516"},{"taxonomy":"product_cat","embeddable":true,"href":"https:\/\/bazaar.express\/cs\/wp-json\/wp\/v2\/product_cat?post=36516"},{"taxonomy":"product_tag","embeddable":true,"href":"https:\/\/bazaar.express\/cs\/wp-json\/wp\/v2\/product_tag?post=36516"}],"curies":[{"name":"wp","href":"https:\/\/api.w.org\/{rel}","templated":true}]}}