{"id":36537,"date":"2025-01-07T16:01:23","date_gmt":"2025-01-07T16:01:23","guid":{"rendered":"https:\/\/bazaar.express\/product\/prirodni-smes-vlasoveho-oleje\/"},"modified":"2025-01-07T16:01:23","modified_gmt":"2025-01-07T16:01:23","slug":"prirodni-smes-vlasoveho-oleje","status":"publish","type":"product","link":"https:\/\/bazaar.express\/cs\/produkt\/prirodni-smes-vlasoveho-oleje\/","title":{"rendered":"P\u0159\u00edrodn\u00ed sm\u011bs vlasov\u00e9ho oleje"},"content":{"rendered":"<h2 data-start=\"325\" data-end=\"418\">NAKAA sm\u011bs vlasov\u00e9ho oleje \u2013 Ultim\u00e1tn\u00ed egyptsk\u00e1 terapie pro siln\u00e9, leskl\u00e9 a zdrav\u00e9 vlasy<\/h2>\n<h3 data-start=\"420\" data-end=\"491\"> Siln\u00e1 botanick\u00e1 formule pro p\u0159irozen\u00e9 obnoven\u00ed a v\u00fd\u017eivu vlas\u016f<\/h3>\n<p data-start=\"493\" data-end=\"897\">Objevte tajemstv\u00ed z\u00e1\u0159iv\u00fdch, siln\u00fdch a zdrav\u00fdch vlas\u016f s <strong data-start=\"555\" data-end=\"579\">NAKAA sm\u011bs\u00ed vlasov\u00e9ho oleje<\/strong>, pr\u00e9miovou egyptskou sm\u011bs\u00ed vyrobenou z 100% za studena lisovan\u00fdch olej\u016f. Tato terapeutick\u00e1 formule kombinuje bohatstv\u00ed <strong data-start=\"693\" data-end=\"707\">mandlov\u00e9ho oleje<\/strong>, <strong data-start=\"709\" data-end=\"723\">jojobov\u00e9ho oleje<\/strong>, <strong data-start=\"725\" data-end=\"739\">ricinov\u00e9ho oleje<\/strong> a <strong data-start=\"745\" data-end=\"760\">rukolov\u00e9ho oleje<\/strong>, nab\u00edzej\u00edc\u00ed hlubokou l\u00e9\u010dbu, kter\u00e1 pronik\u00e1 poko\u017ekou hlavy, opravuje po\u0161kozen\u00ed, podporuje r\u016fst a eliminuje suchost \u2013 p\u0159irozen\u011b a efektivn\u011b.<\/p>\n<p data-start=\"899\" data-end=\"1216\">A\u0165 u\u017e se pot\u00fdk\u00e1te s \u0159\u00eddnut\u00edm vlas\u016f, l\u00e1mav\u00fdmi prameny nebo sv\u011bdivou poko\u017ekou hlavy, tato sm\u011bs oleje nab\u00edz\u00ed <strong data-start=\"1007\" data-end=\"1061\">p\u0159\u00edrodn\u00ed \u0159e\u0161en\u00ed zako\u0159en\u011bn\u00e9 v egyptsk\u00fdch kr\u00e1se rutinn\u00edch<\/strong>. Ide\u00e1ln\u00ed pro mu\u017ee i \u017eeny, tato sm\u011bs je bez chemik\u00e1li\u00ed, bezpe\u010dn\u00e1 pro citlivou poko\u017eku hlavy a pln\u00e1 \u017eivin, kter\u00e9 transformuj\u00ed vlasy od ko\u0159ene po konec.<\/p>\n<h3 data-start=\"1223\" data-end=\"1266\"> Kl\u00ed\u010dov\u00e9 v\u00fdhody NAKAA sm\u011bsi vlasov\u00e9ho oleje<\/h3>\n<h4 data-start=\"1268\" data-end=\"1309\"> Zastavuje vypad\u00e1v\u00e1n\u00ed vlas\u016f a podporuje r\u016fst<\/h4>\n<p data-start=\"1310\" data-end=\"1495\">Tento olej posiluje vlasov\u00e9 folikuly, sni\u017euje nadm\u011brn\u00e9 vypad\u00e1v\u00e1n\u00ed a stimuluje nov\u00fd r\u016fst. Jeho bohat\u00e1 na \u017eiviny formule postupn\u011b <strong data-start=\"1437\" data-end=\"1484\">zahu\u0161\u0165uje vlasy a podporuje p\u0159irozen\u00fd r\u016fst<\/strong>.<\/p>\n<h4 data-start=\"1497\" data-end=\"1541\"> Opravuje a posiluje po\u0161kozen\u00e9 vlasy<\/h4>\n<p data-start=\"1542\" data-end=\"1699\">Such\u00e9, teplem po\u0161kozen\u00e9 nebo chemicky o\u0161et\u0159en\u00e9 vlasy? Tento terapeutick\u00fd olej <strong data-start=\"1610\" data-end=\"1654\">obnovuje pru\u017enost, zabra\u0148uje roz\u0161t\u011bpen\u00fdm kone\u010dk\u016fm<\/strong> a posiluje prameny proti l\u00e1mavosti.<\/p>\n<h4 data-start=\"1701\" data-end=\"1748\"> Hluboce hydratuje pro leskl\u00fd fini\u0161<\/h4>\n<p data-start=\"1749\" data-end=\"1888\">\u0158ekn\u011bte sbohem nudn\u00fdm, kudrnat\u00fdm vlas\u016fm. Pravideln\u00fdm pou\u017eit\u00edm tato sm\u011bs dod\u00e1v\u00e1 <strong data-start=\"1821\" data-end=\"1839\">hlubokou hydrataci<\/strong>, d\u00edky \u010demu\u017e jsou vlasy hedv\u00e1bn\u00e9, leskl\u00e9 a snadno ovladateln\u00e9.<\/p>\n<h4 data-start=\"1890\" data-end=\"1939\"> Uklid\u0148uje suchou poko\u017eku hlavy a eliminuje lup\u00e9nku<\/h4>\n<p data-start=\"1940\" data-end=\"2097\">D\u00edky protiz\u00e1n\u011btliv\u00fdm a antimikrobi\u00e1ln\u00edm vlastnostem tento olej <strong data-start=\"2002\" data-end=\"2040\">hydratuje a vyva\u017euje poko\u017eku hlavy<\/strong>, poskytuje \u00falevu od loup\u00e1n\u00ed, sv\u011bd\u011bn\u00ed a podr\u00e1\u017ed\u011bn\u00ed.<\/p>\n<h3 data-start=\"2104\" data-end=\"2135\"> 100% p\u0159\u00edrodn\u00ed slo\u017eky<\/h3>\n<ul data-start=\"2137\" data-end=\"2619\">\n<li data-start=\"2137\" data-end=\"2261\">\n<p data-start=\"2139\" data-end=\"2261\"><strong data-start=\"2139\" data-end=\"2153\">Mandlov\u00fd olej<\/strong> \u2013 Bohat\u00fd na vitamin E a mastn\u00e9 kyseliny, kter\u00e9 hydratuj\u00ed a vy\u017eivuj\u00ed poko\u017eku hlavy a posiluj\u00ed vlasov\u00e9 prameny.<\/p>\n<\/li>\n<li data-start=\"2262\" data-end=\"2365\">\n<p data-start=\"2264\" data-end=\"2365\"><strong data-start=\"2264\" data-end=\"2278\">Jojobov\u00fd olej<\/strong> \u2013 Napodobuje p\u0159irozen\u00e9 oleje poko\u017eky hlavy, reguluje produkci mazu a udr\u017euje zdrav\u00ed poko\u017eky.<\/p>\n<\/li>\n<li data-start=\"2366\" data-end=\"2482\">\n<p data-start=\"2368\" data-end=\"2482\"><strong data-start=\"2368\" data-end=\"2382\">Ricinov\u00fd olej<\/strong> \u2013 osv\u011bd\u010den\u00fd prost\u0159edek k <strong data-start=\"2404\" data-end=\"2429\">stimulaci r\u016fstu vlas\u016f<\/strong>, boji proti \u0159\u00eddnut\u00ed vlas\u016f a ochran\u011b proti l\u00e1mavosti.<\/p>\n<\/li>\n<li data-start=\"2483\" data-end=\"2619\">\n<p data-start=\"2485\" data-end=\"2619\"><strong data-start=\"2485\" data-end=\"2508\">Rukolov\u00fd (Eruca) olej<\/strong> \u2013 M\u00e9n\u011b zn\u00e1m\u00fd, ale siln\u00fd egyptsk\u00fd prost\u0159edek, kter\u00fd poskytuje <strong data-start=\"2569\" data-end=\"2585\">antioxidanty<\/strong> a posiluje vlasy u ko\u0159ene.<\/p>\n<\/li>\n<\/ul>\n<h3 data-start=\"2626\" data-end=\"2665\"> Pro\u010d si vybrat NAKAA sm\u011bs vlasov\u00e9ho oleje?<\/h3>\n<ul data-start=\"2667\" data-end=\"3021\">\n<li data-start=\"2667\" data-end=\"2732\">\n<p data-start=\"2669\" data-end=\"2732\"><strong data-start=\"2671\" data-end=\"2688\">Vyrobeno v Egypt\u011b<\/strong> \u2013 Zako\u0159en\u011bno v autentick\u00e9 egyptsk\u00e9 bylinn\u00e9 p\u00e9\u010di.<\/p>\n<\/li>\n<li data-start=\"2733\" data-end=\"2800\">\n<p data-start=\"2735\" data-end=\"2800\"><strong data-start=\"2737\" data-end=\"2763\">Za studena lisovan\u00e9 a organick\u00e9<\/strong> \u2013 Bez p\u0159\u00edsad a chemik\u00e1li\u00ed.<\/p>\n<\/li>\n<li data-start=\"2801\" data-end=\"2868\">\n<p data-start=\"2803\" data-end=\"2868\"><strong data-start=\"2805\" data-end=\"2824\">Pro mu\u017ee i \u017eeny<\/strong> \u2013 Vhodn\u00e9 pro v\u0161echny typy vlas\u016f a probl\u00e9my.<\/p>\n<\/li>\n<li data-start=\"2869\" data-end=\"2938\">\n<p data-start=\"2871\" data-end=\"2938\"><strong data-start=\"2873\" data-end=\"2892\">Terapeutick\u00e9 pou\u017eit\u00ed<\/strong> \u2013 V\u00edce ne\u017e kosmetika \u2013 l\u00e9\u010d\u00ed a obnovuje.<\/p>\n<\/li>\n<li data-start=\"2939\" data-end=\"3021\">\n<p data-start=\"2941\" data-end=\"3021\"><strong data-start=\"2943\" data-end=\"2963\">Multifunk\u010dn\u00ed<\/strong> \u2013 Ide\u00e1ln\u00ed pro vypad\u00e1v\u00e1n\u00ed vlas\u016f, p\u00e9\u010di o poko\u017eku hlavy a intenzivn\u00ed hydrataci.<\/p>\n<\/li>\n<\/ul>\n<h3 data-start=\"3028\" data-end=\"3045\"> Jak pou\u017e\u00edvat<\/h3>\n<p data-start=\"3047\" data-end=\"3272\">Naneste n\u011bkolik kapek p\u0159\u00edmo na poko\u017eku hlavy a vlasy. Jemn\u011b mas\u00edrujte pro zlep\u0161en\u00ed krevn\u00edho ob\u011bhu a zaji\u0161t\u011bn\u00ed vst\u0159eb\u00e1v\u00e1n\u00ed. Nechte p\u016fsobit <strong data-start=\"3173\" data-end=\"3201\">n\u011bkolik hodin nebo p\u0159es noc<\/strong>, pot\u00e9 umyjte jemn\u00fdm \u0161amponem. Pou\u017e\u00edvejte 2\u20133kr\u00e1t t\u00fddn\u011b pro nejlep\u0161\u00ed v\u00fdsledky.<\/p>\n<h3 data-start=\"3591\" data-end=\"3609\"> Z\u00e1v\u011bre\u010dn\u00e1 slova<\/h3>\n<p data-start=\"3611\" data-end=\"3886\">Vylep\u0161ete svou p\u00e9\u010di o vlasy s <strong data-start=\"3644\" data-end=\"3668\">NAKAA sm\u011bs\u00ed vlasov\u00e9ho oleje<\/strong> \u2013 terapeutick\u00e1 s\u00edla p\u0159\u00edrody, balen\u00e1 pro kr\u00e1su. A\u0165 u\u017e bojujete s vypad\u00e1v\u00e1n\u00edm vlas\u016f, suchost\u00ed nebo hled\u00e1te bohat\u0161\u00ed, pln\u011bj\u0161\u00ed vlasovou zku\u0161enost, tento olej je <strong data-start=\"3836\" data-end=\"3859\">va\u0161\u00edm ide\u00e1ln\u00edm \u0159e\u0161en\u00edm<\/strong> pro dlouhodob\u00e9 zdrav\u00ed vlas\u016f.<\/p>\n<p data-start=\"3888\" data-end=\"3954\">\ud83d\udc49 <strong data-start=\"3891\" data-end=\"3954\">Vyzkou\u0161ejte ho dnes a dop\u0159ejte sv\u00fdm vlas\u016fm p\u00e9\u010di, kterou si skute\u010dn\u011b zaslou\u017e\u00ed.<\/strong><\/p>\n<p style=\"text-align: center;\">D\u011bkujeme za n\u00e1kup v <em data-start=\"415\" data-end=\"431\"><a href=\"https:\/\/bazaar.express\/\">Bazaar Express<\/a><\/em> \u2013 jsme nad\u0161en\u00ed, \u017ee jste u n\u00e1s!<\/p>\n<p style=\"text-align: center;\">C\u00edt\u00edte s\u00edlu p\u0159\u00edrody \u2014 \u010dist\u00e9 <a href=\"\/?p=34484\">terapeutick\u00e9 oleje<\/a> pro ka\u017edodenn\u00ed wellness.<\/p>\n","protected":false},"excerpt":{"rendered":"<h3 data-start=\"419\" data-end=\"657\">NAKAA sm\u011bs vlasov\u00e9ho oleje je 100% p\u0159\u00edrodn\u00ed egyptsk\u00e1 formule kombinuj\u00edc\u00ed mandlov\u00fd, jojobov\u00fd, ricinov\u00fd a rukolov\u00fd olej pro pos\u00edlen\u00ed ko\u0159en\u016f, sn\u00ed\u017een\u00ed vypad\u00e1v\u00e1n\u00ed vlas\u016f, v\u00fd\u017eivu poko\u017eky hlavy a m\u011bkk\u00e9, leskl\u00e9 a zdrav\u00e9 vlasy. Vhodn\u00e9 pro mu\u017ee i \u017eeny.<\/h3>\n","protected":false},"featured_media":36539,"comment_status":"open","ping_status":"closed","template":"","meta":[],"product_brand":[],"product_cat":[787,927,786,788],"product_tag":[781,790,783,793],"class_list":{"0":"post-36537","1":"product","2":"type-product","3":"status-publish","4":"has-post-thumbnail","6":"product_cat-terapeuticke-oleje","7":"product_cat-nakaa-prirodni-oleje","8":"product_cat-pece-o-krasu","9":"product_cat-to-nejlepsi-z-egypta","10":"product_tag-olej","11":"product_tag-pece-o-krasu","12":"product_tag-pece-o-plet","13":"product_tag-prirodni-olej","14":"pa_l-xl-300ml","16":"first","17":"instock","18":"sale","19":"shipping-taxable","20":"purchasable","21":"product-type-simple"},"_links":{"self":[{"href":"https:\/\/bazaar.express\/cs\/wp-json\/wp\/v2\/product\/36537","targetHints":{"allow":["GET"]}}],"collection":[{"href":"https:\/\/bazaar.express\/cs\/wp-json\/wp\/v2\/product"}],"about":[{"href":"https:\/\/bazaar.express\/cs\/wp-json\/wp\/v2\/types\/product"}],"replies":[{"embeddable":true,"href":"https:\/\/bazaar.express\/cs\/wp-json\/wp\/v2\/comments?post=36537"}],"wp:featuredmedia":[{"embeddable":true,"href":"https:\/\/bazaar.express\/cs\/wp-json\/wp\/v2\/media\/36539"}],"wp:attachment":[{"href":"https:\/\/bazaar.express\/cs\/wp-json\/wp\/v2\/media?parent=36537"}],"wp:term":[{"taxonomy":"product_brand","embeddable":true,"href":"https:\/\/bazaar.express\/cs\/wp-json\/wp\/v2\/product_brand?post=36537"},{"taxonomy":"product_cat","embeddable":true,"href":"https:\/\/bazaar.express\/cs\/wp-json\/wp\/v2\/product_cat?post=36537"},{"taxonomy":"product_tag","embeddable":true,"href":"https:\/\/bazaar.express\/cs\/wp-json\/wp\/v2\/product_tag?post=36537"}],"curies":[{"name":"wp","href":"https:\/\/api.w.org\/{rel}","templated":true}]}}