{"id":36540,"date":"2025-01-07T17:54:22","date_gmt":"2025-01-07T17:54:22","guid":{"rendered":"https:\/\/bazaar.express\/product\/organicka-smes-oleje-na-vlasy\/"},"modified":"2025-01-07T17:54:22","modified_gmt":"2025-01-07T17:54:22","slug":"organicka-smes-oleje-na-vlasy","status":"publish","type":"product","link":"https:\/\/bazaar.express\/cs\/produkt\/organicka-smes-oleje-na-vlasy\/","title":{"rendered":"Organick\u00e1 sm\u011bs oleje na vlasy"},"content":{"rendered":"<h2 data-start=\"268\" data-end=\"346\">El-Baraka sm\u011bs oleje na vlasy \u2013 Opravte, posilte a vy\u017eivte sv\u00e9 vlasy p\u0159irozen\u011b<\/h2>\n<h3 data-start=\"348\" data-end=\"408\">Obnovte zdrav\u00ed a kr\u00e1su sv\u00fdch vlas\u016f s ka\u017edou kapkou<\/h3>\n<p data-start=\"410\" data-end=\"774\">Sm\u011bs oleje na vlasy El-Baraka je siln\u00e9, pln\u011b p\u0159\u00edrodn\u00ed \u0159e\u0161en\u00ed navr\u017een\u00e9 k o\u017eiven\u00ed matn\u00fdch, such\u00fdch a po\u0161kozen\u00fdch vlas\u016f. A\u0165 se jedn\u00e1 o vypad\u00e1v\u00e1n\u00ed vlas\u016f, l\u00e1m\u00e1n\u00ed, roz\u0161t\u011bpen\u00e9 kone\u010dky nebo lup\u00e9nkovitou poko\u017eku hlavy, tato terapeutick\u00e1 formule kombinuje s\u00edlu nejlep\u0161\u00edch egyptsk\u00fdch olej\u016f \u2013 100% studen\u011b lisovan\u00fdch mandlov\u00fdch, jojobov\u00fdch, ricinov\u00fdch a rukolov\u00fdch olej\u016f \u2013 pro hlubokou v\u00fd\u017eivu a skute\u010dn\u00e9, viditeln\u00e9 v\u00fdsledky.<\/p>\n<h3 data-start=\"781\" data-end=\"815\">\u00a0\u0158e\u0161\u00ed lup\u00e9nku a suchou poko\u017eku hlavy<\/h3>\n<p data-start=\"817\" data-end=\"1076\">Lup\u00e9nkov\u00e1 poko\u017eka hlavy a lup\u00e9nka mohou b\u00fdt frustruj\u00edc\u00ed a trapn\u00e9. Bohat\u00e1 sm\u011bs El-Baraka uklid\u0148uje podr\u00e1\u017ed\u011bn\u00ed poko\u017eky hlavy a hluboce hydratuje, aby sn\u00ed\u017eila sv\u011bd\u011bn\u00ed, zarudnut\u00ed a viditeln\u00e9 lup\u00e9nky. Pravideln\u00fdm pou\u017e\u00edv\u00e1n\u00edm si u\u017eijete \u010dist\u0161\u00ed, zdrav\u011bj\u0161\u00ed poko\u017eku hlavy a dlouhotrvaj\u00edc\u00ed pohodl\u00ed.<\/p>\n<h3 data-start=\"1083\" data-end=\"1112\">\u00a0Zv\u00fd\u0161\u00ed lesk a hebkost<\/h3>\n<p data-start=\"1114\" data-end=\"1397\">Pokud va\u0161e vlasy vypadaj\u00ed matn\u011b nebo se c\u00edt\u00ed drsn\u00e9, sm\u011bs oleje na vlasy El-Baraka dod\u00e1 okam\u017eitou vitalitu. Tento olej pronik\u00e1 do ka\u017ed\u00e9ho vl\u00e1kna, \u010din\u00ed vlasy hlad\u0161\u00edmi, lesklej\u0161\u00edmi a snadn\u011bji ovladateln\u00fdmi. A\u0165 jsou va\u0161e vlasy kudrnat\u00e9, rovn\u00e9 nebo vlnit\u00e9, obnovuje p\u0159irozen\u00fd lesk a hebkost od ko\u0159ene a\u017e po kone\u010dky.<\/p>\n<h3 data-start=\"1404\" data-end=\"1440\">\u00a0Zabr\u00e1n\u00ed roz\u0161t\u011bpen\u00fdm kone\u010dk\u016fm a l\u00e1m\u00e1n\u00ed<\/h3>\n<p data-start=\"1442\" data-end=\"1702\">Roz\u0161t\u011bpen\u00e9 kone\u010dky a l\u00e1m\u00e1n\u00ed zt\u011b\u017euj\u00ed r\u016fst del\u0161\u00edch, pln\u011bj\u0161\u00edch vlas\u016f. El-Baraka hluboce vy\u017eivuje, uzav\u00edr\u00e1 vlhkost do ka\u017ed\u00e9ho vl\u00e1kna, aby zabr\u00e1nil \u0161t\u011bpen\u00ed a po\u0161kozen\u00ed vlas\u016f. V\u00fdsledek? Zdrav\u011bj\u0161\u00ed, del\u0161\u00ed, odoln\u011bj\u0161\u00ed vlasy, kter\u00e9 m\u00e9n\u011b vypad\u00e1vaj\u00ed a \u0159\u00eddnou.<\/p>\n<h3 data-start=\"1709\" data-end=\"1731\">\u00a0Kl\u00ed\u010dov\u00e9 slo\u017eky<\/h3>\n<ul data-start=\"1733\" data-end=\"2164\">\n<li data-start=\"1733\" data-end=\"1841\">\n<p data-start=\"1735\" data-end=\"1841\"><strong data-start=\"1735\" data-end=\"1768\">100% studen\u011b lisovan\u00fd mandlov\u00fd olej:<\/strong> Bohat\u00fd na vitamin E a mastn\u00e9 kyseliny pro zvlh\u010den\u00ed a ochranu ka\u017ed\u00e9ho vl\u00e1kna.<\/p>\n<\/li>\n<li data-start=\"1842\" data-end=\"1950\">\n<p data-start=\"1844\" data-end=\"1950\"><strong data-start=\"1844\" data-end=\"1877\">100% studen\u011b lisovan\u00fd jojobov\u00fd olej:<\/strong> Napodobuje p\u0159irozen\u00e9 oleje poko\u017eky hlavy k vyrovn\u00e1n\u00ed hladiny vlhkosti a sn\u00ed\u017een\u00ed suchosti.<\/p>\n<\/li>\n<li data-start=\"1951\" data-end=\"2049\">\n<p data-start=\"1953\" data-end=\"2049\"><strong data-start=\"1953\" data-end=\"1968\">Ricinov\u00fd olej:<\/strong> Zn\u00e1m\u00fd posilova\u010d r\u016fstu a hustoty vlas\u016f, zabra\u0148uje \u0159\u00eddnut\u00ed a l\u00e1m\u00e1n\u00ed.<\/p>\n<\/li>\n<li data-start=\"2050\" data-end=\"2164\">\n<p data-start=\"2052\" data-end=\"2164\"><strong data-start=\"2052\" data-end=\"2068\">Rukolov\u00fd olej:<\/strong> Pln\u00fd antioxidant\u016f k ochran\u011b p\u0159ed environment\u00e1ln\u00edm po\u0161kozen\u00edm a pos\u00edlen\u00ed struktury vlas\u016f.<\/p>\n<\/li>\n<\/ul>\n<h3 data-start=\"2171\" data-end=\"2211\">Pro\u010d si vybrat sm\u011bs oleje na vlasy El-Baraka?<\/h3>\n<ul data-start=\"2213\" data-end=\"2592\">\n<li data-start=\"2213\" data-end=\"2339\">\n<p data-start=\"2215\" data-end=\"2339\"><strong data-start=\"2215\" data-end=\"2245\">\u2714 Organick\u00fd a bez chemie:<\/strong> Vyrobeno z 100% studen\u011b lisovan\u00fdch p\u0159\u00edrodn\u00edch olej\u016f bez paraben\u016f, sulf\u00e1t\u016f nebo syntetick\u00fdch v\u016fn\u00ed.<\/p>\n<\/li>\n<li data-start=\"2340\" data-end=\"2459\">\n<p data-start=\"2342\" data-end=\"2459\"><strong data-start=\"2342\" data-end=\"2365\">\u2714 Terapeutick\u00e1 p\u00e9\u010de:<\/strong> V\u00edce ne\u017e kosmetika \u2013 El-Baraka nab\u00edz\u00ed hojen\u00ed poko\u017eky hlavy a pos\u00edlen\u00ed vlas\u016f zevnit\u0159.<\/p>\n<\/li>\n<li data-start=\"2460\" data-end=\"2592\">\n<p data-start=\"2462\" data-end=\"2592\"><strong data-start=\"2462\" data-end=\"2492\">\u2714 Unisex a pro v\u0161echny typy vlas\u016f:<\/strong> Ide\u00e1ln\u00ed pro mu\u017ee i \u017eeny s jakoukoli texturou nebo probl\u00e9mem vlas\u016f, od kudrnat\u00fdch po rovn\u00e9, such\u00e9 po mastn\u00e9.<\/p>\n<\/li>\n<\/ul>\n<h3 data-start=\"2599\" data-end=\"2613\">Jak pou\u017e\u00edvat<\/h3>\n<p data-start=\"2615\" data-end=\"2928\">Aplikujte n\u011bkolik kapek sm\u011bsi oleje na vlasy El-Baraka p\u0159\u00edmo na poko\u017eku hlavy a jemn\u011b mas\u00edrujte. Rozlo\u017ete olej pod\u00e9l d\u00e9lek vlas\u016f, zejm\u00e9na na kone\u010dky. Nechte p\u016fsobit nejm\u00e9n\u011b 2 hodiny nebo p\u0159es noc pro intenzivn\u00ed l\u00e9\u010dbu. Vymyjte obl\u00edben\u00fdm p\u0159\u00edrodn\u00edm \u0161amponem. Pou\u017e\u00edvejte 2\u20133kr\u00e1t t\u00fddn\u011b pro nejlep\u0161\u00ed v\u00fdsledky.<\/p>\n<h3 data-start=\"3348\" data-end=\"3402\">Va\u0161e vlasy si zaslou\u017e\u00ed lep\u0161\u00ed \u2013 Vyberte si El-Baraka je\u0161t\u011b dnes<\/h3>\n<p data-start=\"3404\" data-end=\"3718\">Pov\u00fd\u0161te p\u00e9\u010di o vlasy se sm\u011bs\u00ed oleje na vlasy El-Baraka \u2013 luxusn\u00edm, ale p\u0159irozen\u00fdm \u0159e\u0161en\u00edm d\u016fv\u011b\u0159ovan\u00fdm mu\u017ei a \u017eenami, kte\u0159\u00ed pe\u010duj\u00ed o zdrav\u00ed sv\u00fdch vlas\u016f. A\u0165 bojuje proti suchosti, vypad\u00e1v\u00e1n\u00ed vlas\u016f nebo jen chcete, aby va\u0161e vlasy vypadaly co nejl\u00e9pe, El-Baraka dod\u00e1v\u00e1 v\u00fd\u017eivu, kterou c\u00edt\u00edte, a v\u00fdsledky, kter\u00e9 vid\u00edte.<\/p>\n<p data-start=\"3720\" data-end=\"3824\"><strong data-start=\"3720\" data-end=\"3824\">Zdrav\u00e9, kr\u00e1sn\u00e9 vlasy za\u010d\u00ednaj\u00ed spr\u00e1vn\u00fdm olejem. Vyberte si p\u0159irozenou volbu \u2013 Sm\u011bs oleje na vlasy El-Baraka.<\/strong><\/p>\n<p style=\"text-align: center;\">D\u011bkujeme za n\u00e1kup v <em data-start=\"415\" data-end=\"431\"><a href=\"https:\/\/bazaar.express\/\">Bazaar Express<\/a><\/em> \u2013 jsme nad\u0161en\u00ed, \u017ee jste u n\u00e1s!<\/p>\n<p style=\"text-align: center;\">C\u00edt\u00edte s\u00edlu p\u0159\u00edrody \u2013 \u010dist\u00e9 <a href=\"\/?p=34484\">terapeutick\u00e9 oleje<\/a> pro ka\u017edodenn\u00ed wellness.<\/p>\n","protected":false},"excerpt":{"rendered":"<h3>Sm\u011bs oleje na vlasy El-Baraka je 100% p\u0159\u00edrodn\u00ed formule vyroben\u00e1 ze studen\u011b lisovan\u00fdch mandlov\u00fdch, jojobov\u00fdch, ricinov\u00fdch a rukolov\u00fdch olej\u016f. Vy\u017eivuje poko\u017eku hlavy, sni\u017euje lup\u00e9nku, posiluje ko\u0159eny vlas\u016f, opravuje roz\u0161t\u011bpen\u00e9 kone\u010dky a zvy\u0161uje lesk. Vhodn\u00e9 pro v\u0161echny typy vlas\u016f a pro mu\u017ee i \u017eeny.<\/h3>\n","protected":false},"featured_media":36542,"comment_status":"open","ping_status":"closed","template":"","meta":[],"product_brand":[],"product_cat":[787,786,925,789],"product_tag":[781,790,783,793],"class_list":{"0":"post-36540","1":"product","2":"type-product","3":"status-publish","4":"has-post-thumbnail","6":"product_cat-terapeuticke-oleje","7":"product_cat-pece-o-krasu","8":"product_cat-prirodni-oleje-el-baraka","9":"product_cat-horke-nabidky","10":"product_tag-olej","11":"product_tag-pece-o-krasu","12":"product_tag-pece-o-plet","13":"product_tag-prirodni-olej","14":"pa_l-xl-300ml","16":"first","17":"instock","18":"sale","19":"shipping-taxable","20":"purchasable","21":"product-type-simple"},"_links":{"self":[{"href":"https:\/\/bazaar.express\/cs\/wp-json\/wp\/v2\/product\/36540","targetHints":{"allow":["GET"]}}],"collection":[{"href":"https:\/\/bazaar.express\/cs\/wp-json\/wp\/v2\/product"}],"about":[{"href":"https:\/\/bazaar.express\/cs\/wp-json\/wp\/v2\/types\/product"}],"replies":[{"embeddable":true,"href":"https:\/\/bazaar.express\/cs\/wp-json\/wp\/v2\/comments?post=36540"}],"wp:featuredmedia":[{"embeddable":true,"href":"https:\/\/bazaar.express\/cs\/wp-json\/wp\/v2\/media\/36542"}],"wp:attachment":[{"href":"https:\/\/bazaar.express\/cs\/wp-json\/wp\/v2\/media?parent=36540"}],"wp:term":[{"taxonomy":"product_brand","embeddable":true,"href":"https:\/\/bazaar.express\/cs\/wp-json\/wp\/v2\/product_brand?post=36540"},{"taxonomy":"product_cat","embeddable":true,"href":"https:\/\/bazaar.express\/cs\/wp-json\/wp\/v2\/product_cat?post=36540"},{"taxonomy":"product_tag","embeddable":true,"href":"https:\/\/bazaar.express\/cs\/wp-json\/wp\/v2\/product_tag?post=36540"}],"curies":[{"name":"wp","href":"https:\/\/api.w.org\/{rel}","templated":true}]}}