{"id":36568,"date":"2025-01-05T17:34:06","date_gmt":"2025-01-05T17:34:06","guid":{"rendered":"https:\/\/bazaar.express\/product\/prirodni-sezamovy-olej\/"},"modified":"2025-01-05T17:34:06","modified_gmt":"2025-01-05T17:34:06","slug":"prirodni-sezamovy-olej","status":"publish","type":"product","link":"https:\/\/bazaar.express\/cs\/produkt\/prirodni-sezamovy-olej\/","title":{"rendered":"P\u0159\u00edrodn\u00ed sezamov\u00fd olej"},"content":{"rendered":"<h2 data-start=\"0\" data-end=\"85\">P\u0159\u00edrodn\u00ed sezamov\u00fd olej \u2013 NAKAA | Kvalitn\u00ed \u0159e\u0161en\u00ed pro zdrav\u00ed, poko\u017eku a vlasy<\/h2>\n<h3 data-start=\"87\" data-end=\"137\">Objevte p\u0159\u00edrodn\u00ed s\u00edlu sezamov\u00e9ho oleje NAKAA<\/h3>\n<p data-start=\"139\" data-end=\"602\">Dop\u0159ejte si to nejlep\u0161\u00ed z p\u0159\u00edrody s <strong data-start=\"171\" data-end=\"199\">p\u0159\u00edrodn\u00edm sezamov\u00fdm olejem NAKAA<\/strong>, 100% \u010dist\u00fdm olejem lisovan\u00fdm za studena, nabit\u00fdm \u017eivinami, kter\u00e9 va\u0161e t\u011blo tou\u017e\u00ed. A\u0165 u\u017e usilujete o zdrav\u011bj\u0161\u00ed kosti, z\u00e1\u0159ivou poko\u017eku nebo siln\u011bj\u0161\u00ed vlasy, tento univerz\u00e1ln\u00ed olej je va\u0161\u00edm ide\u00e1ln\u00edm spojencem pro ka\u017edodenn\u00ed wellness a p\u0159\u00edrodn\u00ed p\u00e9\u010di o kr\u00e1su. Vyt\u011b\u017een\u00fd z nejlep\u0161\u00edch sezamov\u00fdch semen, NAKAA v\u00e1m p\u0159in\u00e1\u0161\u00ed produkt bez p\u0159\u00edsad, bohat\u00fd na tradici a pln\u00fd v\u011bdecky podlo\u017een\u00fdch benefit\u016f.<\/p>\n<h3 data-start=\"609\" data-end=\"652\"> Pro\u010d si vybrat p\u0159\u00edrodn\u00ed sezamov\u00fd olej NAKAA?<\/h3>\n<p data-start=\"654\" data-end=\"756\">P\u0159\u00edrodn\u00ed sezamov\u00fd olej NAKAA vynik\u00e1 sv\u00fdm <strong data-start=\"701\" data-end=\"744\">siln\u00fdm sm\u011bs\u00ed vitam\u00edn\u016f a miner\u00e1l\u016f<\/strong>, v\u010detn\u011b:<\/p>\n<ul data-start=\"758\" data-end=\"943\">\n<li data-start=\"758\" data-end=\"800\">\n<p data-start=\"760\" data-end=\"800\">Vitam\u00edny: A, B-komplex, C, D, E a K<\/p>\n<\/li>\n<li data-start=\"801\" data-end=\"861\">\n<p data-start=\"803\" data-end=\"861\">Miner\u00e1ly: V\u00e1pn\u00edk, Ho\u0159\u010d\u00edk, \u017delezo, Zinek a Fosfor<\/p>\n<\/li>\n<li data-start=\"862\" data-end=\"943\">\n<p data-start=\"864\" data-end=\"943\">Esenci\u00e1ln\u00ed mastn\u00e9 kyseliny: Omega-3, Omega-6 a dal\u0161\u00ed d\u016fle\u017eit\u00e9 pro bun\u011b\u010dn\u00e9 zdrav\u00ed<\/p>\n<\/li>\n<\/ul>\n<p data-start=\"945\" data-end=\"1109\">Toto bohat\u00e9 slo\u017een\u00ed \u010din\u00ed NAKAA <strong data-start=\"981\" data-end=\"1015\">p\u0159\u00edrodn\u00ed antioxidantovou silou<\/strong>, podporuje celkov\u00e9 zdrav\u00ed, posiluje imunitu a napom\u00e1h\u00e1 mladistv\u00e9 poko\u017ece a siln\u00fdm kostem.<\/p>\n<h3 data-start=\"1116\" data-end=\"1160\"> P\u0159irozen\u011b posiluje kosti a zuby<\/h3>\n<p data-start=\"1162\" data-end=\"1298\">Sezamov\u00fd olej NAKAA je <strong data-start=\"1182\" data-end=\"1211\">p\u0159\u00edrodn\u00ed posilova\u010d v\u00e1pn\u00edku<\/strong>, podporuje siln\u011bj\u0161\u00ed kosti a zdrav\u00ed zub\u016f. Pravideln\u00e1 konzumace (1 l\u017e\u00edce denn\u011b) pom\u00e1h\u00e1:<\/p>\n<ul data-start=\"1300\" data-end=\"1443\">\n<li data-start=\"1300\" data-end=\"1338\">\n<p data-start=\"1302\" data-end=\"1338\">Bojovat proti osteopor\u00f3ze a bolestem kloub\u016f<\/p>\n<\/li>\n<li data-start=\"1339\" data-end=\"1382\">\n<p data-start=\"1341\" data-end=\"1382\">Zrychlit hojen\u00ed kost\u00ed po zlomenin\u00e1ch<\/p>\n<\/li>\n<li data-start=\"1383\" data-end=\"1443\">\n<p data-start=\"1385\" data-end=\"1443\">Podporovat r\u016fst kost\u00ed u d\u011bt\u00ed a hustotu kost\u00ed u senior\u016f<\/p>\n<\/li>\n<\/ul>\n<p data-start=\"1445\" data-end=\"1490\">Ide\u00e1ln\u00ed dopln\u011bk pro ka\u017edou f\u00e1zi \u017eivota!<\/p>\n<h3 data-start=\"1497\" data-end=\"1524\"> Zlep\u0161uje zdrav\u00ed \u00fastn\u00ed dutiny<\/h3>\n<p data-start=\"1526\" data-end=\"1598\">\u0158ekn\u011bte sbohem probl\u00e9m\u016fm s d\u00e1sn\u011bmi! Sezamov\u00fd olej NAKAA je tradi\u010dn\u00ed l\u00e9k na:<\/p>\n<ul data-start=\"1600\" data-end=\"1741\">\n<li data-start=\"1600\" data-end=\"1642\">\n<p data-start=\"1602\" data-end=\"1642\">Sn\u00ed\u017een\u00ed z\u00e1n\u011btu d\u00e1sn\u00ed (gingivitida)<\/p>\n<\/li>\n<li data-start=\"1643\" data-end=\"1693\">\n<p data-start=\"1645\" data-end=\"1693\">Boj proti infekc\u00edm v \u00fastech a zlep\u0161en\u00ed dechu<\/p>\n<\/li>\n<li data-start=\"1694\" data-end=\"1741\">\n<p data-start=\"1696\" data-end=\"1741\">Klokt\u00e1n\u00ed olejem pro detoxikaci a ochranu zub\u016f<\/p>\n<\/li>\n<\/ul>\n<p data-start=\"1743\" data-end=\"1835\">Klokt\u00e1n\u00ed sezamov\u00fdm olejem m\u016f\u017ee b\u00fdt jednoduch\u00fd a efektivn\u00ed zp\u016fsob, jak zlep\u0161it celkovou hygienu \u00fastn\u00ed dutiny.<\/p>\n<h3 data-start=\"1842\" data-end=\"1874\"> P\u0159irozen\u011b omlazuje poko\u017eku<\/h3>\n<p data-start=\"1876\" data-end=\"1963\">Protiz\u00e1n\u011btliv\u00e9 a antimikrobi\u00e1ln\u00ed vlastnosti NAKAA z n\u011bj \u010din\u00ed <strong data-start=\"1939\" data-end=\"1962\">obl\u00edben\u00fd prost\u0159edek na p\u00e9\u010di o poko\u017eku<\/strong>:<\/p>\n<ul data-start=\"1965\" data-end=\"2163\">\n<li data-start=\"1965\" data-end=\"2009\">\n<p data-start=\"1967\" data-end=\"2009\">L\u00e9\u010d\u00ed suchou, podr\u00e1\u017ed\u011bnou nebo citlivou poko\u017eku<\/p>\n<\/li>\n<li data-start=\"2010\" data-end=\"2053\">\n<p data-start=\"2012\" data-end=\"2053\">Uklid\u0148uje pop\u00e1leniny, trhliny a z\u00e1n\u011bty<\/p>\n<\/li>\n<li data-start=\"2054\" data-end=\"2108\">\n<p data-start=\"2056\" data-end=\"2108\">Pom\u00e1h\u00e1 p\u0159i hojen\u00ed ran a obnov\u011b vlhkosti poko\u017eky<\/p>\n<\/li>\n<li data-start=\"2109\" data-end=\"2163\">\n<p data-start=\"2111\" data-end=\"2163\">Bezpe\u010dn\u00fd pro k\u016f\u017ei d\u011bt\u00ed a dostate\u010dn\u011b jemn\u00fd pro denn\u00ed pou\u017eit\u00ed<\/p>\n<\/li>\n<\/ul>\n<p data-start=\"2165\" data-end=\"2231\">Pou\u017e\u00edvejte ho p\u0159\u00edmo nebo ho sm\u00edchejte s mas\u00e1\u017en\u00edm olejem pro sametov\u011b hladkou poko\u017eku.<\/p>\n<h3 data-start=\"2238\" data-end=\"2277\"> Vy\u017eivuje vlasy a podporuje r\u016fst<\/h3>\n<p data-start=\"2279\" data-end=\"2344\">O\u017eivte svou poko\u017eku hlavy <strong data-start=\"2302\" data-end=\"2339\">hloubkov\u011b pronikaj\u00edc\u00edm sezamov\u00fdm olejem NAKAA<\/strong>. On:<\/p>\n<ul data-start=\"2346\" data-end=\"2540\">\n<li data-start=\"2346\" data-end=\"2399\">\n<p data-start=\"2348\" data-end=\"2399\">Zlep\u0161uje prokrven\u00ed poko\u017eky hlavy pro rychlej\u0161\u00ed r\u016fst vlas\u016f<\/p>\n<\/li>\n<li data-start=\"2400\" data-end=\"2456\">\n<p data-start=\"2402\" data-end=\"2456\">Opravuje po\u0161kozen\u00e9 vlasy zp\u016fsoben\u00e9 teplem a chemik\u00e1liemi<\/p>\n<\/li>\n<li data-start=\"2457\" data-end=\"2487\">\n<p data-start=\"2459\" data-end=\"2487\">Zabra\u0148uje p\u0159ed\u010dasn\u00e9mu \u0161ediv\u011bn\u00ed<\/p>\n<\/li>\n<li data-start=\"2488\" data-end=\"2540\">\n<p data-start=\"2490\" data-end=\"2540\">Zvy\u0161uje p\u0159irozen\u00fd lesk a posiluje vlasov\u00e9 folikuly<\/p>\n<\/li>\n<\/ul>\n<p data-start=\"2542\" data-end=\"2611\">Pou\u017e\u00edvejte jako masku nebo p\u0159enocn\u00ed k\u00faru pro viditelnou transformaci vlas\u016f.<\/p>\n<h3 data-start=\"2618\" data-end=\"2651\"> Bojuje proti st\u00e1rnut\u00ed a detoxikuje<\/h3>\n<p data-start=\"2653\" data-end=\"2724\">Sezamov\u00fd olej NAKAA zpomaluje st\u00e1rnut\u00ed poko\u017eky a podporuje vnit\u0159n\u00ed \u010di\u0161t\u011bn\u00ed:<\/p>\n<ul data-start=\"2726\" data-end=\"2928\">\n<li data-start=\"2726\" data-end=\"2782\">\n<p data-start=\"2728\" data-end=\"2782\">Bohat\u00fd na vitam\u00edn E a antioxidanty pro pevnou poko\u017eku<\/p>\n<\/li>\n<li data-start=\"2783\" data-end=\"2824\">\n<p data-start=\"2785\" data-end=\"2824\">Stimuluje kolagen pro mladistvou poko\u017eku<\/p>\n<\/li>\n<li data-start=\"2825\" data-end=\"2877\">\n<p data-start=\"2827\" data-end=\"2877\">Zlep\u0161uje krevn\u00ed ob\u011bh a eliminaci toxin\u016f<\/p>\n<\/li>\n<li data-start=\"2878\" data-end=\"2928\">\n<p data-start=\"2880\" data-end=\"2928\">Podporuje rovnov\u00e1hu cholesterolu a celkovou detoxikaci<\/p>\n<\/li>\n<\/ul>\n<p data-start=\"2930\" data-end=\"3002\">P\u0159idejte ho do stravy nebo nan\u00e1\u0161ejte na poko\u017eku pro z\u00e1\u0159iv\u00fd, energizovan\u00fd pocit.<\/p>\n<h3 data-start=\"3009\" data-end=\"3051\"> Jak pou\u017e\u00edvat p\u0159\u00edrodn\u00ed sezamov\u00fd olej NAKAA<\/h3>\n<ul data-start=\"3053\" data-end=\"3301\">\n<li data-start=\"3053\" data-end=\"3106\">\n<p data-start=\"3055\" data-end=\"3106\"><strong data-start=\"3055\" data-end=\"3068\">Pro kosti<\/strong>: Vezm\u011bte 1 l\u017e\u00edci \u00fastn\u011b ka\u017ed\u00fd den<\/p>\n<\/li>\n<li data-start=\"3107\" data-end=\"3174\">\n<p data-start=\"3109\" data-end=\"3174\"><strong data-start=\"3109\" data-end=\"3128\">Pro zdrav\u00ed \u00fast<\/strong>: Kloktejte 1 l\u017ei\u010dku 5\u201310 minut ka\u017ed\u00e9 r\u00e1no<\/p>\n<\/li>\n<li data-start=\"3175\" data-end=\"3240\">\n<p data-start=\"3177\" data-end=\"3240\"><strong data-start=\"3177\" data-end=\"3189\">Pro poko\u017eku<\/strong>: Nan\u00e1\u0161ejte p\u0159\u00edmo nebo sm\u00edchejte s obl\u00edben\u00fdm kr\u00e9mem<\/p>\n<\/li>\n<li data-start=\"3241\" data-end=\"3301\">\n<p data-start=\"3243\" data-end=\"3301\"><strong data-start=\"3243\" data-end=\"3255\">Pro vlasy<\/strong>: Vmas\u00edrujte do poko\u017eky hlavy a nechte p\u016fsobit p\u0159es noc<\/p>\n<\/li>\n<\/ul>\n<p data-start=\"3303\" data-end=\"3372\">Konzistence je kl\u00ed\u010dem \u2013 za\u010dle\u0148te ho do sv\u00e9 rutiny pro nejlep\u0161\u00ed v\u00fdsledky.<\/p>\n<h3 data-start=\"3853\" data-end=\"3899\">\ud83c\uddea\ud83c\uddec Vyrobeno v Egypt\u011b s p\u0159\u00edrodn\u00ed dokonalost\u00ed<\/h3>\n<p data-start=\"3901\" data-end=\"4046\">Ka\u017ed\u00e1 kapka sezamov\u00e9ho oleje NAKAA je vyrobena s p\u00e9\u010d\u00ed, s vyu\u017eit\u00edm <strong data-start=\"3956\" data-end=\"4008\">egyptsk\u00e9ho \u0159emesla a pr\u00e9miov\u00fdch semen<\/strong>, co\u017e zaji\u0161\u0165uje \u010distotu od farmy a\u017e do lahvi\u010dky.<\/p>\n<h3 data-start=\"4053\" data-end=\"4074\"> Z\u00e1v\u011bre\u010dn\u00e9 my\u0161lenky<\/h3>\n<p data-start=\"4076\" data-end=\"4368\">Va\u0161e zdrav\u00ed a kr\u00e1sa si zaslou\u017e\u00ed to nejlep\u0161\u00ed. <strong data-start=\"4122\" data-end=\"4150\">P\u0159\u00edrodn\u00ed sezamov\u00fd olej NAKAA<\/strong> nen\u00ed jen dal\u0161\u00ed produkt \u2013 je to <strong data-start=\"4184\" data-end=\"4247\">volba \u017eivotn\u00edho stylu zako\u0159en\u011bn\u00e1 v p\u0159\u00edrod\u011b, \u010distot\u011b a pohody<\/strong>. A\u0165 u\u017e hled\u00e1te z\u00e1\u0159iv\u00fd vzhled, siln\u011bj\u0161\u00ed vlasy nebo wellness boost, NAKAA je v\u00e1\u0161 d\u016fv\u011bryhodn\u00fd denn\u00ed spole\u010dn\u00edk.<\/p>\n<p data-start=\"4370\" data-end=\"4477\"><strong data-start=\"4373\" data-end=\"4431\">Objednejte nyn\u00ed a obj\u00edmte p\u0159\u00edrodn\u00ed s\u00edlu sezamov\u00e9ho oleje!<\/strong><br data-start=\"4431\" data-end=\"4434\" \/>Uvoln\u011bte kouzlo p\u0159\u00edrody \u2013 pouze s <strong data-start=\"4467\" data-end=\"4476\">NAKAA<\/strong>.<\/p>\n<p data-start=\"4370\" data-end=\"4477\">\ud83d\uded2 <em data-start=\"4487\" data-end=\"4571\" data-is-last-node=\"\">Prozkoumejte dal\u0161\u00ed p\u0159\u00edrodn\u00ed oleje v na\u0161\u00ed sb\u00edrce a pov\u00fd\u0161te svou p\u00e9\u010di o sebe je\u0161t\u011b dnes!<\/em><\/p>\n<p style=\"text-align: center;\">D\u011bkujeme za n\u00e1kup v <em data-start=\"415\" data-end=\"431\"><a href=\"https:\/\/bazaar.express\/\">Bazaar Express<\/a><\/em> \u2013 jsme nad\u0161en\u00ed, \u017ee jste tu!<\/p>\n<p style=\"text-align: center;\">C\u00edt\u00edte s\u00edlu p\u0159\u00edrody \u2014 \u010dist\u00e9 <a href=\"\/?p=34484\">Terapeutick\u00e9 oleje<\/a> pro ka\u017edodenn\u00ed wellness.<\/p>\n","protected":false},"excerpt":{"rendered":"<h3>P\u0159\u00edrodn\u00ed sezamov\u00fd olej NAKAA je \u010dist\u00fd olej lisovan\u00fd za studena, nabit\u00fd vitam\u00edny, miner\u00e1ly a esenci\u00e1ln\u00edmi mastn\u00fdmi kyselinami. Ide\u00e1ln\u00ed pro pos\u00edlen\u00ed kost\u00ed, zv\u00fd\u0161en\u00ed z\u00e1\u0159e poko\u017eky a podporu zdrav\u00fdch vlas\u016f. Univerz\u00e1ln\u00ed p\u0159\u00edrodn\u00ed \u0159e\u0161en\u00ed pro ka\u017edodenn\u00ed wellness. Vyrobeno v Egypt\u011b.<\/h3>\n","protected":false},"featured_media":36570,"comment_status":"open","ping_status":"closed","template":"","meta":[],"product_brand":[],"product_cat":[787,927,786],"product_tag":[781,783,793],"class_list":{"0":"post-36568","1":"product","2":"type-product","3":"status-publish","4":"has-post-thumbnail","6":"product_cat-terapeuticke-oleje","7":"product_cat-nakaa-prirodni-oleje","8":"product_cat-pece-o-krasu","9":"product_tag-olej","10":"product_tag-pece-o-plet","11":"product_tag-prirodni-olej","12":"pa_l-xl-1000ml","13":"pa_l-xl-500ml","15":"first","16":"instock","17":"sale","18":"shipping-taxable","19":"purchasable","20":"product-type-variable"},"_links":{"self":[{"href":"https:\/\/bazaar.express\/cs\/wp-json\/wp\/v2\/product\/36568","targetHints":{"allow":["GET"]}}],"collection":[{"href":"https:\/\/bazaar.express\/cs\/wp-json\/wp\/v2\/product"}],"about":[{"href":"https:\/\/bazaar.express\/cs\/wp-json\/wp\/v2\/types\/product"}],"replies":[{"embeddable":true,"href":"https:\/\/bazaar.express\/cs\/wp-json\/wp\/v2\/comments?post=36568"}],"wp:featuredmedia":[{"embeddable":true,"href":"https:\/\/bazaar.express\/cs\/wp-json\/wp\/v2\/media\/36570"}],"wp:attachment":[{"href":"https:\/\/bazaar.express\/cs\/wp-json\/wp\/v2\/media?parent=36568"}],"wp:term":[{"taxonomy":"product_brand","embeddable":true,"href":"https:\/\/bazaar.express\/cs\/wp-json\/wp\/v2\/product_brand?post=36568"},{"taxonomy":"product_cat","embeddable":true,"href":"https:\/\/bazaar.express\/cs\/wp-json\/wp\/v2\/product_cat?post=36568"},{"taxonomy":"product_tag","embeddable":true,"href":"https:\/\/bazaar.express\/cs\/wp-json\/wp\/v2\/product_tag?post=36568"}],"curies":[{"name":"wp","href":"https:\/\/api.w.org\/{rel}","templated":true}]}}